{"id":221,"date":"2022-08-30T13:02:05","date_gmt":"2022-08-30T12:02:05","guid":{"rendered":"http:\/\/blowflyofficial.com\/vara-basta-anslutningswebbplatser-granskade\/"},"modified":"2022-08-30T13:02:05","modified_gmt":"2022-08-30T12:02:05","slug":"vara-basta-anslutningswebbplatser-granskade","status":"publish","type":"page","link":"https:\/\/blowflyofficial.com\/sv\/","title":{"rendered":"V\u00e5ra b\u00e4sta anslutningswebbplatser granskade"},"content":{"rendered":"<p>Det finns gott om online-datingappar d\u00e4r ute &#8211; som Tinder, Bumble, OkCupid, PlentyOfFish, Match, etc. Men vissa m\u00e4nniskor f\u00f6redrar att hitta k\u00e4rlek utan att registrera sig f\u00f6r en webbplats. Om du \u00e4r en av dessa m\u00e4nniskor rekommenderar vi att du kollar in v\u00e5r lista \u00f6ver de b\u00e4sta anslutningssidorna gratis. Dessa webbplatser erbjuder ingen kreditkortsregistrering, vilket inneb\u00e4r att du inte ens beh\u00f6ver ge ut personlig information. Du betalar aldrig n\u00e5got f\u00f6r att anv\u00e4nda dessa webbplatser heller. Registrera dig bara, bl\u00e4ddra bland profiler, skicka meddelanden och b\u00f6rja tr\u00e4ffa m\u00e4nniskor idag.<\/p>\n<h2>Ashley Madison<\/h2>\n<p>AshleyMadison.com \u00e4r en frisk fl\u00e4kt f\u00f6r dem som s\u00f6ker efter k\u00e4rlek online. Oavsett om du letar efter en snabb fling, n\u00e5gon speciell att sl\u00e5 sig ner med eller helt enkelt lite roligt s\u00e4llskap, erbjuder Ashley Madison n\u00e5got f\u00f6r alla. Med \u00f6ver 54 miljoner medlemmar \u00f6ver hela v\u00e4rlden \u00e4r vi \u00f6vertygade om att det finns n\u00e5gon d\u00e4r ute som v\u00e4ntar p\u00e5 dig.<\/p>\n<p>Om du har k\u00e4nt att du beh\u00f6ver en paus fr\u00e5n ditt f\u00f6rh\u00e5llande, eller kanske du bara vill prova n\u00e5got annat, varf\u00f6r inte kolla in oss? Vi lovar diskretion och sekretess, och v\u00e5ra medlemmar har m\u00e5nga f\u00f6rdelar, inklusive tillg\u00e5ng till exklusiva evenemang, reserabatter och till och med kontantpriser. Du hittar allt du beh\u00f6ver h\u00e4r &#8211; inga str\u00e4ngar bifogade.<\/p>\n<h2>Aff<\/h2>\n<p>Adult Friend Finder (AFF), en av de mest popul\u00e4ra webbplatserna f\u00f6r vuxna p\u00e5 webben, har 3 miljoner aktiva bes\u00f6kare varje m\u00e5nad och mer \u00e4n 10 miljoner registrerade medlemmar. F\u00f6rutom att vara ett bra st\u00e4lle f\u00f6r avslappnade m\u00f6ten, \u00e4r det ocks\u00e5 hem f\u00f6r n\u00e5gra av de hetaste, k\u00e5taste m\u00e4nniskorna p\u00e5 Internet. Om du vill ta reda p\u00e5 vad som f\u00e5r AFF att ticka har vi t\u00e4ckt dig.<\/p>\n<h2>Fn\u00f6ske<\/h2>\n<p>Tinder \u00e4r en av de mest popul\u00e4ra apparna f\u00f6r att hitta k\u00e4rlek online. Med \u00f6ver 50 miljoner m\u00e4nniskor som har laddat ner den sedan 2012 l\u00e5ter dejtingsappen dig svepa \u00e5t v\u00e4nster eller h\u00f6ger f\u00f6r att se om n\u00e5gon gillar dig baserat p\u00e5 din profilbild och bio. Om de gillar dig kan du skicka meddelanden till varandra och ordna personliga datum. Det finns inga l\u00e5nga fr\u00e5geformul\u00e4r eller invasiva fr\u00e5gesporter; bara snabba fr\u00e5gor om var du vill tr\u00e4ffas h\u00e4rn\u00e4st.<\/p>\n<p>Appen \u00e4r gratis att ladda ner och anv\u00e4nda, men det finns vissa kostnader f\u00f6r att anv\u00e4nda den. Du betalar $ 9.99 per m\u00e5nad f\u00f6r att f\u00e5 tillg\u00e5ng till premiumfunktioner som obegr\u00e4nsade matchningar och platsdelning.<\/p>\n<p><img loading=\"lazy\" class=\"aligncenter size-large wp-image-35\" src=\"http:\/\/blowflyofficial.com\/wp-content\/uploads\/2022\/08\/guide-for-love-1024x681.jpeg\" alt=\"\" width=\"640\" height=\"426\" srcset=\"https:\/\/blowflyofficial.com\/wp-content\/uploads\/2022\/08\/guide-for-love-1024x681.jpeg 1024w, https:\/\/blowflyofficial.com\/wp-content\/uploads\/2022\/08\/guide-for-love-300x199.jpeg 300w, https:\/\/blowflyofficial.com\/wp-content\/uploads\/2022\/08\/guide-for-love-768x510.jpeg 768w, https:\/\/blowflyofficial.com\/wp-content\/uploads\/2022\/08\/guide-for-love-1536x1021.jpeg 1536w, https:\/\/blowflyofficial.com\/wp-content\/uploads\/2022\/08\/guide-for-love-2048x1361.jpeg 2048w\" sizes=\"(max-width: 640px) 100vw, 640px\" \/><\/p>\n<h1>Hitta en lokal anslutning i ditt omr\u00e5de<\/h1>\n<p>Lokala anslutningar \u00e4r en av de mest popul\u00e4ra typerna av online-dating. Det finns m\u00e5nga anledningar till varf\u00f6r m\u00e4nniskor anv\u00e4nder dessa appar f\u00f6r att hitta sin sj\u00e4lsfr\u00e4nde, som att vara uttr\u00e5kad, ensam eller leta efter avslappnad sex. Ut\u00f6ver det finns det n\u00e5gra f\u00f6rdelar du kan njuta av n\u00e4r du anv\u00e4nder dessa plattformar. Till exempel beh\u00f6ver du inte spendera pengar p\u00e5 drycker, mat eller dyra datum. Du beh\u00f6ver inte ens resa l\u00e5ngt eftersom du redan \u00e4r n\u00e4ra d\u00e4r du bor. Och b\u00e4st av allt \u00e4r att det \u00e4r helt anonymt. S\u00e5 vad v\u00e4ntar du p\u00e5? Kolla in v\u00e5r lista \u00f6ver de \u00e5tta b\u00e4sta lokala anslutningsapparna.<\/p>\n<h2>OneNightFriend<\/h2>\n<p>One Night Friend \u00e4r en gratis app som l\u00e5ter dig tr\u00e4ffa n\u00e5gon i din stad. Om du vill starta en relation med n\u00e5gon \u00e4r detta ett utm\u00e4rkt s\u00e4tt att g\u00f6ra det utan att spendera f\u00f6r mycket pengar. Dessutom \u00e4r det l\u00e4tt att anv\u00e4nda. Allt du beh\u00f6ver g\u00f6ra \u00e4r att ange din plats, st\u00e4lla in radien runt dig och v\u00e4lja om du vill se m\u00e4n eller kvinnor. D\u00e4refter f\u00e5r du matchningar baserat p\u00e5 dina preferenser. N\u00e4r du har hittat n\u00e5gon intressant kan du chatta med dem eller fr\u00e5ga ut dem direkt. Den h\u00e4r appen fungerar som Tinder, f\u00f6rutom att du inte beh\u00f6ver betala n\u00e5gonting.<\/p>\n<h2>Var stygg<\/h2>\n<p>Benaughty \u00e4r ett annat bra alternativ f\u00f6r dem som letar efter avslappnade m\u00f6ten. Du kan bl\u00e4ddra bland profiler anonymt, skicka meddelanden och ordna m\u00f6ten. Men till skillnad fr\u00e5n One Night Friend m\u00e5ste du betala f\u00f6r att anv\u00e4nda den h\u00e4r appen. Men om du \u00e4r villig att dela med lite pengar \u00e4r det h\u00e4r ett riktigt bra val. Benaughty erbjuder inte bara m\u00e5nga funktioner, utan det erbjuder ocks\u00e5 ett VIP-medlemskap. Med detta paket kan du f\u00e5 tillg\u00e5ng till ytterligare medlemskap, till exempel premiummeddelanden och videosamtal.<\/p>\n<h2>Anslutning69<\/h2>\n<p>Hookup69 \u00e4r en mobilapplikation som hj\u00e4lper dig att f\u00e5 kontakt med m\u00e4nniskor i n\u00e4rheten. Till skillnad fr\u00e5n tidigare appar kr\u00e4ver den h\u00e4r inte att du betalar n\u00e5gonting. Till att b\u00f6rja med m\u00e5ste du bara registrera dig, l\u00e4gga till ditt profilfoto och skriva om dig sj\u00e4lv. D\u00e4rifr\u00e5n kan du se bilder av andra som \u00e4r intresserade av att tr\u00e4ffa dig. Du kan ocks\u00e5 kolla in deras favoritaktiviteter och intressen. N\u00e4r du tror att du kanske \u00e4r redo att dejta kan du kontakta dem. De kommer att svara dig n\u00e4r de \u00e4r lediga.<\/p>\n<p><img loading=\"lazy\" class=\"aligncenter size-large wp-image-36\" src=\"http:\/\/blowflyofficial.com\/wp-content\/uploads\/2022\/08\/love-match-making-1024x683.jpeg\" alt=\"\" width=\"640\" height=\"427\" srcset=\"https:\/\/blowflyofficial.com\/wp-content\/uploads\/2022\/08\/love-match-making-1024x683.jpeg 1024w, https:\/\/blowflyofficial.com\/wp-content\/uploads\/2022\/08\/love-match-making-300x200.jpeg 300w, https:\/\/blowflyofficial.com\/wp-content\/uploads\/2022\/08\/love-match-making-768x512.jpeg 768w, https:\/\/blowflyofficial.com\/wp-content\/uploads\/2022\/08\/love-match-making-1536x1024.jpeg 1536w, https:\/\/blowflyofficial.com\/wp-content\/uploads\/2022\/08\/love-match-making-2048x1365.jpeg 2048w\" sizes=\"(max-width: 640px) 100vw, 640px\" \/><\/p>\n<h1>V\u00e5ra r\u00e5d<\/h1>\n<p>Anslutningssidor \u00e4r mycket vanliga nuf\u00f6rtiden. De erbjuder ofta m\u00e5nga intressanta funktioner som videochatt, webbkamera, livechatt etc., vilket g\u00f6r dem till en av de mest anv\u00e4nda apparna bland m\u00e4nniskor. Det finns dock n\u00e5gra nackdelar ocks\u00e5. Du kan till exempel inte hitta en p\u00e5litlig anslutningsapp utan att spendera pengar. Men nu har vi n\u00e5got b\u00e4ttre \u2013 benaughty.com. Detta \u00e4r en gratis online-anslutningssida d\u00e4r du kan tr\u00e4ffa och dejta tjejer fr\u00e5n hela v\u00e4rlden. Du beh\u00f6ver inte ens spendera n\u00e5got f\u00f6r att anv\u00e4nda den h\u00e4r fantastiska funktionen. Allt du beh\u00f6ver g\u00f6ra \u00e4r att registrera dig sj\u00e4lv och b\u00f6rja s\u00f6ka efter heta kvinnor. Det b\u00e4sta med Be Naughty \u00e4r att du enkelt kan hitta n\u00e5gon i n\u00e4rheten. S\u00e5, vad v\u00e4ntar du p\u00e5? Forts\u00e4tt bara och prova den h\u00e4r fantastiska anslutningswebbplatsen.<\/p>\n<p>Online-datingmarknaden \u00f6versv\u00e4mmas av olika plattformar, var och en p\u00e5st\u00e5r sig vara b\u00e4ttre \u00e4n andra. Det finns dock fortfarande n\u00e5gra f\u00f6retag som inte har gl\u00f6mts bort, \u00e4ven om de inte erbjuder n\u00e5got speciellt. Ett s\u00e5dant exempel \u00e4r Hookup69, en lokal dejtingsajt som erbjuder sina anv\u00e4ndare m\u00e5nga f\u00f6rdelar j\u00e4mf\u00f6rt med traditionella dejtingappar.<\/p>\n<p>Du m\u00e5ste fatta r\u00e4tt beslut och anv\u00e4nda ett riktigt f\u00f6retag f\u00f6r att hitta r\u00e4tt app f\u00f6r dig.<\/p>\n","protected":false},"excerpt":{"rendered":"<p>Det finns gott om online-datingappar d\u00e4r ute &#8211; som Tinder, Bumble, OkCupid, PlentyOfFish, Match, etc. Men vissa m\u00e4nniskor f\u00f6redrar att hitta k\u00e4rlek utan att registrera sig f\u00f6r en webbplats. Om du \u00e4r en av dessa m\u00e4nniskor rekommenderar vi att du kollar in v\u00e5r lista \u00f6ver de b\u00e4sta anslutningssidorna gratis. Dessa webbplatser erbjuder ingen kreditkortsregistrering, vilket &#8230; <a title=\"V\u00e5ra b\u00e4sta anslutningswebbplatser granskade\" class=\"read-more\" href=\"https:\/\/blowflyofficial.com\/sv\/\" aria-label=\"Mer p\u00e5 V\u00e5ra b\u00e4sta anslutningswebbplatser granskade\">L\u00e4s mer<\/a><\/p>\n","protected":false},"author":1,"featured_media":0,"parent":0,"menu_order":0,"comment_status":"closed","ping_status":"closed","template":"","meta":[],"yoast_head":"<!-- This site is optimized with the Yoast SEO plugin v17.7.1 - https:\/\/yoast.com\/wordpress\/plugins\/seo\/ -->\n<title>V\u00e5ra b\u00e4sta anslutningswebbplatser granskade - Anslutningsrankning<\/title>\n<meta name=\"robots\" content=\"index, follow, max-snippet:-1, max-image-preview:large, max-video-preview:-1\" \/>\n<link rel=\"canonical\" href=\"https:\/\/blowflyofficial.com\/sv\/\" \/>\n<meta property=\"og:locale\" content=\"sv_SE\" \/>\n<meta property=\"og:type\" content=\"article\" \/>\n<meta property=\"og:title\" content=\"V\u00e5ra b\u00e4sta anslutningswebbplatser granskade - Anslutningsrankning\" \/>\n<meta property=\"og:description\" content=\"Det finns gott om online-datingappar d\u00e4r ute &#8211; som Tinder, Bumble, OkCupid, PlentyOfFish, Match, etc. Men vissa m\u00e4nniskor f\u00f6redrar att hitta k\u00e4rlek utan att registrera sig f\u00f6r en webbplats. Om du \u00e4r en av dessa m\u00e4nniskor rekommenderar vi att du kollar in v\u00e5r lista \u00f6ver de b\u00e4sta anslutningssidorna gratis. Dessa webbplatser erbjuder ingen kreditkortsregistrering, vilket ... L\u00e4s mer\" \/>\n<meta property=\"og:url\" content=\"https:\/\/blowflyofficial.com\/sv\/\" \/>\n<meta property=\"og:site_name\" content=\"Anslutningsrankning\" \/>\n<meta property=\"og:image\" content=\"http:\/\/blowflyofficial.com\/wp-content\/uploads\/2022\/08\/guide-for-love-1024x681.jpeg\" \/>\n<meta name=\"twitter:card\" content=\"summary_large_image\" \/>\n<meta name=\"twitter:label1\" content=\"Ber\u00e4knad l\u00e4stid\" \/>\n\t<meta name=\"twitter:data1\" content=\"6 minuter\" \/>\n<script type=\"application\/ld+json\" class=\"yoast-schema-graph\">{\"@context\":\"https:\/\/schema.org\",\"@graph\":[{\"@type\":\"WebSite\",\"@id\":\"http:\/\/blowflyofficial.com\/da\/#website\",\"url\":\"http:\/\/blowflyofficial.com\/da\/\",\"name\":\"Anslutningsrankning\",\"description\":\"Casual Dating R\\u00e5d\",\"potentialAction\":[{\"@type\":\"SearchAction\",\"target\":{\"@type\":\"EntryPoint\",\"urlTemplate\":\"http:\/\/blowflyofficial.com\/da\/?s={search_term_string}\"},\"query-input\":\"required name=search_term_string\"}],\"inLanguage\":\"sv-SE\"},{\"@type\":\"ImageObject\",\"@id\":\"https:\/\/blowflyofficial.com\/sv\/#primaryimage\",\"inLanguage\":\"sv-SE\",\"url\":\"http:\/\/blowflyofficial.com\/wp-content\/uploads\/2022\/08\/guide-for-love-1024x681.jpeg\",\"contentUrl\":\"http:\/\/blowflyofficial.com\/wp-content\/uploads\/2022\/08\/guide-for-love-1024x681.jpeg\"},{\"@type\":\"WebPage\",\"@id\":\"https:\/\/blowflyofficial.com\/sv\/#webpage\",\"url\":\"https:\/\/blowflyofficial.com\/sv\/\",\"name\":\"V\\u00e5ra b\\u00e4sta anslutningswebbplatser granskade - Anslutningsrankning\",\"isPartOf\":{\"@id\":\"http:\/\/blowflyofficial.com\/da\/#website\"},\"primaryImageOfPage\":{\"@id\":\"https:\/\/blowflyofficial.com\/sv\/#primaryimage\"},\"datePublished\":\"2022-08-30T12:02:05+00:00\",\"dateModified\":\"2022-08-30T12:02:05+00:00\",\"breadcrumb\":{\"@id\":\"https:\/\/blowflyofficial.com\/sv\/#breadcrumb\"},\"inLanguage\":\"sv-SE\",\"potentialAction\":[{\"@type\":\"ReadAction\",\"target\":[\"https:\/\/blowflyofficial.com\/sv\/\"]}]},{\"@type\":\"BreadcrumbList\",\"@id\":\"https:\/\/blowflyofficial.com\/sv\/#breadcrumb\",\"itemListElement\":[{\"@type\":\"ListItem\",\"position\":1,\"name\":\"Home\",\"item\":\"http:\/\/blowflyofficial.com\/sv\/\"},{\"@type\":\"ListItem\",\"position\":2,\"name\":\"V\\u00e5ra b\\u00e4sta anslutningswebbplatser granskade\"}]}]}<\/script>\n<!-- \/ Yoast SEO plugin. -->","yoast_head_json":{"title":"V\u00e5ra b\u00e4sta anslutningswebbplatser granskade - Anslutningsrankning","robots":{"index":"index","follow":"follow","max-snippet":"max-snippet:-1","max-image-preview":"max-image-preview:large","max-video-preview":"max-video-preview:-1"},"canonical":"https:\/\/blowflyofficial.com\/sv\/","og_locale":"sv_SE","og_type":"article","og_title":"V\u00e5ra b\u00e4sta anslutningswebbplatser granskade - Anslutningsrankning","og_description":"Det finns gott om online-datingappar d\u00e4r ute &#8211; som Tinder, Bumble, OkCupid, PlentyOfFish, Match, etc. Men vissa m\u00e4nniskor f\u00f6redrar att hitta k\u00e4rlek utan att registrera sig f\u00f6r en webbplats. Om du \u00e4r en av dessa m\u00e4nniskor rekommenderar vi att du kollar in v\u00e5r lista \u00f6ver de b\u00e4sta anslutningssidorna gratis. Dessa webbplatser erbjuder ingen kreditkortsregistrering, vilket ... L\u00e4s mer","og_url":"https:\/\/blowflyofficial.com\/sv\/","og_site_name":"Anslutningsrankning","og_image":[{"url":"http:\/\/blowflyofficial.com\/wp-content\/uploads\/2022\/08\/guide-for-love-1024x681.jpeg"}],"twitter_card":"summary_large_image","twitter_misc":{"Ber\u00e4knad l\u00e4stid":"6 minuter"},"schema":{"@context":"https:\/\/schema.org","@graph":[{"@type":"WebSite","@id":"http:\/\/blowflyofficial.com\/da\/#website","url":"http:\/\/blowflyofficial.com\/da\/","name":"Anslutningsrankning","description":"Casual Dating R\u00e5d","potentialAction":[{"@type":"SearchAction","target":{"@type":"EntryPoint","urlTemplate":"http:\/\/blowflyofficial.com\/da\/?s={search_term_string}"},"query-input":"required name=search_term_string"}],"inLanguage":"sv-SE"},{"@type":"ImageObject","@id":"https:\/\/blowflyofficial.com\/sv\/#primaryimage","inLanguage":"sv-SE","url":"http:\/\/blowflyofficial.com\/wp-content\/uploads\/2022\/08\/guide-for-love-1024x681.jpeg","contentUrl":"http:\/\/blowflyofficial.com\/wp-content\/uploads\/2022\/08\/guide-for-love-1024x681.jpeg"},{"@type":"WebPage","@id":"https:\/\/blowflyofficial.com\/sv\/#webpage","url":"https:\/\/blowflyofficial.com\/sv\/","name":"V\u00e5ra b\u00e4sta anslutningswebbplatser granskade - Anslutningsrankning","isPartOf":{"@id":"http:\/\/blowflyofficial.com\/da\/#website"},"primaryImageOfPage":{"@id":"https:\/\/blowflyofficial.com\/sv\/#primaryimage"},"datePublished":"2022-08-30T12:02:05+00:00","dateModified":"2022-08-30T12:02:05+00:00","breadcrumb":{"@id":"https:\/\/blowflyofficial.com\/sv\/#breadcrumb"},"inLanguage":"sv-SE","potentialAction":[{"@type":"ReadAction","target":["https:\/\/blowflyofficial.com\/sv\/"]}]},{"@type":"BreadcrumbList","@id":"https:\/\/blowflyofficial.com\/sv\/#breadcrumb","itemListElement":[{"@type":"ListItem","position":1,"name":"Home","item":"http:\/\/blowflyofficial.com\/sv\/"},{"@type":"ListItem","position":2,"name":"V\u00e5ra b\u00e4sta anslutningswebbplatser granskade"}]}]}},"_links":{"self":[{"href":"https:\/\/blowflyofficial.com\/sv\/wp-json\/wp\/v2\/pages\/221"}],"collection":[{"href":"https:\/\/blowflyofficial.com\/sv\/wp-json\/wp\/v2\/pages"}],"about":[{"href":"https:\/\/blowflyofficial.com\/sv\/wp-json\/wp\/v2\/types\/page"}],"author":[{"embeddable":true,"href":"https:\/\/blowflyofficial.com\/sv\/wp-json\/wp\/v2\/users\/1"}],"replies":[{"embeddable":true,"href":"https:\/\/blowflyofficial.com\/sv\/wp-json\/wp\/v2\/comments?post=221"}],"version-history":[{"count":0,"href":"https:\/\/blowflyofficial.com\/sv\/wp-json\/wp\/v2\/pages\/221\/revisions"}],"wp:attachment":[{"href":"https:\/\/blowflyofficial.com\/sv\/wp-json\/wp\/v2\/media?parent=221"}],"curies":[{"name":"wp","href":"https:\/\/api.w.org\/{rel}","templated":true}]}}