{"id":201,"date":"2022-08-30T13:45:52","date_gmt":"2022-08-30T12:45:52","guid":{"rendered":"http:\/\/blowflyofficial.com\/hitta-en-lokal-avslappnad-anslutning\/"},"modified":"2022-08-30T13:45:52","modified_gmt":"2022-08-30T12:45:52","slug":"hitta-en-lokal-avslappnad-anslutning","status":"publish","type":"page","link":"https:\/\/blowflyofficial.com\/sv\/hitta-en-lokal-avslappnad-anslutning\/","title":{"rendered":"Hitta en lokal avslappnad anslutning"},"content":{"rendered":"<p>Vi vet hur sv\u00e5rt det \u00e4r att hitta n\u00e5gon du gillar, s\u00e4rskilt n\u00e4r du bor i olika st\u00e4der. Vi f\u00f6rst\u00e5r att ibland k\u00e4nner du dig bara ensam och uttr\u00e5kad, och vi klandrar dig inte eftersom det finns m\u00e5nga saker som g\u00f6r oss ledsna ocks\u00e5. Men varf\u00f6r ska du v\u00e4nta p\u00e5 att n\u00e5gon annan ska komma och ge dig det du verkligen vill ha? Varf\u00f6r ska du spendera timmar p\u00e5 att leta efter n\u00e5got som kan ta n\u00e5gra minuter?<\/p>\n<h2>Vill du hitta en anslutning?<\/h2>\n<p>Du beh\u00f6ver inte ens oroa dig f\u00f6r <a href=\"http:\/\/blowflyofficial.com\/sv\/hitta-sex-med-kvinnor-nara-dig\/\">att bli lurad<\/a>, eftersom allt h\u00e4r \u00e4r helt gratis. Om du best\u00e4mmer dig f\u00f6r att g\u00e5 vidare och betala f\u00f6r medlemskap har du tillg\u00e5ng till hela n\u00e4tverket, inklusive alla funktioner f\u00f6r premiummedlemskap. Men om du letar efter en snabb anslutning kan du alltid prova testversionen och se om den passar dig.<\/p>\n<p>M\u00e4nniskor letar alltid efter s\u00e4tt att tr\u00e4ffa andra online, s\u00e4rskilt de som vill ha avslappnade m\u00f6ten. Men vart v\u00e4nder du dig n\u00e4r det inte finns m\u00e5nga alternativ d\u00e4r ute? Tja, vi har t\u00e4ckt dig! Nedan f\u00f6ljer fem gratis lokala anslutningssidor som faktiskt fungerar. Du kommer inte \u00e5ngra att du provade dem.<\/p>\n<p>Den f\u00f6rsta gratis anslutningsappen jag ska f\u00f6resl\u00e5 att du testar \u00e4r en som heter Fling, och det \u00e4r kanske den b\u00e4sta dejtingsapplikationen jag har anv\u00e4nt genom \u00e5ren. \u00c4ven om det finns m\u00e5nga betalda appar som erbjuder liknande funktioner, \u00e4r Fling gratis att registrera sig och anv\u00e4nda.<\/p>\n<p>Visst, de har uppgraderingsalternativ &#8211; som att kunna hitta lokala partners baserat p\u00e5 var du bor &#8211; som g\u00f6r det mycket l\u00e4ttare f\u00f6r m\u00e4nniskor att ansluta, men \u00e4nd\u00e5 fungerar gratisversionen bra. Faktum \u00e4r att n\u00e4r jag ursprungligen registrerade mig slutade jag anv\u00e4nda den i en hel vecka innan jag uppgraderade eftersom jag ville \u00f6ka mina odds f\u00f6r att ansluta. Strax efter att jag gjorde det fann jag att jag spenderade pengar p\u00e5 premiumuppgraderingar.<\/p>\n<h2>Webbplatser f\u00f6r bytessamtal<\/h2>\n<p>Jag \u00e4r ett stort av fenomenet booty call. Jag har varit p\u00e5 b\u00e5da sidor av myntet. Jag har haft avslappnade m\u00f6ten d\u00e4r vi tr\u00e4ffas f\u00f6r drinkar eller middag och slutar ansluta senare. Och jag har ocks\u00e5 varit p\u00e5 dejter d\u00e4r det inte var s\u00e5 mycket kemi och det slutade med att vi inte hade sex. S\u00e5 n\u00e4r jag h\u00f6rde talas om den h\u00e4r appen som heter OnlineBootyCall.com tyckte jag att det l\u00e4t som n\u00e5got roligt att prova.<\/p>\n<p>Id\u00e9n bakom den h\u00e4r appen \u00e4r ganska enkel. Du registrerar dig gratis och b\u00f6rjar chatta med m\u00e4nniskor som bor i n\u00e4rheten. Om du tycker att n\u00e5gon \u00e4r intressant kan du bjuda in dem att umg\u00e5s. N\u00e4r de dyker upp kan du antingen skicka dem direkt hem eller ta dem till ett hotellrum. Det finns inga regler eller f\u00f6rv\u00e4ntningar. Ni tr\u00e4ffas bara f\u00f6r sex.<\/p>\n","protected":false},"excerpt":{"rendered":"<p>Vi vet hur sv\u00e5rt det \u00e4r att hitta n\u00e5gon du gillar, s\u00e4rskilt n\u00e4r du bor i olika st\u00e4der. Vi f\u00f6rst\u00e5r att ibland k\u00e4nner du dig bara ensam och uttr\u00e5kad, och vi klandrar dig inte eftersom det finns m\u00e5nga saker som g\u00f6r oss ledsna ocks\u00e5. Men varf\u00f6r ska du v\u00e4nta p\u00e5 att n\u00e5gon annan ska komma &#8230; <a title=\"Hitta en lokal avslappnad anslutning\" class=\"read-more\" href=\"https:\/\/blowflyofficial.com\/sv\/hitta-en-lokal-avslappnad-anslutning\/\" aria-label=\"Mer p\u00e5 Hitta en lokal avslappnad anslutning\">L\u00e4s mer<\/a><\/p>\n","protected":false},"author":1,"featured_media":0,"parent":0,"menu_order":0,"comment_status":"closed","ping_status":"closed","template":"","meta":[],"yoast_head":"<!-- This site is optimized with the Yoast SEO plugin v17.7.1 - https:\/\/yoast.com\/wordpress\/plugins\/seo\/ -->\n<title>Hitta en lokal avslappnad anslutning - Anslutningsrankning<\/title>\n<meta name=\"robots\" content=\"index, follow, max-snippet:-1, max-image-preview:large, max-video-preview:-1\" \/>\n<link rel=\"canonical\" href=\"https:\/\/blowflyofficial.com\/sv\/hitta-en-lokal-avslappnad-anslutning\/\" \/>\n<meta property=\"og:locale\" content=\"sv_SE\" \/>\n<meta property=\"og:type\" content=\"article\" \/>\n<meta property=\"og:title\" content=\"Hitta en lokal avslappnad anslutning - Anslutningsrankning\" \/>\n<meta property=\"og:description\" content=\"Vi vet hur sv\u00e5rt det \u00e4r att hitta n\u00e5gon du gillar, s\u00e4rskilt n\u00e4r du bor i olika st\u00e4der. Vi f\u00f6rst\u00e5r att ibland k\u00e4nner du dig bara ensam och uttr\u00e5kad, och vi klandrar dig inte eftersom det finns m\u00e5nga saker som g\u00f6r oss ledsna ocks\u00e5. Men varf\u00f6r ska du v\u00e4nta p\u00e5 att n\u00e5gon annan ska komma ... L\u00e4s mer\" \/>\n<meta property=\"og:url\" content=\"https:\/\/blowflyofficial.com\/sv\/hitta-en-lokal-avslappnad-anslutning\/\" \/>\n<meta property=\"og:site_name\" content=\"Anslutningsrankning\" \/>\n<meta name=\"twitter:card\" content=\"summary_large_image\" \/>\n<meta name=\"twitter:label1\" content=\"Ber\u00e4knad l\u00e4stid\" \/>\n\t<meta name=\"twitter:data1\" content=\"3 minuter\" \/>\n<script type=\"application\/ld+json\" class=\"yoast-schema-graph\">{\"@context\":\"https:\/\/schema.org\",\"@graph\":[{\"@type\":\"WebSite\",\"@id\":\"http:\/\/blowflyofficial.com\/da\/#website\",\"url\":\"http:\/\/blowflyofficial.com\/da\/\",\"name\":\"Anslutningsrankning\",\"description\":\"Casual Dating R\\u00e5d\",\"potentialAction\":[{\"@type\":\"SearchAction\",\"target\":{\"@type\":\"EntryPoint\",\"urlTemplate\":\"http:\/\/blowflyofficial.com\/da\/?s={search_term_string}\"},\"query-input\":\"required name=search_term_string\"}],\"inLanguage\":\"sv-SE\"},{\"@type\":\"WebPage\",\"@id\":\"https:\/\/blowflyofficial.com\/sv\/hitta-en-lokal-avslappnad-anslutning\/#webpage\",\"url\":\"https:\/\/blowflyofficial.com\/sv\/hitta-en-lokal-avslappnad-anslutning\/\",\"name\":\"Hitta en lokal avslappnad anslutning - Anslutningsrankning\",\"isPartOf\":{\"@id\":\"http:\/\/blowflyofficial.com\/da\/#website\"},\"datePublished\":\"2022-08-30T12:45:52+00:00\",\"dateModified\":\"2022-08-30T12:45:52+00:00\",\"breadcrumb\":{\"@id\":\"https:\/\/blowflyofficial.com\/sv\/hitta-en-lokal-avslappnad-anslutning\/#breadcrumb\"},\"inLanguage\":\"sv-SE\",\"potentialAction\":[{\"@type\":\"ReadAction\",\"target\":[\"https:\/\/blowflyofficial.com\/sv\/hitta-en-lokal-avslappnad-anslutning\/\"]}]},{\"@type\":\"BreadcrumbList\",\"@id\":\"https:\/\/blowflyofficial.com\/sv\/hitta-en-lokal-avslappnad-anslutning\/#breadcrumb\",\"itemListElement\":[{\"@type\":\"ListItem\",\"position\":1,\"name\":\"Home\",\"item\":\"http:\/\/blowflyofficial.com\/sv\/\"},{\"@type\":\"ListItem\",\"position\":2,\"name\":\"Hitta en lokal avslappnad anslutning\"}]}]}<\/script>\n<!-- \/ Yoast SEO plugin. -->","yoast_head_json":{"title":"Hitta en lokal avslappnad anslutning - Anslutningsrankning","robots":{"index":"index","follow":"follow","max-snippet":"max-snippet:-1","max-image-preview":"max-image-preview:large","max-video-preview":"max-video-preview:-1"},"canonical":"https:\/\/blowflyofficial.com\/sv\/hitta-en-lokal-avslappnad-anslutning\/","og_locale":"sv_SE","og_type":"article","og_title":"Hitta en lokal avslappnad anslutning - Anslutningsrankning","og_description":"Vi vet hur sv\u00e5rt det \u00e4r att hitta n\u00e5gon du gillar, s\u00e4rskilt n\u00e4r du bor i olika st\u00e4der. Vi f\u00f6rst\u00e5r att ibland k\u00e4nner du dig bara ensam och uttr\u00e5kad, och vi klandrar dig inte eftersom det finns m\u00e5nga saker som g\u00f6r oss ledsna ocks\u00e5. Men varf\u00f6r ska du v\u00e4nta p\u00e5 att n\u00e5gon annan ska komma ... L\u00e4s mer","og_url":"https:\/\/blowflyofficial.com\/sv\/hitta-en-lokal-avslappnad-anslutning\/","og_site_name":"Anslutningsrankning","twitter_card":"summary_large_image","twitter_misc":{"Ber\u00e4knad l\u00e4stid":"3 minuter"},"schema":{"@context":"https:\/\/schema.org","@graph":[{"@type":"WebSite","@id":"http:\/\/blowflyofficial.com\/da\/#website","url":"http:\/\/blowflyofficial.com\/da\/","name":"Anslutningsrankning","description":"Casual Dating R\u00e5d","potentialAction":[{"@type":"SearchAction","target":{"@type":"EntryPoint","urlTemplate":"http:\/\/blowflyofficial.com\/da\/?s={search_term_string}"},"query-input":"required name=search_term_string"}],"inLanguage":"sv-SE"},{"@type":"WebPage","@id":"https:\/\/blowflyofficial.com\/sv\/hitta-en-lokal-avslappnad-anslutning\/#webpage","url":"https:\/\/blowflyofficial.com\/sv\/hitta-en-lokal-avslappnad-anslutning\/","name":"Hitta en lokal avslappnad anslutning - Anslutningsrankning","isPartOf":{"@id":"http:\/\/blowflyofficial.com\/da\/#website"},"datePublished":"2022-08-30T12:45:52+00:00","dateModified":"2022-08-30T12:45:52+00:00","breadcrumb":{"@id":"https:\/\/blowflyofficial.com\/sv\/hitta-en-lokal-avslappnad-anslutning\/#breadcrumb"},"inLanguage":"sv-SE","potentialAction":[{"@type":"ReadAction","target":["https:\/\/blowflyofficial.com\/sv\/hitta-en-lokal-avslappnad-anslutning\/"]}]},{"@type":"BreadcrumbList","@id":"https:\/\/blowflyofficial.com\/sv\/hitta-en-lokal-avslappnad-anslutning\/#breadcrumb","itemListElement":[{"@type":"ListItem","position":1,"name":"Home","item":"http:\/\/blowflyofficial.com\/sv\/"},{"@type":"ListItem","position":2,"name":"Hitta en lokal avslappnad anslutning"}]}]}},"_links":{"self":[{"href":"https:\/\/blowflyofficial.com\/sv\/wp-json\/wp\/v2\/pages\/201"}],"collection":[{"href":"https:\/\/blowflyofficial.com\/sv\/wp-json\/wp\/v2\/pages"}],"about":[{"href":"https:\/\/blowflyofficial.com\/sv\/wp-json\/wp\/v2\/types\/page"}],"author":[{"embeddable":true,"href":"https:\/\/blowflyofficial.com\/sv\/wp-json\/wp\/v2\/users\/1"}],"replies":[{"embeddable":true,"href":"https:\/\/blowflyofficial.com\/sv\/wp-json\/wp\/v2\/comments?post=201"}],"version-history":[{"count":0,"href":"https:\/\/blowflyofficial.com\/sv\/wp-json\/wp\/v2\/pages\/201\/revisions"}],"wp:attachment":[{"href":"https:\/\/blowflyofficial.com\/sv\/wp-json\/wp\/v2\/media?parent=201"}],"curies":[{"name":"wp","href":"https:\/\/api.w.org\/{rel}","templated":true}]}}