{"id":197,"date":"2022-08-30T13:50:50","date_gmt":"2022-08-30T12:50:50","guid":{"rendered":"http:\/\/blowflyofficial.com\/letar-efter-sex\/"},"modified":"2022-08-30T13:50:50","modified_gmt":"2022-08-30T12:50:50","slug":"letar-efter-sex","status":"publish","type":"page","link":"https:\/\/blowflyofficial.com\/sv\/letar-efter-sex\/","title":{"rendered":"Letar efter sex"},"content":{"rendered":"<p>Letar du efter lite kul ikv\u00e4ll? D\u00e5 har du kommit r\u00e4tt. Vi \u00e4r h\u00e4r f\u00f6r att hj\u00e4lpa dig att hitta din perfekta avslappnade dejt f\u00f6r snabbisar och het-up kul. Oavsett om det bara \u00e4r middag och drinkar, eller n\u00e5got mer allvarligt, kommer vi s\u00e4kert att ha en match f\u00f6r dig. V\u00e5r webbplats \u00e4r helt gratis att anv\u00e4nda, och v\u00e5ra medlemmar letar alltid efter en bra tid. F\u00f6r att b\u00f6rja hitta n\u00e5gon speciell nu, bl\u00e4ddra bara i v\u00e5ra profiler och registrera dig idag.<\/p>\n<p>Enligt v\u00e5r mening finns det ingen anledning till varf\u00f6r du inte ska f\u00f6rs\u00f6ka hitta en partner lokalt. N\u00e4r allt kommer omkring <a href=\"http:\/\/blowflyofficial.com\/sv\/basta-dejtingsappar-for-att-hitta-nagot-allvarligt\/\">bor du i n\u00e4rheten<\/a>, du k\u00e4nner varandra v\u00e4l och du ser f\u00f6rmodligen redan varandra varje dag. Du kanske till och med tr\u00e4ffas f\u00f6r kaffe d\u00e5 och d\u00e5. Varf\u00f6r inte ge det en chans?<\/p>\n<h2>Hur man anv\u00e4nder dejtingsappar f\u00f6r bara sex<\/h2>\n<p>Det viktigaste att veta om dejtingappar \u00e4r att det finns olika typer av m\u00e4nniskor i v\u00e4rlden. Du kanske tror att du letar efter n\u00e5gon som dig sj\u00e4lv, men det visar sig att du faktiskt letar efter n\u00e5gon helt annan. Det finns tre huvudkategorier av m\u00e4nniskor online: de som vill ha avslappnad sex, de som vill ha l\u00e5ngsiktiga relationer och de som bara vill tr\u00e4ffa nya v\u00e4nner. S\u00e5 h\u00e4r h\u00e4mtar du kvinnor baserat p\u00e5 vilken typ av person du \u00e4r.<\/p>\n<h2>Tillf\u00e4lliga sexm\u00e4nniskor<\/h2>\n<p>Avslappnade sexm\u00e4nniskor bryr sig inte s\u00e5 mycket om utseende, men de bryr sig om personlighet. De \u00e4r vanligtvis l\u00e4ttsamma, \u00f6ppensinnade och tycker i allm\u00e4nhet om att tr\u00e4ffa nya m\u00e4nniskor. Om du letar efter en rolig utekv\u00e4ll utan f\u00f6rbeh\u00e5ll \u00e4r avslappnade sexm\u00e4nniskor f\u00f6rmodligen det b\u00e4sta valet f\u00f6r dig. Dessa killar \u00e4r inte riktigt engagerade, men de kommer definitivt att prova n\u00e5gonting en g\u00e5ng.<\/p>\n<h2>L\u00e5ngsiktiga relationer m\u00e4nniskor<\/h2>\n<p>L\u00e5ngsiktiga relationsm\u00e4nniskor \u00e4r motsatsen till tillf\u00e4lliga sexm\u00e4nniskor. De letar efter n\u00e5got seri\u00f6st och de vill ha en partner som de kan lita p\u00e5. Det \u00e4r d\u00e4rf\u00f6r m\u00e5nga av dem \u00e4r villiga att st\u00e5 ut med n\u00e5gra ganska oattraktiva drag hos m\u00e4n. Faktum \u00e4r att de ofta g\u00f6r allt f\u00f6r att hitta partners som \u00e4r snygga.<\/p>\n<h2>Tr\u00e4ffa nya v\u00e4nner<\/h2>\n<p>Att tr\u00e4ffa nya v\u00e4nner \u00e4r den minst vanliga gruppen, men de finns fortfarande d\u00e4r ute. De pratar vanligtvis g\u00e4rna med vem som helst, \u00e4ven fullst\u00e4ndiga fr\u00e4mlingar, eftersom de \u00e4lskar att tr\u00e4ffa nya m\u00e4nniskor. De \u00e4r vanligtvis v\u00e4nliga och ut\u00e5triktade, och de \u00e4r alltid intresserade av att h\u00f6ra andras ber\u00e4ttelser. De \u00e4r ocks\u00e5 fantastiska lyssnare, s\u00e5 om du n\u00e5gonsin k\u00e4nner dig ensam eller uttr\u00e5kad kan du lita p\u00e5 att de h\u00e5ller saker intressanta.<\/p>\n<h2>V\u00e5ra r\u00e5d<\/h2>\n<p>Dagens singlar \u00e4r k\u00e4nda f\u00f6r att vara \u00f6ppensinnade och flexibla n\u00e4r det g\u00e4ller fr\u00e5gor som sex. Det g\u00e4ller b\u00e5de kvinnor och m\u00e4n. Faktum \u00e4r att m\u00e5nga f\u00f6redrar att tr\u00e4ffa n\u00e5gon som \u00e4r villig att prova n\u00e5got nytt.<\/p>\n<p>Detta g\u00e4ller \u00e4nnu starkare f\u00f6r \u00e4ldre vuxna. M\u00e5nga av dem vill fortfarande uppleva lite kul under sin pension. Och \u00e4ven om det finns gott om mogna dejtingsajter inriktade p\u00e5 seniorer, tycker vi att lokala anslutningar ocks\u00e5 \u00e4r en bra id\u00e9.<\/p>\n","protected":false},"excerpt":{"rendered":"<p>Letar du efter lite kul ikv\u00e4ll? D\u00e5 har du kommit r\u00e4tt. Vi \u00e4r h\u00e4r f\u00f6r att hj\u00e4lpa dig att hitta din perfekta avslappnade dejt f\u00f6r snabbisar och het-up kul. Oavsett om det bara \u00e4r middag och drinkar, eller n\u00e5got mer allvarligt, kommer vi s\u00e4kert att ha en match f\u00f6r dig. V\u00e5r webbplats \u00e4r helt gratis &#8230; <a title=\"Letar efter sex\" class=\"read-more\" href=\"https:\/\/blowflyofficial.com\/sv\/letar-efter-sex\/\" aria-label=\"Mer p\u00e5 Letar efter sex\">L\u00e4s mer<\/a><\/p>\n","protected":false},"author":1,"featured_media":0,"parent":0,"menu_order":0,"comment_status":"closed","ping_status":"closed","template":"","meta":[],"yoast_head":"<!-- This site is optimized with the Yoast SEO plugin v17.7.1 - https:\/\/yoast.com\/wordpress\/plugins\/seo\/ -->\n<title>Letar efter sex - Anslutningsrankning<\/title>\n<meta name=\"robots\" content=\"index, follow, max-snippet:-1, max-image-preview:large, max-video-preview:-1\" \/>\n<link rel=\"canonical\" href=\"https:\/\/blowflyofficial.com\/sv\/letar-efter-sex\/\" \/>\n<meta property=\"og:locale\" content=\"sv_SE\" \/>\n<meta property=\"og:type\" content=\"article\" \/>\n<meta property=\"og:title\" content=\"Letar efter sex - Anslutningsrankning\" \/>\n<meta property=\"og:description\" content=\"Letar du efter lite kul ikv\u00e4ll? D\u00e5 har du kommit r\u00e4tt. Vi \u00e4r h\u00e4r f\u00f6r att hj\u00e4lpa dig att hitta din perfekta avslappnade dejt f\u00f6r snabbisar och het-up kul. Oavsett om det bara \u00e4r middag och drinkar, eller n\u00e5got mer allvarligt, kommer vi s\u00e4kert att ha en match f\u00f6r dig. V\u00e5r webbplats \u00e4r helt gratis ... L\u00e4s mer\" \/>\n<meta property=\"og:url\" content=\"https:\/\/blowflyofficial.com\/sv\/letar-efter-sex\/\" \/>\n<meta property=\"og:site_name\" content=\"Anslutningsrankning\" \/>\n<meta name=\"twitter:card\" content=\"summary_large_image\" \/>\n<meta name=\"twitter:label1\" content=\"Ber\u00e4knad l\u00e4stid\" \/>\n\t<meta name=\"twitter:data1\" content=\"3 minuter\" \/>\n<script type=\"application\/ld+json\" class=\"yoast-schema-graph\">{\"@context\":\"https:\/\/schema.org\",\"@graph\":[{\"@type\":\"WebSite\",\"@id\":\"http:\/\/blowflyofficial.com\/da\/#website\",\"url\":\"http:\/\/blowflyofficial.com\/da\/\",\"name\":\"Anslutningsrankning\",\"description\":\"Casual Dating R\\u00e5d\",\"potentialAction\":[{\"@type\":\"SearchAction\",\"target\":{\"@type\":\"EntryPoint\",\"urlTemplate\":\"http:\/\/blowflyofficial.com\/da\/?s={search_term_string}\"},\"query-input\":\"required name=search_term_string\"}],\"inLanguage\":\"sv-SE\"},{\"@type\":\"WebPage\",\"@id\":\"https:\/\/blowflyofficial.com\/sv\/letar-efter-sex\/#webpage\",\"url\":\"https:\/\/blowflyofficial.com\/sv\/letar-efter-sex\/\",\"name\":\"Letar efter sex - Anslutningsrankning\",\"isPartOf\":{\"@id\":\"http:\/\/blowflyofficial.com\/da\/#website\"},\"datePublished\":\"2022-08-30T12:50:50+00:00\",\"dateModified\":\"2022-08-30T12:50:50+00:00\",\"breadcrumb\":{\"@id\":\"https:\/\/blowflyofficial.com\/sv\/letar-efter-sex\/#breadcrumb\"},\"inLanguage\":\"sv-SE\",\"potentialAction\":[{\"@type\":\"ReadAction\",\"target\":[\"https:\/\/blowflyofficial.com\/sv\/letar-efter-sex\/\"]}]},{\"@type\":\"BreadcrumbList\",\"@id\":\"https:\/\/blowflyofficial.com\/sv\/letar-efter-sex\/#breadcrumb\",\"itemListElement\":[{\"@type\":\"ListItem\",\"position\":1,\"name\":\"Home\",\"item\":\"http:\/\/blowflyofficial.com\/sv\/\"},{\"@type\":\"ListItem\",\"position\":2,\"name\":\"Letar efter sex\"}]}]}<\/script>\n<!-- \/ Yoast SEO plugin. -->","yoast_head_json":{"title":"Letar efter sex - Anslutningsrankning","robots":{"index":"index","follow":"follow","max-snippet":"max-snippet:-1","max-image-preview":"max-image-preview:large","max-video-preview":"max-video-preview:-1"},"canonical":"https:\/\/blowflyofficial.com\/sv\/letar-efter-sex\/","og_locale":"sv_SE","og_type":"article","og_title":"Letar efter sex - Anslutningsrankning","og_description":"Letar du efter lite kul ikv\u00e4ll? D\u00e5 har du kommit r\u00e4tt. Vi \u00e4r h\u00e4r f\u00f6r att hj\u00e4lpa dig att hitta din perfekta avslappnade dejt f\u00f6r snabbisar och het-up kul. Oavsett om det bara \u00e4r middag och drinkar, eller n\u00e5got mer allvarligt, kommer vi s\u00e4kert att ha en match f\u00f6r dig. V\u00e5r webbplats \u00e4r helt gratis ... L\u00e4s mer","og_url":"https:\/\/blowflyofficial.com\/sv\/letar-efter-sex\/","og_site_name":"Anslutningsrankning","twitter_card":"summary_large_image","twitter_misc":{"Ber\u00e4knad l\u00e4stid":"3 minuter"},"schema":{"@context":"https:\/\/schema.org","@graph":[{"@type":"WebSite","@id":"http:\/\/blowflyofficial.com\/da\/#website","url":"http:\/\/blowflyofficial.com\/da\/","name":"Anslutningsrankning","description":"Casual Dating R\u00e5d","potentialAction":[{"@type":"SearchAction","target":{"@type":"EntryPoint","urlTemplate":"http:\/\/blowflyofficial.com\/da\/?s={search_term_string}"},"query-input":"required name=search_term_string"}],"inLanguage":"sv-SE"},{"@type":"WebPage","@id":"https:\/\/blowflyofficial.com\/sv\/letar-efter-sex\/#webpage","url":"https:\/\/blowflyofficial.com\/sv\/letar-efter-sex\/","name":"Letar efter sex - Anslutningsrankning","isPartOf":{"@id":"http:\/\/blowflyofficial.com\/da\/#website"},"datePublished":"2022-08-30T12:50:50+00:00","dateModified":"2022-08-30T12:50:50+00:00","breadcrumb":{"@id":"https:\/\/blowflyofficial.com\/sv\/letar-efter-sex\/#breadcrumb"},"inLanguage":"sv-SE","potentialAction":[{"@type":"ReadAction","target":["https:\/\/blowflyofficial.com\/sv\/letar-efter-sex\/"]}]},{"@type":"BreadcrumbList","@id":"https:\/\/blowflyofficial.com\/sv\/letar-efter-sex\/#breadcrumb","itemListElement":[{"@type":"ListItem","position":1,"name":"Home","item":"http:\/\/blowflyofficial.com\/sv\/"},{"@type":"ListItem","position":2,"name":"Letar efter sex"}]}]}},"_links":{"self":[{"href":"https:\/\/blowflyofficial.com\/sv\/wp-json\/wp\/v2\/pages\/197"}],"collection":[{"href":"https:\/\/blowflyofficial.com\/sv\/wp-json\/wp\/v2\/pages"}],"about":[{"href":"https:\/\/blowflyofficial.com\/sv\/wp-json\/wp\/v2\/types\/page"}],"author":[{"embeddable":true,"href":"https:\/\/blowflyofficial.com\/sv\/wp-json\/wp\/v2\/users\/1"}],"replies":[{"embeddable":true,"href":"https:\/\/blowflyofficial.com\/sv\/wp-json\/wp\/v2\/comments?post=197"}],"version-history":[{"count":0,"href":"https:\/\/blowflyofficial.com\/sv\/wp-json\/wp\/v2\/pages\/197\/revisions"}],"wp:attachment":[{"href":"https:\/\/blowflyofficial.com\/sv\/wp-json\/wp\/v2\/media?parent=197"}],"curies":[{"name":"wp","href":"https:\/\/api.w.org\/{rel}","templated":true}]}}