{"id":182,"date":"2022-08-30T13:54:35","date_gmt":"2022-08-30T12:54:35","guid":{"rendered":"http:\/\/blowflyofficial.com\/swapfinder-mot-easysex\/"},"modified":"2022-08-30T13:54:35","modified_gmt":"2022-08-30T12:54:35","slug":"swapfinder-mot-easysex","status":"publish","type":"page","link":"https:\/\/blowflyofficial.com\/sv\/swapfinder-mot-easysex\/","title":{"rendered":"SwapFinder mot EasySex"},"content":{"rendered":"<p>Online dating \u00e4r en av de saker som verkar ganska enkla: Du registrerar dig, fyller i n\u00e5gra fr\u00e5gor om dig sj\u00e4lv och v\u00e4ntar p\u00e5 att matcher ska rulla in. Men det \u00e4r faktiskt mycket mer inblandat \u00e4n s\u00e5.<\/p>\n<p>Det mest grundl\u00e4ggande s\u00e4ttet att hitta n\u00e5gon kompatibel \u00e4r att bara logga in p\u00e5 en app eller webbplats och bl\u00e4ddra bland profiler. Om du letar efter n\u00e5got allvarligt kan det ta ett tag. Och \u00e4ven om du lyckas hitta n\u00e5gon vet du fortfarande inte om de vill tr\u00e4ffa dig om du inte skickar ett meddelande till dem.<\/p>\n<p>F\u00f6r webbplatser som eHarmony, Match, PlentyOfFish, Zoosk, OkCupid och Tinder kan du tekniskt anv\u00e4nda deras gratisversioner f\u00f6r att titta runt och se vad som finns tillg\u00e4ngligt. Men det finns ocks\u00e5 m\u00e5nga betalda alternativ &#8211; s\u00e5dana som l\u00e5ter dig meddela potentiella datum och se vem som gillar dig.<\/p>\n<h2>Byt Finder<\/h2>\n<p>Om du letar efter en plats att <a href=\"http:\/\/blowflyofficial.com\/sv\/hitta-en-lokal-avslappnad-anslutning\/\">tr\u00e4ffa m\u00e4nniskor online<\/a> kan SwapFinder.com vara precis vad du har letat efter. Du f\u00f6rst\u00e5r, det h\u00e4r \u00e4r inte precis en dejtingsajt. Ist\u00e4llet \u00e4r det en gratis social n\u00e4tverkssajt d\u00e4r likasinnade individer samlas f\u00f6r att byta partner f\u00f6r en rolig natt. Och \u00e4ven om det finns gott om webbplatser d\u00e4r ute som tillgodoser specifikt sv\u00e4ngande par, st\u00e5r den h\u00e4r huvud och axlar \u00f6ver resten.<\/p>\n<p>Anledningen till det \u00e4r att SwapFinder.com \u00e4gs av samma f\u00f6retag som Adult Friend Finder, en av de mest popul\u00e4ra dejtingsajterna f\u00f6r vuxna i v\u00e4rlden. S\u00e5 om du vill hitta n\u00e5gon att ansluta till ikv\u00e4ll kommer du f\u00f6rmodligen att ha mycket st\u00f6rre framg\u00e5ng med att hitta n\u00e5gon h\u00e4r \u00e4n n\u00e5gon annanstans.<\/p>\n<h2>L\u00e4tt sex<\/h2>\n<p>Jag vet inte om dig, men jag gillar sex. Jo, jag \u00e4lskar sex. Jag tycker faktiskt att det \u00e4r ganska mycket den roligaste delen av livet. Och \u00e4ven om det finns gott om webbplatser d\u00e4r ute d\u00e4r du kan hitta anslutningar, ville jag ha n\u00e5got annat. N\u00e5got b\u00e4ttre. S\u00e5 jag anm\u00e4lde mig till EasySex.com.<\/p>\n<p>Id\u00e9n bakom EasySex \u00e4r enkel. Du registrerar dig gratis, laddar upp en profilbild, fyller i n\u00e5gra fr\u00e5gor och boomar &#8211; du \u00e4r redo att b\u00f6rja tr\u00e4ffa m\u00e4nniskor. Det finns inga avgifter, inga gimmicks och inget skitsnack. Bara riktiga m\u00e4nniskor som vill ha riktiga konversationer.<\/p>\n<p>S\u00e5 l\u00e5ngt \u00e4r allt bra. Men det som verkligen skiljer EasySex \u00e5t \u00e4r hur l\u00e4tt det \u00e4r att tr\u00e4ffa m\u00e4nniskor. Till skillnad fr\u00e5n andra webbplatser kr\u00e4ver EasySex inte att du betalar extra f\u00f6r att se vem som \u00e4r online. Ist\u00e4llet kan du bl\u00e4ddra bland profiler helt anonymt. Om du vill chatta med n\u00e5gon skriver du helt enkelt &#8221;Hej!&#8221; i textrutan bredvid deras foto, trycker p\u00e5 Skicka och voil\u00e0! Snabbmeddelanden b\u00f6rjar.<\/p>\n<p>Och det b\u00e4sta \u00e4r att n\u00e4r du v\u00e4l har best\u00e4mt dig f\u00f6r att g\u00e5 p\u00e5 ett datum finns det inga dolda kostnader. Allt du beh\u00f6ver g\u00f6ra \u00e4r att dyka upp. De flesta verkar tycka om att g\u00f6ra det.<\/p>\n<h1>Alternativ &#8211; Zoosk<\/h1>\n<p>Zoosk har funnits sedan 2004 och har \u00f6ver 25 miljoner medlemmar \u00f6ver hela v\u00e4rlden. Det lanserade nyligen en omdesignad app som g\u00f6r det m\u00f6jligt f\u00f6r anv\u00e4ndare att se potentiella matchningar baserat p\u00e5 likheter som plats, \u00e5lder, utbildningsniv\u00e5, jobbtyp etc.<\/p>\n<p>Appen kr\u00e4ver fortfarande att anv\u00e4ndare fyller i ett fr\u00e5geformul\u00e4r om sig sj\u00e4lva innan de kan se andras information. Detta fr\u00e5geformul\u00e4r inneh\u00e5ller \u00e5tta fr\u00e5gor som hj\u00e4lper Zoosk att avg\u00f6ra vilken typ av person du \u00e4r. Dessa fr\u00e5gor inkluderar &#8221;Vad tycker du om att g\u00f6ra?&#8221; och &#8221;F\u00f6redrar du att umg\u00e5s ensam eller med v\u00e4nner?&#8221;.<\/p>\n<p>Du kan hoppa \u00f6ver n\u00e5gra av fr\u00e5gorna, men du kan inte hoppa \u00f6ver personlighetsfr\u00e5gan. Du m\u00e5ste svara p\u00e5 alla fr\u00e5gor i sin helhet innan du kan g\u00e5 vidare till n\u00e4sta steg.<\/p>\n","protected":false},"excerpt":{"rendered":"<p>Online dating \u00e4r en av de saker som verkar ganska enkla: Du registrerar dig, fyller i n\u00e5gra fr\u00e5gor om dig sj\u00e4lv och v\u00e4ntar p\u00e5 att matcher ska rulla in. Men det \u00e4r faktiskt mycket mer inblandat \u00e4n s\u00e5. Det mest grundl\u00e4ggande s\u00e4ttet att hitta n\u00e5gon kompatibel \u00e4r att bara logga in p\u00e5 en app eller &#8230; <a title=\"SwapFinder mot EasySex\" class=\"read-more\" href=\"https:\/\/blowflyofficial.com\/sv\/swapfinder-mot-easysex\/\" aria-label=\"Mer p\u00e5 SwapFinder mot EasySex\">L\u00e4s mer<\/a><\/p>\n","protected":false},"author":1,"featured_media":0,"parent":0,"menu_order":0,"comment_status":"closed","ping_status":"closed","template":"","meta":[],"yoast_head":"<!-- This site is optimized with the Yoast SEO plugin v17.7.1 - https:\/\/yoast.com\/wordpress\/plugins\/seo\/ -->\n<title>SwapFinder mot EasySex - Anslutningsrankning<\/title>\n<meta name=\"robots\" content=\"index, follow, max-snippet:-1, max-image-preview:large, max-video-preview:-1\" \/>\n<link rel=\"canonical\" href=\"https:\/\/blowflyofficial.com\/sv\/swapfinder-mot-easysex\/\" \/>\n<meta property=\"og:locale\" content=\"sv_SE\" \/>\n<meta property=\"og:type\" content=\"article\" \/>\n<meta property=\"og:title\" content=\"SwapFinder mot EasySex - Anslutningsrankning\" \/>\n<meta property=\"og:description\" content=\"Online dating \u00e4r en av de saker som verkar ganska enkla: Du registrerar dig, fyller i n\u00e5gra fr\u00e5gor om dig sj\u00e4lv och v\u00e4ntar p\u00e5 att matcher ska rulla in. Men det \u00e4r faktiskt mycket mer inblandat \u00e4n s\u00e5. Det mest grundl\u00e4ggande s\u00e4ttet att hitta n\u00e5gon kompatibel \u00e4r att bara logga in p\u00e5 en app eller ... L\u00e4s mer\" \/>\n<meta property=\"og:url\" content=\"https:\/\/blowflyofficial.com\/sv\/swapfinder-mot-easysex\/\" \/>\n<meta property=\"og:site_name\" content=\"Anslutningsrankning\" \/>\n<meta name=\"twitter:card\" content=\"summary_large_image\" \/>\n<meta name=\"twitter:label1\" content=\"Ber\u00e4knad l\u00e4stid\" \/>\n\t<meta name=\"twitter:data1\" content=\"4 minuter\" \/>\n<script type=\"application\/ld+json\" class=\"yoast-schema-graph\">{\"@context\":\"https:\/\/schema.org\",\"@graph\":[{\"@type\":\"WebSite\",\"@id\":\"http:\/\/blowflyofficial.com\/da\/#website\",\"url\":\"http:\/\/blowflyofficial.com\/da\/\",\"name\":\"Anslutningsrankning\",\"description\":\"Casual Dating R\\u00e5d\",\"potentialAction\":[{\"@type\":\"SearchAction\",\"target\":{\"@type\":\"EntryPoint\",\"urlTemplate\":\"http:\/\/blowflyofficial.com\/da\/?s={search_term_string}\"},\"query-input\":\"required name=search_term_string\"}],\"inLanguage\":\"sv-SE\"},{\"@type\":\"WebPage\",\"@id\":\"https:\/\/blowflyofficial.com\/sv\/swapfinder-mot-easysex\/#webpage\",\"url\":\"https:\/\/blowflyofficial.com\/sv\/swapfinder-mot-easysex\/\",\"name\":\"SwapFinder mot EasySex - Anslutningsrankning\",\"isPartOf\":{\"@id\":\"http:\/\/blowflyofficial.com\/da\/#website\"},\"datePublished\":\"2022-08-30T12:54:35+00:00\",\"dateModified\":\"2022-08-30T12:54:35+00:00\",\"breadcrumb\":{\"@id\":\"https:\/\/blowflyofficial.com\/sv\/swapfinder-mot-easysex\/#breadcrumb\"},\"inLanguage\":\"sv-SE\",\"potentialAction\":[{\"@type\":\"ReadAction\",\"target\":[\"https:\/\/blowflyofficial.com\/sv\/swapfinder-mot-easysex\/\"]}]},{\"@type\":\"BreadcrumbList\",\"@id\":\"https:\/\/blowflyofficial.com\/sv\/swapfinder-mot-easysex\/#breadcrumb\",\"itemListElement\":[{\"@type\":\"ListItem\",\"position\":1,\"name\":\"Home\",\"item\":\"http:\/\/blowflyofficial.com\/sv\/\"},{\"@type\":\"ListItem\",\"position\":2,\"name\":\"SwapFinder mot EasySex\"}]}]}<\/script>\n<!-- \/ Yoast SEO plugin. -->","yoast_head_json":{"title":"SwapFinder mot EasySex - Anslutningsrankning","robots":{"index":"index","follow":"follow","max-snippet":"max-snippet:-1","max-image-preview":"max-image-preview:large","max-video-preview":"max-video-preview:-1"},"canonical":"https:\/\/blowflyofficial.com\/sv\/swapfinder-mot-easysex\/","og_locale":"sv_SE","og_type":"article","og_title":"SwapFinder mot EasySex - Anslutningsrankning","og_description":"Online dating \u00e4r en av de saker som verkar ganska enkla: Du registrerar dig, fyller i n\u00e5gra fr\u00e5gor om dig sj\u00e4lv och v\u00e4ntar p\u00e5 att matcher ska rulla in. Men det \u00e4r faktiskt mycket mer inblandat \u00e4n s\u00e5. Det mest grundl\u00e4ggande s\u00e4ttet att hitta n\u00e5gon kompatibel \u00e4r att bara logga in p\u00e5 en app eller ... L\u00e4s mer","og_url":"https:\/\/blowflyofficial.com\/sv\/swapfinder-mot-easysex\/","og_site_name":"Anslutningsrankning","twitter_card":"summary_large_image","twitter_misc":{"Ber\u00e4knad l\u00e4stid":"4 minuter"},"schema":{"@context":"https:\/\/schema.org","@graph":[{"@type":"WebSite","@id":"http:\/\/blowflyofficial.com\/da\/#website","url":"http:\/\/blowflyofficial.com\/da\/","name":"Anslutningsrankning","description":"Casual Dating R\u00e5d","potentialAction":[{"@type":"SearchAction","target":{"@type":"EntryPoint","urlTemplate":"http:\/\/blowflyofficial.com\/da\/?s={search_term_string}"},"query-input":"required name=search_term_string"}],"inLanguage":"sv-SE"},{"@type":"WebPage","@id":"https:\/\/blowflyofficial.com\/sv\/swapfinder-mot-easysex\/#webpage","url":"https:\/\/blowflyofficial.com\/sv\/swapfinder-mot-easysex\/","name":"SwapFinder mot EasySex - Anslutningsrankning","isPartOf":{"@id":"http:\/\/blowflyofficial.com\/da\/#website"},"datePublished":"2022-08-30T12:54:35+00:00","dateModified":"2022-08-30T12:54:35+00:00","breadcrumb":{"@id":"https:\/\/blowflyofficial.com\/sv\/swapfinder-mot-easysex\/#breadcrumb"},"inLanguage":"sv-SE","potentialAction":[{"@type":"ReadAction","target":["https:\/\/blowflyofficial.com\/sv\/swapfinder-mot-easysex\/"]}]},{"@type":"BreadcrumbList","@id":"https:\/\/blowflyofficial.com\/sv\/swapfinder-mot-easysex\/#breadcrumb","itemListElement":[{"@type":"ListItem","position":1,"name":"Home","item":"http:\/\/blowflyofficial.com\/sv\/"},{"@type":"ListItem","position":2,"name":"SwapFinder mot EasySex"}]}]}},"_links":{"self":[{"href":"https:\/\/blowflyofficial.com\/sv\/wp-json\/wp\/v2\/pages\/182"}],"collection":[{"href":"https:\/\/blowflyofficial.com\/sv\/wp-json\/wp\/v2\/pages"}],"about":[{"href":"https:\/\/blowflyofficial.com\/sv\/wp-json\/wp\/v2\/types\/page"}],"author":[{"embeddable":true,"href":"https:\/\/blowflyofficial.com\/sv\/wp-json\/wp\/v2\/users\/1"}],"replies":[{"embeddable":true,"href":"https:\/\/blowflyofficial.com\/sv\/wp-json\/wp\/v2\/comments?post=182"}],"version-history":[{"count":0,"href":"https:\/\/blowflyofficial.com\/sv\/wp-json\/wp\/v2\/pages\/182\/revisions"}],"wp:attachment":[{"href":"https:\/\/blowflyofficial.com\/sv\/wp-json\/wp\/v2\/media?parent=182"}],"curies":[{"name":"wp","href":"https:\/\/api.w.org\/{rel}","templated":true}]}}