{"id":169,"date":"2022-08-30T13:59:12","date_gmt":"2022-08-30T12:59:12","guid":{"rendered":"http:\/\/blowflyofficial.com\/basta-dejtingsappar-for-att-hitta-nagot-allvarligt\/"},"modified":"2022-08-30T13:59:12","modified_gmt":"2022-08-30T12:59:12","slug":"basta-dejtingsappar-for-att-hitta-nagot-allvarligt","status":"publish","type":"page","link":"https:\/\/blowflyofficial.com\/sv\/basta-dejtingsappar-for-att-hitta-nagot-allvarligt\/","title":{"rendered":"B\u00e4sta dejtingsappar f\u00f6r att hitta n\u00e5got allvarligt"},"content":{"rendered":"<p>Online dating webbplatser \u00e4r bra eftersom de \u00e4r gratis, anonyma och bekv\u00e4ma. De l\u00e5ter dig tr\u00e4ffa singlar som delar liknande intressen, v\u00e4rderingar och livsstilar. Men det finns ocks\u00e5 n\u00e5gra nackdelar. Online dating webbplatser \u00e4r inte perfekta. Vissa webbplatser \u00e4r fyllda med falska profiler, skr\u00e4ppostmeddelanden och bedragare. Andra kr\u00e4ver att anv\u00e4ndare betalar f\u00f6r att uppgradera medlemskap eller anv\u00e4nda premiumtj\u00e4nster.<\/p>\n<p>Som sagt, online dating webbplatser \u00e4r fortfarande v\u00e4rda att kolla in. Det finns m\u00e5nga olika typer av online dating webbplatser, inklusive matchmaking webbplatser, sociala n\u00e4tverk, och specialiserade dating webbplatser. Varje typ erbjuder sin egen unika upps\u00e4ttning f\u00f6rdelar.<\/p>\n<h2>Match.com<\/h2>\n<p>Match.com \u00e4r en av de mest popul\u00e4ra dejtingsajterna online, och det \u00e4r inte konstigt varf\u00f6r. Med <a href=\"http:\/\/blowflyofficial.com\/sv\/swapfinder-mot-easysex\/\">miljontals m\u00e4nniskor som s\u00f6ker efter k\u00e4rlek varje dag<\/a> \u00e4r det vettigt att det finns m\u00e5nga alternativ d\u00e4r ute f\u00f6r dem som vill hitta k\u00e4rlek. Men \u00e4ven om det har funnits i \u00f6ver 20 \u00e5r nu \u00e4r Match.com inte precis gratis. Det finns n\u00e5gra betalda funktioner som f\u00f6ljer med att registrera dig, som att skicka e-post och surfa p\u00e5 foton, men de riktiga pengarna kommer in n\u00e4r du best\u00e4mmer dig f\u00f6r att b\u00f6rja skicka meddelanden till medlemmar.<\/p>\n<p>Den grundl\u00e4ggande medlemsplanen kostar $ 29 per m\u00e5nad, medan Premium-paketet b\u00f6rjar p\u00e5 $ 49 \/ m\u00e5nad. B\u00e5da dessa planer inkluderar tillg\u00e5ng till hela webbplatsen, inklusive m\u00f6jligheten att bl\u00e4ddra bland medlemsprofiler, skicka meddelanden, visa foton och mycket mer. Men om du faktiskt vill kommunicera med potentiella matchningar m\u00e5ste du uppgradera till antingen guldpaketet ($ 79 \/ mo) eller Platinum-paketet ($ 199 \/ mo). Dessa paket erbjuder ytterligare funktioner, som obegr\u00e4nsade chattlinjer, videochattar och gruppchattar. Om du verkligen vill g\u00e5 ut kan du spendera s\u00e5 lite som $ 99 \/ m\u00e5nad p\u00e5 Diamond-paketet, som inkluderar allt som ing\u00e5r i Platinum-paketet plus m\u00f6jligheten att se vem som tittade p\u00e5 din profil.<\/p>\n<h2>OKCupid<\/h2>\n<p>Online dating v\u00e4rlden f\u00f6r\u00e4ndras snabbt. Och OkCupid vill hj\u00e4lpa till att h\u00e4nga med i tiden. P\u00e5 torsdagen meddelade den popul\u00e4ra dejtingsajten att den hade startat om hela sitt produktsortiment under ett paraply som heter OKCupid.<\/p>\n<p>Nu erbjuder webbplatsen tre olika prenumerationsalternativ: Basic ($ 19 per m\u00e5nad), Plus ($ 39 per m\u00e5nad) och Premium ($ 59 per m\u00e5nad). F\u00f6r $ 19 per m\u00e5nad kan du komma \u00e5t de grundl\u00e4ggande funktionerna p\u00e5 webbplatsen, inklusive att bl\u00e4ddra bland medlemmarnas foton, skicka meddelanden och l\u00e4sa svar. Dessutom f\u00e5r du aviseringar n\u00e4r n\u00e5gon svarar p\u00e5 dig, skickar ett meddelande till dig eller l\u00e4gger till dig i sitt n\u00e4tverk. Om du v\u00e4ljer att uppgradera till Plus-planen f\u00e5r du tillg\u00e5ng till ytterligare funktioner, som att kunna skicka flera meddelanden samtidigt, visa fullst\u00e4ndiga medlemsprofiler och l\u00e4sa meddelanden utan att beh\u00f6va rulla ner. Slutligen l\u00e5ter Premium-paketet dig svara direkt p\u00e5 meddelanden som skickas till dig, samt skriva personliga anteckningar till dina matchningar.<\/p>\n<h2>V\u00e5r Tid<\/h2>\n<p>Id\u00e9n bakom OurTime \u00e4r enkel. Vi vill hj\u00e4lpa m\u00e4nniskor att hitta k\u00e4rlek, v\u00e4nskap, s\u00e4llskap och kanske till och med \u00e4ktenskap. Och vi vill g\u00f6ra det utan att beh\u00f6va sl\u00f6sa timmar p\u00e5 timmar p\u00e5 att fylla i tr\u00e5kiga onlineformul\u00e4r. S\u00e5 vi byggde en webbplats d\u00e4r alla \u00f6ver 50 \u00e5r kan l\u00e4gga upp en profil, ladda upp foton, l\u00e4gga till videor, skriva om sig sj\u00e4lva, svara p\u00e5 fr\u00e5gor och f\u00e5 kontakt med andra.<\/p>\n<p>Vi vet att det kr\u00e4vs arbete f\u00f6r att hitta n\u00e5gon speciell, oavsett om det \u00e4r via v\u00e4nner, familj eller dejtingsajter online. Men vi tycker att alla f\u00f6rtj\u00e4nar chansen att tr\u00e4ffa n\u00e5gon stor \u2013 oavsett hur hektiskt livet blir. Och vi vet att ibland att bli \u00e4ldre inte betyder att du f\u00f6rlorar din f\u00f6rm\u00e5ga att hitta sann lycka. Faktum \u00e4r att vissa studier visar att m\u00e4nniskor i 40- och 50-\u00e5rs\u00e5ldern faktiskt \u00e4r lyckligare \u00e4n de i 20- och 30-\u00e5rs\u00e5ldern.<\/p>\n<p>Men medan miljontals amerikaner redan njuter av f\u00f6rdelarna med att vara en del av &#8221;silvergenerationen&#8221;, inser inte tillr\u00e4ckligt m\u00e5nga m\u00e4nniskor hur mycket b\u00e4ttre de kan ha det. Enligt Pew Research Center har n\u00e4stan h\u00e4lften av amerikanska vuxna aldrig varit gifta, och bland dem som \u00e4r gifta s\u00e4ger f\u00e4rre \u00e4n h\u00e4lften av paren att de n\u00e5gonsin har diskuterat vad som h\u00e4nder efter d\u00f6den.<\/p>\n<p>S\u00e5 varf\u00f6r anv\u00e4nder inte fler m\u00e4nniskor OurTime f\u00f6r att hitta varaktiga relationer? Det visar sig att m\u00e5nga inte \u00e4r intresserade av att tr\u00e4ffa n\u00e5gon annan eftersom de antar att de kommer att hamna ensamma. De oroar sig f\u00f6r att de inte kommer att kunna locka en partner, eller att de kommer att hamna i bos\u00e4ttning med n\u00e5gon som \u00e4r mindre attraktiv \u00e4n de \u00e4r.<\/p>\n<h1>V\u00e5ra r\u00e5d till dig<\/h1>\n<p>Matchmaking-webbplatser \u00e4r utformade f\u00f6r att hj\u00e4lpa dig att hitta kompatibla partners baserat p\u00e5 delade intressen och personlighetsdrag. Sociala n\u00e4tverkssajter \u00e4r idealiska f\u00f6r att tr\u00e4ffa v\u00e4nner och skapa kontakter. Specialiserade dejtingsajter tillgodoser specifika grupper, till exempel de som \u00e4r intresserade av att hitta k\u00e4rlek bland skilda f\u00f6r\u00e4ldrar, homosexuella m\u00e4n eller ensamst\u00e5ende mammor.<\/p>\n<p>Det finns f\u00f6rdelar och nackdelar med varje typ av webbplats. Matchmaking-webbplatser tenderar att vara dyra, men de erbjuder b\u00e4ttre integritet \u00e4n de flesta andra alternativ. Sociala n\u00e4tverkssajter \u00e4r gratis, men de saknar den personliga touchen av matchmaking-webbplatser. Och specialiserade dejtingsajter \u00e4r vanligtvis billigare \u00e4n matchmaking-webbplatser, men de kanske inte inneh\u00e5ller funktioner som finns p\u00e5 andra webbplatser.<\/p>\n<p>Oavsett vilket alternativ som fungerar b\u00e4st f\u00f6r dig, kom ih\u00e5g att online dating webbplatser inte \u00e4r perfekta. S\u00e5 dra nytta av dem, men ha ett \u00f6ppet sinne n\u00e4r du s\u00f6ker efter k\u00e4rlek.<\/p>\n","protected":false},"excerpt":{"rendered":"<p>Online dating webbplatser \u00e4r bra eftersom de \u00e4r gratis, anonyma och bekv\u00e4ma. De l\u00e5ter dig tr\u00e4ffa singlar som delar liknande intressen, v\u00e4rderingar och livsstilar. Men det finns ocks\u00e5 n\u00e5gra nackdelar. Online dating webbplatser \u00e4r inte perfekta. Vissa webbplatser \u00e4r fyllda med falska profiler, skr\u00e4ppostmeddelanden och bedragare. Andra kr\u00e4ver att anv\u00e4ndare betalar f\u00f6r att uppgradera medlemskap &#8230; <a title=\"B\u00e4sta dejtingsappar f\u00f6r att hitta n\u00e5got allvarligt\" class=\"read-more\" href=\"https:\/\/blowflyofficial.com\/sv\/basta-dejtingsappar-for-att-hitta-nagot-allvarligt\/\" aria-label=\"Mer p\u00e5 B\u00e4sta dejtingsappar f\u00f6r att hitta n\u00e5got allvarligt\">L\u00e4s mer<\/a><\/p>\n","protected":false},"author":1,"featured_media":0,"parent":0,"menu_order":0,"comment_status":"closed","ping_status":"closed","template":"","meta":[],"yoast_head":"<!-- This site is optimized with the Yoast SEO plugin v17.7.1 - https:\/\/yoast.com\/wordpress\/plugins\/seo\/ -->\n<title>B\u00e4sta dejtingsappar f\u00f6r att hitta n\u00e5got allvarligt - Anslutningsrankning<\/title>\n<meta name=\"robots\" content=\"index, follow, max-snippet:-1, max-image-preview:large, max-video-preview:-1\" \/>\n<link rel=\"canonical\" href=\"https:\/\/blowflyofficial.com\/sv\/basta-dejtingsappar-for-att-hitta-nagot-allvarligt\/\" \/>\n<meta property=\"og:locale\" content=\"sv_SE\" \/>\n<meta property=\"og:type\" content=\"article\" \/>\n<meta property=\"og:title\" content=\"B\u00e4sta dejtingsappar f\u00f6r att hitta n\u00e5got allvarligt - Anslutningsrankning\" \/>\n<meta property=\"og:description\" content=\"Online dating webbplatser \u00e4r bra eftersom de \u00e4r gratis, anonyma och bekv\u00e4ma. De l\u00e5ter dig tr\u00e4ffa singlar som delar liknande intressen, v\u00e4rderingar och livsstilar. Men det finns ocks\u00e5 n\u00e5gra nackdelar. Online dating webbplatser \u00e4r inte perfekta. Vissa webbplatser \u00e4r fyllda med falska profiler, skr\u00e4ppostmeddelanden och bedragare. Andra kr\u00e4ver att anv\u00e4ndare betalar f\u00f6r att uppgradera medlemskap ... L\u00e4s mer\" \/>\n<meta property=\"og:url\" content=\"https:\/\/blowflyofficial.com\/sv\/basta-dejtingsappar-for-att-hitta-nagot-allvarligt\/\" \/>\n<meta property=\"og:site_name\" content=\"Anslutningsrankning\" \/>\n<meta name=\"twitter:card\" content=\"summary_large_image\" \/>\n<meta name=\"twitter:label1\" content=\"Ber\u00e4knad l\u00e4stid\" \/>\n\t<meta name=\"twitter:data1\" content=\"5 minuter\" \/>\n<script type=\"application\/ld+json\" class=\"yoast-schema-graph\">{\"@context\":\"https:\/\/schema.org\",\"@graph\":[{\"@type\":\"WebSite\",\"@id\":\"http:\/\/blowflyofficial.com\/da\/#website\",\"url\":\"http:\/\/blowflyofficial.com\/da\/\",\"name\":\"Anslutningsrankning\",\"description\":\"Casual Dating R\\u00e5d\",\"potentialAction\":[{\"@type\":\"SearchAction\",\"target\":{\"@type\":\"EntryPoint\",\"urlTemplate\":\"http:\/\/blowflyofficial.com\/da\/?s={search_term_string}\"},\"query-input\":\"required name=search_term_string\"}],\"inLanguage\":\"sv-SE\"},{\"@type\":\"WebPage\",\"@id\":\"https:\/\/blowflyofficial.com\/sv\/basta-dejtingsappar-for-att-hitta-nagot-allvarligt\/#webpage\",\"url\":\"https:\/\/blowflyofficial.com\/sv\/basta-dejtingsappar-for-att-hitta-nagot-allvarligt\/\",\"name\":\"B\\u00e4sta dejtingsappar f\\u00f6r att hitta n\\u00e5got allvarligt - Anslutningsrankning\",\"isPartOf\":{\"@id\":\"http:\/\/blowflyofficial.com\/da\/#website\"},\"datePublished\":\"2022-08-30T12:59:12+00:00\",\"dateModified\":\"2022-08-30T12:59:12+00:00\",\"breadcrumb\":{\"@id\":\"https:\/\/blowflyofficial.com\/sv\/basta-dejtingsappar-for-att-hitta-nagot-allvarligt\/#breadcrumb\"},\"inLanguage\":\"sv-SE\",\"potentialAction\":[{\"@type\":\"ReadAction\",\"target\":[\"https:\/\/blowflyofficial.com\/sv\/basta-dejtingsappar-for-att-hitta-nagot-allvarligt\/\"]}]},{\"@type\":\"BreadcrumbList\",\"@id\":\"https:\/\/blowflyofficial.com\/sv\/basta-dejtingsappar-for-att-hitta-nagot-allvarligt\/#breadcrumb\",\"itemListElement\":[{\"@type\":\"ListItem\",\"position\":1,\"name\":\"Home\",\"item\":\"http:\/\/blowflyofficial.com\/sv\/\"},{\"@type\":\"ListItem\",\"position\":2,\"name\":\"B\\u00e4sta dejtingsappar f\\u00f6r att hitta n\\u00e5got allvarligt\"}]}]}<\/script>\n<!-- \/ Yoast SEO plugin. -->","yoast_head_json":{"title":"B\u00e4sta dejtingsappar f\u00f6r att hitta n\u00e5got allvarligt - Anslutningsrankning","robots":{"index":"index","follow":"follow","max-snippet":"max-snippet:-1","max-image-preview":"max-image-preview:large","max-video-preview":"max-video-preview:-1"},"canonical":"https:\/\/blowflyofficial.com\/sv\/basta-dejtingsappar-for-att-hitta-nagot-allvarligt\/","og_locale":"sv_SE","og_type":"article","og_title":"B\u00e4sta dejtingsappar f\u00f6r att hitta n\u00e5got allvarligt - Anslutningsrankning","og_description":"Online dating webbplatser \u00e4r bra eftersom de \u00e4r gratis, anonyma och bekv\u00e4ma. De l\u00e5ter dig tr\u00e4ffa singlar som delar liknande intressen, v\u00e4rderingar och livsstilar. Men det finns ocks\u00e5 n\u00e5gra nackdelar. Online dating webbplatser \u00e4r inte perfekta. Vissa webbplatser \u00e4r fyllda med falska profiler, skr\u00e4ppostmeddelanden och bedragare. Andra kr\u00e4ver att anv\u00e4ndare betalar f\u00f6r att uppgradera medlemskap ... L\u00e4s mer","og_url":"https:\/\/blowflyofficial.com\/sv\/basta-dejtingsappar-for-att-hitta-nagot-allvarligt\/","og_site_name":"Anslutningsrankning","twitter_card":"summary_large_image","twitter_misc":{"Ber\u00e4knad l\u00e4stid":"5 minuter"},"schema":{"@context":"https:\/\/schema.org","@graph":[{"@type":"WebSite","@id":"http:\/\/blowflyofficial.com\/da\/#website","url":"http:\/\/blowflyofficial.com\/da\/","name":"Anslutningsrankning","description":"Casual Dating R\u00e5d","potentialAction":[{"@type":"SearchAction","target":{"@type":"EntryPoint","urlTemplate":"http:\/\/blowflyofficial.com\/da\/?s={search_term_string}"},"query-input":"required name=search_term_string"}],"inLanguage":"sv-SE"},{"@type":"WebPage","@id":"https:\/\/blowflyofficial.com\/sv\/basta-dejtingsappar-for-att-hitta-nagot-allvarligt\/#webpage","url":"https:\/\/blowflyofficial.com\/sv\/basta-dejtingsappar-for-att-hitta-nagot-allvarligt\/","name":"B\u00e4sta dejtingsappar f\u00f6r att hitta n\u00e5got allvarligt - Anslutningsrankning","isPartOf":{"@id":"http:\/\/blowflyofficial.com\/da\/#website"},"datePublished":"2022-08-30T12:59:12+00:00","dateModified":"2022-08-30T12:59:12+00:00","breadcrumb":{"@id":"https:\/\/blowflyofficial.com\/sv\/basta-dejtingsappar-for-att-hitta-nagot-allvarligt\/#breadcrumb"},"inLanguage":"sv-SE","potentialAction":[{"@type":"ReadAction","target":["https:\/\/blowflyofficial.com\/sv\/basta-dejtingsappar-for-att-hitta-nagot-allvarligt\/"]}]},{"@type":"BreadcrumbList","@id":"https:\/\/blowflyofficial.com\/sv\/basta-dejtingsappar-for-att-hitta-nagot-allvarligt\/#breadcrumb","itemListElement":[{"@type":"ListItem","position":1,"name":"Home","item":"http:\/\/blowflyofficial.com\/sv\/"},{"@type":"ListItem","position":2,"name":"B\u00e4sta dejtingsappar f\u00f6r att hitta n\u00e5got allvarligt"}]}]}},"_links":{"self":[{"href":"https:\/\/blowflyofficial.com\/sv\/wp-json\/wp\/v2\/pages\/169"}],"collection":[{"href":"https:\/\/blowflyofficial.com\/sv\/wp-json\/wp\/v2\/pages"}],"about":[{"href":"https:\/\/blowflyofficial.com\/sv\/wp-json\/wp\/v2\/types\/page"}],"author":[{"embeddable":true,"href":"https:\/\/blowflyofficial.com\/sv\/wp-json\/wp\/v2\/users\/1"}],"replies":[{"embeddable":true,"href":"https:\/\/blowflyofficial.com\/sv\/wp-json\/wp\/v2\/comments?post=169"}],"version-history":[{"count":0,"href":"https:\/\/blowflyofficial.com\/sv\/wp-json\/wp\/v2\/pages\/169\/revisions"}],"wp:attachment":[{"href":"https:\/\/blowflyofficial.com\/sv\/wp-json\/wp\/v2\/media?parent=169"}],"curies":[{"name":"wp","href":"https:\/\/api.w.org\/{rel}","templated":true}]}}