{"id":144,"date":"2022-08-30T14:15:19","date_gmt":"2022-08-30T13:15:19","guid":{"rendered":"http:\/\/blowflyofficial.com\/casual-swinger-dejting-webbplatser\/"},"modified":"2022-08-30T14:15:19","modified_gmt":"2022-08-30T13:15:19","slug":"casual-swinger-dejting-webbplatser","status":"publish","type":"page","link":"https:\/\/blowflyofficial.com\/sv\/casual-swinger-dejting-webbplatser\/","title":{"rendered":"Casual Swinger Dejting Webbplatser"},"content":{"rendered":"<p>Det b\u00e4sta s\u00e4ttet att tr\u00e4ffa m\u00e4nniskor som \u00e4r intresserade av att sv\u00e4nga \u00e4r att g\u00e5 med p\u00e5 en swinger dejtingsajt. Det finns m\u00e5nga alternativ d\u00e4r ute, inklusive n\u00e5gra betalda, men vi fann att majoriteten av de b\u00e4sta webbplatserna \u00e4r gratis. Dessa webbplatser tillgodoser specifikt dem som letar efter par, trekanter och fyrkanter. De tenderar ocks\u00e5 att vara mycket diskreta om vad de g\u00f6r, s\u00e5 att medlemmarna kan kommunicera utan r\u00e4dsla f\u00f6r att fastna.<\/p>\n<p>Vi testade olika webbplatser baserat p\u00e5 hur v\u00e4l de <a href=\"http:\/\/blowflyofficial.com\/sv\/hitta-en-milf-i-ditt-omrade\/\">matchade<\/a> v\u00e5ra kriterier f\u00f6r att hitta lokala swingers. Vi tittade p\u00e5 saker som antalet st\u00e4der som omfattas, m\u00e4ngden tillg\u00e4nglig information och om det var m\u00f6jligt att sortera profiler efter plats. Vi tog ocks\u00e5 h\u00e4nsyn till om webbplatsen hade en mobilapp, samt om den var l\u00e4tt att navigera och f\u00f6rst\u00e5.<\/p>\n<p>Sv\u00e4ngv\u00e4rlden \u00e4r inte l\u00e4tt. Det finns regler, f\u00f6rordningar och f\u00f6rv\u00e4ntningar att f\u00f6lja. Men oroa dig inte &#8211; du beh\u00f6ver inte g\u00e5 ensam. Vi har sammanst\u00e4llt en lista \u00f6ver de b\u00e4sta swingersidorna, inklusive recensioner och betyg. Dessutom visar vi dig hur du anv\u00e4nder webbplatsen f\u00f6r att hitta lokala swingers n\u00e4ra dig.<\/p>\n<p>Vi ville hitta de b\u00e4sta swinger dejtingsajterna eftersom det finns s\u00e5 m\u00e5nga alternativ d\u00e4r ute. V\u00e5rt m\u00e5l var att g\u00f6ra det enkelt f\u00f6r alla som vill g\u00e5 med p\u00e5 en swinger-webbplats att v\u00e4lja en baserat p\u00e5 kriterierna ovan. S\u00e5 vi gick direkt till k\u00e4llan och fr\u00e5gade riktiga m\u00e4nniskor: &#8221;Vilken swingersida anv\u00e4nder du oftast? Varf\u00f6r? Vilken fungerar b\u00e4st f\u00f6r dig?<\/p>\n<h2>Var kan man komma ig\u00e5ng?<\/h2>\n<p>Unders\u00f6kningen genomf\u00f6rdes under en och en halv m\u00e5nad. Vi skickade e-postmeddelanden till tusentals aktiva swingers och bad dem att delta i v\u00e5r studie. Efter att ha f\u00e5tt hundratals svar begr\u00e4nsade vi listan till de 10 b\u00e4sta webbplatserna och valde vinnarna baserat p\u00e5 de insamlade uppgifterna.<\/p>\n<h3>Aff<\/h3>\n<p>Adult Friend Finder \u00e4r fortfarande den st\u00f6rsta swingerwebbplatsen som finns. Webbplatsen har \u00f6ver 10 miljoner registrerade medlemmar och det \u00e4r l\u00e4tt att se varf\u00f6r. Med ett s\u00e5 stort antal medlemmar finns det gott om m\u00f6jligheter att f\u00e5 kontakt med andra som letar efter sv\u00e4ngande upplevelser.<\/p>\n<p>Det b\u00e4sta med AFFCommunity.com \u00e4r att det \u00e4r v\u00e4ldigt aktivt. Det finns m\u00e5nga s\u00e4tt att interagera med andra medlemmar. Du kan g\u00e5 med i grupper baserat p\u00e5 specifika intressen som BDSM, polyamori och till och med fetischer. Dessa grupper l\u00e5ter dig prata om vad du vill g\u00f6ra och hur mycket du vill g\u00f6ra det. Du kan ocks\u00e5 anv\u00e4nda forumen f\u00f6r att st\u00e4lla fr\u00e5gor och f\u00e5 r\u00e5d fr\u00e5n andra medlemmar.<\/p>\n<h3>Swappar<\/h3>\n<p>Swaps \u00e4r ett annat bra alternativ f\u00f6r att hitta en partner. Denna webbplats l\u00e5ter dig bl\u00e4ddra bland profiler f\u00f6r personer som vill byta. Du kan filtrera dina s\u00f6kningar efter \u00e5lder, k\u00f6n, plats och sexuell l\u00e4ggning. N\u00e4r du har hittat n\u00e5gon du vill tr\u00e4ffa kan du skicka meddelanden direkt fr\u00e5n profilen. Om du inte h\u00f6r av dig inom 24 timmar kan du skicka meddelandet igen.<\/p>\n<h3>Kasidie<\/h3>\n<p>Kasidie.com \u00e4r ett av de mest popul\u00e4ra alternativen f\u00f6r dem som vill utforska sv\u00e4ngning. De erbjuder m\u00e5nga olika aktiviteter inklusive fester, gruppsex och rollspel. Denna webbplats erbjuder ocks\u00e5 live webbkamerasessioner d\u00e4r du kan se m\u00e4nniskor utf\u00f6ra handlingar tillsammans.<\/p>\n<h3>Alt<\/h3>\n<p>Om du letar efter lite extra sp\u00e4nning, kolla in Alt.com. Denna webbplats har sexiga foton av modeller som \u00e4r villiga att utf\u00f6ra vissa handlingar. Tjejerna kl\u00e4r av sig helt nakna och visar upp sina kroppar. N\u00e5gra av bilderna har onani medan andra har uttryckligt hardcore sex.<\/p>\n<p>Det finns m\u00e5nga f\u00f6rdelar med att g\u00e5 med p\u00e5 en swinger-webbplats. F\u00f6r det f\u00f6rsta ger det dig tillg\u00e5ng till en enorm pool av potentiella partners. F\u00f6r det andra ger det dig en chans att prova n\u00e5got du annars aldrig skulle uppleva. F\u00f6r det tredje ger det en s\u00e4ker milj\u00f6 f\u00f6r att utforska dina fantasier. Slutligen hj\u00e4lper det dig att undvika att fastna och prata smutsigt online.<\/p>\n","protected":false},"excerpt":{"rendered":"<p>Det b\u00e4sta s\u00e4ttet att tr\u00e4ffa m\u00e4nniskor som \u00e4r intresserade av att sv\u00e4nga \u00e4r att g\u00e5 med p\u00e5 en swinger dejtingsajt. Det finns m\u00e5nga alternativ d\u00e4r ute, inklusive n\u00e5gra betalda, men vi fann att majoriteten av de b\u00e4sta webbplatserna \u00e4r gratis. Dessa webbplatser tillgodoser specifikt dem som letar efter par, trekanter och fyrkanter. De tenderar ocks\u00e5 &#8230; <a title=\"Casual Swinger Dejting Webbplatser\" class=\"read-more\" href=\"https:\/\/blowflyofficial.com\/sv\/casual-swinger-dejting-webbplatser\/\" aria-label=\"Mer p\u00e5 Casual Swinger Dejting Webbplatser\">L\u00e4s mer<\/a><\/p>\n","protected":false},"author":1,"featured_media":0,"parent":0,"menu_order":0,"comment_status":"closed","ping_status":"closed","template":"","meta":[],"yoast_head":"<!-- This site is optimized with the Yoast SEO plugin v17.7.1 - https:\/\/yoast.com\/wordpress\/plugins\/seo\/ -->\n<title>Casual Swinger Dejting Webbplatser - Anslutningsrankning<\/title>\n<meta name=\"robots\" content=\"index, follow, max-snippet:-1, max-image-preview:large, max-video-preview:-1\" \/>\n<link rel=\"canonical\" href=\"https:\/\/blowflyofficial.com\/sv\/casual-swinger-dejting-webbplatser\/\" \/>\n<meta property=\"og:locale\" content=\"sv_SE\" \/>\n<meta property=\"og:type\" content=\"article\" \/>\n<meta property=\"og:title\" content=\"Casual Swinger Dejting Webbplatser - Anslutningsrankning\" \/>\n<meta property=\"og:description\" content=\"Det b\u00e4sta s\u00e4ttet att tr\u00e4ffa m\u00e4nniskor som \u00e4r intresserade av att sv\u00e4nga \u00e4r att g\u00e5 med p\u00e5 en swinger dejtingsajt. Det finns m\u00e5nga alternativ d\u00e4r ute, inklusive n\u00e5gra betalda, men vi fann att majoriteten av de b\u00e4sta webbplatserna \u00e4r gratis. Dessa webbplatser tillgodoser specifikt dem som letar efter par, trekanter och fyrkanter. De tenderar ocks\u00e5 ... L\u00e4s mer\" \/>\n<meta property=\"og:url\" content=\"https:\/\/blowflyofficial.com\/sv\/casual-swinger-dejting-webbplatser\/\" \/>\n<meta property=\"og:site_name\" content=\"Anslutningsrankning\" \/>\n<meta name=\"twitter:card\" content=\"summary_large_image\" \/>\n<meta name=\"twitter:label1\" content=\"Ber\u00e4knad l\u00e4stid\" \/>\n\t<meta name=\"twitter:data1\" content=\"4 minuter\" \/>\n<script type=\"application\/ld+json\" class=\"yoast-schema-graph\">{\"@context\":\"https:\/\/schema.org\",\"@graph\":[{\"@type\":\"WebSite\",\"@id\":\"http:\/\/blowflyofficial.com\/da\/#website\",\"url\":\"http:\/\/blowflyofficial.com\/da\/\",\"name\":\"Anslutningsrankning\",\"description\":\"Casual Dating R\\u00e5d\",\"potentialAction\":[{\"@type\":\"SearchAction\",\"target\":{\"@type\":\"EntryPoint\",\"urlTemplate\":\"http:\/\/blowflyofficial.com\/da\/?s={search_term_string}\"},\"query-input\":\"required name=search_term_string\"}],\"inLanguage\":\"sv-SE\"},{\"@type\":\"WebPage\",\"@id\":\"https:\/\/blowflyofficial.com\/sv\/casual-swinger-dejting-webbplatser\/#webpage\",\"url\":\"https:\/\/blowflyofficial.com\/sv\/casual-swinger-dejting-webbplatser\/\",\"name\":\"Casual Swinger Dejting Webbplatser - Anslutningsrankning\",\"isPartOf\":{\"@id\":\"http:\/\/blowflyofficial.com\/da\/#website\"},\"datePublished\":\"2022-08-30T13:15:19+00:00\",\"dateModified\":\"2022-08-30T13:15:19+00:00\",\"breadcrumb\":{\"@id\":\"https:\/\/blowflyofficial.com\/sv\/casual-swinger-dejting-webbplatser\/#breadcrumb\"},\"inLanguage\":\"sv-SE\",\"potentialAction\":[{\"@type\":\"ReadAction\",\"target\":[\"https:\/\/blowflyofficial.com\/sv\/casual-swinger-dejting-webbplatser\/\"]}]},{\"@type\":\"BreadcrumbList\",\"@id\":\"https:\/\/blowflyofficial.com\/sv\/casual-swinger-dejting-webbplatser\/#breadcrumb\",\"itemListElement\":[{\"@type\":\"ListItem\",\"position\":1,\"name\":\"Home\",\"item\":\"http:\/\/blowflyofficial.com\/sv\/\"},{\"@type\":\"ListItem\",\"position\":2,\"name\":\"Casual Swinger Dejting Webbplatser\"}]}]}<\/script>\n<!-- \/ Yoast SEO plugin. -->","yoast_head_json":{"title":"Casual Swinger Dejting Webbplatser - Anslutningsrankning","robots":{"index":"index","follow":"follow","max-snippet":"max-snippet:-1","max-image-preview":"max-image-preview:large","max-video-preview":"max-video-preview:-1"},"canonical":"https:\/\/blowflyofficial.com\/sv\/casual-swinger-dejting-webbplatser\/","og_locale":"sv_SE","og_type":"article","og_title":"Casual Swinger Dejting Webbplatser - Anslutningsrankning","og_description":"Det b\u00e4sta s\u00e4ttet att tr\u00e4ffa m\u00e4nniskor som \u00e4r intresserade av att sv\u00e4nga \u00e4r att g\u00e5 med p\u00e5 en swinger dejtingsajt. Det finns m\u00e5nga alternativ d\u00e4r ute, inklusive n\u00e5gra betalda, men vi fann att majoriteten av de b\u00e4sta webbplatserna \u00e4r gratis. Dessa webbplatser tillgodoser specifikt dem som letar efter par, trekanter och fyrkanter. De tenderar ocks\u00e5 ... L\u00e4s mer","og_url":"https:\/\/blowflyofficial.com\/sv\/casual-swinger-dejting-webbplatser\/","og_site_name":"Anslutningsrankning","twitter_card":"summary_large_image","twitter_misc":{"Ber\u00e4knad l\u00e4stid":"4 minuter"},"schema":{"@context":"https:\/\/schema.org","@graph":[{"@type":"WebSite","@id":"http:\/\/blowflyofficial.com\/da\/#website","url":"http:\/\/blowflyofficial.com\/da\/","name":"Anslutningsrankning","description":"Casual Dating R\u00e5d","potentialAction":[{"@type":"SearchAction","target":{"@type":"EntryPoint","urlTemplate":"http:\/\/blowflyofficial.com\/da\/?s={search_term_string}"},"query-input":"required name=search_term_string"}],"inLanguage":"sv-SE"},{"@type":"WebPage","@id":"https:\/\/blowflyofficial.com\/sv\/casual-swinger-dejting-webbplatser\/#webpage","url":"https:\/\/blowflyofficial.com\/sv\/casual-swinger-dejting-webbplatser\/","name":"Casual Swinger Dejting Webbplatser - Anslutningsrankning","isPartOf":{"@id":"http:\/\/blowflyofficial.com\/da\/#website"},"datePublished":"2022-08-30T13:15:19+00:00","dateModified":"2022-08-30T13:15:19+00:00","breadcrumb":{"@id":"https:\/\/blowflyofficial.com\/sv\/casual-swinger-dejting-webbplatser\/#breadcrumb"},"inLanguage":"sv-SE","potentialAction":[{"@type":"ReadAction","target":["https:\/\/blowflyofficial.com\/sv\/casual-swinger-dejting-webbplatser\/"]}]},{"@type":"BreadcrumbList","@id":"https:\/\/blowflyofficial.com\/sv\/casual-swinger-dejting-webbplatser\/#breadcrumb","itemListElement":[{"@type":"ListItem","position":1,"name":"Home","item":"http:\/\/blowflyofficial.com\/sv\/"},{"@type":"ListItem","position":2,"name":"Casual Swinger Dejting Webbplatser"}]}]}},"_links":{"self":[{"href":"https:\/\/blowflyofficial.com\/sv\/wp-json\/wp\/v2\/pages\/144"}],"collection":[{"href":"https:\/\/blowflyofficial.com\/sv\/wp-json\/wp\/v2\/pages"}],"about":[{"href":"https:\/\/blowflyofficial.com\/sv\/wp-json\/wp\/v2\/types\/page"}],"author":[{"embeddable":true,"href":"https:\/\/blowflyofficial.com\/sv\/wp-json\/wp\/v2\/users\/1"}],"replies":[{"embeddable":true,"href":"https:\/\/blowflyofficial.com\/sv\/wp-json\/wp\/v2\/comments?post=144"}],"version-history":[{"count":0,"href":"https:\/\/blowflyofficial.com\/sv\/wp-json\/wp\/v2\/pages\/144\/revisions"}],"wp:attachment":[{"href":"https:\/\/blowflyofficial.com\/sv\/wp-json\/wp\/v2\/media?parent=144"}],"curies":[{"name":"wp","href":"https:\/\/api.w.org\/{rel}","templated":true}]}}