{"id":136,"date":"2022-08-30T14:17:26","date_gmt":"2022-08-30T13:17:26","guid":{"rendered":"http:\/\/blowflyofficial.com\/hitta-ett-nattduksbord\/"},"modified":"2022-08-30T14:17:26","modified_gmt":"2022-08-30T13:17:26","slug":"hitta-ett-nattduksbord","status":"publish","type":"page","link":"https:\/\/blowflyofficial.com\/sv\/hitta-ett-nattduksbord\/","title":{"rendered":"Hitta ett nattduksbord"},"content":{"rendered":"<p>Om du vill dra ett one night stand med kvinnor kr\u00e4vs det lite f\u00f6rberedelser och strategi. Du g\u00e5r inte bara fram till en kvinna och fr\u00e5gar henne vad hon vill. Om du g\u00f6r det kommer du f\u00f6rmodligen att bli avvisad. Det finns vissa saker du beh\u00f6ver veta om kvinnor innan du n\u00e4rmar dig dem. H\u00e4r \u00e4r stegen du m\u00e5ste ta f\u00f6r att dra ett one night stands med kvinnor.<\/p>\n<h2>V\u00e5ra tips f\u00f6r att hitta n\u00e5got avslappnat<\/h2>\n<p>M\u00e5nga tror att tillf\u00e4lligt sex bara handlar om att l\u00e4gga sig utan att oroa sig f\u00f6r n\u00e5got annat. Men det finns m\u00e5nga saker att t\u00e4nka p\u00e5 ut\u00f6ver sj\u00e4lva den fysiska handlingen. Det finns risker som kan p\u00e5verka b\u00e5da parter. Och \u00e4ven om ingen av personerna k\u00e4nner att de pressas till att g\u00f6ra n\u00e5got de inte vill, finns det fortfarande s\u00e4tt att se till att alla \u00e4r bekv\u00e4ma.<\/p>\n<h3>K\u00e4nn dig sj\u00e4lv f\u00f6rst<\/h3>\n<p>Det viktigaste du beh\u00f6ver g\u00f6ra innan du drar ett one night stand med en kvinna \u00e4r att f\u00f6rst\u00e5 dig sj\u00e4lv. Vad f\u00e5r dig att kryssa? Varf\u00f6r reagerar du som du g\u00f6r? Hur fungerar din hj\u00e4rna? Dessa fr\u00e5gor hj\u00e4lper dig att ta reda p\u00e5 varf\u00f6r du agerar som du g\u00f6r. N\u00e4r du har svarat p\u00e5 dessa fr\u00e5gor \u00e4r du redo att g\u00e5 vidare.<\/p>\n<h3>Var \u00e4rlig om dina avsikter<\/h3>\n<p>D\u00e4refter m\u00e5ste du se till att du ber\u00e4ttar sanningen om dina avsikter. Ljug inte f\u00f6r dig sj\u00e4lv eller f\u00f6r andra. Ber\u00e4tta sanningen om hur du k\u00e4nner och vad du vill. Om du s\u00e4ger n\u00e5got i stil med &#8221;Jag letar efter n\u00e5gon speciell&#8221; kanske du befinner dig ensam n\u00e4sta morgon. Om du \u00e4r \u00e4rlig beh\u00f6ver du inte oroa dig f\u00f6r att bli avvisad.<\/p>\n<h3>St\u00e4ll fr\u00e5gor<\/h3>\n<p>N\u00e4r man tr\u00e4ffar m\u00e4nniskor brukar man prata med dem. N\u00e4r du tr\u00e4ffar kvinnor b\u00f6rjar du vanligtvis prata med dem. Men det finns ingen anledning att g\u00e5 rakt in i samtalet. Anv\u00e4nd ist\u00e4llet sm\u00e5prat f\u00f6r att l\u00e4ra dig om personen. St\u00e4ll \u00f6ppna fr\u00e5gor. Till exempel &#8221;Vad g\u00f6r du?&#8221; &#8221;Var v\u00e4xte du upp?&#8221; &#8221;Bor du h\u00e4romkring?&#8221;<\/p>\n<h3>K\u00e4nn ditt spel<\/h3>\n<p>Det f\u00f6rsta steget f\u00f6r att plocka upp en tjej \u00e4r att k\u00e4nna dig sj\u00e4lv. Du m\u00e5ste f\u00f6rst\u00e5 vad som g\u00f6r dig attraktiv f\u00f6r kvinnor. Gillar du att prata med folk? \u00c4r du ut\u00e5triktad? \u00c4r du rolig? Dessa saker spelar roll. Om du \u00e4r blyg, oroa dig inte; du hittar n\u00e5gon annan. Men om du bara \u00e4r besv\u00e4rlig kan du ha sv\u00e5rt att l\u00e4gga dig.<\/p>\n<p>Underskatta inte humor. Kvinnor \u00e4lskar killar som kn\u00e4cker sk\u00e4mt. De tycker att det visar p\u00e5 sj\u00e4lvf\u00f6rtroende. Och \u00e4ven om du inte ska g\u00f6ra narr av m\u00e4nniskor, m\u00e5ste du sl\u00e4ppa loss d\u00e5 och d\u00e5. N\u00e4r du g\u00f6r det hj\u00e4lper det att lossa henne.<\/p>\n<h2>Framtiden f\u00f6r att ansluta sig?<\/h2>\n<p>Tinder kritiseras ofta f\u00f6r att vara en glorifierad app f\u00f6r sex, men det g\u00f6r faktiskt n\u00e5got helt annat. Faktum \u00e4r att det hj\u00e4lper m\u00e4nniskor att navigera i dejtingv\u00e4rlden p\u00e5 ett helt nytt s\u00e4tt.<\/p>\n<p>F\u00f6rr i tiden innebar m\u00f6tet med n\u00e5gon att beh\u00f6va sitta ner \u00f6ver drinkar och middag, lyssna p\u00e5 tr\u00e5kiga historier om dig sj\u00e4lv och hoppas att du sl\u00e5r till. Sedan kom n\u00e4tdejting, d\u00e4r vi kunde hoppa \u00f6ver allt det d\u00e4r och tr\u00e4ffa potentiella partners i virtuella chattrum. Men vad h\u00e4nder n\u00e4r du vill tr\u00e4ffas utan att spendera timmar p\u00e5 att prata p\u00e5 datorn? Tja, du g\u00e5r till en bar eller klubb och hoppas kunna st\u00f6ta p\u00e5 n\u00e5gon cool. Eller s\u00e5 ringer du en v\u00e4n och ber henne st\u00e4lla in dig. B\u00e5da alternativen kr\u00e4ver dock lite anstr\u00e4ngning och kan ta veckor att h\u00e4nda.<\/p>\n","protected":false},"excerpt":{"rendered":"<p>Om du vill dra ett one night stand med kvinnor kr\u00e4vs det lite f\u00f6rberedelser och strategi. Du g\u00e5r inte bara fram till en kvinna och fr\u00e5gar henne vad hon vill. Om du g\u00f6r det kommer du f\u00f6rmodligen att bli avvisad. Det finns vissa saker du beh\u00f6ver veta om kvinnor innan du n\u00e4rmar dig dem. H\u00e4r &#8230; <a title=\"Hitta ett nattduksbord\" class=\"read-more\" href=\"https:\/\/blowflyofficial.com\/sv\/hitta-ett-nattduksbord\/\" aria-label=\"Mer p\u00e5 Hitta ett nattduksbord\">L\u00e4s mer<\/a><\/p>\n","protected":false},"author":1,"featured_media":0,"parent":0,"menu_order":0,"comment_status":"closed","ping_status":"closed","template":"","meta":[],"yoast_head":"<!-- This site is optimized with the Yoast SEO plugin v17.7.1 - https:\/\/yoast.com\/wordpress\/plugins\/seo\/ -->\n<title>Hitta ett nattduksbord - Anslutningsrankning<\/title>\n<meta name=\"robots\" content=\"index, follow, max-snippet:-1, max-image-preview:large, max-video-preview:-1\" \/>\n<link rel=\"canonical\" href=\"https:\/\/blowflyofficial.com\/sv\/hitta-ett-nattduksbord\/\" \/>\n<meta property=\"og:locale\" content=\"sv_SE\" \/>\n<meta property=\"og:type\" content=\"article\" \/>\n<meta property=\"og:title\" content=\"Hitta ett nattduksbord - Anslutningsrankning\" \/>\n<meta property=\"og:description\" content=\"Om du vill dra ett one night stand med kvinnor kr\u00e4vs det lite f\u00f6rberedelser och strategi. Du g\u00e5r inte bara fram till en kvinna och fr\u00e5gar henne vad hon vill. Om du g\u00f6r det kommer du f\u00f6rmodligen att bli avvisad. Det finns vissa saker du beh\u00f6ver veta om kvinnor innan du n\u00e4rmar dig dem. H\u00e4r ... L\u00e4s mer\" \/>\n<meta property=\"og:url\" content=\"https:\/\/blowflyofficial.com\/sv\/hitta-ett-nattduksbord\/\" \/>\n<meta property=\"og:site_name\" content=\"Anslutningsrankning\" \/>\n<meta name=\"twitter:card\" content=\"summary_large_image\" \/>\n<meta name=\"twitter:label1\" content=\"Ber\u00e4knad l\u00e4stid\" \/>\n\t<meta name=\"twitter:data1\" content=\"4 minuter\" \/>\n<script type=\"application\/ld+json\" class=\"yoast-schema-graph\">{\"@context\":\"https:\/\/schema.org\",\"@graph\":[{\"@type\":\"WebSite\",\"@id\":\"http:\/\/blowflyofficial.com\/da\/#website\",\"url\":\"http:\/\/blowflyofficial.com\/da\/\",\"name\":\"Anslutningsrankning\",\"description\":\"Casual Dating R\\u00e5d\",\"potentialAction\":[{\"@type\":\"SearchAction\",\"target\":{\"@type\":\"EntryPoint\",\"urlTemplate\":\"http:\/\/blowflyofficial.com\/da\/?s={search_term_string}\"},\"query-input\":\"required name=search_term_string\"}],\"inLanguage\":\"sv-SE\"},{\"@type\":\"WebPage\",\"@id\":\"https:\/\/blowflyofficial.com\/sv\/hitta-ett-nattduksbord\/#webpage\",\"url\":\"https:\/\/blowflyofficial.com\/sv\/hitta-ett-nattduksbord\/\",\"name\":\"Hitta ett nattduksbord - Anslutningsrankning\",\"isPartOf\":{\"@id\":\"http:\/\/blowflyofficial.com\/da\/#website\"},\"datePublished\":\"2022-08-30T13:17:26+00:00\",\"dateModified\":\"2022-08-30T13:17:26+00:00\",\"breadcrumb\":{\"@id\":\"https:\/\/blowflyofficial.com\/sv\/hitta-ett-nattduksbord\/#breadcrumb\"},\"inLanguage\":\"sv-SE\",\"potentialAction\":[{\"@type\":\"ReadAction\",\"target\":[\"https:\/\/blowflyofficial.com\/sv\/hitta-ett-nattduksbord\/\"]}]},{\"@type\":\"BreadcrumbList\",\"@id\":\"https:\/\/blowflyofficial.com\/sv\/hitta-ett-nattduksbord\/#breadcrumb\",\"itemListElement\":[{\"@type\":\"ListItem\",\"position\":1,\"name\":\"Home\",\"item\":\"http:\/\/blowflyofficial.com\/sv\/\"},{\"@type\":\"ListItem\",\"position\":2,\"name\":\"Hitta ett nattduksbord\"}]}]}<\/script>\n<!-- \/ Yoast SEO plugin. -->","yoast_head_json":{"title":"Hitta ett nattduksbord - Anslutningsrankning","robots":{"index":"index","follow":"follow","max-snippet":"max-snippet:-1","max-image-preview":"max-image-preview:large","max-video-preview":"max-video-preview:-1"},"canonical":"https:\/\/blowflyofficial.com\/sv\/hitta-ett-nattduksbord\/","og_locale":"sv_SE","og_type":"article","og_title":"Hitta ett nattduksbord - Anslutningsrankning","og_description":"Om du vill dra ett one night stand med kvinnor kr\u00e4vs det lite f\u00f6rberedelser och strategi. Du g\u00e5r inte bara fram till en kvinna och fr\u00e5gar henne vad hon vill. Om du g\u00f6r det kommer du f\u00f6rmodligen att bli avvisad. Det finns vissa saker du beh\u00f6ver veta om kvinnor innan du n\u00e4rmar dig dem. H\u00e4r ... L\u00e4s mer","og_url":"https:\/\/blowflyofficial.com\/sv\/hitta-ett-nattduksbord\/","og_site_name":"Anslutningsrankning","twitter_card":"summary_large_image","twitter_misc":{"Ber\u00e4knad l\u00e4stid":"4 minuter"},"schema":{"@context":"https:\/\/schema.org","@graph":[{"@type":"WebSite","@id":"http:\/\/blowflyofficial.com\/da\/#website","url":"http:\/\/blowflyofficial.com\/da\/","name":"Anslutningsrankning","description":"Casual Dating R\u00e5d","potentialAction":[{"@type":"SearchAction","target":{"@type":"EntryPoint","urlTemplate":"http:\/\/blowflyofficial.com\/da\/?s={search_term_string}"},"query-input":"required name=search_term_string"}],"inLanguage":"sv-SE"},{"@type":"WebPage","@id":"https:\/\/blowflyofficial.com\/sv\/hitta-ett-nattduksbord\/#webpage","url":"https:\/\/blowflyofficial.com\/sv\/hitta-ett-nattduksbord\/","name":"Hitta ett nattduksbord - Anslutningsrankning","isPartOf":{"@id":"http:\/\/blowflyofficial.com\/da\/#website"},"datePublished":"2022-08-30T13:17:26+00:00","dateModified":"2022-08-30T13:17:26+00:00","breadcrumb":{"@id":"https:\/\/blowflyofficial.com\/sv\/hitta-ett-nattduksbord\/#breadcrumb"},"inLanguage":"sv-SE","potentialAction":[{"@type":"ReadAction","target":["https:\/\/blowflyofficial.com\/sv\/hitta-ett-nattduksbord\/"]}]},{"@type":"BreadcrumbList","@id":"https:\/\/blowflyofficial.com\/sv\/hitta-ett-nattduksbord\/#breadcrumb","itemListElement":[{"@type":"ListItem","position":1,"name":"Home","item":"http:\/\/blowflyofficial.com\/sv\/"},{"@type":"ListItem","position":2,"name":"Hitta ett nattduksbord"}]}]}},"_links":{"self":[{"href":"https:\/\/blowflyofficial.com\/sv\/wp-json\/wp\/v2\/pages\/136"}],"collection":[{"href":"https:\/\/blowflyofficial.com\/sv\/wp-json\/wp\/v2\/pages"}],"about":[{"href":"https:\/\/blowflyofficial.com\/sv\/wp-json\/wp\/v2\/types\/page"}],"author":[{"embeddable":true,"href":"https:\/\/blowflyofficial.com\/sv\/wp-json\/wp\/v2\/users\/1"}],"replies":[{"embeddable":true,"href":"https:\/\/blowflyofficial.com\/sv\/wp-json\/wp\/v2\/comments?post=136"}],"version-history":[{"count":0,"href":"https:\/\/blowflyofficial.com\/sv\/wp-json\/wp\/v2\/pages\/136\/revisions"}],"wp:attachment":[{"href":"https:\/\/blowflyofficial.com\/sv\/wp-json\/wp\/v2\/media?parent=136"}],"curies":[{"name":"wp","href":"https:\/\/api.w.org\/{rel}","templated":true}]}}