{"id":112,"date":"2022-08-30T14:12:58","date_gmt":"2022-08-30T13:12:58","guid":{"rendered":"http:\/\/blowflyofficial.com\/hitta-en-milf-i-ditt-omrade\/"},"modified":"2022-08-30T14:12:58","modified_gmt":"2022-08-30T13:12:58","slug":"hitta-en-milf-i-ditt-omrade","status":"publish","type":"page","link":"https:\/\/blowflyofficial.com\/sv\/hitta-en-milf-i-ditt-omrade\/","title":{"rendered":"Hitta en MILF i ditt omr\u00e5de"},"content":{"rendered":"<p>MILF \u00e4r heta. De \u00e4r k\u00e5ta, erfarna och vet vad de vill. Du beh\u00f6ver inte oroa dig f\u00f6r att bli skadad eftersom du kommer att kunna tillgodose hennes behov. Om du vill ansluta dig till en milf finns det gott om platser d\u00e4r du kan hitta en i n\u00e4rheten. Denna webbplats g\u00f6r det enkelt att tr\u00e4ffa lokala milfs och njuta av lite sexuellt kul. Oavsett om du letar efter ett avslappnat m\u00f6te eller n\u00e5got mer allvarligt, har du tillg\u00e5ng till tusentals riktiga m\u00e4nniskor som \u00e4r precis som du.<\/p>\n<h2>Lista \u00f6ver lokala MILFs online<\/h2>\n<p>Ni vet hur det g\u00e5r&#8230; du ser en het tjej online, du t\u00e4nker p\u00e5 att skicka meddelanden till henne, och sedan slutar du spendera timmar p\u00e5 att bl\u00e4ddra i profiler som letar efter n\u00e5gon precis som hon. D\u00e5 best\u00e4mmer du dig \u00e4ntligen f\u00f6r att ge det en chans och skicka ett meddelande till henne och hoppas att det kanske \u00e4r n\u00e5got speciellt med hennes profil som g\u00f6r att hon sticker ut fr\u00e5n alla andra. Men sanningen \u00e4r att du f\u00f6r det mesta inte ens riktigt vet varf\u00f6r du forts\u00e4tter att bli avvisad om och om igen. Och \u00e4ven om jag inte s\u00e4ger att varje enskild person p\u00e5 v\u00e5r webbplats kommer att vara perfekt f\u00f6r dig, s\u00e4ger jag att vi kommer att se till att du hittar exakt den typ av milf som du letar efter. Vi ska hj\u00e4lpa dig att hitta en \u00e4ldre kvinna som f\u00f6rst\u00e5r vad du vill och beh\u00f6ver och vet vad du ska g\u00f6ra f\u00f6r att tillfredsst\u00e4lla dig. S\u00e5 sluta leta efter de sexiga unga brudarna och b\u00f6rja hitta den verkliga aff\u00e4ren idag!<\/p>\n<h2>Hur man hittar sex med k\u00e5ta mammor n\u00e4ra dig<\/h2>\n<p>MILFs \u00e4r n\u00e5gra av de hetaste kvinnorna som finns. De vet hur man behandlar en man och de \u00e4lskar sex. Det r\u00e5der ingen tvekan om det, de \u00e4r en av de b\u00e4sta typerna av dejting d\u00e4r ute. Men de flesta killar \u00e4r inte s\u00e4kra p\u00e5 var de ska b\u00f6rja n\u00e4r de f\u00f6rs\u00f6ker tr\u00e4ffa en MILF. S\u00e5 vi har sammanst\u00e4llt n\u00e5gra tips som hj\u00e4lper dig att hitta framg\u00e5ng med MILF Dating. Internet \u00e4r fullt av MILF-anslutningssajter d\u00e4r \u00e4ldre kvinnor tr\u00e4ffar yngre m\u00e4n. Dessa webbplatser erbjuder gratis medlemskap till alla som \u00e4r villiga att betala lite pengar. Du beh\u00f6ver bara registrera dig och b\u00f6rja surfa p\u00e5 profiler. Det finns tusentals medlemmar som v\u00e4ntar p\u00e5 att hitta n\u00e5gon som du. Du beh\u00f6ver inte ens skicka meddelanden till varandra. Bl\u00e4ddra bara igenom profilerna och v\u00e4lj en som ser intressant ut. Efter det \u00e4r det enkelt att utbyta kontaktinformation. N\u00e4r du har hittat n\u00e5gon du vill prata med kan du be honom \/ henne om kaffe eller middag. Om han \/ hon accepterar vet du vad du ska g\u00f6ra h\u00e4rn\u00e4st.<\/p>\n<h3>Zoosk<\/h3>\n<p>Zoosk \u00e4r ett bra st\u00e4lle att tr\u00e4ffa milfs som letar efter kul. Denna webbplats l\u00e5ter dig ladda upp foton och videor av dig sj\u00e4lv, och du kan till och med anv\u00e4nda appen f\u00f6r att chatta med potentiella matchningar. Du kan bl\u00e4ddra bland profiler baserat p\u00e5 plats, \u00e5ldersintervall, k\u00f6n, intressen och mer. N\u00e4r du har hittat n\u00e5gon du gillar kan du skicka meddelanden, st\u00e4lla fr\u00e5gor och ordna datum.<\/p>\n<h3>AdultFriendFinder<\/h3>\n<p>Adult Friend Finder \u00e4r en av de \u00e4ldsta och st\u00f6rsta dejtingsajterna f\u00f6r vuxna online. Med \u00f6ver 20 miljoner medlemmar hittar AF m\u00e4nniskor som \u00e4r intresserade av allt fr\u00e5n kinky fetischer till sv\u00e4ngande par. Det erbjuder ett mycket aktivt socialt n\u00e4tverk d\u00e4r medlemmar kan ansluta till varandra. Du kan se medlemsbilder, chatt, e-post och mycket mer.<\/p>\n<h3>MammaFinders<\/h3>\n<p>Mommyfinders \u00e4r ett annat bra val f\u00f6r milfs som letar efter kul online. Den h\u00e4r webbplatsen fungerar precis som Tinder, f\u00f6rutom att du inte sveper \u00e5t v\u00e4nster eller h\u00f6ger. Ist\u00e4llet matchar du med m\u00e4nniskor enligt dina preferenser. Du kan till exempel filtrera medlemmar efter etnicitet, \u00e5lder, kroppstyp, livsstil och mer. N\u00e4r du har matchat med n\u00e5gra personer kan du b\u00f6rja chatta med dem via sms eller videosamtal.<\/p>\n","protected":false},"excerpt":{"rendered":"<p>MILF \u00e4r heta. De \u00e4r k\u00e5ta, erfarna och vet vad de vill. Du beh\u00f6ver inte oroa dig f\u00f6r att bli skadad eftersom du kommer att kunna tillgodose hennes behov. Om du vill ansluta dig till en milf finns det gott om platser d\u00e4r du kan hitta en i n\u00e4rheten. Denna webbplats g\u00f6r det enkelt att &#8230; <a title=\"Hitta en MILF i ditt omr\u00e5de\" class=\"read-more\" href=\"https:\/\/blowflyofficial.com\/sv\/hitta-en-milf-i-ditt-omrade\/\" aria-label=\"Mer p\u00e5 Hitta en MILF i ditt omr\u00e5de\">L\u00e4s mer<\/a><\/p>\n","protected":false},"author":1,"featured_media":0,"parent":0,"menu_order":0,"comment_status":"closed","ping_status":"closed","template":"","meta":[],"yoast_head":"<!-- This site is optimized with the Yoast SEO plugin v17.7.1 - https:\/\/yoast.com\/wordpress\/plugins\/seo\/ -->\n<title>Hitta en MILF i ditt omr\u00e5de - Anslutningsrankning<\/title>\n<meta name=\"robots\" content=\"index, follow, max-snippet:-1, max-image-preview:large, max-video-preview:-1\" \/>\n<link rel=\"canonical\" href=\"https:\/\/blowflyofficial.com\/sv\/hitta-en-milf-i-ditt-omrade\/\" \/>\n<meta property=\"og:locale\" content=\"sv_SE\" \/>\n<meta property=\"og:type\" content=\"article\" \/>\n<meta property=\"og:title\" content=\"Hitta en MILF i ditt omr\u00e5de - Anslutningsrankning\" \/>\n<meta property=\"og:description\" content=\"MILF \u00e4r heta. De \u00e4r k\u00e5ta, erfarna och vet vad de vill. Du beh\u00f6ver inte oroa dig f\u00f6r att bli skadad eftersom du kommer att kunna tillgodose hennes behov. Om du vill ansluta dig till en milf finns det gott om platser d\u00e4r du kan hitta en i n\u00e4rheten. Denna webbplats g\u00f6r det enkelt att ... L\u00e4s mer\" \/>\n<meta property=\"og:url\" content=\"https:\/\/blowflyofficial.com\/sv\/hitta-en-milf-i-ditt-omrade\/\" \/>\n<meta property=\"og:site_name\" content=\"Anslutningsrankning\" \/>\n<meta name=\"twitter:card\" content=\"summary_large_image\" \/>\n<meta name=\"twitter:label1\" content=\"Ber\u00e4knad l\u00e4stid\" \/>\n\t<meta name=\"twitter:data1\" content=\"4 minuter\" \/>\n<script type=\"application\/ld+json\" class=\"yoast-schema-graph\">{\"@context\":\"https:\/\/schema.org\",\"@graph\":[{\"@type\":\"WebSite\",\"@id\":\"http:\/\/blowflyofficial.com\/da\/#website\",\"url\":\"http:\/\/blowflyofficial.com\/da\/\",\"name\":\"Anslutningsrankning\",\"description\":\"Casual Dating R\\u00e5d\",\"potentialAction\":[{\"@type\":\"SearchAction\",\"target\":{\"@type\":\"EntryPoint\",\"urlTemplate\":\"http:\/\/blowflyofficial.com\/da\/?s={search_term_string}\"},\"query-input\":\"required name=search_term_string\"}],\"inLanguage\":\"sv-SE\"},{\"@type\":\"WebPage\",\"@id\":\"https:\/\/blowflyofficial.com\/sv\/hitta-en-milf-i-ditt-omrade\/#webpage\",\"url\":\"https:\/\/blowflyofficial.com\/sv\/hitta-en-milf-i-ditt-omrade\/\",\"name\":\"Hitta en MILF i ditt omr\\u00e5de - Anslutningsrankning\",\"isPartOf\":{\"@id\":\"http:\/\/blowflyofficial.com\/da\/#website\"},\"datePublished\":\"2022-08-30T13:12:58+00:00\",\"dateModified\":\"2022-08-30T13:12:58+00:00\",\"breadcrumb\":{\"@id\":\"https:\/\/blowflyofficial.com\/sv\/hitta-en-milf-i-ditt-omrade\/#breadcrumb\"},\"inLanguage\":\"sv-SE\",\"potentialAction\":[{\"@type\":\"ReadAction\",\"target\":[\"https:\/\/blowflyofficial.com\/sv\/hitta-en-milf-i-ditt-omrade\/\"]}]},{\"@type\":\"BreadcrumbList\",\"@id\":\"https:\/\/blowflyofficial.com\/sv\/hitta-en-milf-i-ditt-omrade\/#breadcrumb\",\"itemListElement\":[{\"@type\":\"ListItem\",\"position\":1,\"name\":\"Home\",\"item\":\"http:\/\/blowflyofficial.com\/sv\/\"},{\"@type\":\"ListItem\",\"position\":2,\"name\":\"Hitta en MILF i ditt omr\\u00e5de\"}]}]}<\/script>\n<!-- \/ Yoast SEO plugin. -->","yoast_head_json":{"title":"Hitta en MILF i ditt omr\u00e5de - Anslutningsrankning","robots":{"index":"index","follow":"follow","max-snippet":"max-snippet:-1","max-image-preview":"max-image-preview:large","max-video-preview":"max-video-preview:-1"},"canonical":"https:\/\/blowflyofficial.com\/sv\/hitta-en-milf-i-ditt-omrade\/","og_locale":"sv_SE","og_type":"article","og_title":"Hitta en MILF i ditt omr\u00e5de - Anslutningsrankning","og_description":"MILF \u00e4r heta. De \u00e4r k\u00e5ta, erfarna och vet vad de vill. Du beh\u00f6ver inte oroa dig f\u00f6r att bli skadad eftersom du kommer att kunna tillgodose hennes behov. Om du vill ansluta dig till en milf finns det gott om platser d\u00e4r du kan hitta en i n\u00e4rheten. Denna webbplats g\u00f6r det enkelt att ... L\u00e4s mer","og_url":"https:\/\/blowflyofficial.com\/sv\/hitta-en-milf-i-ditt-omrade\/","og_site_name":"Anslutningsrankning","twitter_card":"summary_large_image","twitter_misc":{"Ber\u00e4knad l\u00e4stid":"4 minuter"},"schema":{"@context":"https:\/\/schema.org","@graph":[{"@type":"WebSite","@id":"http:\/\/blowflyofficial.com\/da\/#website","url":"http:\/\/blowflyofficial.com\/da\/","name":"Anslutningsrankning","description":"Casual Dating R\u00e5d","potentialAction":[{"@type":"SearchAction","target":{"@type":"EntryPoint","urlTemplate":"http:\/\/blowflyofficial.com\/da\/?s={search_term_string}"},"query-input":"required name=search_term_string"}],"inLanguage":"sv-SE"},{"@type":"WebPage","@id":"https:\/\/blowflyofficial.com\/sv\/hitta-en-milf-i-ditt-omrade\/#webpage","url":"https:\/\/blowflyofficial.com\/sv\/hitta-en-milf-i-ditt-omrade\/","name":"Hitta en MILF i ditt omr\u00e5de - Anslutningsrankning","isPartOf":{"@id":"http:\/\/blowflyofficial.com\/da\/#website"},"datePublished":"2022-08-30T13:12:58+00:00","dateModified":"2022-08-30T13:12:58+00:00","breadcrumb":{"@id":"https:\/\/blowflyofficial.com\/sv\/hitta-en-milf-i-ditt-omrade\/#breadcrumb"},"inLanguage":"sv-SE","potentialAction":[{"@type":"ReadAction","target":["https:\/\/blowflyofficial.com\/sv\/hitta-en-milf-i-ditt-omrade\/"]}]},{"@type":"BreadcrumbList","@id":"https:\/\/blowflyofficial.com\/sv\/hitta-en-milf-i-ditt-omrade\/#breadcrumb","itemListElement":[{"@type":"ListItem","position":1,"name":"Home","item":"http:\/\/blowflyofficial.com\/sv\/"},{"@type":"ListItem","position":2,"name":"Hitta en MILF i ditt omr\u00e5de"}]}]}},"_links":{"self":[{"href":"https:\/\/blowflyofficial.com\/sv\/wp-json\/wp\/v2\/pages\/112"}],"collection":[{"href":"https:\/\/blowflyofficial.com\/sv\/wp-json\/wp\/v2\/pages"}],"about":[{"href":"https:\/\/blowflyofficial.com\/sv\/wp-json\/wp\/v2\/types\/page"}],"author":[{"embeddable":true,"href":"https:\/\/blowflyofficial.com\/sv\/wp-json\/wp\/v2\/users\/1"}],"replies":[{"embeddable":true,"href":"https:\/\/blowflyofficial.com\/sv\/wp-json\/wp\/v2\/comments?post=112"}],"version-history":[{"count":0,"href":"https:\/\/blowflyofficial.com\/sv\/wp-json\/wp\/v2\/pages\/112\/revisions"}],"wp:attachment":[{"href":"https:\/\/blowflyofficial.com\/sv\/wp-json\/wp\/v2\/media?parent=112"}],"curies":[{"name":"wp","href":"https:\/\/api.w.org\/{rel}","templated":true}]}}