{"id":220,"date":"2022-08-30T13:45:52","date_gmt":"2022-08-30T12:45:52","guid":{"rendered":"http:\/\/blowflyofficial.com\/encontre-um-encontro-casual-local\/"},"modified":"2022-08-30T13:45:52","modified_gmt":"2022-08-30T12:45:52","slug":"encontre-um-encontro-casual-local","status":"publish","type":"page","link":"https:\/\/blowflyofficial.com\/pt-pt\/encontre-um-encontro-casual-local\/","title":{"rendered":"Encontre um encontro casual local"},"content":{"rendered":"<p>Sabemos como \u00e9 dif\u00edcil encontrar algu\u00e9m de quem goste, especialmente quando se vive em cidades diferentes. Entendemos que, \u00e0s vezes, nos sentimos s\u00f3s e entediados, e n\u00e3o o culpamos porque h\u00e1 muitas coisas que nos deixam tristes tamb\u00e9m. Mas por que esperar que outra pessoa venha e lhe d\u00ea o que realmente quer? Por que deveria passar horas \u00e0 procura de algo que pode levar minutos?<\/p>\n<h2>Quer encontrar um encontro?<\/h2>\n<p>Nem tens de te preocupar em <a href=\"http:\/\/blowflyofficial.com\/pt-pt\/encontre-sexo-com-mulheres-perto-de-voce\/\">ser enganado<\/a>, j\u00e1 que tudo aqui \u00e9 completamente gratuito. Se decidir avan\u00e7ar e pagar a ades\u00e3o, tem acesso a toda a rede, incluindo todas as funcionalidades para os membros premium. No entanto, se estiver \u00e0 procura de uma liga\u00e7\u00e3o r\u00e1pida, pode sempre experimentar a vers\u00e3o experimental e ver se lhe conv\u00e9m.<\/p>\n<p>As pessoas est\u00e3o sempre \u00e0 procura de formas de conhecer os outros online, especialmente aqueles que querem encontros casuais. Mas para onde se vira quando n\u00e3o h\u00e1 muitas op\u00e7\u00f5es por a\u00ed? Bem, n\u00f3s temos-te protegido! Abaixo est\u00e3o cinco locais de liga\u00e7\u00e3o locais gratuitos que realmente funcionam. N\u00e3o se arrepender\u00e1 de experiment\u00e1-los.<\/p>\n<p>A primeira aplica\u00e7\u00e3o de encontros gr\u00e1tis que vou sugerir que experimentes \u00e9 uma chamada Fling, e talvez seja a melhor aplica\u00e7\u00e3o de encontros que usei ao longo dos anos. Embora existam muitas aplica\u00e7\u00f5es pagas que oferecem funcionalidades semelhantes, o Fling \u00e9 livre de se inscrever e usar.<\/p>\n<p>Claro que t\u00eam op\u00e7\u00f5es de upgrade \u2013 como ser capaz de encontrar parceiros locais baseados no local onde vives \u2013 que facilitam muito a liga\u00e7\u00e3o das pessoas, mas mesmo assim, a vers\u00e3o gratuita funciona muito bem. Na verdade, quando me inscrevi inicialmente, acabei por us\u00e1-lo durante uma semana antes de melhorar porque queria aumentar as minhas probabilidades de me juntar. Pouco depois, dei por mim a gastar dinheiro em melhorias premium.<\/p>\n<h2>Sites de chamadas de saque<\/h2>\n<p>Sou um grande f\u00e3 do fen\u00f3meno das chamadas de saque. Estive em ambos os lados da moeda. J\u00e1 tive encontros casuais onde nos encontramos para beber ou jantar e acabamos por sair mais tarde. E tamb\u00e9m j\u00e1 tive encontros onde n\u00e3o havia muita qu\u00edmica e n\u00e3o acab\u00e1mos por fazer sexo. Ent\u00e3o, quando soube de uma aplica\u00e7\u00e3o chamada OnlineBootyCall.com, pareceu-me algo divertido de experimentar.<\/p>\n<p>A ideia por tr\u00e1s desta aplica\u00e7\u00e3o \u00e9 muito simples. Inscreve-se de gra\u00e7a e come\u00e7a a conversar com pessoas que vivem nas proximidades. Se encontrar algu\u00e9m interessante, pode convid\u00e1-lo para sair. Quando eles aparecerem, podes mand\u00e1-los diretamente para casa ou lev\u00e1-los para um quarto de hotel. N\u00e3o h\u00e1 regras nem expectativas. S\u00f3 est\u00e1s a encontrar-te para fazer sexo.<\/p>\n","protected":false},"excerpt":{"rendered":"<p>Sabemos como \u00e9 dif\u00edcil encontrar algu\u00e9m de quem goste, especialmente quando se vive em cidades diferentes. Entendemos que, \u00e0s vezes, nos sentimos s\u00f3s e entediados, e n\u00e3o o culpamos porque h\u00e1 muitas coisas que nos deixam tristes tamb\u00e9m. Mas por que esperar que outra pessoa venha e lhe d\u00ea o que realmente quer? Por que &#8230; <a title=\"Encontre um encontro casual local\" class=\"read-more\" href=\"https:\/\/blowflyofficial.com\/pt-pt\/encontre-um-encontro-casual-local\/\" aria-label=\"Mais sobre Encontre um encontro casual local\">Ler mais<\/a><\/p>\n","protected":false},"author":1,"featured_media":0,"parent":0,"menu_order":0,"comment_status":"closed","ping_status":"closed","template":"","meta":[],"yoast_head":"<!-- This site is optimized with the Yoast SEO plugin v17.7.1 - https:\/\/yoast.com\/wordpress\/plugins\/seo\/ -->\n<title>Encontre um encontro casual local - Rankings de Liga\u00e7\u00e3o<\/title>\n<meta name=\"robots\" content=\"index, follow, max-snippet:-1, max-image-preview:large, max-video-preview:-1\" \/>\n<link rel=\"canonical\" href=\"https:\/\/blowflyofficial.com\/pt-pt\/encontre-um-encontro-casual-local\/\" \/>\n<meta property=\"og:locale\" content=\"pt_PT\" \/>\n<meta property=\"og:type\" content=\"article\" \/>\n<meta property=\"og:title\" content=\"Encontre um encontro casual local - Rankings de Liga\u00e7\u00e3o\" \/>\n<meta property=\"og:description\" content=\"Sabemos como \u00e9 dif\u00edcil encontrar algu\u00e9m de quem goste, especialmente quando se vive em cidades diferentes. Entendemos que, \u00e0s vezes, nos sentimos s\u00f3s e entediados, e n\u00e3o o culpamos porque h\u00e1 muitas coisas que nos deixam tristes tamb\u00e9m. Mas por que esperar que outra pessoa venha e lhe d\u00ea o que realmente quer? Por que ... Ler mais\" \/>\n<meta property=\"og:url\" content=\"https:\/\/blowflyofficial.com\/pt-pt\/encontre-um-encontro-casual-local\/\" \/>\n<meta property=\"og:site_name\" content=\"Rankings de Liga\u00e7\u00e3o\" \/>\n<meta name=\"twitter:card\" content=\"summary_large_image\" \/>\n<meta name=\"twitter:label1\" content=\"Tempo estimado de leitura\" \/>\n\t<meta name=\"twitter:data1\" content=\"2 minutos\" \/>\n<script type=\"application\/ld+json\" class=\"yoast-schema-graph\">{\"@context\":\"https:\/\/schema.org\",\"@graph\":[{\"@type\":\"WebSite\",\"@id\":\"http:\/\/blowflyofficial.com\/da\/#website\",\"url\":\"http:\/\/blowflyofficial.com\/da\/\",\"name\":\"Rankings de Liga\\u00e7\\u00e3o\",\"description\":\"Conselhos de namoro casual\",\"potentialAction\":[{\"@type\":\"SearchAction\",\"target\":{\"@type\":\"EntryPoint\",\"urlTemplate\":\"http:\/\/blowflyofficial.com\/da\/?s={search_term_string}\"},\"query-input\":\"required name=search_term_string\"}],\"inLanguage\":\"pt-PT\"},{\"@type\":\"WebPage\",\"@id\":\"https:\/\/blowflyofficial.com\/pt-pt\/encontre-um-encontro-casual-local\/#webpage\",\"url\":\"https:\/\/blowflyofficial.com\/pt-pt\/encontre-um-encontro-casual-local\/\",\"name\":\"Encontre um encontro casual local - Rankings de Liga\\u00e7\\u00e3o\",\"isPartOf\":{\"@id\":\"http:\/\/blowflyofficial.com\/da\/#website\"},\"datePublished\":\"2022-08-30T12:45:52+00:00\",\"dateModified\":\"2022-08-30T12:45:52+00:00\",\"breadcrumb\":{\"@id\":\"https:\/\/blowflyofficial.com\/pt-pt\/encontre-um-encontro-casual-local\/#breadcrumb\"},\"inLanguage\":\"pt-PT\",\"potentialAction\":[{\"@type\":\"ReadAction\",\"target\":[\"https:\/\/blowflyofficial.com\/pt-pt\/encontre-um-encontro-casual-local\/\"]}]},{\"@type\":\"BreadcrumbList\",\"@id\":\"https:\/\/blowflyofficial.com\/pt-pt\/encontre-um-encontro-casual-local\/#breadcrumb\",\"itemListElement\":[{\"@type\":\"ListItem\",\"position\":1,\"name\":\"Home\",\"item\":\"http:\/\/blowflyofficial.com\/pt-pt\/\"},{\"@type\":\"ListItem\",\"position\":2,\"name\":\"Encontre um encontro casual local\"}]}]}<\/script>\n<!-- \/ Yoast SEO plugin. -->","yoast_head_json":{"title":"Encontre um encontro casual local - Rankings de Liga\u00e7\u00e3o","robots":{"index":"index","follow":"follow","max-snippet":"max-snippet:-1","max-image-preview":"max-image-preview:large","max-video-preview":"max-video-preview:-1"},"canonical":"https:\/\/blowflyofficial.com\/pt-pt\/encontre-um-encontro-casual-local\/","og_locale":"pt_PT","og_type":"article","og_title":"Encontre um encontro casual local - Rankings de Liga\u00e7\u00e3o","og_description":"Sabemos como \u00e9 dif\u00edcil encontrar algu\u00e9m de quem goste, especialmente quando se vive em cidades diferentes. Entendemos que, \u00e0s vezes, nos sentimos s\u00f3s e entediados, e n\u00e3o o culpamos porque h\u00e1 muitas coisas que nos deixam tristes tamb\u00e9m. Mas por que esperar que outra pessoa venha e lhe d\u00ea o que realmente quer? Por que ... Ler mais","og_url":"https:\/\/blowflyofficial.com\/pt-pt\/encontre-um-encontro-casual-local\/","og_site_name":"Rankings de Liga\u00e7\u00e3o","twitter_card":"summary_large_image","twitter_misc":{"Tempo estimado de leitura":"2 minutos"},"schema":{"@context":"https:\/\/schema.org","@graph":[{"@type":"WebSite","@id":"http:\/\/blowflyofficial.com\/da\/#website","url":"http:\/\/blowflyofficial.com\/da\/","name":"Rankings de Liga\u00e7\u00e3o","description":"Conselhos de namoro casual","potentialAction":[{"@type":"SearchAction","target":{"@type":"EntryPoint","urlTemplate":"http:\/\/blowflyofficial.com\/da\/?s={search_term_string}"},"query-input":"required name=search_term_string"}],"inLanguage":"pt-PT"},{"@type":"WebPage","@id":"https:\/\/blowflyofficial.com\/pt-pt\/encontre-um-encontro-casual-local\/#webpage","url":"https:\/\/blowflyofficial.com\/pt-pt\/encontre-um-encontro-casual-local\/","name":"Encontre um encontro casual local - Rankings de Liga\u00e7\u00e3o","isPartOf":{"@id":"http:\/\/blowflyofficial.com\/da\/#website"},"datePublished":"2022-08-30T12:45:52+00:00","dateModified":"2022-08-30T12:45:52+00:00","breadcrumb":{"@id":"https:\/\/blowflyofficial.com\/pt-pt\/encontre-um-encontro-casual-local\/#breadcrumb"},"inLanguage":"pt-PT","potentialAction":[{"@type":"ReadAction","target":["https:\/\/blowflyofficial.com\/pt-pt\/encontre-um-encontro-casual-local\/"]}]},{"@type":"BreadcrumbList","@id":"https:\/\/blowflyofficial.com\/pt-pt\/encontre-um-encontro-casual-local\/#breadcrumb","itemListElement":[{"@type":"ListItem","position":1,"name":"Home","item":"http:\/\/blowflyofficial.com\/pt-pt\/"},{"@type":"ListItem","position":2,"name":"Encontre um encontro casual local"}]}]}},"_links":{"self":[{"href":"https:\/\/blowflyofficial.com\/pt-pt\/wp-json\/wp\/v2\/pages\/220"}],"collection":[{"href":"https:\/\/blowflyofficial.com\/pt-pt\/wp-json\/wp\/v2\/pages"}],"about":[{"href":"https:\/\/blowflyofficial.com\/pt-pt\/wp-json\/wp\/v2\/types\/page"}],"author":[{"embeddable":true,"href":"https:\/\/blowflyofficial.com\/pt-pt\/wp-json\/wp\/v2\/users\/1"}],"replies":[{"embeddable":true,"href":"https:\/\/blowflyofficial.com\/pt-pt\/wp-json\/wp\/v2\/comments?post=220"}],"version-history":[{"count":0,"href":"https:\/\/blowflyofficial.com\/pt-pt\/wp-json\/wp\/v2\/pages\/220\/revisions"}],"wp:attachment":[{"href":"https:\/\/blowflyofficial.com\/pt-pt\/wp-json\/wp\/v2\/media?parent=220"}],"curies":[{"name":"wp","href":"https:\/\/api.w.org\/{rel}","templated":true}]}}