{"id":218,"date":"2022-08-30T13:02:05","date_gmt":"2022-08-30T12:02:05","guid":{"rendered":"http:\/\/blowflyofficial.com\/os-nossos-melhores-sites-de-ligacao-revistos\/"},"modified":"2022-10-17T14:01:40","modified_gmt":"2022-10-17T13:01:40","slug":"os-nossos-melhores-sites-de-ligacao-revistos","status":"publish","type":"page","link":"https:\/\/blowflyofficial.com\/pt-pt\/","title":{"rendered":"Os nossos melhores sites de liga\u00e7\u00e3o revistos"},"content":{"rendered":"<p>Existem muitas aplica\u00e7\u00f5es de encontros online por a\u00ed &#8211; como Tinder, Bumble, OkCupid, PlentyOfFish, Match, etc. Mas algumas pessoas preferem encontrar o amor sem se inscrever em um site. Se voc\u00ea \u00e9 uma dessas pessoas, recomendamos verificar a nossa lista dos melhores sites de liga\u00e7\u00e3o gratuitamente. Estes sites n\u00e3o oferecem nenhum cart\u00e3o de cr\u00e9dito obrigat\u00f3rio, o que significa que voc\u00ea nem precisa dar informa\u00e7\u00f5es pessoais. Tamb\u00e9m nunca pagar\u00e1 nada para usar estes sites. Basta inscrever-se, procurar perfis, enviar mensagens, e come\u00e7ar a conhecer pessoas hoje.<\/p>\n<h2>Ashley Madison<\/h2>\n<p>AshleyMadison.com \u00e9 uma lufada de ar fresco para aqueles que procuram amor <a href=\"http:\/\/www.girls-looking-for-sex.com\/pt-pt\/\">raparigaslocais<\/a> online. Quer esteja \u00e0 procura de uma aventura r\u00e1pida, algu\u00e9m especial para se estabelecer, ou simplesmente algum companheirismo divertido, Ashley Madison oferece algo para todos. Com mais de 54 milh\u00f5es de membros em todo o mundo, estamos confiantes que h\u00e1 algu\u00e9m \u00e0 sua espera.<\/p>\n<p>Se tem sentido que precisa de uma pausa da sua rela\u00e7\u00e3o, ou talvez s\u00f3 queira tentar algo diferente, por que n\u00e3o nos verifica? Prometemos discri\u00e7\u00e3o e confidencialidade, e os nossos membros gozam de muitos benef\u00edcios, incluindo acesso a eventos exclusivos, descontos de viagem e at\u00e9 pr\u00e9mios em dinheiro. Vai encontrar tudo o que precisa aqui, sem compromissos.<\/p>\n<h2>AFF<\/h2>\n<p>Adult Friend Finder (AFF), um dos sites adultos mais populares na web, conta com 3 milh\u00f5es de visitantes mensais ativos e mais de 10 milh\u00f5es de membros registados. Al\u00e9m de ser um \u00f3timo lugar para encontros casuais, \u00e9 tamb\u00e9m o lar de algumas das pessoas mais quentes e excitantes da Internet. Se queres descobrir o que faz a AFF vibrar, temos-te protegido.<\/p>\n<h2>Rio Tinder<\/h2>\n<p>O Tinder \u00e9 um dos aplicativos mais populares para encontrar o amor online. Com mais de 50 milh\u00f5es de pessoas <a href=\"http:\/\/www.sites-de-sexo.com\/apps-de-encontros-casuais\/\">site encontros casuais<\/a> a descarreg\u00e1-lo desde 2012, a aplica\u00e7\u00e3o de encontros permite-lhe passar para a esquerda ou direita para ver se algu\u00e9m gosta de si com base na sua imagem de perfil e na sua biografia. Se eles gostarem de si, podem enviar mensagens um ao outro e marcar encontros presenciais. N\u00e3o existem question\u00e1rios longos ou question\u00e1rios invasivos; apenas perguntas r\u00e1pidas sobre onde quer se encontrar a seguir.<\/p>\n<p>A aplica\u00e7\u00e3o \u00e9 gratuita para descarregar e usar, mas existem alguns custos associados \u00e0 sua utiliza\u00e7\u00e3o. Voc\u00ea paga $9,99 por m\u00eas para aceder a funcionalidades premium, como jogos ilimitados e partilha de localiza\u00e7\u00e3o.<\/p>\n<p><img loading=\"lazy\" class=\"aligncenter size-large wp-image-35\" src=\"http:\/\/blowflyofficial.com\/wp-content\/uploads\/2022\/08\/guide-for-love-1024x681.jpeg\" alt=\"\" width=\"640\" height=\"426\" srcset=\"https:\/\/blowflyofficial.com\/wp-content\/uploads\/2022\/08\/guide-for-love-1024x681.jpeg 1024w, https:\/\/blowflyofficial.com\/wp-content\/uploads\/2022\/08\/guide-for-love-300x199.jpeg 300w, https:\/\/blowflyofficial.com\/wp-content\/uploads\/2022\/08\/guide-for-love-768x510.jpeg 768w, https:\/\/blowflyofficial.com\/wp-content\/uploads\/2022\/08\/guide-for-love-1536x1021.jpeg 1536w, https:\/\/blowflyofficial.com\/wp-content\/uploads\/2022\/08\/guide-for-love-2048x1361.jpeg 2048w\" sizes=\"(max-width: 640px) 100vw, 640px\" \/><\/p>\n<h1>Encontrar um engate local na sua \u00e1rea<\/h1>\n<p>Os encontros locais s\u00e3o um dos tipos mais populares de encontros online. H\u00e1 muitas raz\u00f5es pelas quais as pessoas usam estas apps para encontrar a sua alma g\u00e9mea, como estar aborrecida, sozinha ou procurar sexo casual. Al\u00e9m disso, existem alguns benef\u00edcios que pode usufruir ao utilizar estas plataformas. Por exemplo, n\u00e3o \u00e9 preciso gastar dinheiro em bebidas, comida ou encontros caros. Nem precisa viajar muito porque j\u00e1 est\u00e1 perto de onde vive. E o melhor de tudo, \u00e9 completamente an\u00f3nimo. Ent\u00e3o, do que est\u00e1 \u00e0 espera? Confira a nossa lista das oito melhores aplica\u00e7\u00f5es locais de liga\u00e7\u00e3o.<\/p>\n<h2>OneNightFriend<\/h2>\n<p>One Night Friend \u00e9 uma aplica\u00e7\u00e3o gratuita que permite encontrar-se com algu\u00e9m dentro da sua cidade. Se queres come\u00e7ar uma rela\u00e7\u00e3o com algu\u00e9m, esta \u00e9 uma \u00f3tima maneira de o fazer sem gastar muito dinheiro. Al\u00e9m disso, \u00e9 f\u00e1cil de usar. Tudo o que tens de fazer \u00e9 entrar na tua localiza\u00e7\u00e3o, definir o raio \u00e0 tua volta, e escolher se queres ver homens <a href=\"https:\/\/www.sites-de-encontros.com\/sites-de-encontros-casuais\/\">sites de encontros sexo<\/a> ou mulheres. Depois disso, receber\u00e1 f\u00f3sforos com base nas suas prefer\u00eancias. Assim que encontrares algu\u00e9m interessante, podes conversar com eles ou convid\u00e1-lo diretamente para sair. Esta aplica\u00e7\u00e3o funciona como o Tinder, exceto que n\u00e3o tens de pagar nada.<\/p>\n<h2>Seja travesso<\/h2>\n<p>Benaughty \u00e9 outra boa op\u00e7\u00e3o para aqueles que procuram encontros casuais. Pode navegar nos perfis de forma an\u00f3nima, enviar mensagens e organizar reuni\u00f5es. No entanto, ao contr\u00e1rio de One Night Friend, tem de pagar para usar esta aplica\u00e7\u00e3o. Mas se est\u00e1s disposto a dividir-te com algum dinheiro, esta \u00e9 uma escolha muito boa. N\u00e3o s\u00f3 a Benaughty oferece muitas funcionalidades, como tamb\u00e9m oferece uma associa\u00e7\u00e3o VIP. Com este pacote, voc\u00ea pode aceder a membros adicionais, como mensagens premium e chamadas de v\u00eddeo.<\/p>\n<h2>Liga\u00e7\u00e3o 69<\/h2>\n<p>O Hookup69 \u00e9 uma aplica\u00e7\u00e3o m\u00f3vel que o ajuda a conectar-se com pessoas pr\u00f3ximas. Ao contr\u00e1rio das aplica\u00e7\u00f5es anteriores, esta n\u00e3o requer que pague nada. Para come\u00e7ar, s\u00f3 tens de te inscrever, adicionar a tua foto de perfil e escrever sobre ti. A partir da\u00ed, pode ver fotos de outros que est\u00e3o interessados em encontrar-se consigo. Voc\u00ea tamb\u00e9m pode conferir mais ou menos as suas atividades e interesses favoritos. Quando pensas que est\u00e1s pronto para namorar, podes contact\u00e1-los. Eles respondem-te assim que estiverem livres.<\/p>\n<p><img loading=\"lazy\" class=\"aligncenter size-large wp-image-36\" src=\"http:\/\/blowflyofficial.com\/wp-content\/uploads\/2022\/08\/love-match-making-1024x683.jpeg\" alt=\"\" width=\"640\" height=\"427\" srcset=\"https:\/\/blowflyofficial.com\/wp-content\/uploads\/2022\/08\/love-match-making-1024x683.jpeg 1024w, https:\/\/blowflyofficial.com\/wp-content\/uploads\/2022\/08\/love-match-making-300x200.jpeg 300w, https:\/\/blowflyofficial.com\/wp-content\/uploads\/2022\/08\/love-match-making-768x512.jpeg 768w, https:\/\/blowflyofficial.com\/wp-content\/uploads\/2022\/08\/love-match-making-1536x1024.jpeg 1536w, https:\/\/blowflyofficial.com\/wp-content\/uploads\/2022\/08\/love-match-making-2048x1365.jpeg 2048w\" sizes=\"(max-width: 640px) 100vw, 640px\" \/><\/p>\n<h1>Os Nossos Conselhos<\/h1>\n<p>Os sites de liga\u00e7\u00e3o s\u00e3o muito comuns hoje em dia. Muitas vezes oferecem muitas funcionalidades interessantes, como chat de v\u00eddeo, webcam, chat ao vivo, etc., tornando-as uma das aplica\u00e7\u00f5es mais usadas entre as pessoas. No entanto, h\u00e1 tamb\u00e9m alguns inconvenientes. Por exemplo, n\u00e3o \u00e9 poss\u00edvel encontrar uma app de liga\u00e7\u00e3o fi\u00e1vel sem gastar dinheiro. Mas agora, temos algo melhor &#8211; benaughty.com. Este \u00e9 um site de encontros online gratuito onde voc\u00ea pode conhecer e namorar meninas de todo o mundo. Nem precisas de gastar nada para usar esta caracter\u00edstica fant\u00e1stica. Tudo o que precisa fazer \u00e9 registar-se e come\u00e7ar a procurar mulheres quentes. O melhor de Ser Travesso \u00e9 que voc\u00ea pode facilmente encontrar algu\u00e9m por perto. Ent\u00e3o, do que est\u00e1 \u00e0 espera? V\u00e1 em frente e experimente este site de encontros fant\u00e1stico.<\/p>\n<p>O mercado de encontros online \u00e9 inundado de diferentes plataformas, cada uma afirmando ser melhor do que outras. No entanto, ainda h\u00e1 algumas empresas que n\u00e3o foram esquecidas, mesmo que n\u00e3o ofere\u00e7am nada de especial. Um desses exemplos \u00e9 o Hookup69, um site de encontros local que oferece aos seus utilizadores muitas vantagens em rela\u00e7\u00e3o \u00e0s aplica\u00e7\u00f5es tradicionais de namoro.<\/p>\n<p>Tens de tomar a decis\u00e3o certa e usar uma empresa a s\u00e9rio para encontrar a app certa para ti.<\/p>\n","protected":false},"excerpt":{"rendered":"<p>Existem muitas aplica\u00e7\u00f5es de encontros online por a\u00ed &#8211; como Tinder, Bumble, OkCupid, PlentyOfFish, Match, etc. Mas algumas pessoas preferem encontrar o amor sem se inscrever em um site. Se voc\u00ea \u00e9 uma dessas pessoas, recomendamos verificar a nossa lista dos melhores sites de liga\u00e7\u00e3o gratuitamente. Estes sites n\u00e3o oferecem nenhum cart\u00e3o de cr\u00e9dito obrigat\u00f3rio, &#8230; <a title=\"Os nossos melhores sites de liga\u00e7\u00e3o revistos\" class=\"read-more\" href=\"https:\/\/blowflyofficial.com\/pt-pt\/\" aria-label=\"Mais sobre Os nossos melhores sites de liga\u00e7\u00e3o revistos\">Ler mais<\/a><\/p>\n","protected":false},"author":1,"featured_media":0,"parent":0,"menu_order":0,"comment_status":"closed","ping_status":"closed","template":"","meta":[],"yoast_head":"<!-- This site is optimized with the Yoast SEO plugin v17.7.1 - https:\/\/yoast.com\/wordpress\/plugins\/seo\/ -->\n<title>Os nossos melhores sites de liga\u00e7\u00e3o revistos - Rankings de Liga\u00e7\u00e3o<\/title>\n<meta name=\"robots\" content=\"index, follow, max-snippet:-1, max-image-preview:large, max-video-preview:-1\" \/>\n<link rel=\"canonical\" href=\"https:\/\/blowflyofficial.com\/pt-pt\/\" \/>\n<meta property=\"og:locale\" content=\"pt_PT\" \/>\n<meta property=\"og:type\" content=\"article\" \/>\n<meta property=\"og:title\" content=\"Os nossos melhores sites de liga\u00e7\u00e3o revistos - Rankings de Liga\u00e7\u00e3o\" \/>\n<meta property=\"og:description\" content=\"Existem muitas aplica\u00e7\u00f5es de encontros online por a\u00ed &#8211; como Tinder, Bumble, OkCupid, PlentyOfFish, Match, etc. Mas algumas pessoas preferem encontrar o amor sem se inscrever em um site. Se voc\u00ea \u00e9 uma dessas pessoas, recomendamos verificar a nossa lista dos melhores sites de liga\u00e7\u00e3o gratuitamente. Estes sites n\u00e3o oferecem nenhum cart\u00e3o de cr\u00e9dito obrigat\u00f3rio, ... Ler mais\" \/>\n<meta property=\"og:url\" content=\"https:\/\/blowflyofficial.com\/pt-pt\/\" \/>\n<meta property=\"og:site_name\" content=\"Rankings de Liga\u00e7\u00e3o\" \/>\n<meta property=\"article:modified_time\" content=\"2022-10-17T13:01:40+00:00\" \/>\n<meta property=\"og:image\" content=\"http:\/\/blowflyofficial.com\/wp-content\/uploads\/2022\/08\/guide-for-love-1024x681.jpeg\" \/>\n<meta name=\"twitter:card\" content=\"summary_large_image\" \/>\n<meta name=\"twitter:label1\" content=\"Tempo estimado de leitura\" \/>\n\t<meta name=\"twitter:data1\" content=\"5 minutos\" \/>\n<script type=\"application\/ld+json\" class=\"yoast-schema-graph\">{\"@context\":\"https:\/\/schema.org\",\"@graph\":[{\"@type\":\"WebSite\",\"@id\":\"http:\/\/blowflyofficial.com\/da\/#website\",\"url\":\"http:\/\/blowflyofficial.com\/da\/\",\"name\":\"Rankings de Liga\\u00e7\\u00e3o\",\"description\":\"Conselhos de namoro casual\",\"potentialAction\":[{\"@type\":\"SearchAction\",\"target\":{\"@type\":\"EntryPoint\",\"urlTemplate\":\"http:\/\/blowflyofficial.com\/da\/?s={search_term_string}\"},\"query-input\":\"required name=search_term_string\"}],\"inLanguage\":\"pt-PT\"},{\"@type\":\"ImageObject\",\"@id\":\"https:\/\/blowflyofficial.com\/pt-pt\/#primaryimage\",\"inLanguage\":\"pt-PT\",\"url\":\"http:\/\/blowflyofficial.com\/wp-content\/uploads\/2022\/08\/guide-for-love-1024x681.jpeg\",\"contentUrl\":\"http:\/\/blowflyofficial.com\/wp-content\/uploads\/2022\/08\/guide-for-love-1024x681.jpeg\"},{\"@type\":\"WebPage\",\"@id\":\"https:\/\/blowflyofficial.com\/pt-pt\/#webpage\",\"url\":\"https:\/\/blowflyofficial.com\/pt-pt\/\",\"name\":\"Os nossos melhores sites de liga\\u00e7\\u00e3o revistos - Rankings de Liga\\u00e7\\u00e3o\",\"isPartOf\":{\"@id\":\"http:\/\/blowflyofficial.com\/da\/#website\"},\"primaryImageOfPage\":{\"@id\":\"https:\/\/blowflyofficial.com\/pt-pt\/#primaryimage\"},\"datePublished\":\"2022-08-30T12:02:05+00:00\",\"dateModified\":\"2022-10-17T13:01:40+00:00\",\"breadcrumb\":{\"@id\":\"https:\/\/blowflyofficial.com\/pt-pt\/#breadcrumb\"},\"inLanguage\":\"pt-PT\",\"potentialAction\":[{\"@type\":\"ReadAction\",\"target\":[\"https:\/\/blowflyofficial.com\/pt-pt\/\"]}]},{\"@type\":\"BreadcrumbList\",\"@id\":\"https:\/\/blowflyofficial.com\/pt-pt\/#breadcrumb\",\"itemListElement\":[{\"@type\":\"ListItem\",\"position\":1,\"name\":\"Home\",\"item\":\"http:\/\/blowflyofficial.com\/pt-pt\/\"},{\"@type\":\"ListItem\",\"position\":2,\"name\":\"Os nossos melhores sites de liga\\u00e7\\u00e3o revistos\"}]}]}<\/script>\n<!-- \/ Yoast SEO plugin. -->","yoast_head_json":{"title":"Os nossos melhores sites de liga\u00e7\u00e3o revistos - Rankings de Liga\u00e7\u00e3o","robots":{"index":"index","follow":"follow","max-snippet":"max-snippet:-1","max-image-preview":"max-image-preview:large","max-video-preview":"max-video-preview:-1"},"canonical":"https:\/\/blowflyofficial.com\/pt-pt\/","og_locale":"pt_PT","og_type":"article","og_title":"Os nossos melhores sites de liga\u00e7\u00e3o revistos - Rankings de Liga\u00e7\u00e3o","og_description":"Existem muitas aplica\u00e7\u00f5es de encontros online por a\u00ed &#8211; como Tinder, Bumble, OkCupid, PlentyOfFish, Match, etc. Mas algumas pessoas preferem encontrar o amor sem se inscrever em um site. Se voc\u00ea \u00e9 uma dessas pessoas, recomendamos verificar a nossa lista dos melhores sites de liga\u00e7\u00e3o gratuitamente. Estes sites n\u00e3o oferecem nenhum cart\u00e3o de cr\u00e9dito obrigat\u00f3rio, ... Ler mais","og_url":"https:\/\/blowflyofficial.com\/pt-pt\/","og_site_name":"Rankings de Liga\u00e7\u00e3o","article_modified_time":"2022-10-17T13:01:40+00:00","og_image":[{"url":"http:\/\/blowflyofficial.com\/wp-content\/uploads\/2022\/08\/guide-for-love-1024x681.jpeg"}],"twitter_card":"summary_large_image","twitter_misc":{"Tempo estimado de leitura":"5 minutos"},"schema":{"@context":"https:\/\/schema.org","@graph":[{"@type":"WebSite","@id":"http:\/\/blowflyofficial.com\/da\/#website","url":"http:\/\/blowflyofficial.com\/da\/","name":"Rankings de Liga\u00e7\u00e3o","description":"Conselhos de namoro casual","potentialAction":[{"@type":"SearchAction","target":{"@type":"EntryPoint","urlTemplate":"http:\/\/blowflyofficial.com\/da\/?s={search_term_string}"},"query-input":"required name=search_term_string"}],"inLanguage":"pt-PT"},{"@type":"ImageObject","@id":"https:\/\/blowflyofficial.com\/pt-pt\/#primaryimage","inLanguage":"pt-PT","url":"http:\/\/blowflyofficial.com\/wp-content\/uploads\/2022\/08\/guide-for-love-1024x681.jpeg","contentUrl":"http:\/\/blowflyofficial.com\/wp-content\/uploads\/2022\/08\/guide-for-love-1024x681.jpeg"},{"@type":"WebPage","@id":"https:\/\/blowflyofficial.com\/pt-pt\/#webpage","url":"https:\/\/blowflyofficial.com\/pt-pt\/","name":"Os nossos melhores sites de liga\u00e7\u00e3o revistos - Rankings de Liga\u00e7\u00e3o","isPartOf":{"@id":"http:\/\/blowflyofficial.com\/da\/#website"},"primaryImageOfPage":{"@id":"https:\/\/blowflyofficial.com\/pt-pt\/#primaryimage"},"datePublished":"2022-08-30T12:02:05+00:00","dateModified":"2022-10-17T13:01:40+00:00","breadcrumb":{"@id":"https:\/\/blowflyofficial.com\/pt-pt\/#breadcrumb"},"inLanguage":"pt-PT","potentialAction":[{"@type":"ReadAction","target":["https:\/\/blowflyofficial.com\/pt-pt\/"]}]},{"@type":"BreadcrumbList","@id":"https:\/\/blowflyofficial.com\/pt-pt\/#breadcrumb","itemListElement":[{"@type":"ListItem","position":1,"name":"Home","item":"http:\/\/blowflyofficial.com\/pt-pt\/"},{"@type":"ListItem","position":2,"name":"Os nossos melhores sites de liga\u00e7\u00e3o revistos"}]}]}},"_links":{"self":[{"href":"https:\/\/blowflyofficial.com\/pt-pt\/wp-json\/wp\/v2\/pages\/218"}],"collection":[{"href":"https:\/\/blowflyofficial.com\/pt-pt\/wp-json\/wp\/v2\/pages"}],"about":[{"href":"https:\/\/blowflyofficial.com\/pt-pt\/wp-json\/wp\/v2\/types\/page"}],"author":[{"embeddable":true,"href":"https:\/\/blowflyofficial.com\/pt-pt\/wp-json\/wp\/v2\/users\/1"}],"replies":[{"embeddable":true,"href":"https:\/\/blowflyofficial.com\/pt-pt\/wp-json\/wp\/v2\/comments?post=218"}],"version-history":[{"count":2,"href":"https:\/\/blowflyofficial.com\/pt-pt\/wp-json\/wp\/v2\/pages\/218\/revisions"}],"predecessor-version":[{"id":242,"href":"https:\/\/blowflyofficial.com\/pt-pt\/wp-json\/wp\/v2\/pages\/218\/revisions\/242"}],"wp:attachment":[{"href":"https:\/\/blowflyofficial.com\/pt-pt\/wp-json\/wp\/v2\/media?parent=218"}],"curies":[{"name":"wp","href":"https:\/\/api.w.org\/{rel}","templated":true}]}}