{"id":184,"date":"2022-08-30T13:50:50","date_gmt":"2022-08-30T12:50:50","guid":{"rendered":"http:\/\/blowflyofficial.com\/procurando-sexo\/"},"modified":"2022-08-30T13:50:50","modified_gmt":"2022-08-30T12:50:50","slug":"procurando-sexo","status":"publish","type":"page","link":"https:\/\/blowflyofficial.com\/pt-pt\/procurando-sexo\/","title":{"rendered":"Procurando sexo"},"content":{"rendered":"<p>\u00c0 procura de divers\u00e3o esta noite? Ent\u00e3o veio ao lugar certo. Estamos aqui para ajud\u00e1-lo a encontrar o seu encontro casual perfeito para rapidinhas e divers\u00e3o het-up. Seja s\u00f3 jantar e bebidas, ou algo mais s\u00e9rio, temos a certeza que temos uma correspond\u00eancia para ti. O nosso site \u00e9 completamente gratuito e os nossos membros est\u00e3o sempre \u00e0 procura de divers\u00e3o. Para come\u00e7ar a encontrar algu\u00e9m especial agora, basta navegar nos nossos perfis e inscrever-se hoje.<\/p>\n<p>Na nossa opini\u00e3o, n\u00e3o h\u00e1 raz\u00e3o para n\u00e3o tentar encontrar um parceiro localmente. Afinal, <a href=\"http:\/\/blowflyofficial.com\/pt-pt\/melhores-aplicativos-de-namoro-para-encontrar-algo-serio\/\">vivem aqui perto<\/a>, conhecem-se bem, e provavelmente j\u00e1 se v\u00eaem todos os dias. Pode at\u00e9 se encontrar para tomar um caf\u00e9 de vez em quando. Por que n\u00e3o tentar?<\/p>\n<h2>Como usar aplicativos de namoro para apenas sexo<\/h2>\n<p>A coisa mais importante a saber sobre aplicativos de namoro \u00e9 que existem diferentes tipos de pessoas no mundo. Podes pensar que est\u00e1s \u00e0 procura de algu\u00e9m como tu, mas acontece que est\u00e1s mesmo \u00e0 procura de algu\u00e9m completamente diferente. H\u00e1 tr\u00eas categorias principais de pessoas online: as que querem sexo casual, as que querem relacionamentos a longo prazo, e as que s\u00f3 querem conhecer novos amigos. Eis como engatar mulheres com base no tipo de pessoa que \u00e9s.<\/p>\n<h2>Pessoas do sexo casual<\/h2>\n<p>As pessoas do sexo casual n\u00e3o se importam muito com a apar\u00eancia, mas preocupam-se com a personalidade. Normalmente s\u00e3o f\u00e1ceis, de mente aberta, e geralmente gostam de conhecer novas pessoas. Se est\u00e1s \u00e0 procura de uma noite divertida sem compromissos, pessoas de sexo casual s\u00e3o provavelmente a melhor escolha para ti. Estes tipos n\u00e3o se comprometem, mas v\u00e3o tentar qualquer coisa uma vez.<\/p>\n<h2>Rela\u00e7\u00f5es de longo prazo Pessoas<\/h2>\n<p>As pessoas de relacionamento a longo prazo s\u00e3o o oposto de pessoas sexuais casuais. Est\u00e3o \u00e0 procura de algo s\u00e9rio, e querem um parceiro em quem possam confiar. \u00c9 por isso que muitos deles est\u00e3o dispostos a aturar alguns tra\u00e7os pouco atraentes nos homens. Na verdade, muitas vezes se esmuvam a encontrar parceiros que sejam bonitos.<\/p>\n<h2>Conhecer pessoas de novos amigos<\/h2>\n<p>Conhecer novos amigos \u00e9 o grupo menos comum, mas ainda andam por a\u00ed. Normalmente ficam felizes em falar com qualquer um, mesmo com estranhos, porque adoram conhecer pessoas novas. Normalmente s\u00e3o amig\u00e1veis e extrovertidos, e est\u00e3o sempre interessados em ouvir as hist\u00f3rias dos outros. Tamb\u00e9m s\u00e3o grandes ouvintes, por isso, se alguma vez te sentires s\u00f3 ou aborrecida, podes contar com eles para manter as coisas interessantes.<\/p>\n<h2>Os Nossos Conselhos<\/h2>\n<p>Os solteiros de hoje s\u00e3o conhecidos por serem de mente aberta e flex\u00edveis quando se trata de quest\u00f5es como o sexo. Isto aplica-se tanto \u00e0s mulheres como aos homens. Na verdade, muitas pessoas preferem namorar algu\u00e9m que esteja disposto a experimentar algo novo.<\/p>\n<p>Isto aplica-se ainda mais fortemente aos idosos. Muitos deles ainda querem divertir-se durante a sua reforma. E embora existam muitos sites de encontros maduros voltados para os idosos, achamos que os encontros locais tamb\u00e9m s\u00e3o uma grande ideia.<\/p>\n","protected":false},"excerpt":{"rendered":"<p>\u00c0 procura de divers\u00e3o esta noite? Ent\u00e3o veio ao lugar certo. Estamos aqui para ajud\u00e1-lo a encontrar o seu encontro casual perfeito para rapidinhas e divers\u00e3o het-up. Seja s\u00f3 jantar e bebidas, ou algo mais s\u00e9rio, temos a certeza que temos uma correspond\u00eancia para ti. O nosso site \u00e9 completamente gratuito e os nossos membros &#8230; <a title=\"Procurando sexo\" class=\"read-more\" href=\"https:\/\/blowflyofficial.com\/pt-pt\/procurando-sexo\/\" aria-label=\"Mais sobre Procurando sexo\">Ler mais<\/a><\/p>\n","protected":false},"author":1,"featured_media":0,"parent":0,"menu_order":0,"comment_status":"closed","ping_status":"closed","template":"","meta":[],"yoast_head":"<!-- This site is optimized with the Yoast SEO plugin v17.7.1 - https:\/\/yoast.com\/wordpress\/plugins\/seo\/ -->\n<title>Procurando sexo - Rankings de Liga\u00e7\u00e3o<\/title>\n<meta name=\"robots\" content=\"index, follow, max-snippet:-1, max-image-preview:large, max-video-preview:-1\" \/>\n<link rel=\"canonical\" href=\"https:\/\/blowflyofficial.com\/pt-pt\/procurando-sexo\/\" \/>\n<meta property=\"og:locale\" content=\"pt_PT\" \/>\n<meta property=\"og:type\" content=\"article\" \/>\n<meta property=\"og:title\" content=\"Procurando sexo - Rankings de Liga\u00e7\u00e3o\" \/>\n<meta property=\"og:description\" content=\"\u00c0 procura de divers\u00e3o esta noite? Ent\u00e3o veio ao lugar certo. Estamos aqui para ajud\u00e1-lo a encontrar o seu encontro casual perfeito para rapidinhas e divers\u00e3o het-up. Seja s\u00f3 jantar e bebidas, ou algo mais s\u00e9rio, temos a certeza que temos uma correspond\u00eancia para ti. O nosso site \u00e9 completamente gratuito e os nossos membros ... Ler mais\" \/>\n<meta property=\"og:url\" content=\"https:\/\/blowflyofficial.com\/pt-pt\/procurando-sexo\/\" \/>\n<meta property=\"og:site_name\" content=\"Rankings de Liga\u00e7\u00e3o\" \/>\n<meta name=\"twitter:card\" content=\"summary_large_image\" \/>\n<meta name=\"twitter:label1\" content=\"Tempo estimado de leitura\" \/>\n\t<meta name=\"twitter:data1\" content=\"3 minutos\" \/>\n<script type=\"application\/ld+json\" class=\"yoast-schema-graph\">{\"@context\":\"https:\/\/schema.org\",\"@graph\":[{\"@type\":\"WebSite\",\"@id\":\"http:\/\/blowflyofficial.com\/da\/#website\",\"url\":\"http:\/\/blowflyofficial.com\/da\/\",\"name\":\"Rankings de Liga\\u00e7\\u00e3o\",\"description\":\"Conselhos de namoro casual\",\"potentialAction\":[{\"@type\":\"SearchAction\",\"target\":{\"@type\":\"EntryPoint\",\"urlTemplate\":\"http:\/\/blowflyofficial.com\/da\/?s={search_term_string}\"},\"query-input\":\"required name=search_term_string\"}],\"inLanguage\":\"pt-PT\"},{\"@type\":\"WebPage\",\"@id\":\"https:\/\/blowflyofficial.com\/pt-pt\/procurando-sexo\/#webpage\",\"url\":\"https:\/\/blowflyofficial.com\/pt-pt\/procurando-sexo\/\",\"name\":\"Procurando sexo - Rankings de Liga\\u00e7\\u00e3o\",\"isPartOf\":{\"@id\":\"http:\/\/blowflyofficial.com\/da\/#website\"},\"datePublished\":\"2022-08-30T12:50:50+00:00\",\"dateModified\":\"2022-08-30T12:50:50+00:00\",\"breadcrumb\":{\"@id\":\"https:\/\/blowflyofficial.com\/pt-pt\/procurando-sexo\/#breadcrumb\"},\"inLanguage\":\"pt-PT\",\"potentialAction\":[{\"@type\":\"ReadAction\",\"target\":[\"https:\/\/blowflyofficial.com\/pt-pt\/procurando-sexo\/\"]}]},{\"@type\":\"BreadcrumbList\",\"@id\":\"https:\/\/blowflyofficial.com\/pt-pt\/procurando-sexo\/#breadcrumb\",\"itemListElement\":[{\"@type\":\"ListItem\",\"position\":1,\"name\":\"Home\",\"item\":\"http:\/\/blowflyofficial.com\/pt-pt\/\"},{\"@type\":\"ListItem\",\"position\":2,\"name\":\"Procurando sexo\"}]}]}<\/script>\n<!-- \/ Yoast SEO plugin. -->","yoast_head_json":{"title":"Procurando sexo - Rankings de Liga\u00e7\u00e3o","robots":{"index":"index","follow":"follow","max-snippet":"max-snippet:-1","max-image-preview":"max-image-preview:large","max-video-preview":"max-video-preview:-1"},"canonical":"https:\/\/blowflyofficial.com\/pt-pt\/procurando-sexo\/","og_locale":"pt_PT","og_type":"article","og_title":"Procurando sexo - Rankings de Liga\u00e7\u00e3o","og_description":"\u00c0 procura de divers\u00e3o esta noite? Ent\u00e3o veio ao lugar certo. Estamos aqui para ajud\u00e1-lo a encontrar o seu encontro casual perfeito para rapidinhas e divers\u00e3o het-up. Seja s\u00f3 jantar e bebidas, ou algo mais s\u00e9rio, temos a certeza que temos uma correspond\u00eancia para ti. O nosso site \u00e9 completamente gratuito e os nossos membros ... Ler mais","og_url":"https:\/\/blowflyofficial.com\/pt-pt\/procurando-sexo\/","og_site_name":"Rankings de Liga\u00e7\u00e3o","twitter_card":"summary_large_image","twitter_misc":{"Tempo estimado de leitura":"3 minutos"},"schema":{"@context":"https:\/\/schema.org","@graph":[{"@type":"WebSite","@id":"http:\/\/blowflyofficial.com\/da\/#website","url":"http:\/\/blowflyofficial.com\/da\/","name":"Rankings de Liga\u00e7\u00e3o","description":"Conselhos de namoro casual","potentialAction":[{"@type":"SearchAction","target":{"@type":"EntryPoint","urlTemplate":"http:\/\/blowflyofficial.com\/da\/?s={search_term_string}"},"query-input":"required name=search_term_string"}],"inLanguage":"pt-PT"},{"@type":"WebPage","@id":"https:\/\/blowflyofficial.com\/pt-pt\/procurando-sexo\/#webpage","url":"https:\/\/blowflyofficial.com\/pt-pt\/procurando-sexo\/","name":"Procurando sexo - Rankings de Liga\u00e7\u00e3o","isPartOf":{"@id":"http:\/\/blowflyofficial.com\/da\/#website"},"datePublished":"2022-08-30T12:50:50+00:00","dateModified":"2022-08-30T12:50:50+00:00","breadcrumb":{"@id":"https:\/\/blowflyofficial.com\/pt-pt\/procurando-sexo\/#breadcrumb"},"inLanguage":"pt-PT","potentialAction":[{"@type":"ReadAction","target":["https:\/\/blowflyofficial.com\/pt-pt\/procurando-sexo\/"]}]},{"@type":"BreadcrumbList","@id":"https:\/\/blowflyofficial.com\/pt-pt\/procurando-sexo\/#breadcrumb","itemListElement":[{"@type":"ListItem","position":1,"name":"Home","item":"http:\/\/blowflyofficial.com\/pt-pt\/"},{"@type":"ListItem","position":2,"name":"Procurando sexo"}]}]}},"_links":{"self":[{"href":"https:\/\/blowflyofficial.com\/pt-pt\/wp-json\/wp\/v2\/pages\/184"}],"collection":[{"href":"https:\/\/blowflyofficial.com\/pt-pt\/wp-json\/wp\/v2\/pages"}],"about":[{"href":"https:\/\/blowflyofficial.com\/pt-pt\/wp-json\/wp\/v2\/types\/page"}],"author":[{"embeddable":true,"href":"https:\/\/blowflyofficial.com\/pt-pt\/wp-json\/wp\/v2\/users\/1"}],"replies":[{"embeddable":true,"href":"https:\/\/blowflyofficial.com\/pt-pt\/wp-json\/wp\/v2\/comments?post=184"}],"version-history":[{"count":0,"href":"https:\/\/blowflyofficial.com\/pt-pt\/wp-json\/wp\/v2\/pages\/184\/revisions"}],"wp:attachment":[{"href":"https:\/\/blowflyofficial.com\/pt-pt\/wp-json\/wp\/v2\/media?parent=184"}],"curies":[{"name":"wp","href":"https:\/\/api.w.org\/{rel}","templated":true}]}}