{"id":178,"date":"2022-08-30T13:54:35","date_gmt":"2022-08-30T12:54:35","guid":{"rendered":"http:\/\/blowflyofficial.com\/swapfinder-vs-easysex\/"},"modified":"2022-08-30T13:54:35","modified_gmt":"2022-08-30T12:54:35","slug":"swapfinder-vs-easysex","status":"publish","type":"page","link":"https:\/\/blowflyofficial.com\/pt-pt\/swapfinder-vs-easysex\/","title":{"rendered":"SwapFinder Vs. EasySex"},"content":{"rendered":"<p>Namorar online \u00e9 uma daquelas coisas que parece bastante simples: voc\u00ea se inscreve, preenche algumas perguntas sobre si mesmo, e espera que os f\u00f3sforos entrem. Mas h\u00e1 muito mais envolvido do que isso.<\/p>\n<p>A forma mais b\u00e1sica de encontrar algu\u00e9m compat\u00edvel \u00e9 apenas entrar numa aplica\u00e7\u00e3o ou site e procurar perfis. Se procura algo s\u00e9rio, pode demorar um pouco. E mesmo que consigas encontrar algu\u00e9m, ainda n\u00e3o saber\u00e1s se te querem namorar a n\u00e3o ser que lhes envies uma mensagem.<\/p>\n<p>Para sites como eHarmony, Match, PlentyOfFish, Zoosk, OkCupid e Tinder, voc\u00ea pode tecnicamente usar as suas vers\u00f5es gratuitas para olhar ao redor e ver o que est\u00e1 dispon\u00edvel. Mas tamb\u00e9m existem muitas op\u00e7\u00f5es pagas \u2013 aquelas que lhe permitem enviar datas potenciais e ver quem gosta de si.<\/p>\n<h2>Localizar swap<\/h2>\n<p>Se procura um lugar para <a href=\"http:\/\/blowflyofficial.com\/pt-pt\/encontre-um-encontro-casual-local\/\">conhecer pessoas online<\/a>, ent\u00e3o SwapFinder.com pode ser o que tem procurado. Isto n\u00e3o \u00e9 exatamente um site de encontros. Em vez disso, \u00e9 um site de redes sociais gratuito onde indiv\u00edduos semelhantes se re\u00fanem para trocar parceiros por uma noite de divers\u00e3o. E apesar de existirem muitos sites l\u00e1 fora que atendem especificamente a casais baloi\u00e7os, este fica de cabe\u00e7a e ombros acima dos restantes.<\/p>\n<p>A raz\u00e3o pela qual \u00e9 porque SwapFinder.com \u00e9 propriedade da mesma empresa que Adult Friend Finder, um dos sites de namoro adulto mais populares do mundo. Ent\u00e3o, se quiser encontrar algu\u00e9m com quem se encontrar esta noite, provavelmente ter\u00e1 muito mais sucesso em encontrar algu\u00e9m aqui do que em qualquer outro lugar.<\/p>\n<h2>Sexo F\u00e1cil<\/h2>\n<p>N\u00e3o sei quanto a ti, mas gosto de sexo. Adoro sexo. Na verdade, acho que \u00e9 a parte mais divertida da vida. E apesar de haver muitos s\u00edtios l\u00e1 fora onde se pode encontrar encontros, eu queria algo diferente. Algo melhor. Por isso inscrevi-me para EasySex.com.<\/p>\n<p>A ideia por tr\u00e1s da EasySex \u00e9 simples. Voc\u00ea se inscreve gratuitamente, faz upload de uma foto de perfil, preencha algumas perguntas e boom &#8211; voc\u00ea est\u00e1 pronto para come\u00e7ar a conhecer pessoas. N\u00e3o h\u00e1 taxas, nem truques, nem tretas. Pessoas de verdade \u00e0 procura de conversas a s\u00e9rio.<\/p>\n<p>At\u00e9 aqui, tudo bem. Mas o que realmente distingue a EasySex \u00e9 como \u00e9 f\u00e1cil conhecer pessoas. Ao contr\u00e1rio de outros sites, a EasySex n\u00e3o exige que pague extra para ver quem mais est\u00e1 online. Em vez disso, pode navegar nos perfis de forma completamente an\u00f3nima. Se quiser conversar com algu\u00e9m, basta escrever &#8220;Hey!&#8221; na caixa de texto ao lado da foto, acertar Send e voil\u00e0! As mensagens instant\u00e2neas come\u00e7am.<\/p>\n<p>E a melhor parte \u00e9 que, uma vez que decidas sair, n\u00e3o h\u00e1 custos escondidos. Tudo o que tem que fazer \u00e9 aparecer. A maioria das pessoas parece gostar de fazer isso.<\/p>\n<h1>Alternativa &#8211; Zoosk<\/h1>\n<p>Zoosk existe desde 2004 e reclama mais de 25 milh\u00f5es de membros em todo o mundo. Lan\u00e7ou recentemente uma aplica\u00e7\u00e3o redesenhada que permite aos utilizadores visualizar potenciais partidas com base em comunh\u00f5es como localiza\u00e7\u00e3o, idade, n\u00edvel de educa\u00e7\u00e3o, tipo de trabalho, etc.<\/p>\n<p>A aplica\u00e7\u00e3o ainda requer que os utilizadores preencham um question\u00e1rio sobre si mesmos antes de poderem ver a informa\u00e7\u00e3o de outros. Este question\u00e1rio inclui oito perguntas que ajudam zoosk a determinar que tipo de pessoa voc\u00ea \u00e9. Estas perguntas incluem &#8220;O que gosta de fazer?&#8221; e &#8220;Prefere sair sozinho ou com amigos?&#8221;.<\/p>\n<p>Podes ignorar algumas das perguntas, mas n\u00e3o podes ignorar a quest\u00e3o da personalidade. Tens de responder a todas as perguntas na \u00edntegra antes de passares ao pr\u00f3ximo passo.<\/p>\n","protected":false},"excerpt":{"rendered":"<p>Namorar online \u00e9 uma daquelas coisas que parece bastante simples: voc\u00ea se inscreve, preenche algumas perguntas sobre si mesmo, e espera que os f\u00f3sforos entrem. Mas h\u00e1 muito mais envolvido do que isso. A forma mais b\u00e1sica de encontrar algu\u00e9m compat\u00edvel \u00e9 apenas entrar numa aplica\u00e7\u00e3o ou site e procurar perfis. Se procura algo s\u00e9rio, &#8230; <a title=\"SwapFinder Vs. EasySex\" class=\"read-more\" href=\"https:\/\/blowflyofficial.com\/pt-pt\/swapfinder-vs-easysex\/\" aria-label=\"Mais sobre SwapFinder Vs. EasySex\">Ler mais<\/a><\/p>\n","protected":false},"author":1,"featured_media":0,"parent":0,"menu_order":0,"comment_status":"closed","ping_status":"closed","template":"","meta":[],"yoast_head":"<!-- This site is optimized with the Yoast SEO plugin v17.7.1 - https:\/\/yoast.com\/wordpress\/plugins\/seo\/ -->\n<title>SwapFinder Vs. EasySex - Rankings de Liga\u00e7\u00e3o<\/title>\n<meta name=\"robots\" content=\"index, follow, max-snippet:-1, max-image-preview:large, max-video-preview:-1\" \/>\n<link rel=\"canonical\" href=\"https:\/\/blowflyofficial.com\/pt-pt\/swapfinder-vs-easysex\/\" \/>\n<meta property=\"og:locale\" content=\"pt_PT\" \/>\n<meta property=\"og:type\" content=\"article\" \/>\n<meta property=\"og:title\" content=\"SwapFinder Vs. EasySex - Rankings de Liga\u00e7\u00e3o\" \/>\n<meta property=\"og:description\" content=\"Namorar online \u00e9 uma daquelas coisas que parece bastante simples: voc\u00ea se inscreve, preenche algumas perguntas sobre si mesmo, e espera que os f\u00f3sforos entrem. Mas h\u00e1 muito mais envolvido do que isso. A forma mais b\u00e1sica de encontrar algu\u00e9m compat\u00edvel \u00e9 apenas entrar numa aplica\u00e7\u00e3o ou site e procurar perfis. Se procura algo s\u00e9rio, ... Ler mais\" \/>\n<meta property=\"og:url\" content=\"https:\/\/blowflyofficial.com\/pt-pt\/swapfinder-vs-easysex\/\" \/>\n<meta property=\"og:site_name\" content=\"Rankings de Liga\u00e7\u00e3o\" \/>\n<meta name=\"twitter:card\" content=\"summary_large_image\" \/>\n<meta name=\"twitter:label1\" content=\"Tempo estimado de leitura\" \/>\n\t<meta name=\"twitter:data1\" content=\"3 minutos\" \/>\n<script type=\"application\/ld+json\" class=\"yoast-schema-graph\">{\"@context\":\"https:\/\/schema.org\",\"@graph\":[{\"@type\":\"WebSite\",\"@id\":\"http:\/\/blowflyofficial.com\/da\/#website\",\"url\":\"http:\/\/blowflyofficial.com\/da\/\",\"name\":\"Rankings de Liga\\u00e7\\u00e3o\",\"description\":\"Conselhos de namoro casual\",\"potentialAction\":[{\"@type\":\"SearchAction\",\"target\":{\"@type\":\"EntryPoint\",\"urlTemplate\":\"http:\/\/blowflyofficial.com\/da\/?s={search_term_string}\"},\"query-input\":\"required name=search_term_string\"}],\"inLanguage\":\"pt-PT\"},{\"@type\":\"WebPage\",\"@id\":\"https:\/\/blowflyofficial.com\/pt-pt\/swapfinder-vs-easysex\/#webpage\",\"url\":\"https:\/\/blowflyofficial.com\/pt-pt\/swapfinder-vs-easysex\/\",\"name\":\"SwapFinder Vs. EasySex - Rankings de Liga\\u00e7\\u00e3o\",\"isPartOf\":{\"@id\":\"http:\/\/blowflyofficial.com\/da\/#website\"},\"datePublished\":\"2022-08-30T12:54:35+00:00\",\"dateModified\":\"2022-08-30T12:54:35+00:00\",\"breadcrumb\":{\"@id\":\"https:\/\/blowflyofficial.com\/pt-pt\/swapfinder-vs-easysex\/#breadcrumb\"},\"inLanguage\":\"pt-PT\",\"potentialAction\":[{\"@type\":\"ReadAction\",\"target\":[\"https:\/\/blowflyofficial.com\/pt-pt\/swapfinder-vs-easysex\/\"]}]},{\"@type\":\"BreadcrumbList\",\"@id\":\"https:\/\/blowflyofficial.com\/pt-pt\/swapfinder-vs-easysex\/#breadcrumb\",\"itemListElement\":[{\"@type\":\"ListItem\",\"position\":1,\"name\":\"Home\",\"item\":\"http:\/\/blowflyofficial.com\/pt-pt\/\"},{\"@type\":\"ListItem\",\"position\":2,\"name\":\"SwapFinder Vs. EasySex\"}]}]}<\/script>\n<!-- \/ Yoast SEO plugin. -->","yoast_head_json":{"title":"SwapFinder Vs. EasySex - Rankings de Liga\u00e7\u00e3o","robots":{"index":"index","follow":"follow","max-snippet":"max-snippet:-1","max-image-preview":"max-image-preview:large","max-video-preview":"max-video-preview:-1"},"canonical":"https:\/\/blowflyofficial.com\/pt-pt\/swapfinder-vs-easysex\/","og_locale":"pt_PT","og_type":"article","og_title":"SwapFinder Vs. EasySex - Rankings de Liga\u00e7\u00e3o","og_description":"Namorar online \u00e9 uma daquelas coisas que parece bastante simples: voc\u00ea se inscreve, preenche algumas perguntas sobre si mesmo, e espera que os f\u00f3sforos entrem. Mas h\u00e1 muito mais envolvido do que isso. A forma mais b\u00e1sica de encontrar algu\u00e9m compat\u00edvel \u00e9 apenas entrar numa aplica\u00e7\u00e3o ou site e procurar perfis. Se procura algo s\u00e9rio, ... Ler mais","og_url":"https:\/\/blowflyofficial.com\/pt-pt\/swapfinder-vs-easysex\/","og_site_name":"Rankings de Liga\u00e7\u00e3o","twitter_card":"summary_large_image","twitter_misc":{"Tempo estimado de leitura":"3 minutos"},"schema":{"@context":"https:\/\/schema.org","@graph":[{"@type":"WebSite","@id":"http:\/\/blowflyofficial.com\/da\/#website","url":"http:\/\/blowflyofficial.com\/da\/","name":"Rankings de Liga\u00e7\u00e3o","description":"Conselhos de namoro casual","potentialAction":[{"@type":"SearchAction","target":{"@type":"EntryPoint","urlTemplate":"http:\/\/blowflyofficial.com\/da\/?s={search_term_string}"},"query-input":"required name=search_term_string"}],"inLanguage":"pt-PT"},{"@type":"WebPage","@id":"https:\/\/blowflyofficial.com\/pt-pt\/swapfinder-vs-easysex\/#webpage","url":"https:\/\/blowflyofficial.com\/pt-pt\/swapfinder-vs-easysex\/","name":"SwapFinder Vs. EasySex - Rankings de Liga\u00e7\u00e3o","isPartOf":{"@id":"http:\/\/blowflyofficial.com\/da\/#website"},"datePublished":"2022-08-30T12:54:35+00:00","dateModified":"2022-08-30T12:54:35+00:00","breadcrumb":{"@id":"https:\/\/blowflyofficial.com\/pt-pt\/swapfinder-vs-easysex\/#breadcrumb"},"inLanguage":"pt-PT","potentialAction":[{"@type":"ReadAction","target":["https:\/\/blowflyofficial.com\/pt-pt\/swapfinder-vs-easysex\/"]}]},{"@type":"BreadcrumbList","@id":"https:\/\/blowflyofficial.com\/pt-pt\/swapfinder-vs-easysex\/#breadcrumb","itemListElement":[{"@type":"ListItem","position":1,"name":"Home","item":"http:\/\/blowflyofficial.com\/pt-pt\/"},{"@type":"ListItem","position":2,"name":"SwapFinder Vs. EasySex"}]}]}},"_links":{"self":[{"href":"https:\/\/blowflyofficial.com\/pt-pt\/wp-json\/wp\/v2\/pages\/178"}],"collection":[{"href":"https:\/\/blowflyofficial.com\/pt-pt\/wp-json\/wp\/v2\/pages"}],"about":[{"href":"https:\/\/blowflyofficial.com\/pt-pt\/wp-json\/wp\/v2\/types\/page"}],"author":[{"embeddable":true,"href":"https:\/\/blowflyofficial.com\/pt-pt\/wp-json\/wp\/v2\/users\/1"}],"replies":[{"embeddable":true,"href":"https:\/\/blowflyofficial.com\/pt-pt\/wp-json\/wp\/v2\/comments?post=178"}],"version-history":[{"count":0,"href":"https:\/\/blowflyofficial.com\/pt-pt\/wp-json\/wp\/v2\/pages\/178\/revisions"}],"wp:attachment":[{"href":"https:\/\/blowflyofficial.com\/pt-pt\/wp-json\/wp\/v2\/media?parent=178"}],"curies":[{"name":"wp","href":"https:\/\/api.w.org\/{rel}","templated":true}]}}