{"id":158,"date":"2022-08-30T13:59:12","date_gmt":"2022-08-30T12:59:12","guid":{"rendered":"http:\/\/blowflyofficial.com\/melhores-aplicativos-de-namoro-para-encontrar-algo-serio\/"},"modified":"2022-08-30T13:59:12","modified_gmt":"2022-08-30T12:59:12","slug":"melhores-aplicativos-de-namoro-para-encontrar-algo-serio","status":"publish","type":"page","link":"https:\/\/blowflyofficial.com\/pt-pt\/melhores-aplicativos-de-namoro-para-encontrar-algo-serio\/","title":{"rendered":"Melhores aplicativos de namoro para encontrar algo s\u00e9rio"},"content":{"rendered":"<p>Sites de encontros online s\u00e3o \u00f3timos porque s\u00e3o gratuitos, an\u00f3nimos e convenientes. Permitem-lhe conhecer solteiros que partilhem interesses, valores e estilos de vida semelhantes. Mas tamb\u00e9m h\u00e1 algumas desvantagens. Sites de encontros online n\u00e3o s\u00e3o perfeitos. Alguns sites est\u00e3o cheios de perfis falsos, mensagens de spam e burl\u00f5es. Outros exigem que os utilizadores paguem para atualizar a ades\u00e3o ou usar servi\u00e7os premium.<\/p>\n<p>Dito isto, os sites de encontros online ainda valem a pena verificar. Existem muitos tipos diferentes de sites de encontros online, incluindo sites de matchmaking, sites de redes sociais e sites de encontros especializados. Cada tipo oferece o seu pr\u00f3prio conjunto \u00fanico de benef\u00edcios.<\/p>\n<h2>Match.com<\/h2>\n<p>Match.com \u00e9 um dos sites de encontros online mais populares por a\u00ed, e n\u00e3o \u00e9 de admirar o porqu\u00ea. Com <a href=\"http:\/\/blowflyofficial.com\/pt-pt\/swapfinder-vs-easysex\/\">milh\u00f5es de pessoas \u00e0 procura de amor todos os dias<\/a>, faz sentido que haja muitas op\u00e7\u00f5es por a\u00ed para aqueles que procuram o amor. Mas apesar de j\u00e1 c\u00e1 estar h\u00e1 mais de 20 anos, Match.com n\u00e3o \u00e9 propriamente de gra\u00e7a. Existem algumas funcionalidades pagas que acompanham a inscri\u00e7\u00e3o, como o envio de e-mails e fotografias de navega\u00e7\u00e3o, mas o dinheiro real chega quando decide come\u00e7ar a enviar mensagens aos membros.<\/p>\n<p>O plano b\u00e1sico de ades\u00e3o custa $29 por m\u00eas, enquanto o pacote Premium come\u00e7a nos $49\/m\u00eas. Ambos os planos incluem acesso a todo o site, incluindo a capacidade de navegar nos perfis dos membros, enviar mensagens, ver fotos e muito mais. No entanto, se voc\u00ea quiser realmente comunicar com potenciais f\u00f3sforos, voc\u00ea ter\u00e1 que atualizar para o pacote Gold ($79\/mo) ou pacote Platinum ($199\/mo). Estes pacotes oferecem funcionalidades adicionais, como linhas de chat ilimitadas, chats de v\u00eddeo e conversas de grupo. Se realmente quiser sair, pode gastar apenas 99 d\u00f3lares por m\u00eas no pacote Diamond, que inclui tudo inclu\u00eddo no pacote Platinum mais a capacidade de ver quem viu o seu perfil.<\/p>\n<h2>OKCupid<\/h2>\n<p>O mundo dos encontros online est\u00e1 a mudar rapidamente. E okCupid quer ajudar a acompanhar os tempos. Na quinta-feira, o popular site de encontros anunciou que relan\u00e7ou toda a sua linha de produtos sob um guarda-chuva chamado OKCupid.<\/p>\n<p>Agora, o site oferece tr\u00eas op\u00e7\u00f5es de subscri\u00e7\u00e3o diferentes: Basic ($19 por m\u00eas), Plus ($39 por m\u00eas) e Premium ($59 por m\u00eas). Por $19 por m\u00eas, pode aceder \u00e0s funcionalidades b\u00e1sicas do site, incluindo fotografias de membros de navega\u00e7\u00e3o, envio de mensagens e respostas de leitura. Al\u00e9m disso, receber\u00e1 notifica\u00e7\u00f5es quando algu\u00e9m lhe responder, enviar-lhe uma mensagem ou adicionar-lhe-\u00e1 a sua rede. Se optar por fazer upgrade para o plano Plus, ter\u00e1 acesso a funcionalidades adicionais, tais como ser capaz de enviar v\u00e1rias mensagens ao mesmo tempo, ver perfis completos de membros e ler mensagens sem ter de rolar para baixo. Finalmente, o pacote Premium permite-lhe responder diretamente \u00e0s mensagens que lhe s\u00e3o enviadas, bem como escrever notas personalizadas para os seus jogos.<\/p>\n<h2>OurTime<\/h2>\n<p>A ideia por tr\u00e1s do Nosso Tempo \u00e9 simples. Queremos ajudar as pessoas a encontrar amor, amizade, companheirismo, e talvez at\u00e9 casamento. E queremos faz\u00ea-lo sem ter que perder horas e horas preenchendo formul\u00e1rios online aborrecidos. Por isso constru\u00edmos um site onde qualquer pessoa com mais de 50 anos pode publicar um perfil, fazer upload de fotos, adicionar v\u00eddeos, escrever sobre si mesmos, responder a perguntas e conectar-se com outros.<\/p>\n<p>Sabemos que encontrar algu\u00e9m especial requer trabalho, seja atrav\u00e9s de amigos, familiares ou sites de encontros online. Mas achamos que todos merecem a oportunidade de conhecer algu\u00e9m grande \u2013 independentemente de como a vida fica ocupada. E sabemos que \u00e0s vezes envelhecer n\u00e3o significa perder a capacidade de encontrar a verdadeira felicidade. De facto, alguns estudos mostram que as pessoas na casa dos 40 e 50 anos s\u00e3o realmente mais felizes do que as de 20 e 30 anos.<\/p>\n<p>Mas enquanto milh\u00f5es de americanos j\u00e1 est\u00e3o a gozar os benef\u00edcios de fazer parte da &#8220;gera\u00e7\u00e3o de prata&#8221;, n\u00e3o h\u00e1 pessoas suficientes que percebam o qu\u00e3o melhor poderiam estar. De acordo com o Pew Research Center, quase metade dos adultos americanos nunca se casaram, e entre os que s\u00e3o casados, menos de metade dos casais dizem que j\u00e1 discutiram o que acontece depois da morte.<\/p>\n<p>Ent\u00e3o porque \u00e9 que mais pessoas n\u00e3o usam o Nosso Tempo para encontrar relacionamentos duradouros? Bem, acontece que muitas pessoas n\u00e3o est\u00e3o interessadas em conhecer outra pessoa porque assumem que v\u00e3o acabar sozinhas. Preocupam-se que n\u00e3o sejam capazes de atrair um parceiro, ou que acabem por se acomodar com algu\u00e9m menos atraente do que eles.<\/p>\n<h1>O nosso conselho para si<\/h1>\n<p>Os sites matchmaking s\u00e3o projetados para ajud\u00e1-lo a encontrar parceiros compat\u00edveis com base em interesses partilhados e tra\u00e7os de personalidade. Os sites de redes sociais s\u00e3o ideais para conhecer amigos e fazer liga\u00e7\u00f5es. Sites de encontros especializados atendem a grupos espec\u00edficos, como os interessados em encontrar o amor entre pais divorciados, homens gays ou m\u00e3es solteiras.<\/p>\n<p>H\u00e1 pr\u00f3s e contras em cada tipo de site. Os sites de matchmaking tendem a ser caros, mas oferecem melhor privacidade do que a maioria das outras op\u00e7\u00f5es. Os sites de redes sociais s\u00e3o gratuitos, mas n\u00e3o t\u00eam o toque pessoal dos sites de matchmaking. E sites de encontros especializados s\u00e3o geralmente mais baratos do que sites de matchmaking, mas podem n\u00e3o incluir funcionalidades encontradas em outros sites.<\/p>\n<p>Independentemente de qual op\u00e7\u00e3o funciona melhor para si, lembre-se que os sites de encontros online n\u00e3o s\u00e3o perfeitos. Aproveite-os, mas mantenha a mente aberta quando procura o amor.<\/p>\n","protected":false},"excerpt":{"rendered":"<p>Sites de encontros online s\u00e3o \u00f3timos porque s\u00e3o gratuitos, an\u00f3nimos e convenientes. Permitem-lhe conhecer solteiros que partilhem interesses, valores e estilos de vida semelhantes. Mas tamb\u00e9m h\u00e1 algumas desvantagens. Sites de encontros online n\u00e3o s\u00e3o perfeitos. Alguns sites est\u00e3o cheios de perfis falsos, mensagens de spam e burl\u00f5es. Outros exigem que os utilizadores paguem para &#8230; <a title=\"Melhores aplicativos de namoro para encontrar algo s\u00e9rio\" class=\"read-more\" href=\"https:\/\/blowflyofficial.com\/pt-pt\/melhores-aplicativos-de-namoro-para-encontrar-algo-serio\/\" aria-label=\"Mais sobre Melhores aplicativos de namoro para encontrar algo s\u00e9rio\">Ler mais<\/a><\/p>\n","protected":false},"author":1,"featured_media":0,"parent":0,"menu_order":0,"comment_status":"closed","ping_status":"closed","template":"","meta":[],"yoast_head":"<!-- This site is optimized with the Yoast SEO plugin v17.7.1 - https:\/\/yoast.com\/wordpress\/plugins\/seo\/ -->\n<title>Melhores aplicativos de namoro para encontrar algo s\u00e9rio - Rankings de Liga\u00e7\u00e3o<\/title>\n<meta name=\"robots\" content=\"index, follow, max-snippet:-1, max-image-preview:large, max-video-preview:-1\" \/>\n<link rel=\"canonical\" href=\"https:\/\/blowflyofficial.com\/pt-pt\/melhores-aplicativos-de-namoro-para-encontrar-algo-serio\/\" \/>\n<meta property=\"og:locale\" content=\"pt_PT\" \/>\n<meta property=\"og:type\" content=\"article\" \/>\n<meta property=\"og:title\" content=\"Melhores aplicativos de namoro para encontrar algo s\u00e9rio - Rankings de Liga\u00e7\u00e3o\" \/>\n<meta property=\"og:description\" content=\"Sites de encontros online s\u00e3o \u00f3timos porque s\u00e3o gratuitos, an\u00f3nimos e convenientes. Permitem-lhe conhecer solteiros que partilhem interesses, valores e estilos de vida semelhantes. Mas tamb\u00e9m h\u00e1 algumas desvantagens. Sites de encontros online n\u00e3o s\u00e3o perfeitos. Alguns sites est\u00e3o cheios de perfis falsos, mensagens de spam e burl\u00f5es. Outros exigem que os utilizadores paguem para ... Ler mais\" \/>\n<meta property=\"og:url\" content=\"https:\/\/blowflyofficial.com\/pt-pt\/melhores-aplicativos-de-namoro-para-encontrar-algo-serio\/\" \/>\n<meta property=\"og:site_name\" content=\"Rankings de Liga\u00e7\u00e3o\" \/>\n<meta name=\"twitter:card\" content=\"summary_large_image\" \/>\n<meta name=\"twitter:label1\" content=\"Tempo estimado de leitura\" \/>\n\t<meta name=\"twitter:data1\" content=\"5 minutos\" \/>\n<script type=\"application\/ld+json\" class=\"yoast-schema-graph\">{\"@context\":\"https:\/\/schema.org\",\"@graph\":[{\"@type\":\"WebSite\",\"@id\":\"http:\/\/blowflyofficial.com\/da\/#website\",\"url\":\"http:\/\/blowflyofficial.com\/da\/\",\"name\":\"Rankings de Liga\\u00e7\\u00e3o\",\"description\":\"Conselhos de namoro casual\",\"potentialAction\":[{\"@type\":\"SearchAction\",\"target\":{\"@type\":\"EntryPoint\",\"urlTemplate\":\"http:\/\/blowflyofficial.com\/da\/?s={search_term_string}\"},\"query-input\":\"required name=search_term_string\"}],\"inLanguage\":\"pt-PT\"},{\"@type\":\"WebPage\",\"@id\":\"https:\/\/blowflyofficial.com\/pt-pt\/melhores-aplicativos-de-namoro-para-encontrar-algo-serio\/#webpage\",\"url\":\"https:\/\/blowflyofficial.com\/pt-pt\/melhores-aplicativos-de-namoro-para-encontrar-algo-serio\/\",\"name\":\"Melhores aplicativos de namoro para encontrar algo s\\u00e9rio - Rankings de Liga\\u00e7\\u00e3o\",\"isPartOf\":{\"@id\":\"http:\/\/blowflyofficial.com\/da\/#website\"},\"datePublished\":\"2022-08-30T12:59:12+00:00\",\"dateModified\":\"2022-08-30T12:59:12+00:00\",\"breadcrumb\":{\"@id\":\"https:\/\/blowflyofficial.com\/pt-pt\/melhores-aplicativos-de-namoro-para-encontrar-algo-serio\/#breadcrumb\"},\"inLanguage\":\"pt-PT\",\"potentialAction\":[{\"@type\":\"ReadAction\",\"target\":[\"https:\/\/blowflyofficial.com\/pt-pt\/melhores-aplicativos-de-namoro-para-encontrar-algo-serio\/\"]}]},{\"@type\":\"BreadcrumbList\",\"@id\":\"https:\/\/blowflyofficial.com\/pt-pt\/melhores-aplicativos-de-namoro-para-encontrar-algo-serio\/#breadcrumb\",\"itemListElement\":[{\"@type\":\"ListItem\",\"position\":1,\"name\":\"Home\",\"item\":\"http:\/\/blowflyofficial.com\/pt-pt\/\"},{\"@type\":\"ListItem\",\"position\":2,\"name\":\"Melhores aplicativos de namoro para encontrar algo s\\u00e9rio\"}]}]}<\/script>\n<!-- \/ Yoast SEO plugin. -->","yoast_head_json":{"title":"Melhores aplicativos de namoro para encontrar algo s\u00e9rio - Rankings de Liga\u00e7\u00e3o","robots":{"index":"index","follow":"follow","max-snippet":"max-snippet:-1","max-image-preview":"max-image-preview:large","max-video-preview":"max-video-preview:-1"},"canonical":"https:\/\/blowflyofficial.com\/pt-pt\/melhores-aplicativos-de-namoro-para-encontrar-algo-serio\/","og_locale":"pt_PT","og_type":"article","og_title":"Melhores aplicativos de namoro para encontrar algo s\u00e9rio - Rankings de Liga\u00e7\u00e3o","og_description":"Sites de encontros online s\u00e3o \u00f3timos porque s\u00e3o gratuitos, an\u00f3nimos e convenientes. Permitem-lhe conhecer solteiros que partilhem interesses, valores e estilos de vida semelhantes. Mas tamb\u00e9m h\u00e1 algumas desvantagens. Sites de encontros online n\u00e3o s\u00e3o perfeitos. Alguns sites est\u00e3o cheios de perfis falsos, mensagens de spam e burl\u00f5es. Outros exigem que os utilizadores paguem para ... Ler mais","og_url":"https:\/\/blowflyofficial.com\/pt-pt\/melhores-aplicativos-de-namoro-para-encontrar-algo-serio\/","og_site_name":"Rankings de Liga\u00e7\u00e3o","twitter_card":"summary_large_image","twitter_misc":{"Tempo estimado de leitura":"5 minutos"},"schema":{"@context":"https:\/\/schema.org","@graph":[{"@type":"WebSite","@id":"http:\/\/blowflyofficial.com\/da\/#website","url":"http:\/\/blowflyofficial.com\/da\/","name":"Rankings de Liga\u00e7\u00e3o","description":"Conselhos de namoro casual","potentialAction":[{"@type":"SearchAction","target":{"@type":"EntryPoint","urlTemplate":"http:\/\/blowflyofficial.com\/da\/?s={search_term_string}"},"query-input":"required name=search_term_string"}],"inLanguage":"pt-PT"},{"@type":"WebPage","@id":"https:\/\/blowflyofficial.com\/pt-pt\/melhores-aplicativos-de-namoro-para-encontrar-algo-serio\/#webpage","url":"https:\/\/blowflyofficial.com\/pt-pt\/melhores-aplicativos-de-namoro-para-encontrar-algo-serio\/","name":"Melhores aplicativos de namoro para encontrar algo s\u00e9rio - Rankings de Liga\u00e7\u00e3o","isPartOf":{"@id":"http:\/\/blowflyofficial.com\/da\/#website"},"datePublished":"2022-08-30T12:59:12+00:00","dateModified":"2022-08-30T12:59:12+00:00","breadcrumb":{"@id":"https:\/\/blowflyofficial.com\/pt-pt\/melhores-aplicativos-de-namoro-para-encontrar-algo-serio\/#breadcrumb"},"inLanguage":"pt-PT","potentialAction":[{"@type":"ReadAction","target":["https:\/\/blowflyofficial.com\/pt-pt\/melhores-aplicativos-de-namoro-para-encontrar-algo-serio\/"]}]},{"@type":"BreadcrumbList","@id":"https:\/\/blowflyofficial.com\/pt-pt\/melhores-aplicativos-de-namoro-para-encontrar-algo-serio\/#breadcrumb","itemListElement":[{"@type":"ListItem","position":1,"name":"Home","item":"http:\/\/blowflyofficial.com\/pt-pt\/"},{"@type":"ListItem","position":2,"name":"Melhores aplicativos de namoro para encontrar algo s\u00e9rio"}]}]}},"_links":{"self":[{"href":"https:\/\/blowflyofficial.com\/pt-pt\/wp-json\/wp\/v2\/pages\/158"}],"collection":[{"href":"https:\/\/blowflyofficial.com\/pt-pt\/wp-json\/wp\/v2\/pages"}],"about":[{"href":"https:\/\/blowflyofficial.com\/pt-pt\/wp-json\/wp\/v2\/types\/page"}],"author":[{"embeddable":true,"href":"https:\/\/blowflyofficial.com\/pt-pt\/wp-json\/wp\/v2\/users\/1"}],"replies":[{"embeddable":true,"href":"https:\/\/blowflyofficial.com\/pt-pt\/wp-json\/wp\/v2\/comments?post=158"}],"version-history":[{"count":0,"href":"https:\/\/blowflyofficial.com\/pt-pt\/wp-json\/wp\/v2\/pages\/158\/revisions"}],"wp:attachment":[{"href":"https:\/\/blowflyofficial.com\/pt-pt\/wp-json\/wp\/v2\/media?parent=158"}],"curies":[{"name":"wp","href":"https:\/\/api.w.org\/{rel}","templated":true}]}}