{"id":138,"date":"2022-08-30T14:15:19","date_gmt":"2022-08-30T13:15:19","guid":{"rendered":"http:\/\/blowflyofficial.com\/sites-casuais-de-namoro-swinger\/"},"modified":"2022-08-30T14:15:19","modified_gmt":"2022-08-30T13:15:19","slug":"sites-casuais-de-namoro-swinger","status":"publish","type":"page","link":"https:\/\/blowflyofficial.com\/pt-pt\/sites-casuais-de-namoro-swinger\/","title":{"rendered":"Sites casuais de namoro swinger"},"content":{"rendered":"<p>A melhor maneira de conhecer pessoas interessadas em baloi\u00e7o \u00e9 se juntar a um site de encontros swinger. Existem muitas op\u00e7\u00f5es l\u00e1 fora, incluindo algumas pagas, mas descobrimos que a maioria dos melhores sites s\u00e3o gratuitos. Estes sites atendem especificamente a quem procura casais, m\u00e9nages e quartetos. Tamb\u00e9m tendem a ser muito discretos sobre o que fazem, permitindo que os membros se comuniquem sem medo de serem apanhados.<\/p>\n<p>Test\u00e1mos diferentes sites com base no qu\u00e3o bem <a href=\"http:\/\/blowflyofficial.com\/pt-pt\/encontre-um-milf-na-sua-area\/\">eles correspondiam aos<\/a> nossos crit\u00e9rios para encontrar swingers locais. Analis\u00e1mos coisas como o n\u00famero de cidades abrangidas, a quantidade de informa\u00e7\u00e3o dispon\u00edvel e se era poss\u00edvel ordenar perfis por local. Tamb\u00e9m tivemos em conta se o site tinha uma aplica\u00e7\u00e3o m\u00f3vel, bem como se era f\u00e1cil navegar e entender.<\/p>\n<p>O mundo dos baloi\u00e7os n\u00e3o \u00e9 f\u00e1cil. H\u00e1 regras, regulamentos e expectativas a seguir. Mas n\u00e3o te preocupes, n\u00e3o ter\u00e1s de ir sozinho. Reunimos uma lista dos melhores sites de swinger ao redor, incluindo avalia\u00e7\u00f5es e avalia\u00e7\u00f5es. Al\u00e9m disso, vamos mostrar-lhe como usar o site para encontrar swingers locais perto de si.<\/p>\n<p>Quer\u00edamos encontrar os melhores sites de encontros de swinger porque h\u00e1 tantas op\u00e7\u00f5es l\u00e1 fora. O nosso objetivo era facilitar a ades\u00e3o a um site de swinger com base nos crit\u00e9rios acima referidos. Ent\u00e3o fomos direto \u00e0 fonte e pergunt\u00e1mos \u00e0s pessoas reais: &#8220;Que site de swinger usas mais vezes? Porqu\u00ea? Qual deles trabalha melhor para si?&#8221;<\/p>\n<h2>Onde come\u00e7ar?<\/h2>\n<p>O levantamento decorreu ao longo de um m\u00eas e meio. Envi\u00e1mos e-mails a milhares de swingers ativos, pedindo-lhes que participassem no nosso estudo. Depois de receber centenas de respostas, reduzimos a lista para os 10 melhores sites e escolhemos os vencedores com base nos dados recolhidos.<\/p>\n<h3>AFF<\/h3>\n<p>Adult Friend Finder ainda \u00e9 o maior site de swinger ao redor. O site conta com mais de 10 milh\u00f5es de membros registados e \u00e9 f\u00e1cil perceber porqu\u00ea. Com um n\u00famero t\u00e3o grande de membros, h\u00e1 muitas oportunidades para se conectar com outros que procuram experi\u00eancias de balan\u00e7o.<\/p>\n<p>A melhor parte AFFCommunity.com \u00e9 que \u00e9 muito ativo. H\u00e1 muitas formas de interagir com outros membros. Voc\u00ea pode juntar-se a grupos baseados em interesses espec\u00edficos como BDSM, poliamor e at\u00e9 fetiches. Estes grupos permitem-lhe falar sobre o que quer fazer e o quanto quer faz\u00ea-lo. Tamb\u00e9m pode usar os f\u00f3runs para fazer perguntas e obter conselhos de outros membros.<\/p>\n<h3>Trocas<\/h3>\n<p>Swaps \u00e9 outra \u00f3tima op\u00e7\u00e3o para encontrar um parceiro. Este site permite-lhe navegar perfis de pessoas que procuram trocar. Pode filtrar as suas pesquisas por idade, sexo, localiza\u00e7\u00e3o e orienta\u00e7\u00e3o sexual. Assim que encontrar algu\u00e9m com quem queira encontrar,pode enviar mensagens diretamente do perfil. Se n\u00e3o tiver not\u00edcias dentro de 24 horas, pode reensuais a sua mensagem.<\/p>\n<h3>Rio Kasidie<\/h3>\n<p>Kasidie.com \u00e9 uma das op\u00e7\u00f5es mais populares para quem quer explorar o baloi\u00e7o. Oferecem muitas atividades diferentes, incluindo festas, sexo em grupo e encena\u00e7\u00e3o. Este site tamb\u00e9m oferece sess\u00f5es de webcam ao vivo onde voc\u00ea pode assistir pessoas executando atos juntos.<\/p>\n<h3>ALT<\/h3>\n<p>Se est\u00e1s \u00e0 procura de alguma excita\u00e7\u00e3o extra, v\u00ea Alt.com. Este site apresenta fotos sensuais de modelos que est\u00e3o dispostos a realizar certos atos. As raparigas despiram-se completamente nuas e mostram os seus corpos. Algumas das fotos apresentam masturba\u00e7\u00e3o enquanto outras t\u00eam sexo hardcore expl\u00edcito.<\/p>\n<p>H\u00e1 muitos benef\u00edcios em se juntar a um site de swinger. Primeiro, d\u00e1-lhe acesso a um enorme conjunto de potenciais parceiros. Segundo, d\u00e1-te a oportunidade de experimentar algo que de outra forma nunca poderias experimentar. Em terceiro lugar, proporciona um ambiente seguro para explorar as suas fantasias. Finalmente, ajuda-te a evitar ser apanhado a falar sujo online.<\/p>\n","protected":false},"excerpt":{"rendered":"<p>A melhor maneira de conhecer pessoas interessadas em baloi\u00e7o \u00e9 se juntar a um site de encontros swinger. Existem muitas op\u00e7\u00f5es l\u00e1 fora, incluindo algumas pagas, mas descobrimos que a maioria dos melhores sites s\u00e3o gratuitos. Estes sites atendem especificamente a quem procura casais, m\u00e9nages e quartetos. Tamb\u00e9m tendem a ser muito discretos sobre o &#8230; <a title=\"Sites casuais de namoro swinger\" class=\"read-more\" href=\"https:\/\/blowflyofficial.com\/pt-pt\/sites-casuais-de-namoro-swinger\/\" aria-label=\"Mais sobre Sites casuais de namoro swinger\">Ler mais<\/a><\/p>\n","protected":false},"author":1,"featured_media":0,"parent":0,"menu_order":0,"comment_status":"closed","ping_status":"closed","template":"","meta":[],"yoast_head":"<!-- This site is optimized with the Yoast SEO plugin v17.7.1 - https:\/\/yoast.com\/wordpress\/plugins\/seo\/ -->\n<title>Sites casuais de namoro swinger - Rankings de Liga\u00e7\u00e3o<\/title>\n<meta name=\"robots\" content=\"index, follow, max-snippet:-1, max-image-preview:large, max-video-preview:-1\" \/>\n<link rel=\"canonical\" href=\"https:\/\/blowflyofficial.com\/pt-pt\/sites-casuais-de-namoro-swinger\/\" \/>\n<meta property=\"og:locale\" content=\"pt_PT\" \/>\n<meta property=\"og:type\" content=\"article\" \/>\n<meta property=\"og:title\" content=\"Sites casuais de namoro swinger - Rankings de Liga\u00e7\u00e3o\" \/>\n<meta property=\"og:description\" content=\"A melhor maneira de conhecer pessoas interessadas em baloi\u00e7o \u00e9 se juntar a um site de encontros swinger. Existem muitas op\u00e7\u00f5es l\u00e1 fora, incluindo algumas pagas, mas descobrimos que a maioria dos melhores sites s\u00e3o gratuitos. Estes sites atendem especificamente a quem procura casais, m\u00e9nages e quartetos. Tamb\u00e9m tendem a ser muito discretos sobre o ... Ler mais\" \/>\n<meta property=\"og:url\" content=\"https:\/\/blowflyofficial.com\/pt-pt\/sites-casuais-de-namoro-swinger\/\" \/>\n<meta property=\"og:site_name\" content=\"Rankings de Liga\u00e7\u00e3o\" \/>\n<meta name=\"twitter:card\" content=\"summary_large_image\" \/>\n<meta name=\"twitter:label1\" content=\"Tempo estimado de leitura\" \/>\n\t<meta name=\"twitter:data1\" content=\"3 minutos\" \/>\n<script type=\"application\/ld+json\" class=\"yoast-schema-graph\">{\"@context\":\"https:\/\/schema.org\",\"@graph\":[{\"@type\":\"WebSite\",\"@id\":\"http:\/\/blowflyofficial.com\/da\/#website\",\"url\":\"http:\/\/blowflyofficial.com\/da\/\",\"name\":\"Rankings de Liga\\u00e7\\u00e3o\",\"description\":\"Conselhos de namoro casual\",\"potentialAction\":[{\"@type\":\"SearchAction\",\"target\":{\"@type\":\"EntryPoint\",\"urlTemplate\":\"http:\/\/blowflyofficial.com\/da\/?s={search_term_string}\"},\"query-input\":\"required name=search_term_string\"}],\"inLanguage\":\"pt-PT\"},{\"@type\":\"WebPage\",\"@id\":\"https:\/\/blowflyofficial.com\/pt-pt\/sites-casuais-de-namoro-swinger\/#webpage\",\"url\":\"https:\/\/blowflyofficial.com\/pt-pt\/sites-casuais-de-namoro-swinger\/\",\"name\":\"Sites casuais de namoro swinger - Rankings de Liga\\u00e7\\u00e3o\",\"isPartOf\":{\"@id\":\"http:\/\/blowflyofficial.com\/da\/#website\"},\"datePublished\":\"2022-08-30T13:15:19+00:00\",\"dateModified\":\"2022-08-30T13:15:19+00:00\",\"breadcrumb\":{\"@id\":\"https:\/\/blowflyofficial.com\/pt-pt\/sites-casuais-de-namoro-swinger\/#breadcrumb\"},\"inLanguage\":\"pt-PT\",\"potentialAction\":[{\"@type\":\"ReadAction\",\"target\":[\"https:\/\/blowflyofficial.com\/pt-pt\/sites-casuais-de-namoro-swinger\/\"]}]},{\"@type\":\"BreadcrumbList\",\"@id\":\"https:\/\/blowflyofficial.com\/pt-pt\/sites-casuais-de-namoro-swinger\/#breadcrumb\",\"itemListElement\":[{\"@type\":\"ListItem\",\"position\":1,\"name\":\"Home\",\"item\":\"http:\/\/blowflyofficial.com\/pt-pt\/\"},{\"@type\":\"ListItem\",\"position\":2,\"name\":\"Sites casuais de namoro swinger\"}]}]}<\/script>\n<!-- \/ Yoast SEO plugin. -->","yoast_head_json":{"title":"Sites casuais de namoro swinger - Rankings de Liga\u00e7\u00e3o","robots":{"index":"index","follow":"follow","max-snippet":"max-snippet:-1","max-image-preview":"max-image-preview:large","max-video-preview":"max-video-preview:-1"},"canonical":"https:\/\/blowflyofficial.com\/pt-pt\/sites-casuais-de-namoro-swinger\/","og_locale":"pt_PT","og_type":"article","og_title":"Sites casuais de namoro swinger - Rankings de Liga\u00e7\u00e3o","og_description":"A melhor maneira de conhecer pessoas interessadas em baloi\u00e7o \u00e9 se juntar a um site de encontros swinger. Existem muitas op\u00e7\u00f5es l\u00e1 fora, incluindo algumas pagas, mas descobrimos que a maioria dos melhores sites s\u00e3o gratuitos. Estes sites atendem especificamente a quem procura casais, m\u00e9nages e quartetos. Tamb\u00e9m tendem a ser muito discretos sobre o ... Ler mais","og_url":"https:\/\/blowflyofficial.com\/pt-pt\/sites-casuais-de-namoro-swinger\/","og_site_name":"Rankings de Liga\u00e7\u00e3o","twitter_card":"summary_large_image","twitter_misc":{"Tempo estimado de leitura":"3 minutos"},"schema":{"@context":"https:\/\/schema.org","@graph":[{"@type":"WebSite","@id":"http:\/\/blowflyofficial.com\/da\/#website","url":"http:\/\/blowflyofficial.com\/da\/","name":"Rankings de Liga\u00e7\u00e3o","description":"Conselhos de namoro casual","potentialAction":[{"@type":"SearchAction","target":{"@type":"EntryPoint","urlTemplate":"http:\/\/blowflyofficial.com\/da\/?s={search_term_string}"},"query-input":"required name=search_term_string"}],"inLanguage":"pt-PT"},{"@type":"WebPage","@id":"https:\/\/blowflyofficial.com\/pt-pt\/sites-casuais-de-namoro-swinger\/#webpage","url":"https:\/\/blowflyofficial.com\/pt-pt\/sites-casuais-de-namoro-swinger\/","name":"Sites casuais de namoro swinger - Rankings de Liga\u00e7\u00e3o","isPartOf":{"@id":"http:\/\/blowflyofficial.com\/da\/#website"},"datePublished":"2022-08-30T13:15:19+00:00","dateModified":"2022-08-30T13:15:19+00:00","breadcrumb":{"@id":"https:\/\/blowflyofficial.com\/pt-pt\/sites-casuais-de-namoro-swinger\/#breadcrumb"},"inLanguage":"pt-PT","potentialAction":[{"@type":"ReadAction","target":["https:\/\/blowflyofficial.com\/pt-pt\/sites-casuais-de-namoro-swinger\/"]}]},{"@type":"BreadcrumbList","@id":"https:\/\/blowflyofficial.com\/pt-pt\/sites-casuais-de-namoro-swinger\/#breadcrumb","itemListElement":[{"@type":"ListItem","position":1,"name":"Home","item":"http:\/\/blowflyofficial.com\/pt-pt\/"},{"@type":"ListItem","position":2,"name":"Sites casuais de namoro swinger"}]}]}},"_links":{"self":[{"href":"https:\/\/blowflyofficial.com\/pt-pt\/wp-json\/wp\/v2\/pages\/138"}],"collection":[{"href":"https:\/\/blowflyofficial.com\/pt-pt\/wp-json\/wp\/v2\/pages"}],"about":[{"href":"https:\/\/blowflyofficial.com\/pt-pt\/wp-json\/wp\/v2\/types\/page"}],"author":[{"embeddable":true,"href":"https:\/\/blowflyofficial.com\/pt-pt\/wp-json\/wp\/v2\/users\/1"}],"replies":[{"embeddable":true,"href":"https:\/\/blowflyofficial.com\/pt-pt\/wp-json\/wp\/v2\/comments?post=138"}],"version-history":[{"count":0,"href":"https:\/\/blowflyofficial.com\/pt-pt\/wp-json\/wp\/v2\/pages\/138\/revisions"}],"wp:attachment":[{"href":"https:\/\/blowflyofficial.com\/pt-pt\/wp-json\/wp\/v2\/media?parent=138"}],"curies":[{"name":"wp","href":"https:\/\/api.w.org\/{rel}","templated":true}]}}