{"id":129,"date":"2022-08-30T14:17:26","date_gmt":"2022-08-30T13:17:26","guid":{"rendered":"http:\/\/blowflyofficial.com\/um-encontro-de-stand-de-noite\/"},"modified":"2022-08-30T14:17:26","modified_gmt":"2022-08-30T13:17:26","slug":"um-encontro-de-stand-de-noite","status":"publish","type":"page","link":"https:\/\/blowflyofficial.com\/pt-pt\/um-encontro-de-stand-de-noite\/","title":{"rendered":"Um encontro de stand de noite"},"content":{"rendered":"<p>Se queres fazer um encontro de uma noite com mulheres, \u00e9 preciso alguma prepara\u00e7\u00e3o e estrat\u00e9gia. N\u00e3o se vai ter com uma mulher e lhe pergunta o que quer. Se o fizeres, provavelmente vais acabar por ser rejeitado. H\u00e1 certas coisas que precisas de saber sobre as mulheres antes de as abordares. Aqui est\u00e3o os passos que precisa tomar para fazer uma noite com as mulheres.<\/p>\n<h2>Nossas dicas para encontrar algo casual<\/h2>\n<p>Muitas pessoas pensam que sexo casual \u00e9 apenas sobre dar uma queca sem se preocupar com mais nada. Mas h\u00e1 muitas coisas a considerar para al\u00e9m do pr\u00f3prio ato f\u00edsico. H\u00e1 riscos envolvidos que podem afetar ambas as partes. E mesmo que nenhuma das pessoas sinta que est\u00e1 a ser pressionada a fazer algo que n\u00e3o quer, ainda h\u00e1 maneiras de garantir que todos est\u00e3o confort\u00e1veis.<\/p>\n<h3>Conhe\u00e7a-se primeiro<\/h3>\n<p>A coisa mais importante que tens de fazer antes de fazeres um encontro de uma noite com uma mulher \u00e9 entenderes-te a ti pr\u00f3prio. O que te faz vibrar? Por que reage da maneira que reage? Como funciona o seu c\u00e9rebro? Estas perguntas ajudam-te a perceber porque ages como ages. Assim que responderes a essas perguntas, est\u00e1s pronto para seguir em frente.<\/p>\n<h3>Seja honesto sobre as suas inten\u00e7\u00f5es<\/h3>\n<p>A seguir, tens de ter a certeza que dizes a verdade sobre as tuas inten\u00e7\u00f5es. N\u00e3o minta para si ou para os outros. Diga a verdade sobre como se sente e o que quer. Se disseres algo como &#8220;Estou \u00e0 procura de algu\u00e9m especial&#8221;, podes estar sozinho na manh\u00e3 seguinte. Se fores honesto, n\u00e3o ter\u00e1s de te preocupar em ser rejeitado.<\/p>\n<h3>Fazer Perguntas<\/h3>\n<p>Quando conheces pessoas, normalmente falas com elas. Quando conheces mulheres, normalmente come\u00e7as a falar com elas. Mas n\u00e3o h\u00e1 raz\u00e3o para entrar direto na conversa. Em vez disso, use conversa fiada para aprender sobre a pessoa. Fa\u00e7a perguntas em aberto. Por exemplo, &#8220;O que faz?&#8221; &#8220;Onde cresceu?&#8221; &#8220;Mora por aqui?&#8221;<\/p>\n<h3>Conhe\u00e7a o seu Jogo<\/h3>\n<p>O primeiro passo para engatar uma rapariga \u00e9 conhecer-se a si mesma. Tens de perceber o que te torna atraente para as mulheres. Gostas de falar com as pessoas? Est\u00e1 de sa\u00edda? \u00c9 engra\u00e7ado? Estas coisas importam. Se \u00e9 t\u00edmido, n\u00e3o se preocupe. Vai encontrar outra pessoa. Mas se fores estranho, podes ter dificuldade em dar uma queca.<\/p>\n<p>N\u00e3o subestimes o humor. As mulheres adoram homens que fazem piadas. Acham que mostra confian\u00e7a. E enquanto n\u00e3o devias gozar com as pessoas, precisas de te soltar de vez em quando. Quando o fizeres, ajuda a solt\u00e1-la.<\/p>\n<h2>O Futuro do Encontro?<\/h2>\n<p>O Tinder \u00e9 frequentemente criticado por ser uma aplica\u00e7\u00e3o glorificada para sexo, mas na verdade est\u00e1 a fazer algo muito diferente. Na verdade, est\u00e1 a ajudar as pessoas a navegarem pelo mundo dos encontros de uma forma totalmente nova.<\/p>\n<p>Antigamente, conhecer algu\u00e9m significava ter de se sentar a beber e jantar, ouvir hist\u00f3rias chatas sobre si mesmo, e esperar que se desse bem. Depois veio o namoro online, onde pod\u00edamos saltar tudo isso e conhecer potenciais parceiros em salas de chat virtuais. Mas o que acontece quando queres encontrar-te sem passar horas a falar no computador? Bem, voc\u00ea vai a um bar ou clube, e espera encontrar algu\u00e9m legal. Ou ligas a um amigo e pedes-lhe para te tramar. Qualquer uma das op\u00e7\u00f5es requer algum esfor\u00e7o, no entanto, e pode levar semanas a acontecer.<\/p>\n","protected":false},"excerpt":{"rendered":"<p>Se queres fazer um encontro de uma noite com mulheres, \u00e9 preciso alguma prepara\u00e7\u00e3o e estrat\u00e9gia. N\u00e3o se vai ter com uma mulher e lhe pergunta o que quer. Se o fizeres, provavelmente vais acabar por ser rejeitado. H\u00e1 certas coisas que precisas de saber sobre as mulheres antes de as abordares. Aqui est\u00e3o os &#8230; <a title=\"Um encontro de stand de noite\" class=\"read-more\" href=\"https:\/\/blowflyofficial.com\/pt-pt\/um-encontro-de-stand-de-noite\/\" aria-label=\"Mais sobre Um encontro de stand de noite\">Ler mais<\/a><\/p>\n","protected":false},"author":1,"featured_media":0,"parent":0,"menu_order":0,"comment_status":"closed","ping_status":"closed","template":"","meta":[],"yoast_head":"<!-- This site is optimized with the Yoast SEO plugin v17.7.1 - https:\/\/yoast.com\/wordpress\/plugins\/seo\/ -->\n<title>Um encontro de stand de noite - Rankings de Liga\u00e7\u00e3o<\/title>\n<meta name=\"robots\" content=\"index, follow, max-snippet:-1, max-image-preview:large, max-video-preview:-1\" \/>\n<link rel=\"canonical\" href=\"https:\/\/blowflyofficial.com\/pt-pt\/um-encontro-de-stand-de-noite\/\" \/>\n<meta property=\"og:locale\" content=\"pt_PT\" \/>\n<meta property=\"og:type\" content=\"article\" \/>\n<meta property=\"og:title\" content=\"Um encontro de stand de noite - Rankings de Liga\u00e7\u00e3o\" \/>\n<meta property=\"og:description\" content=\"Se queres fazer um encontro de uma noite com mulheres, \u00e9 preciso alguma prepara\u00e7\u00e3o e estrat\u00e9gia. N\u00e3o se vai ter com uma mulher e lhe pergunta o que quer. Se o fizeres, provavelmente vais acabar por ser rejeitado. H\u00e1 certas coisas que precisas de saber sobre as mulheres antes de as abordares. Aqui est\u00e3o os ... Ler mais\" \/>\n<meta property=\"og:url\" content=\"https:\/\/blowflyofficial.com\/pt-pt\/um-encontro-de-stand-de-noite\/\" \/>\n<meta property=\"og:site_name\" content=\"Rankings de Liga\u00e7\u00e3o\" \/>\n<meta name=\"twitter:card\" content=\"summary_large_image\" \/>\n<meta name=\"twitter:label1\" content=\"Tempo estimado de leitura\" \/>\n\t<meta name=\"twitter:data1\" content=\"3 minutos\" \/>\n<script type=\"application\/ld+json\" class=\"yoast-schema-graph\">{\"@context\":\"https:\/\/schema.org\",\"@graph\":[{\"@type\":\"WebSite\",\"@id\":\"http:\/\/blowflyofficial.com\/da\/#website\",\"url\":\"http:\/\/blowflyofficial.com\/da\/\",\"name\":\"Rankings de Liga\\u00e7\\u00e3o\",\"description\":\"Conselhos de namoro casual\",\"potentialAction\":[{\"@type\":\"SearchAction\",\"target\":{\"@type\":\"EntryPoint\",\"urlTemplate\":\"http:\/\/blowflyofficial.com\/da\/?s={search_term_string}\"},\"query-input\":\"required name=search_term_string\"}],\"inLanguage\":\"pt-PT\"},{\"@type\":\"WebPage\",\"@id\":\"https:\/\/blowflyofficial.com\/pt-pt\/um-encontro-de-stand-de-noite\/#webpage\",\"url\":\"https:\/\/blowflyofficial.com\/pt-pt\/um-encontro-de-stand-de-noite\/\",\"name\":\"Um encontro de stand de noite - Rankings de Liga\\u00e7\\u00e3o\",\"isPartOf\":{\"@id\":\"http:\/\/blowflyofficial.com\/da\/#website\"},\"datePublished\":\"2022-08-30T13:17:26+00:00\",\"dateModified\":\"2022-08-30T13:17:26+00:00\",\"breadcrumb\":{\"@id\":\"https:\/\/blowflyofficial.com\/pt-pt\/um-encontro-de-stand-de-noite\/#breadcrumb\"},\"inLanguage\":\"pt-PT\",\"potentialAction\":[{\"@type\":\"ReadAction\",\"target\":[\"https:\/\/blowflyofficial.com\/pt-pt\/um-encontro-de-stand-de-noite\/\"]}]},{\"@type\":\"BreadcrumbList\",\"@id\":\"https:\/\/blowflyofficial.com\/pt-pt\/um-encontro-de-stand-de-noite\/#breadcrumb\",\"itemListElement\":[{\"@type\":\"ListItem\",\"position\":1,\"name\":\"Home\",\"item\":\"http:\/\/blowflyofficial.com\/pt-pt\/\"},{\"@type\":\"ListItem\",\"position\":2,\"name\":\"Um encontro de stand de noite\"}]}]}<\/script>\n<!-- \/ Yoast SEO plugin. -->","yoast_head_json":{"title":"Um encontro de stand de noite - Rankings de Liga\u00e7\u00e3o","robots":{"index":"index","follow":"follow","max-snippet":"max-snippet:-1","max-image-preview":"max-image-preview:large","max-video-preview":"max-video-preview:-1"},"canonical":"https:\/\/blowflyofficial.com\/pt-pt\/um-encontro-de-stand-de-noite\/","og_locale":"pt_PT","og_type":"article","og_title":"Um encontro de stand de noite - Rankings de Liga\u00e7\u00e3o","og_description":"Se queres fazer um encontro de uma noite com mulheres, \u00e9 preciso alguma prepara\u00e7\u00e3o e estrat\u00e9gia. N\u00e3o se vai ter com uma mulher e lhe pergunta o que quer. Se o fizeres, provavelmente vais acabar por ser rejeitado. H\u00e1 certas coisas que precisas de saber sobre as mulheres antes de as abordares. Aqui est\u00e3o os ... Ler mais","og_url":"https:\/\/blowflyofficial.com\/pt-pt\/um-encontro-de-stand-de-noite\/","og_site_name":"Rankings de Liga\u00e7\u00e3o","twitter_card":"summary_large_image","twitter_misc":{"Tempo estimado de leitura":"3 minutos"},"schema":{"@context":"https:\/\/schema.org","@graph":[{"@type":"WebSite","@id":"http:\/\/blowflyofficial.com\/da\/#website","url":"http:\/\/blowflyofficial.com\/da\/","name":"Rankings de Liga\u00e7\u00e3o","description":"Conselhos de namoro casual","potentialAction":[{"@type":"SearchAction","target":{"@type":"EntryPoint","urlTemplate":"http:\/\/blowflyofficial.com\/da\/?s={search_term_string}"},"query-input":"required name=search_term_string"}],"inLanguage":"pt-PT"},{"@type":"WebPage","@id":"https:\/\/blowflyofficial.com\/pt-pt\/um-encontro-de-stand-de-noite\/#webpage","url":"https:\/\/blowflyofficial.com\/pt-pt\/um-encontro-de-stand-de-noite\/","name":"Um encontro de stand de noite - Rankings de Liga\u00e7\u00e3o","isPartOf":{"@id":"http:\/\/blowflyofficial.com\/da\/#website"},"datePublished":"2022-08-30T13:17:26+00:00","dateModified":"2022-08-30T13:17:26+00:00","breadcrumb":{"@id":"https:\/\/blowflyofficial.com\/pt-pt\/um-encontro-de-stand-de-noite\/#breadcrumb"},"inLanguage":"pt-PT","potentialAction":[{"@type":"ReadAction","target":["https:\/\/blowflyofficial.com\/pt-pt\/um-encontro-de-stand-de-noite\/"]}]},{"@type":"BreadcrumbList","@id":"https:\/\/blowflyofficial.com\/pt-pt\/um-encontro-de-stand-de-noite\/#breadcrumb","itemListElement":[{"@type":"ListItem","position":1,"name":"Home","item":"http:\/\/blowflyofficial.com\/pt-pt\/"},{"@type":"ListItem","position":2,"name":"Um encontro de stand de noite"}]}]}},"_links":{"self":[{"href":"https:\/\/blowflyofficial.com\/pt-pt\/wp-json\/wp\/v2\/pages\/129"}],"collection":[{"href":"https:\/\/blowflyofficial.com\/pt-pt\/wp-json\/wp\/v2\/pages"}],"about":[{"href":"https:\/\/blowflyofficial.com\/pt-pt\/wp-json\/wp\/v2\/types\/page"}],"author":[{"embeddable":true,"href":"https:\/\/blowflyofficial.com\/pt-pt\/wp-json\/wp\/v2\/users\/1"}],"replies":[{"embeddable":true,"href":"https:\/\/blowflyofficial.com\/pt-pt\/wp-json\/wp\/v2\/comments?post=129"}],"version-history":[{"count":0,"href":"https:\/\/blowflyofficial.com\/pt-pt\/wp-json\/wp\/v2\/pages\/129\/revisions"}],"wp:attachment":[{"href":"https:\/\/blowflyofficial.com\/pt-pt\/wp-json\/wp\/v2\/media?parent=129"}],"curies":[{"name":"wp","href":"https:\/\/api.w.org\/{rel}","templated":true}]}}