{"id":110,"date":"2022-08-30T14:12:58","date_gmt":"2022-08-30T13:12:58","guid":{"rendered":"http:\/\/blowflyofficial.com\/encontre-um-milf-na-sua-area\/"},"modified":"2022-08-30T14:12:58","modified_gmt":"2022-08-30T13:12:58","slug":"encontre-um-milf-na-sua-area","status":"publish","type":"page","link":"https:\/\/blowflyofficial.com\/pt-pt\/encontre-um-milf-na-sua-area\/","title":{"rendered":"Encontre um MILF na sua \u00e1rea"},"content":{"rendered":"<p>Os MILFs est\u00e3o quentes. S\u00e3o excitados, experientes e sabem o que querem. N\u00e3o tens de te preocupar em magoar-te porque vais ser capaz de satisfazer as necessidades dela. Se voc\u00ea quiser se encontrar com um milf, h\u00e1 muitos sites onde voc\u00ea pode encontrar um nas proximidades. Este site torna f\u00e1cil conhecer os milfs locais e desfrutar de algum divertimento sexual. Quer estejas \u00e0 procura de um encontro casual ou algo mais s\u00e9rio, ter\u00e1s acesso a milhares de pessoas reais que s\u00e3o como tu.<\/p>\n<h2>Lista de MILFs locais online<\/h2>\n<p>Sabe como \u00e9&#8230; V\u00eas uma rapariga boazona online, pensas em enviar-lhe mensagens, e depois acabas por passar horas a procurar perfis \u00e0 procura de algu\u00e9m como ela. Ent\u00e3o, finalmente, decidiste tentar e enviar-lhe uma mensagem, na esperan\u00e7a de que talvez haja algo de especial no perfil dela que a fa\u00e7a destacar-se de todo o resto. Mas a verdade \u00e9 que, na maior parte do tempo, nem sequer sabes porque \u00e9 que continuas a ser rejeitado vezes sem conta. E embora n\u00e3o esteja a dizer que todas as pessoas no nosso site v\u00e3o ser perfeitas para ti, estou a dizer que vamos certificar-nos de que encontras exatamente o tipo de milf que procuras. Vamos ajudar-te a encontrar uma mulher mais velha que entenda o que queres e precisas e saiba o que fazer para te satisfazer. Ent\u00e3o pare de procurar aquelas jovens sexys e comece a achar o verdadeiro neg\u00f3cio hoje!<\/p>\n<h2>Como encontrar sexo com m\u00e3es excitadas perto de voc\u00ea<\/h2>\n<p>MilFs s\u00e3o algumas das mulheres mais quentes por aqui. Sabem tratar um homem e adoram sexo. N\u00e3o h\u00e1 d\u00favida de que s\u00e3o um dos melhores tipos de encontros l\u00e1 fora. Mas a maioria dos rapazes n\u00e3o sabe por onde come\u00e7ar quando tenta namorar um MILF. Ent\u00e3o, reunimos algumas dicas para ajud\u00e1-lo a encontrar sucesso com milf namoro. A internet est\u00e1 cheia de sites de encontros MILF onde as mulheres mais velhas se encontram com homens mais jovens. Estes sites oferecem ades\u00e3o gratuita a qualquer pessoa disposta a pagar algum dinheiro. S\u00f3 precisa de se inscrever e come\u00e7ar a procurar perfis. H\u00e1 milhares de membros \u00e0 espera de encontrar algu\u00e9m como tu. Nem precisam de enviar mensagens um ao outro. Basta navegar pelos perfis e escolher um que pare\u00e7a interessante. Depois disso, \u00e9 f\u00e1cil trocar informa\u00e7\u00f5es de contacto. Assim que encontrar algu\u00e9m com quem queira falar, pode convid\u00e1-lo para tomar um caf\u00e9 ou jantar. Se aceitar, saber\u00e1 o que fazer a seguir.<\/p>\n<h3>Zoosk<\/h3>\n<p>Zoosk \u00e9 um \u00f3timo lugar para conhecer milfs \u00e0 procura de divers\u00e3o. Este site permite-lhe fazer upload de fotos e v\u00eddeos de si mesmo, e pode at\u00e9 usar a app para conversar com potenciais partidas. Pode navegar em perfis com base na localiza\u00e7\u00e3o, faixa et\u00e1ria, sexo, interesses e muito mais. Assim que encontrar algu\u00e9m de quem goste, pode enviar mensagens, fazer perguntas e marcar datas.<\/p>\n<h3>AdultFriendFinder<\/h3>\n<p>Adult Friend Finder \u00e9 um dos mais antigos e maiores sites de encontros para adultos online. Com mais de 20 milh\u00f5es de membros, a AF encontra pessoas interessadas em tudo, desde fetiches exc\u00eantricos a casais baloi\u00e7os. Oferece uma rede social muito ativa onde os membros podem se conectar uns com os outros. Pode ver fotos dos membros, chat, e-mail e muito mais.<\/p>\n<h3>MommyFinders<\/h3>\n<p>Mommyfinders \u00e9 outra boa escolha para milfs \u00e0 procura de divers\u00e3o on-line. Este site funciona como o Tinder, s\u00f3 que n\u00e3o se passa para a esquerda ou para a direita. Em vez disso, combinas com pessoas de acordo com as tuas prefer\u00eancias. Por exemplo, voc\u00ea pode filtrar membros por etnia, idade, tipo de corpo, estilo de vida, e muito mais. Depois de ter combinado com algumas pessoas, pode come\u00e7ar a conversar com elas atrav\u00e9s de sms ou video call.<\/p>\n","protected":false},"excerpt":{"rendered":"<p>Os MILFs est\u00e3o quentes. S\u00e3o excitados, experientes e sabem o que querem. N\u00e3o tens de te preocupar em magoar-te porque vais ser capaz de satisfazer as necessidades dela. Se voc\u00ea quiser se encontrar com um milf, h\u00e1 muitos sites onde voc\u00ea pode encontrar um nas proximidades. Este site torna f\u00e1cil conhecer os milfs locais e &#8230; <a title=\"Encontre um MILF na sua \u00e1rea\" class=\"read-more\" href=\"https:\/\/blowflyofficial.com\/pt-pt\/encontre-um-milf-na-sua-area\/\" aria-label=\"Mais sobre Encontre um MILF na sua \u00e1rea\">Ler mais<\/a><\/p>\n","protected":false},"author":1,"featured_media":0,"parent":0,"menu_order":0,"comment_status":"closed","ping_status":"closed","template":"","meta":[],"yoast_head":"<!-- This site is optimized with the Yoast SEO plugin v17.7.1 - https:\/\/yoast.com\/wordpress\/plugins\/seo\/ -->\n<title>Encontre um MILF na sua \u00e1rea - Rankings de Liga\u00e7\u00e3o<\/title>\n<meta name=\"robots\" content=\"index, follow, max-snippet:-1, max-image-preview:large, max-video-preview:-1\" \/>\n<link rel=\"canonical\" href=\"https:\/\/blowflyofficial.com\/pt-pt\/encontre-um-milf-na-sua-area\/\" \/>\n<meta property=\"og:locale\" content=\"pt_PT\" \/>\n<meta property=\"og:type\" content=\"article\" \/>\n<meta property=\"og:title\" content=\"Encontre um MILF na sua \u00e1rea - Rankings de Liga\u00e7\u00e3o\" \/>\n<meta property=\"og:description\" content=\"Os MILFs est\u00e3o quentes. S\u00e3o excitados, experientes e sabem o que querem. N\u00e3o tens de te preocupar em magoar-te porque vais ser capaz de satisfazer as necessidades dela. Se voc\u00ea quiser se encontrar com um milf, h\u00e1 muitos sites onde voc\u00ea pode encontrar um nas proximidades. Este site torna f\u00e1cil conhecer os milfs locais e ... Ler mais\" \/>\n<meta property=\"og:url\" content=\"https:\/\/blowflyofficial.com\/pt-pt\/encontre-um-milf-na-sua-area\/\" \/>\n<meta property=\"og:site_name\" content=\"Rankings de Liga\u00e7\u00e3o\" \/>\n<meta name=\"twitter:card\" content=\"summary_large_image\" \/>\n<meta name=\"twitter:label1\" content=\"Tempo estimado de leitura\" \/>\n\t<meta name=\"twitter:data1\" content=\"3 minutos\" \/>\n<script type=\"application\/ld+json\" class=\"yoast-schema-graph\">{\"@context\":\"https:\/\/schema.org\",\"@graph\":[{\"@type\":\"WebSite\",\"@id\":\"http:\/\/blowflyofficial.com\/da\/#website\",\"url\":\"http:\/\/blowflyofficial.com\/da\/\",\"name\":\"Rankings de Liga\\u00e7\\u00e3o\",\"description\":\"Conselhos de namoro casual\",\"potentialAction\":[{\"@type\":\"SearchAction\",\"target\":{\"@type\":\"EntryPoint\",\"urlTemplate\":\"http:\/\/blowflyofficial.com\/da\/?s={search_term_string}\"},\"query-input\":\"required name=search_term_string\"}],\"inLanguage\":\"pt-PT\"},{\"@type\":\"WebPage\",\"@id\":\"https:\/\/blowflyofficial.com\/pt-pt\/encontre-um-milf-na-sua-area\/#webpage\",\"url\":\"https:\/\/blowflyofficial.com\/pt-pt\/encontre-um-milf-na-sua-area\/\",\"name\":\"Encontre um MILF na sua \\u00e1rea - Rankings de Liga\\u00e7\\u00e3o\",\"isPartOf\":{\"@id\":\"http:\/\/blowflyofficial.com\/da\/#website\"},\"datePublished\":\"2022-08-30T13:12:58+00:00\",\"dateModified\":\"2022-08-30T13:12:58+00:00\",\"breadcrumb\":{\"@id\":\"https:\/\/blowflyofficial.com\/pt-pt\/encontre-um-milf-na-sua-area\/#breadcrumb\"},\"inLanguage\":\"pt-PT\",\"potentialAction\":[{\"@type\":\"ReadAction\",\"target\":[\"https:\/\/blowflyofficial.com\/pt-pt\/encontre-um-milf-na-sua-area\/\"]}]},{\"@type\":\"BreadcrumbList\",\"@id\":\"https:\/\/blowflyofficial.com\/pt-pt\/encontre-um-milf-na-sua-area\/#breadcrumb\",\"itemListElement\":[{\"@type\":\"ListItem\",\"position\":1,\"name\":\"Home\",\"item\":\"http:\/\/blowflyofficial.com\/pt-pt\/\"},{\"@type\":\"ListItem\",\"position\":2,\"name\":\"Encontre um MILF na sua \\u00e1rea\"}]}]}<\/script>\n<!-- \/ Yoast SEO plugin. -->","yoast_head_json":{"title":"Encontre um MILF na sua \u00e1rea - Rankings de Liga\u00e7\u00e3o","robots":{"index":"index","follow":"follow","max-snippet":"max-snippet:-1","max-image-preview":"max-image-preview:large","max-video-preview":"max-video-preview:-1"},"canonical":"https:\/\/blowflyofficial.com\/pt-pt\/encontre-um-milf-na-sua-area\/","og_locale":"pt_PT","og_type":"article","og_title":"Encontre um MILF na sua \u00e1rea - Rankings de Liga\u00e7\u00e3o","og_description":"Os MILFs est\u00e3o quentes. S\u00e3o excitados, experientes e sabem o que querem. N\u00e3o tens de te preocupar em magoar-te porque vais ser capaz de satisfazer as necessidades dela. Se voc\u00ea quiser se encontrar com um milf, h\u00e1 muitos sites onde voc\u00ea pode encontrar um nas proximidades. Este site torna f\u00e1cil conhecer os milfs locais e ... Ler mais","og_url":"https:\/\/blowflyofficial.com\/pt-pt\/encontre-um-milf-na-sua-area\/","og_site_name":"Rankings de Liga\u00e7\u00e3o","twitter_card":"summary_large_image","twitter_misc":{"Tempo estimado de leitura":"3 minutos"},"schema":{"@context":"https:\/\/schema.org","@graph":[{"@type":"WebSite","@id":"http:\/\/blowflyofficial.com\/da\/#website","url":"http:\/\/blowflyofficial.com\/da\/","name":"Rankings de Liga\u00e7\u00e3o","description":"Conselhos de namoro casual","potentialAction":[{"@type":"SearchAction","target":{"@type":"EntryPoint","urlTemplate":"http:\/\/blowflyofficial.com\/da\/?s={search_term_string}"},"query-input":"required name=search_term_string"}],"inLanguage":"pt-PT"},{"@type":"WebPage","@id":"https:\/\/blowflyofficial.com\/pt-pt\/encontre-um-milf-na-sua-area\/#webpage","url":"https:\/\/blowflyofficial.com\/pt-pt\/encontre-um-milf-na-sua-area\/","name":"Encontre um MILF na sua \u00e1rea - Rankings de Liga\u00e7\u00e3o","isPartOf":{"@id":"http:\/\/blowflyofficial.com\/da\/#website"},"datePublished":"2022-08-30T13:12:58+00:00","dateModified":"2022-08-30T13:12:58+00:00","breadcrumb":{"@id":"https:\/\/blowflyofficial.com\/pt-pt\/encontre-um-milf-na-sua-area\/#breadcrumb"},"inLanguage":"pt-PT","potentialAction":[{"@type":"ReadAction","target":["https:\/\/blowflyofficial.com\/pt-pt\/encontre-um-milf-na-sua-area\/"]}]},{"@type":"BreadcrumbList","@id":"https:\/\/blowflyofficial.com\/pt-pt\/encontre-um-milf-na-sua-area\/#breadcrumb","itemListElement":[{"@type":"ListItem","position":1,"name":"Home","item":"http:\/\/blowflyofficial.com\/pt-pt\/"},{"@type":"ListItem","position":2,"name":"Encontre um MILF na sua \u00e1rea"}]}]}},"_links":{"self":[{"href":"https:\/\/blowflyofficial.com\/pt-pt\/wp-json\/wp\/v2\/pages\/110"}],"collection":[{"href":"https:\/\/blowflyofficial.com\/pt-pt\/wp-json\/wp\/v2\/pages"}],"about":[{"href":"https:\/\/blowflyofficial.com\/pt-pt\/wp-json\/wp\/v2\/types\/page"}],"author":[{"embeddable":true,"href":"https:\/\/blowflyofficial.com\/pt-pt\/wp-json\/wp\/v2\/users\/1"}],"replies":[{"embeddable":true,"href":"https:\/\/blowflyofficial.com\/pt-pt\/wp-json\/wp\/v2\/comments?post=110"}],"version-history":[{"count":0,"href":"https:\/\/blowflyofficial.com\/pt-pt\/wp-json\/wp\/v2\/pages\/110\/revisions"}],"wp:attachment":[{"href":"https:\/\/blowflyofficial.com\/pt-pt\/wp-json\/wp\/v2\/media?parent=110"}],"curies":[{"name":"wp","href":"https:\/\/api.w.org\/{rel}","templated":true}]}}