{"id":216,"date":"2022-08-30T13:02:05","date_gmt":"2022-08-30T12:02:05","guid":{"rendered":"http:\/\/blowflyofficial.com\/nasze-najlepsze-witryny-hookup-przejrzane\/"},"modified":"2022-10-17T14:25:10","modified_gmt":"2022-10-17T13:25:10","slug":"nasze-najlepsze-witryny-hookup-przejrzane","status":"publish","type":"page","link":"https:\/\/blowflyofficial.com\/pl\/","title":{"rendered":"Nasze najlepsze witryny Hookup Przejrzane"},"content":{"rendered":"<p>Istnieje wiele internetowych aplikacji randkowych &#8211; takich jak Tinder, Bumble, OkCupid, PlentyOfFish, Match itp. Ale niekt\u00f3rzy ludzie wol\u0105 znale\u017a\u0107 mi\u0142o\u015b\u0107 bez rejestracji na stronie. Je\u015bli jeste\u015b jedn\u0105 z tych os\u00f3b, zalecamy sprawdzenie naszej listy najlepszych witryn do pod\u0142\u0105czania za darmo. Witryny te nie oferuj\u0105 rejestracji wymaganej kart\u0105 kredytow\u0105, co oznacza, \u017ce nie musisz nawet podawa\u0107 danych osobowych. Nigdy te\u017c nie zap\u0142acisz nic za korzystanie z tych witryn. Po prostu zarejestruj si\u0119, przegl\u0105daj profile, wysy\u0142aj wiadomo\u015bci i zacznij spotyka\u0107 si\u0119 z lud\u017ami ju\u017c dzi\u015b.<\/p>\n<h2>Ashley Madison<\/h2>\n<p>AshleyMadison.com to powiew \u015bwie\u017cego powietrza dla os\u00f3b poszukuj\u0105cych mi\u0142o\u015bci w Internecie. Niezale\u017cnie od tego <a href=\"https:\/\/www.pornchatsites.net\/pl\/\">pornochat<\/a>, czy szukasz szybkiego flingu, kogo\u015b specjalnego, z kim mo\u017cesz si\u0119 ustatkowa\u0107, czy po prostu zabawnego towarzystwa, Ashley Madison oferuje co\u015b dla ka\u017cdego. Z ponad 54 milionami cz\u0142onk\u00f3w na ca\u0142ym \u015bwiecie, jeste\u015bmy pewni, \u017ce kto\u015b tam na Ciebie czeka.<\/p>\n<p>Je\u015bli czujesz, \u017ce potrzebujesz przerwy od swojego zwi\u0105zku, a mo\u017ce po prostu chcesz spr\u00f3bowa\u0107 czego\u015b innego, dlaczego nie sprawdzi\u0107 nas? Obiecujemy dyskrecj\u0119 i poufno\u015b\u0107, a nasi cz\u0142onkowie korzystaj\u0105 z wielu korzy\u015bci, w tym dost\u0119pu do ekskluzywnych wydarze\u0144, zni\u017cek na podr\u00f3\u017ce, a nawet nagr\u00f3d pieni\u0119\u017cnych. Znajdziesz tu wszystko, czego potrzebujesz &#8211; bez \u017cadnych zobowi\u0105za\u0144.<\/p>\n<h2>Aff<\/h2>\n<p>Adult Friend Finder (AFF), jedna z najpopularniejszych witryn <a href=\"https:\/\/www.nsa-hookup.net\/pl\/gry-erotyczne-w-sklepie-ios-app-store\/\">gry porno<\/a> dla doros\u0142ych w Internecie, mo\u017ce pochwali\u0107 si\u0119 3 milionami aktywnych miesi\u0119cznych odwiedzaj\u0105cych i ponad 10 milionami zarejestrowanych cz\u0142onk\u00f3w. Opr\u00f3cz tego, \u017ce jest doskona\u0142ym miejscem na przypadkowe spotkania, jest tak\u017ce domem dla jednych z najgor\u0119tszych, najbardziej napalonych ludzi w Internecie. Je\u015bli chcesz dowiedzie\u0107 si\u0119, co sprawia, \u017ce AFF tyka, mamy dla Ciebie rozwi\u0105zanie.<\/p>\n<h2>Hubka<\/h2>\n<p>Tinder to jedna z najpopularniejszych aplikacji do znajdowania mi\u0142o\u015bci w Internecie. Z ponad 50 milionami os\u00f3b, kt\u00f3re pobra\u0142y go od 2012 roku, aplikacja randkowa pozwala przesun\u0105\u0107 palcem w lewo lub w prawo, aby sprawdzi\u0107, czy kto\u015b Ci\u0119 lubi na podstawie Twojego zdj\u0119cia profilowego i biografii. Je\u015bli Ci\u0119 lubi\u0105, mo\u017cesz wysy\u0142a\u0107 sobie nawzajem wiadomo\u015bci i umawia\u0107 si\u0119 na osobiste randki. Nie ma d\u0142ugich kwestionariuszy ani inwazyjnych quiz\u00f3w; tylko szybkie pytania o to, gdzie chcesz si\u0119 spotka\u0107 w nast\u0119pnej kolejno\u015bci.<\/p>\n<p>Aplikacja jest bezp\u0142atna do pobrania i u\u017cytkowania, ale korzystanie z niej wi\u0105\u017ce si\u0119 z pewnymi kosztami. P\u0142acisz 9,99 USD miesi\u0119cznie, aby uzyska\u0107 dost\u0119p do funkcji premium, takich jak nieograniczona liczba mecz\u00f3w i udost\u0119pnianie lokalizacji.<\/p>\n<p><img loading=\"lazy\" class=\"aligncenter size-large wp-image-35\" src=\"http:\/\/blowflyofficial.com\/wp-content\/uploads\/2022\/08\/guide-for-love-1024x681.jpeg\" alt=\"\" width=\"640\" height=\"426\" srcset=\"https:\/\/blowflyofficial.com\/wp-content\/uploads\/2022\/08\/guide-for-love-1024x681.jpeg 1024w, https:\/\/blowflyofficial.com\/wp-content\/uploads\/2022\/08\/guide-for-love-300x199.jpeg 300w, https:\/\/blowflyofficial.com\/wp-content\/uploads\/2022\/08\/guide-for-love-768x510.jpeg 768w, https:\/\/blowflyofficial.com\/wp-content\/uploads\/2022\/08\/guide-for-love-1536x1021.jpeg 1536w, https:\/\/blowflyofficial.com\/wp-content\/uploads\/2022\/08\/guide-for-love-2048x1361.jpeg 2048w\" sizes=\"(max-width: 640px) 100vw, 640px\" \/><\/p>\n<h1>Znalezienie lokalnego po\u0142\u0105czenia w Twojej okolicy<\/h1>\n<p>Lokalne po\u0142\u0105czenia s\u0105 jednym z najpopularniejszych rodzaj\u00f3w randek online. Istnieje wiele powod\u00f3w, dla kt\u00f3rych ludzie u\u017cywaj\u0105 tych aplikacji, aby znale\u017a\u0107 swoj\u0105 bratni\u0105 dusz\u0119, na przyk\u0142ad znudzony, samotny lub szukaj\u0105cy przypadkowego seksu. Opr\u00f3cz tego istniej\u0105 pewne korzy\u015bci, z kt\u00f3rych mo\u017cesz korzysta\u0107 podczas korzystania z tych platform. Na przyk\u0142ad nie musisz <a href=\"http:\/\/www.thetopmatch.com\/pl\/bi-ciekawe-pokoje-rozmow\/\">bi czat<\/a> wydawa\u0107 pieni\u0119dzy na napoje, jedzenie lub drogie randki. Nie b\u0119dziesz musia\u0142 nawet podr\u00f3\u017cowa\u0107 daleko, poniewa\u017c jeste\u015b ju\u017c blisko miejsca zamieszkania. A co najlepsze, jest ca\u0142kowicie anonimowy. Na co wi\u0119c czekasz? Sprawd\u017a nasz\u0105 list\u0119 o\u015bmiu najlepszych lokalnych aplikacji do pod\u0142\u0105czania.<\/p>\n<h2>OneNightFriend<\/h2>\n<p>One Night Friend to bezp\u0142atna aplikacja, kt\u00f3ra pozwala spotka\u0107 si\u0119 z kim\u015b w Twoim mie\u015bcie. Je\u015bli chcesz rozpocz\u0105\u0107 z kim\u015b zwi\u0105zek, jest to \u015bwietny spos\u00f3b, aby to zrobi\u0107 bez wydawania zbyt du\u017cej ilo\u015bci pieni\u0119dzy. Ponadto jest \u0142atwy w u\u017cyciu. Wszystko, co musisz zrobi\u0107, to wprowadzi\u0107 swoj\u0105 lokalizacj\u0119, ustawi\u0107 promie\u0144 wok\u00f3\u0142 siebie i wybra\u0107, czy chcesz widzie\u0107 m\u0119\u017cczyzn, czy kobiety. Nast\u0119pnie otrzymasz dopasowania na podstawie swoich preferencji. Gdy znajdziesz kogo\u015b interesuj\u0105cego, mo\u017cesz porozmawia\u0107 z nim lub zaprosi\u0107 go bezpo\u015brednio. Ta aplikacja dzia\u0142a jak Tinder, z tym wyj\u0105tkiem, \u017ce nie musisz nic p\u0142aci\u0107.<\/p>\n<h2>B\u0105d\u017a niegrzeczny<\/h2>\n<p>Benaughty to kolejna dobra opcja dla tych, kt\u00f3rzy szukaj\u0105 przypadkowych spotka\u0144. Mo\u017cesz przegl\u0105da\u0107 profile anonimowo, wysy\u0142a\u0107 wiadomo\u015bci i organizowa\u0107 spotkania. Jednak w przeciwie\u0144stwie do One Night Friend, musisz zap\u0142aci\u0107, aby korzysta\u0107 z tej aplikacji. Ale je\u015bli chcesz rozsta\u0107 si\u0119 z got\u00f3wk\u0105, jest to naprawd\u0119 dobry wyb\u00f3r. Benaughty oferuje nie tylko wiele funkcji, ale tak\u017ce cz\u0142onkostwo VIP. Dzi\u0119ki temu pakietowi mo\u017cesz uzyska\u0107 dost\u0119p do dodatkowych cz\u0142onkostw, takich jak wiadomo\u015bci premium i po\u0142\u0105czenia wideo.<\/p>\n<h2>Pod\u0142\u0105czenie69<\/h2>\n<p>Hookup69 to aplikacja mobilna, kt\u00f3ra pomaga \u0142\u0105czy\u0107 si\u0119 z osobami w pobli\u017cu. W przeciwie\u0144stwie do poprzednich aplikacji, ta nie wymaga p\u0142acenia czegokolwiek. Na pocz\u0105tek wystarczy si\u0119 zarejestrowa\u0107, doda\u0107 zdj\u0119cie profilowe i napisa\u0107 o sobie. Stamt\u0105d mo\u017cesz przegl\u0105da\u0107 zdj\u0119cia innych os\u00f3b, kt\u00f3re s\u0105 zainteresowane spotkaniem z Tob\u0105. Mo\u017cesz tak\u017ce sprawdzi\u0107 ich ulubione zaj\u0119cia i zainteresowania. Kiedy my\u015blisz, \u017ce mo\u017cesz by\u0107 gotowy na randk\u0119, mo\u017cesz si\u0119 z nimi skontaktowa\u0107. Odpowiedz\u0105 Ci, gdy b\u0119d\u0105 wolni.<\/p>\n<p><img loading=\"lazy\" class=\"aligncenter size-large wp-image-36\" src=\"http:\/\/blowflyofficial.com\/wp-content\/uploads\/2022\/08\/love-match-making-1024x683.jpeg\" alt=\"\" width=\"640\" height=\"427\" srcset=\"https:\/\/blowflyofficial.com\/wp-content\/uploads\/2022\/08\/love-match-making-1024x683.jpeg 1024w, https:\/\/blowflyofficial.com\/wp-content\/uploads\/2022\/08\/love-match-making-300x200.jpeg 300w, https:\/\/blowflyofficial.com\/wp-content\/uploads\/2022\/08\/love-match-making-768x512.jpeg 768w, https:\/\/blowflyofficial.com\/wp-content\/uploads\/2022\/08\/love-match-making-1536x1024.jpeg 1536w, https:\/\/blowflyofficial.com\/wp-content\/uploads\/2022\/08\/love-match-making-2048x1365.jpeg 2048w\" sizes=\"(max-width: 640px) 100vw, 640px\" \/><\/p>\n<h1>Nasze porady<\/h1>\n<p>Strony z pod\u0142\u0105czeniami s\u0105 obecnie bardzo powszechne. Cz\u0119sto oferuj\u0105 wiele interesuj\u0105cych funkcji, takich jak czat wideo, kamera internetowa, czat na \u017cywo itp., Co czyni je jedn\u0105 z najcz\u0119\u015bciej u\u017cywanych aplikacji w\u015br\u00f3d ludzi. Istniej\u0105 jednak r\u00f3wnie\u017c pewne wady. Na przyk\u0142ad nie mo\u017cna znale\u017a\u0107 niezawodnej aplikacji do pod\u0142\u0105czania bez wydawania pieni\u0119dzy. Ale teraz mamy co\u015b lepszego \u2013 benaughty.com. Jest to bezp\u0142atna strona internetowa, na kt\u00f3rej mo\u017cna spotka\u0107 i um\u00f3wi\u0107 si\u0119 z dziewczynami z ca\u0142ego \u015bwiata. Nie musisz nawet nic wydawa\u0107, aby korzysta\u0107 z tej niesamowitej funkcji. Wszystko, co musisz zrobi\u0107, to zarejestrowa\u0107 si\u0119 i zacz\u0105\u0107 szuka\u0107 gor\u0105cych kobiet. Najlepsz\u0105 rzecz\u0105 w Be Naughty jest to, \u017ce mo\u017cesz \u0142atwo znale\u017a\u0107 kogo\u015b w pobli\u017cu. Na co wi\u0119c czekasz? Po prostu wypr\u00f3buj t\u0119 niesamowit\u0105 stron\u0119 do pod\u0142\u0105czania.<\/p>\n<p>Rynek randek internetowych jest zalany r\u00f3\u017cnymi platformami, z kt\u00f3rych ka\u017cda twierdzi, \u017ce jest lepsza od innych. Jednak wci\u0105\u017c s\u0105 firmy, o kt\u00f3rych nie zapomniano, mimo \u017ce nie oferuj\u0105 niczego specjalnego. Jednym z takich przyk\u0142ad\u00f3w jest Hookup69, lokalny serwis randkowy, kt\u00f3ry oferuje swoim u\u017cytkownikom wiele zalet w por\u00f3wnaniu z tradycyjnymi aplikacjami randkowymi.<\/p>\n<p>Musisz podj\u0105\u0107 w\u0142a\u015bciw\u0105 decyzj\u0119 i skorzysta\u0107 z prawdziwej firmy, aby znale\u017a\u0107 odpowiedni\u0105 aplikacj\u0119 dla siebie.<\/p>\n","protected":false},"excerpt":{"rendered":"<p>Istnieje wiele internetowych aplikacji randkowych &#8211; takich jak Tinder, Bumble, OkCupid, PlentyOfFish, Match itp. Ale niekt\u00f3rzy ludzie wol\u0105 znale\u017a\u0107 mi\u0142o\u015b\u0107 bez rejestracji na stronie. Je\u015bli jeste\u015b jedn\u0105 z tych os\u00f3b, zalecamy sprawdzenie naszej listy najlepszych witryn do pod\u0142\u0105czania za darmo. Witryny te nie oferuj\u0105 rejestracji wymaganej kart\u0105 kredytow\u0105, co oznacza, \u017ce nie musisz nawet podawa\u0107 &#8230; <a title=\"Nasze najlepsze witryny Hookup Przejrzane\" class=\"read-more\" href=\"https:\/\/blowflyofficial.com\/pl\/\" aria-label=\"More on Nasze najlepsze witryny Hookup Przejrzane\">Czytaj dalej<\/a><\/p>\n","protected":false},"author":1,"featured_media":0,"parent":0,"menu_order":0,"comment_status":"closed","ping_status":"closed","template":"","meta":[],"yoast_head":"<!-- This site is optimized with the Yoast SEO plugin v17.7.1 - https:\/\/yoast.com\/wordpress\/plugins\/seo\/ -->\n<title>Nasze najlepsze witryny Hookup Przejrzane - Rankingi po\u0142\u0105cze\u0144<\/title>\n<meta name=\"robots\" content=\"index, follow, max-snippet:-1, max-image-preview:large, max-video-preview:-1\" \/>\n<link rel=\"canonical\" href=\"https:\/\/blowflyofficial.com\/pl\/\" \/>\n<meta property=\"og:locale\" content=\"pl_PL\" \/>\n<meta property=\"og:type\" content=\"article\" \/>\n<meta property=\"og:title\" content=\"Nasze najlepsze witryny Hookup Przejrzane - Rankingi po\u0142\u0105cze\u0144\" \/>\n<meta property=\"og:description\" content=\"Istnieje wiele internetowych aplikacji randkowych &#8211; takich jak Tinder, Bumble, OkCupid, PlentyOfFish, Match itp. Ale niekt\u00f3rzy ludzie wol\u0105 znale\u017a\u0107 mi\u0142o\u015b\u0107 bez rejestracji na stronie. Je\u015bli jeste\u015b jedn\u0105 z tych os\u00f3b, zalecamy sprawdzenie naszej listy najlepszych witryn do pod\u0142\u0105czania za darmo. Witryny te nie oferuj\u0105 rejestracji wymaganej kart\u0105 kredytow\u0105, co oznacza, \u017ce nie musisz nawet podawa\u0107 ... Czytaj dalej\" \/>\n<meta property=\"og:url\" content=\"https:\/\/blowflyofficial.com\/pl\/\" \/>\n<meta property=\"og:site_name\" content=\"Rankingi po\u0142\u0105cze\u0144\" \/>\n<meta property=\"article:modified_time\" content=\"2022-10-17T13:25:10+00:00\" \/>\n<meta property=\"og:image\" content=\"http:\/\/blowflyofficial.com\/wp-content\/uploads\/2022\/08\/guide-for-love-1024x681.jpeg\" \/>\n<meta name=\"twitter:card\" content=\"summary_large_image\" \/>\n<meta name=\"twitter:label1\" content=\"Szacowany czas czytania\" \/>\n\t<meta name=\"twitter:data1\" content=\"5 minut\" \/>\n<script type=\"application\/ld+json\" class=\"yoast-schema-graph\">{\"@context\":\"https:\/\/schema.org\",\"@graph\":[{\"@type\":\"WebSite\",\"@id\":\"http:\/\/blowflyofficial.com\/da\/#website\",\"url\":\"http:\/\/blowflyofficial.com\/da\/\",\"name\":\"Rankingi po\\u0142\\u0105cze\\u0144\",\"description\":\"Porady dotycz\\u0105ce randek na co dzie\\u0144\",\"potentialAction\":[{\"@type\":\"SearchAction\",\"target\":{\"@type\":\"EntryPoint\",\"urlTemplate\":\"http:\/\/blowflyofficial.com\/da\/?s={search_term_string}\"},\"query-input\":\"required name=search_term_string\"}],\"inLanguage\":\"pl-PL\"},{\"@type\":\"ImageObject\",\"@id\":\"https:\/\/blowflyofficial.com\/pl\/#primaryimage\",\"inLanguage\":\"pl-PL\",\"url\":\"http:\/\/blowflyofficial.com\/wp-content\/uploads\/2022\/08\/guide-for-love-1024x681.jpeg\",\"contentUrl\":\"http:\/\/blowflyofficial.com\/wp-content\/uploads\/2022\/08\/guide-for-love-1024x681.jpeg\"},{\"@type\":\"WebPage\",\"@id\":\"https:\/\/blowflyofficial.com\/pl\/#webpage\",\"url\":\"https:\/\/blowflyofficial.com\/pl\/\",\"name\":\"Nasze najlepsze witryny Hookup Przejrzane - Rankingi po\\u0142\\u0105cze\\u0144\",\"isPartOf\":{\"@id\":\"http:\/\/blowflyofficial.com\/da\/#website\"},\"primaryImageOfPage\":{\"@id\":\"https:\/\/blowflyofficial.com\/pl\/#primaryimage\"},\"datePublished\":\"2022-08-30T12:02:05+00:00\",\"dateModified\":\"2022-10-17T13:25:10+00:00\",\"breadcrumb\":{\"@id\":\"https:\/\/blowflyofficial.com\/pl\/#breadcrumb\"},\"inLanguage\":\"pl-PL\",\"potentialAction\":[{\"@type\":\"ReadAction\",\"target\":[\"https:\/\/blowflyofficial.com\/pl\/\"]}]},{\"@type\":\"BreadcrumbList\",\"@id\":\"https:\/\/blowflyofficial.com\/pl\/#breadcrumb\",\"itemListElement\":[{\"@type\":\"ListItem\",\"position\":1,\"name\":\"Home\",\"item\":\"https:\/\/blowflyofficial.com\/pl\/\"},{\"@type\":\"ListItem\",\"position\":2,\"name\":\"Nasze najlepsze witryny Hookup Przejrzane\"}]}]}<\/script>\n<!-- \/ Yoast SEO plugin. -->","yoast_head_json":{"title":"Nasze najlepsze witryny Hookup Przejrzane - Rankingi po\u0142\u0105cze\u0144","robots":{"index":"index","follow":"follow","max-snippet":"max-snippet:-1","max-image-preview":"max-image-preview:large","max-video-preview":"max-video-preview:-1"},"canonical":"https:\/\/blowflyofficial.com\/pl\/","og_locale":"pl_PL","og_type":"article","og_title":"Nasze najlepsze witryny Hookup Przejrzane - Rankingi po\u0142\u0105cze\u0144","og_description":"Istnieje wiele internetowych aplikacji randkowych &#8211; takich jak Tinder, Bumble, OkCupid, PlentyOfFish, Match itp. Ale niekt\u00f3rzy ludzie wol\u0105 znale\u017a\u0107 mi\u0142o\u015b\u0107 bez rejestracji na stronie. Je\u015bli jeste\u015b jedn\u0105 z tych os\u00f3b, zalecamy sprawdzenie naszej listy najlepszych witryn do pod\u0142\u0105czania za darmo. Witryny te nie oferuj\u0105 rejestracji wymaganej kart\u0105 kredytow\u0105, co oznacza, \u017ce nie musisz nawet podawa\u0107 ... Czytaj dalej","og_url":"https:\/\/blowflyofficial.com\/pl\/","og_site_name":"Rankingi po\u0142\u0105cze\u0144","article_modified_time":"2022-10-17T13:25:10+00:00","og_image":[{"url":"http:\/\/blowflyofficial.com\/wp-content\/uploads\/2022\/08\/guide-for-love-1024x681.jpeg"}],"twitter_card":"summary_large_image","twitter_misc":{"Szacowany czas czytania":"5 minut"},"schema":{"@context":"https:\/\/schema.org","@graph":[{"@type":"WebSite","@id":"http:\/\/blowflyofficial.com\/da\/#website","url":"http:\/\/blowflyofficial.com\/da\/","name":"Rankingi po\u0142\u0105cze\u0144","description":"Porady dotycz\u0105ce randek na co dzie\u0144","potentialAction":[{"@type":"SearchAction","target":{"@type":"EntryPoint","urlTemplate":"http:\/\/blowflyofficial.com\/da\/?s={search_term_string}"},"query-input":"required name=search_term_string"}],"inLanguage":"pl-PL"},{"@type":"ImageObject","@id":"https:\/\/blowflyofficial.com\/pl\/#primaryimage","inLanguage":"pl-PL","url":"http:\/\/blowflyofficial.com\/wp-content\/uploads\/2022\/08\/guide-for-love-1024x681.jpeg","contentUrl":"http:\/\/blowflyofficial.com\/wp-content\/uploads\/2022\/08\/guide-for-love-1024x681.jpeg"},{"@type":"WebPage","@id":"https:\/\/blowflyofficial.com\/pl\/#webpage","url":"https:\/\/blowflyofficial.com\/pl\/","name":"Nasze najlepsze witryny Hookup Przejrzane - Rankingi po\u0142\u0105cze\u0144","isPartOf":{"@id":"http:\/\/blowflyofficial.com\/da\/#website"},"primaryImageOfPage":{"@id":"https:\/\/blowflyofficial.com\/pl\/#primaryimage"},"datePublished":"2022-08-30T12:02:05+00:00","dateModified":"2022-10-17T13:25:10+00:00","breadcrumb":{"@id":"https:\/\/blowflyofficial.com\/pl\/#breadcrumb"},"inLanguage":"pl-PL","potentialAction":[{"@type":"ReadAction","target":["https:\/\/blowflyofficial.com\/pl\/"]}]},{"@type":"BreadcrumbList","@id":"https:\/\/blowflyofficial.com\/pl\/#breadcrumb","itemListElement":[{"@type":"ListItem","position":1,"name":"Home","item":"https:\/\/blowflyofficial.com\/pl\/"},{"@type":"ListItem","position":2,"name":"Nasze najlepsze witryny Hookup Przejrzane"}]}]}},"_links":{"self":[{"href":"https:\/\/blowflyofficial.com\/pl\/wp-json\/wp\/v2\/pages\/216"}],"collection":[{"href":"https:\/\/blowflyofficial.com\/pl\/wp-json\/wp\/v2\/pages"}],"about":[{"href":"https:\/\/blowflyofficial.com\/pl\/wp-json\/wp\/v2\/types\/page"}],"author":[{"embeddable":true,"href":"https:\/\/blowflyofficial.com\/pl\/wp-json\/wp\/v2\/users\/1"}],"replies":[{"embeddable":true,"href":"https:\/\/blowflyofficial.com\/pl\/wp-json\/wp\/v2\/comments?post=216"}],"version-history":[{"count":1,"href":"https:\/\/blowflyofficial.com\/pl\/wp-json\/wp\/v2\/pages\/216\/revisions"}],"predecessor-version":[{"id":244,"href":"https:\/\/blowflyofficial.com\/pl\/wp-json\/wp\/v2\/pages\/216\/revisions\/244"}],"wp:attachment":[{"href":"https:\/\/blowflyofficial.com\/pl\/wp-json\/wp\/v2\/media?parent=216"}],"curies":[{"name":"wp","href":"https:\/\/api.w.org\/{rel}","templated":true}]}}