{"id":214,"date":"2022-08-30T13:45:52","date_gmt":"2022-08-30T12:45:52","guid":{"rendered":"http:\/\/blowflyofficial.com\/znajdz-lokalny-zwykly-hookup\/"},"modified":"2022-08-30T13:45:52","modified_gmt":"2022-08-30T12:45:52","slug":"znajdz-lokalny-zwykly-hookup","status":"publish","type":"page","link":"https:\/\/blowflyofficial.com\/pl\/znajdz-lokalny-zwykly-hookup\/","title":{"rendered":"Znajd\u017a lokalny zwyk\u0142y hookup"},"content":{"rendered":"<p>Wiemy, jak trudno jest znale\u017a\u0107 kogo\u015b, kogo lubisz, zw\u0142aszcza gdy mieszkasz w r\u00f3\u017cnych miastach. Rozumiemy, \u017ce czasami po prostu czujesz si\u0119 samotny i znudzony, i nie obwiniamy ci\u0119, poniewa\u017c jest wiele rzeczy, kt\u00f3re nas sadz\u0105. Ale dlaczego mia\u0142by\u015b czeka\u0107, a\u017c kto\u015b inny przyjdzie i da ci to, czego naprawd\u0119 chcesz? Dlaczego mia\u0142by\u015b sp\u0119dza\u0107 godziny na poszukiwaniu czego\u015b, co mo\u017ce zaj\u0105\u0107 kilka minut?<\/p>\n<h2>Chcesz znale\u017a\u0107 po\u0142\u0105czenie?<\/h2>\n<p>Nie musisz si\u0119 nawet martwi\u0107, <a href=\"http:\/\/blowflyofficial.com\/pl\/znajdz-seks-z-kobietami-w-poblizu\/\">\u017ce zostaniesz oszukany<\/a>, poniewa\u017c wszystko tutaj jest ca\u0142kowicie bezp\u0142atne. Je\u015bli zdecydujesz si\u0119 zap\u0142aci\u0107 za cz\u0142onkostwo, masz dost\u0119p do ca\u0142ej sieci, w tym wszystkich funkcji cz\u0142onkostwa premium. Je\u015bli jednak szukasz szybkiego pod\u0142\u0105czenia, zawsze mo\u017cesz wypr\u00f3bowa\u0107 wersj\u0119 pr\u00f3bn\u0105 i sprawdzi\u0107, czy Ci odpowiada.<\/p>\n<p>Ludzie zawsze szukaj\u0105 sposob\u00f3w na poznanie innych online, zw\u0142aszcza tych, kt\u00f3rzy chc\u0105 przypadkowych spotka\u0144. Ale gdzie si\u0119 zwr\u00f3ci\u0107, gdy nie ma wielu opcji? C\u00f3\u017c, mamy dla Ciebie ochron\u0119! Poni\u017cej znajduje si\u0119 pi\u0119\u0107 bezp\u0142atnych lokalnych witryn do pod\u0142\u0105czania, kt\u00f3re faktycznie dzia\u0142aj\u0105. Nie po\u017ca\u0142ujesz ich wypr\u00f3bowania.<\/p>\n<p>Pierwsz\u0105 darmow\u0105 aplikacj\u0105 do pod\u0142\u0105czania, kt\u00f3r\u0105 zamierzam zasugerowa\u0107, aby\u015b wypr\u00f3bowa\u0142, jest ta o nazwie Fling i jest to prawdopodobnie najlepsza aplikacja randkowa, z kt\u00f3rej korzysta\u0142em przez lata. Chocia\u017c istnieje wiele p\u0142atnych aplikacji, kt\u00f3re oferuj\u0105 podobne funkcje, Fling mo\u017ce si\u0119 zarejestrowa\u0107 i u\u017cywa\u0107.<\/p>\n<p>Oczywi\u015bcie, maj\u0105 opcje aktualizacji &#8211; takie jak mo\u017cliwo\u015b\u0107 znalezienia lokalnych partner\u00f3w w zale\u017cno\u015bci od miejsca zamieszkania &#8211; kt\u00f3re znacznie u\u0142atwiaj\u0105 ludziom \u0142\u0105czenie si\u0119, ale mimo to bezp\u0142atna wersja dzia\u0142a dobrze. W rzeczywisto\u015bci, kiedy pierwotnie si\u0119 zarejestrowa\u0142em, sko\u0144czy\u0142o si\u0119 na tym, \u017ce u\u017cywa\u0142em go przez ca\u0142y tydzie\u0144 przed aktualizacj\u0105, poniewa\u017c chcia\u0142em zwi\u0119kszy\u0107 moje szanse na pod\u0142\u0105czenie. Wkr\u00f3tce potem zacz\u0105\u0142em wydawa\u0107 pieni\u0105dze na ulepszenia premium.<\/p>\n<h2>Witryny Booty Call<\/h2>\n<p>Jestem wielkim fanem fenomenu \u0142up\u00f3w. By\u0142em po obu stronach medalu. Mia\u0142em przypadkowe spotkania, w kt\u00f3rych spotykamy si\u0119 na drinka lub kolacj\u0119, a ko\u0144czymy na pod\u0142\u0105czeniu si\u0119 p\u00f3\u017aniej. By\u0142em te\u017c na randkach, na kt\u00f3rych nie by\u0142o zbyt wiele chemii i nie sko\u0144czyli\u015bmy na seksie. Tak wi\u0119c, kiedy us\u0142ysza\u0142em o tej aplikacji o nazwie OnlineBootyCall.com, pomy\u015bla\u0142em, \u017ce brzmi to jak co\u015b fajnego do wypr\u00f3bowania.<\/p>\n<p>Idea tej aplikacji jest do\u015b\u0107 prosta. Rejestrujesz si\u0119 za darmo i zaczynasz rozmawia\u0107 z lud\u017ami, kt\u00f3rzy mieszkaj\u0105 w pobli\u017cu. Je\u015bli znajdziesz kogo\u015b interesuj\u0105cego, mo\u017cesz zaprosi\u0107 go do sp\u0119dzania czasu. Kiedy si\u0119 pojawi\u0105, mo\u017cesz wys\u0142a\u0107 je prosto do domu lub zabra\u0107 do pokoju hotelowego. Nie ma \u017cadnych zasad ani oczekiwa\u0144. Po prostu spotykasz si\u0119 na seks.<\/p>\n","protected":false},"excerpt":{"rendered":"<p>Wiemy, jak trudno jest znale\u017a\u0107 kogo\u015b, kogo lubisz, zw\u0142aszcza gdy mieszkasz w r\u00f3\u017cnych miastach. Rozumiemy, \u017ce czasami po prostu czujesz si\u0119 samotny i znudzony, i nie obwiniamy ci\u0119, poniewa\u017c jest wiele rzeczy, kt\u00f3re nas sadz\u0105. Ale dlaczego mia\u0142by\u015b czeka\u0107, a\u017c kto\u015b inny przyjdzie i da ci to, czego naprawd\u0119 chcesz? Dlaczego mia\u0142by\u015b sp\u0119dza\u0107 godziny na &#8230; <a title=\"Znajd\u017a lokalny zwyk\u0142y hookup\" class=\"read-more\" href=\"https:\/\/blowflyofficial.com\/pl\/znajdz-lokalny-zwykly-hookup\/\" aria-label=\"More on Znajd\u017a lokalny zwyk\u0142y hookup\">Czytaj dalej<\/a><\/p>\n","protected":false},"author":1,"featured_media":0,"parent":0,"menu_order":0,"comment_status":"closed","ping_status":"closed","template":"","meta":[],"yoast_head":"<!-- This site is optimized with the Yoast SEO plugin v17.7.1 - https:\/\/yoast.com\/wordpress\/plugins\/seo\/ -->\n<title>Znajd\u017a lokalny zwyk\u0142y hookup - Rankingi po\u0142\u0105cze\u0144<\/title>\n<meta name=\"robots\" content=\"index, follow, max-snippet:-1, max-image-preview:large, max-video-preview:-1\" \/>\n<link rel=\"canonical\" href=\"https:\/\/blowflyofficial.com\/pl\/znajdz-lokalny-zwykly-hookup\/\" \/>\n<meta property=\"og:locale\" content=\"pl_PL\" \/>\n<meta property=\"og:type\" content=\"article\" \/>\n<meta property=\"og:title\" content=\"Znajd\u017a lokalny zwyk\u0142y hookup - Rankingi po\u0142\u0105cze\u0144\" \/>\n<meta property=\"og:description\" content=\"Wiemy, jak trudno jest znale\u017a\u0107 kogo\u015b, kogo lubisz, zw\u0142aszcza gdy mieszkasz w r\u00f3\u017cnych miastach. Rozumiemy, \u017ce czasami po prostu czujesz si\u0119 samotny i znudzony, i nie obwiniamy ci\u0119, poniewa\u017c jest wiele rzeczy, kt\u00f3re nas sadz\u0105. Ale dlaczego mia\u0142by\u015b czeka\u0107, a\u017c kto\u015b inny przyjdzie i da ci to, czego naprawd\u0119 chcesz? Dlaczego mia\u0142by\u015b sp\u0119dza\u0107 godziny na ... Czytaj dalej\" \/>\n<meta property=\"og:url\" content=\"https:\/\/blowflyofficial.com\/pl\/znajdz-lokalny-zwykly-hookup\/\" \/>\n<meta property=\"og:site_name\" content=\"Rankingi po\u0142\u0105cze\u0144\" \/>\n<meta name=\"twitter:card\" content=\"summary_large_image\" \/>\n<meta name=\"twitter:label1\" content=\"Szacowany czas czytania\" \/>\n\t<meta name=\"twitter:data1\" content=\"2 minuty\" \/>\n<script type=\"application\/ld+json\" class=\"yoast-schema-graph\">{\"@context\":\"https:\/\/schema.org\",\"@graph\":[{\"@type\":\"WebSite\",\"@id\":\"http:\/\/blowflyofficial.com\/da\/#website\",\"url\":\"http:\/\/blowflyofficial.com\/da\/\",\"name\":\"Rankingi po\\u0142\\u0105cze\\u0144\",\"description\":\"Porady dotycz\\u0105ce randek na co dzie\\u0144\",\"potentialAction\":[{\"@type\":\"SearchAction\",\"target\":{\"@type\":\"EntryPoint\",\"urlTemplate\":\"http:\/\/blowflyofficial.com\/da\/?s={search_term_string}\"},\"query-input\":\"required name=search_term_string\"}],\"inLanguage\":\"pl-PL\"},{\"@type\":\"WebPage\",\"@id\":\"https:\/\/blowflyofficial.com\/pl\/znajdz-lokalny-zwykly-hookup\/#webpage\",\"url\":\"https:\/\/blowflyofficial.com\/pl\/znajdz-lokalny-zwykly-hookup\/\",\"name\":\"Znajd\\u017a lokalny zwyk\\u0142y hookup - Rankingi po\\u0142\\u0105cze\\u0144\",\"isPartOf\":{\"@id\":\"http:\/\/blowflyofficial.com\/da\/#website\"},\"datePublished\":\"2022-08-30T12:45:52+00:00\",\"dateModified\":\"2022-08-30T12:45:52+00:00\",\"breadcrumb\":{\"@id\":\"https:\/\/blowflyofficial.com\/pl\/znajdz-lokalny-zwykly-hookup\/#breadcrumb\"},\"inLanguage\":\"pl-PL\",\"potentialAction\":[{\"@type\":\"ReadAction\",\"target\":[\"https:\/\/blowflyofficial.com\/pl\/znajdz-lokalny-zwykly-hookup\/\"]}]},{\"@type\":\"BreadcrumbList\",\"@id\":\"https:\/\/blowflyofficial.com\/pl\/znajdz-lokalny-zwykly-hookup\/#breadcrumb\",\"itemListElement\":[{\"@type\":\"ListItem\",\"position\":1,\"name\":\"Home\",\"item\":\"https:\/\/blowflyofficial.com\/pl\/\"},{\"@type\":\"ListItem\",\"position\":2,\"name\":\"Znajd\\u017a lokalny zwyk\\u0142y hookup\"}]}]}<\/script>\n<!-- \/ Yoast SEO plugin. -->","yoast_head_json":{"title":"Znajd\u017a lokalny zwyk\u0142y hookup - Rankingi po\u0142\u0105cze\u0144","robots":{"index":"index","follow":"follow","max-snippet":"max-snippet:-1","max-image-preview":"max-image-preview:large","max-video-preview":"max-video-preview:-1"},"canonical":"https:\/\/blowflyofficial.com\/pl\/znajdz-lokalny-zwykly-hookup\/","og_locale":"pl_PL","og_type":"article","og_title":"Znajd\u017a lokalny zwyk\u0142y hookup - Rankingi po\u0142\u0105cze\u0144","og_description":"Wiemy, jak trudno jest znale\u017a\u0107 kogo\u015b, kogo lubisz, zw\u0142aszcza gdy mieszkasz w r\u00f3\u017cnych miastach. Rozumiemy, \u017ce czasami po prostu czujesz si\u0119 samotny i znudzony, i nie obwiniamy ci\u0119, poniewa\u017c jest wiele rzeczy, kt\u00f3re nas sadz\u0105. Ale dlaczego mia\u0142by\u015b czeka\u0107, a\u017c kto\u015b inny przyjdzie i da ci to, czego naprawd\u0119 chcesz? Dlaczego mia\u0142by\u015b sp\u0119dza\u0107 godziny na ... Czytaj dalej","og_url":"https:\/\/blowflyofficial.com\/pl\/znajdz-lokalny-zwykly-hookup\/","og_site_name":"Rankingi po\u0142\u0105cze\u0144","twitter_card":"summary_large_image","twitter_misc":{"Szacowany czas czytania":"2 minuty"},"schema":{"@context":"https:\/\/schema.org","@graph":[{"@type":"WebSite","@id":"http:\/\/blowflyofficial.com\/da\/#website","url":"http:\/\/blowflyofficial.com\/da\/","name":"Rankingi po\u0142\u0105cze\u0144","description":"Porady dotycz\u0105ce randek na co dzie\u0144","potentialAction":[{"@type":"SearchAction","target":{"@type":"EntryPoint","urlTemplate":"http:\/\/blowflyofficial.com\/da\/?s={search_term_string}"},"query-input":"required name=search_term_string"}],"inLanguage":"pl-PL"},{"@type":"WebPage","@id":"https:\/\/blowflyofficial.com\/pl\/znajdz-lokalny-zwykly-hookup\/#webpage","url":"https:\/\/blowflyofficial.com\/pl\/znajdz-lokalny-zwykly-hookup\/","name":"Znajd\u017a lokalny zwyk\u0142y hookup - Rankingi po\u0142\u0105cze\u0144","isPartOf":{"@id":"http:\/\/blowflyofficial.com\/da\/#website"},"datePublished":"2022-08-30T12:45:52+00:00","dateModified":"2022-08-30T12:45:52+00:00","breadcrumb":{"@id":"https:\/\/blowflyofficial.com\/pl\/znajdz-lokalny-zwykly-hookup\/#breadcrumb"},"inLanguage":"pl-PL","potentialAction":[{"@type":"ReadAction","target":["https:\/\/blowflyofficial.com\/pl\/znajdz-lokalny-zwykly-hookup\/"]}]},{"@type":"BreadcrumbList","@id":"https:\/\/blowflyofficial.com\/pl\/znajdz-lokalny-zwykly-hookup\/#breadcrumb","itemListElement":[{"@type":"ListItem","position":1,"name":"Home","item":"https:\/\/blowflyofficial.com\/pl\/"},{"@type":"ListItem","position":2,"name":"Znajd\u017a lokalny zwyk\u0142y hookup"}]}]}},"_links":{"self":[{"href":"https:\/\/blowflyofficial.com\/pl\/wp-json\/wp\/v2\/pages\/214"}],"collection":[{"href":"https:\/\/blowflyofficial.com\/pl\/wp-json\/wp\/v2\/pages"}],"about":[{"href":"https:\/\/blowflyofficial.com\/pl\/wp-json\/wp\/v2\/types\/page"}],"author":[{"embeddable":true,"href":"https:\/\/blowflyofficial.com\/pl\/wp-json\/wp\/v2\/users\/1"}],"replies":[{"embeddable":true,"href":"https:\/\/blowflyofficial.com\/pl\/wp-json\/wp\/v2\/comments?post=214"}],"version-history":[{"count":0,"href":"https:\/\/blowflyofficial.com\/pl\/wp-json\/wp\/v2\/pages\/214\/revisions"}],"wp:attachment":[{"href":"https:\/\/blowflyofficial.com\/pl\/wp-json\/wp\/v2\/media?parent=214"}],"curies":[{"name":"wp","href":"https:\/\/api.w.org\/{rel}","templated":true}]}}