{"id":188,"date":"2022-08-30T13:50:50","date_gmt":"2022-08-30T12:50:50","guid":{"rendered":"http:\/\/blowflyofficial.com\/szukam-seksu\/"},"modified":"2022-08-30T13:50:50","modified_gmt":"2022-08-30T12:50:50","slug":"szukam-seksu","status":"publish","type":"page","link":"https:\/\/blowflyofficial.com\/pl\/szukam-seksu\/","title":{"rendered":"Szukam seksu"},"content":{"rendered":"<p>Szukasz zabawy dzi\u015b wieczorem? W takim razie trafi\u0142e\u015b we w\u0142a\u015bciwe miejsce. Jeste\u015bmy tutaj, aby pom\u00f3c Ci znale\u017a\u0107 idealn\u0105 nieformaln\u0105 randk\u0119 na szybkie i het-up zabawy. Niezale\u017cnie od tego, czy jest to tylko kolacja i napoje, czy co\u015b powa\u017cniejszego, z pewno\u015bci\u0105 b\u0119dziemy dla Ciebie pasowa\u0107. Nasza strona jest ca\u0142kowicie darmowa, a nasi cz\u0142onkowie zawsze szukaj\u0105 dobrej zabawy. Aby zacz\u0105\u0107 szuka\u0107 kogo\u015b wyj\u0105tkowego ju\u017c teraz, po prostu przejrzyj nasze profile i zarejestruj si\u0119 ju\u017c dzi\u015b.<\/p>\n<p>Naszym zdaniem nie ma powodu, dla kt\u00f3rego nie powiniene\u015b pr\u00f3bowa\u0107 znale\u017a\u0107 partnera lokalnie. W ko\u0144cu <a href=\"http:\/\/blowflyofficial.com\/pl\/najlepsze-aplikacje-randkowe-do-znalezienia-czegos-powaznego\/\">mieszkacie w pobli\u017cu<\/a>, dobrze si\u0119 znacie i prawdopodobnie ju\u017c si\u0119 widujecie ka\u017cdego dnia. Mo\u017cesz nawet spotka\u0107 si\u0119 na kaw\u0119 od czasu do czasu. Dlaczego nie spr\u00f3bowa\u0107?<\/p>\n<h2>Jak korzysta\u0107 z aplikacji randkowych do samego seksu<\/h2>\n<p>Najwa\u017cniejsz\u0105 rzecz\u0105, kt\u00f3r\u0105 nale\u017cy wiedzie\u0107 o aplikacjach randkowych, jest to, \u017ce na \u015bwiecie istniej\u0105 r\u00f3\u017cne typy ludzi. Mo\u017cesz my\u015ble\u0107, \u017ce szukasz kogo\u015b takiego jak ty, ale okazuje si\u0119, \u017ce w rzeczywisto\u015bci szukasz kogo\u015b zupe\u0142nie innego. Istniej\u0105 trzy g\u0142\u00f3wne kategorie ludzi online: ci, kt\u00f3rzy chc\u0105 przypadkowego seksu, ci, kt\u00f3rzy chc\u0105 d\u0142ugoterminowych zwi\u0105zk\u00f3w i ci, kt\u00f3rzy po prostu chc\u0105 pozna\u0107 nowych przyjaci\u00f3\u0142. Oto jak wybra\u0107 kobiety w oparciu o to, jakim typem osoby jeste\u015b.<\/p>\n<h2>Przypadkowi ludzie seksu<\/h2>\n<p>Przypadkowi seksowcy nie dbaj\u0105 zbytnio o wygl\u0105d, ale dbaj\u0105 o osobowo\u015b\u0107. Zazwyczaj s\u0105 wyluzowani, otwarci i og\u00f3lnie lubi\u0105 poznawa\u0107 nowych ludzi. Je\u015bli szukasz zabawnego wieczoru bez \u017cadnych zobowi\u0105za\u0144, przypadkowi seksi\u015bci s\u0105 prawdopodobnie najlepszym wyborem dla Ciebie. Ci faceci nie s\u0105 tak naprawd\u0119 zaanga\u017cowani, ale na pewno spr\u00f3buj\u0105 wszystkiego raz.<\/p>\n<h2>D\u0142ugoterminowe relacje Ludzie<\/h2>\n<p>D\u0142ugoterminowi ludzie w zwi\u0105zkach s\u0105 przeciwie\u0144stwem przypadkowych os\u00f3b uprawiaj\u0105cych seks. Szukaj\u0105 czego\u015b powa\u017cnego i chc\u0105 partnera, na kt\u00f3rym mog\u0105 polega\u0107. Dlatego wielu z nich jest sk\u0142onnych znosi\u0107 pewne do\u015b\u0107 nieatrakcyjne cechy u m\u0119\u017cczyzn. W rzeczywisto\u015bci cz\u0119sto robi\u0105 wszystko, aby znale\u017a\u0107 partner\u00f3w, kt\u00f3rzy s\u0105 przystojni.<\/p>\n<h2>Poznawanie nowych przyjaci\u00f3\u0142<\/h2>\n<p>Poznawanie nowych przyjaci\u00f3\u0142 ludzi jest najmniej powszechn\u0105 grup\u0105, ale wci\u0105\u017c tam s\u0105. Zazwyczaj ch\u0119tnie rozmawiaj\u0105 z ka\u017cdym, nawet z zupe\u0142nie obcymi lud\u017ami, poniewa\u017c uwielbiaj\u0105 poznawa\u0107 nowych ludzi. Zazwyczaj s\u0105 przyja\u017ani i towarzyscy i zawsze s\u0105 zainteresowani s\u0142uchaniem historii innych. S\u0105 r\u00f3wnie\u017c \u015bwietnymi s\u0142uchaczami, wi\u0119c je\u015bli kiedykolwiek poczujesz si\u0119 samotny lub znudzony, mo\u017cesz liczy\u0107 na to, \u017ce sprawi\u0105, \u017ce wszystko b\u0119dzie interesuj\u0105ce.<\/p>\n<h2>Nasze porady<\/h2>\n<p>Dzisiejsi single s\u0105 znani z otwarto\u015bci i elastyczno\u015bci, je\u015bli chodzi o sprawy takie jak seks. Dotyczy to zar\u00f3wno kobiet, jak i m\u0119\u017cczyzn. W rzeczywisto\u015bci wiele os\u00f3b woli umawia\u0107 si\u0119 z kim\u015b, kto chce wypr\u00f3bowa\u0107 co\u015b nowego.<\/p>\n<p>Dotyczy to jeszcze silniej os\u00f3b starszych. Wielu z nich nadal chce prze\u017cy\u0107 zabaw\u0119 na emeryturze. I chocia\u017c istnieje wiele dojrza\u0142ych serwis\u00f3w randkowych skierowanych do senior\u00f3w, uwa\u017camy, \u017ce lokalne po\u0142\u0105czenia s\u0105 r\u00f3wnie\u017c \u015bwietnym pomys\u0142em.<\/p>\n","protected":false},"excerpt":{"rendered":"<p>Szukasz zabawy dzi\u015b wieczorem? W takim razie trafi\u0142e\u015b we w\u0142a\u015bciwe miejsce. Jeste\u015bmy tutaj, aby pom\u00f3c Ci znale\u017a\u0107 idealn\u0105 nieformaln\u0105 randk\u0119 na szybkie i het-up zabawy. Niezale\u017cnie od tego, czy jest to tylko kolacja i napoje, czy co\u015b powa\u017cniejszego, z pewno\u015bci\u0105 b\u0119dziemy dla Ciebie pasowa\u0107. Nasza strona jest ca\u0142kowicie darmowa, a nasi cz\u0142onkowie zawsze szukaj\u0105 dobrej &#8230; <a title=\"Szukam seksu\" class=\"read-more\" href=\"https:\/\/blowflyofficial.com\/pl\/szukam-seksu\/\" aria-label=\"More on Szukam seksu\">Czytaj dalej<\/a><\/p>\n","protected":false},"author":1,"featured_media":0,"parent":0,"menu_order":0,"comment_status":"closed","ping_status":"closed","template":"","meta":[],"yoast_head":"<!-- This site is optimized with the Yoast SEO plugin v17.7.1 - https:\/\/yoast.com\/wordpress\/plugins\/seo\/ -->\n<title>Szukam seksu - Rankingi po\u0142\u0105cze\u0144<\/title>\n<meta name=\"robots\" content=\"index, follow, max-snippet:-1, max-image-preview:large, max-video-preview:-1\" \/>\n<link rel=\"canonical\" href=\"https:\/\/blowflyofficial.com\/pl\/szukam-seksu\/\" \/>\n<meta property=\"og:locale\" content=\"pl_PL\" \/>\n<meta property=\"og:type\" content=\"article\" \/>\n<meta property=\"og:title\" content=\"Szukam seksu - Rankingi po\u0142\u0105cze\u0144\" \/>\n<meta property=\"og:description\" content=\"Szukasz zabawy dzi\u015b wieczorem? W takim razie trafi\u0142e\u015b we w\u0142a\u015bciwe miejsce. Jeste\u015bmy tutaj, aby pom\u00f3c Ci znale\u017a\u0107 idealn\u0105 nieformaln\u0105 randk\u0119 na szybkie i het-up zabawy. Niezale\u017cnie od tego, czy jest to tylko kolacja i napoje, czy co\u015b powa\u017cniejszego, z pewno\u015bci\u0105 b\u0119dziemy dla Ciebie pasowa\u0107. Nasza strona jest ca\u0142kowicie darmowa, a nasi cz\u0142onkowie zawsze szukaj\u0105 dobrej ... Czytaj dalej\" \/>\n<meta property=\"og:url\" content=\"https:\/\/blowflyofficial.com\/pl\/szukam-seksu\/\" \/>\n<meta property=\"og:site_name\" content=\"Rankingi po\u0142\u0105cze\u0144\" \/>\n<meta name=\"twitter:card\" content=\"summary_large_image\" \/>\n<meta name=\"twitter:label1\" content=\"Szacowany czas czytania\" \/>\n\t<meta name=\"twitter:data1\" content=\"3 minuty\" \/>\n<script type=\"application\/ld+json\" class=\"yoast-schema-graph\">{\"@context\":\"https:\/\/schema.org\",\"@graph\":[{\"@type\":\"WebSite\",\"@id\":\"http:\/\/blowflyofficial.com\/da\/#website\",\"url\":\"http:\/\/blowflyofficial.com\/da\/\",\"name\":\"Rankingi po\\u0142\\u0105cze\\u0144\",\"description\":\"Porady dotycz\\u0105ce randek na co dzie\\u0144\",\"potentialAction\":[{\"@type\":\"SearchAction\",\"target\":{\"@type\":\"EntryPoint\",\"urlTemplate\":\"http:\/\/blowflyofficial.com\/da\/?s={search_term_string}\"},\"query-input\":\"required name=search_term_string\"}],\"inLanguage\":\"pl-PL\"},{\"@type\":\"WebPage\",\"@id\":\"https:\/\/blowflyofficial.com\/pl\/szukam-seksu\/#webpage\",\"url\":\"https:\/\/blowflyofficial.com\/pl\/szukam-seksu\/\",\"name\":\"Szukam seksu - Rankingi po\\u0142\\u0105cze\\u0144\",\"isPartOf\":{\"@id\":\"http:\/\/blowflyofficial.com\/da\/#website\"},\"datePublished\":\"2022-08-30T12:50:50+00:00\",\"dateModified\":\"2022-08-30T12:50:50+00:00\",\"breadcrumb\":{\"@id\":\"https:\/\/blowflyofficial.com\/pl\/szukam-seksu\/#breadcrumb\"},\"inLanguage\":\"pl-PL\",\"potentialAction\":[{\"@type\":\"ReadAction\",\"target\":[\"https:\/\/blowflyofficial.com\/pl\/szukam-seksu\/\"]}]},{\"@type\":\"BreadcrumbList\",\"@id\":\"https:\/\/blowflyofficial.com\/pl\/szukam-seksu\/#breadcrumb\",\"itemListElement\":[{\"@type\":\"ListItem\",\"position\":1,\"name\":\"Home\",\"item\":\"https:\/\/blowflyofficial.com\/pl\/\"},{\"@type\":\"ListItem\",\"position\":2,\"name\":\"Szukam seksu\"}]}]}<\/script>\n<!-- \/ Yoast SEO plugin. -->","yoast_head_json":{"title":"Szukam seksu - Rankingi po\u0142\u0105cze\u0144","robots":{"index":"index","follow":"follow","max-snippet":"max-snippet:-1","max-image-preview":"max-image-preview:large","max-video-preview":"max-video-preview:-1"},"canonical":"https:\/\/blowflyofficial.com\/pl\/szukam-seksu\/","og_locale":"pl_PL","og_type":"article","og_title":"Szukam seksu - Rankingi po\u0142\u0105cze\u0144","og_description":"Szukasz zabawy dzi\u015b wieczorem? W takim razie trafi\u0142e\u015b we w\u0142a\u015bciwe miejsce. Jeste\u015bmy tutaj, aby pom\u00f3c Ci znale\u017a\u0107 idealn\u0105 nieformaln\u0105 randk\u0119 na szybkie i het-up zabawy. Niezale\u017cnie od tego, czy jest to tylko kolacja i napoje, czy co\u015b powa\u017cniejszego, z pewno\u015bci\u0105 b\u0119dziemy dla Ciebie pasowa\u0107. Nasza strona jest ca\u0142kowicie darmowa, a nasi cz\u0142onkowie zawsze szukaj\u0105 dobrej ... Czytaj dalej","og_url":"https:\/\/blowflyofficial.com\/pl\/szukam-seksu\/","og_site_name":"Rankingi po\u0142\u0105cze\u0144","twitter_card":"summary_large_image","twitter_misc":{"Szacowany czas czytania":"3 minuty"},"schema":{"@context":"https:\/\/schema.org","@graph":[{"@type":"WebSite","@id":"http:\/\/blowflyofficial.com\/da\/#website","url":"http:\/\/blowflyofficial.com\/da\/","name":"Rankingi po\u0142\u0105cze\u0144","description":"Porady dotycz\u0105ce randek na co dzie\u0144","potentialAction":[{"@type":"SearchAction","target":{"@type":"EntryPoint","urlTemplate":"http:\/\/blowflyofficial.com\/da\/?s={search_term_string}"},"query-input":"required name=search_term_string"}],"inLanguage":"pl-PL"},{"@type":"WebPage","@id":"https:\/\/blowflyofficial.com\/pl\/szukam-seksu\/#webpage","url":"https:\/\/blowflyofficial.com\/pl\/szukam-seksu\/","name":"Szukam seksu - Rankingi po\u0142\u0105cze\u0144","isPartOf":{"@id":"http:\/\/blowflyofficial.com\/da\/#website"},"datePublished":"2022-08-30T12:50:50+00:00","dateModified":"2022-08-30T12:50:50+00:00","breadcrumb":{"@id":"https:\/\/blowflyofficial.com\/pl\/szukam-seksu\/#breadcrumb"},"inLanguage":"pl-PL","potentialAction":[{"@type":"ReadAction","target":["https:\/\/blowflyofficial.com\/pl\/szukam-seksu\/"]}]},{"@type":"BreadcrumbList","@id":"https:\/\/blowflyofficial.com\/pl\/szukam-seksu\/#breadcrumb","itemListElement":[{"@type":"ListItem","position":1,"name":"Home","item":"https:\/\/blowflyofficial.com\/pl\/"},{"@type":"ListItem","position":2,"name":"Szukam seksu"}]}]}},"_links":{"self":[{"href":"https:\/\/blowflyofficial.com\/pl\/wp-json\/wp\/v2\/pages\/188"}],"collection":[{"href":"https:\/\/blowflyofficial.com\/pl\/wp-json\/wp\/v2\/pages"}],"about":[{"href":"https:\/\/blowflyofficial.com\/pl\/wp-json\/wp\/v2\/types\/page"}],"author":[{"embeddable":true,"href":"https:\/\/blowflyofficial.com\/pl\/wp-json\/wp\/v2\/users\/1"}],"replies":[{"embeddable":true,"href":"https:\/\/blowflyofficial.com\/pl\/wp-json\/wp\/v2\/comments?post=188"}],"version-history":[{"count":0,"href":"https:\/\/blowflyofficial.com\/pl\/wp-json\/wp\/v2\/pages\/188\/revisions"}],"wp:attachment":[{"href":"https:\/\/blowflyofficial.com\/pl\/wp-json\/wp\/v2\/media?parent=188"}],"curies":[{"name":"wp","href":"https:\/\/api.w.org\/{rel}","templated":true}]}}