{"id":172,"date":"2022-08-30T13:54:35","date_gmt":"2022-08-30T12:54:35","guid":{"rendered":"http:\/\/blowflyofficial.com\/swapfinder-kontra-easysex\/"},"modified":"2022-08-30T13:54:35","modified_gmt":"2022-08-30T12:54:35","slug":"swapfinder-kontra-easysex","status":"publish","type":"page","link":"https:\/\/blowflyofficial.com\/pl\/swapfinder-kontra-easysex\/","title":{"rendered":"SwapFinder kontra EasySex"},"content":{"rendered":"<p>Randki online to jedna z tych rzeczy, kt\u00f3re wydaj\u0105 si\u0119 do\u015b\u0107 proste: rejestrujesz si\u0119, wype\u0142niasz pytania o siebie i czekasz, a\u017c pojawi\u0105 si\u0119 mecze. Ale w rzeczywisto\u015bci jest o wiele wi\u0119cej zaanga\u017cowanych ni\u017c to.<\/p>\n<p>Najbardziej podstawowym sposobem na znalezienie kogo\u015b kompatybilnego jest po prostu zalogowanie si\u0119 do aplikacji lub witryny i przegl\u0105danie profili. Je\u015bli szukasz czego\u015b powa\u017cnego, mo\u017ce to troch\u0119 potrwa\u0107. A nawet je\u015bli uda ci si\u0119 kogo\u015b znale\u017a\u0107, nadal nie b\u0119dziesz wiedzia\u0142, czy chce si\u0119 z tob\u0105 um\u00f3wi\u0107, chyba \u017ce wy\u015blesz mu wiadomo\u015b\u0107.<\/p>\n<p>W przypadku witryn takich jak eHarmony, Match, PlentyOfFish, Zoosk, OkCupid i Tinder mo\u017cesz technicznie u\u017cy\u0107 ich bezp\u0142atnych wersji, aby rozejrze\u0107 si\u0119 i zobaczy\u0107, co jest dost\u0119pne. Ale istnieje r\u00f3wnie\u017c wiele p\u0142atnych opcji &#8211; takich, kt\u00f3re pozwalaj\u0105 wysy\u0142a\u0107 wiadomo\u015bci o potencjalnych datach i zobaczy\u0107, kto Ci\u0119 lubi.<\/p>\n<h2>Wyszukiwarka wymian<\/h2>\n<p>Je\u015bli szukasz miejsca do <a href=\"http:\/\/blowflyofficial.com\/pl\/znajdz-lokalny-zwykly-hookup\/\">poznawania ludzi online<\/a>, to SwapFinder.com mo\u017ce by\u0107 w\u0142a\u015bnie tym, czego szuka\u0142e\u015b. Widzisz, to nie jest dok\u0142adnie serwis randkowy. Zamiast tego jest to darmowy portal spo\u0142eczno\u015bciowy, w kt\u00f3rym podobnie my\u015bl\u0105ce osoby spotykaj\u0105 si\u0119, aby wymieni\u0107 partner\u00f3w na noc zabawy. I chocia\u017c istnieje wiele miejsc, kt\u00f3re zaspokajaj\u0105 potrzeby par swinguj\u0105cych, ten stoi g\u0142ow\u0105 i ramionami ponad reszt\u0105.<\/p>\n<p>Powodem tego jest to, \u017ce SwapFinder.com jest w\u0142asno\u015bci\u0105 tej samej firmy, co Adult Friend Finder, jeden z najpopularniejszych serwis\u00f3w randkowych dla doros\u0142ych na \u015bwiecie. Tak wi\u0119c, je\u015bli chcesz znale\u017a\u0107 kogo\u015b, z kim mo\u017cesz si\u0119 po\u0142\u0105czy\u0107 dzi\u015b wieczorem, prawdopodobnie odniesiesz znacznie wi\u0119kszy sukces, znajduj\u0105c kogo\u015b tutaj ni\u017c gdziekolwiek indziej.<\/p>\n<h2>\u0141atwy seks<\/h2>\n<p>Nie wiem jak wy, ale ja lubi\u0119 seks. C\u00f3\u017c, kocham seks. W rzeczywisto\u015bci my\u015bl\u0119, \u017ce jest to najbardziej zabawna cz\u0119\u015b\u0107 \u017cycia. I chocia\u017c istnieje wiele stron, w kt\u00f3rych mo\u017cna znale\u017a\u0107 po\u0142\u0105czenia, chcia\u0142em czego\u015b innego. Co\u015b lepszego. Zapisa\u0142em si\u0119 wi\u0119c na EasySex.com.<\/p>\n<p>Idea EasySex jest prosta. Rejestrujesz si\u0119 za darmo, przesy\u0142asz zdj\u0119cie profilowe, wype\u0142niasz kilka pyta\u0144 i jeste\u015b gotowy, aby zacz\u0105\u0107 spotyka\u0107 si\u0119 z lud\u017ami. Nie ma \u017cadnych op\u0142at, \u017cadnych sztuczek i \u017cadnych bzdur. Po prostu prawdziwi ludzie, kt\u00f3rzy chc\u0105 prowadzi\u0107 prawdziwe rozmowy.<\/p>\n<p>Jak na razie dobrze idzie. Ale to, co naprawd\u0119 wyr\u00f3\u017cnia EasySex, to \u0142atwo\u015b\u0107 poznawania ludzi. W przeciwie\u0144stwie do innych witryn, EasySex nie wymaga dodatkowej op\u0142aty, aby zobaczy\u0107, kto jeszcze jest online. Zamiast tego mo\u017cesz przegl\u0105da\u0107 profile ca\u0142kowicie anonimowo. Je\u015bli chcesz z kim\u015b porozmawia\u0107, po prostu wpisz &#8222;Hej!&#8221; w polu tekstowym obok jego zdj\u0119cia, naci\u015bnij Wy\u015blij i voil\u00e0! Rozpocznie si\u0119 wysy\u0142anie wiadomo\u015bci b\u0142yskawicznych.<\/p>\n<p>A najlepsze jest to, \u017ce kiedy ju\u017c zdecydujesz si\u0119 p\u00f3j\u015b\u0107 na randk\u0119, nie ma \u017cadnych ukrytych koszt\u00f3w. Wszystko, co musisz zrobi\u0107, to si\u0119 pojawi\u0107. Wi\u0119kszo\u015b\u0107 ludzi wydaje si\u0119 lubi\u0107 to robi\u0107.<\/p>\n<h1>Alternatywa &#8211; Zoosk<\/h1>\n<p>Zoosk istnieje od 2004 roku i ma ponad 25 milion\u00f3w cz\u0142onk\u00f3w na ca\u0142ym \u015bwiecie. Niedawno uruchomi\u0142a przeprojektowan\u0105 aplikacj\u0119, kt\u00f3ra pozwala u\u017cytkownikom przegl\u0105da\u0107 potencjalne dopasowania na podstawie podobie\u0144stw, takich jak lokalizacja, wiek, poziom wykszta\u0142cenia, typ pracy itp.<\/p>\n<p>Aplikacja nadal wymaga od u\u017cytkownik\u00f3w wype\u0142nienia kwestionariusza o sobie, zanim b\u0119d\u0105 mogli zobaczy\u0107 informacje innych os\u00f3b. Kwestionariusz ten zawiera osiem pyta\u0144, kt\u00f3re pomagaj\u0105 Zoosk okre\u015bli\u0107, jakim jeste\u015b cz\u0142owiekiem. Pytania te obejmuj\u0105 &#8222;Co lubisz robi\u0107?&#8221; i &#8222;Czy wolisz sp\u0119dza\u0107 czas sam czy z przyjaci\u00f3\u0142mi?&#8221;.<\/p>\n<p>Mo\u017cesz pomin\u0105\u0107 niekt\u00f3re pytania, ale nie mo\u017cesz pomin\u0105\u0107 pytania o osobowo\u015b\u0107. Musisz odpowiedzie\u0107 na ka\u017cde pytanie w ca\u0142o\u015bci, zanim przejdziesz do nast\u0119pnego kroku.<\/p>\n","protected":false},"excerpt":{"rendered":"<p>Randki online to jedna z tych rzeczy, kt\u00f3re wydaj\u0105 si\u0119 do\u015b\u0107 proste: rejestrujesz si\u0119, wype\u0142niasz pytania o siebie i czekasz, a\u017c pojawi\u0105 si\u0119 mecze. Ale w rzeczywisto\u015bci jest o wiele wi\u0119cej zaanga\u017cowanych ni\u017c to. Najbardziej podstawowym sposobem na znalezienie kogo\u015b kompatybilnego jest po prostu zalogowanie si\u0119 do aplikacji lub witryny i przegl\u0105danie profili. Je\u015bli szukasz &#8230; <a title=\"SwapFinder kontra EasySex\" class=\"read-more\" href=\"https:\/\/blowflyofficial.com\/pl\/swapfinder-kontra-easysex\/\" aria-label=\"More on SwapFinder kontra EasySex\">Czytaj dalej<\/a><\/p>\n","protected":false},"author":1,"featured_media":0,"parent":0,"menu_order":0,"comment_status":"closed","ping_status":"closed","template":"","meta":[],"yoast_head":"<!-- This site is optimized with the Yoast SEO plugin v17.7.1 - https:\/\/yoast.com\/wordpress\/plugins\/seo\/ -->\n<title>SwapFinder kontra EasySex - Rankingi po\u0142\u0105cze\u0144<\/title>\n<meta name=\"robots\" content=\"index, follow, max-snippet:-1, max-image-preview:large, max-video-preview:-1\" \/>\n<link rel=\"canonical\" href=\"https:\/\/blowflyofficial.com\/pl\/swapfinder-kontra-easysex\/\" \/>\n<meta property=\"og:locale\" content=\"pl_PL\" \/>\n<meta property=\"og:type\" content=\"article\" \/>\n<meta property=\"og:title\" content=\"SwapFinder kontra EasySex - Rankingi po\u0142\u0105cze\u0144\" \/>\n<meta property=\"og:description\" content=\"Randki online to jedna z tych rzeczy, kt\u00f3re wydaj\u0105 si\u0119 do\u015b\u0107 proste: rejestrujesz si\u0119, wype\u0142niasz pytania o siebie i czekasz, a\u017c pojawi\u0105 si\u0119 mecze. Ale w rzeczywisto\u015bci jest o wiele wi\u0119cej zaanga\u017cowanych ni\u017c to. Najbardziej podstawowym sposobem na znalezienie kogo\u015b kompatybilnego jest po prostu zalogowanie si\u0119 do aplikacji lub witryny i przegl\u0105danie profili. Je\u015bli szukasz ... Czytaj dalej\" \/>\n<meta property=\"og:url\" content=\"https:\/\/blowflyofficial.com\/pl\/swapfinder-kontra-easysex\/\" \/>\n<meta property=\"og:site_name\" content=\"Rankingi po\u0142\u0105cze\u0144\" \/>\n<meta name=\"twitter:card\" content=\"summary_large_image\" \/>\n<meta name=\"twitter:label1\" content=\"Szacowany czas czytania\" \/>\n\t<meta name=\"twitter:data1\" content=\"3 minuty\" \/>\n<script type=\"application\/ld+json\" class=\"yoast-schema-graph\">{\"@context\":\"https:\/\/schema.org\",\"@graph\":[{\"@type\":\"WebSite\",\"@id\":\"http:\/\/blowflyofficial.com\/da\/#website\",\"url\":\"http:\/\/blowflyofficial.com\/da\/\",\"name\":\"Rankingi po\\u0142\\u0105cze\\u0144\",\"description\":\"Porady dotycz\\u0105ce randek na co dzie\\u0144\",\"potentialAction\":[{\"@type\":\"SearchAction\",\"target\":{\"@type\":\"EntryPoint\",\"urlTemplate\":\"http:\/\/blowflyofficial.com\/da\/?s={search_term_string}\"},\"query-input\":\"required name=search_term_string\"}],\"inLanguage\":\"pl-PL\"},{\"@type\":\"WebPage\",\"@id\":\"https:\/\/blowflyofficial.com\/pl\/swapfinder-kontra-easysex\/#webpage\",\"url\":\"https:\/\/blowflyofficial.com\/pl\/swapfinder-kontra-easysex\/\",\"name\":\"SwapFinder kontra EasySex - Rankingi po\\u0142\\u0105cze\\u0144\",\"isPartOf\":{\"@id\":\"http:\/\/blowflyofficial.com\/da\/#website\"},\"datePublished\":\"2022-08-30T12:54:35+00:00\",\"dateModified\":\"2022-08-30T12:54:35+00:00\",\"breadcrumb\":{\"@id\":\"https:\/\/blowflyofficial.com\/pl\/swapfinder-kontra-easysex\/#breadcrumb\"},\"inLanguage\":\"pl-PL\",\"potentialAction\":[{\"@type\":\"ReadAction\",\"target\":[\"https:\/\/blowflyofficial.com\/pl\/swapfinder-kontra-easysex\/\"]}]},{\"@type\":\"BreadcrumbList\",\"@id\":\"https:\/\/blowflyofficial.com\/pl\/swapfinder-kontra-easysex\/#breadcrumb\",\"itemListElement\":[{\"@type\":\"ListItem\",\"position\":1,\"name\":\"Home\",\"item\":\"https:\/\/blowflyofficial.com\/pl\/\"},{\"@type\":\"ListItem\",\"position\":2,\"name\":\"SwapFinder kontra EasySex\"}]}]}<\/script>\n<!-- \/ Yoast SEO plugin. -->","yoast_head_json":{"title":"SwapFinder kontra EasySex - Rankingi po\u0142\u0105cze\u0144","robots":{"index":"index","follow":"follow","max-snippet":"max-snippet:-1","max-image-preview":"max-image-preview:large","max-video-preview":"max-video-preview:-1"},"canonical":"https:\/\/blowflyofficial.com\/pl\/swapfinder-kontra-easysex\/","og_locale":"pl_PL","og_type":"article","og_title":"SwapFinder kontra EasySex - Rankingi po\u0142\u0105cze\u0144","og_description":"Randki online to jedna z tych rzeczy, kt\u00f3re wydaj\u0105 si\u0119 do\u015b\u0107 proste: rejestrujesz si\u0119, wype\u0142niasz pytania o siebie i czekasz, a\u017c pojawi\u0105 si\u0119 mecze. Ale w rzeczywisto\u015bci jest o wiele wi\u0119cej zaanga\u017cowanych ni\u017c to. Najbardziej podstawowym sposobem na znalezienie kogo\u015b kompatybilnego jest po prostu zalogowanie si\u0119 do aplikacji lub witryny i przegl\u0105danie profili. Je\u015bli szukasz ... Czytaj dalej","og_url":"https:\/\/blowflyofficial.com\/pl\/swapfinder-kontra-easysex\/","og_site_name":"Rankingi po\u0142\u0105cze\u0144","twitter_card":"summary_large_image","twitter_misc":{"Szacowany czas czytania":"3 minuty"},"schema":{"@context":"https:\/\/schema.org","@graph":[{"@type":"WebSite","@id":"http:\/\/blowflyofficial.com\/da\/#website","url":"http:\/\/blowflyofficial.com\/da\/","name":"Rankingi po\u0142\u0105cze\u0144","description":"Porady dotycz\u0105ce randek na co dzie\u0144","potentialAction":[{"@type":"SearchAction","target":{"@type":"EntryPoint","urlTemplate":"http:\/\/blowflyofficial.com\/da\/?s={search_term_string}"},"query-input":"required name=search_term_string"}],"inLanguage":"pl-PL"},{"@type":"WebPage","@id":"https:\/\/blowflyofficial.com\/pl\/swapfinder-kontra-easysex\/#webpage","url":"https:\/\/blowflyofficial.com\/pl\/swapfinder-kontra-easysex\/","name":"SwapFinder kontra EasySex - Rankingi po\u0142\u0105cze\u0144","isPartOf":{"@id":"http:\/\/blowflyofficial.com\/da\/#website"},"datePublished":"2022-08-30T12:54:35+00:00","dateModified":"2022-08-30T12:54:35+00:00","breadcrumb":{"@id":"https:\/\/blowflyofficial.com\/pl\/swapfinder-kontra-easysex\/#breadcrumb"},"inLanguage":"pl-PL","potentialAction":[{"@type":"ReadAction","target":["https:\/\/blowflyofficial.com\/pl\/swapfinder-kontra-easysex\/"]}]},{"@type":"BreadcrumbList","@id":"https:\/\/blowflyofficial.com\/pl\/swapfinder-kontra-easysex\/#breadcrumb","itemListElement":[{"@type":"ListItem","position":1,"name":"Home","item":"https:\/\/blowflyofficial.com\/pl\/"},{"@type":"ListItem","position":2,"name":"SwapFinder kontra EasySex"}]}]}},"_links":{"self":[{"href":"https:\/\/blowflyofficial.com\/pl\/wp-json\/wp\/v2\/pages\/172"}],"collection":[{"href":"https:\/\/blowflyofficial.com\/pl\/wp-json\/wp\/v2\/pages"}],"about":[{"href":"https:\/\/blowflyofficial.com\/pl\/wp-json\/wp\/v2\/types\/page"}],"author":[{"embeddable":true,"href":"https:\/\/blowflyofficial.com\/pl\/wp-json\/wp\/v2\/users\/1"}],"replies":[{"embeddable":true,"href":"https:\/\/blowflyofficial.com\/pl\/wp-json\/wp\/v2\/comments?post=172"}],"version-history":[{"count":0,"href":"https:\/\/blowflyofficial.com\/pl\/wp-json\/wp\/v2\/pages\/172\/revisions"}],"wp:attachment":[{"href":"https:\/\/blowflyofficial.com\/pl\/wp-json\/wp\/v2\/media?parent=172"}],"curies":[{"name":"wp","href":"https:\/\/api.w.org\/{rel}","templated":true}]}}