{"id":157,"date":"2022-08-30T13:59:12","date_gmt":"2022-08-30T12:59:12","guid":{"rendered":"http:\/\/blowflyofficial.com\/najlepsze-aplikacje-randkowe-do-znalezienia-czegos-powaznego\/"},"modified":"2022-10-17T14:26:46","modified_gmt":"2022-10-17T13:26:46","slug":"najlepsze-aplikacje-randkowe-do-znalezienia-czegos-powaznego","status":"publish","type":"page","link":"https:\/\/blowflyofficial.com\/pl\/najlepsze-aplikacje-randkowe-do-znalezienia-czegos-powaznego\/","title":{"rendered":"Najlepsze aplikacje randkowe do znalezienia czego\u015b powa\u017cnego"},"content":{"rendered":"<p>Internetowe serwisy randkowe s\u0105 \u015bwietne, poniewa\u017c s\u0105 bezp\u0142atne, anonimowe i wygodne. Pozwalaj\u0105 pozna\u0107 singli, kt\u00f3rzy maj\u0105 podobne zainteresowania, warto\u015bci i styl \u017cycia. Ale s\u0105 te\u017c pewne wady. Internetowe serwisy randkowe nie s\u0105 idealne. Niekt\u00f3re witryny s\u0105 wype\u0142nione fa\u0142szywymi profilami, spamerskimi wiadomo\u015bciami i oszustami. Inne wymagaj\u0105 od u\u017cytkownik\u00f3w zap\u0142aty za uaktualnienie <a href=\"http:\/\/www.sextstrangers.com\/pl\/aplikacje-erotyczne-na-telefony-z-androidem\/\">aplikacje erotyczne<\/a> cz\u0142onkostwa lub korzystanie z us\u0142ug premium.<\/p>\n<p>To powiedziawszy, internetowe serwisy randkowe s\u0105 nadal warte sprawdzenia. Istnieje wiele r\u00f3\u017cnych rodzaj\u00f3w internetowych serwis\u00f3w randkowych, w tym serwisy do kojarzenia, serwisy spo\u0142eczno\u015bciowe i specjalistyczne serwisy randkowe. Ka\u017cdy typ oferuje sw\u00f3j unikalny zestaw korzy\u015bci.<\/p>\n<h2>Match.com<\/h2>\n<p>Match.com jest jednym z najpopularniejszych internetowych serwis\u00f3w randkowych i nic dziwnego, \u017ce dlaczego. Z <a href=\"http:\/\/blowflyofficial.com\/pl\/swapfinder-kontra-easysex\/\">milionami ludzi poszukuj\u0105cych mi\u0142o\u015bci ka\u017cdego dnia<\/a>, ma sens, \u017ce istnieje wiele opcji dla tych, kt\u00f3rzy szukaj\u0105 mi\u0142o\u015bci. Ale mimo \u017ce istnieje ju\u017c od ponad 20 lat, Match.com nie jest dok\u0142adnie darmowy. Istnieje kilka p\u0142atnych funkcji, kt\u00f3re pojawiaj\u0105 si\u0119 wraz z rejestracj\u0105, takich jak wysy\u0142anie wiadomo\u015bci e-mail i przegl\u0105danie zdj\u0119\u0107, ale prawdziwe pieni\u0105dze pojawiaj\u0105 si\u0119, gdy zdecydujesz si\u0119 rozpocz\u0105\u0107 wysy\u0142anie wiadomo\u015bci do cz\u0142onk\u00f3w.<\/p>\n<p>Podstawowy plan cz\u0142onkostwa kosztuje 29 USD miesi\u0119cznie, podczas gdy pakiet Premium zaczyna si\u0119 od 49 USD miesi\u0119cznie. Oba te plany obejmuj\u0105 dost\u0119p do ca\u0142ej witryny, w tym mo\u017cliwo\u015b\u0107 przegl\u0105dania profili cz\u0142onk\u00f3w, wysy\u0142ania wiadomo\u015bci, przegl\u0105dania zdj\u0119\u0107 i wielu innych. Je\u015bli jednak chcesz faktycznie komunikowa\u0107 si\u0119 z potencjalnymi dopasowaniami, musisz uaktualni\u0107 do pakietu Gold (79 USD \/ miesi\u0105c) lub pakietu Platinum (199 USD \/ miesi\u0105c). Pakiety te oferuj\u0105 dodatkowe funkcje, takie jak nieograniczona liczba linii czatu, czaty wideo i czaty grupowe. Je\u015bli naprawd\u0119 chcesz p\u00f3j\u015b\u0107 na ca\u0142o\u015b\u0107, mo\u017cesz wyda\u0107 zaledwie 99 USD miesi\u0119cznie <a href=\"https:\/\/wank.io\/pl\/gay-hookup-sites\/randki-gejowskie-blisko-mnie\/\">aplikacje dla gej\u00f3w<\/a> na pakiet Diamond, kt\u00f3ry obejmuje wszystko, co zawiera pakiet Platinum oraz mo\u017cliwo\u015b\u0107 zobaczenia, kto ogl\u0105da\u0142 Tw\u00f3j profil.<\/p>\n<h2>OKCupid<\/h2>\n<p>\u015awiat randek online szybko si\u0119 zmienia. A OkCupid chce pom\u00f3c nad\u0105\u017cy\u0107 za duchem czasu. W czwartek popularny serwis randkowy og\u0142osi\u0142, \u017ce ponownie uruchomi\u0142 ca\u0142\u0105 swoj\u0105 lini\u0119 produkt\u00f3w pod jednym parasolem o nazwie OKCupid.<\/p>\n<p>Teraz witryna oferuje trzy r\u00f3\u017cne opcje subskrypcji: Basic (19 USD miesi\u0119cznie), Plus (39 USD miesi\u0119cznie) i Premium (59 USD miesi\u0119cznie). Za 19 USD miesi\u0119cznie mo\u017cesz uzyska\u0107 dost\u0119p do podstawowych funkcji witryny, w tym przegl\u0105dania zdj\u0119\u0107 cz\u0142onk\u00f3w, wysy\u0142ania wiadomo\u015bci i czytania odpowiedzi. Ponadto b\u0119dziesz otrzymywa\u0107 powiadomienia, gdy kto\u015b odpowie na Ciebie, wy\u015ble Ci wiadomo\u015b\u0107 lub doda Ci\u0119 do swojej sieci. Je\u015bli zdecydujesz si\u0119 na uaktualnienie do planu Plus, uzyskasz dost\u0119p do dodatkowych funkcji, takich jak mo\u017cliwo\u015b\u0107 wysy\u0142ania wielu wiadomo\u015bci jednocze\u015bnie, przegl\u0105dania pe\u0142nych profili cz\u0142onk\u00f3w i czytania wiadomo\u015bci bez konieczno\u015bci przewijania w d\u00f3\u0142. Wreszcie, pakiet Premium pozwala odpowiada\u0107 bezpo\u015brednio na wys\u0142ane do Ciebie wiadomo\u015bci, a tak\u017ce pisa\u0107 spersonalizowane notatki do twoich dopasowa\u0144.<\/p>\n<h2>Nasz Czas<\/h2>\n<p>Idea OurTime jest prosta. Chcemy pom\u00f3c ludziom znale\u017a\u0107 mi\u0142o\u015b\u0107, przyja\u017a\u0144, towarzystwo, a mo\u017ce nawet ma\u0142\u017ce\u0144stwo. I chcemy to zrobi\u0107 bez konieczno\u015bci marnowania godzin na wype\u0142nianie nudnych formularzy online. Dlatego stworzyli\u015bmy witryn\u0119, w kt\u00f3rej ka\u017cdy w wieku powy\u017cej 50 lat mo\u017ce publikowa\u0107 profile, przesy\u0142a\u0107 zdj\u0119cia, dodawa\u0107 filmy, pisa\u0107 o sobie, odpowiada\u0107 na pytania i \u0142\u0105czy\u0107 si\u0119 z innymi.<\/p>\n<p>Wiemy, \u017ce znalezienie kogo\u015b wyj\u0105tkowego wymaga pracy, czy to za po\u015brednictwem przyjaci\u00f3\u0142 <a href=\"https:\/\/www.jerkoffforme.com\/pl\/kamery-bdsm\/\">bdsm cam<\/a>, rodziny, czy internetowych serwis\u00f3w randkowych. Uwa\u017camy jednak, \u017ce ka\u017cdy zas\u0142uguje na szans\u0119 poznania kogo\u015b wspania\u0142ego \u2013 niezale\u017cnie od tego, jak bardzo zaj\u0119te jest \u017cycie. Wiemy, \u017ce czasami starzenie si\u0119 nie oznacza utraty zdolno\u015bci do znalezienia prawdziwego szcz\u0119\u015bcia. W rzeczywisto\u015bci niekt\u00f3re badania pokazuj\u0105, \u017ce ludzie w wieku 40 i 50 lat s\u0105 w rzeczywisto\u015bci szcz\u0119\u015bliwsi ni\u017c osoby w wieku 20 i 30 lat.<\/p>\n<p>Ale podczas gdy miliony Amerykan\u00f3w ju\u017c ciesz\u0105 si\u0119 korzy\u015bciami p\u0142yn\u0105cymi z bycia cz\u0119\u015bci\u0105 &#8222;srebrnego pokolenia&#8221;, niewystarczaj\u0105ca liczba ludzi zdaje sobie spraw\u0119, o ile lepiej mogliby by\u0107. Wed\u0142ug Pew Research Center, prawie po\u0142owa doros\u0142ych Amerykan\u00f3w nigdy nie by\u0142a w zwi\u0105zku ma\u0142\u017ce\u0144skim, a w\u015br\u00f3d tych, kt\u00f3rzy s\u0105 ma\u0142\u017ce\u0144stwem, mniej ni\u017c po\u0142owa par twierdzi, \u017ce kiedykolwiek dyskutowa\u0142a o tym, co dzieje si\u0119 po \u015bmierci.<\/p>\n<p>Dlaczego wi\u0119c wi\u0119cej os\u00f3b nie korzysta z OurTime, aby znale\u017a\u0107 trwa\u0142e relacje? C\u00f3\u017c, okazuje si\u0119, \u017ce wiele os\u00f3b nie jest zainteresowanych spotkaniem z kim\u015b innym, poniewa\u017c zak\u0142adaj\u0105, \u017ce sko\u0144cz\u0105 sami. Martwi\u0105 si\u0119, \u017ce nie b\u0119d\u0105 w stanie przyci\u0105gn\u0105\u0107 partnera lub \u017ce w ko\u0144cu osiedl\u0105 si\u0119 z kim\u015b mniej atrakcyjnym ni\u017c oni.<\/p>\n<h1>Nasze porady dla Ciebie<\/h1>\n<p>Witryny do dobierania graczy zosta\u0142y zaprojektowane, aby pom\u00f3c Ci znale\u017a\u0107 kompatybilnych partner\u00f3w w oparciu o wsp\u00f3lne zainteresowania i cechy osobowo\u015bci. Serwisy spo\u0142eczno\u015bciowe s\u0105 idealne do spotka\u0144 z przyjaci\u00f3\u0142mi i nawi\u0105zywania kontakt\u00f3w. Specjalistyczne serwisy randkowe zaspokajaj\u0105 potrzeby okre\u015blonych grup, takich jak osoby zainteresowane znalezieniem mi\u0142o\u015bci w\u015br\u00f3d rozwiedzionych rodzic\u00f3w, gej\u00f3w lub samotnych matek.<\/p>\n<p>Istniej\u0105 zalety i wady ka\u017cdego typu witryny. Witryny do kojarzenia s\u0105 zwykle drogie, ale oferuj\u0105 lepsz\u0105 prywatno\u015b\u0107 ni\u017c wi\u0119kszo\u015b\u0107 innych opcji. Serwisy spo\u0142eczno\u015bciowe s\u0105 bezp\u0142atne, ale brakuje im osobistego charakteru witryn do kojarzenia. Wyspecjalizowane serwisy randkowe s\u0105 zwykle ta\u0144sze ni\u017c serwisy do kojarzenia, ale mog\u0105 nie zawiera\u0107 funkcji znalezionych na innych stronach.<\/p>\n<p>Niezale\u017cnie od tego, kt\u00f3ra opcja dzia\u0142a najlepiej dla Ciebie, pami\u0119taj, \u017ce internetowe serwisy randkowe nie s\u0105 idealne. Wi\u0119c skorzystaj z nich, ale zachowaj otwarty umys\u0142 podczas poszukiwania mi\u0142o\u015bci.<\/p>\n","protected":false},"excerpt":{"rendered":"<p>Internetowe serwisy randkowe s\u0105 \u015bwietne, poniewa\u017c s\u0105 bezp\u0142atne, anonimowe i wygodne. Pozwalaj\u0105 pozna\u0107 singli, kt\u00f3rzy maj\u0105 podobne zainteresowania, warto\u015bci i styl \u017cycia. Ale s\u0105 te\u017c pewne wady. Internetowe serwisy randkowe nie s\u0105 idealne. Niekt\u00f3re witryny s\u0105 wype\u0142nione fa\u0142szywymi profilami, spamerskimi wiadomo\u015bciami i oszustami. Inne wymagaj\u0105 od u\u017cytkownik\u00f3w zap\u0142aty za uaktualnienie aplikacje erotyczne cz\u0142onkostwa lub korzystanie &#8230; <a title=\"Najlepsze aplikacje randkowe do znalezienia czego\u015b powa\u017cnego\" class=\"read-more\" href=\"https:\/\/blowflyofficial.com\/pl\/najlepsze-aplikacje-randkowe-do-znalezienia-czegos-powaznego\/\" aria-label=\"More on Najlepsze aplikacje randkowe do znalezienia czego\u015b powa\u017cnego\">Czytaj dalej<\/a><\/p>\n","protected":false},"author":1,"featured_media":0,"parent":0,"menu_order":0,"comment_status":"closed","ping_status":"closed","template":"","meta":[],"yoast_head":"<!-- This site is optimized with the Yoast SEO plugin v17.7.1 - https:\/\/yoast.com\/wordpress\/plugins\/seo\/ -->\n<title>Najlepsze aplikacje randkowe do znalezienia czego\u015b powa\u017cnego - Rankingi po\u0142\u0105cze\u0144<\/title>\n<meta name=\"robots\" content=\"index, follow, max-snippet:-1, max-image-preview:large, max-video-preview:-1\" \/>\n<link rel=\"canonical\" href=\"https:\/\/blowflyofficial.com\/pl\/najlepsze-aplikacje-randkowe-do-znalezienia-czegos-powaznego\/\" \/>\n<meta property=\"og:locale\" content=\"pl_PL\" \/>\n<meta property=\"og:type\" content=\"article\" \/>\n<meta property=\"og:title\" content=\"Najlepsze aplikacje randkowe do znalezienia czego\u015b powa\u017cnego - Rankingi po\u0142\u0105cze\u0144\" \/>\n<meta property=\"og:description\" content=\"Internetowe serwisy randkowe s\u0105 \u015bwietne, poniewa\u017c s\u0105 bezp\u0142atne, anonimowe i wygodne. Pozwalaj\u0105 pozna\u0107 singli, kt\u00f3rzy maj\u0105 podobne zainteresowania, warto\u015bci i styl \u017cycia. Ale s\u0105 te\u017c pewne wady. Internetowe serwisy randkowe nie s\u0105 idealne. Niekt\u00f3re witryny s\u0105 wype\u0142nione fa\u0142szywymi profilami, spamerskimi wiadomo\u015bciami i oszustami. Inne wymagaj\u0105 od u\u017cytkownik\u00f3w zap\u0142aty za uaktualnienie aplikacje erotyczne cz\u0142onkostwa lub korzystanie ... Czytaj dalej\" \/>\n<meta property=\"og:url\" content=\"https:\/\/blowflyofficial.com\/pl\/najlepsze-aplikacje-randkowe-do-znalezienia-czegos-powaznego\/\" \/>\n<meta property=\"og:site_name\" content=\"Rankingi po\u0142\u0105cze\u0144\" \/>\n<meta property=\"article:modified_time\" content=\"2022-10-17T13:26:46+00:00\" \/>\n<meta name=\"twitter:card\" content=\"summary_large_image\" \/>\n<meta name=\"twitter:label1\" content=\"Szacowany czas czytania\" \/>\n\t<meta name=\"twitter:data1\" content=\"5 minut\" \/>\n<script type=\"application\/ld+json\" class=\"yoast-schema-graph\">{\"@context\":\"https:\/\/schema.org\",\"@graph\":[{\"@type\":\"WebSite\",\"@id\":\"http:\/\/blowflyofficial.com\/da\/#website\",\"url\":\"http:\/\/blowflyofficial.com\/da\/\",\"name\":\"Rankingi po\\u0142\\u0105cze\\u0144\",\"description\":\"Porady dotycz\\u0105ce randek na co dzie\\u0144\",\"potentialAction\":[{\"@type\":\"SearchAction\",\"target\":{\"@type\":\"EntryPoint\",\"urlTemplate\":\"http:\/\/blowflyofficial.com\/da\/?s={search_term_string}\"},\"query-input\":\"required name=search_term_string\"}],\"inLanguage\":\"pl-PL\"},{\"@type\":\"WebPage\",\"@id\":\"https:\/\/blowflyofficial.com\/pl\/najlepsze-aplikacje-randkowe-do-znalezienia-czegos-powaznego\/#webpage\",\"url\":\"https:\/\/blowflyofficial.com\/pl\/najlepsze-aplikacje-randkowe-do-znalezienia-czegos-powaznego\/\",\"name\":\"Najlepsze aplikacje randkowe do znalezienia czego\\u015b powa\\u017cnego - Rankingi po\\u0142\\u0105cze\\u0144\",\"isPartOf\":{\"@id\":\"http:\/\/blowflyofficial.com\/da\/#website\"},\"datePublished\":\"2022-08-30T12:59:12+00:00\",\"dateModified\":\"2022-10-17T13:26:46+00:00\",\"breadcrumb\":{\"@id\":\"https:\/\/blowflyofficial.com\/pl\/najlepsze-aplikacje-randkowe-do-znalezienia-czegos-powaznego\/#breadcrumb\"},\"inLanguage\":\"pl-PL\",\"potentialAction\":[{\"@type\":\"ReadAction\",\"target\":[\"https:\/\/blowflyofficial.com\/pl\/najlepsze-aplikacje-randkowe-do-znalezienia-czegos-powaznego\/\"]}]},{\"@type\":\"BreadcrumbList\",\"@id\":\"https:\/\/blowflyofficial.com\/pl\/najlepsze-aplikacje-randkowe-do-znalezienia-czegos-powaznego\/#breadcrumb\",\"itemListElement\":[{\"@type\":\"ListItem\",\"position\":1,\"name\":\"Home\",\"item\":\"https:\/\/blowflyofficial.com\/pl\/\"},{\"@type\":\"ListItem\",\"position\":2,\"name\":\"Najlepsze aplikacje randkowe do znalezienia czego\\u015b powa\\u017cnego\"}]}]}<\/script>\n<!-- \/ Yoast SEO plugin. -->","yoast_head_json":{"title":"Najlepsze aplikacje randkowe do znalezienia czego\u015b powa\u017cnego - Rankingi po\u0142\u0105cze\u0144","robots":{"index":"index","follow":"follow","max-snippet":"max-snippet:-1","max-image-preview":"max-image-preview:large","max-video-preview":"max-video-preview:-1"},"canonical":"https:\/\/blowflyofficial.com\/pl\/najlepsze-aplikacje-randkowe-do-znalezienia-czegos-powaznego\/","og_locale":"pl_PL","og_type":"article","og_title":"Najlepsze aplikacje randkowe do znalezienia czego\u015b powa\u017cnego - Rankingi po\u0142\u0105cze\u0144","og_description":"Internetowe serwisy randkowe s\u0105 \u015bwietne, poniewa\u017c s\u0105 bezp\u0142atne, anonimowe i wygodne. Pozwalaj\u0105 pozna\u0107 singli, kt\u00f3rzy maj\u0105 podobne zainteresowania, warto\u015bci i styl \u017cycia. Ale s\u0105 te\u017c pewne wady. Internetowe serwisy randkowe nie s\u0105 idealne. Niekt\u00f3re witryny s\u0105 wype\u0142nione fa\u0142szywymi profilami, spamerskimi wiadomo\u015bciami i oszustami. Inne wymagaj\u0105 od u\u017cytkownik\u00f3w zap\u0142aty za uaktualnienie aplikacje erotyczne cz\u0142onkostwa lub korzystanie ... Czytaj dalej","og_url":"https:\/\/blowflyofficial.com\/pl\/najlepsze-aplikacje-randkowe-do-znalezienia-czegos-powaznego\/","og_site_name":"Rankingi po\u0142\u0105cze\u0144","article_modified_time":"2022-10-17T13:26:46+00:00","twitter_card":"summary_large_image","twitter_misc":{"Szacowany czas czytania":"5 minut"},"schema":{"@context":"https:\/\/schema.org","@graph":[{"@type":"WebSite","@id":"http:\/\/blowflyofficial.com\/da\/#website","url":"http:\/\/blowflyofficial.com\/da\/","name":"Rankingi po\u0142\u0105cze\u0144","description":"Porady dotycz\u0105ce randek na co dzie\u0144","potentialAction":[{"@type":"SearchAction","target":{"@type":"EntryPoint","urlTemplate":"http:\/\/blowflyofficial.com\/da\/?s={search_term_string}"},"query-input":"required name=search_term_string"}],"inLanguage":"pl-PL"},{"@type":"WebPage","@id":"https:\/\/blowflyofficial.com\/pl\/najlepsze-aplikacje-randkowe-do-znalezienia-czegos-powaznego\/#webpage","url":"https:\/\/blowflyofficial.com\/pl\/najlepsze-aplikacje-randkowe-do-znalezienia-czegos-powaznego\/","name":"Najlepsze aplikacje randkowe do znalezienia czego\u015b powa\u017cnego - Rankingi po\u0142\u0105cze\u0144","isPartOf":{"@id":"http:\/\/blowflyofficial.com\/da\/#website"},"datePublished":"2022-08-30T12:59:12+00:00","dateModified":"2022-10-17T13:26:46+00:00","breadcrumb":{"@id":"https:\/\/blowflyofficial.com\/pl\/najlepsze-aplikacje-randkowe-do-znalezienia-czegos-powaznego\/#breadcrumb"},"inLanguage":"pl-PL","potentialAction":[{"@type":"ReadAction","target":["https:\/\/blowflyofficial.com\/pl\/najlepsze-aplikacje-randkowe-do-znalezienia-czegos-powaznego\/"]}]},{"@type":"BreadcrumbList","@id":"https:\/\/blowflyofficial.com\/pl\/najlepsze-aplikacje-randkowe-do-znalezienia-czegos-powaznego\/#breadcrumb","itemListElement":[{"@type":"ListItem","position":1,"name":"Home","item":"https:\/\/blowflyofficial.com\/pl\/"},{"@type":"ListItem","position":2,"name":"Najlepsze aplikacje randkowe do znalezienia czego\u015b powa\u017cnego"}]}]}},"_links":{"self":[{"href":"https:\/\/blowflyofficial.com\/pl\/wp-json\/wp\/v2\/pages\/157"}],"collection":[{"href":"https:\/\/blowflyofficial.com\/pl\/wp-json\/wp\/v2\/pages"}],"about":[{"href":"https:\/\/blowflyofficial.com\/pl\/wp-json\/wp\/v2\/types\/page"}],"author":[{"embeddable":true,"href":"https:\/\/blowflyofficial.com\/pl\/wp-json\/wp\/v2\/users\/1"}],"replies":[{"embeddable":true,"href":"https:\/\/blowflyofficial.com\/pl\/wp-json\/wp\/v2\/comments?post=157"}],"version-history":[{"count":2,"href":"https:\/\/blowflyofficial.com\/pl\/wp-json\/wp\/v2\/pages\/157\/revisions"}],"predecessor-version":[{"id":247,"href":"https:\/\/blowflyofficial.com\/pl\/wp-json\/wp\/v2\/pages\/157\/revisions\/247"}],"wp:attachment":[{"href":"https:\/\/blowflyofficial.com\/pl\/wp-json\/wp\/v2\/media?parent=157"}],"curies":[{"name":"wp","href":"https:\/\/api.w.org\/{rel}","templated":true}]}}