{"id":149,"date":"2022-08-30T14:17:26","date_gmt":"2022-08-30T13:17:26","guid":{"rendered":"http:\/\/blowflyofficial.com\/one-night-stand-finder\/"},"modified":"2022-08-30T14:17:26","modified_gmt":"2022-08-30T13:17:26","slug":"one-night-stand-finder","status":"publish","type":"page","link":"https:\/\/blowflyofficial.com\/pl\/one-night-stand-finder\/","title":{"rendered":"One Night Stand Finder"},"content":{"rendered":"<p>Je\u015bli chcesz zrobi\u0107 jedn\u0105 noc z kobietami, wymaga to pewnych przygotowa\u0144 i strategii. Nie podchodzisz po prostu do kobiety i nie pytasz jej, czego chce. Je\u015bli to zrobisz, prawdopodobnie zostaniesz odrzucony. S\u0105 pewne rzeczy, kt\u00f3re musisz wiedzie\u0107 o kobietach, zanim si\u0119 do nich zbli\u017cysz. Oto kroki, kt\u00f3re musisz podj\u0105\u0107, aby wyci\u0105gn\u0105\u0107 jedn\u0105 noc z kobietami.<\/p>\n<h2>Nasze wskaz\u00f3wki, jak znale\u017a\u0107 co\u015b swobodnego<\/h2>\n<p>Wiele os\u00f3b uwa\u017ca, \u017ce przygodny seks polega na tym, aby si\u0119 po\u0142o\u017cy\u0107, nie martwi\u0105c si\u0119 o nic innego. Ale jest wiele rzeczy do rozwa\u017cenia poza samym aktem fizycznym. Istnieje ryzyko, kt\u00f3re mo\u017ce mie\u0107 wp\u0142yw na obie strony. I nawet je\u015bli \u017cadna z os\u00f3b nie czuje, \u017ce jest zmuszana do zrobienia czego\u015b, czego nie chce, nadal istniej\u0105 sposoby, aby upewni\u0107 si\u0119, \u017ce wszyscy czuj\u0105 si\u0119 komfortowo.<\/p>\n<h3>Najpierw poznaj siebie<\/h3>\n<p>Najwa\u017cniejsz\u0105 rzecz\u0105, kt\u00f3r\u0105 musisz zrobi\u0107 przed ci\u0105gni\u0119ciem jednej nocy z kobiet\u0105, jest zrozumienie siebie. Co sprawia, \u017ce tykasz? Dlaczego reagujesz tak, jak reagujesz? Jak dzia\u0142a tw\u00f3j m\u00f3zg? Te pytania pomog\u0105 ci dowiedzie\u0107 si\u0119, dlaczego zachowujesz si\u0119 tak, jak robisz. Po udzieleniu odpowiedzi na te pytania mo\u017cesz i\u015b\u0107 naprz\u00f3d.<\/p>\n<h3>B\u0105d\u017a szczery o swoich intencjach<\/h3>\n<p>Nast\u0119pnie musisz upewni\u0107 si\u0119, \u017ce m\u00f3wisz prawd\u0119 o swoich intencjach. Nie ok\u0142amuj siebie ani innych. Powiedz prawd\u0119 o tym, jak si\u0119 czujesz i czego chcesz. Je\u015bli powiesz co\u015b w stylu &#8222;Szukam kogo\u015b wyj\u0105tkowego&#8221;, mo\u017cesz znale\u017a\u0107 si\u0119 sam nast\u0119pnego ranka. Je\u015bli jeste\u015b szczery, nie b\u0119dziesz musia\u0142 si\u0119 martwi\u0107, \u017ce zostaniesz odrzucony.<\/p>\n<h3>Zadawaj pytania<\/h3>\n<p>Kiedy spotykasz ludzi, zwykle z nimi rozmawiasz. Kiedy spotykasz kobiety, zwykle zaczynasz z nimi rozmawia\u0107. Ale nie ma powodu, aby od razu wchodzi\u0107 w rozmow\u0119. Zamiast tego u\u017cyj small talk, aby dowiedzie\u0107 si\u0119 o osobie. Zadawaj pytania otwarte. Na przyk\u0142ad : &#8222;Co robisz?&#8221; &#8222;Gdzie dorasta\u0142e\u015b?&#8221; &#8222;Mieszkasz tutaj?&#8221;<\/p>\n<h3>Poznaj swoj\u0105 gr\u0119<\/h3>\n<p>Pierwszym krokiem do podniesienia dziewczyny jest poznanie siebie. Musisz zrozumie\u0107, co czyni ci\u0119 atrakcyjnym dla kobiet. Lubisz rozmawia\u0107 z lud\u017ami? Czy jeste\u015b towarzyski? Czy jeste\u015b zabawny? Te rzeczy maj\u0105 znaczenie. Je\u015bli jeste\u015b nie\u015bmia\u0142y, nie martw si\u0119; znajdziesz kogo\u015b innego. Ale je\u015bli jeste\u015b po prostu niezr\u0119czny, mo\u017cesz mie\u0107 trudno\u015bci z po\u0142o\u017ceniem si\u0119.<\/p>\n<p>Nie lekcewa\u017c humoru. Kobiety uwielbiaj\u0105 facet\u00f3w, kt\u00f3rzy \u017cartuj\u0105. My\u015bl\u0105, \u017ce to pokazuje pewno\u015b\u0107 siebie. I chocia\u017c nie powiniene\u015b wy\u015bmiewa\u0107 si\u0119 z ludzi, musisz raz na jaki\u015b czas odpu\u015bci\u0107. Kiedy to zrobisz, pomaga to j\u0105 rozlu\u017ani\u0107.<\/p>\n<h2>Przysz\u0142o\u015b\u0107 pod\u0142\u0105czenia?<\/h2>\n<p>Tinder jest cz\u0119sto krytykowany za to, \u017ce jest gloryfikowan\u0105 aplikacj\u0105 do seksu, ale w rzeczywisto\u015bci robi co\u015b zupe\u0142nie innego. W rzeczywisto\u015bci pomaga ludziom porusza\u0107 si\u0119 po \u015bwiecie randek w zupe\u0142nie nowy spos\u00f3b.<\/p>\n<p>W dawnych czasach spotkanie z kim\u015b oznacza\u0142o konieczno\u015b\u0107 siedzenia przy drinku i kolacji, s\u0142uchania nudnych opowie\u015bci o sobie i nadziei, \u017ce ci si\u0119 uda. Potem przysz\u0142y randki online, gdzie mogli\u015bmy to wszystko pomin\u0105\u0107 i spotka\u0107 potencjalnych partner\u00f3w w wirtualnych czatach. Ale co si\u0119 dzieje, gdy chcesz si\u0119 spotka\u0107 bez sp\u0119dzania godzin na rozmowach na komputerze? C\u00f3\u017c, idziesz do baru lub klubu i masz nadziej\u0119, \u017ce wpadniesz na kogo\u015b fajnego. Albo dzwonisz do przyjaciela i prosisz j\u0105, aby ci\u0119 ustawi\u0142a. Ka\u017cda z tych opcji wymaga jednak pewnego wysi\u0142ku i mo\u017ce potrwa\u0107 tygodnie.<\/p>\n","protected":false},"excerpt":{"rendered":"<p>Je\u015bli chcesz zrobi\u0107 jedn\u0105 noc z kobietami, wymaga to pewnych przygotowa\u0144 i strategii. Nie podchodzisz po prostu do kobiety i nie pytasz jej, czego chce. Je\u015bli to zrobisz, prawdopodobnie zostaniesz odrzucony. S\u0105 pewne rzeczy, kt\u00f3re musisz wiedzie\u0107 o kobietach, zanim si\u0119 do nich zbli\u017cysz. Oto kroki, kt\u00f3re musisz podj\u0105\u0107, aby wyci\u0105gn\u0105\u0107 jedn\u0105 noc z kobietami. &#8230; <a title=\"One Night Stand Finder\" class=\"read-more\" href=\"https:\/\/blowflyofficial.com\/pl\/one-night-stand-finder\/\" aria-label=\"More on One Night Stand Finder\">Czytaj dalej<\/a><\/p>\n","protected":false},"author":1,"featured_media":0,"parent":0,"menu_order":0,"comment_status":"closed","ping_status":"closed","template":"","meta":[],"yoast_head":"<!-- This site is optimized with the Yoast SEO plugin v17.7.1 - https:\/\/yoast.com\/wordpress\/plugins\/seo\/ -->\n<title>One Night Stand Finder - Rankingi po\u0142\u0105cze\u0144<\/title>\n<meta name=\"robots\" content=\"index, follow, max-snippet:-1, max-image-preview:large, max-video-preview:-1\" \/>\n<link rel=\"canonical\" href=\"https:\/\/blowflyofficial.com\/pl\/one-night-stand-finder\/\" \/>\n<meta property=\"og:locale\" content=\"pl_PL\" \/>\n<meta property=\"og:type\" content=\"article\" \/>\n<meta property=\"og:title\" content=\"One Night Stand Finder - Rankingi po\u0142\u0105cze\u0144\" \/>\n<meta property=\"og:description\" content=\"Je\u015bli chcesz zrobi\u0107 jedn\u0105 noc z kobietami, wymaga to pewnych przygotowa\u0144 i strategii. Nie podchodzisz po prostu do kobiety i nie pytasz jej, czego chce. Je\u015bli to zrobisz, prawdopodobnie zostaniesz odrzucony. S\u0105 pewne rzeczy, kt\u00f3re musisz wiedzie\u0107 o kobietach, zanim si\u0119 do nich zbli\u017cysz. Oto kroki, kt\u00f3re musisz podj\u0105\u0107, aby wyci\u0105gn\u0105\u0107 jedn\u0105 noc z kobietami. ... Czytaj dalej\" \/>\n<meta property=\"og:url\" content=\"https:\/\/blowflyofficial.com\/pl\/one-night-stand-finder\/\" \/>\n<meta property=\"og:site_name\" content=\"Rankingi po\u0142\u0105cze\u0144\" \/>\n<meta name=\"twitter:card\" content=\"summary_large_image\" \/>\n<meta name=\"twitter:label1\" content=\"Szacowany czas czytania\" \/>\n\t<meta name=\"twitter:data1\" content=\"3 minuty\" \/>\n<script type=\"application\/ld+json\" class=\"yoast-schema-graph\">{\"@context\":\"https:\/\/schema.org\",\"@graph\":[{\"@type\":\"WebSite\",\"@id\":\"http:\/\/blowflyofficial.com\/da\/#website\",\"url\":\"http:\/\/blowflyofficial.com\/da\/\",\"name\":\"Rankingi po\\u0142\\u0105cze\\u0144\",\"description\":\"Porady dotycz\\u0105ce randek na co dzie\\u0144\",\"potentialAction\":[{\"@type\":\"SearchAction\",\"target\":{\"@type\":\"EntryPoint\",\"urlTemplate\":\"http:\/\/blowflyofficial.com\/da\/?s={search_term_string}\"},\"query-input\":\"required name=search_term_string\"}],\"inLanguage\":\"pl-PL\"},{\"@type\":\"WebPage\",\"@id\":\"https:\/\/blowflyofficial.com\/pl\/one-night-stand-finder\/#webpage\",\"url\":\"https:\/\/blowflyofficial.com\/pl\/one-night-stand-finder\/\",\"name\":\"One Night Stand Finder - Rankingi po\\u0142\\u0105cze\\u0144\",\"isPartOf\":{\"@id\":\"http:\/\/blowflyofficial.com\/da\/#website\"},\"datePublished\":\"2022-08-30T13:17:26+00:00\",\"dateModified\":\"2022-08-30T13:17:26+00:00\",\"breadcrumb\":{\"@id\":\"https:\/\/blowflyofficial.com\/pl\/one-night-stand-finder\/#breadcrumb\"},\"inLanguage\":\"pl-PL\",\"potentialAction\":[{\"@type\":\"ReadAction\",\"target\":[\"https:\/\/blowflyofficial.com\/pl\/one-night-stand-finder\/\"]}]},{\"@type\":\"BreadcrumbList\",\"@id\":\"https:\/\/blowflyofficial.com\/pl\/one-night-stand-finder\/#breadcrumb\",\"itemListElement\":[{\"@type\":\"ListItem\",\"position\":1,\"name\":\"Home\",\"item\":\"https:\/\/blowflyofficial.com\/pl\/\"},{\"@type\":\"ListItem\",\"position\":2,\"name\":\"One Night Stand Finder\"}]}]}<\/script>\n<!-- \/ Yoast SEO plugin. -->","yoast_head_json":{"title":"One Night Stand Finder - Rankingi po\u0142\u0105cze\u0144","robots":{"index":"index","follow":"follow","max-snippet":"max-snippet:-1","max-image-preview":"max-image-preview:large","max-video-preview":"max-video-preview:-1"},"canonical":"https:\/\/blowflyofficial.com\/pl\/one-night-stand-finder\/","og_locale":"pl_PL","og_type":"article","og_title":"One Night Stand Finder - Rankingi po\u0142\u0105cze\u0144","og_description":"Je\u015bli chcesz zrobi\u0107 jedn\u0105 noc z kobietami, wymaga to pewnych przygotowa\u0144 i strategii. Nie podchodzisz po prostu do kobiety i nie pytasz jej, czego chce. Je\u015bli to zrobisz, prawdopodobnie zostaniesz odrzucony. S\u0105 pewne rzeczy, kt\u00f3re musisz wiedzie\u0107 o kobietach, zanim si\u0119 do nich zbli\u017cysz. Oto kroki, kt\u00f3re musisz podj\u0105\u0107, aby wyci\u0105gn\u0105\u0107 jedn\u0105 noc z kobietami. ... Czytaj dalej","og_url":"https:\/\/blowflyofficial.com\/pl\/one-night-stand-finder\/","og_site_name":"Rankingi po\u0142\u0105cze\u0144","twitter_card":"summary_large_image","twitter_misc":{"Szacowany czas czytania":"3 minuty"},"schema":{"@context":"https:\/\/schema.org","@graph":[{"@type":"WebSite","@id":"http:\/\/blowflyofficial.com\/da\/#website","url":"http:\/\/blowflyofficial.com\/da\/","name":"Rankingi po\u0142\u0105cze\u0144","description":"Porady dotycz\u0105ce randek na co dzie\u0144","potentialAction":[{"@type":"SearchAction","target":{"@type":"EntryPoint","urlTemplate":"http:\/\/blowflyofficial.com\/da\/?s={search_term_string}"},"query-input":"required name=search_term_string"}],"inLanguage":"pl-PL"},{"@type":"WebPage","@id":"https:\/\/blowflyofficial.com\/pl\/one-night-stand-finder\/#webpage","url":"https:\/\/blowflyofficial.com\/pl\/one-night-stand-finder\/","name":"One Night Stand Finder - Rankingi po\u0142\u0105cze\u0144","isPartOf":{"@id":"http:\/\/blowflyofficial.com\/da\/#website"},"datePublished":"2022-08-30T13:17:26+00:00","dateModified":"2022-08-30T13:17:26+00:00","breadcrumb":{"@id":"https:\/\/blowflyofficial.com\/pl\/one-night-stand-finder\/#breadcrumb"},"inLanguage":"pl-PL","potentialAction":[{"@type":"ReadAction","target":["https:\/\/blowflyofficial.com\/pl\/one-night-stand-finder\/"]}]},{"@type":"BreadcrumbList","@id":"https:\/\/blowflyofficial.com\/pl\/one-night-stand-finder\/#breadcrumb","itemListElement":[{"@type":"ListItem","position":1,"name":"Home","item":"https:\/\/blowflyofficial.com\/pl\/"},{"@type":"ListItem","position":2,"name":"One Night Stand Finder"}]}]}},"_links":{"self":[{"href":"https:\/\/blowflyofficial.com\/pl\/wp-json\/wp\/v2\/pages\/149"}],"collection":[{"href":"https:\/\/blowflyofficial.com\/pl\/wp-json\/wp\/v2\/pages"}],"about":[{"href":"https:\/\/blowflyofficial.com\/pl\/wp-json\/wp\/v2\/types\/page"}],"author":[{"embeddable":true,"href":"https:\/\/blowflyofficial.com\/pl\/wp-json\/wp\/v2\/users\/1"}],"replies":[{"embeddable":true,"href":"https:\/\/blowflyofficial.com\/pl\/wp-json\/wp\/v2\/comments?post=149"}],"version-history":[{"count":0,"href":"https:\/\/blowflyofficial.com\/pl\/wp-json\/wp\/v2\/pages\/149\/revisions"}],"wp:attachment":[{"href":"https:\/\/blowflyofficial.com\/pl\/wp-json\/wp\/v2\/media?parent=149"}],"curies":[{"name":"wp","href":"https:\/\/api.w.org\/{rel}","templated":true}]}}