{"id":133,"date":"2022-08-30T14:15:19","date_gmt":"2022-08-30T13:15:19","guid":{"rendered":"http:\/\/blowflyofficial.com\/casual-swinger-serwisy-randkowe\/"},"modified":"2022-10-17T14:25:49","modified_gmt":"2022-10-17T13:25:49","slug":"casual-swinger-serwisy-randkowe","status":"publish","type":"page","link":"https:\/\/blowflyofficial.com\/pl\/casual-swinger-serwisy-randkowe\/","title":{"rendered":"Casual Swinger Serwisy randkowe"},"content":{"rendered":"<p>Najlepszym sposobem na poznanie ludzi, kt\u00f3rzy s\u0105 zainteresowani swingowaniem, jest do\u0142\u0105czenie do serwisu randkowego swinger\u00f3w. Istnieje wiele opcji, w tym niekt\u00f3re p\u0142atne, ale odkryli\u015bmy, \u017ce wi\u0119kszo\u015b\u0107 najlepszych witryn jest bezp\u0142atna. Strony te s\u0105 przeznaczone specjalnie dla os\u00f3b poszukuj\u0105cych par, tr\u00f3jek i czw\u00f3rek. Maj\u0105 r\u00f3wnie\u017c tendencj\u0119 do bycia bardzo dyskretnymi w tym, co robi\u0105, pozwalaj\u0105c cz\u0142onkom komunikowa\u0107 si\u0119 bez obawy, \u017ce zostan\u0105 z\u0142apani.<\/p>\n<p>Przetestowali\u015bmy r\u00f3\u017cne strony na podstawie tego, jak dobrze <a href=\"http:\/\/blowflyofficial.com\/pl\/znajdz-milf-w-swojej-okolicy\/\">pasowa\u0142y do<\/a> naszych kryteri\u00f3w wyszukiwania lokalnych swingers\u00f3w. Przyjrzeli\u015bmy si\u0119 takim rzeczom, jak liczba miast obj\u0119tych badaniem, ilo\u015b\u0107 dost\u0119pnych informacji oraz mo\u017cliwo\u015b\u0107 sortowania profili wed\u0142ug lokalizacji. Wzi\u0119li\u015bmy r\u00f3wnie\u017c pod uwag\u0119, czy strona mia\u0142a aplikacj\u0119 mobiln\u0105, a tak\u017ce czy by\u0142a \u0142atwa w nawigacji i zrozumieniu.<\/p>\n<p>\u015awiat swingowania nie jest \u0142atwy. Istniej\u0105 zasady, przepisy i oczekiwania, kt\u00f3rych nale\u017cy przestrzega\u0107. Ale nie martw si\u0119 <a href=\"https:\/\/www.milfcougar.net\/pl\/gry-erotyczne-online-na-iphonea\/\">gry erotyczne online<\/a> &#8211; nie b\u0119dziesz musia\u0142 i\u015b\u0107 sam. Przygotowali\u015bmy list\u0119 najlepszych witryn swingerskich, w tym recenzje i oceny. Dodatkowo poka\u017cemy Ci, jak korzysta\u0107 z witryny, aby znale\u017a\u0107 lokalnych swingers\u00f3w w pobli\u017cu.<\/p>\n<p>Chcieli\u015bmy znale\u017a\u0107 najlepsze serwisy randkowe dla swinger\u00f3w, poniewa\u017c istnieje tak wiele opcji. Naszym celem by\u0142o u\u0142atwienie ka\u017cdemu, kto chce do\u0142\u0105czy\u0107 do witryny swinger\u00f3w, wyboru jednej z nich na podstawie powy\u017cszych kryteri\u00f3w. Poszli\u015bmy wi\u0119c prosto do \u017ar\u00f3d\u0142a i zapytali\u015bmy prawdziwych ludzi: &#8222;Z kt\u00f3rej strony swinger\u00f3w korzystasz najcz\u0119\u015bciej? Dlaczego? Kt\u00f3ry z nich dzia\u0142a najlepiej dla Ciebie?&#8221;<\/p>\n<h2>Od czego zacz\u0105\u0107?<\/h2>\n<p>Badanie odby\u0142o si\u0119 w ci\u0105gu p\u00f3\u0142tora miesi\u0105ca. Wys\u0142ali\u015bmy e-maile do tysi\u0119cy aktywnych swingers\u00f3w <a href=\"http:\/\/www.anonymous-sex-chat.com\/tr\/\">chat seks<\/a>, prosz\u0105c ich o wzi\u0119cie udzia\u0142u w naszym badaniu. Po otrzymaniu setek odpowiedzi zaw\u0119zili\u015bmy list\u0119 do 10 najlepszych witryn i wybrali\u015bmy zwyci\u0119zc\u00f3w na podstawie zebranych danych.<\/p>\n<h3>Aff<\/h3>\n<p>Adult Friend Finder jest nadal najwi\u0119ksz\u0105 witryn\u0105 swinger\u00f3w. Witryna mo\u017ce pochwali\u0107 si\u0119 ponad 10 milionami zarejestrowanych cz\u0142onk\u00f3w i \u0142atwo zrozumie\u0107, dlaczego. Przy tak du\u017cej liczbie cz\u0142onk\u00f3w istnieje wiele mo\u017cliwo\u015bci nawi\u0105zania kontaktu z innymi, kt\u00f3rzy szukaj\u0105 swinguj\u0105cych do\u015bwiadcze\u0144.<\/p>\n<p>Najlepsze w AFFCommunity.com jest to, \u017ce jest bardzo aktywny. Istnieje wiele sposob\u00f3w interakcji z innymi cz\u0142onkami. Mo\u017cesz do\u0142\u0105czy\u0107 do grup opartych na konkretnych zainteresowaniach, takich jak BDSM, poliamoria, a nawet fetysze. Te grupy pozwalaj\u0105 ci rozmawia\u0107 o tym, co chcesz robi\u0107 i jak bardzo chcesz to zrobi\u0107. Mo\u017cesz tak\u017ce korzysta\u0107 z for\u00f3w, aby <a href=\"https:\/\/www.singles-sites.com\/pl\/darmowy-czat-z-samotnymi-kobietami\/\">czat samotni<\/a> zadawa\u0107 pytania i uzyskiwa\u0107 porady od innych cz\u0142onk\u00f3w.<\/p>\n<h3>Zamienia<\/h3>\n<p>Swapy to kolejna \u015bwietna opcja na znalezienie partnera. Ta strona umo\u017cliwia przegl\u0105danie profili os\u00f3b, kt\u00f3re chc\u0105 si\u0119 zamieni\u0107. Mo\u017cesz filtrowa\u0107 wyszukiwania wed\u0142ug wieku, p\u0142ci, lokalizacji i orientacji seksualnej. Gdy znajdziesz kogo\u015b, z kim chcesz si\u0119 spotka\u0107, mo\u017cesz wysy\u0142a\u0107 wiadomo\u015bci bezpo\u015brednio z profilu. Je\u015bli nie otrzymasz odpowiedzi w ci\u0105gu 24 godzin, mo\u017cesz ponownie wys\u0142a\u0107 wiadomo\u015b\u0107.<\/p>\n<h3>Kasidia<\/h3>\n<p>Kasidie.com jest jedn\u0105 z najpopularniejszych opcji dla tych, kt\u00f3rzy chc\u0105 odkrywa\u0107 swingowanie. Oferuj\u0105 wiele r\u00f3\u017cnych zaj\u0119\u0107, w tym imprezy, seks grupowy i odgrywanie r\u00f3l. Ta strona oferuje r\u00f3wnie\u017c sesje kamery internetowej na \u017cywo, w kt\u00f3rych mo\u017cna ogl\u0105da\u0107 ludzi wykonuj\u0105cych razem akty.<\/p>\n<h3>Alt<\/h3>\n<p>Je\u015bli szukasz dodatkowych emocji, sprawd\u017a Alt.com. Ta strona zawiera seksowne zdj\u0119cia modeli, kt\u00f3rzy chc\u0105 wykonywa\u0107 okre\u015blone czynno\u015bci. Dziewczyny rozbieraj\u0105 si\u0119 ca\u0142kowicie nago i pokazuj\u0105 swoje cia\u0142a. Niekt\u00f3re zdj\u0119cia przedstawiaj\u0105 masturbacj\u0119, podczas gdy inne maj\u0105 wyra\u017any hardcorowy seks.<\/p>\n<p>Istnieje wiele korzy\u015bci z do\u0142\u0105czenia do strony swingera. Po pierwsze, daje dost\u0119p do ogromnej puli potencjalnych partner\u00f3w. Po drugie, daje ci szans\u0119 wypr\u00f3bowania czego\u015b, czego w przeciwnym razie nigdy by\u015b nie do\u015bwiadczy\u0142. Po trzecie, zapewnia bezpieczne \u015brodowisko do odkrywania swoich fantazji. Wreszcie, pomaga unikn\u0105\u0107 przy\u0142apania na m\u00f3wieniu brudnych w Internecie.<\/p>\n","protected":false},"excerpt":{"rendered":"<p>Najlepszym sposobem na poznanie ludzi, kt\u00f3rzy s\u0105 zainteresowani swingowaniem, jest do\u0142\u0105czenie do serwisu randkowego swinger\u00f3w. Istnieje wiele opcji, w tym niekt\u00f3re p\u0142atne, ale odkryli\u015bmy, \u017ce wi\u0119kszo\u015b\u0107 najlepszych witryn jest bezp\u0142atna. Strony te s\u0105 przeznaczone specjalnie dla os\u00f3b poszukuj\u0105cych par, tr\u00f3jek i czw\u00f3rek. Maj\u0105 r\u00f3wnie\u017c tendencj\u0119 do bycia bardzo dyskretnymi w tym, co robi\u0105, pozwalaj\u0105c cz\u0142onkom &#8230; <a title=\"Casual Swinger Serwisy randkowe\" class=\"read-more\" href=\"https:\/\/blowflyofficial.com\/pl\/casual-swinger-serwisy-randkowe\/\" aria-label=\"More on Casual Swinger Serwisy randkowe\">Czytaj dalej<\/a><\/p>\n","protected":false},"author":1,"featured_media":0,"parent":0,"menu_order":0,"comment_status":"closed","ping_status":"closed","template":"","meta":[],"yoast_head":"<!-- This site is optimized with the Yoast SEO plugin v17.7.1 - https:\/\/yoast.com\/wordpress\/plugins\/seo\/ -->\n<title>Casual Swinger Serwisy randkowe - Rankingi po\u0142\u0105cze\u0144<\/title>\n<meta name=\"robots\" content=\"index, follow, max-snippet:-1, max-image-preview:large, max-video-preview:-1\" \/>\n<link rel=\"canonical\" href=\"https:\/\/blowflyofficial.com\/pl\/casual-swinger-serwisy-randkowe\/\" \/>\n<meta property=\"og:locale\" content=\"pl_PL\" \/>\n<meta property=\"og:type\" content=\"article\" \/>\n<meta property=\"og:title\" content=\"Casual Swinger Serwisy randkowe - Rankingi po\u0142\u0105cze\u0144\" \/>\n<meta property=\"og:description\" content=\"Najlepszym sposobem na poznanie ludzi, kt\u00f3rzy s\u0105 zainteresowani swingowaniem, jest do\u0142\u0105czenie do serwisu randkowego swinger\u00f3w. Istnieje wiele opcji, w tym niekt\u00f3re p\u0142atne, ale odkryli\u015bmy, \u017ce wi\u0119kszo\u015b\u0107 najlepszych witryn jest bezp\u0142atna. Strony te s\u0105 przeznaczone specjalnie dla os\u00f3b poszukuj\u0105cych par, tr\u00f3jek i czw\u00f3rek. Maj\u0105 r\u00f3wnie\u017c tendencj\u0119 do bycia bardzo dyskretnymi w tym, co robi\u0105, pozwalaj\u0105c cz\u0142onkom ... Czytaj dalej\" \/>\n<meta property=\"og:url\" content=\"https:\/\/blowflyofficial.com\/pl\/casual-swinger-serwisy-randkowe\/\" \/>\n<meta property=\"og:site_name\" content=\"Rankingi po\u0142\u0105cze\u0144\" \/>\n<meta property=\"article:modified_time\" content=\"2022-10-17T13:25:49+00:00\" \/>\n<meta name=\"twitter:card\" content=\"summary_large_image\" \/>\n<meta name=\"twitter:label1\" content=\"Szacowany czas czytania\" \/>\n\t<meta name=\"twitter:data1\" content=\"3 minuty\" \/>\n<script type=\"application\/ld+json\" class=\"yoast-schema-graph\">{\"@context\":\"https:\/\/schema.org\",\"@graph\":[{\"@type\":\"WebSite\",\"@id\":\"http:\/\/blowflyofficial.com\/da\/#website\",\"url\":\"http:\/\/blowflyofficial.com\/da\/\",\"name\":\"Rankingi po\\u0142\\u0105cze\\u0144\",\"description\":\"Porady dotycz\\u0105ce randek na co dzie\\u0144\",\"potentialAction\":[{\"@type\":\"SearchAction\",\"target\":{\"@type\":\"EntryPoint\",\"urlTemplate\":\"http:\/\/blowflyofficial.com\/da\/?s={search_term_string}\"},\"query-input\":\"required name=search_term_string\"}],\"inLanguage\":\"pl-PL\"},{\"@type\":\"WebPage\",\"@id\":\"https:\/\/blowflyofficial.com\/pl\/casual-swinger-serwisy-randkowe\/#webpage\",\"url\":\"https:\/\/blowflyofficial.com\/pl\/casual-swinger-serwisy-randkowe\/\",\"name\":\"Casual Swinger Serwisy randkowe - Rankingi po\\u0142\\u0105cze\\u0144\",\"isPartOf\":{\"@id\":\"http:\/\/blowflyofficial.com\/da\/#website\"},\"datePublished\":\"2022-08-30T13:15:19+00:00\",\"dateModified\":\"2022-10-17T13:25:49+00:00\",\"breadcrumb\":{\"@id\":\"https:\/\/blowflyofficial.com\/pl\/casual-swinger-serwisy-randkowe\/#breadcrumb\"},\"inLanguage\":\"pl-PL\",\"potentialAction\":[{\"@type\":\"ReadAction\",\"target\":[\"https:\/\/blowflyofficial.com\/pl\/casual-swinger-serwisy-randkowe\/\"]}]},{\"@type\":\"BreadcrumbList\",\"@id\":\"https:\/\/blowflyofficial.com\/pl\/casual-swinger-serwisy-randkowe\/#breadcrumb\",\"itemListElement\":[{\"@type\":\"ListItem\",\"position\":1,\"name\":\"Home\",\"item\":\"https:\/\/blowflyofficial.com\/pl\/\"},{\"@type\":\"ListItem\",\"position\":2,\"name\":\"Casual Swinger Serwisy randkowe\"}]}]}<\/script>\n<!-- \/ Yoast SEO plugin. -->","yoast_head_json":{"title":"Casual Swinger Serwisy randkowe - Rankingi po\u0142\u0105cze\u0144","robots":{"index":"index","follow":"follow","max-snippet":"max-snippet:-1","max-image-preview":"max-image-preview:large","max-video-preview":"max-video-preview:-1"},"canonical":"https:\/\/blowflyofficial.com\/pl\/casual-swinger-serwisy-randkowe\/","og_locale":"pl_PL","og_type":"article","og_title":"Casual Swinger Serwisy randkowe - Rankingi po\u0142\u0105cze\u0144","og_description":"Najlepszym sposobem na poznanie ludzi, kt\u00f3rzy s\u0105 zainteresowani swingowaniem, jest do\u0142\u0105czenie do serwisu randkowego swinger\u00f3w. Istnieje wiele opcji, w tym niekt\u00f3re p\u0142atne, ale odkryli\u015bmy, \u017ce wi\u0119kszo\u015b\u0107 najlepszych witryn jest bezp\u0142atna. Strony te s\u0105 przeznaczone specjalnie dla os\u00f3b poszukuj\u0105cych par, tr\u00f3jek i czw\u00f3rek. Maj\u0105 r\u00f3wnie\u017c tendencj\u0119 do bycia bardzo dyskretnymi w tym, co robi\u0105, pozwalaj\u0105c cz\u0142onkom ... Czytaj dalej","og_url":"https:\/\/blowflyofficial.com\/pl\/casual-swinger-serwisy-randkowe\/","og_site_name":"Rankingi po\u0142\u0105cze\u0144","article_modified_time":"2022-10-17T13:25:49+00:00","twitter_card":"summary_large_image","twitter_misc":{"Szacowany czas czytania":"3 minuty"},"schema":{"@context":"https:\/\/schema.org","@graph":[{"@type":"WebSite","@id":"http:\/\/blowflyofficial.com\/da\/#website","url":"http:\/\/blowflyofficial.com\/da\/","name":"Rankingi po\u0142\u0105cze\u0144","description":"Porady dotycz\u0105ce randek na co dzie\u0144","potentialAction":[{"@type":"SearchAction","target":{"@type":"EntryPoint","urlTemplate":"http:\/\/blowflyofficial.com\/da\/?s={search_term_string}"},"query-input":"required name=search_term_string"}],"inLanguage":"pl-PL"},{"@type":"WebPage","@id":"https:\/\/blowflyofficial.com\/pl\/casual-swinger-serwisy-randkowe\/#webpage","url":"https:\/\/blowflyofficial.com\/pl\/casual-swinger-serwisy-randkowe\/","name":"Casual Swinger Serwisy randkowe - Rankingi po\u0142\u0105cze\u0144","isPartOf":{"@id":"http:\/\/blowflyofficial.com\/da\/#website"},"datePublished":"2022-08-30T13:15:19+00:00","dateModified":"2022-10-17T13:25:49+00:00","breadcrumb":{"@id":"https:\/\/blowflyofficial.com\/pl\/casual-swinger-serwisy-randkowe\/#breadcrumb"},"inLanguage":"pl-PL","potentialAction":[{"@type":"ReadAction","target":["https:\/\/blowflyofficial.com\/pl\/casual-swinger-serwisy-randkowe\/"]}]},{"@type":"BreadcrumbList","@id":"https:\/\/blowflyofficial.com\/pl\/casual-swinger-serwisy-randkowe\/#breadcrumb","itemListElement":[{"@type":"ListItem","position":1,"name":"Home","item":"https:\/\/blowflyofficial.com\/pl\/"},{"@type":"ListItem","position":2,"name":"Casual Swinger Serwisy randkowe"}]}]}},"_links":{"self":[{"href":"https:\/\/blowflyofficial.com\/pl\/wp-json\/wp\/v2\/pages\/133"}],"collection":[{"href":"https:\/\/blowflyofficial.com\/pl\/wp-json\/wp\/v2\/pages"}],"about":[{"href":"https:\/\/blowflyofficial.com\/pl\/wp-json\/wp\/v2\/types\/page"}],"author":[{"embeddable":true,"href":"https:\/\/blowflyofficial.com\/pl\/wp-json\/wp\/v2\/users\/1"}],"replies":[{"embeddable":true,"href":"https:\/\/blowflyofficial.com\/pl\/wp-json\/wp\/v2\/comments?post=133"}],"version-history":[{"count":1,"href":"https:\/\/blowflyofficial.com\/pl\/wp-json\/wp\/v2\/pages\/133\/revisions"}],"predecessor-version":[{"id":245,"href":"https:\/\/blowflyofficial.com\/pl\/wp-json\/wp\/v2\/pages\/133\/revisions\/245"}],"wp:attachment":[{"href":"https:\/\/blowflyofficial.com\/pl\/wp-json\/wp\/v2\/media?parent=133"}],"curies":[{"name":"wp","href":"https:\/\/api.w.org\/{rel}","templated":true}]}}