{"id":109,"date":"2022-08-30T14:12:58","date_gmt":"2022-08-30T13:12:58","guid":{"rendered":"http:\/\/blowflyofficial.com\/znajdz-milf-w-swojej-okolicy\/"},"modified":"2022-08-30T14:12:58","modified_gmt":"2022-08-30T13:12:58","slug":"znajdz-milf-w-swojej-okolicy","status":"publish","type":"page","link":"https:\/\/blowflyofficial.com\/pl\/znajdz-milf-w-swojej-okolicy\/","title":{"rendered":"Znajd\u017a MILF w swojej okolicy"},"content":{"rendered":"<p>MILF s\u0105 gor\u0105ce. S\u0105 napaleni, do\u015bwiadczeni i wiedz\u0105, czego chc\u0105. Nie musisz si\u0119 martwi\u0107, \u017ce zostaniesz zraniony, poniewa\u017c b\u0119dziesz w stanie zaspokoi\u0107 jej potrzeby. Je\u015bli chcesz po\u0142\u0105czy\u0107 si\u0119 z milf, istnieje wiele miejsc, w kt\u00f3rych mo\u017cesz znale\u017a\u0107 jeden w pobli\u017cu. Ta strona u\u0142atwia spotkanie z lokalnymi milfami i cieszenie si\u0119 zabaw\u0105 seksualn\u0105. Niezale\u017cnie od tego, czy szukasz przypadkowego spotkania, czy czego\u015b powa\u017cniejszego, b\u0119dziesz mie\u0107 dost\u0119p do tysi\u0119cy prawdziwych ludzi, kt\u00f3rzy s\u0105 tacy jak Ty.<\/p>\n<h2>Lista lokalnych MILF online<\/h2>\n<p>Wiesz, jak to idzie&#8230; widzisz jedn\u0105 gor\u0105c\u0105 dziewczyn\u0119 w Internecie, my\u015blisz o wys\u0142aniu do niej wiadomo\u015bci, a potem sp\u0119dzasz godziny na przegl\u0105daniu profili w poszukiwaniu kogo\u015b takiego jak ona. Potem w ko\u0144cu decydujesz si\u0119 da\u0107 jej szans\u0119 i wys\u0142a\u0107 jej wiadomo\u015b\u0107, maj\u0105c nadziej\u0119, \u017ce mo\u017ce jest co\u015b wyj\u0105tkowego w jej profilu, co wyr\u00f3\u017cnia j\u0105 spo\u015br\u00f3d ca\u0142ej reszty. Ale prawda jest taka, \u017ce przez wi\u0119kszo\u015b\u0107 czasu nawet tak naprawd\u0119 nie wiesz, dlaczego ci\u0105gle jeste\u015b odrzucany. I chocia\u017c nie m\u00f3wi\u0119, \u017ce ka\u017cda osoba na naszej stronie b\u0119dzie dla ciebie idealna, m\u00f3wi\u0119, \u017ce upewnimy si\u0119, \u017ce znajdziesz dok\u0142adnie taki rodzaj milf, kt\u00f3rego szukasz. Pomo\u017cemy Ci znale\u017a\u0107 starsz\u0105 kobiet\u0119, kt\u00f3ra rozumie, czego chcesz i czego potrzebujesz, i wie, co zrobi\u0107, aby Ci\u0119 zadowoli\u0107. Wi\u0119c przesta\u0144 szuka\u0107 tych seksownych m\u0142odych dzieci i zacznij szuka\u0107 prawdziwej oferty ju\u017c dzi\u015b!<\/p>\n<h2>Jak znale\u017a\u0107 seks z napalonymi mamami w pobli\u017cu<\/h2>\n<p>MILF to jedne z najgor\u0119tszych kobiet w okolicy. Wiedz\u0105, jak traktowa\u0107 m\u0119\u017cczyzn\u0119 i kochaj\u0105 seks. Nie ma co do tego w\u0105tpliwo\u015bci, s\u0105 jednym z najlepszych rodzaj\u00f3w randek. Ale wi\u0119kszo\u015b\u0107 facet\u00f3w nie jest pewna, od czego zacz\u0105\u0107, pr\u00f3buj\u0105c um\u00f3wi\u0107 si\u0119 na randk\u0119 z MILF. Zebrali\u015bmy wi\u0119c kilka wskaz\u00f3wek, kt\u00f3re pomog\u0105 Ci odnie\u015b\u0107 sukces w randkach milf. Internet jest pe\u0142en stron z pod\u0142\u0105czeniami MILF, gdzie starsze kobiety spotykaj\u0105 si\u0119 z m\u0142odszymi m\u0119\u017cczyznami. Strony te oferuj\u0105 bezp\u0142atne cz\u0142onkostwo ka\u017cdemu, kto chce zap\u0142aci\u0107 troch\u0119 pieni\u0119dzy. Wystarczy si\u0119 zarejestrowa\u0107 i rozpocz\u0105\u0107 przegl\u0105danie profili. Tysi\u0105ce cz\u0142onk\u00f3w czeka na znalezienie kogo\u015b takiego jak ty. Nie musisz nawet wysy\u0142a\u0107 sobie nawzajem wiadomo\u015bci. Po prostu przejrzyj profile i wybierz taki, kt\u00f3ry wygl\u0105da interesuj\u0105co. Nast\u0119pnie \u0142atwo jest wymienia\u0107 informacje kontaktowe. Po znalezieniu kogo\u015b, z kim chcesz porozmawia\u0107, mo\u017cesz poprosi\u0107 go o kaw\u0119 lub kolacj\u0119. Je\u015bli on \/ ona zaakceptuje, b\u0119dziesz wiedzia\u0142, co robi\u0107 dalej.<\/p>\n<h3>Zoosk \u2022<\/h3>\n<p>Zoosk to \u015bwietne miejsce na spotkanie z milfami szukaj\u0105cymi zabawy. Ta strona pozwala przesy\u0142a\u0107 swoje zdj\u0119cia i filmy, a nawet mo\u017cesz u\u017cywa\u0107 aplikacji do czatowania z potencjalnymi dopasowaniami. Mo\u017cesz przegl\u0105da\u0107 profile na podstawie lokalizacji, przedzia\u0142u wiekowego, p\u0142ci, zainteresowa\u0144 i innych. Po znalezieniu kogo\u015b, kogo lubisz, mo\u017cesz wysy\u0142a\u0107 wiadomo\u015bci, zadawa\u0107 pytania i ustala\u0107 daty.<\/p>\n<h3>AdultFriendFinder<\/h3>\n<p>Adult Friend Finder to jeden z najstarszych i najwi\u0119kszych serwis\u00f3w randkowych dla doros\u0142ych online. Z ponad 20 milionami cz\u0142onk\u00f3w, AF znajduje ludzi zainteresowanych wszystkim, od perwersyjnych fetyszy po ko\u0142ysz\u0105ce si\u0119 pary. Oferuje bardzo aktywn\u0105 sie\u0107 spo\u0142eczno\u015bciow\u0105, w kt\u00f3rej cz\u0142onkowie mog\u0105 \u0142\u0105czy\u0107 si\u0119 ze sob\u0105. Mo\u017cesz przegl\u0105da\u0107 zdj\u0119cia cz\u0142onk\u00f3w, czat, e-mail i wiele wi\u0119cej.<\/p>\n<h3>MommyFinders<\/h3>\n<p>Mommyfinders to kolejny dobry wyb\u00f3r dla milf\u00f3w szukaj\u0105cych zabawy online. Ta strona dzia\u0142a podobnie jak Tinder, z wyj\u0105tkiem tego, \u017ce nie przesuwasz palcem w lewo ani w prawo. Zamiast tego dopasowujesz si\u0119 do ludzi zgodnie ze swoimi preferencjami. Na przyk\u0142ad mo\u017cesz filtrowa\u0107 cz\u0142onk\u00f3w wed\u0142ug pochodzenia etnicznego, wieku, typu cia\u0142a, stylu \u017cycia i innych. Po dopasowaniu do kilku os\u00f3b mo\u017cesz rozpocz\u0105\u0107 z nimi rozmow\u0119 tekstow\u0105 lub wideo.<\/p>\n","protected":false},"excerpt":{"rendered":"<p>MILF s\u0105 gor\u0105ce. S\u0105 napaleni, do\u015bwiadczeni i wiedz\u0105, czego chc\u0105. Nie musisz si\u0119 martwi\u0107, \u017ce zostaniesz zraniony, poniewa\u017c b\u0119dziesz w stanie zaspokoi\u0107 jej potrzeby. Je\u015bli chcesz po\u0142\u0105czy\u0107 si\u0119 z milf, istnieje wiele miejsc, w kt\u00f3rych mo\u017cesz znale\u017a\u0107 jeden w pobli\u017cu. Ta strona u\u0142atwia spotkanie z lokalnymi milfami i cieszenie si\u0119 zabaw\u0105 seksualn\u0105. Niezale\u017cnie od tego, &#8230; <a title=\"Znajd\u017a MILF w swojej okolicy\" class=\"read-more\" href=\"https:\/\/blowflyofficial.com\/pl\/znajdz-milf-w-swojej-okolicy\/\" aria-label=\"More on Znajd\u017a MILF w swojej okolicy\">Czytaj dalej<\/a><\/p>\n","protected":false},"author":1,"featured_media":0,"parent":0,"menu_order":0,"comment_status":"closed","ping_status":"closed","template":"","meta":[],"yoast_head":"<!-- This site is optimized with the Yoast SEO plugin v17.7.1 - https:\/\/yoast.com\/wordpress\/plugins\/seo\/ -->\n<title>Znajd\u017a MILF w swojej okolicy - Rankingi po\u0142\u0105cze\u0144<\/title>\n<meta name=\"robots\" content=\"index, follow, max-snippet:-1, max-image-preview:large, max-video-preview:-1\" \/>\n<link rel=\"canonical\" href=\"https:\/\/blowflyofficial.com\/pl\/znajdz-milf-w-swojej-okolicy\/\" \/>\n<meta property=\"og:locale\" content=\"pl_PL\" \/>\n<meta property=\"og:type\" content=\"article\" \/>\n<meta property=\"og:title\" content=\"Znajd\u017a MILF w swojej okolicy - Rankingi po\u0142\u0105cze\u0144\" \/>\n<meta property=\"og:description\" content=\"MILF s\u0105 gor\u0105ce. S\u0105 napaleni, do\u015bwiadczeni i wiedz\u0105, czego chc\u0105. Nie musisz si\u0119 martwi\u0107, \u017ce zostaniesz zraniony, poniewa\u017c b\u0119dziesz w stanie zaspokoi\u0107 jej potrzeby. Je\u015bli chcesz po\u0142\u0105czy\u0107 si\u0119 z milf, istnieje wiele miejsc, w kt\u00f3rych mo\u017cesz znale\u017a\u0107 jeden w pobli\u017cu. Ta strona u\u0142atwia spotkanie z lokalnymi milfami i cieszenie si\u0119 zabaw\u0105 seksualn\u0105. Niezale\u017cnie od tego, ... Czytaj dalej\" \/>\n<meta property=\"og:url\" content=\"https:\/\/blowflyofficial.com\/pl\/znajdz-milf-w-swojej-okolicy\/\" \/>\n<meta property=\"og:site_name\" content=\"Rankingi po\u0142\u0105cze\u0144\" \/>\n<meta name=\"twitter:card\" content=\"summary_large_image\" \/>\n<meta name=\"twitter:label1\" content=\"Szacowany czas czytania\" \/>\n\t<meta name=\"twitter:data1\" content=\"3 minuty\" \/>\n<script type=\"application\/ld+json\" class=\"yoast-schema-graph\">{\"@context\":\"https:\/\/schema.org\",\"@graph\":[{\"@type\":\"WebSite\",\"@id\":\"http:\/\/blowflyofficial.com\/da\/#website\",\"url\":\"http:\/\/blowflyofficial.com\/da\/\",\"name\":\"Rankingi po\\u0142\\u0105cze\\u0144\",\"description\":\"Porady dotycz\\u0105ce randek na co dzie\\u0144\",\"potentialAction\":[{\"@type\":\"SearchAction\",\"target\":{\"@type\":\"EntryPoint\",\"urlTemplate\":\"http:\/\/blowflyofficial.com\/da\/?s={search_term_string}\"},\"query-input\":\"required name=search_term_string\"}],\"inLanguage\":\"pl-PL\"},{\"@type\":\"WebPage\",\"@id\":\"https:\/\/blowflyofficial.com\/pl\/znajdz-milf-w-swojej-okolicy\/#webpage\",\"url\":\"https:\/\/blowflyofficial.com\/pl\/znajdz-milf-w-swojej-okolicy\/\",\"name\":\"Znajd\\u017a MILF w swojej okolicy - Rankingi po\\u0142\\u0105cze\\u0144\",\"isPartOf\":{\"@id\":\"http:\/\/blowflyofficial.com\/da\/#website\"},\"datePublished\":\"2022-08-30T13:12:58+00:00\",\"dateModified\":\"2022-08-30T13:12:58+00:00\",\"breadcrumb\":{\"@id\":\"https:\/\/blowflyofficial.com\/pl\/znajdz-milf-w-swojej-okolicy\/#breadcrumb\"},\"inLanguage\":\"pl-PL\",\"potentialAction\":[{\"@type\":\"ReadAction\",\"target\":[\"https:\/\/blowflyofficial.com\/pl\/znajdz-milf-w-swojej-okolicy\/\"]}]},{\"@type\":\"BreadcrumbList\",\"@id\":\"https:\/\/blowflyofficial.com\/pl\/znajdz-milf-w-swojej-okolicy\/#breadcrumb\",\"itemListElement\":[{\"@type\":\"ListItem\",\"position\":1,\"name\":\"Home\",\"item\":\"https:\/\/blowflyofficial.com\/pl\/\"},{\"@type\":\"ListItem\",\"position\":2,\"name\":\"Znajd\\u017a MILF w swojej okolicy\"}]}]}<\/script>\n<!-- \/ Yoast SEO plugin. -->","yoast_head_json":{"title":"Znajd\u017a MILF w swojej okolicy - Rankingi po\u0142\u0105cze\u0144","robots":{"index":"index","follow":"follow","max-snippet":"max-snippet:-1","max-image-preview":"max-image-preview:large","max-video-preview":"max-video-preview:-1"},"canonical":"https:\/\/blowflyofficial.com\/pl\/znajdz-milf-w-swojej-okolicy\/","og_locale":"pl_PL","og_type":"article","og_title":"Znajd\u017a MILF w swojej okolicy - Rankingi po\u0142\u0105cze\u0144","og_description":"MILF s\u0105 gor\u0105ce. S\u0105 napaleni, do\u015bwiadczeni i wiedz\u0105, czego chc\u0105. Nie musisz si\u0119 martwi\u0107, \u017ce zostaniesz zraniony, poniewa\u017c b\u0119dziesz w stanie zaspokoi\u0107 jej potrzeby. Je\u015bli chcesz po\u0142\u0105czy\u0107 si\u0119 z milf, istnieje wiele miejsc, w kt\u00f3rych mo\u017cesz znale\u017a\u0107 jeden w pobli\u017cu. Ta strona u\u0142atwia spotkanie z lokalnymi milfami i cieszenie si\u0119 zabaw\u0105 seksualn\u0105. Niezale\u017cnie od tego, ... Czytaj dalej","og_url":"https:\/\/blowflyofficial.com\/pl\/znajdz-milf-w-swojej-okolicy\/","og_site_name":"Rankingi po\u0142\u0105cze\u0144","twitter_card":"summary_large_image","twitter_misc":{"Szacowany czas czytania":"3 minuty"},"schema":{"@context":"https:\/\/schema.org","@graph":[{"@type":"WebSite","@id":"http:\/\/blowflyofficial.com\/da\/#website","url":"http:\/\/blowflyofficial.com\/da\/","name":"Rankingi po\u0142\u0105cze\u0144","description":"Porady dotycz\u0105ce randek na co dzie\u0144","potentialAction":[{"@type":"SearchAction","target":{"@type":"EntryPoint","urlTemplate":"http:\/\/blowflyofficial.com\/da\/?s={search_term_string}"},"query-input":"required name=search_term_string"}],"inLanguage":"pl-PL"},{"@type":"WebPage","@id":"https:\/\/blowflyofficial.com\/pl\/znajdz-milf-w-swojej-okolicy\/#webpage","url":"https:\/\/blowflyofficial.com\/pl\/znajdz-milf-w-swojej-okolicy\/","name":"Znajd\u017a MILF w swojej okolicy - Rankingi po\u0142\u0105cze\u0144","isPartOf":{"@id":"http:\/\/blowflyofficial.com\/da\/#website"},"datePublished":"2022-08-30T13:12:58+00:00","dateModified":"2022-08-30T13:12:58+00:00","breadcrumb":{"@id":"https:\/\/blowflyofficial.com\/pl\/znajdz-milf-w-swojej-okolicy\/#breadcrumb"},"inLanguage":"pl-PL","potentialAction":[{"@type":"ReadAction","target":["https:\/\/blowflyofficial.com\/pl\/znajdz-milf-w-swojej-okolicy\/"]}]},{"@type":"BreadcrumbList","@id":"https:\/\/blowflyofficial.com\/pl\/znajdz-milf-w-swojej-okolicy\/#breadcrumb","itemListElement":[{"@type":"ListItem","position":1,"name":"Home","item":"https:\/\/blowflyofficial.com\/pl\/"},{"@type":"ListItem","position":2,"name":"Znajd\u017a MILF w swojej okolicy"}]}]}},"_links":{"self":[{"href":"https:\/\/blowflyofficial.com\/pl\/wp-json\/wp\/v2\/pages\/109"}],"collection":[{"href":"https:\/\/blowflyofficial.com\/pl\/wp-json\/wp\/v2\/pages"}],"about":[{"href":"https:\/\/blowflyofficial.com\/pl\/wp-json\/wp\/v2\/types\/page"}],"author":[{"embeddable":true,"href":"https:\/\/blowflyofficial.com\/pl\/wp-json\/wp\/v2\/users\/1"}],"replies":[{"embeddable":true,"href":"https:\/\/blowflyofficial.com\/pl\/wp-json\/wp\/v2\/comments?post=109"}],"version-history":[{"count":0,"href":"https:\/\/blowflyofficial.com\/pl\/wp-json\/wp\/v2\/pages\/109\/revisions"}],"wp:attachment":[{"href":"https:\/\/blowflyofficial.com\/pl\/wp-json\/wp\/v2\/media?parent=109"}],"curies":[{"name":"wp","href":"https:\/\/api.w.org\/{rel}","templated":true}]}}