{"id":206,"date":"2022-08-30T13:02:05","date_gmt":"2022-08-30T12:02:05","guid":{"rendered":"http:\/\/blowflyofficial.com\/i-nostri-migliori-siti-di-collegamento-recensiti\/"},"modified":"2022-08-30T13:02:05","modified_gmt":"2022-08-30T12:02:05","slug":"i-nostri-migliori-siti-di-collegamento-recensiti","status":"publish","type":"page","link":"https:\/\/blowflyofficial.com\/it\/","title":{"rendered":"I nostri migliori siti di collegamento recensiti"},"content":{"rendered":"<p>Ci sono molte app di appuntamenti online l\u00e0 fuori &#8211; come Tinder, Bumble, OkCupid, PlentyOfFish, Match, ecc. Ma alcune persone preferiscono trovare l&#8217;amore senza registrarsi per un sito. Se sei una di quelle persone, ti consigliamo di controllare gratuitamente il nostro elenco dei migliori siti di collegamento. Questi siti non offrono alcuna registrazione richiesta con carta di credito, il che significa che non \u00e8 nemmeno necessario fornire informazioni personali. Non pagherai mai nulla per utilizzare questi siti. Basta registrarsi, sfogliare i profili, inviare messaggi e iniziare a incontrare persone oggi.<\/p>\n<h2>Ashley Madison<\/h2>\n<p>AshleyMadison.com \u00e8 una boccata d&#8217;aria fresca per chi cerca l&#8217;amore online. Sia che tu stia cercando una fuga veloce, qualcuno di speciale con cui sistemarti o semplicemente un po &#8216;di compagnia divertente, Ashley Madison offre qualcosa per tutti. Con oltre 54 milioni di membri in tutto il mondo, siamo sicuri che ci sia qualcuno l\u00e0 fuori che ti aspetta.<\/p>\n<p>Se ti senti come se avessi bisogno di una pausa dalla tua relazione, o forse vuoi solo provare qualcosa di diverso, perch\u00e9 non darci un&#8217;occhiata? Promettiamo discrezione e riservatezza e i nostri membri godono di numerosi vantaggi, tra cui l&#8217;accesso a eventi esclusivi, sconti di viaggio e persino premi in denaro. Qui troverai tutto ci\u00f2 di cui hai bisogno , senza vincoli.<\/p>\n<h2>Aff<\/h2>\n<p>Adult Friend Finder (AFF), uno dei siti per adulti pi\u00f9 popolari sul web, vanta 3 milioni di visitatori mensili attivi e oltre 10 milioni di membri registrati. Oltre ad essere un luogo ideale per incontri casuali, \u00e8 anche sede di alcune delle persone pi\u00f9 calde e arrapate su Internet. Se vuoi scoprire cosa fa spuntare AFF, ti abbiamo coperto.<\/p>\n<h2>Esca<\/h2>\n<p>Tinder \u00e8 una delle app pi\u00f9 popolari per trovare l&#8217;amore online. Con oltre 50 milioni di persone che lo hanno scaricato dal 2012, l&#8217;app di appuntamenti ti consente di scorrere verso sinistra o destra per vedere se piaci a qualcuno in base alla tua immagine del profilo e alla tua biografia. Se gli piaci, puoi inviarti messaggi a vicenda e organizzare appuntamenti di persona. Non ci sono lunghi questionari o quiz invasivi; solo domande veloci su dove stai cercando di incontrarti dopo.<\/p>\n<p>L&#8217;app \u00e8 scaricabile e utilizzabile gratuitamente, ma ci sono alcuni costi associati al suo utilizzo. Paghi $ 9.99 al mese per accedere a funzionalit\u00e0 premium come partite illimitate e condivisione della posizione.<\/p>\n<p><img loading=\"lazy\" class=\"aligncenter size-large wp-image-35\" src=\"http:\/\/blowflyofficial.com\/wp-content\/uploads\/2022\/08\/guide-for-love-1024x681.jpeg\" alt=\"\" width=\"640\" height=\"426\" srcset=\"https:\/\/blowflyofficial.com\/wp-content\/uploads\/2022\/08\/guide-for-love-1024x681.jpeg 1024w, https:\/\/blowflyofficial.com\/wp-content\/uploads\/2022\/08\/guide-for-love-300x199.jpeg 300w, https:\/\/blowflyofficial.com\/wp-content\/uploads\/2022\/08\/guide-for-love-768x510.jpeg 768w, https:\/\/blowflyofficial.com\/wp-content\/uploads\/2022\/08\/guide-for-love-1536x1021.jpeg 1536w, https:\/\/blowflyofficial.com\/wp-content\/uploads\/2022\/08\/guide-for-love-2048x1361.jpeg 2048w\" sizes=\"(max-width: 640px) 100vw, 640px\" \/><\/p>\n<h1>Trovare un collegamento locale nella tua zona<\/h1>\n<p>I collegamenti locali sono uno dei tipi pi\u00f9 popolari di appuntamenti online. Ci sono molte ragioni per cui le persone usano queste app per trovare la loro anima gemella, come essere annoiati, soli o in cerca di sesso occasionale. Oltre a ci\u00f2, ci sono alcuni vantaggi di cui puoi godere durante l&#8217;utilizzo di queste piattaforme. Ad esempio, non devi spendere soldi per bevande, cibo o appuntamenti costosi. Non dovrai nemmeno viaggiare lontano perch\u00e9 sei gi\u00e0 vicino a dove vivi. E soprattutto, \u00e8 completamente anonimo. Allora, cosa stai aspettando? Dai un&#8217;occhiata al nostro elenco delle prime otto app di collegamento locali.<\/p>\n<h2>OneNightFriend<\/h2>\n<p>One Night Friend \u00e8 un&#8217;app gratuita che ti consente di incontrare qualcuno all&#8217;interno della tua citt\u00e0. Se vuoi iniziare una relazione con qualcuno, questo \u00e8 un ottimo modo per farlo senza spendere troppi soldi. Inoltre, \u00e8 facile da usare. Tutto quello che devi fare \u00e8 inserire la tua posizione, impostare il raggio intorno a te e scegliere se vuoi vedere uomini o donne. Successivamente, riceverai corrispondenze in base alle tue preferenze. Una volta trovato qualcuno interessante, puoi chattare con loro o chiedergli di uscire direttamente. Questa app funziona come Tinder, tranne per il fatto che non devi pagare nulla.<\/p>\n<h2>Sii cattivo<\/h2>\n<p>Benaughty \u00e8 un&#8217;altra buona opzione per coloro che sono alla ricerca di incontri casuali. \u00c8 possibile sfogliare i profili in modo anonimo, inviare messaggi e organizzare riunioni. Tuttavia, a differenza di One Night Friend, devi pagare per utilizzare questa app. Ma se sei disposto a separarti con un po &#8216;di denaro, questa \u00e8 davvero un&#8217;ottima scelta. Benaughty non solo offre molte funzionalit\u00e0, ma offre anche un abbonamento VIP. Con questo pacchetto, puoi accedere a abbonamenti aggiuntivi, come messaggistica premium e videochiamate.<\/p>\n<h2>Collegamento69<\/h2>\n<p>Hookup69 \u00e8 un&#8217;applicazione mobile che ti aiuta a connetterti con le persone nelle vicinanze. A differenza delle app precedenti, questa non richiede di pagare nulla. Per cominciare, devi solo registrarti, aggiungere la tua foto del profilo e scrivere di te. Da l\u00ec, puoi visualizzare le foto di altri che sono interessati a incontrarti. Puoi anche controllare le loro attivit\u00e0 e interessi preferiti. Quando pensi di poter essere pronto per uscire, puoi contattarli. Ti risponderanno una volta che saranno liberi.<\/p>\n<p><img loading=\"lazy\" class=\"aligncenter size-large wp-image-36\" src=\"http:\/\/blowflyofficial.com\/wp-content\/uploads\/2022\/08\/love-match-making-1024x683.jpeg\" alt=\"\" width=\"640\" height=\"427\" srcset=\"https:\/\/blowflyofficial.com\/wp-content\/uploads\/2022\/08\/love-match-making-1024x683.jpeg 1024w, https:\/\/blowflyofficial.com\/wp-content\/uploads\/2022\/08\/love-match-making-300x200.jpeg 300w, https:\/\/blowflyofficial.com\/wp-content\/uploads\/2022\/08\/love-match-making-768x512.jpeg 768w, https:\/\/blowflyofficial.com\/wp-content\/uploads\/2022\/08\/love-match-making-1536x1024.jpeg 1536w, https:\/\/blowflyofficial.com\/wp-content\/uploads\/2022\/08\/love-match-making-2048x1365.jpeg 2048w\" sizes=\"(max-width: 640px) 100vw, 640px\" \/><\/p>\n<h1>I nostri consigli<\/h1>\n<p>I siti di collegamento sono molto comuni al giorno d&#8217;oggi. Spesso offrono molte funzionalit\u00e0 interessanti come chat video, webcam, chat dal vivo, ecc., Rendendoli una delle app pi\u00f9 utilizzate tra le persone. Tuttavia, ci sono anche alcuni inconvenienti. Ad esempio, non \u00e8 possibile trovare un&#8217;app di collegamento affidabile senza spendere soldi. Ma ora abbiamo qualcosa di meglio, benaughty.com. Questo \u00e8 un sito di collegamento online gratuito dove puoi incontrare e uscire con ragazze di tutto il mondo. Non \u00e8 nemmeno necessario spendere nulla per utilizzare questa straordinaria funzione. Tutto quello che devi fare \u00e8 registrarti e iniziare a cercare donne calde. La cosa migliore di Be Naughty \u00e8 che puoi facilmente trovare qualcuno nelle vicinanze. Allora, cosa stai aspettando? Vai avanti e prova questo fantastico sito di collegamento.<\/p>\n<p>Il mercato degli appuntamenti online \u00e8 invaso da diverse piattaforme, ognuna delle quali afferma di essere migliore di altre. Tuttavia, ci sono ancora alcune aziende che non sono state dimenticate, anche se non offrono nulla di speciale. Uno di questi esempi \u00e8 Hookup69, un sito di incontri locale che offre ai suoi utenti molti vantaggi rispetto alle app di appuntamenti tradizionali.<\/p>\n<p>Devi prendere la decisione giusta e utilizzare una vera azienda per trovare l&#8217;app giusta per te.<\/p>\n","protected":false},"excerpt":{"rendered":"<p>Ci sono molte app di appuntamenti online l\u00e0 fuori &#8211; come Tinder, Bumble, OkCupid, PlentyOfFish, Match, ecc. Ma alcune persone preferiscono trovare l&#8217;amore senza registrarsi per un sito. Se sei una di quelle persone, ti consigliamo di controllare gratuitamente il nostro elenco dei migliori siti di collegamento. Questi siti non offrono alcuna registrazione richiesta con &#8230; <a title=\"I nostri migliori siti di collegamento recensiti\" class=\"read-more\" href=\"https:\/\/blowflyofficial.com\/it\/\" aria-label=\"Leggi di pi\u00f9 su I nostri migliori siti di collegamento recensiti\">Leggi tutto<\/a><\/p>\n","protected":false},"author":1,"featured_media":0,"parent":0,"menu_order":0,"comment_status":"closed","ping_status":"closed","template":"","meta":[],"yoast_head":"<!-- This site is optimized with the Yoast SEO plugin v17.7.1 - https:\/\/yoast.com\/wordpress\/plugins\/seo\/ -->\n<title>I nostri migliori siti di collegamento recensiti - Classifiche di collegamento<\/title>\n<meta name=\"robots\" content=\"index, follow, max-snippet:-1, max-image-preview:large, max-video-preview:-1\" \/>\n<link rel=\"canonical\" href=\"https:\/\/blowflyofficial.com\/it\/\" \/>\n<meta property=\"og:locale\" content=\"it_IT\" \/>\n<meta property=\"og:type\" content=\"article\" \/>\n<meta property=\"og:title\" content=\"I nostri migliori siti di collegamento recensiti - Classifiche di collegamento\" \/>\n<meta property=\"og:description\" content=\"Ci sono molte app di appuntamenti online l\u00e0 fuori &#8211; come Tinder, Bumble, OkCupid, PlentyOfFish, Match, ecc. Ma alcune persone preferiscono trovare l&#8217;amore senza registrarsi per un sito. Se sei una di quelle persone, ti consigliamo di controllare gratuitamente il nostro elenco dei migliori siti di collegamento. Questi siti non offrono alcuna registrazione richiesta con ... Leggi tutto\" \/>\n<meta property=\"og:url\" content=\"https:\/\/blowflyofficial.com\/it\/\" \/>\n<meta property=\"og:site_name\" content=\"Classifiche di collegamento\" \/>\n<meta property=\"og:image\" content=\"http:\/\/blowflyofficial.com\/wp-content\/uploads\/2022\/08\/guide-for-love-1024x681.jpeg\" \/>\n<meta name=\"twitter:card\" content=\"summary_large_image\" \/>\n<meta name=\"twitter:label1\" content=\"Tempo di lettura stimato\" \/>\n\t<meta name=\"twitter:data1\" content=\"5 minuti\" \/>\n<script type=\"application\/ld+json\" class=\"yoast-schema-graph\">{\"@context\":\"https:\/\/schema.org\",\"@graph\":[{\"@type\":\"WebSite\",\"@id\":\"http:\/\/blowflyofficial.com\/da\/#website\",\"url\":\"http:\/\/blowflyofficial.com\/da\/\",\"name\":\"Classifiche di collegamento\",\"description\":\"Consigli per appuntamenti casuali\",\"potentialAction\":[{\"@type\":\"SearchAction\",\"target\":{\"@type\":\"EntryPoint\",\"urlTemplate\":\"http:\/\/blowflyofficial.com\/da\/?s={search_term_string}\"},\"query-input\":\"required name=search_term_string\"}],\"inLanguage\":\"it-IT\"},{\"@type\":\"ImageObject\",\"@id\":\"https:\/\/blowflyofficial.com\/it\/#primaryimage\",\"inLanguage\":\"it-IT\",\"url\":\"http:\/\/blowflyofficial.com\/wp-content\/uploads\/2022\/08\/guide-for-love-1024x681.jpeg\",\"contentUrl\":\"http:\/\/blowflyofficial.com\/wp-content\/uploads\/2022\/08\/guide-for-love-1024x681.jpeg\"},{\"@type\":\"WebPage\",\"@id\":\"https:\/\/blowflyofficial.com\/it\/#webpage\",\"url\":\"https:\/\/blowflyofficial.com\/it\/\",\"name\":\"I nostri migliori siti di collegamento recensiti - Classifiche di collegamento\",\"isPartOf\":{\"@id\":\"http:\/\/blowflyofficial.com\/da\/#website\"},\"primaryImageOfPage\":{\"@id\":\"https:\/\/blowflyofficial.com\/it\/#primaryimage\"},\"datePublished\":\"2022-08-30T12:02:05+00:00\",\"dateModified\":\"2022-08-30T12:02:05+00:00\",\"breadcrumb\":{\"@id\":\"https:\/\/blowflyofficial.com\/it\/#breadcrumb\"},\"inLanguage\":\"it-IT\",\"potentialAction\":[{\"@type\":\"ReadAction\",\"target\":[\"https:\/\/blowflyofficial.com\/it\/\"]}]},{\"@type\":\"BreadcrumbList\",\"@id\":\"https:\/\/blowflyofficial.com\/it\/#breadcrumb\",\"itemListElement\":[{\"@type\":\"ListItem\",\"position\":1,\"name\":\"Home\",\"item\":\"https:\/\/blowflyofficial.com\/it\/\"},{\"@type\":\"ListItem\",\"position\":2,\"name\":\"I nostri migliori siti di collegamento recensiti\"}]}]}<\/script>\n<!-- \/ Yoast SEO plugin. -->","yoast_head_json":{"title":"I nostri migliori siti di collegamento recensiti - Classifiche di collegamento","robots":{"index":"index","follow":"follow","max-snippet":"max-snippet:-1","max-image-preview":"max-image-preview:large","max-video-preview":"max-video-preview:-1"},"canonical":"https:\/\/blowflyofficial.com\/it\/","og_locale":"it_IT","og_type":"article","og_title":"I nostri migliori siti di collegamento recensiti - Classifiche di collegamento","og_description":"Ci sono molte app di appuntamenti online l\u00e0 fuori &#8211; come Tinder, Bumble, OkCupid, PlentyOfFish, Match, ecc. Ma alcune persone preferiscono trovare l&#8217;amore senza registrarsi per un sito. Se sei una di quelle persone, ti consigliamo di controllare gratuitamente il nostro elenco dei migliori siti di collegamento. Questi siti non offrono alcuna registrazione richiesta con ... Leggi tutto","og_url":"https:\/\/blowflyofficial.com\/it\/","og_site_name":"Classifiche di collegamento","og_image":[{"url":"http:\/\/blowflyofficial.com\/wp-content\/uploads\/2022\/08\/guide-for-love-1024x681.jpeg"}],"twitter_card":"summary_large_image","twitter_misc":{"Tempo di lettura stimato":"5 minuti"},"schema":{"@context":"https:\/\/schema.org","@graph":[{"@type":"WebSite","@id":"http:\/\/blowflyofficial.com\/da\/#website","url":"http:\/\/blowflyofficial.com\/da\/","name":"Classifiche di collegamento","description":"Consigli per appuntamenti casuali","potentialAction":[{"@type":"SearchAction","target":{"@type":"EntryPoint","urlTemplate":"http:\/\/blowflyofficial.com\/da\/?s={search_term_string}"},"query-input":"required name=search_term_string"}],"inLanguage":"it-IT"},{"@type":"ImageObject","@id":"https:\/\/blowflyofficial.com\/it\/#primaryimage","inLanguage":"it-IT","url":"http:\/\/blowflyofficial.com\/wp-content\/uploads\/2022\/08\/guide-for-love-1024x681.jpeg","contentUrl":"http:\/\/blowflyofficial.com\/wp-content\/uploads\/2022\/08\/guide-for-love-1024x681.jpeg"},{"@type":"WebPage","@id":"https:\/\/blowflyofficial.com\/it\/#webpage","url":"https:\/\/blowflyofficial.com\/it\/","name":"I nostri migliori siti di collegamento recensiti - Classifiche di collegamento","isPartOf":{"@id":"http:\/\/blowflyofficial.com\/da\/#website"},"primaryImageOfPage":{"@id":"https:\/\/blowflyofficial.com\/it\/#primaryimage"},"datePublished":"2022-08-30T12:02:05+00:00","dateModified":"2022-08-30T12:02:05+00:00","breadcrumb":{"@id":"https:\/\/blowflyofficial.com\/it\/#breadcrumb"},"inLanguage":"it-IT","potentialAction":[{"@type":"ReadAction","target":["https:\/\/blowflyofficial.com\/it\/"]}]},{"@type":"BreadcrumbList","@id":"https:\/\/blowflyofficial.com\/it\/#breadcrumb","itemListElement":[{"@type":"ListItem","position":1,"name":"Home","item":"https:\/\/blowflyofficial.com\/it\/"},{"@type":"ListItem","position":2,"name":"I nostri migliori siti di collegamento recensiti"}]}]}},"_links":{"self":[{"href":"https:\/\/blowflyofficial.com\/it\/wp-json\/wp\/v2\/pages\/206"}],"collection":[{"href":"https:\/\/blowflyofficial.com\/it\/wp-json\/wp\/v2\/pages"}],"about":[{"href":"https:\/\/blowflyofficial.com\/it\/wp-json\/wp\/v2\/types\/page"}],"author":[{"embeddable":true,"href":"https:\/\/blowflyofficial.com\/it\/wp-json\/wp\/v2\/users\/1"}],"replies":[{"embeddable":true,"href":"https:\/\/blowflyofficial.com\/it\/wp-json\/wp\/v2\/comments?post=206"}],"version-history":[{"count":0,"href":"https:\/\/blowflyofficial.com\/it\/wp-json\/wp\/v2\/pages\/206\/revisions"}],"wp:attachment":[{"href":"https:\/\/blowflyofficial.com\/it\/wp-json\/wp\/v2\/media?parent=206"}],"curies":[{"name":"wp","href":"https:\/\/api.w.org\/{rel}","templated":true}]}}