{"id":193,"date":"2022-08-30T13:45:52","date_gmt":"2022-08-30T12:45:52","guid":{"rendered":"http:\/\/blowflyofficial.com\/trova-un-collegamento-casuale-locale\/"},"modified":"2022-08-30T13:45:52","modified_gmt":"2022-08-30T12:45:52","slug":"trova-un-collegamento-casuale-locale","status":"publish","type":"page","link":"https:\/\/blowflyofficial.com\/it\/trova-un-collegamento-casuale-locale\/","title":{"rendered":"Trova un collegamento casuale locale"},"content":{"rendered":"<p>Sappiamo quanto sia difficile trovare qualcuno che ti piace, soprattutto quando vivi in citt\u00e0 diverse. Comprendiamo che a volte ti senti solo e annoiato, e non ti biasimiamo perch\u00e9 ci sono molte cose che rendono tristi anche noi. Ma perch\u00e9 dovresti aspettare che qualcun altro arrivi e ti dia quello che vuoi veramente? Perch\u00e9 dovresti passare ore a cercare qualcosa che potrebbe richiedere minuti?<\/p>\n<h2>Vuoi trovare un collegamento?<\/h2>\n<p>Non devi nemmeno preoccuparti di <a href=\"http:\/\/blowflyofficial.com\/it\/trova-sesso-con-le-donne-vicino-a-te\/\">essere truffato<\/a>, dal momento che tutto qui \u00e8 completamente gratuito. Se decidi di andare avanti e pagare per l&#8217;abbonamento, hai accesso all&#8217;intera rete, comprese tutte le funzionalit\u00e0 per gli abbonamenti premium. Tuttavia, se stai cercando un collegamento rapido, puoi sempre provare la versione di prova e vedere se ti si addice.<\/p>\n<p>Le persone sono sempre alla ricerca di modi per incontrare gli altri online, specialmente quelli che vogliono incontri casuali. Ma dove ti rivolgi quando non ci sono molte opzioni l\u00e0 fuori? Bene, ti abbiamo coperto! Di seguito sono riportati cinque siti di collegamento locali gratuiti che funzionano effettivamente. Non ti pentirai di averli provati.<\/p>\n<p>La prima app di collegamento gratuita che ti suggerir\u00f2 di provare \u00e8 quella chiamata Fling, ed \u00e8 forse la migliore applicazione di appuntamenti che ho usato nel corso degli anni. Mentre ci sono molte app a pagamento che offrono funzionalit\u00e0 simili, Fling \u00e8 libero di registrarsi e utilizzare.<\/p>\n<p>Certo, hanno opzioni di aggiornamento &#8211; come essere in grado di trovare partner locali in base a dove vivi &#8211; che rendono molto pi\u00f9 facile per le persone connettersi, ma tuttavia, la versione gratuita funziona bene. In effetti, quando mi sono iscritto inizialmente, ho finito per usarlo per un&#8217;intera settimana prima di eseguire l&#8217;aggiornamento perch\u00e9 volevo aumentare le mie probabilit\u00e0 di collegamento. Poco dopo averlo fatto, mi sono ritrovato a spendere soldi per aggiornamenti premium.<\/p>\n<h2>Siti di chiamata Booty<\/h2>\n<p>Sono un grande fan del fenomeno delle chiamate bottino. Sono stato su entrambi i lati della medaglia. Ho avuto incontri casuali in cui ci incontriamo per un drink o una cena e finiamo per collegarci pi\u00f9 tardi. E sono stato anche in appuntamenti in cui non c&#8217;era molta chimica e non abbiamo finito per fare sesso. Quindi, quando ho sentito parlare di questa app chiamata OnlineBootyCall.com, ho pensato che suonasse come qualcosa di divertente da provare.<\/p>\n<p>L&#8217;idea alla base di questa app \u00e8 piuttosto semplice. Ti iscrivi gratuitamente e inizi a chattare con le persone che vivono nelle vicinanze. Se trovi qualcuno interessante, puoi invitarlo a uscire. Quando si presentano, puoi mandarli direttamente a casa o portarli in una stanza d&#8217;albergo. Non ci sono regole o aspettative. Ti stai solo incontrando per fare sesso.<\/p>\n","protected":false},"excerpt":{"rendered":"<p>Sappiamo quanto sia difficile trovare qualcuno che ti piace, soprattutto quando vivi in citt\u00e0 diverse. Comprendiamo che a volte ti senti solo e annoiato, e non ti biasimiamo perch\u00e9 ci sono molte cose che rendono tristi anche noi. Ma perch\u00e9 dovresti aspettare che qualcun altro arrivi e ti dia quello che vuoi veramente? Perch\u00e9 dovresti &#8230; <a title=\"Trova un collegamento casuale locale\" class=\"read-more\" href=\"https:\/\/blowflyofficial.com\/it\/trova-un-collegamento-casuale-locale\/\" aria-label=\"Leggi di pi\u00f9 su Trova un collegamento casuale locale\">Leggi tutto<\/a><\/p>\n","protected":false},"author":1,"featured_media":0,"parent":0,"menu_order":0,"comment_status":"closed","ping_status":"closed","template":"","meta":[],"yoast_head":"<!-- This site is optimized with the Yoast SEO plugin v17.7.1 - https:\/\/yoast.com\/wordpress\/plugins\/seo\/ -->\n<title>Trova un collegamento casuale locale - Classifiche di collegamento<\/title>\n<meta name=\"robots\" content=\"index, follow, max-snippet:-1, max-image-preview:large, max-video-preview:-1\" \/>\n<link rel=\"canonical\" href=\"https:\/\/blowflyofficial.com\/it\/trova-un-collegamento-casuale-locale\/\" \/>\n<meta property=\"og:locale\" content=\"it_IT\" \/>\n<meta property=\"og:type\" content=\"article\" \/>\n<meta property=\"og:title\" content=\"Trova un collegamento casuale locale - Classifiche di collegamento\" \/>\n<meta property=\"og:description\" content=\"Sappiamo quanto sia difficile trovare qualcuno che ti piace, soprattutto quando vivi in citt\u00e0 diverse. Comprendiamo che a volte ti senti solo e annoiato, e non ti biasimiamo perch\u00e9 ci sono molte cose che rendono tristi anche noi. Ma perch\u00e9 dovresti aspettare che qualcun altro arrivi e ti dia quello che vuoi veramente? Perch\u00e9 dovresti ... Leggi tutto\" \/>\n<meta property=\"og:url\" content=\"https:\/\/blowflyofficial.com\/it\/trova-un-collegamento-casuale-locale\/\" \/>\n<meta property=\"og:site_name\" content=\"Classifiche di collegamento\" \/>\n<meta name=\"twitter:card\" content=\"summary_large_image\" \/>\n<meta name=\"twitter:label1\" content=\"Tempo di lettura stimato\" \/>\n\t<meta name=\"twitter:data1\" content=\"2 minuti\" \/>\n<script type=\"application\/ld+json\" class=\"yoast-schema-graph\">{\"@context\":\"https:\/\/schema.org\",\"@graph\":[{\"@type\":\"WebSite\",\"@id\":\"http:\/\/blowflyofficial.com\/da\/#website\",\"url\":\"http:\/\/blowflyofficial.com\/da\/\",\"name\":\"Classifiche di collegamento\",\"description\":\"Consigli per appuntamenti casuali\",\"potentialAction\":[{\"@type\":\"SearchAction\",\"target\":{\"@type\":\"EntryPoint\",\"urlTemplate\":\"http:\/\/blowflyofficial.com\/da\/?s={search_term_string}\"},\"query-input\":\"required name=search_term_string\"}],\"inLanguage\":\"it-IT\"},{\"@type\":\"WebPage\",\"@id\":\"https:\/\/blowflyofficial.com\/it\/trova-un-collegamento-casuale-locale\/#webpage\",\"url\":\"https:\/\/blowflyofficial.com\/it\/trova-un-collegamento-casuale-locale\/\",\"name\":\"Trova un collegamento casuale locale - Classifiche di collegamento\",\"isPartOf\":{\"@id\":\"http:\/\/blowflyofficial.com\/da\/#website\"},\"datePublished\":\"2022-08-30T12:45:52+00:00\",\"dateModified\":\"2022-08-30T12:45:52+00:00\",\"breadcrumb\":{\"@id\":\"https:\/\/blowflyofficial.com\/it\/trova-un-collegamento-casuale-locale\/#breadcrumb\"},\"inLanguage\":\"it-IT\",\"potentialAction\":[{\"@type\":\"ReadAction\",\"target\":[\"https:\/\/blowflyofficial.com\/it\/trova-un-collegamento-casuale-locale\/\"]}]},{\"@type\":\"BreadcrumbList\",\"@id\":\"https:\/\/blowflyofficial.com\/it\/trova-un-collegamento-casuale-locale\/#breadcrumb\",\"itemListElement\":[{\"@type\":\"ListItem\",\"position\":1,\"name\":\"Home\",\"item\":\"https:\/\/blowflyofficial.com\/it\/\"},{\"@type\":\"ListItem\",\"position\":2,\"name\":\"Trova un collegamento casuale locale\"}]}]}<\/script>\n<!-- \/ Yoast SEO plugin. -->","yoast_head_json":{"title":"Trova un collegamento casuale locale - Classifiche di collegamento","robots":{"index":"index","follow":"follow","max-snippet":"max-snippet:-1","max-image-preview":"max-image-preview:large","max-video-preview":"max-video-preview:-1"},"canonical":"https:\/\/blowflyofficial.com\/it\/trova-un-collegamento-casuale-locale\/","og_locale":"it_IT","og_type":"article","og_title":"Trova un collegamento casuale locale - Classifiche di collegamento","og_description":"Sappiamo quanto sia difficile trovare qualcuno che ti piace, soprattutto quando vivi in citt\u00e0 diverse. Comprendiamo che a volte ti senti solo e annoiato, e non ti biasimiamo perch\u00e9 ci sono molte cose che rendono tristi anche noi. Ma perch\u00e9 dovresti aspettare che qualcun altro arrivi e ti dia quello che vuoi veramente? Perch\u00e9 dovresti ... Leggi tutto","og_url":"https:\/\/blowflyofficial.com\/it\/trova-un-collegamento-casuale-locale\/","og_site_name":"Classifiche di collegamento","twitter_card":"summary_large_image","twitter_misc":{"Tempo di lettura stimato":"2 minuti"},"schema":{"@context":"https:\/\/schema.org","@graph":[{"@type":"WebSite","@id":"http:\/\/blowflyofficial.com\/da\/#website","url":"http:\/\/blowflyofficial.com\/da\/","name":"Classifiche di collegamento","description":"Consigli per appuntamenti casuali","potentialAction":[{"@type":"SearchAction","target":{"@type":"EntryPoint","urlTemplate":"http:\/\/blowflyofficial.com\/da\/?s={search_term_string}"},"query-input":"required name=search_term_string"}],"inLanguage":"it-IT"},{"@type":"WebPage","@id":"https:\/\/blowflyofficial.com\/it\/trova-un-collegamento-casuale-locale\/#webpage","url":"https:\/\/blowflyofficial.com\/it\/trova-un-collegamento-casuale-locale\/","name":"Trova un collegamento casuale locale - Classifiche di collegamento","isPartOf":{"@id":"http:\/\/blowflyofficial.com\/da\/#website"},"datePublished":"2022-08-30T12:45:52+00:00","dateModified":"2022-08-30T12:45:52+00:00","breadcrumb":{"@id":"https:\/\/blowflyofficial.com\/it\/trova-un-collegamento-casuale-locale\/#breadcrumb"},"inLanguage":"it-IT","potentialAction":[{"@type":"ReadAction","target":["https:\/\/blowflyofficial.com\/it\/trova-un-collegamento-casuale-locale\/"]}]},{"@type":"BreadcrumbList","@id":"https:\/\/blowflyofficial.com\/it\/trova-un-collegamento-casuale-locale\/#breadcrumb","itemListElement":[{"@type":"ListItem","position":1,"name":"Home","item":"https:\/\/blowflyofficial.com\/it\/"},{"@type":"ListItem","position":2,"name":"Trova un collegamento casuale locale"}]}]}},"_links":{"self":[{"href":"https:\/\/blowflyofficial.com\/it\/wp-json\/wp\/v2\/pages\/193"}],"collection":[{"href":"https:\/\/blowflyofficial.com\/it\/wp-json\/wp\/v2\/pages"}],"about":[{"href":"https:\/\/blowflyofficial.com\/it\/wp-json\/wp\/v2\/types\/page"}],"author":[{"embeddable":true,"href":"https:\/\/blowflyofficial.com\/it\/wp-json\/wp\/v2\/users\/1"}],"replies":[{"embeddable":true,"href":"https:\/\/blowflyofficial.com\/it\/wp-json\/wp\/v2\/comments?post=193"}],"version-history":[{"count":0,"href":"https:\/\/blowflyofficial.com\/it\/wp-json\/wp\/v2\/pages\/193\/revisions"}],"wp:attachment":[{"href":"https:\/\/blowflyofficial.com\/it\/wp-json\/wp\/v2\/media?parent=193"}],"curies":[{"name":"wp","href":"https:\/\/api.w.org\/{rel}","templated":true}]}}