{"id":186,"date":"2022-08-30T13:50:50","date_gmt":"2022-08-30T12:50:50","guid":{"rendered":"http:\/\/blowflyofficial.com\/alla-ricerca-di-sesso\/"},"modified":"2022-08-30T13:50:50","modified_gmt":"2022-08-30T12:50:50","slug":"alla-ricerca-di-sesso","status":"publish","type":"page","link":"https:\/\/blowflyofficial.com\/it\/alla-ricerca-di-sesso\/","title":{"rendered":"Alla ricerca di sesso"},"content":{"rendered":"<p>Cerchi un po &#8216;di divertimento stasera? Allora sei nel posto giusto. Siamo qui per aiutarti a trovare il tuo appuntamento casual perfetto per sveltine e divertimento het-up. Che si tratti solo di cena e bevande, o qualcosa di pi\u00f9 serio, siamo sicuri di avere una corrispondenza per te. Il nostro sito \u00e8 completamente gratuito e i nostri membri sono sempre alla ricerca di un buon momento. Per iniziare a trovare qualcuno di speciale ora, sfoglia semplicemente i nostri profili e iscriviti oggi.<\/p>\n<p>A nostro parere, non c&#8217;\u00e8 motivo per cui non dovresti provare a trovare un partner a livello locale. Dopotutto, <a href=\"http:\/\/blowflyofficial.com\/it\/le-migliori-app-di-appuntamenti-per-trovare-qualcosa-di-serio\/\">vivete nelle vicinanze<\/a>, vi conoscete bene e probabilmente vi vedete gi\u00e0 ogni giorno. Potresti anche incontrarti per un caff\u00e8 di tanto in tanto. Perch\u00e9 non provarlo?<\/p>\n<h2>Come utilizzare le app di appuntamenti solo per il sesso<\/h2>\n<p>La cosa pi\u00f9 importante da sapere sulle app di appuntamenti \u00e8 che ci sono diversi tipi di persone nel mondo. Potresti pensare di cercare qualcuno come te, ma si scopre che in realt\u00e0 stai cercando qualcuno di completamente diverso. Ci sono tre categorie principali di persone online: quelli che vogliono il sesso occasionale, quelli che vogliono relazioni a lungo termine e quelli che vogliono solo incontrare nuovi amici. Ecco come scegliere le donne in base al tipo di persona che sei.<\/p>\n<h2>Persone di sesso occasionale<\/h2>\n<p>Le persone del sesso occasionale non si preoccupano troppo dell&#8217;aspetto, ma si preoccupano della personalit\u00e0. Di solito sono accomodanti, di mentalit\u00e0 aperta e generalmente amano incontrare nuove persone. Se stai cercando una serata divertente senza vincoli, le persone di sesso occasionale sono probabilmente la scelta migliore per te. Questi ragazzi non sono davvero impegnati, ma sicuramente proveranno qualsiasi cosa una volta.<\/p>\n<h2>Relazioni a lungo termine Persone<\/h2>\n<p>Le persone con relazioni a lungo termine sono l&#8217;opposto delle persone di sesso occasionale. Stanno cercando qualcosa di serio e vogliono un partner su cui poter contare. Questo \u00e8 il motivo per cui molti di loro sono disposti a sopportare alcuni tratti piuttosto poco attraenti negli uomini. In effetti, spesso fanno di tutto per trovare partner di bell&#8217;aspetto.<\/p>\n<h2>Incontrare nuovi amici Persone<\/h2>\n<p>Incontrare nuovi amici le persone sono il gruppo meno comune, ma sono ancora l\u00e0 fuori. In genere sono felici di parlare con chiunque, anche con perfetti sconosciuti, perch\u00e9 amano incontrare nuove persone. Di solito sono amichevoli ed estroversi e sono sempre interessati ad ascoltare le storie degli altri. Sono anche grandi ascoltatori, quindi se ti senti solo o annoiato, puoi contare su di loro per mantenere le cose interessanti.<\/p>\n<h2>I nostri consigli<\/h2>\n<p>I single di oggi sono noti per essere di mentalit\u00e0 aperta e flessibili quando si tratta di questioni come il sesso. Questo vale sia per le donne che per gli uomini. In effetti, molte persone preferiscono uscire con qualcuno che \u00e8 disposto a provare qualcosa di nuovo.<\/p>\n<p>Questo vale ancora di pi\u00f9 per gli anziani. Molti di loro vogliono ancora divertirsi durante il loro pensionamento. E mentre ci sono molti siti di incontri maturi orientati verso gli anziani, pensiamo che anche i collegamenti locali siano un&#8217;ottima idea.<\/p>\n","protected":false},"excerpt":{"rendered":"<p>Cerchi un po &#8216;di divertimento stasera? Allora sei nel posto giusto. Siamo qui per aiutarti a trovare il tuo appuntamento casual perfetto per sveltine e divertimento het-up. Che si tratti solo di cena e bevande, o qualcosa di pi\u00f9 serio, siamo sicuri di avere una corrispondenza per te. Il nostro sito \u00e8 completamente gratuito e &#8230; <a title=\"Alla ricerca di sesso\" class=\"read-more\" href=\"https:\/\/blowflyofficial.com\/it\/alla-ricerca-di-sesso\/\" aria-label=\"Leggi di pi\u00f9 su Alla ricerca di sesso\">Leggi tutto<\/a><\/p>\n","protected":false},"author":1,"featured_media":0,"parent":0,"menu_order":0,"comment_status":"closed","ping_status":"closed","template":"","meta":[],"yoast_head":"<!-- This site is optimized with the Yoast SEO plugin v17.7.1 - https:\/\/yoast.com\/wordpress\/plugins\/seo\/ -->\n<title>Alla ricerca di sesso - Classifiche di collegamento<\/title>\n<meta name=\"robots\" content=\"index, follow, max-snippet:-1, max-image-preview:large, max-video-preview:-1\" \/>\n<link rel=\"canonical\" href=\"https:\/\/blowflyofficial.com\/it\/alla-ricerca-di-sesso\/\" \/>\n<meta property=\"og:locale\" content=\"it_IT\" \/>\n<meta property=\"og:type\" content=\"article\" \/>\n<meta property=\"og:title\" content=\"Alla ricerca di sesso - Classifiche di collegamento\" \/>\n<meta property=\"og:description\" content=\"Cerchi un po &#8216;di divertimento stasera? Allora sei nel posto giusto. Siamo qui per aiutarti a trovare il tuo appuntamento casual perfetto per sveltine e divertimento het-up. Che si tratti solo di cena e bevande, o qualcosa di pi\u00f9 serio, siamo sicuri di avere una corrispondenza per te. Il nostro sito \u00e8 completamente gratuito e ... Leggi tutto\" \/>\n<meta property=\"og:url\" content=\"https:\/\/blowflyofficial.com\/it\/alla-ricerca-di-sesso\/\" \/>\n<meta property=\"og:site_name\" content=\"Classifiche di collegamento\" \/>\n<meta name=\"twitter:card\" content=\"summary_large_image\" \/>\n<meta name=\"twitter:label1\" content=\"Tempo di lettura stimato\" \/>\n\t<meta name=\"twitter:data1\" content=\"3 minuti\" \/>\n<script type=\"application\/ld+json\" class=\"yoast-schema-graph\">{\"@context\":\"https:\/\/schema.org\",\"@graph\":[{\"@type\":\"WebSite\",\"@id\":\"http:\/\/blowflyofficial.com\/da\/#website\",\"url\":\"http:\/\/blowflyofficial.com\/da\/\",\"name\":\"Classifiche di collegamento\",\"description\":\"Consigli per appuntamenti casuali\",\"potentialAction\":[{\"@type\":\"SearchAction\",\"target\":{\"@type\":\"EntryPoint\",\"urlTemplate\":\"http:\/\/blowflyofficial.com\/da\/?s={search_term_string}\"},\"query-input\":\"required name=search_term_string\"}],\"inLanguage\":\"it-IT\"},{\"@type\":\"WebPage\",\"@id\":\"https:\/\/blowflyofficial.com\/it\/alla-ricerca-di-sesso\/#webpage\",\"url\":\"https:\/\/blowflyofficial.com\/it\/alla-ricerca-di-sesso\/\",\"name\":\"Alla ricerca di sesso - Classifiche di collegamento\",\"isPartOf\":{\"@id\":\"http:\/\/blowflyofficial.com\/da\/#website\"},\"datePublished\":\"2022-08-30T12:50:50+00:00\",\"dateModified\":\"2022-08-30T12:50:50+00:00\",\"breadcrumb\":{\"@id\":\"https:\/\/blowflyofficial.com\/it\/alla-ricerca-di-sesso\/#breadcrumb\"},\"inLanguage\":\"it-IT\",\"potentialAction\":[{\"@type\":\"ReadAction\",\"target\":[\"https:\/\/blowflyofficial.com\/it\/alla-ricerca-di-sesso\/\"]}]},{\"@type\":\"BreadcrumbList\",\"@id\":\"https:\/\/blowflyofficial.com\/it\/alla-ricerca-di-sesso\/#breadcrumb\",\"itemListElement\":[{\"@type\":\"ListItem\",\"position\":1,\"name\":\"Home\",\"item\":\"https:\/\/blowflyofficial.com\/it\/\"},{\"@type\":\"ListItem\",\"position\":2,\"name\":\"Alla ricerca di sesso\"}]}]}<\/script>\n<!-- \/ Yoast SEO plugin. -->","yoast_head_json":{"title":"Alla ricerca di sesso - Classifiche di collegamento","robots":{"index":"index","follow":"follow","max-snippet":"max-snippet:-1","max-image-preview":"max-image-preview:large","max-video-preview":"max-video-preview:-1"},"canonical":"https:\/\/blowflyofficial.com\/it\/alla-ricerca-di-sesso\/","og_locale":"it_IT","og_type":"article","og_title":"Alla ricerca di sesso - Classifiche di collegamento","og_description":"Cerchi un po &#8216;di divertimento stasera? Allora sei nel posto giusto. Siamo qui per aiutarti a trovare il tuo appuntamento casual perfetto per sveltine e divertimento het-up. Che si tratti solo di cena e bevande, o qualcosa di pi\u00f9 serio, siamo sicuri di avere una corrispondenza per te. Il nostro sito \u00e8 completamente gratuito e ... Leggi tutto","og_url":"https:\/\/blowflyofficial.com\/it\/alla-ricerca-di-sesso\/","og_site_name":"Classifiche di collegamento","twitter_card":"summary_large_image","twitter_misc":{"Tempo di lettura stimato":"3 minuti"},"schema":{"@context":"https:\/\/schema.org","@graph":[{"@type":"WebSite","@id":"http:\/\/blowflyofficial.com\/da\/#website","url":"http:\/\/blowflyofficial.com\/da\/","name":"Classifiche di collegamento","description":"Consigli per appuntamenti casuali","potentialAction":[{"@type":"SearchAction","target":{"@type":"EntryPoint","urlTemplate":"http:\/\/blowflyofficial.com\/da\/?s={search_term_string}"},"query-input":"required name=search_term_string"}],"inLanguage":"it-IT"},{"@type":"WebPage","@id":"https:\/\/blowflyofficial.com\/it\/alla-ricerca-di-sesso\/#webpage","url":"https:\/\/blowflyofficial.com\/it\/alla-ricerca-di-sesso\/","name":"Alla ricerca di sesso - Classifiche di collegamento","isPartOf":{"@id":"http:\/\/blowflyofficial.com\/da\/#website"},"datePublished":"2022-08-30T12:50:50+00:00","dateModified":"2022-08-30T12:50:50+00:00","breadcrumb":{"@id":"https:\/\/blowflyofficial.com\/it\/alla-ricerca-di-sesso\/#breadcrumb"},"inLanguage":"it-IT","potentialAction":[{"@type":"ReadAction","target":["https:\/\/blowflyofficial.com\/it\/alla-ricerca-di-sesso\/"]}]},{"@type":"BreadcrumbList","@id":"https:\/\/blowflyofficial.com\/it\/alla-ricerca-di-sesso\/#breadcrumb","itemListElement":[{"@type":"ListItem","position":1,"name":"Home","item":"https:\/\/blowflyofficial.com\/it\/"},{"@type":"ListItem","position":2,"name":"Alla ricerca di sesso"}]}]}},"_links":{"self":[{"href":"https:\/\/blowflyofficial.com\/it\/wp-json\/wp\/v2\/pages\/186"}],"collection":[{"href":"https:\/\/blowflyofficial.com\/it\/wp-json\/wp\/v2\/pages"}],"about":[{"href":"https:\/\/blowflyofficial.com\/it\/wp-json\/wp\/v2\/types\/page"}],"author":[{"embeddable":true,"href":"https:\/\/blowflyofficial.com\/it\/wp-json\/wp\/v2\/users\/1"}],"replies":[{"embeddable":true,"href":"https:\/\/blowflyofficial.com\/it\/wp-json\/wp\/v2\/comments?post=186"}],"version-history":[{"count":0,"href":"https:\/\/blowflyofficial.com\/it\/wp-json\/wp\/v2\/pages\/186\/revisions"}],"wp:attachment":[{"href":"https:\/\/blowflyofficial.com\/it\/wp-json\/wp\/v2\/media?parent=186"}],"curies":[{"name":"wp","href":"https:\/\/api.w.org\/{rel}","templated":true}]}}