{"id":174,"date":"2022-08-30T13:54:35","date_gmt":"2022-08-30T12:54:35","guid":{"rendered":"http:\/\/blowflyofficial.com\/swapfinder-vs-easysex\/"},"modified":"2022-08-30T13:54:35","modified_gmt":"2022-08-30T12:54:35","slug":"swapfinder-vs-easysex","status":"publish","type":"page","link":"https:\/\/blowflyofficial.com\/it\/swapfinder-vs-easysex\/","title":{"rendered":"SwapFinder vs EasySex"},"content":{"rendered":"<p>Gli appuntamenti online sono una di quelle cose che sembrano piuttosto semplici: ti iscrivi, compili alcune domande su di te e aspetti che arrivino le partite. Ma in realt\u00e0 c&#8217;\u00e8 molto di pi\u00f9 coinvolto di questo.<\/p>\n<p>Il modo pi\u00f9 semplice per trovare qualcuno compatibile \u00e8 semplicemente accedere a un&#8217;app o a un sito e sfogliare i profili. Se stai cercando qualcosa di serio, potrebbe volerci un po &#8216;di tempo. E anche se riesci a trovare qualcuno, non saprai comunque se vogliono uscire con te a meno che tu non invii loro un messaggio.<\/p>\n<p>Per siti come eHarmony, Match, PlentyOfFish, Zoosk, OkCupid e Tinder, puoi tecnicamente utilizzare le loro versioni gratuite per guardarti intorno e vedere cosa \u00e8 disponibile. Ma ci sono anche molte opzioni a pagamento, quelle che ti consentono di inviare messaggi a potenziali appuntamenti e vedere a chi piaci.<\/p>\n<h2>Trova swap<\/h2>\n<p>Se stai cercando un posto dove <a href=\"http:\/\/blowflyofficial.com\/it\/trova-un-collegamento-casuale-locale\/\">incontrare persone online<\/a>, allora SwapFinder.com potrebbe essere proprio quello che stavi cercando. Vedi, questo non \u00e8 esattamente un sito di incontri. Invece, \u00e8 un sito di social networking gratuito in cui persone che la pensano allo stesso modo si riuniscono per scambiare partner per una notte di divertimento. E mentre ci sono molti siti l\u00e0 fuori che si rivolgono specificamente alle coppie oscillanti, questo si trova testa e spalle sopra il resto.<\/p>\n<p>Il motivo \u00e8 perch\u00e9 SwapFinder.com \u00e8 di propriet\u00e0 della stessa azienda di Adult Friend Finder, uno dei siti di incontri per adulti pi\u00f9 popolari al mondo. Quindi, se vuoi trovare qualcuno con cui collegarti stasera, probabilmente avrai molto pi\u00f9 successo nel trovare qualcuno qui che altrove.<\/p>\n<h2>Sesso facile<\/h2>\n<p>Non so voi, ma mi piace il sesso. Beh, io amo il sesso. In effetti, penso che sia praticamente la parte pi\u00f9 divertente della vita. E mentre ci sono molti siti l\u00e0 fuori dove puoi trovare collegamenti, volevo qualcosa di diverso. Qualcosa di meglio. Cos\u00ec mi sono iscritto a EasySex.com.<\/p>\n<p>L&#8217;idea alla base di EasySex \u00e8 semplice. Ti iscrivi gratuitamente, carichi un&#8217;immagine del profilo, compili alcune domande e boom: sei pronto per iniziare a incontrare persone. Non ci sono tasse, espedienti e stronzate. Solo persone reali che cercano di avere conversazioni reali.<\/p>\n<p>Fin qui tutto bene. Ma ci\u00f2 che distingue davvero EasySex \u00e8 quanto sia facile incontrare persone. A differenza di altri siti, EasySex non richiede di pagare un extra per vedere chi altro \u00e8 online. Invece, puoi sfogliare i profili in modo completamente anonimo. Se vuoi chattare con qualcuno, devi semplicemente digitare &#8220;Ehi!&#8221; nella casella di testo accanto alla sua foto, premere Invia e voil\u00e0! Inizia la messaggistica istantanea.<\/p>\n<p>E la parte migliore \u00e8 che, una volta che decidi di andare a un appuntamento, non ci sono costi nascosti. Tutto quello che devi fare \u00e8 presentarti. La maggior parte delle persone sembra divertirsi a farlo.<\/p>\n<h1>Alternativa &#8211; Zoosk<\/h1>\n<p>Zoosk esiste dal 2004 e vanta oltre 25 milioni di membri in tutto il mondo. Recentemente ha lanciato un&#8217;app riprogettata che consente agli utenti di visualizzare potenziali corrispondenze in base a punti in comune come posizione, et\u00e0, livello di istruzione, tipo di lavoro, ecc.<\/p>\n<p>L&#8217;app richiede comunque agli utenti di compilare un questionario su se stessi prima di poter vedere le informazioni degli altri. Questo questionario include otto domande che aiutano Zoosk a determinare che tipo di persona sei. Queste domande includono &#8220;Cosa ti piace fare?&#8221; e &#8220;Preferisci uscire da solo o con gli amici?&#8221;.<\/p>\n<p>Sei in grado di saltare alcune delle domande, ma non puoi saltare la domanda sulla personalit\u00e0. Devi rispondere a ogni domanda per intero prima di poter passare al passaggio successivo.<\/p>\n","protected":false},"excerpt":{"rendered":"<p>Gli appuntamenti online sono una di quelle cose che sembrano piuttosto semplici: ti iscrivi, compili alcune domande su di te e aspetti che arrivino le partite. Ma in realt\u00e0 c&#8217;\u00e8 molto di pi\u00f9 coinvolto di questo. Il modo pi\u00f9 semplice per trovare qualcuno compatibile \u00e8 semplicemente accedere a un&#8217;app o a un sito e sfogliare &#8230; <a title=\"SwapFinder vs EasySex\" class=\"read-more\" href=\"https:\/\/blowflyofficial.com\/it\/swapfinder-vs-easysex\/\" aria-label=\"Leggi di pi\u00f9 su SwapFinder vs EasySex\">Leggi tutto<\/a><\/p>\n","protected":false},"author":1,"featured_media":0,"parent":0,"menu_order":0,"comment_status":"closed","ping_status":"closed","template":"","meta":[],"yoast_head":"<!-- This site is optimized with the Yoast SEO plugin v17.7.1 - https:\/\/yoast.com\/wordpress\/plugins\/seo\/ -->\n<title>SwapFinder vs EasySex - Classifiche di collegamento<\/title>\n<meta name=\"robots\" content=\"index, follow, max-snippet:-1, max-image-preview:large, max-video-preview:-1\" \/>\n<link rel=\"canonical\" href=\"https:\/\/blowflyofficial.com\/it\/swapfinder-vs-easysex\/\" \/>\n<meta property=\"og:locale\" content=\"it_IT\" \/>\n<meta property=\"og:type\" content=\"article\" \/>\n<meta property=\"og:title\" content=\"SwapFinder vs EasySex - Classifiche di collegamento\" \/>\n<meta property=\"og:description\" content=\"Gli appuntamenti online sono una di quelle cose che sembrano piuttosto semplici: ti iscrivi, compili alcune domande su di te e aspetti che arrivino le partite. Ma in realt\u00e0 c&#8217;\u00e8 molto di pi\u00f9 coinvolto di questo. Il modo pi\u00f9 semplice per trovare qualcuno compatibile \u00e8 semplicemente accedere a un&#8217;app o a un sito e sfogliare ... Leggi tutto\" \/>\n<meta property=\"og:url\" content=\"https:\/\/blowflyofficial.com\/it\/swapfinder-vs-easysex\/\" \/>\n<meta property=\"og:site_name\" content=\"Classifiche di collegamento\" \/>\n<meta name=\"twitter:card\" content=\"summary_large_image\" \/>\n<meta name=\"twitter:label1\" content=\"Tempo di lettura stimato\" \/>\n\t<meta name=\"twitter:data1\" content=\"3 minuti\" \/>\n<script type=\"application\/ld+json\" class=\"yoast-schema-graph\">{\"@context\":\"https:\/\/schema.org\",\"@graph\":[{\"@type\":\"WebSite\",\"@id\":\"http:\/\/blowflyofficial.com\/da\/#website\",\"url\":\"http:\/\/blowflyofficial.com\/da\/\",\"name\":\"Classifiche di collegamento\",\"description\":\"Consigli per appuntamenti casuali\",\"potentialAction\":[{\"@type\":\"SearchAction\",\"target\":{\"@type\":\"EntryPoint\",\"urlTemplate\":\"http:\/\/blowflyofficial.com\/da\/?s={search_term_string}\"},\"query-input\":\"required name=search_term_string\"}],\"inLanguage\":\"it-IT\"},{\"@type\":\"WebPage\",\"@id\":\"https:\/\/blowflyofficial.com\/it\/swapfinder-vs-easysex\/#webpage\",\"url\":\"https:\/\/blowflyofficial.com\/it\/swapfinder-vs-easysex\/\",\"name\":\"SwapFinder vs EasySex - Classifiche di collegamento\",\"isPartOf\":{\"@id\":\"http:\/\/blowflyofficial.com\/da\/#website\"},\"datePublished\":\"2022-08-30T12:54:35+00:00\",\"dateModified\":\"2022-08-30T12:54:35+00:00\",\"breadcrumb\":{\"@id\":\"https:\/\/blowflyofficial.com\/it\/swapfinder-vs-easysex\/#breadcrumb\"},\"inLanguage\":\"it-IT\",\"potentialAction\":[{\"@type\":\"ReadAction\",\"target\":[\"https:\/\/blowflyofficial.com\/it\/swapfinder-vs-easysex\/\"]}]},{\"@type\":\"BreadcrumbList\",\"@id\":\"https:\/\/blowflyofficial.com\/it\/swapfinder-vs-easysex\/#breadcrumb\",\"itemListElement\":[{\"@type\":\"ListItem\",\"position\":1,\"name\":\"Home\",\"item\":\"https:\/\/blowflyofficial.com\/it\/\"},{\"@type\":\"ListItem\",\"position\":2,\"name\":\"SwapFinder vs EasySex\"}]}]}<\/script>\n<!-- \/ Yoast SEO plugin. -->","yoast_head_json":{"title":"SwapFinder vs EasySex - Classifiche di collegamento","robots":{"index":"index","follow":"follow","max-snippet":"max-snippet:-1","max-image-preview":"max-image-preview:large","max-video-preview":"max-video-preview:-1"},"canonical":"https:\/\/blowflyofficial.com\/it\/swapfinder-vs-easysex\/","og_locale":"it_IT","og_type":"article","og_title":"SwapFinder vs EasySex - Classifiche di collegamento","og_description":"Gli appuntamenti online sono una di quelle cose che sembrano piuttosto semplici: ti iscrivi, compili alcune domande su di te e aspetti che arrivino le partite. Ma in realt\u00e0 c&#8217;\u00e8 molto di pi\u00f9 coinvolto di questo. Il modo pi\u00f9 semplice per trovare qualcuno compatibile \u00e8 semplicemente accedere a un&#8217;app o a un sito e sfogliare ... Leggi tutto","og_url":"https:\/\/blowflyofficial.com\/it\/swapfinder-vs-easysex\/","og_site_name":"Classifiche di collegamento","twitter_card":"summary_large_image","twitter_misc":{"Tempo di lettura stimato":"3 minuti"},"schema":{"@context":"https:\/\/schema.org","@graph":[{"@type":"WebSite","@id":"http:\/\/blowflyofficial.com\/da\/#website","url":"http:\/\/blowflyofficial.com\/da\/","name":"Classifiche di collegamento","description":"Consigli per appuntamenti casuali","potentialAction":[{"@type":"SearchAction","target":{"@type":"EntryPoint","urlTemplate":"http:\/\/blowflyofficial.com\/da\/?s={search_term_string}"},"query-input":"required name=search_term_string"}],"inLanguage":"it-IT"},{"@type":"WebPage","@id":"https:\/\/blowflyofficial.com\/it\/swapfinder-vs-easysex\/#webpage","url":"https:\/\/blowflyofficial.com\/it\/swapfinder-vs-easysex\/","name":"SwapFinder vs EasySex - Classifiche di collegamento","isPartOf":{"@id":"http:\/\/blowflyofficial.com\/da\/#website"},"datePublished":"2022-08-30T12:54:35+00:00","dateModified":"2022-08-30T12:54:35+00:00","breadcrumb":{"@id":"https:\/\/blowflyofficial.com\/it\/swapfinder-vs-easysex\/#breadcrumb"},"inLanguage":"it-IT","potentialAction":[{"@type":"ReadAction","target":["https:\/\/blowflyofficial.com\/it\/swapfinder-vs-easysex\/"]}]},{"@type":"BreadcrumbList","@id":"https:\/\/blowflyofficial.com\/it\/swapfinder-vs-easysex\/#breadcrumb","itemListElement":[{"@type":"ListItem","position":1,"name":"Home","item":"https:\/\/blowflyofficial.com\/it\/"},{"@type":"ListItem","position":2,"name":"SwapFinder vs EasySex"}]}]}},"_links":{"self":[{"href":"https:\/\/blowflyofficial.com\/it\/wp-json\/wp\/v2\/pages\/174"}],"collection":[{"href":"https:\/\/blowflyofficial.com\/it\/wp-json\/wp\/v2\/pages"}],"about":[{"href":"https:\/\/blowflyofficial.com\/it\/wp-json\/wp\/v2\/types\/page"}],"author":[{"embeddable":true,"href":"https:\/\/blowflyofficial.com\/it\/wp-json\/wp\/v2\/users\/1"}],"replies":[{"embeddable":true,"href":"https:\/\/blowflyofficial.com\/it\/wp-json\/wp\/v2\/comments?post=174"}],"version-history":[{"count":0,"href":"https:\/\/blowflyofficial.com\/it\/wp-json\/wp\/v2\/pages\/174\/revisions"}],"wp:attachment":[{"href":"https:\/\/blowflyofficial.com\/it\/wp-json\/wp\/v2\/media?parent=174"}],"curies":[{"name":"wp","href":"https:\/\/api.w.org\/{rel}","templated":true}]}}