{"id":139,"date":"2022-08-30T14:15:19","date_gmt":"2022-08-30T13:15:19","guid":{"rendered":"http:\/\/blowflyofficial.com\/siti-di-incontri-casual-swinger\/"},"modified":"2022-08-30T14:15:19","modified_gmt":"2022-08-30T13:15:19","slug":"siti-di-incontri-casual-swinger","status":"publish","type":"page","link":"https:\/\/blowflyofficial.com\/it\/siti-di-incontri-casual-swinger\/","title":{"rendered":"Siti di incontri casual swinger"},"content":{"rendered":"<p>Il modo migliore per incontrare persone interessate allo swing \u00e8 iscriversi a un sito di incontri scambisti. Ci sono molte opzioni l\u00e0 fuori, tra cui alcune a pagamento, ma abbiamo scoperto che la maggior parte dei migliori siti sono gratuiti. Questi siti si rivolgono specificamente a coloro che cercano coppie, trio e foursome. Tendono anche ad essere molto discreti su ci\u00f2 che fanno, consentendo ai membri di comunicare senza paura di essere scoperti.<\/p>\n<p>Abbiamo testato diversi siti in base a quanto bene <a href=\"http:\/\/blowflyofficial.com\/it\/trova-una-milf-nella-tua-zona\/\">corrispondevano ai<\/a> nostri criteri per trovare scambisti locali. Abbiamo esaminato cose come il numero di citt\u00e0 coperte, la quantit\u00e0 di informazioni disponibili e se fosse possibile ordinare i profili per posizione. Abbiamo anche preso in considerazione se il sito aveva un&#8217;app mobile, nonch\u00e9 se era facile da navigare e capire.<\/p>\n<p>Il mondo dello swing non \u00e8 facile. Ci sono regole, regolamenti e aspettative da seguire. Ma non preoccuparti: non dovrai farlo da solo. Abbiamo messo insieme un elenco dei migliori siti di scambisti in circolazione, tra cui recensioni e valutazioni. Inoltre, ti mostreremo come utilizzare il sito per trovare scambisti locali vicino a te.<\/p>\n<p>Volevamo trovare i migliori siti di incontri scambisti perch\u00e9 ci sono cos\u00ec tante opzioni l\u00e0 fuori. Il nostro obiettivo era quello di rendere pi\u00f9 facile per chiunque volesse unirsi a un sito di scambisti sceglierne uno in base ai criteri di cui sopra. Quindi siamo andati direttamente alla fonte e abbiamo chiesto a persone reali: &#8220;Quale sito scambista usi pi\u00f9 spesso? Perch\u00e9? Quale funziona meglio per te?&#8221;<\/p>\n<h2>Da dove iniziare?<\/h2>\n<p>L&#8217;indagine si \u00e8 svolta nel corso di un mese e mezzo. Abbiamo inviato e-mail a migliaia di scambisti attivi, chiedendo loro di prendere parte al nostro studio. Dopo aver ricevuto centinaia di risposte, abbiamo ristretto l&#8217;elenco ai primi 10 siti e selezionato i vincitori in base ai dati raccolti.<\/p>\n<h3>Aff<\/h3>\n<p>Adult Friend Finder \u00e8 ancora il pi\u00f9 grande sito di scambisti in circolazione. Il sito vanta oltre 10 milioni di membri registrati ed \u00e8 facile capire perch\u00e9. Con un numero cos\u00ec elevato di membri, ci sono molte opportunit\u00e0 per connettersi con altri in cerca di esperienze oscillanti.<\/p>\n<p>La parte migliore di AFFCommunity.com \u00e8 che \u00e8 molto attiva. Ci sono molti modi per interagire con gli altri membri. Puoi unirti a gruppi basati su interessi specifici come BDSM, poliamore e persino feticci. Questi gruppi ti permettono di parlare di ci\u00f2 che vuoi fare e di quanto vuoi farlo. Puoi anche utilizzare i forum per porre domande e ottenere consigli da altri membri.<\/p>\n<h3>Swap<\/h3>\n<p>Gli swap sono un&#8217;altra ottima opzione per trovare un partner. Questo sito ti consente di sfogliare i profili di persone che desiderano scambiare. Puoi filtrare le tue ricerche per et\u00e0, sesso, posizione e orientamento sessuale. Una volta trovato qualcuno con cui vorresti incontrarti, puoi inviare messaggi direttamente dal profilo. Se non ricevi risposta entro 24 ore, puoi inviare nuovamente il messaggio.<\/p>\n<h3>Kasidie \u00b7<\/h3>\n<p>Kasidie.com \u00e8 una delle opzioni pi\u00f9 popolari per coloro che vogliono esplorare lo swing. Offrono molte attivit\u00e0 diverse tra cui feste, sesso di gruppo e giochi di ruolo. Questo sito offre anche sessioni di webcam in diretta in cui \u00e8 possibile guardare le persone che eseguono atti insieme.<\/p>\n<h3>Alt<\/h3>\n<p>Se stai cercando un po &#8216;di eccitazione in pi\u00f9, dai un&#8217;occhiata Alt.com. Questo sito presenta foto sexy di modelle che sono disposte a compiere determinati atti. Le ragazze si spogliano completamente nude e mostrano i loro corpi. Alcune delle foto mostrano la masturbazione, mentre altre hanno esplicito sesso hardcore.<\/p>\n<p>Ci sono molti vantaggi nell&#8217;aderire a un sito di scambisti. In primo luogo, ti d\u00e0 accesso a un enorme pool di potenziali partner. In secondo luogo, ti d\u00e0 la possibilit\u00e0 di provare qualcosa che altrimenti non potresti mai sperimentare. In terzo luogo, fornisce un ambiente sicuro per esplorare le tue fantasie. Infine, ti aiuta a evitare di essere sorpreso a parlare sporco online.<\/p>\n","protected":false},"excerpt":{"rendered":"<p>Il modo migliore per incontrare persone interessate allo swing \u00e8 iscriversi a un sito di incontri scambisti. Ci sono molte opzioni l\u00e0 fuori, tra cui alcune a pagamento, ma abbiamo scoperto che la maggior parte dei migliori siti sono gratuiti. Questi siti si rivolgono specificamente a coloro che cercano coppie, trio e foursome. Tendono anche &#8230; <a title=\"Siti di incontri casual swinger\" class=\"read-more\" href=\"https:\/\/blowflyofficial.com\/it\/siti-di-incontri-casual-swinger\/\" aria-label=\"Leggi di pi\u00f9 su Siti di incontri casual swinger\">Leggi tutto<\/a><\/p>\n","protected":false},"author":1,"featured_media":0,"parent":0,"menu_order":0,"comment_status":"closed","ping_status":"closed","template":"","meta":[],"yoast_head":"<!-- This site is optimized with the Yoast SEO plugin v17.7.1 - https:\/\/yoast.com\/wordpress\/plugins\/seo\/ -->\n<title>Siti di incontri casual swinger - Classifiche di collegamento<\/title>\n<meta name=\"robots\" content=\"index, follow, max-snippet:-1, max-image-preview:large, max-video-preview:-1\" \/>\n<link rel=\"canonical\" href=\"https:\/\/blowflyofficial.com\/it\/siti-di-incontri-casual-swinger\/\" \/>\n<meta property=\"og:locale\" content=\"it_IT\" \/>\n<meta property=\"og:type\" content=\"article\" \/>\n<meta property=\"og:title\" content=\"Siti di incontri casual swinger - Classifiche di collegamento\" \/>\n<meta property=\"og:description\" content=\"Il modo migliore per incontrare persone interessate allo swing \u00e8 iscriversi a un sito di incontri scambisti. Ci sono molte opzioni l\u00e0 fuori, tra cui alcune a pagamento, ma abbiamo scoperto che la maggior parte dei migliori siti sono gratuiti. Questi siti si rivolgono specificamente a coloro che cercano coppie, trio e foursome. Tendono anche ... Leggi tutto\" \/>\n<meta property=\"og:url\" content=\"https:\/\/blowflyofficial.com\/it\/siti-di-incontri-casual-swinger\/\" \/>\n<meta property=\"og:site_name\" content=\"Classifiche di collegamento\" \/>\n<meta name=\"twitter:card\" content=\"summary_large_image\" \/>\n<meta name=\"twitter:label1\" content=\"Tempo di lettura stimato\" \/>\n\t<meta name=\"twitter:data1\" content=\"3 minuti\" \/>\n<script type=\"application\/ld+json\" class=\"yoast-schema-graph\">{\"@context\":\"https:\/\/schema.org\",\"@graph\":[{\"@type\":\"WebSite\",\"@id\":\"http:\/\/blowflyofficial.com\/da\/#website\",\"url\":\"http:\/\/blowflyofficial.com\/da\/\",\"name\":\"Classifiche di collegamento\",\"description\":\"Consigli per appuntamenti casuali\",\"potentialAction\":[{\"@type\":\"SearchAction\",\"target\":{\"@type\":\"EntryPoint\",\"urlTemplate\":\"http:\/\/blowflyofficial.com\/da\/?s={search_term_string}\"},\"query-input\":\"required name=search_term_string\"}],\"inLanguage\":\"it-IT\"},{\"@type\":\"WebPage\",\"@id\":\"https:\/\/blowflyofficial.com\/it\/siti-di-incontri-casual-swinger\/#webpage\",\"url\":\"https:\/\/blowflyofficial.com\/it\/siti-di-incontri-casual-swinger\/\",\"name\":\"Siti di incontri casual swinger - Classifiche di collegamento\",\"isPartOf\":{\"@id\":\"http:\/\/blowflyofficial.com\/da\/#website\"},\"datePublished\":\"2022-08-30T13:15:19+00:00\",\"dateModified\":\"2022-08-30T13:15:19+00:00\",\"breadcrumb\":{\"@id\":\"https:\/\/blowflyofficial.com\/it\/siti-di-incontri-casual-swinger\/#breadcrumb\"},\"inLanguage\":\"it-IT\",\"potentialAction\":[{\"@type\":\"ReadAction\",\"target\":[\"https:\/\/blowflyofficial.com\/it\/siti-di-incontri-casual-swinger\/\"]}]},{\"@type\":\"BreadcrumbList\",\"@id\":\"https:\/\/blowflyofficial.com\/it\/siti-di-incontri-casual-swinger\/#breadcrumb\",\"itemListElement\":[{\"@type\":\"ListItem\",\"position\":1,\"name\":\"Home\",\"item\":\"https:\/\/blowflyofficial.com\/it\/\"},{\"@type\":\"ListItem\",\"position\":2,\"name\":\"Siti di incontri casual swinger\"}]}]}<\/script>\n<!-- \/ Yoast SEO plugin. -->","yoast_head_json":{"title":"Siti di incontri casual swinger - Classifiche di collegamento","robots":{"index":"index","follow":"follow","max-snippet":"max-snippet:-1","max-image-preview":"max-image-preview:large","max-video-preview":"max-video-preview:-1"},"canonical":"https:\/\/blowflyofficial.com\/it\/siti-di-incontri-casual-swinger\/","og_locale":"it_IT","og_type":"article","og_title":"Siti di incontri casual swinger - Classifiche di collegamento","og_description":"Il modo migliore per incontrare persone interessate allo swing \u00e8 iscriversi a un sito di incontri scambisti. Ci sono molte opzioni l\u00e0 fuori, tra cui alcune a pagamento, ma abbiamo scoperto che la maggior parte dei migliori siti sono gratuiti. Questi siti si rivolgono specificamente a coloro che cercano coppie, trio e foursome. Tendono anche ... Leggi tutto","og_url":"https:\/\/blowflyofficial.com\/it\/siti-di-incontri-casual-swinger\/","og_site_name":"Classifiche di collegamento","twitter_card":"summary_large_image","twitter_misc":{"Tempo di lettura stimato":"3 minuti"},"schema":{"@context":"https:\/\/schema.org","@graph":[{"@type":"WebSite","@id":"http:\/\/blowflyofficial.com\/da\/#website","url":"http:\/\/blowflyofficial.com\/da\/","name":"Classifiche di collegamento","description":"Consigli per appuntamenti casuali","potentialAction":[{"@type":"SearchAction","target":{"@type":"EntryPoint","urlTemplate":"http:\/\/blowflyofficial.com\/da\/?s={search_term_string}"},"query-input":"required name=search_term_string"}],"inLanguage":"it-IT"},{"@type":"WebPage","@id":"https:\/\/blowflyofficial.com\/it\/siti-di-incontri-casual-swinger\/#webpage","url":"https:\/\/blowflyofficial.com\/it\/siti-di-incontri-casual-swinger\/","name":"Siti di incontri casual swinger - Classifiche di collegamento","isPartOf":{"@id":"http:\/\/blowflyofficial.com\/da\/#website"},"datePublished":"2022-08-30T13:15:19+00:00","dateModified":"2022-08-30T13:15:19+00:00","breadcrumb":{"@id":"https:\/\/blowflyofficial.com\/it\/siti-di-incontri-casual-swinger\/#breadcrumb"},"inLanguage":"it-IT","potentialAction":[{"@type":"ReadAction","target":["https:\/\/blowflyofficial.com\/it\/siti-di-incontri-casual-swinger\/"]}]},{"@type":"BreadcrumbList","@id":"https:\/\/blowflyofficial.com\/it\/siti-di-incontri-casual-swinger\/#breadcrumb","itemListElement":[{"@type":"ListItem","position":1,"name":"Home","item":"https:\/\/blowflyofficial.com\/it\/"},{"@type":"ListItem","position":2,"name":"Siti di incontri casual swinger"}]}]}},"_links":{"self":[{"href":"https:\/\/blowflyofficial.com\/it\/wp-json\/wp\/v2\/pages\/139"}],"collection":[{"href":"https:\/\/blowflyofficial.com\/it\/wp-json\/wp\/v2\/pages"}],"about":[{"href":"https:\/\/blowflyofficial.com\/it\/wp-json\/wp\/v2\/types\/page"}],"author":[{"embeddable":true,"href":"https:\/\/blowflyofficial.com\/it\/wp-json\/wp\/v2\/users\/1"}],"replies":[{"embeddable":true,"href":"https:\/\/blowflyofficial.com\/it\/wp-json\/wp\/v2\/comments?post=139"}],"version-history":[{"count":0,"href":"https:\/\/blowflyofficial.com\/it\/wp-json\/wp\/v2\/pages\/139\/revisions"}],"wp:attachment":[{"href":"https:\/\/blowflyofficial.com\/it\/wp-json\/wp\/v2\/media?parent=139"}],"curies":[{"name":"wp","href":"https:\/\/api.w.org\/{rel}","templated":true}]}}