{"id":122,"date":"2022-08-30T14:17:26","date_gmt":"2022-08-30T13:17:26","guid":{"rendered":"http:\/\/blowflyofficial.com\/one-night-stand-finder\/"},"modified":"2022-08-30T14:17:26","modified_gmt":"2022-08-30T13:17:26","slug":"one-night-stand-finder","status":"publish","type":"page","link":"https:\/\/blowflyofficial.com\/it\/one-night-stand-finder\/","title":{"rendered":"One Night Stand Finder"},"content":{"rendered":"<p>Se vuoi fare una notte con le donne, ci vuole un po &#8216;di preparazione e strategia. Non ti avvicini a una donna e le chiedi cosa vuole. Se lo fai, probabilmente finirai per essere rifiutato. Ci sono alcune cose che devi sapere sulle donne prima di avvicinarti a loro. Ecco i passi che devi fare per tirare una notte con le donne.<\/p>\n<h2>I nostri consigli per trovare qualcosa di casual<\/h2>\n<p>Molte persone pensano che il sesso occasionale consista solo nel farsi sdraiare senza preoccuparsi di nient&#8217;altro. Ma ci sono molte cose da considerare al di l\u00e0 dell&#8217;atto fisico stesso. Ci sono rischi che potrebbero interessare entrambe le parti. E anche se nessuna delle due persone si sente come se fosse costretta a fare qualcosa che non vuole, ci sono ancora modi per assicurarsi che tutti siano a proprio agio.<\/p>\n<h3>Conosci prima te stesso<\/h3>\n<p>La cosa pi\u00f9 importante che devi fare prima di tirare un incontro di una notte con una donna \u00e8 capire te stesso. Cosa ti fa spuntare? Perch\u00e9 reagisci nel modo in cui reagisci? Come funziona il tuo cervello? Queste domande ti aiutano a capire perch\u00e9 agisci nel modo in cui agisci. Una volta che hai risposto a queste domande, sei pronto per andare avanti.<\/p>\n<h3>Sii onesto sulle tue intenzioni<\/h3>\n<p>Successivamente, devi assicurarti di dire la verit\u00e0 sulle tue intenzioni. Non mentire a te stesso o agli altri. D\u00ec la verit\u00e0 su come ti senti e cosa vuoi. Se dici qualcosa come &#8220;Sto cercando qualcuno di speciale&#8221;, potresti ritrovarti da solo la mattina successiva. Se sei onesto, non dovrai preoccuparti di essere rifiutato.<\/p>\n<h3>Fai domande<\/h3>\n<p>Quando incontri persone, di solito parli con loro. Quando incontri donne, di solito inizi a parlare con loro. Ma non c&#8217;\u00e8 motivo di entrare direttamente nella conversazione. Invece, usa le chiacchiere per conoscere la persona. Poni domande a risposta aperta. Ad esempio, &#8220;Cosa fai?&#8221; &#8220;Dove sei cresciuto?&#8221; &#8220;Vivi qui intorno?&#8221;<\/p>\n<h3>Conosci il tuo gioco<\/h3>\n<p>Il primo passo per prendere una ragazza \u00e8 conoscere te stesso. Devi capire cosa ti rende attraente per le donne. Ti piace parlare con le persone? Sei estroverso? Sei divertente? Queste cose contano. Se sei timido, non preoccuparti; troverai qualcun altro. Ma se sei solo imbarazzante, potresti avere difficolt\u00e0 a sdraiarti.<\/p>\n<p>Non sottovalutare l&#8217;umorismo. Le donne amano i ragazzi che fanno battute. Pensano che mostri fiducia. E mentre non dovresti prendere in giro le persone, devi lasciarti andare di tanto in tanto. Quando lo fai, aiuta a scioglierla.<\/p>\n<h2>Il futuro del collegamento?<\/h2>\n<p>Tinder \u00e8 spesso criticato per essere un&#8217;app glorificata per il sesso, ma in realt\u00e0 sta facendo qualcosa di molto diverso. In effetti, sta aiutando le persone a navigare nel mondo degli appuntamenti in un modo completamente nuovo.<\/p>\n<p>Ai vecchi tempi, incontrare qualcuno significava doversi sedere davanti a un drink e a cena, ascoltare storie noiose su di te e sperare di farcela. Poi sono arrivati gli appuntamenti online, dove potevamo saltare tutto questo e incontrare potenziali partner in chat room virtuali. Ma cosa succede quando vuoi incontrarti senza passare ore a parlare al computer? Bene, vai in un bar o in un club e speri di imbatterti in qualcuno di cool. Oppure chiami un amico e le chiedi di prepararti. Entrambe le opzioni richiedono un certo sforzo, tuttavia, e possono richiedere settimane per accadere.<\/p>\n","protected":false},"excerpt":{"rendered":"<p>Se vuoi fare una notte con le donne, ci vuole un po &#8216;di preparazione e strategia. Non ti avvicini a una donna e le chiedi cosa vuole. Se lo fai, probabilmente finirai per essere rifiutato. Ci sono alcune cose che devi sapere sulle donne prima di avvicinarti a loro. Ecco i passi che devi fare &#8230; <a title=\"One Night Stand Finder\" class=\"read-more\" href=\"https:\/\/blowflyofficial.com\/it\/one-night-stand-finder\/\" aria-label=\"Leggi di pi\u00f9 su One Night Stand Finder\">Leggi tutto<\/a><\/p>\n","protected":false},"author":1,"featured_media":0,"parent":0,"menu_order":0,"comment_status":"closed","ping_status":"closed","template":"","meta":[],"yoast_head":"<!-- This site is optimized with the Yoast SEO plugin v17.7.1 - https:\/\/yoast.com\/wordpress\/plugins\/seo\/ -->\n<title>One Night Stand Finder - Classifiche di collegamento<\/title>\n<meta name=\"robots\" content=\"index, follow, max-snippet:-1, max-image-preview:large, max-video-preview:-1\" \/>\n<link rel=\"canonical\" href=\"https:\/\/blowflyofficial.com\/it\/one-night-stand-finder\/\" \/>\n<meta property=\"og:locale\" content=\"it_IT\" \/>\n<meta property=\"og:type\" content=\"article\" \/>\n<meta property=\"og:title\" content=\"One Night Stand Finder - Classifiche di collegamento\" \/>\n<meta property=\"og:description\" content=\"Se vuoi fare una notte con le donne, ci vuole un po &#8216;di preparazione e strategia. Non ti avvicini a una donna e le chiedi cosa vuole. Se lo fai, probabilmente finirai per essere rifiutato. Ci sono alcune cose che devi sapere sulle donne prima di avvicinarti a loro. Ecco i passi che devi fare ... Leggi tutto\" \/>\n<meta property=\"og:url\" content=\"https:\/\/blowflyofficial.com\/it\/one-night-stand-finder\/\" \/>\n<meta property=\"og:site_name\" content=\"Classifiche di collegamento\" \/>\n<meta name=\"twitter:card\" content=\"summary_large_image\" \/>\n<meta name=\"twitter:label1\" content=\"Tempo di lettura stimato\" \/>\n\t<meta name=\"twitter:data1\" content=\"3 minuti\" \/>\n<script type=\"application\/ld+json\" class=\"yoast-schema-graph\">{\"@context\":\"https:\/\/schema.org\",\"@graph\":[{\"@type\":\"WebSite\",\"@id\":\"http:\/\/blowflyofficial.com\/da\/#website\",\"url\":\"http:\/\/blowflyofficial.com\/da\/\",\"name\":\"Classifiche di collegamento\",\"description\":\"Consigli per appuntamenti casuali\",\"potentialAction\":[{\"@type\":\"SearchAction\",\"target\":{\"@type\":\"EntryPoint\",\"urlTemplate\":\"http:\/\/blowflyofficial.com\/da\/?s={search_term_string}\"},\"query-input\":\"required name=search_term_string\"}],\"inLanguage\":\"it-IT\"},{\"@type\":\"WebPage\",\"@id\":\"https:\/\/blowflyofficial.com\/it\/one-night-stand-finder\/#webpage\",\"url\":\"https:\/\/blowflyofficial.com\/it\/one-night-stand-finder\/\",\"name\":\"One Night Stand Finder - Classifiche di collegamento\",\"isPartOf\":{\"@id\":\"http:\/\/blowflyofficial.com\/da\/#website\"},\"datePublished\":\"2022-08-30T13:17:26+00:00\",\"dateModified\":\"2022-08-30T13:17:26+00:00\",\"breadcrumb\":{\"@id\":\"https:\/\/blowflyofficial.com\/it\/one-night-stand-finder\/#breadcrumb\"},\"inLanguage\":\"it-IT\",\"potentialAction\":[{\"@type\":\"ReadAction\",\"target\":[\"https:\/\/blowflyofficial.com\/it\/one-night-stand-finder\/\"]}]},{\"@type\":\"BreadcrumbList\",\"@id\":\"https:\/\/blowflyofficial.com\/it\/one-night-stand-finder\/#breadcrumb\",\"itemListElement\":[{\"@type\":\"ListItem\",\"position\":1,\"name\":\"Home\",\"item\":\"https:\/\/blowflyofficial.com\/it\/\"},{\"@type\":\"ListItem\",\"position\":2,\"name\":\"One Night Stand Finder\"}]}]}<\/script>\n<!-- \/ Yoast SEO plugin. -->","yoast_head_json":{"title":"One Night Stand Finder - Classifiche di collegamento","robots":{"index":"index","follow":"follow","max-snippet":"max-snippet:-1","max-image-preview":"max-image-preview:large","max-video-preview":"max-video-preview:-1"},"canonical":"https:\/\/blowflyofficial.com\/it\/one-night-stand-finder\/","og_locale":"it_IT","og_type":"article","og_title":"One Night Stand Finder - Classifiche di collegamento","og_description":"Se vuoi fare una notte con le donne, ci vuole un po &#8216;di preparazione e strategia. Non ti avvicini a una donna e le chiedi cosa vuole. Se lo fai, probabilmente finirai per essere rifiutato. Ci sono alcune cose che devi sapere sulle donne prima di avvicinarti a loro. Ecco i passi che devi fare ... Leggi tutto","og_url":"https:\/\/blowflyofficial.com\/it\/one-night-stand-finder\/","og_site_name":"Classifiche di collegamento","twitter_card":"summary_large_image","twitter_misc":{"Tempo di lettura stimato":"3 minuti"},"schema":{"@context":"https:\/\/schema.org","@graph":[{"@type":"WebSite","@id":"http:\/\/blowflyofficial.com\/da\/#website","url":"http:\/\/blowflyofficial.com\/da\/","name":"Classifiche di collegamento","description":"Consigli per appuntamenti casuali","potentialAction":[{"@type":"SearchAction","target":{"@type":"EntryPoint","urlTemplate":"http:\/\/blowflyofficial.com\/da\/?s={search_term_string}"},"query-input":"required name=search_term_string"}],"inLanguage":"it-IT"},{"@type":"WebPage","@id":"https:\/\/blowflyofficial.com\/it\/one-night-stand-finder\/#webpage","url":"https:\/\/blowflyofficial.com\/it\/one-night-stand-finder\/","name":"One Night Stand Finder - Classifiche di collegamento","isPartOf":{"@id":"http:\/\/blowflyofficial.com\/da\/#website"},"datePublished":"2022-08-30T13:17:26+00:00","dateModified":"2022-08-30T13:17:26+00:00","breadcrumb":{"@id":"https:\/\/blowflyofficial.com\/it\/one-night-stand-finder\/#breadcrumb"},"inLanguage":"it-IT","potentialAction":[{"@type":"ReadAction","target":["https:\/\/blowflyofficial.com\/it\/one-night-stand-finder\/"]}]},{"@type":"BreadcrumbList","@id":"https:\/\/blowflyofficial.com\/it\/one-night-stand-finder\/#breadcrumb","itemListElement":[{"@type":"ListItem","position":1,"name":"Home","item":"https:\/\/blowflyofficial.com\/it\/"},{"@type":"ListItem","position":2,"name":"One Night Stand Finder"}]}]}},"_links":{"self":[{"href":"https:\/\/blowflyofficial.com\/it\/wp-json\/wp\/v2\/pages\/122"}],"collection":[{"href":"https:\/\/blowflyofficial.com\/it\/wp-json\/wp\/v2\/pages"}],"about":[{"href":"https:\/\/blowflyofficial.com\/it\/wp-json\/wp\/v2\/types\/page"}],"author":[{"embeddable":true,"href":"https:\/\/blowflyofficial.com\/it\/wp-json\/wp\/v2\/users\/1"}],"replies":[{"embeddable":true,"href":"https:\/\/blowflyofficial.com\/it\/wp-json\/wp\/v2\/comments?post=122"}],"version-history":[{"count":0,"href":"https:\/\/blowflyofficial.com\/it\/wp-json\/wp\/v2\/pages\/122\/revisions"}],"wp:attachment":[{"href":"https:\/\/blowflyofficial.com\/it\/wp-json\/wp\/v2\/media?parent=122"}],"curies":[{"name":"wp","href":"https:\/\/api.w.org\/{rel}","templated":true}]}}