{"id":108,"date":"2022-08-30T14:12:58","date_gmt":"2022-08-30T13:12:58","guid":{"rendered":"http:\/\/blowflyofficial.com\/trova-una-milf-nella-tua-zona\/"},"modified":"2022-08-30T14:12:58","modified_gmt":"2022-08-30T13:12:58","slug":"trova-una-milf-nella-tua-zona","status":"publish","type":"page","link":"https:\/\/blowflyofficial.com\/it\/trova-una-milf-nella-tua-zona\/","title":{"rendered":"Trova una MILF nella tua zona"},"content":{"rendered":"<p>Le MILF sono calde. Sono arrapati, esperti e sanno cosa vogliono. Non devi preoccuparti di farti male perch\u00e9 sarai in grado di soddisfare i suoi bisogni. Se vuoi collegarti con una milf, ci sono molti siti in cui puoi trovarne uno nelle vicinanze. Questo sito rende facile incontrare milf locali e godersi un po &#8216;di divertimento sessuale. Sia che tu stia cercando un incontro casuale o qualcosa di pi\u00f9 serio, avrai accesso a migliaia di persone reali che sono proprio come te.<\/p>\n<h2>Elenco delle MILF locali online<\/h2>\n<p>Sai come va&#8230; vedi una ragazza sexy online, pensi a mandarle messaggi e poi finisci per passare ore a sfogliare i profili alla ricerca di qualcuno proprio come lei. Poi finalmente decidi di provarlo e mandarle un messaggio, sperando che forse ci sia qualcosa di speciale nel suo profilo che la faccia risaltare da tutto il resto. Ma la verit\u00e0 \u00e8 che, il pi\u00f9 delle volte, non sai nemmeno perch\u00e9 continui a essere rifiutato pi\u00f9 e pi\u00f9 volte. E mentre non sto dicendo che ogni singola persona sul nostro sito sar\u00e0 perfetta per te, sto dicendo che faremo in modo che tu trovi esattamente il tipo di milf che stai cercando. Ti aiuteremo a trovare una donna anziana che capisca cosa vuoi e di cui hai bisogno e sappia cosa fare per soddisfarti. Quindi smetti di cercare quelle ragazze sexy e inizia a trovare il vero affare oggi!<\/p>\n<h2>Come trovare sesso con mamme arrapate vicino a te<\/h2>\n<p>Le MILF sono alcune delle donne pi\u00f9 calde in circolazione. Sanno come trattare un uomo e amano il sesso. Non c&#8217;\u00e8 dubbio, sono uno dei migliori tipi di appuntamenti l\u00e0 fuori. Ma la maggior parte dei ragazzi non sa da dove iniziare quando cerca di uscire con una MILF. Quindi abbiamo messo insieme alcuni suggerimenti per aiutarti a trovare il successo con gli appuntamenti milf. Internet \u00e8 pieno di siti di collegamenti MILF in cui le donne anziane si incontrano con uomini pi\u00f9 giovani. Questi siti offrono l&#8217;iscrizione gratuita a chiunque sia disposto a pagare un po &#8216;di soldi. Devi solo registrarti e iniziare a sfogliare i profili. Ci sono migliaia di membri in attesa di trovare qualcuno come te. Non \u00e8 nemmeno necessario inviarsi messaggi l&#8217;un l&#8217;altro. Basta sfogliare i profili e sceglierne uno che sembra interessante. Successivamente, \u00e8 facile scambiare informazioni di contatto. Una volta trovato qualcuno con cui vuoi parlare, puoi chiedergli di uscire per un caff\u00e8 o una cena. Se lui \/ lei accetta, saprai cosa fare dopo.<\/p>\n<h3>Zoosk \u00b7<\/h3>\n<p>Zoosk \u00e8 un ottimo posto per incontrare milfs in cerca di divertimento. Questo sito ti consente di caricare foto e video di te stesso e puoi persino utilizzare l&#8217;app per chattare con potenziali corrispondenze. Puoi sfogliare i profili in base a posizione, fascia d&#8217;et\u00e0, sesso, interessi e altro ancora. Una volta trovato qualcuno che ti piace, puoi inviare messaggi, porre domande e organizzare le date.<\/p>\n<h3>AdultFriendFinder<\/h3>\n<p>Adult Friend Finder \u00e8 uno dei pi\u00f9 antichi e grandi siti di incontri per adulti online. Con oltre 20 milioni di membri, AF trova persone interessate a tutto, dai feticci stravaganti alle coppie swinging. Offre un social network molto attivo in cui i membri possono connettersi tra loro. Puoi visualizzare le immagini dei membri, la chat, l&#8217;e-mail e molto altro.<\/p>\n<h3>MommyFinders<\/h3>\n<p>Mommyfinders \u00e8 un&#8217;altra buona scelta per le milfs in cerca di divertimento online. Questo sito funziona proprio come Tinder, tranne per il fatto che non scorri verso sinistra o destra. Invece, abbini le persone in base alle tue preferenze. Ad esempio, puoi filtrare i membri per etnia, et\u00e0, tipo di corporatura, stile di vita e altro ancora. Dopo aver abbinato alcune persone, puoi iniziare a chattare con loro tramite SMS o videochiamata.<\/p>\n","protected":false},"excerpt":{"rendered":"<p>Le MILF sono calde. Sono arrapati, esperti e sanno cosa vogliono. Non devi preoccuparti di farti male perch\u00e9 sarai in grado di soddisfare i suoi bisogni. Se vuoi collegarti con una milf, ci sono molti siti in cui puoi trovarne uno nelle vicinanze. Questo sito rende facile incontrare milf locali e godersi un po &#8216;di &#8230; <a title=\"Trova una MILF nella tua zona\" class=\"read-more\" href=\"https:\/\/blowflyofficial.com\/it\/trova-una-milf-nella-tua-zona\/\" aria-label=\"Leggi di pi\u00f9 su Trova una MILF nella tua zona\">Leggi tutto<\/a><\/p>\n","protected":false},"author":1,"featured_media":0,"parent":0,"menu_order":0,"comment_status":"closed","ping_status":"closed","template":"","meta":[],"yoast_head":"<!-- This site is optimized with the Yoast SEO plugin v17.7.1 - https:\/\/yoast.com\/wordpress\/plugins\/seo\/ -->\n<title>Trova una MILF nella tua zona - Classifiche di collegamento<\/title>\n<meta name=\"robots\" content=\"index, follow, max-snippet:-1, max-image-preview:large, max-video-preview:-1\" \/>\n<link rel=\"canonical\" href=\"https:\/\/blowflyofficial.com\/it\/trova-una-milf-nella-tua-zona\/\" \/>\n<meta property=\"og:locale\" content=\"it_IT\" \/>\n<meta property=\"og:type\" content=\"article\" \/>\n<meta property=\"og:title\" content=\"Trova una MILF nella tua zona - Classifiche di collegamento\" \/>\n<meta property=\"og:description\" content=\"Le MILF sono calde. Sono arrapati, esperti e sanno cosa vogliono. Non devi preoccuparti di farti male perch\u00e9 sarai in grado di soddisfare i suoi bisogni. Se vuoi collegarti con una milf, ci sono molti siti in cui puoi trovarne uno nelle vicinanze. Questo sito rende facile incontrare milf locali e godersi un po &#8216;di ... Leggi tutto\" \/>\n<meta property=\"og:url\" content=\"https:\/\/blowflyofficial.com\/it\/trova-una-milf-nella-tua-zona\/\" \/>\n<meta property=\"og:site_name\" content=\"Classifiche di collegamento\" \/>\n<meta name=\"twitter:card\" content=\"summary_large_image\" \/>\n<meta name=\"twitter:label1\" content=\"Tempo di lettura stimato\" \/>\n\t<meta name=\"twitter:data1\" content=\"3 minuti\" \/>\n<script type=\"application\/ld+json\" class=\"yoast-schema-graph\">{\"@context\":\"https:\/\/schema.org\",\"@graph\":[{\"@type\":\"WebSite\",\"@id\":\"http:\/\/blowflyofficial.com\/da\/#website\",\"url\":\"http:\/\/blowflyofficial.com\/da\/\",\"name\":\"Classifiche di collegamento\",\"description\":\"Consigli per appuntamenti casuali\",\"potentialAction\":[{\"@type\":\"SearchAction\",\"target\":{\"@type\":\"EntryPoint\",\"urlTemplate\":\"http:\/\/blowflyofficial.com\/da\/?s={search_term_string}\"},\"query-input\":\"required name=search_term_string\"}],\"inLanguage\":\"it-IT\"},{\"@type\":\"WebPage\",\"@id\":\"https:\/\/blowflyofficial.com\/it\/trova-una-milf-nella-tua-zona\/#webpage\",\"url\":\"https:\/\/blowflyofficial.com\/it\/trova-una-milf-nella-tua-zona\/\",\"name\":\"Trova una MILF nella tua zona - Classifiche di collegamento\",\"isPartOf\":{\"@id\":\"http:\/\/blowflyofficial.com\/da\/#website\"},\"datePublished\":\"2022-08-30T13:12:58+00:00\",\"dateModified\":\"2022-08-30T13:12:58+00:00\",\"breadcrumb\":{\"@id\":\"https:\/\/blowflyofficial.com\/it\/trova-una-milf-nella-tua-zona\/#breadcrumb\"},\"inLanguage\":\"it-IT\",\"potentialAction\":[{\"@type\":\"ReadAction\",\"target\":[\"https:\/\/blowflyofficial.com\/it\/trova-una-milf-nella-tua-zona\/\"]}]},{\"@type\":\"BreadcrumbList\",\"@id\":\"https:\/\/blowflyofficial.com\/it\/trova-una-milf-nella-tua-zona\/#breadcrumb\",\"itemListElement\":[{\"@type\":\"ListItem\",\"position\":1,\"name\":\"Home\",\"item\":\"https:\/\/blowflyofficial.com\/it\/\"},{\"@type\":\"ListItem\",\"position\":2,\"name\":\"Trova una MILF nella tua zona\"}]}]}<\/script>\n<!-- \/ Yoast SEO plugin. -->","yoast_head_json":{"title":"Trova una MILF nella tua zona - Classifiche di collegamento","robots":{"index":"index","follow":"follow","max-snippet":"max-snippet:-1","max-image-preview":"max-image-preview:large","max-video-preview":"max-video-preview:-1"},"canonical":"https:\/\/blowflyofficial.com\/it\/trova-una-milf-nella-tua-zona\/","og_locale":"it_IT","og_type":"article","og_title":"Trova una MILF nella tua zona - Classifiche di collegamento","og_description":"Le MILF sono calde. Sono arrapati, esperti e sanno cosa vogliono. Non devi preoccuparti di farti male perch\u00e9 sarai in grado di soddisfare i suoi bisogni. Se vuoi collegarti con una milf, ci sono molti siti in cui puoi trovarne uno nelle vicinanze. Questo sito rende facile incontrare milf locali e godersi un po &#8216;di ... Leggi tutto","og_url":"https:\/\/blowflyofficial.com\/it\/trova-una-milf-nella-tua-zona\/","og_site_name":"Classifiche di collegamento","twitter_card":"summary_large_image","twitter_misc":{"Tempo di lettura stimato":"3 minuti"},"schema":{"@context":"https:\/\/schema.org","@graph":[{"@type":"WebSite","@id":"http:\/\/blowflyofficial.com\/da\/#website","url":"http:\/\/blowflyofficial.com\/da\/","name":"Classifiche di collegamento","description":"Consigli per appuntamenti casuali","potentialAction":[{"@type":"SearchAction","target":{"@type":"EntryPoint","urlTemplate":"http:\/\/blowflyofficial.com\/da\/?s={search_term_string}"},"query-input":"required name=search_term_string"}],"inLanguage":"it-IT"},{"@type":"WebPage","@id":"https:\/\/blowflyofficial.com\/it\/trova-una-milf-nella-tua-zona\/#webpage","url":"https:\/\/blowflyofficial.com\/it\/trova-una-milf-nella-tua-zona\/","name":"Trova una MILF nella tua zona - Classifiche di collegamento","isPartOf":{"@id":"http:\/\/blowflyofficial.com\/da\/#website"},"datePublished":"2022-08-30T13:12:58+00:00","dateModified":"2022-08-30T13:12:58+00:00","breadcrumb":{"@id":"https:\/\/blowflyofficial.com\/it\/trova-una-milf-nella-tua-zona\/#breadcrumb"},"inLanguage":"it-IT","potentialAction":[{"@type":"ReadAction","target":["https:\/\/blowflyofficial.com\/it\/trova-una-milf-nella-tua-zona\/"]}]},{"@type":"BreadcrumbList","@id":"https:\/\/blowflyofficial.com\/it\/trova-una-milf-nella-tua-zona\/#breadcrumb","itemListElement":[{"@type":"ListItem","position":1,"name":"Home","item":"https:\/\/blowflyofficial.com\/it\/"},{"@type":"ListItem","position":2,"name":"Trova una MILF nella tua zona"}]}]}},"_links":{"self":[{"href":"https:\/\/blowflyofficial.com\/it\/wp-json\/wp\/v2\/pages\/108"}],"collection":[{"href":"https:\/\/blowflyofficial.com\/it\/wp-json\/wp\/v2\/pages"}],"about":[{"href":"https:\/\/blowflyofficial.com\/it\/wp-json\/wp\/v2\/types\/page"}],"author":[{"embeddable":true,"href":"https:\/\/blowflyofficial.com\/it\/wp-json\/wp\/v2\/users\/1"}],"replies":[{"embeddable":true,"href":"https:\/\/blowflyofficial.com\/it\/wp-json\/wp\/v2\/comments?post=108"}],"version-history":[{"count":0,"href":"https:\/\/blowflyofficial.com\/it\/wp-json\/wp\/v2\/pages\/108\/revisions"}],"wp:attachment":[{"href":"https:\/\/blowflyofficial.com\/it\/wp-json\/wp\/v2\/media?parent=108"}],"curies":[{"name":"wp","href":"https:\/\/api.w.org\/{rel}","templated":true}]}}