{"id":213,"date":"2022-08-30T13:50:50","date_gmt":"2022-08-30T12:50:50","guid":{"rendered":"http:\/\/blowflyofficial.com\/u-potrazi-za-seksom\/"},"modified":"2022-08-30T13:50:50","modified_gmt":"2022-08-30T12:50:50","slug":"u-potrazi-za-seksom","status":"publish","type":"page","link":"https:\/\/blowflyofficial.com\/hr\/u-potrazi-za-seksom\/","title":{"rendered":"U potrazi za seksom"},"content":{"rendered":"<p>Tra\u017eite malo zabave ve\u010deras? Onda ste do\u0161li na pravo mjesto. Ovdje smo da vam pomognemo prona\u0107i svoj savr\u0161eni le\u017eerni spoj za brze i het-up zabavu. Bilo da se radi samo o ve\u010deri i pi\u0107u, ili ne\u010dem ozbiljnijem, sigurno \u0107emo vam odgovarati. Na\u0161a web stranica je potpuno besplatna za kori\u0161tenje, a na\u0161i \u010dlanovi uvijek tra\u017ee dobar provod. Da biste sada po\u010deli pronalaziti nekoga posebnog, jednostavno pregledajte na\u0161e profile i prijavite se danas.<\/p>\n<p>Po na\u0161em mi\u0161ljenju, nema razloga za\u0161to ne biste poku\u0161ali prona\u0107i partnera lokalno. Uostalom, <a href=\"http:\/\/blowflyofficial.com\/hr\/najbolje-aplikacije-za-upoznavanje-za-pronalazenje-neceg-ozbiljnog\/\">\u017eivite u blizini<\/a>, dobro se poznajete i vjerojatno se ve\u0107 vi\u0111ate svaki dan. Mo\u017eda se i na\u0111emo na kavi tu i tamo. Za\u0161to ne probati?<\/p>\n<h2>Kako koristiti aplikacije za upoznavanje samo za seks<\/h2>\n<p>Najva\u017enija stvar koju treba znati o aplikacijama za upoznavanje je da na svijetu postoje razli\u010dite vrste ljudi. Mo\u017eda mislite da tra\u017eite nekoga poput sebe, ali ispada da zapravo tra\u017eite nekoga potpuno druga\u010dijeg. Na internetu postoje tri glavne kategorije ljudi: oni koji \u017eele neobavezni seks, oni koji \u017eele dugoro\u010dne veze i oni koji samo \u017eele upoznati nove prijatelje. Evo kako pokupiti \u017eene na temelju vrste osobe.<\/p>\n<h2>Povremeni seksualni ljudi<\/h2>\n<p>Povremeni seks ljudi ne mare previ\u0161e za izgled, ali im je stalo do osobnosti. Obi\u010dno su opu\u0161teni, otvorenog uma i op\u0107enito u\u017eivaju u upoznavanju novih ljudi. Ako tra\u017eite zabavan no\u0107ni izlazak bez ikakvih obaveza, ljudi s neobaveznim seksom vjerojatno su najbolji izbor za vas. Ovi momci nisu ba\u0161 u obavezama, ali sigurno \u0107e poku\u0161ati bilo \u0161to jednom.<\/p>\n<h2>Dugoro\u010dne veze ljudi<\/h2>\n<p>Ljudi s dugoro\u010dnom vezom su suprotnost povremenim seksualnim ljudima. Tra\u017ee ne\u0161to ozbiljno i \u017eele partnera na kojeg se mogu osloniti. Zbog toga su mnogi od njih spremni trpjeti neke prili\u010dno neprivla\u010dne osobine kod mu\u0161karaca. Zapravo, \u010desto se trude prona\u0107i partnere koji su zgodni.<\/p>\n<h2>Upoznavanje novih prijatelja ljudi<\/h2>\n<p>Upoznavanje novih prijatelja ljudi je najmanje uobi\u010dajena grupa, ali oni su jo\u0161 uvijek vani. Obi\u010dno rado razgovaraju s bilo kim, \u010dak i potpunim strancima, jer vole upoznavati nove ljude. Obi\u010dno su prijateljski raspolo\u017eeni i odlazni i uvijek ih zanimaju tu\u0111e pri\u010de. Oni su tako\u0111er sjajni slu\u0161atelji, pa ako se ikada osje\u0107ate usamljeno ili dosadno, mo\u017eete ra\u010dunati na njih da \u0107e stvari ostati zanimljive.<\/p>\n<h2>Na\u0161 savjet<\/h2>\n<p>Dana\u0161nji samci poznati su po tome \u0161to su otvorenog uma i fleksibilni kada su u pitanju stvari poput seksa. To se odnosi i na \u017eene i na mu\u0161karce. Zapravo, mnogi ljudi radije izlaze s nekim tko je spreman isprobati ne\u0161to novo.<\/p>\n<p>To se jo\u0161 sna\u017enije odnosi na starije odrasle osobe. Mnogi od njih jo\u0161 uvijek \u017eele do\u017eivjeti malo zabave tijekom umirovljenja. I dok postoji mnogo zrelih stranica za upoznavanje usmjerenih prema starijim osobama, mislimo da su i lokalne veze izvrsna ideja.<\/p>\n","protected":false},"excerpt":{"rendered":"<p>Tra\u017eite malo zabave ve\u010deras? Onda ste do\u0161li na pravo mjesto. Ovdje smo da vam pomognemo prona\u0107i svoj savr\u0161eni le\u017eerni spoj za brze i het-up zabavu. Bilo da se radi samo o ve\u010deri i pi\u0107u, ili ne\u010dem ozbiljnijem, sigurno \u0107emo vam odgovarati. Na\u0161a web stranica je potpuno besplatna za kori\u0161tenje, a na\u0161i \u010dlanovi uvijek tra\u017ee dobar &#8230; <a title=\"U potrazi za seksom\" class=\"read-more\" href=\"https:\/\/blowflyofficial.com\/hr\/u-potrazi-za-seksom\/\" aria-label=\"More on U potrazi za seksom\">Op\u0161irnije<\/a><\/p>\n","protected":false},"author":1,"featured_media":0,"parent":0,"menu_order":0,"comment_status":"closed","ping_status":"closed","template":"","meta":[],"yoast_head":"<!-- This site is optimized with the Yoast SEO plugin v17.7.1 - https:\/\/yoast.com\/wordpress\/plugins\/seo\/ -->\n<title>U potrazi za seksom - Ljestvica spajanja<\/title>\n<meta name=\"robots\" content=\"index, follow, max-snippet:-1, max-image-preview:large, max-video-preview:-1\" \/>\n<link rel=\"canonical\" href=\"https:\/\/blowflyofficial.com\/hr\/u-potrazi-za-seksom\/\" \/>\n<meta property=\"og:locale\" content=\"hr_HR\" \/>\n<meta property=\"og:type\" content=\"article\" \/>\n<meta property=\"og:title\" content=\"U potrazi za seksom - Ljestvica spajanja\" \/>\n<meta property=\"og:description\" content=\"Tra\u017eite malo zabave ve\u010deras? Onda ste do\u0161li na pravo mjesto. Ovdje smo da vam pomognemo prona\u0107i svoj savr\u0161eni le\u017eerni spoj za brze i het-up zabavu. Bilo da se radi samo o ve\u010deri i pi\u0107u, ili ne\u010dem ozbiljnijem, sigurno \u0107emo vam odgovarati. Na\u0161a web stranica je potpuno besplatna za kori\u0161tenje, a na\u0161i \u010dlanovi uvijek tra\u017ee dobar ... Op\u0161irnije\" \/>\n<meta property=\"og:url\" content=\"https:\/\/blowflyofficial.com\/hr\/u-potrazi-za-seksom\/\" \/>\n<meta property=\"og:site_name\" content=\"Ljestvica spajanja\" \/>\n<meta name=\"twitter:card\" content=\"summary_large_image\" \/>\n<meta name=\"twitter:label1\" content=\"Procijenjeno vrijeme \u010ditanja\" \/>\n\t<meta name=\"twitter:data1\" content=\"3 minute\" \/>\n<script type=\"application\/ld+json\" class=\"yoast-schema-graph\">{\"@context\":\"https:\/\/schema.org\",\"@graph\":[{\"@type\":\"WebSite\",\"@id\":\"http:\/\/blowflyofficial.com\/da\/#website\",\"url\":\"http:\/\/blowflyofficial.com\/da\/\",\"name\":\"Ljestvica spajanja\",\"description\":\"Savjeti za povremene spojeve\",\"potentialAction\":[{\"@type\":\"SearchAction\",\"target\":{\"@type\":\"EntryPoint\",\"urlTemplate\":\"http:\/\/blowflyofficial.com\/da\/?s={search_term_string}\"},\"query-input\":\"required name=search_term_string\"}],\"inLanguage\":\"hr\"},{\"@type\":\"WebPage\",\"@id\":\"https:\/\/blowflyofficial.com\/hr\/u-potrazi-za-seksom\/#webpage\",\"url\":\"https:\/\/blowflyofficial.com\/hr\/u-potrazi-za-seksom\/\",\"name\":\"U potrazi za seksom - Ljestvica spajanja\",\"isPartOf\":{\"@id\":\"http:\/\/blowflyofficial.com\/da\/#website\"},\"datePublished\":\"2022-08-30T12:50:50+00:00\",\"dateModified\":\"2022-08-30T12:50:50+00:00\",\"breadcrumb\":{\"@id\":\"https:\/\/blowflyofficial.com\/hr\/u-potrazi-za-seksom\/#breadcrumb\"},\"inLanguage\":\"hr\",\"potentialAction\":[{\"@type\":\"ReadAction\",\"target\":[\"https:\/\/blowflyofficial.com\/hr\/u-potrazi-za-seksom\/\"]}]},{\"@type\":\"BreadcrumbList\",\"@id\":\"https:\/\/blowflyofficial.com\/hr\/u-potrazi-za-seksom\/#breadcrumb\",\"itemListElement\":[{\"@type\":\"ListItem\",\"position\":1,\"name\":\"Home\",\"item\":\"http:\/\/blowflyofficial.com\/hr\/\"},{\"@type\":\"ListItem\",\"position\":2,\"name\":\"U potrazi za seksom\"}]}]}<\/script>\n<!-- \/ Yoast SEO plugin. -->","yoast_head_json":{"title":"U potrazi za seksom - Ljestvica spajanja","robots":{"index":"index","follow":"follow","max-snippet":"max-snippet:-1","max-image-preview":"max-image-preview:large","max-video-preview":"max-video-preview:-1"},"canonical":"https:\/\/blowflyofficial.com\/hr\/u-potrazi-za-seksom\/","og_locale":"hr_HR","og_type":"article","og_title":"U potrazi za seksom - Ljestvica spajanja","og_description":"Tra\u017eite malo zabave ve\u010deras? Onda ste do\u0161li na pravo mjesto. Ovdje smo da vam pomognemo prona\u0107i svoj savr\u0161eni le\u017eerni spoj za brze i het-up zabavu. Bilo da se radi samo o ve\u010deri i pi\u0107u, ili ne\u010dem ozbiljnijem, sigurno \u0107emo vam odgovarati. Na\u0161a web stranica je potpuno besplatna za kori\u0161tenje, a na\u0161i \u010dlanovi uvijek tra\u017ee dobar ... Op\u0161irnije","og_url":"https:\/\/blowflyofficial.com\/hr\/u-potrazi-za-seksom\/","og_site_name":"Ljestvica spajanja","twitter_card":"summary_large_image","twitter_misc":{"Procijenjeno vrijeme \u010ditanja":"3 minute"},"schema":{"@context":"https:\/\/schema.org","@graph":[{"@type":"WebSite","@id":"http:\/\/blowflyofficial.com\/da\/#website","url":"http:\/\/blowflyofficial.com\/da\/","name":"Ljestvica spajanja","description":"Savjeti za povremene spojeve","potentialAction":[{"@type":"SearchAction","target":{"@type":"EntryPoint","urlTemplate":"http:\/\/blowflyofficial.com\/da\/?s={search_term_string}"},"query-input":"required name=search_term_string"}],"inLanguage":"hr"},{"@type":"WebPage","@id":"https:\/\/blowflyofficial.com\/hr\/u-potrazi-za-seksom\/#webpage","url":"https:\/\/blowflyofficial.com\/hr\/u-potrazi-za-seksom\/","name":"U potrazi za seksom - Ljestvica spajanja","isPartOf":{"@id":"http:\/\/blowflyofficial.com\/da\/#website"},"datePublished":"2022-08-30T12:50:50+00:00","dateModified":"2022-08-30T12:50:50+00:00","breadcrumb":{"@id":"https:\/\/blowflyofficial.com\/hr\/u-potrazi-za-seksom\/#breadcrumb"},"inLanguage":"hr","potentialAction":[{"@type":"ReadAction","target":["https:\/\/blowflyofficial.com\/hr\/u-potrazi-za-seksom\/"]}]},{"@type":"BreadcrumbList","@id":"https:\/\/blowflyofficial.com\/hr\/u-potrazi-za-seksom\/#breadcrumb","itemListElement":[{"@type":"ListItem","position":1,"name":"Home","item":"http:\/\/blowflyofficial.com\/hr\/"},{"@type":"ListItem","position":2,"name":"U potrazi za seksom"}]}]}},"_links":{"self":[{"href":"https:\/\/blowflyofficial.com\/hr\/wp-json\/wp\/v2\/pages\/213"}],"collection":[{"href":"https:\/\/blowflyofficial.com\/hr\/wp-json\/wp\/v2\/pages"}],"about":[{"href":"https:\/\/blowflyofficial.com\/hr\/wp-json\/wp\/v2\/types\/page"}],"author":[{"embeddable":true,"href":"https:\/\/blowflyofficial.com\/hr\/wp-json\/wp\/v2\/users\/1"}],"replies":[{"embeddable":true,"href":"https:\/\/blowflyofficial.com\/hr\/wp-json\/wp\/v2\/comments?post=213"}],"version-history":[{"count":0,"href":"https:\/\/blowflyofficial.com\/hr\/wp-json\/wp\/v2\/pages\/213\/revisions"}],"wp:attachment":[{"href":"https:\/\/blowflyofficial.com\/hr\/wp-json\/wp\/v2\/media?parent=213"}],"curies":[{"name":"wp","href":"https:\/\/api.w.org\/{rel}","templated":true}]}}