{"id":204,"date":"2022-08-30T13:02:05","date_gmt":"2022-08-30T12:02:05","guid":{"rendered":"http:\/\/blowflyofficial.com\/pregledane-su-nase-najbolje-web-stranice-za-spajanje\/"},"modified":"2022-08-30T13:02:05","modified_gmt":"2022-08-30T12:02:05","slug":"pregledane-su-nase-najbolje-web-stranice-za-spajanje","status":"publish","type":"page","link":"https:\/\/blowflyofficial.com\/hr\/","title":{"rendered":"Pregledane su na\u0161e najbolje web stranice za spajanje"},"content":{"rendered":"<p>Postoji mnogo aplikacija za online upoznavanje &#8211; poput Tindera, Bumblea, OkCupida, PlentyOfFisha, Matcha itd. Ali neki ljudi radije pronalaze ljubav bez prijave na web mjesto. Ako ste jedan od tih ljudi, preporu\u010dujemo da besplatno provjerite na\u0161 popis najboljih web lokacija za spajanje. Ove web stranice ne nude registraciju potrebnu za kreditnu karticu, \u0161to zna\u010di da ne morate ni davati osobne podatke. Nikada ne\u0107ete platiti ni\u0161ta ni za kori\u0161tenje ovih web stranica. Samo se prijavite, pregledajte profile, \u0161aljite poruke i po\u010dnite upoznavati ljude ve\u0107 danas.<\/p>\n<h2>Ashley Madison<\/h2>\n<p>AshleyMadison.com je da\u0161ak svje\u017eeg zraka za one koji tra\u017ee ljubav na mre\u017ei. Bilo da tra\u017eite brzu avanturu, nekoga posebnog s kim \u0107ete se skrasiti ili jednostavno neko zabavno dru\u017eenje, Ashley Madison nudi pone\u0161to za svakoga. S vi\u0161e od 54 milijuna \u010dlanova \u0161irom svijeta, uvjereni smo da vas netko \u010deka.<\/p>\n<p>Ako ste se osje\u0107ali kao da vam je potreban odmor od va\u0161e veze ili mo\u017eda samo \u017eelite isprobati ne\u0161to druga\u010dije, za\u0161to nas ne biste provjerili? Obe\u0107avamo diskreciju i povjerljivost, a na\u0161i \u010dlanovi u\u017eivaju u brojnim pogodnostima, uklju\u010duju\u0107i pristup ekskluzivnim doga\u0111ajima, popuste na putovanja, pa \u010dak i nov\u010dane nagrade. Ovdje \u0107ete prona\u0107i sve \u0161to vam treba &#8211; bez obaveza.<\/p>\n<h2>Aff<\/h2>\n<p>Adult Friend Finder (AFF), jedno od najpopularnijih web mjesta za odrasle na webu, mo\u017ee se pohvaliti s 3 milijuna aktivnih mjese\u010dnih posjetitelja i vi\u0161e od 10 milijuna registriranih \u010dlanova. Osim \u0161to je odli\u010dno mjesto za le\u017eerne susrete, u njemu \u017eive i neki od najzgodnijih, najnapaljenijih ljudi na internetu. Ako \u017eelite saznati \u0161to \u010dini AFF krpelj, mi smo vas pokriveni.<\/p>\n<h2>Tinder<\/h2>\n<p>Tinder je jedna od najpopularnijih aplikacija za pronala\u017eenje ljubavi na mre\u017ei. S vi\u0161e od 50 milijuna ljudi koji su ga preuzeli od 2012. godine, aplikacija za upoznavanje omogu\u0107uje vam da prije\u0111ete prstom ulijevo ili udesno kako biste vidjeli svi\u0111ate li se nekome na temelju va\u0161e profilne slike i biografije. Ako im se svi\u0111ate, mo\u017eete si slati poruke i dogovarati osobne datume. Nema dugih upitnika ili invazivnih kvizova; samo brza pitanja o tome gdje se \u017eelite sastati sljede\u0107i.<\/p>\n<p>Aplikacija je besplatna za preuzimanje i kori\u0161tenje, ali postoje neki tro\u0161kovi povezani s njezinim kori\u0161tenjem. Pla\u0107ate 9.99 USD mjese\u010dno za pristup premium zna\u010dajkama kao \u0161to su neograni\u010dene utakmice i dijeljenje lokacije.<\/p>\n<p><img loading=\"lazy\" class=\"aligncenter size-large wp-image-35\" src=\"http:\/\/blowflyofficial.com\/wp-content\/uploads\/2022\/08\/guide-for-love-1024x681.jpeg\" alt=\"\" width=\"640\" height=\"426\" srcset=\"https:\/\/blowflyofficial.com\/wp-content\/uploads\/2022\/08\/guide-for-love-1024x681.jpeg 1024w, https:\/\/blowflyofficial.com\/wp-content\/uploads\/2022\/08\/guide-for-love-300x199.jpeg 300w, https:\/\/blowflyofficial.com\/wp-content\/uploads\/2022\/08\/guide-for-love-768x510.jpeg 768w, https:\/\/blowflyofficial.com\/wp-content\/uploads\/2022\/08\/guide-for-love-1536x1021.jpeg 1536w, https:\/\/blowflyofficial.com\/wp-content\/uploads\/2022\/08\/guide-for-love-2048x1361.jpeg 2048w\" sizes=\"(max-width: 640px) 100vw, 640px\" \/><\/p>\n<h1>Pronala\u017eenje lokalnog priklju\u010dka u va\u0161em podru\u010dju<\/h1>\n<p>Lokalne veze jedna su od najpopularnijih vrsta internetskih spojeva. Mnogo je razloga za\u0161to ljudi koriste ove aplikacije kako bi prona\u0161li svoju srodnu du\u0161u, poput dosadnosti, usamljenosti ili tra\u017eenja neobaveznog seksa. Osim toga, postoje neke prednosti u kojima mo\u017eete u\u017eivati dok koristite ove platforme. Na primjer, ne morate tro\u0161iti novac na pi\u0107a, hranu ili skupe datume. Ne\u0107ete ni morati putovati daleko jer ste ve\u0107 blizu mjesta gdje \u017eivite. I najbolje od svega, potpuno je anonimno. \u0160to \u010dekate? Pogledajte na\u0161 popis osam najboljih lokalnih aplikacija za spajanje.<\/p>\n<h2>OneNightFriend<\/h2>\n<p>One Night Friend besplatna je aplikacija koja vam omogu\u0107uje da se sastanete s nekim u va\u0161em gradu. Ako \u017eelite zapo\u010deti vezu s nekim, ovo je sjajan na\u010din da to u\u010dinite bez tro\u0161enja previ\u0161e novca. Osim toga, jednostavan je za upotrebu. Sve \u0161to trebate u\u010diniti je unijeti svoju lokaciju, postaviti radijus oko sebe i odabrati \u017eelite li vidjeti mu\u0161karce ili \u017eene. Nakon toga primit \u0107ete podudarnosti na temelju va\u0161ih preferencija. Nakon \u0161to prona\u0111ete nekoga zanimljivog, mo\u017eete razgovarati s njim ili ga izravno pozvati van. Ova aplikacija radi kao Tinder, osim \u0161to ne morate ni\u0161ta platiti.<\/p>\n<h2>Budite zlo\u010desti<\/h2>\n<p>Benaughty je jo\u0161 jedna dobra opcija za one koji tra\u017ee povremene susrete. Profile mo\u017eete pregledavati anonimno, slati poruke i dogovarati sastanke. Me\u0111utim, za razliku od One Night Friend, morate platiti da biste koristili ovu aplikaciju. Ali ako ste spremni rastati se s nekim novcem, ovo je stvarno dobar izbor. Ne samo da Benaughty nudi mnogo zna\u010dajki, ve\u0107 nudi i VIP \u010dlanstvo. Pomo\u0107u ovog paketa mo\u017eete pristupiti dodatnim \u010dlanstvima, kao \u0161to su premium razmjena poruka i videopozivi.<\/p>\n<h2>Spajanje69<\/h2>\n<p>Hookup69 je mobilna aplikacija koja vam poma\u017ee da se pove\u017eete s ljudima u blizini. Za razliku od prethodnih aplikacija, ova ne zahtijeva da i\u0161ta platite. Za po\u010detak, samo se morate prijaviti, dodati svoju profilnu fotografiju i pisati o sebi. Odatle mo\u017eete vidjeti fotografije drugih koji su zainteresirani za sastanak s vama. Tako\u0111er mo\u017eete provjeriti njihove omiljene aktivnosti i interese. Kada pomislite da ste mo\u017eda spremni za spoj, mo\u017eete im se obratiti. Odgovorit \u0107e ti kad se oslobode.<\/p>\n<p><img loading=\"lazy\" class=\"aligncenter size-large wp-image-36\" src=\"http:\/\/blowflyofficial.com\/wp-content\/uploads\/2022\/08\/love-match-making-1024x683.jpeg\" alt=\"\" width=\"640\" height=\"427\" srcset=\"https:\/\/blowflyofficial.com\/wp-content\/uploads\/2022\/08\/love-match-making-1024x683.jpeg 1024w, https:\/\/blowflyofficial.com\/wp-content\/uploads\/2022\/08\/love-match-making-300x200.jpeg 300w, https:\/\/blowflyofficial.com\/wp-content\/uploads\/2022\/08\/love-match-making-768x512.jpeg 768w, https:\/\/blowflyofficial.com\/wp-content\/uploads\/2022\/08\/love-match-making-1536x1024.jpeg 1536w, https:\/\/blowflyofficial.com\/wp-content\/uploads\/2022\/08\/love-match-making-2048x1365.jpeg 2048w\" sizes=\"(max-width: 640px) 100vw, 640px\" \/><\/p>\n<h1>Na\u0161 savjet<\/h1>\n<p>Web stranice za spajanje danas su vrlo \u010deste. \u010cesto nude mnoge zanimljive zna\u010dajke poput video chata, web kamere, chata u\u017eivo itd., \u0160to ih \u010dini jednom od naj\u010de\u0161\u0107e kori\u0161tenih aplikacija me\u0111u ljudima. Me\u0111utim, postoje i neki nedostaci. Na primjer, ne mo\u017eete prona\u0107i pouzdanu aplikaciju za spajanje bez tro\u0161enja novca. Ali sada imamo ne\u0161to bolje \u2013 benaughty.com. Ovo je besplatna internetska stranica za spajanje na kojoj mo\u017eete upoznati i izlaziti s djevojkama iz cijelog svijeta. Ne morate ni potro\u0161iti ni\u0161ta da biste koristili ovu nevjerojatnu zna\u010dajku. Sve \u0161to trebate u\u010diniti je registrirati se i po\u010deti tra\u017eiti vru\u0107e \u017eene. Najbolja stvar kod Be Naughtyja je da lako mo\u017eete prona\u0107i nekoga u blizini. \u0160to \u010dekate? Samo samo naprijed i isprobajte ovu sjajnu stranicu za spajanje.<\/p>\n<p>Tr\u017ei\u0161te internetskih spojeva preplavljeno je razli\u010ditim platformama, od kojih svaka tvrdi da je bolja od drugih. Me\u0111utim, jo\u0161 uvijek postoje neke tvrtke na koje nisu zaboravljene, iako ne nude ni\u0161ta posebno. Jedan od takvih primjera je Hookup69, lokalna stranica za upoznavanje koja svojim korisnicima nudi mnogo prednosti u odnosu na tradicionalne aplikacije za upoznavanje.<\/p>\n<p>Morate donijeti ispravnu odluku i koristiti pravu tvrtku kako biste prona\u0161li pravu aplikaciju za vas.<\/p>\n","protected":false},"excerpt":{"rendered":"<p>Postoji mnogo aplikacija za online upoznavanje &#8211; poput Tindera, Bumblea, OkCupida, PlentyOfFisha, Matcha itd. Ali neki ljudi radije pronalaze ljubav bez prijave na web mjesto. Ako ste jedan od tih ljudi, preporu\u010dujemo da besplatno provjerite na\u0161 popis najboljih web lokacija za spajanje. Ove web stranice ne nude registraciju potrebnu za kreditnu karticu, \u0161to zna\u010di da &#8230; <a title=\"Pregledane su na\u0161e najbolje web stranice za spajanje\" class=\"read-more\" href=\"https:\/\/blowflyofficial.com\/hr\/\" aria-label=\"More on Pregledane su na\u0161e najbolje web stranice za spajanje\">Op\u0161irnije<\/a><\/p>\n","protected":false},"author":1,"featured_media":0,"parent":0,"menu_order":0,"comment_status":"closed","ping_status":"closed","template":"","meta":[],"yoast_head":"<!-- This site is optimized with the Yoast SEO plugin v17.7.1 - https:\/\/yoast.com\/wordpress\/plugins\/seo\/ -->\n<title>Pregledane su na\u0161e najbolje web stranice za spajanje - Ljestvica spajanja<\/title>\n<meta name=\"robots\" content=\"index, follow, max-snippet:-1, max-image-preview:large, max-video-preview:-1\" \/>\n<link rel=\"canonical\" href=\"https:\/\/blowflyofficial.com\/hr\/\" \/>\n<meta property=\"og:locale\" content=\"hr_HR\" \/>\n<meta property=\"og:type\" content=\"article\" \/>\n<meta property=\"og:title\" content=\"Pregledane su na\u0161e najbolje web stranice za spajanje - Ljestvica spajanja\" \/>\n<meta property=\"og:description\" content=\"Postoji mnogo aplikacija za online upoznavanje &#8211; poput Tindera, Bumblea, OkCupida, PlentyOfFisha, Matcha itd. Ali neki ljudi radije pronalaze ljubav bez prijave na web mjesto. Ako ste jedan od tih ljudi, preporu\u010dujemo da besplatno provjerite na\u0161 popis najboljih web lokacija za spajanje. Ove web stranice ne nude registraciju potrebnu za kreditnu karticu, \u0161to zna\u010di da ... Op\u0161irnije\" \/>\n<meta property=\"og:url\" content=\"https:\/\/blowflyofficial.com\/hr\/\" \/>\n<meta property=\"og:site_name\" content=\"Ljestvica spajanja\" \/>\n<meta property=\"og:image\" content=\"http:\/\/blowflyofficial.com\/wp-content\/uploads\/2022\/08\/guide-for-love-1024x681.jpeg\" \/>\n<meta name=\"twitter:card\" content=\"summary_large_image\" \/>\n<meta name=\"twitter:label1\" content=\"Procijenjeno vrijeme \u010ditanja\" \/>\n\t<meta name=\"twitter:data1\" content=\"5 minuta\" \/>\n<script type=\"application\/ld+json\" class=\"yoast-schema-graph\">{\"@context\":\"https:\/\/schema.org\",\"@graph\":[{\"@type\":\"WebSite\",\"@id\":\"http:\/\/blowflyofficial.com\/da\/#website\",\"url\":\"http:\/\/blowflyofficial.com\/da\/\",\"name\":\"Ljestvica spajanja\",\"description\":\"Savjeti za povremene spojeve\",\"potentialAction\":[{\"@type\":\"SearchAction\",\"target\":{\"@type\":\"EntryPoint\",\"urlTemplate\":\"http:\/\/blowflyofficial.com\/da\/?s={search_term_string}\"},\"query-input\":\"required name=search_term_string\"}],\"inLanguage\":\"hr\"},{\"@type\":\"ImageObject\",\"@id\":\"https:\/\/blowflyofficial.com\/hr\/#primaryimage\",\"inLanguage\":\"hr\",\"url\":\"http:\/\/blowflyofficial.com\/wp-content\/uploads\/2022\/08\/guide-for-love-1024x681.jpeg\",\"contentUrl\":\"http:\/\/blowflyofficial.com\/wp-content\/uploads\/2022\/08\/guide-for-love-1024x681.jpeg\"},{\"@type\":\"WebPage\",\"@id\":\"https:\/\/blowflyofficial.com\/hr\/#webpage\",\"url\":\"https:\/\/blowflyofficial.com\/hr\/\",\"name\":\"Pregledane su na\\u0161e najbolje web stranice za spajanje - Ljestvica spajanja\",\"isPartOf\":{\"@id\":\"http:\/\/blowflyofficial.com\/da\/#website\"},\"primaryImageOfPage\":{\"@id\":\"https:\/\/blowflyofficial.com\/hr\/#primaryimage\"},\"datePublished\":\"2022-08-30T12:02:05+00:00\",\"dateModified\":\"2022-08-30T12:02:05+00:00\",\"breadcrumb\":{\"@id\":\"https:\/\/blowflyofficial.com\/hr\/#breadcrumb\"},\"inLanguage\":\"hr\",\"potentialAction\":[{\"@type\":\"ReadAction\",\"target\":[\"https:\/\/blowflyofficial.com\/hr\/\"]}]},{\"@type\":\"BreadcrumbList\",\"@id\":\"https:\/\/blowflyofficial.com\/hr\/#breadcrumb\",\"itemListElement\":[{\"@type\":\"ListItem\",\"position\":1,\"name\":\"Home\",\"item\":\"http:\/\/blowflyofficial.com\/hr\/\"},{\"@type\":\"ListItem\",\"position\":2,\"name\":\"Pregledane su na\\u0161e najbolje web stranice za spajanje\"}]}]}<\/script>\n<!-- \/ Yoast SEO plugin. -->","yoast_head_json":{"title":"Pregledane su na\u0161e najbolje web stranice za spajanje - Ljestvica spajanja","robots":{"index":"index","follow":"follow","max-snippet":"max-snippet:-1","max-image-preview":"max-image-preview:large","max-video-preview":"max-video-preview:-1"},"canonical":"https:\/\/blowflyofficial.com\/hr\/","og_locale":"hr_HR","og_type":"article","og_title":"Pregledane su na\u0161e najbolje web stranice za spajanje - Ljestvica spajanja","og_description":"Postoji mnogo aplikacija za online upoznavanje &#8211; poput Tindera, Bumblea, OkCupida, PlentyOfFisha, Matcha itd. Ali neki ljudi radije pronalaze ljubav bez prijave na web mjesto. Ako ste jedan od tih ljudi, preporu\u010dujemo da besplatno provjerite na\u0161 popis najboljih web lokacija za spajanje. Ove web stranice ne nude registraciju potrebnu za kreditnu karticu, \u0161to zna\u010di da ... Op\u0161irnije","og_url":"https:\/\/blowflyofficial.com\/hr\/","og_site_name":"Ljestvica spajanja","og_image":[{"url":"http:\/\/blowflyofficial.com\/wp-content\/uploads\/2022\/08\/guide-for-love-1024x681.jpeg"}],"twitter_card":"summary_large_image","twitter_misc":{"Procijenjeno vrijeme \u010ditanja":"5 minuta"},"schema":{"@context":"https:\/\/schema.org","@graph":[{"@type":"WebSite","@id":"http:\/\/blowflyofficial.com\/da\/#website","url":"http:\/\/blowflyofficial.com\/da\/","name":"Ljestvica spajanja","description":"Savjeti za povremene spojeve","potentialAction":[{"@type":"SearchAction","target":{"@type":"EntryPoint","urlTemplate":"http:\/\/blowflyofficial.com\/da\/?s={search_term_string}"},"query-input":"required name=search_term_string"}],"inLanguage":"hr"},{"@type":"ImageObject","@id":"https:\/\/blowflyofficial.com\/hr\/#primaryimage","inLanguage":"hr","url":"http:\/\/blowflyofficial.com\/wp-content\/uploads\/2022\/08\/guide-for-love-1024x681.jpeg","contentUrl":"http:\/\/blowflyofficial.com\/wp-content\/uploads\/2022\/08\/guide-for-love-1024x681.jpeg"},{"@type":"WebPage","@id":"https:\/\/blowflyofficial.com\/hr\/#webpage","url":"https:\/\/blowflyofficial.com\/hr\/","name":"Pregledane su na\u0161e najbolje web stranice za spajanje - Ljestvica spajanja","isPartOf":{"@id":"http:\/\/blowflyofficial.com\/da\/#website"},"primaryImageOfPage":{"@id":"https:\/\/blowflyofficial.com\/hr\/#primaryimage"},"datePublished":"2022-08-30T12:02:05+00:00","dateModified":"2022-08-30T12:02:05+00:00","breadcrumb":{"@id":"https:\/\/blowflyofficial.com\/hr\/#breadcrumb"},"inLanguage":"hr","potentialAction":[{"@type":"ReadAction","target":["https:\/\/blowflyofficial.com\/hr\/"]}]},{"@type":"BreadcrumbList","@id":"https:\/\/blowflyofficial.com\/hr\/#breadcrumb","itemListElement":[{"@type":"ListItem","position":1,"name":"Home","item":"http:\/\/blowflyofficial.com\/hr\/"},{"@type":"ListItem","position":2,"name":"Pregledane su na\u0161e najbolje web stranice za spajanje"}]}]}},"_links":{"self":[{"href":"https:\/\/blowflyofficial.com\/hr\/wp-json\/wp\/v2\/pages\/204"}],"collection":[{"href":"https:\/\/blowflyofficial.com\/hr\/wp-json\/wp\/v2\/pages"}],"about":[{"href":"https:\/\/blowflyofficial.com\/hr\/wp-json\/wp\/v2\/types\/page"}],"author":[{"embeddable":true,"href":"https:\/\/blowflyofficial.com\/hr\/wp-json\/wp\/v2\/users\/1"}],"replies":[{"embeddable":true,"href":"https:\/\/blowflyofficial.com\/hr\/wp-json\/wp\/v2\/comments?post=204"}],"version-history":[{"count":0,"href":"https:\/\/blowflyofficial.com\/hr\/wp-json\/wp\/v2\/pages\/204\/revisions"}],"wp:attachment":[{"href":"https:\/\/blowflyofficial.com\/hr\/wp-json\/wp\/v2\/media?parent=204"}],"curies":[{"name":"wp","href":"https:\/\/api.w.org\/{rel}","templated":true}]}}