{"id":190,"date":"2022-08-30T13:45:52","date_gmt":"2022-08-30T12:45:52","guid":{"rendered":"http:\/\/blowflyofficial.com\/pronadite-lokalnu-lezernu-vezu\/"},"modified":"2022-08-30T13:45:52","modified_gmt":"2022-08-30T12:45:52","slug":"pronadite-lokalnu-lezernu-vezu","status":"publish","type":"page","link":"https:\/\/blowflyofficial.com\/hr\/pronadite-lokalnu-lezernu-vezu\/","title":{"rendered":"Prona\u0111ite lokalnu le\u017eernu vezu"},"content":{"rendered":"<p>Znamo koliko je te\u0161ko prona\u0107i nekoga tko vam se svi\u0111a, pogotovo kada \u017eivite u razli\u010ditim gradovima. Razumijemo da se ponekad jednostavno osje\u0107ate usamljeno i dosadno, a mi vas ne krivimo jer postoji mnogo stvari koje nas i mene rastu\u017euju. Ali za\u0161to bi \u010dekao da netko drugi do\u0111e i da ti da ono \u0161to stvarno \u017eeli\u0161? Za\u0161to biste satima tra\u017eili ne\u0161to \u0161to bi moglo potrajati nekoliko minuta?<\/p>\n<h2>\u017delite li prona\u0107i vezu?<\/h2>\n<p>Ne morate se ni brinuti da <a href=\"http:\/\/blowflyofficial.com\/hr\/pronadite-seks-sa-zenama-u-vasoj-blizini\/\">\u0107ete biti prevareni<\/a>, jer je ovdje sve potpuno besplatno. Ako odlu\u010dite nastaviti i platiti \u010dlanstvo, imate pristup cijeloj mre\u017ei, uklju\u010duju\u0107i sve zna\u010dajke za premium \u010dlanstva. Me\u0111utim, ako tra\u017eite brzo spajanje, uvijek mo\u017eete isprobati probnu verziju i vidjeti odgovara li vam.<\/p>\n<p>Ljudi uvijek tra\u017ee na\u010dine kako upoznati druge na mre\u017ei, posebno one koji \u017eele le\u017eerne susrete. Ali gdje se okrene\u0161 kad nema puno opcija? Pa, pokrili smo vas! Ispod je pet besplatnih lokalnih web stranica za spajanje koje zapravo rade. Ne\u0107ete po\u017ealiti \u0161to ste ih isprobali.<\/p>\n<p>Prva besplatna aplikacija za spajanje koju \u0107u vam predlo\u017eiti da isprobate je ona koja se zove Fling, i to je mo\u017eda najbolja aplikacija za upoznavanje koju sam koristio tijekom godina. Iako postoji mnogo pla\u0107enih aplikacija koje nude sli\u010dne zna\u010dajke, Fling se mo\u017ee slobodno prijaviti i koristiti.<\/p>\n<p>Naravno, imaju opcije nadogradnje &#8211; poput mogu\u0107nosti pronala\u017eenja lokalnih partnera na temelju mjesta na kojem \u017eivite &#8211; koje ljudima olak\u0161avaju povezivanje, ali ipak, besplatna verzija funkcionira sasvim u redu. Zapravo, kad sam se prvotno prijavio, na kraju sam ga koristio cijeli tjedan prije nego \u0161to sam nadogradio jer sam \u017eelio pove\u0107ati izglede za spajanje. Ubrzo nakon \u0161to sam to u\u010dinio, na\u0161ao sam se u situaciji da tro\u0161im novac na premium nadogradnje.<\/p>\n<h2>Web-mjesta poziva plijena<\/h2>\n<p>Veliki sam obo\u017eavatelj fenomena poziva plijena. Bio sam na obje strane nov\u010di\u0107a. Imao sam neobavezne susrete gdje se nalazimo na pi\u0107u ili ve\u010deri i kasnije se spetljamo. A bila sam i na spojevima gdje nije bilo puno kemije i nismo se na kraju seksali. Dakle, kad sam \u010duo za ovu aplikaciju pod nazivom OnlineBootyCall.com, mislio sam da zvu\u010di kao ne\u0161to zabavno isprobati.<\/p>\n<p>Ideja koja stoji iza ove aplikacije prili\u010dno je jednostavna. Prijavite se besplatno i po\u010dnete razgovarati s ljudima koji \u017eive u blizini. Ako na\u0111ete nekog zanimljivog, mo\u017eete ga pozvati da se dru\u017ei. Kad se pojave, mo\u017eete ih poslati ravno ku\u0107i ili ih odvesti u hotelsku sobu. Nema pravila ni o\u010dekivanja. Samo se sastaje\u0161 zbog seksa.<\/p>\n","protected":false},"excerpt":{"rendered":"<p>Znamo koliko je te\u0161ko prona\u0107i nekoga tko vam se svi\u0111a, pogotovo kada \u017eivite u razli\u010ditim gradovima. Razumijemo da se ponekad jednostavno osje\u0107ate usamljeno i dosadno, a mi vas ne krivimo jer postoji mnogo stvari koje nas i mene rastu\u017euju. Ali za\u0161to bi \u010dekao da netko drugi do\u0111e i da ti da ono \u0161to stvarno \u017eeli\u0161? &#8230; <a title=\"Prona\u0111ite lokalnu le\u017eernu vezu\" class=\"read-more\" href=\"https:\/\/blowflyofficial.com\/hr\/pronadite-lokalnu-lezernu-vezu\/\" aria-label=\"More on Prona\u0111ite lokalnu le\u017eernu vezu\">Op\u0161irnije<\/a><\/p>\n","protected":false},"author":1,"featured_media":0,"parent":0,"menu_order":0,"comment_status":"closed","ping_status":"closed","template":"","meta":[],"yoast_head":"<!-- This site is optimized with the Yoast SEO plugin v17.7.1 - https:\/\/yoast.com\/wordpress\/plugins\/seo\/ -->\n<title>Prona\u0111ite lokalnu le\u017eernu vezu - Ljestvica spajanja<\/title>\n<meta name=\"robots\" content=\"index, follow, max-snippet:-1, max-image-preview:large, max-video-preview:-1\" \/>\n<link rel=\"canonical\" href=\"https:\/\/blowflyofficial.com\/hr\/pronadite-lokalnu-lezernu-vezu\/\" \/>\n<meta property=\"og:locale\" content=\"hr_HR\" \/>\n<meta property=\"og:type\" content=\"article\" \/>\n<meta property=\"og:title\" content=\"Prona\u0111ite lokalnu le\u017eernu vezu - Ljestvica spajanja\" \/>\n<meta property=\"og:description\" content=\"Znamo koliko je te\u0161ko prona\u0107i nekoga tko vam se svi\u0111a, pogotovo kada \u017eivite u razli\u010ditim gradovima. Razumijemo da se ponekad jednostavno osje\u0107ate usamljeno i dosadno, a mi vas ne krivimo jer postoji mnogo stvari koje nas i mene rastu\u017euju. Ali za\u0161to bi \u010dekao da netko drugi do\u0111e i da ti da ono \u0161to stvarno \u017eeli\u0161? ... Op\u0161irnije\" \/>\n<meta property=\"og:url\" content=\"https:\/\/blowflyofficial.com\/hr\/pronadite-lokalnu-lezernu-vezu\/\" \/>\n<meta property=\"og:site_name\" content=\"Ljestvica spajanja\" \/>\n<meta name=\"twitter:card\" content=\"summary_large_image\" \/>\n<meta name=\"twitter:label1\" content=\"Procijenjeno vrijeme \u010ditanja\" \/>\n\t<meta name=\"twitter:data1\" content=\"2 minute\" \/>\n<script type=\"application\/ld+json\" class=\"yoast-schema-graph\">{\"@context\":\"https:\/\/schema.org\",\"@graph\":[{\"@type\":\"WebSite\",\"@id\":\"http:\/\/blowflyofficial.com\/da\/#website\",\"url\":\"http:\/\/blowflyofficial.com\/da\/\",\"name\":\"Ljestvica spajanja\",\"description\":\"Savjeti za povremene spojeve\",\"potentialAction\":[{\"@type\":\"SearchAction\",\"target\":{\"@type\":\"EntryPoint\",\"urlTemplate\":\"http:\/\/blowflyofficial.com\/da\/?s={search_term_string}\"},\"query-input\":\"required name=search_term_string\"}],\"inLanguage\":\"hr\"},{\"@type\":\"WebPage\",\"@id\":\"https:\/\/blowflyofficial.com\/hr\/pronadite-lokalnu-lezernu-vezu\/#webpage\",\"url\":\"https:\/\/blowflyofficial.com\/hr\/pronadite-lokalnu-lezernu-vezu\/\",\"name\":\"Prona\\u0111ite lokalnu le\\u017eernu vezu - Ljestvica spajanja\",\"isPartOf\":{\"@id\":\"http:\/\/blowflyofficial.com\/da\/#website\"},\"datePublished\":\"2022-08-30T12:45:52+00:00\",\"dateModified\":\"2022-08-30T12:45:52+00:00\",\"breadcrumb\":{\"@id\":\"https:\/\/blowflyofficial.com\/hr\/pronadite-lokalnu-lezernu-vezu\/#breadcrumb\"},\"inLanguage\":\"hr\",\"potentialAction\":[{\"@type\":\"ReadAction\",\"target\":[\"https:\/\/blowflyofficial.com\/hr\/pronadite-lokalnu-lezernu-vezu\/\"]}]},{\"@type\":\"BreadcrumbList\",\"@id\":\"https:\/\/blowflyofficial.com\/hr\/pronadite-lokalnu-lezernu-vezu\/#breadcrumb\",\"itemListElement\":[{\"@type\":\"ListItem\",\"position\":1,\"name\":\"Home\",\"item\":\"http:\/\/blowflyofficial.com\/hr\/\"},{\"@type\":\"ListItem\",\"position\":2,\"name\":\"Prona\\u0111ite lokalnu le\\u017eernu vezu\"}]}]}<\/script>\n<!-- \/ Yoast SEO plugin. -->","yoast_head_json":{"title":"Prona\u0111ite lokalnu le\u017eernu vezu - Ljestvica spajanja","robots":{"index":"index","follow":"follow","max-snippet":"max-snippet:-1","max-image-preview":"max-image-preview:large","max-video-preview":"max-video-preview:-1"},"canonical":"https:\/\/blowflyofficial.com\/hr\/pronadite-lokalnu-lezernu-vezu\/","og_locale":"hr_HR","og_type":"article","og_title":"Prona\u0111ite lokalnu le\u017eernu vezu - Ljestvica spajanja","og_description":"Znamo koliko je te\u0161ko prona\u0107i nekoga tko vam se svi\u0111a, pogotovo kada \u017eivite u razli\u010ditim gradovima. Razumijemo da se ponekad jednostavno osje\u0107ate usamljeno i dosadno, a mi vas ne krivimo jer postoji mnogo stvari koje nas i mene rastu\u017euju. Ali za\u0161to bi \u010dekao da netko drugi do\u0111e i da ti da ono \u0161to stvarno \u017eeli\u0161? ... Op\u0161irnije","og_url":"https:\/\/blowflyofficial.com\/hr\/pronadite-lokalnu-lezernu-vezu\/","og_site_name":"Ljestvica spajanja","twitter_card":"summary_large_image","twitter_misc":{"Procijenjeno vrijeme \u010ditanja":"2 minute"},"schema":{"@context":"https:\/\/schema.org","@graph":[{"@type":"WebSite","@id":"http:\/\/blowflyofficial.com\/da\/#website","url":"http:\/\/blowflyofficial.com\/da\/","name":"Ljestvica spajanja","description":"Savjeti za povremene spojeve","potentialAction":[{"@type":"SearchAction","target":{"@type":"EntryPoint","urlTemplate":"http:\/\/blowflyofficial.com\/da\/?s={search_term_string}"},"query-input":"required name=search_term_string"}],"inLanguage":"hr"},{"@type":"WebPage","@id":"https:\/\/blowflyofficial.com\/hr\/pronadite-lokalnu-lezernu-vezu\/#webpage","url":"https:\/\/blowflyofficial.com\/hr\/pronadite-lokalnu-lezernu-vezu\/","name":"Prona\u0111ite lokalnu le\u017eernu vezu - Ljestvica spajanja","isPartOf":{"@id":"http:\/\/blowflyofficial.com\/da\/#website"},"datePublished":"2022-08-30T12:45:52+00:00","dateModified":"2022-08-30T12:45:52+00:00","breadcrumb":{"@id":"https:\/\/blowflyofficial.com\/hr\/pronadite-lokalnu-lezernu-vezu\/#breadcrumb"},"inLanguage":"hr","potentialAction":[{"@type":"ReadAction","target":["https:\/\/blowflyofficial.com\/hr\/pronadite-lokalnu-lezernu-vezu\/"]}]},{"@type":"BreadcrumbList","@id":"https:\/\/blowflyofficial.com\/hr\/pronadite-lokalnu-lezernu-vezu\/#breadcrumb","itemListElement":[{"@type":"ListItem","position":1,"name":"Home","item":"http:\/\/blowflyofficial.com\/hr\/"},{"@type":"ListItem","position":2,"name":"Prona\u0111ite lokalnu le\u017eernu vezu"}]}]}},"_links":{"self":[{"href":"https:\/\/blowflyofficial.com\/hr\/wp-json\/wp\/v2\/pages\/190"}],"collection":[{"href":"https:\/\/blowflyofficial.com\/hr\/wp-json\/wp\/v2\/pages"}],"about":[{"href":"https:\/\/blowflyofficial.com\/hr\/wp-json\/wp\/v2\/types\/page"}],"author":[{"embeddable":true,"href":"https:\/\/blowflyofficial.com\/hr\/wp-json\/wp\/v2\/users\/1"}],"replies":[{"embeddable":true,"href":"https:\/\/blowflyofficial.com\/hr\/wp-json\/wp\/v2\/comments?post=190"}],"version-history":[{"count":0,"href":"https:\/\/blowflyofficial.com\/hr\/wp-json\/wp\/v2\/pages\/190\/revisions"}],"wp:attachment":[{"href":"https:\/\/blowflyofficial.com\/hr\/wp-json\/wp\/v2\/media?parent=190"}],"curies":[{"name":"wp","href":"https:\/\/api.w.org\/{rel}","templated":true}]}}