{"id":160,"date":"2022-08-30T13:54:35","date_gmt":"2022-08-30T12:54:35","guid":{"rendered":"http:\/\/blowflyofficial.com\/swapfinder-vs-easysex\/"},"modified":"2022-08-30T13:54:35","modified_gmt":"2022-08-30T12:54:35","slug":"swapfinder-vs-easysex","status":"publish","type":"page","link":"https:\/\/blowflyofficial.com\/hr\/swapfinder-vs-easysex\/","title":{"rendered":"SwapFinder Vs. EasySex"},"content":{"rendered":"<p>Online upoznavanje jedna je od onih stvari koja se \u010dini prili\u010dno jednostavnom: prijavite se, ispunite neka pitanja o sebi i \u010dekate da se utakmice pojave. Ali zapravo je puno vi\u0161e uklju\u010deno od toga.<\/p>\n<p>Najosnovniji na\u010din pronala\u017eenja nekoga kompatibilnog je samo prijava u aplikaciju ili web-lokaciju i pregledavanje profila. Ako tra\u017eite ne\u0161to ozbiljno, moglo bi potrajati. \u010cak i ako uspijete prona\u0107i nekoga, i dalje ne\u0107ete znati \u017eele li izlaziti s vama ako mu ne po\u0161aljete poruku.<\/p>\n<p>Za web stranice kao \u0161to su eHarmony, Match, PlentyOfFish, Zoosk, OkCupid i Tinder, tehni\u010dki mo\u017eete koristiti njihove besplatne verzije za pregled i vidjeti \u0161to je dostupno. Ali postoji i mnogo pla\u0107enih opcija &#8211; onih koje vam omogu\u0107uju da po\u0161aljete poruku potencijalnim datumima i vidite tko vam se svi\u0111a.<\/p>\n<h2>Tra\u017eilo zamjene<\/h2>\n<p>Ako tra\u017eite mjesto za <a href=\"http:\/\/blowflyofficial.com\/hr\/pronadite-lokalnu-lezernu-vezu\/\">upoznavanje ljudi na mre\u017ei<\/a>, onda bi SwapFinder.com mogao biti upravo ono \u0161to ste tra\u017eili. Vidite, ovo ba\u0161 i nije stranica za upoznavanje. Umjesto toga, to je besplatna dru\u0161tvena mre\u017ea na kojoj se istomi\u0161ljenici okupljaju kako bi zamijenili partnere za no\u0107 zabave. I dok postoji mnogo mjesta koja posebno zadovoljavaju swinging parove, ova stoji glavom i ramenima iznad ostalih.<\/p>\n<p>Razlog tome je \u0161to je SwapFinder.com u vlasni\u0161tvu iste tvrtke kao i Adult Friend Finder, jedna od najpopularnijih web lokacija za upoznavanje odraslih na svijetu. Dakle, ako \u017eelite prona\u0107i nekoga s kim \u0107ete se spetljati ve\u010deras, vjerojatno \u0107ete imati puno ve\u0107i uspjeh prona\u0107i nekoga ovdje nego bilo gdje drugdje.<\/p>\n<h2>Jednostavan seks<\/h2>\n<p>Ne znam za tebe, ali ja volim seks. Pa, ja volim seks. Zapravo, mislim da je to najzabavniji dio \u017eivota. I dok postoji mnogo web lokacija na kojima mo\u017eete prona\u0107i veze, \u017eelio sam ne\u0161to druga\u010dije. Ne\u0161to bolje. Pa sam se prijavio za EasySex.com.<\/p>\n<p>Ideja iza EasySexa je jednostavna. Prijavite se besplatno, prenesete profilnu sliku, ispunite nekoliko pitanja i procvat &#8211; spremni ste za po\u010detak upoznavanja ljudi. Nema naknada, nema smicalica i nema sranja. Samo stvarni ljudi koji \u017eele imati prave razgovore.<\/p>\n<p>Za sad je dobro. Ali ono \u0161to zaista izdvaja EasySex je koliko je lako upoznati ljude. Za razliku od drugih web lokacija, EasySex ne zahtijeva da dodatno platite kako biste vidjeli tko je jo\u0161 na mre\u017ei. Umjesto toga, profile mo\u017eete pregledavati potpuno anonimno. Ako \u017eelite razgovarati s nekim, jednostavno upi\u0161ite &#8220;Hej!&#8221; u tekstni okvir pored njegove fotografije, pritisnite Po\u0161alji i voil\u00e0! Po\u010dinje razmjena izravnih poruka.<\/p>\n<p>A najbolji dio je, nakon \u0161to odlu\u010dite oti\u0107i na spoj, nema skrivenih tro\u0161kova. Sve \u0161to trebate u\u010diniti je pojaviti se. \u010cini se da ve\u0107ina ljudi u\u017eiva u tome.<\/p>\n<h1>Alternativa &#8211; Zoosk<\/h1>\n<p>Zoosk postoji od 2004. godine i potra\u017euje vi\u0161e od 25 milijuna \u010dlanova \u0161irom svijeta. Nedavno je pokrenuo redizajniranu aplikaciju koja korisnicima omogu\u0107uje pregled potencijalnih podudaranja na temelju sli\u010dnosti poput lokacije, dobi, razine obrazovanja, vrste posla itd.<\/p>\n<p>Aplikacija i dalje zahtijeva od korisnika da ispune upitnik o sebi prije nego \u0161to vide tu\u0111e podatke. Ovaj upitnik uklju\u010duje osam pitanja koja poma\u017eu Zoosku da utvrdi kakva ste osoba. Ova pitanja uklju\u010duju &#8220;\u0160to u\u017eivate raditi?&#8221; i &#8220;Da li se vi\u0161e volite dru\u017eiti sami ili s prijateljima?&#8221;.<\/p>\n<p>Mo\u017eete presko\u010diti neka pitanja, ali ne mo\u017eete presko\u010diti pitanje osobnosti. Na svako pitanje morate odgovoriti u cijelosti prije nego \u0161to prije\u0111ete na sljede\u0107i korak.<\/p>\n","protected":false},"excerpt":{"rendered":"<p>Online upoznavanje jedna je od onih stvari koja se \u010dini prili\u010dno jednostavnom: prijavite se, ispunite neka pitanja o sebi i \u010dekate da se utakmice pojave. Ali zapravo je puno vi\u0161e uklju\u010deno od toga. Najosnovniji na\u010din pronala\u017eenja nekoga kompatibilnog je samo prijava u aplikaciju ili web-lokaciju i pregledavanje profila. Ako tra\u017eite ne\u0161to ozbiljno, moglo bi potrajati. &#8230; <a title=\"SwapFinder Vs. EasySex\" class=\"read-more\" href=\"https:\/\/blowflyofficial.com\/hr\/swapfinder-vs-easysex\/\" aria-label=\"More on SwapFinder Vs. EasySex\">Op\u0161irnije<\/a><\/p>\n","protected":false},"author":1,"featured_media":0,"parent":0,"menu_order":0,"comment_status":"closed","ping_status":"closed","template":"","meta":[],"yoast_head":"<!-- This site is optimized with the Yoast SEO plugin v17.7.1 - https:\/\/yoast.com\/wordpress\/plugins\/seo\/ -->\n<title>SwapFinder Vs. EasySex - Ljestvica spajanja<\/title>\n<meta name=\"robots\" content=\"index, follow, max-snippet:-1, max-image-preview:large, max-video-preview:-1\" \/>\n<link rel=\"canonical\" href=\"https:\/\/blowflyofficial.com\/hr\/swapfinder-vs-easysex\/\" \/>\n<meta property=\"og:locale\" content=\"hr_HR\" \/>\n<meta property=\"og:type\" content=\"article\" \/>\n<meta property=\"og:title\" content=\"SwapFinder Vs. EasySex - Ljestvica spajanja\" \/>\n<meta property=\"og:description\" content=\"Online upoznavanje jedna je od onih stvari koja se \u010dini prili\u010dno jednostavnom: prijavite se, ispunite neka pitanja o sebi i \u010dekate da se utakmice pojave. Ali zapravo je puno vi\u0161e uklju\u010deno od toga. Najosnovniji na\u010din pronala\u017eenja nekoga kompatibilnog je samo prijava u aplikaciju ili web-lokaciju i pregledavanje profila. Ako tra\u017eite ne\u0161to ozbiljno, moglo bi potrajati. ... Op\u0161irnije\" \/>\n<meta property=\"og:url\" content=\"https:\/\/blowflyofficial.com\/hr\/swapfinder-vs-easysex\/\" \/>\n<meta property=\"og:site_name\" content=\"Ljestvica spajanja\" \/>\n<meta name=\"twitter:card\" content=\"summary_large_image\" \/>\n<meta name=\"twitter:label1\" content=\"Procijenjeno vrijeme \u010ditanja\" \/>\n\t<meta name=\"twitter:data1\" content=\"3 minute\" \/>\n<script type=\"application\/ld+json\" class=\"yoast-schema-graph\">{\"@context\":\"https:\/\/schema.org\",\"@graph\":[{\"@type\":\"WebSite\",\"@id\":\"http:\/\/blowflyofficial.com\/da\/#website\",\"url\":\"http:\/\/blowflyofficial.com\/da\/\",\"name\":\"Ljestvica spajanja\",\"description\":\"Savjeti za povremene spojeve\",\"potentialAction\":[{\"@type\":\"SearchAction\",\"target\":{\"@type\":\"EntryPoint\",\"urlTemplate\":\"http:\/\/blowflyofficial.com\/da\/?s={search_term_string}\"},\"query-input\":\"required name=search_term_string\"}],\"inLanguage\":\"hr\"},{\"@type\":\"WebPage\",\"@id\":\"https:\/\/blowflyofficial.com\/hr\/swapfinder-vs-easysex\/#webpage\",\"url\":\"https:\/\/blowflyofficial.com\/hr\/swapfinder-vs-easysex\/\",\"name\":\"SwapFinder Vs. EasySex - Ljestvica spajanja\",\"isPartOf\":{\"@id\":\"http:\/\/blowflyofficial.com\/da\/#website\"},\"datePublished\":\"2022-08-30T12:54:35+00:00\",\"dateModified\":\"2022-08-30T12:54:35+00:00\",\"breadcrumb\":{\"@id\":\"https:\/\/blowflyofficial.com\/hr\/swapfinder-vs-easysex\/#breadcrumb\"},\"inLanguage\":\"hr\",\"potentialAction\":[{\"@type\":\"ReadAction\",\"target\":[\"https:\/\/blowflyofficial.com\/hr\/swapfinder-vs-easysex\/\"]}]},{\"@type\":\"BreadcrumbList\",\"@id\":\"https:\/\/blowflyofficial.com\/hr\/swapfinder-vs-easysex\/#breadcrumb\",\"itemListElement\":[{\"@type\":\"ListItem\",\"position\":1,\"name\":\"Home\",\"item\":\"http:\/\/blowflyofficial.com\/hr\/\"},{\"@type\":\"ListItem\",\"position\":2,\"name\":\"SwapFinder Vs. EasySex\"}]}]}<\/script>\n<!-- \/ Yoast SEO plugin. -->","yoast_head_json":{"title":"SwapFinder Vs. EasySex - Ljestvica spajanja","robots":{"index":"index","follow":"follow","max-snippet":"max-snippet:-1","max-image-preview":"max-image-preview:large","max-video-preview":"max-video-preview:-1"},"canonical":"https:\/\/blowflyofficial.com\/hr\/swapfinder-vs-easysex\/","og_locale":"hr_HR","og_type":"article","og_title":"SwapFinder Vs. EasySex - Ljestvica spajanja","og_description":"Online upoznavanje jedna je od onih stvari koja se \u010dini prili\u010dno jednostavnom: prijavite se, ispunite neka pitanja o sebi i \u010dekate da se utakmice pojave. Ali zapravo je puno vi\u0161e uklju\u010deno od toga. Najosnovniji na\u010din pronala\u017eenja nekoga kompatibilnog je samo prijava u aplikaciju ili web-lokaciju i pregledavanje profila. Ako tra\u017eite ne\u0161to ozbiljno, moglo bi potrajati. ... Op\u0161irnije","og_url":"https:\/\/blowflyofficial.com\/hr\/swapfinder-vs-easysex\/","og_site_name":"Ljestvica spajanja","twitter_card":"summary_large_image","twitter_misc":{"Procijenjeno vrijeme \u010ditanja":"3 minute"},"schema":{"@context":"https:\/\/schema.org","@graph":[{"@type":"WebSite","@id":"http:\/\/blowflyofficial.com\/da\/#website","url":"http:\/\/blowflyofficial.com\/da\/","name":"Ljestvica spajanja","description":"Savjeti za povremene spojeve","potentialAction":[{"@type":"SearchAction","target":{"@type":"EntryPoint","urlTemplate":"http:\/\/blowflyofficial.com\/da\/?s={search_term_string}"},"query-input":"required name=search_term_string"}],"inLanguage":"hr"},{"@type":"WebPage","@id":"https:\/\/blowflyofficial.com\/hr\/swapfinder-vs-easysex\/#webpage","url":"https:\/\/blowflyofficial.com\/hr\/swapfinder-vs-easysex\/","name":"SwapFinder Vs. EasySex - Ljestvica spajanja","isPartOf":{"@id":"http:\/\/blowflyofficial.com\/da\/#website"},"datePublished":"2022-08-30T12:54:35+00:00","dateModified":"2022-08-30T12:54:35+00:00","breadcrumb":{"@id":"https:\/\/blowflyofficial.com\/hr\/swapfinder-vs-easysex\/#breadcrumb"},"inLanguage":"hr","potentialAction":[{"@type":"ReadAction","target":["https:\/\/blowflyofficial.com\/hr\/swapfinder-vs-easysex\/"]}]},{"@type":"BreadcrumbList","@id":"https:\/\/blowflyofficial.com\/hr\/swapfinder-vs-easysex\/#breadcrumb","itemListElement":[{"@type":"ListItem","position":1,"name":"Home","item":"http:\/\/blowflyofficial.com\/hr\/"},{"@type":"ListItem","position":2,"name":"SwapFinder Vs. EasySex"}]}]}},"_links":{"self":[{"href":"https:\/\/blowflyofficial.com\/hr\/wp-json\/wp\/v2\/pages\/160"}],"collection":[{"href":"https:\/\/blowflyofficial.com\/hr\/wp-json\/wp\/v2\/pages"}],"about":[{"href":"https:\/\/blowflyofficial.com\/hr\/wp-json\/wp\/v2\/types\/page"}],"author":[{"embeddable":true,"href":"https:\/\/blowflyofficial.com\/hr\/wp-json\/wp\/v2\/users\/1"}],"replies":[{"embeddable":true,"href":"https:\/\/blowflyofficial.com\/hr\/wp-json\/wp\/v2\/comments?post=160"}],"version-history":[{"count":0,"href":"https:\/\/blowflyofficial.com\/hr\/wp-json\/wp\/v2\/pages\/160\/revisions"}],"wp:attachment":[{"href":"https:\/\/blowflyofficial.com\/hr\/wp-json\/wp\/v2\/media?parent=160"}],"curies":[{"name":"wp","href":"https:\/\/api.w.org\/{rel}","templated":true}]}}