{"id":156,"date":"2022-08-30T14:15:19","date_gmt":"2022-08-30T13:15:19","guid":{"rendered":"http:\/\/blowflyofficial.com\/lezerne-web-stranice-za-upoznavanje-swingera\/"},"modified":"2022-08-30T14:15:19","modified_gmt":"2022-08-30T13:15:19","slug":"lezerne-web-stranice-za-upoznavanje-swingera","status":"publish","type":"page","link":"https:\/\/blowflyofficial.com\/hr\/lezerne-web-stranice-za-upoznavanje-swingera\/","title":{"rendered":"Le\u017eerne web stranice za upoznavanje swingera"},"content":{"rendered":"<p>Najbolji na\u010din da upoznate ljude koji su zainteresirani za swinging je da se pridru\u017eite swinger stranici za upoznavanje. Postoji mnogo opcija, uklju\u010duju\u0107i neke pla\u0107ene, ali otkrili smo da je ve\u0107ina najboljih web lokacija besplatna. Ove web stranice zadovoljavaju posebno one koji tra\u017ee parove, trojke i \u010detvorke. Oni tako\u0111er imaju tendenciju da budu vrlo diskretni u pogledu onoga \u0161to rade, dopu\u0161taju\u0107i \u010dlanovima da komuniciraju bez straha da \u0107e biti uhva\u0107eni.<\/p>\n<p>Testirali smo razli\u010dite web stranice na temelju toga koliko dobro <a href=\"http:\/\/blowflyofficial.com\/hr\/pronadite-milf-u-svom-podrucju\/\">odgovaraju<\/a> na\u0161im kriterijima za pronala\u017eenje lokalnih swingera. Pogledali smo stvari poput broja pokrivenih gradova, koli\u010dine dostupnih informacija i je li mogu\u0107e sortirati profile prema lokaciji. Tako\u0111er smo uzeli u obzir ima li web mjesto mobilnu aplikaciju, kao i je li lako kretati se i razumjeti.<\/p>\n<p>Svijet ljuljanja nije lak. Postoje pravila, propisi i o\u010dekivanja koja treba slijediti. Ali ne brinite &#8211; ne\u0107ete morati i\u0107i sami. Sastavili smo popis najboljih swingerskih web lokacija, uklju\u010duju\u0107i recenzije i ocjene. Osim toga, pokazat \u0107emo vam kako koristiti stranicu za pronala\u017eenje lokalnih swingera u va\u0161oj blizini.<\/p>\n<p>\u017deljeli smo prona\u0107i najbolje web stranice za upoznavanje swingera jer postoji toliko mnogo opcija. Na\u0161 je cilj bio olak\u0161ati svima koji se \u017eele pridru\u017eiti swingerskoj stranici da odaberu onu na temelju gore navedenih kriterija. Stoga smo oti\u0161li ravno do izvora i pitali stvarne ljude: &#8220;Koju swinger stranicu naj\u010de\u0161\u0107e koristite? Za\u0161to? Koji vam najbolje odgovara?&#8221;<\/p>\n<h2>Gdje zapo\u010deti?<\/h2>\n<p>Istra\u017eivanje je provedeno tijekom mjesec i pol dana. Slali smo e-po\u0161tu tisu\u0107ama aktivnih swingera, tra\u017ee\u0107i od njih da sudjeluju u na\u0161oj studiji. Nakon \u0161to smo dobili stotine odgovora, suzili smo popis na 10 najboljih web lokacija i odabrali pobjednike na temelju prikupljenih podataka.<\/p>\n<h3>Aff<\/h3>\n<p>Adult Friend Finder je jo\u0161 uvijek najve\u0107e swingersko mjesto uokolo. Stranica se mo\u017ee pohvaliti s vi\u0161e od 10 milijuna registriranih \u010dlanova i lako je vidjeti za\u0161to. S tako velikim brojem \u010dlanova postoji mnogo mogu\u0107nosti za povezivanje s drugima koji tra\u017ee ljulja\u010dka iskustva.<\/p>\n<p>Najbolji dio AFFCommunity.com je \u0161to je vrlo aktivan. Postoji mnogo na\u010dina za interakciju s drugim \u010dlanovima. Mo\u017eete se pridru\u017eiti grupama na temelju odre\u0111enih interesa kao \u0161to su BDSM, poliamorija, pa \u010dak i feti\u0161i. Ove grupe omogu\u0107uju vam da razgovarate o tome \u0161to \u017eelite u\u010diniti i koliko to \u017eelite u\u010diniti. Tako\u0111er mo\u017eete koristiti forume za postavljanje pitanja i dobivanje savjeta od drugih \u010dlanova.<\/p>\n<h3>Swaps<\/h3>\n<p>Swaps je jo\u0161 jedna izvrsna opcija za pronala\u017eenje partnera. Ova web stranica omogu\u0107uje vam pregledavanje profila ljudi koji se \u017eele zamijeniti. Pretra\u017eivanja mo\u017eete filtrirati prema dobi, spolu, lokaciji i seksualnoj orijentaciji. Nakon \u0161to prona\u0111ete nekoga s kim se \u017eelite sastati, poruke mo\u017eete slati izravno s profila. Ako vam se ne jave u roku od 24 sata, mo\u017eete ponovno poslati poruku.<\/p>\n<h3>Kasidie<\/h3>\n<p>Kasidie.com jedna je od najpopularnijih opcija za one koji \u017eele istra\u017eiti ljuljanje. Oni nude mnogo razli\u010ditih aktivnosti, uklju\u010duju\u0107i zabave, grupni seks i igranje uloga. Ova stranica tako\u0111er nudi sesije web kamere u\u017eivo na kojima mo\u017eete gledati ljude kako izvode djela zajedno.<\/p>\n<h3>Alt<\/h3>\n<p>Ako tra\u017eite dodatno uzbu\u0111enje, pogledajte Alt.com. Ova stranica sadr\u017ei seksi fotografije modela koji su spremni izvr\u0161iti odre\u0111ene radnje. Djevojke se skidaju potpuno gole i pokazuju svoja tijela. Neke od fotografija sadr\u017ee masturbaciju, dok druge imaju eksplicitni hardcore seks.<\/p>\n<p>Mnogo je prednosti pridru\u017eivanja swinger stranici. Prvo, daje vam pristup ogromnom bazenu potencijalnih partnera. Drugo, to vam daje priliku da isprobate ne\u0161to \u0161to ina\u010de nikada ne biste do\u017eivjeli. Tre\u0107e, pru\u017ea sigurno okru\u017eenje za istra\u017eivanje va\u0161ih fantazija. Kona\u010dno, poma\u017ee vam da izbjegnete da vas uhvate kako prljavo razgovarate na mre\u017ei.<\/p>\n","protected":false},"excerpt":{"rendered":"<p>Najbolji na\u010din da upoznate ljude koji su zainteresirani za swinging je da se pridru\u017eite swinger stranici za upoznavanje. Postoji mnogo opcija, uklju\u010duju\u0107i neke pla\u0107ene, ali otkrili smo da je ve\u0107ina najboljih web lokacija besplatna. Ove web stranice zadovoljavaju posebno one koji tra\u017ee parove, trojke i \u010detvorke. Oni tako\u0111er imaju tendenciju da budu vrlo diskretni u &#8230; <a title=\"Le\u017eerne web stranice za upoznavanje swingera\" class=\"read-more\" href=\"https:\/\/blowflyofficial.com\/hr\/lezerne-web-stranice-za-upoznavanje-swingera\/\" aria-label=\"More on Le\u017eerne web stranice za upoznavanje swingera\">Op\u0161irnije<\/a><\/p>\n","protected":false},"author":1,"featured_media":0,"parent":0,"menu_order":0,"comment_status":"closed","ping_status":"closed","template":"","meta":[],"yoast_head":"<!-- This site is optimized with the Yoast SEO plugin v17.7.1 - https:\/\/yoast.com\/wordpress\/plugins\/seo\/ -->\n<title>Le\u017eerne web stranice za upoznavanje swingera - Ljestvica spajanja<\/title>\n<meta name=\"robots\" content=\"index, follow, max-snippet:-1, max-image-preview:large, max-video-preview:-1\" \/>\n<link rel=\"canonical\" href=\"https:\/\/blowflyofficial.com\/hr\/lezerne-web-stranice-za-upoznavanje-swingera\/\" \/>\n<meta property=\"og:locale\" content=\"hr_HR\" \/>\n<meta property=\"og:type\" content=\"article\" \/>\n<meta property=\"og:title\" content=\"Le\u017eerne web stranice za upoznavanje swingera - Ljestvica spajanja\" \/>\n<meta property=\"og:description\" content=\"Najbolji na\u010din da upoznate ljude koji su zainteresirani za swinging je da se pridru\u017eite swinger stranici za upoznavanje. Postoji mnogo opcija, uklju\u010duju\u0107i neke pla\u0107ene, ali otkrili smo da je ve\u0107ina najboljih web lokacija besplatna. Ove web stranice zadovoljavaju posebno one koji tra\u017ee parove, trojke i \u010detvorke. Oni tako\u0111er imaju tendenciju da budu vrlo diskretni u ... Op\u0161irnije\" \/>\n<meta property=\"og:url\" content=\"https:\/\/blowflyofficial.com\/hr\/lezerne-web-stranice-za-upoznavanje-swingera\/\" \/>\n<meta property=\"og:site_name\" content=\"Ljestvica spajanja\" \/>\n<meta name=\"twitter:card\" content=\"summary_large_image\" \/>\n<meta name=\"twitter:label1\" content=\"Procijenjeno vrijeme \u010ditanja\" \/>\n\t<meta name=\"twitter:data1\" content=\"3 minute\" \/>\n<script type=\"application\/ld+json\" class=\"yoast-schema-graph\">{\"@context\":\"https:\/\/schema.org\",\"@graph\":[{\"@type\":\"WebSite\",\"@id\":\"http:\/\/blowflyofficial.com\/da\/#website\",\"url\":\"http:\/\/blowflyofficial.com\/da\/\",\"name\":\"Ljestvica spajanja\",\"description\":\"Savjeti za povremene spojeve\",\"potentialAction\":[{\"@type\":\"SearchAction\",\"target\":{\"@type\":\"EntryPoint\",\"urlTemplate\":\"http:\/\/blowflyofficial.com\/da\/?s={search_term_string}\"},\"query-input\":\"required name=search_term_string\"}],\"inLanguage\":\"hr\"},{\"@type\":\"WebPage\",\"@id\":\"https:\/\/blowflyofficial.com\/hr\/lezerne-web-stranice-za-upoznavanje-swingera\/#webpage\",\"url\":\"https:\/\/blowflyofficial.com\/hr\/lezerne-web-stranice-za-upoznavanje-swingera\/\",\"name\":\"Le\\u017eerne web stranice za upoznavanje swingera - Ljestvica spajanja\",\"isPartOf\":{\"@id\":\"http:\/\/blowflyofficial.com\/da\/#website\"},\"datePublished\":\"2022-08-30T13:15:19+00:00\",\"dateModified\":\"2022-08-30T13:15:19+00:00\",\"breadcrumb\":{\"@id\":\"https:\/\/blowflyofficial.com\/hr\/lezerne-web-stranice-za-upoznavanje-swingera\/#breadcrumb\"},\"inLanguage\":\"hr\",\"potentialAction\":[{\"@type\":\"ReadAction\",\"target\":[\"https:\/\/blowflyofficial.com\/hr\/lezerne-web-stranice-za-upoznavanje-swingera\/\"]}]},{\"@type\":\"BreadcrumbList\",\"@id\":\"https:\/\/blowflyofficial.com\/hr\/lezerne-web-stranice-za-upoznavanje-swingera\/#breadcrumb\",\"itemListElement\":[{\"@type\":\"ListItem\",\"position\":1,\"name\":\"Home\",\"item\":\"http:\/\/blowflyofficial.com\/hr\/\"},{\"@type\":\"ListItem\",\"position\":2,\"name\":\"Le\\u017eerne web stranice za upoznavanje swingera\"}]}]}<\/script>\n<!-- \/ Yoast SEO plugin. -->","yoast_head_json":{"title":"Le\u017eerne web stranice za upoznavanje swingera - Ljestvica spajanja","robots":{"index":"index","follow":"follow","max-snippet":"max-snippet:-1","max-image-preview":"max-image-preview:large","max-video-preview":"max-video-preview:-1"},"canonical":"https:\/\/blowflyofficial.com\/hr\/lezerne-web-stranice-za-upoznavanje-swingera\/","og_locale":"hr_HR","og_type":"article","og_title":"Le\u017eerne web stranice za upoznavanje swingera - Ljestvica spajanja","og_description":"Najbolji na\u010din da upoznate ljude koji su zainteresirani za swinging je da se pridru\u017eite swinger stranici za upoznavanje. Postoji mnogo opcija, uklju\u010duju\u0107i neke pla\u0107ene, ali otkrili smo da je ve\u0107ina najboljih web lokacija besplatna. Ove web stranice zadovoljavaju posebno one koji tra\u017ee parove, trojke i \u010detvorke. Oni tako\u0111er imaju tendenciju da budu vrlo diskretni u ... Op\u0161irnije","og_url":"https:\/\/blowflyofficial.com\/hr\/lezerne-web-stranice-za-upoznavanje-swingera\/","og_site_name":"Ljestvica spajanja","twitter_card":"summary_large_image","twitter_misc":{"Procijenjeno vrijeme \u010ditanja":"3 minute"},"schema":{"@context":"https:\/\/schema.org","@graph":[{"@type":"WebSite","@id":"http:\/\/blowflyofficial.com\/da\/#website","url":"http:\/\/blowflyofficial.com\/da\/","name":"Ljestvica spajanja","description":"Savjeti za povremene spojeve","potentialAction":[{"@type":"SearchAction","target":{"@type":"EntryPoint","urlTemplate":"http:\/\/blowflyofficial.com\/da\/?s={search_term_string}"},"query-input":"required name=search_term_string"}],"inLanguage":"hr"},{"@type":"WebPage","@id":"https:\/\/blowflyofficial.com\/hr\/lezerne-web-stranice-za-upoznavanje-swingera\/#webpage","url":"https:\/\/blowflyofficial.com\/hr\/lezerne-web-stranice-za-upoznavanje-swingera\/","name":"Le\u017eerne web stranice za upoznavanje swingera - Ljestvica spajanja","isPartOf":{"@id":"http:\/\/blowflyofficial.com\/da\/#website"},"datePublished":"2022-08-30T13:15:19+00:00","dateModified":"2022-08-30T13:15:19+00:00","breadcrumb":{"@id":"https:\/\/blowflyofficial.com\/hr\/lezerne-web-stranice-za-upoznavanje-swingera\/#breadcrumb"},"inLanguage":"hr","potentialAction":[{"@type":"ReadAction","target":["https:\/\/blowflyofficial.com\/hr\/lezerne-web-stranice-za-upoznavanje-swingera\/"]}]},{"@type":"BreadcrumbList","@id":"https:\/\/blowflyofficial.com\/hr\/lezerne-web-stranice-za-upoznavanje-swingera\/#breadcrumb","itemListElement":[{"@type":"ListItem","position":1,"name":"Home","item":"http:\/\/blowflyofficial.com\/hr\/"},{"@type":"ListItem","position":2,"name":"Le\u017eerne web stranice za upoznavanje swingera"}]}]}},"_links":{"self":[{"href":"https:\/\/blowflyofficial.com\/hr\/wp-json\/wp\/v2\/pages\/156"}],"collection":[{"href":"https:\/\/blowflyofficial.com\/hr\/wp-json\/wp\/v2\/pages"}],"about":[{"href":"https:\/\/blowflyofficial.com\/hr\/wp-json\/wp\/v2\/types\/page"}],"author":[{"embeddable":true,"href":"https:\/\/blowflyofficial.com\/hr\/wp-json\/wp\/v2\/users\/1"}],"replies":[{"embeddable":true,"href":"https:\/\/blowflyofficial.com\/hr\/wp-json\/wp\/v2\/comments?post=156"}],"version-history":[{"count":0,"href":"https:\/\/blowflyofficial.com\/hr\/wp-json\/wp\/v2\/pages\/156\/revisions"}],"wp:attachment":[{"href":"https:\/\/blowflyofficial.com\/hr\/wp-json\/wp\/v2\/media?parent=156"}],"curies":[{"name":"wp","href":"https:\/\/api.w.org\/{rel}","templated":true}]}}