{"id":145,"date":"2022-08-30T14:12:58","date_gmt":"2022-08-30T13:12:58","guid":{"rendered":"http:\/\/blowflyofficial.com\/pronadite-milf-u-svom-podrucju\/"},"modified":"2022-08-30T14:12:58","modified_gmt":"2022-08-30T13:12:58","slug":"pronadite-milf-u-svom-podrucju","status":"publish","type":"page","link":"https:\/\/blowflyofficial.com\/hr\/pronadite-milf-u-svom-podrucju\/","title":{"rendered":"Prona\u0111ite MILF u svom podru\u010dju"},"content":{"rendered":"<p>MILF-ovi su vru\u0107i. Napaljeni su, iskusni i znaju \u0161to \u017eele. Ne morate se brinuti da \u0107ete nastradati jer \u0107ete mo\u0107i zadovoljiti njezine potrebe. Ako se \u017eelite spojiti s milfom, postoji mnogo web mjesta na kojima mo\u017eete prona\u0107i jednu u blizini. Ova stranica olak\u0161ava upoznavanje lokalnih milfova i u\u017eivanje u seksualnoj zabavi. Bilo da tra\u017eite neobavezni susret ili ne\u0161to ozbiljnije, imat \u0107ete pristup tisu\u0107ama stvarnih ljudi koji su ba\u0161 poput vas.<\/p>\n<h2>Popis lokalnih MILF-ova na internetu<\/h2>\n<p>Znate kako to ide&#8230; vidite jednu vru\u0107u djevojku na mre\u017ei, razmi\u0161ljate o slanju poruka, a onda na kraju provedete sate pregledavaju\u0107i profile tra\u017ee\u0107i nekoga poput nje. Tada kona\u010dno odlu\u010dite dati priliku i poslati joj poruku, nadaju\u0107i se da mo\u017eda postoji ne\u0161to posebno u njezinom profilu zbog \u010dega se isti\u010de od svih ostalih. Ali istina je da ve\u0107inu vremena ne zna\u0161 ni za\u0161to te stalno odbijaju. I dok ne ka\u017eem da \u0107e svaka osoba na na\u0161oj web stranici biti savr\u0161ena za vas, ka\u017eem da \u0107emo se pobrinuti da prona\u0111ete upravo onu vrstu milf koju tra\u017eite. Pomo\u0107i \u0107emo vam da prona\u0111ete stariju \u017eenu koja razumije \u0161to \u017eelite i trebate i zna \u0161to u\u010diniti kako bi vas zadovoljila. Stoga prestanite tra\u017eiti te seksi mlade komadi i po\u010dnite pronalaziti pravu stvar ve\u0107 danas!<\/p>\n<h2>Kako prona\u0107i seks s napaljenim mamama u va\u0161oj blizini<\/h2>\n<p>MILF-ovi su neke od najzgodnijih \u017eena u okolini. Znaju kako se pona\u0161ati prema mu\u0161karcu i vole seks. Nema sumnje u to, oni su jedna od najboljih vrsta spojeva vani. Ali ve\u0107ina momaka nije sigurna odakle po\u010deti kada poku\u0161ava izlaziti s MILF-om. Stoga smo sastavili nekoliko savjeta koji \u0107e vam pomo\u0107i da prona\u0111ete uspjeh u milf datingu. Internet je pun MILF stranica za spajanje na kojima se starije \u017eene susre\u0107u s mla\u0111im mu\u0161karcima. Ove web stranice nude besplatno \u010dlanstvo svima koji su spremni platiti ne\u0161to novca. Samo se trebate prijaviti i po\u010deti pregledavati profile. Tisu\u0107e \u010dlanova \u010dekaju da na\u0111u nekoga poput tebe. Ne morate \u010dak ni slati poruke jedni drugima. Samo pregledajte profile i odaberite onaj koji izgleda zanimljivo. Nakon toga je lako razmijeniti podatke za kontakt. Nakon \u0161to prona\u0111ete nekoga s kim \u017eelite razgovarati, mo\u017eete ga pozvati na kavu ili ve\u010deru. Ako prihvati, znat \u0107ete \u0161to dalje.<\/p>\n<h3>Zoosk<\/h3>\n<p>Zoosk je odli\u010dno mjesto za upoznavanje milfova koji tra\u017ee zabavu. Ova web stranica omogu\u0107uje vam prijenos fotografija i videozapisa sebe, a \u010dak mo\u017eete koristiti i aplikaciju za razgovor s potencijalnim podudaranjima. Profile mo\u017eete pregledavati na temelju lokacije, dobnog raspona, spola, interesa i jo\u0161 mnogo toga. Nakon \u0161to prona\u0111ete nekoga tko vam se svi\u0111a, mo\u017eete slati poruke, postavljati pitanja i dogovarati datume.<\/p>\n<h3>AdultFriendFinder<\/h3>\n<p>Adult Friend Finder jedna je od najstarijih i najve\u0107ih web lokacija za upoznavanje odraslih na mre\u017ei. S vi\u0161e od 20 milijuna \u010dlanova, AF pronalazi ljude zainteresirane za sve, od nastranih feti\u0161a do swinging parova. Nudi vrlo aktivnu dru\u0161tvenu mre\u017eu u kojoj se \u010dlanovi mogu me\u0111usobno povezati. Mo\u017eete pregledavati slike \u010dlanova, chat, e-po\u0161tu i jo\u0161 mnogo toga.<\/p>\n<h3>MommyFinders<\/h3>\n<p>Mamafinders je jo\u0161 jedan dobar izbor za milfs koji tra\u017ee zabavu na mre\u017ei. Ova stranica radi ba\u0161 kao i Tinder, osim \u0161to ne prelazite prstom ulijevo ili udesno. Umjesto toga, podudarate se s ljudima prema va\u0161im \u017eeljama. Na primjer, \u010dlanove mo\u017eete filtrirati prema etni\u010dkoj pripadnosti, dobi, tipu tijela, na\u010dinu \u017eivota i jo\u0161 mnogo toga. Nakon \u0161to se poklopite s nekoliko osoba, mo\u017eete po\u010deti razgovarati s njima putem sms-a ili videopoziva.<\/p>\n","protected":false},"excerpt":{"rendered":"<p>MILF-ovi su vru\u0107i. Napaljeni su, iskusni i znaju \u0161to \u017eele. Ne morate se brinuti da \u0107ete nastradati jer \u0107ete mo\u0107i zadovoljiti njezine potrebe. Ako se \u017eelite spojiti s milfom, postoji mnogo web mjesta na kojima mo\u017eete prona\u0107i jednu u blizini. Ova stranica olak\u0161ava upoznavanje lokalnih milfova i u\u017eivanje u seksualnoj zabavi. Bilo da tra\u017eite neobavezni &#8230; <a title=\"Prona\u0111ite MILF u svom podru\u010dju\" class=\"read-more\" href=\"https:\/\/blowflyofficial.com\/hr\/pronadite-milf-u-svom-podrucju\/\" aria-label=\"More on Prona\u0111ite MILF u svom podru\u010dju\">Op\u0161irnije<\/a><\/p>\n","protected":false},"author":1,"featured_media":0,"parent":0,"menu_order":0,"comment_status":"closed","ping_status":"closed","template":"","meta":[],"yoast_head":"<!-- This site is optimized with the Yoast SEO plugin v17.7.1 - https:\/\/yoast.com\/wordpress\/plugins\/seo\/ -->\n<title>Prona\u0111ite MILF u svom podru\u010dju - Ljestvica spajanja<\/title>\n<meta name=\"robots\" content=\"index, follow, max-snippet:-1, max-image-preview:large, max-video-preview:-1\" \/>\n<link rel=\"canonical\" href=\"https:\/\/blowflyofficial.com\/hr\/pronadite-milf-u-svom-podrucju\/\" \/>\n<meta property=\"og:locale\" content=\"hr_HR\" \/>\n<meta property=\"og:type\" content=\"article\" \/>\n<meta property=\"og:title\" content=\"Prona\u0111ite MILF u svom podru\u010dju - Ljestvica spajanja\" \/>\n<meta property=\"og:description\" content=\"MILF-ovi su vru\u0107i. Napaljeni su, iskusni i znaju \u0161to \u017eele. Ne morate se brinuti da \u0107ete nastradati jer \u0107ete mo\u0107i zadovoljiti njezine potrebe. Ako se \u017eelite spojiti s milfom, postoji mnogo web mjesta na kojima mo\u017eete prona\u0107i jednu u blizini. Ova stranica olak\u0161ava upoznavanje lokalnih milfova i u\u017eivanje u seksualnoj zabavi. Bilo da tra\u017eite neobavezni ... Op\u0161irnije\" \/>\n<meta property=\"og:url\" content=\"https:\/\/blowflyofficial.com\/hr\/pronadite-milf-u-svom-podrucju\/\" \/>\n<meta property=\"og:site_name\" content=\"Ljestvica spajanja\" \/>\n<meta name=\"twitter:card\" content=\"summary_large_image\" \/>\n<meta name=\"twitter:label1\" content=\"Procijenjeno vrijeme \u010ditanja\" \/>\n\t<meta name=\"twitter:data1\" content=\"3 minute\" \/>\n<script type=\"application\/ld+json\" class=\"yoast-schema-graph\">{\"@context\":\"https:\/\/schema.org\",\"@graph\":[{\"@type\":\"WebSite\",\"@id\":\"http:\/\/blowflyofficial.com\/da\/#website\",\"url\":\"http:\/\/blowflyofficial.com\/da\/\",\"name\":\"Ljestvica spajanja\",\"description\":\"Savjeti za povremene spojeve\",\"potentialAction\":[{\"@type\":\"SearchAction\",\"target\":{\"@type\":\"EntryPoint\",\"urlTemplate\":\"http:\/\/blowflyofficial.com\/da\/?s={search_term_string}\"},\"query-input\":\"required name=search_term_string\"}],\"inLanguage\":\"hr\"},{\"@type\":\"WebPage\",\"@id\":\"https:\/\/blowflyofficial.com\/hr\/pronadite-milf-u-svom-podrucju\/#webpage\",\"url\":\"https:\/\/blowflyofficial.com\/hr\/pronadite-milf-u-svom-podrucju\/\",\"name\":\"Prona\\u0111ite MILF u svom podru\\u010dju - Ljestvica spajanja\",\"isPartOf\":{\"@id\":\"http:\/\/blowflyofficial.com\/da\/#website\"},\"datePublished\":\"2022-08-30T13:12:58+00:00\",\"dateModified\":\"2022-08-30T13:12:58+00:00\",\"breadcrumb\":{\"@id\":\"https:\/\/blowflyofficial.com\/hr\/pronadite-milf-u-svom-podrucju\/#breadcrumb\"},\"inLanguage\":\"hr\",\"potentialAction\":[{\"@type\":\"ReadAction\",\"target\":[\"https:\/\/blowflyofficial.com\/hr\/pronadite-milf-u-svom-podrucju\/\"]}]},{\"@type\":\"BreadcrumbList\",\"@id\":\"https:\/\/blowflyofficial.com\/hr\/pronadite-milf-u-svom-podrucju\/#breadcrumb\",\"itemListElement\":[{\"@type\":\"ListItem\",\"position\":1,\"name\":\"Home\",\"item\":\"http:\/\/blowflyofficial.com\/hr\/\"},{\"@type\":\"ListItem\",\"position\":2,\"name\":\"Prona\\u0111ite MILF u svom podru\\u010dju\"}]}]}<\/script>\n<!-- \/ Yoast SEO plugin. -->","yoast_head_json":{"title":"Prona\u0111ite MILF u svom podru\u010dju - Ljestvica spajanja","robots":{"index":"index","follow":"follow","max-snippet":"max-snippet:-1","max-image-preview":"max-image-preview:large","max-video-preview":"max-video-preview:-1"},"canonical":"https:\/\/blowflyofficial.com\/hr\/pronadite-milf-u-svom-podrucju\/","og_locale":"hr_HR","og_type":"article","og_title":"Prona\u0111ite MILF u svom podru\u010dju - Ljestvica spajanja","og_description":"MILF-ovi su vru\u0107i. Napaljeni su, iskusni i znaju \u0161to \u017eele. Ne morate se brinuti da \u0107ete nastradati jer \u0107ete mo\u0107i zadovoljiti njezine potrebe. Ako se \u017eelite spojiti s milfom, postoji mnogo web mjesta na kojima mo\u017eete prona\u0107i jednu u blizini. Ova stranica olak\u0161ava upoznavanje lokalnih milfova i u\u017eivanje u seksualnoj zabavi. Bilo da tra\u017eite neobavezni ... Op\u0161irnije","og_url":"https:\/\/blowflyofficial.com\/hr\/pronadite-milf-u-svom-podrucju\/","og_site_name":"Ljestvica spajanja","twitter_card":"summary_large_image","twitter_misc":{"Procijenjeno vrijeme \u010ditanja":"3 minute"},"schema":{"@context":"https:\/\/schema.org","@graph":[{"@type":"WebSite","@id":"http:\/\/blowflyofficial.com\/da\/#website","url":"http:\/\/blowflyofficial.com\/da\/","name":"Ljestvica spajanja","description":"Savjeti za povremene spojeve","potentialAction":[{"@type":"SearchAction","target":{"@type":"EntryPoint","urlTemplate":"http:\/\/blowflyofficial.com\/da\/?s={search_term_string}"},"query-input":"required name=search_term_string"}],"inLanguage":"hr"},{"@type":"WebPage","@id":"https:\/\/blowflyofficial.com\/hr\/pronadite-milf-u-svom-podrucju\/#webpage","url":"https:\/\/blowflyofficial.com\/hr\/pronadite-milf-u-svom-podrucju\/","name":"Prona\u0111ite MILF u svom podru\u010dju - Ljestvica spajanja","isPartOf":{"@id":"http:\/\/blowflyofficial.com\/da\/#website"},"datePublished":"2022-08-30T13:12:58+00:00","dateModified":"2022-08-30T13:12:58+00:00","breadcrumb":{"@id":"https:\/\/blowflyofficial.com\/hr\/pronadite-milf-u-svom-podrucju\/#breadcrumb"},"inLanguage":"hr","potentialAction":[{"@type":"ReadAction","target":["https:\/\/blowflyofficial.com\/hr\/pronadite-milf-u-svom-podrucju\/"]}]},{"@type":"BreadcrumbList","@id":"https:\/\/blowflyofficial.com\/hr\/pronadite-milf-u-svom-podrucju\/#breadcrumb","itemListElement":[{"@type":"ListItem","position":1,"name":"Home","item":"http:\/\/blowflyofficial.com\/hr\/"},{"@type":"ListItem","position":2,"name":"Prona\u0111ite MILF u svom podru\u010dju"}]}]}},"_links":{"self":[{"href":"https:\/\/blowflyofficial.com\/hr\/wp-json\/wp\/v2\/pages\/145"}],"collection":[{"href":"https:\/\/blowflyofficial.com\/hr\/wp-json\/wp\/v2\/pages"}],"about":[{"href":"https:\/\/blowflyofficial.com\/hr\/wp-json\/wp\/v2\/types\/page"}],"author":[{"embeddable":true,"href":"https:\/\/blowflyofficial.com\/hr\/wp-json\/wp\/v2\/users\/1"}],"replies":[{"embeddable":true,"href":"https:\/\/blowflyofficial.com\/hr\/wp-json\/wp\/v2\/comments?post=145"}],"version-history":[{"count":0,"href":"https:\/\/blowflyofficial.com\/hr\/wp-json\/wp\/v2\/pages\/145\/revisions"}],"wp:attachment":[{"href":"https:\/\/blowflyofficial.com\/hr\/wp-json\/wp\/v2\/media?parent=145"}],"curies":[{"name":"wp","href":"https:\/\/api.w.org\/{rel}","templated":true}]}}