{"id":142,"date":"2022-08-30T14:17:26","date_gmt":"2022-08-30T13:17:26","guid":{"rendered":"http:\/\/blowflyofficial.com\/one-night-stand-finder\/"},"modified":"2022-08-30T14:17:26","modified_gmt":"2022-08-30T13:17:26","slug":"one-night-stand-finder","status":"publish","type":"page","link":"https:\/\/blowflyofficial.com\/hr\/one-night-stand-finder\/","title":{"rendered":"One Night Stand Finder"},"content":{"rendered":"<p>Ako \u017eelite povu\u0107i vezu za jednu no\u0107 sa \u017eenama, potrebna je neka priprema i strategija. Ne mo\u017ee\u0161 samo pri\u0107i \u017eeni i pitati je \u0161to \u017eeli. Ako to u\u010dinite, vjerojatno \u0107ete zavr\u0161iti odbijeni. Postoje odre\u0111ene stvari koje trebate znati o \u017eenama prije nego \u0161to im se pribli\u017eite. Evo koraka koje trebate poduzeti da biste izveli veze za jednu no\u0107 sa \u017eenama.<\/p>\n<h2>Na\u0161i savjeti za pronala\u017eenje ne\u010deg le\u017eernog<\/h2>\n<p>Mnogi ljudi misle da je neobavezni seks samo \u0161eva bez brige o bilo \u010demu drugom. Ali postoji mnogo stvari koje treba uzeti u obzir izvan samog fizi\u010dkog \u010dina. Uklju\u010deni su rizici koji bi mogli utjecati na obje strane. \u010cak i ako se nijedna osoba ne osje\u0107a kao da je pod pritiskom da u\u010dini ne\u0161to \u0161to ne \u017eeli, jo\u0161 uvijek postoje na\u010dini da se pobrinemo da je svima ugodno.<\/p>\n<h3>Prvo upoznajte sebe<\/h3>\n<p>Najva\u017enija stvar koju trebate u\u010diniti prije povla\u010denja veze za jednu no\u0107 sa \u017eenom je razumjeti sebe. \u0160to vas pokre\u0107e? Za\u0161to tako reagira\u0161? Kako ti mozak radi? Ova pitanja poma\u017eu vam da shvatite za\u0161to se pona\u0161ate na na\u010din na koji se pona\u0161ate. Nakon \u0161to odgovorite na ta pitanja, spremni ste krenuti naprijed.<\/p>\n<h3>Budite iskreni o svojim namjerama<\/h3>\n<p>Zatim se morate pobrinuti da ka\u017eete istinu o svojim namjerama. Ne la\u017ei ni sebi ni drugima. Recite istinu o tome kako se osje\u0107ate i \u0161to \u017eelite. Ako ka\u017ee\u0161 ne\u0161to poput &#8220;Tra\u017eim nekog posebnog&#8221;, mo\u017eda \u0107e\u0161 se na\u0107i sam sljede\u0107eg jutra. Ako ste iskreni, ne\u0107ete morati brinuti ho\u0107e li vas odbiti.<\/p>\n<h3>Postavljanje pitanja<\/h3>\n<p>Kad upozna\u0161 ljude, obi\u010dno razgovara\u0161 s njima. Kad upozna\u0161 \u017eene, obi\u010dno po\u010dne\u0161 pri\u010dati s njima. Ali nema razloga da ulazimo ravno u razgovor. Umjesto toga, koristite mali razgovor kako biste saznali vi\u0161e o osobi. Postavljajte otvorena pitanja. Na primjer, &#8220;\u0160to ti radi\u0161?&#8221; &#8220;Gdje si odrastao?&#8221; &#8220;\u017divite li ovdje?&#8221;<\/p>\n<h3>Upoznajte svoju igru<\/h3>\n<p>Prvi korak u preuzimanju djevojke je poznavanje sebe. Mora\u0161 razumjeti \u0161to te \u010dini privla\u010dnim \u017eenama. Voli\u0161 li razgovarati s ljudima? Jesi li na odlasku? Jesi li smije\u0161an? Te stvari su bitne. Ako ste srame\u017eljivi, ne brinite; Na\u0107i \u0107ete nekog drugog. Ali ako ste samo neugodno, mo\u017eda \u0107e vam biti te\u0161ko po\u0161eviti.<\/p>\n<p>Ne podcjenjuj humor. \u017dene vole de\u010dke koji zbijaju \u0161ale. Misle da to pokazuje samopouzdanje. I dok se ne biste trebali rugati ljudima, morate se s vremena na vrijeme opustiti. Kada to u\u010dinite, to poma\u017ee da se olabavi.<\/p>\n<h2>Budu\u0107nost spajanja?<\/h2>\n<p>Tinder je \u010desto kritiziran jer je proslavljena aplikacija za seks, ali zapravo radi ne\u0161to sasvim drugo. Zapravo, poma\u017ee ljudima da se kre\u0107u svijetom spojeva na potpuno nov na\u010din.<\/p>\n<p>U starim vremenima, susret s nekim zna\u010dio je da morate sjesti uz pi\u0107e i ve\u010deru, slu\u0161ati dosadne pri\u010de o sebi i nadati se da \u0107ete se slagati. Zatim je do\u0161ao online dating, gdje smo mogli presko\u010diti sve to i upoznati potencijalne partnere u virtualnim chat sobama. Ali \u0161to se doga\u0111a kada se \u017eelite sastati bez sati razgovora na ra\u010dunalu? Pa, ode\u0161 u bar ili klub, i nada\u0161 se da \u0107e\u0161 naletjeti na nekog cool. Ili nazove\u0161 prijateljicu i zamoli\u0161 je da ti smjesti. Me\u0111utim, bilo koja opcija zahtijeva odre\u0111eni napor i mo\u017ee potrajati tjednima.<\/p>\n","protected":false},"excerpt":{"rendered":"<p>Ako \u017eelite povu\u0107i vezu za jednu no\u0107 sa \u017eenama, potrebna je neka priprema i strategija. Ne mo\u017ee\u0161 samo pri\u0107i \u017eeni i pitati je \u0161to \u017eeli. Ako to u\u010dinite, vjerojatno \u0107ete zavr\u0161iti odbijeni. Postoje odre\u0111ene stvari koje trebate znati o \u017eenama prije nego \u0161to im se pribli\u017eite. Evo koraka koje trebate poduzeti da biste izveli veze &#8230; <a title=\"One Night Stand Finder\" class=\"read-more\" href=\"https:\/\/blowflyofficial.com\/hr\/one-night-stand-finder\/\" aria-label=\"More on One Night Stand Finder\">Op\u0161irnije<\/a><\/p>\n","protected":false},"author":1,"featured_media":0,"parent":0,"menu_order":0,"comment_status":"closed","ping_status":"closed","template":"","meta":[],"yoast_head":"<!-- This site is optimized with the Yoast SEO plugin v17.7.1 - https:\/\/yoast.com\/wordpress\/plugins\/seo\/ -->\n<title>One Night Stand Finder - Ljestvica spajanja<\/title>\n<meta name=\"robots\" content=\"index, follow, max-snippet:-1, max-image-preview:large, max-video-preview:-1\" \/>\n<link rel=\"canonical\" href=\"https:\/\/blowflyofficial.com\/hr\/one-night-stand-finder\/\" \/>\n<meta property=\"og:locale\" content=\"hr_HR\" \/>\n<meta property=\"og:type\" content=\"article\" \/>\n<meta property=\"og:title\" content=\"One Night Stand Finder - Ljestvica spajanja\" \/>\n<meta property=\"og:description\" content=\"Ako \u017eelite povu\u0107i vezu za jednu no\u0107 sa \u017eenama, potrebna je neka priprema i strategija. Ne mo\u017ee\u0161 samo pri\u0107i \u017eeni i pitati je \u0161to \u017eeli. Ako to u\u010dinite, vjerojatno \u0107ete zavr\u0161iti odbijeni. Postoje odre\u0111ene stvari koje trebate znati o \u017eenama prije nego \u0161to im se pribli\u017eite. Evo koraka koje trebate poduzeti da biste izveli veze ... Op\u0161irnije\" \/>\n<meta property=\"og:url\" content=\"https:\/\/blowflyofficial.com\/hr\/one-night-stand-finder\/\" \/>\n<meta property=\"og:site_name\" content=\"Ljestvica spajanja\" \/>\n<meta name=\"twitter:card\" content=\"summary_large_image\" \/>\n<meta name=\"twitter:label1\" content=\"Procijenjeno vrijeme \u010ditanja\" \/>\n\t<meta name=\"twitter:data1\" content=\"3 minute\" \/>\n<script type=\"application\/ld+json\" class=\"yoast-schema-graph\">{\"@context\":\"https:\/\/schema.org\",\"@graph\":[{\"@type\":\"WebSite\",\"@id\":\"http:\/\/blowflyofficial.com\/da\/#website\",\"url\":\"http:\/\/blowflyofficial.com\/da\/\",\"name\":\"Ljestvica spajanja\",\"description\":\"Savjeti za povremene spojeve\",\"potentialAction\":[{\"@type\":\"SearchAction\",\"target\":{\"@type\":\"EntryPoint\",\"urlTemplate\":\"http:\/\/blowflyofficial.com\/da\/?s={search_term_string}\"},\"query-input\":\"required name=search_term_string\"}],\"inLanguage\":\"hr\"},{\"@type\":\"WebPage\",\"@id\":\"https:\/\/blowflyofficial.com\/hr\/one-night-stand-finder\/#webpage\",\"url\":\"https:\/\/blowflyofficial.com\/hr\/one-night-stand-finder\/\",\"name\":\"One Night Stand Finder - Ljestvica spajanja\",\"isPartOf\":{\"@id\":\"http:\/\/blowflyofficial.com\/da\/#website\"},\"datePublished\":\"2022-08-30T13:17:26+00:00\",\"dateModified\":\"2022-08-30T13:17:26+00:00\",\"breadcrumb\":{\"@id\":\"https:\/\/blowflyofficial.com\/hr\/one-night-stand-finder\/#breadcrumb\"},\"inLanguage\":\"hr\",\"potentialAction\":[{\"@type\":\"ReadAction\",\"target\":[\"https:\/\/blowflyofficial.com\/hr\/one-night-stand-finder\/\"]}]},{\"@type\":\"BreadcrumbList\",\"@id\":\"https:\/\/blowflyofficial.com\/hr\/one-night-stand-finder\/#breadcrumb\",\"itemListElement\":[{\"@type\":\"ListItem\",\"position\":1,\"name\":\"Home\",\"item\":\"http:\/\/blowflyofficial.com\/hr\/\"},{\"@type\":\"ListItem\",\"position\":2,\"name\":\"One Night Stand Finder\"}]}]}<\/script>\n<!-- \/ Yoast SEO plugin. -->","yoast_head_json":{"title":"One Night Stand Finder - Ljestvica spajanja","robots":{"index":"index","follow":"follow","max-snippet":"max-snippet:-1","max-image-preview":"max-image-preview:large","max-video-preview":"max-video-preview:-1"},"canonical":"https:\/\/blowflyofficial.com\/hr\/one-night-stand-finder\/","og_locale":"hr_HR","og_type":"article","og_title":"One Night Stand Finder - Ljestvica spajanja","og_description":"Ako \u017eelite povu\u0107i vezu za jednu no\u0107 sa \u017eenama, potrebna je neka priprema i strategija. Ne mo\u017ee\u0161 samo pri\u0107i \u017eeni i pitati je \u0161to \u017eeli. Ako to u\u010dinite, vjerojatno \u0107ete zavr\u0161iti odbijeni. Postoje odre\u0111ene stvari koje trebate znati o \u017eenama prije nego \u0161to im se pribli\u017eite. Evo koraka koje trebate poduzeti da biste izveli veze ... Op\u0161irnije","og_url":"https:\/\/blowflyofficial.com\/hr\/one-night-stand-finder\/","og_site_name":"Ljestvica spajanja","twitter_card":"summary_large_image","twitter_misc":{"Procijenjeno vrijeme \u010ditanja":"3 minute"},"schema":{"@context":"https:\/\/schema.org","@graph":[{"@type":"WebSite","@id":"http:\/\/blowflyofficial.com\/da\/#website","url":"http:\/\/blowflyofficial.com\/da\/","name":"Ljestvica spajanja","description":"Savjeti za povremene spojeve","potentialAction":[{"@type":"SearchAction","target":{"@type":"EntryPoint","urlTemplate":"http:\/\/blowflyofficial.com\/da\/?s={search_term_string}"},"query-input":"required name=search_term_string"}],"inLanguage":"hr"},{"@type":"WebPage","@id":"https:\/\/blowflyofficial.com\/hr\/one-night-stand-finder\/#webpage","url":"https:\/\/blowflyofficial.com\/hr\/one-night-stand-finder\/","name":"One Night Stand Finder - Ljestvica spajanja","isPartOf":{"@id":"http:\/\/blowflyofficial.com\/da\/#website"},"datePublished":"2022-08-30T13:17:26+00:00","dateModified":"2022-08-30T13:17:26+00:00","breadcrumb":{"@id":"https:\/\/blowflyofficial.com\/hr\/one-night-stand-finder\/#breadcrumb"},"inLanguage":"hr","potentialAction":[{"@type":"ReadAction","target":["https:\/\/blowflyofficial.com\/hr\/one-night-stand-finder\/"]}]},{"@type":"BreadcrumbList","@id":"https:\/\/blowflyofficial.com\/hr\/one-night-stand-finder\/#breadcrumb","itemListElement":[{"@type":"ListItem","position":1,"name":"Home","item":"http:\/\/blowflyofficial.com\/hr\/"},{"@type":"ListItem","position":2,"name":"One Night Stand Finder"}]}]}},"_links":{"self":[{"href":"https:\/\/blowflyofficial.com\/hr\/wp-json\/wp\/v2\/pages\/142"}],"collection":[{"href":"https:\/\/blowflyofficial.com\/hr\/wp-json\/wp\/v2\/pages"}],"about":[{"href":"https:\/\/blowflyofficial.com\/hr\/wp-json\/wp\/v2\/types\/page"}],"author":[{"embeddable":true,"href":"https:\/\/blowflyofficial.com\/hr\/wp-json\/wp\/v2\/users\/1"}],"replies":[{"embeddable":true,"href":"https:\/\/blowflyofficial.com\/hr\/wp-json\/wp\/v2\/comments?post=142"}],"version-history":[{"count":0,"href":"https:\/\/blowflyofficial.com\/hr\/wp-json\/wp\/v2\/pages\/142\/revisions"}],"wp:attachment":[{"href":"https:\/\/blowflyofficial.com\/hr\/wp-json\/wp\/v2\/media?parent=142"}],"curies":[{"name":"wp","href":"https:\/\/api.w.org\/{rel}","templated":true}]}}