{"id":117,"date":"2022-08-30T13:59:12","date_gmt":"2022-08-30T12:59:12","guid":{"rendered":"http:\/\/blowflyofficial.com\/najbolje-aplikacije-za-upoznavanje-za-pronalazenje-neceg-ozbiljnog\/"},"modified":"2022-08-30T13:59:12","modified_gmt":"2022-08-30T12:59:12","slug":"najbolje-aplikacije-za-upoznavanje-za-pronalazenje-neceg-ozbiljnog","status":"publish","type":"page","link":"https:\/\/blowflyofficial.com\/hr\/najbolje-aplikacije-za-upoznavanje-za-pronalazenje-neceg-ozbiljnog\/","title":{"rendered":"Najbolje aplikacije za upoznavanje za pronala\u017eenje ne\u010deg ozbiljnog"},"content":{"rendered":"<p>Internetske web stranice za upoznavanje izvrsne su jer su besplatne, anonimne i prikladne. Omogu\u0107uju vam da upoznate samce koji dijele sli\u010dne interese, vrijednosti i na\u010din \u017eivota. Ali ima i nekih nedostataka. Internetske stranice za upoznavanje nisu savr\u0161ene. Neke su web stranice ispunjene la\u017enim profilima, ne\u017eeljenim porukama i prevarantima. Drugi zahtijevaju od korisnika da plate za nadogradnju \u010dlanstva ili kori\u0161tenje premium usluga.<\/p>\n<p>Me\u0111utim, internetske stranice za upoznavanje jo\u0161 uvijek vrijedi provjeriti. Postoji mnogo razli\u010ditih vrsta internetskih stranica za upoznavanje, uklju\u010duju\u0107i web stranice za spajanje, web stranice dru\u0161tvenih mre\u017ea i specijalizirane web stranice za upoznavanje. Svaka vrsta nudi svoj jedinstveni skup pogodnosti.<\/p>\n<h2>Match.com<\/h2>\n<p>Match.com jedna je od najpopularnijih internetskih stranica za upoznavanje i nije ni \u010dudo za\u0161to. S <a href=\"http:\/\/blowflyofficial.com\/hr\/swapfinder-vs-easysex\/\">milijunima ljudi koji svakodnevno tra\u017ee ljubav<\/a>, logi\u010dno je da postoji mnogo opcija za one koji \u017eele prona\u0107i ljubav. No, iako postoji ve\u0107 vi\u0161e od 20 godina, Match.com nije ba\u0161 besplatan. Postoje neke pla\u0107ene zna\u010dajke koje dolaze zajedno s prijavom, poput slanja e-po\u0161te i pregledavanja fotografija, ali pravi novac dolazi kada odlu\u010dite po\u010deti razmjenjivati poruke \u010dlanovima.<\/p>\n<p>Osnovni plan \u010dlanstva ko\u0161ta 29 USD mjese\u010dno, dok Premium paket po\u010dinje od 49 USD mjese\u010dno. Oba ova plana uklju\u010duju pristup cijeloj web stranici, uklju\u010duju\u0107i mogu\u0107nost pregledavanja profila \u010dlanova, slanja poruka, pregledavanja fotografija i jo\u0161 mnogo toga. Me\u0111utim, ako \u017eelite stvarno komunicirati s potencijalnim podudaranjima, morat \u0107ete nadograditi na Zlatni paket (79 USD po mjeri) ili Platinum paket (199 USD mjese\u010dno). Ovi paketi nude dodatne zna\u010dajke, kao \u0161to su neograni\u010dene linije za chat, video chatovi i grupni chatovi. Ako stvarno \u017eelite i\u0107i sve van, mo\u017eete potro\u0161iti samo 99 USD mjese\u010dno na Diamond paket, koji uklju\u010duje sve \u0161to je uklju\u010deno u platinasti paket plus mogu\u0107nost da vidite tko je pregledao va\u0161 profil.<\/p>\n<h2>OKCupid<\/h2>\n<p>Svijet internetskih spojeva brzo se mijenja. A OkCupid \u017eeli pomo\u0107i u pra\u0107enju vremena. U \u010detvrtak je popularna stranica za upoznavanje objavila da je ponovno pokrenula cijelu svoju liniju proizvoda pod jednim ki\u0161obranom pod nazivom OKCupid.<\/p>\n<p>Sada stranica nudi tri razli\u010dite opcije pretplate: Basic (19 USD mjese\u010dno), Plus (39 USD mjese\u010dno) i Premium (59 USD mjese\u010dno). Za 19 USD mjese\u010dno mo\u017eete pristupiti osnovnim zna\u010dajkama web stranice, uklju\u010duju\u0107i pregledavanje fotografija \u010dlanova, slanje poruka i \u010ditanje odgovora. Osim toga, primit \u0107ete obavijesti kada vam netko odgovori, po\u0161alje vam poruku ili vas doda u svoju mre\u017eu. Ako odlu\u010dite nadograditi na tarifu Plus, dobit \u0107ete pristup dodatnim zna\u010dajkama, kao \u0161to su mogu\u0107nost slanja vi\u0161e poruka odjednom, pregledavanje potpunih profila \u010dlanova i \u010ditanje poruka bez potrebe za pomicanjem prema dolje. Kona\u010dno, Premium paket omogu\u0107uje vam izravan odgovor na poruke koje su vam poslane, kao i pisanje personaliziranih bilje\u0161ki na va\u0161e utakmice.<\/p>\n<h2>Na\u0161e Vrijeme<\/h2>\n<p>Ideja koja stoji iza OurTimea je jednostavna. \u017delimo pomo\u0107i ljudima da prona\u0111u ljubav, prijateljstvo, dru\u017eenje, a mo\u017eda \u010dak i brak. I \u017eelimo to u\u010diniti bez gubljenja sati na sate ispunjavanja dosadnih internetskih obrazaca. Tako smo izgradili web mjesto na kojem svatko stariji od 50 godina mo\u017ee objaviti profil, prenijeti fotografije, dodati videozapise, pisati o sebi, odgovarati na pitanja i povezati se s drugima.<\/p>\n<p>Znamo da pronala\u017eenje nekoga posebnog zahtijeva posao, bilo putem prijatelja, obitelji ili internetskih stranica za upoznavanje. Ali mislimo da svatko zaslu\u017euje priliku upoznati nekoga velikog &#8211; bez obzira na to koliko je \u017eivot zauzet. I znamo da ponekad starenje ne zna\u010di izgubiti sposobnost pronala\u017eenja prave sre\u0107e. Zapravo, neke studije pokazuju da su ljudi u 40-ima i 50-ima zapravo sretniji od onih u 20-ima i 30-ima.<\/p>\n<p>No, dok milijuni Amerikanaca ve\u0107 u\u017eivaju u blagodatima sudjelovanja u &#8220;srebrnoj generaciji&#8221;, nedovoljno ljudi shva\u0107a koliko bi im moglo biti bolje. Prema Istra\u017eiva\u010dkom centru Pew, gotovo polovica odraslih Amerikanaca nikada nije bila u braku, a me\u0111u onima koji su u braku, manje od polovice parova ka\u017ee da su ikada razgovarali o tome \u0161to se doga\u0111a nakon smrti.<\/p>\n<p>Pa za\u0161to vi\u0161e ljudi ne koristi OurTime za pronala\u017eenje trajnih veza? Pa, ispostavilo se da mnogi ljudi nisu zainteresirani za susret s nekim drugim jer pretpostavljaju da \u0107e zavr\u0161iti sami. Brinu se da ne\u0107e mo\u0107i privu\u0107i partnera ili da \u0107e se na kraju skrasiti s nekim manje privla\u010dnim od njih.<\/p>\n<h1>Na\u0161 savjet vama<\/h1>\n<p>Web stranice za spajanje osmi\u0161ljene su kako bi vam pomogle prona\u0107i kompatibilne partnere na temelju zajedni\u010dkih interesa i osobina li\u010dnosti. Dru\u0161tvene mre\u017ee idealne su za upoznavanje prijatelja i uspostavljanje veza. Specijalizirane web stranice za upoznavanje zadovoljavaju odre\u0111ene skupine, poput onih zainteresiranih za pronala\u017eenje ljubavi me\u0111u razvedenim roditeljima, homoseksualcima ili samohranim majkama.<\/p>\n<p>Postoje prednosti i mane za svaku vrstu web mjesta. Web stranice za provodad\u017eisanje obi\u010dno su skupe, ali nude bolju privatnost od ve\u0107ine drugih opcija. Dru\u0161tvene mre\u017ee su besplatne, ali im nedostaje osobni dodir web lokacija za spajanje. I specijalizirane web stranice za upoznavanje obi\u010dno su jeftinije od web lokacija za provodad\u017eisanje, ali mo\u017eda ne\u0107e uklju\u010divati zna\u010dajke koje se nalaze na drugim web mjestima.<\/p>\n<p>Bez obzira koja vam opcija najbolje odgovara, imajte na umu da internetske stranice za upoznavanje nisu savr\u0161ene. Zato ih iskoristite, ali budite otvorenog uma kada tra\u017eite ljubav.<\/p>\n","protected":false},"excerpt":{"rendered":"<p>Internetske web stranice za upoznavanje izvrsne su jer su besplatne, anonimne i prikladne. Omogu\u0107uju vam da upoznate samce koji dijele sli\u010dne interese, vrijednosti i na\u010din \u017eivota. Ali ima i nekih nedostataka. Internetske stranice za upoznavanje nisu savr\u0161ene. Neke su web stranice ispunjene la\u017enim profilima, ne\u017eeljenim porukama i prevarantima. Drugi zahtijevaju od korisnika da plate za &#8230; <a title=\"Najbolje aplikacije za upoznavanje za pronala\u017eenje ne\u010deg ozbiljnog\" class=\"read-more\" href=\"https:\/\/blowflyofficial.com\/hr\/najbolje-aplikacije-za-upoznavanje-za-pronalazenje-neceg-ozbiljnog\/\" aria-label=\"More on Najbolje aplikacije za upoznavanje za pronala\u017eenje ne\u010deg ozbiljnog\">Op\u0161irnije<\/a><\/p>\n","protected":false},"author":1,"featured_media":0,"parent":0,"menu_order":0,"comment_status":"closed","ping_status":"closed","template":"","meta":[],"yoast_head":"<!-- This site is optimized with the Yoast SEO plugin v17.7.1 - https:\/\/yoast.com\/wordpress\/plugins\/seo\/ -->\n<title>Najbolje aplikacije za upoznavanje za pronala\u017eenje ne\u010deg ozbiljnog - Ljestvica spajanja<\/title>\n<meta name=\"robots\" content=\"index, follow, max-snippet:-1, max-image-preview:large, max-video-preview:-1\" \/>\n<link rel=\"canonical\" href=\"https:\/\/blowflyofficial.com\/hr\/najbolje-aplikacije-za-upoznavanje-za-pronalazenje-neceg-ozbiljnog\/\" \/>\n<meta property=\"og:locale\" content=\"hr_HR\" \/>\n<meta property=\"og:type\" content=\"article\" \/>\n<meta property=\"og:title\" content=\"Najbolje aplikacije za upoznavanje za pronala\u017eenje ne\u010deg ozbiljnog - Ljestvica spajanja\" \/>\n<meta property=\"og:description\" content=\"Internetske web stranice za upoznavanje izvrsne su jer su besplatne, anonimne i prikladne. Omogu\u0107uju vam da upoznate samce koji dijele sli\u010dne interese, vrijednosti i na\u010din \u017eivota. Ali ima i nekih nedostataka. Internetske stranice za upoznavanje nisu savr\u0161ene. Neke su web stranice ispunjene la\u017enim profilima, ne\u017eeljenim porukama i prevarantima. Drugi zahtijevaju od korisnika da plate za ... Op\u0161irnije\" \/>\n<meta property=\"og:url\" content=\"https:\/\/blowflyofficial.com\/hr\/najbolje-aplikacije-za-upoznavanje-za-pronalazenje-neceg-ozbiljnog\/\" \/>\n<meta property=\"og:site_name\" content=\"Ljestvica spajanja\" \/>\n<meta name=\"twitter:card\" content=\"summary_large_image\" \/>\n<meta name=\"twitter:label1\" content=\"Procijenjeno vrijeme \u010ditanja\" \/>\n\t<meta name=\"twitter:data1\" content=\"5 minuta\" \/>\n<script type=\"application\/ld+json\" class=\"yoast-schema-graph\">{\"@context\":\"https:\/\/schema.org\",\"@graph\":[{\"@type\":\"WebSite\",\"@id\":\"http:\/\/blowflyofficial.com\/da\/#website\",\"url\":\"http:\/\/blowflyofficial.com\/da\/\",\"name\":\"Ljestvica spajanja\",\"description\":\"Savjeti za povremene spojeve\",\"potentialAction\":[{\"@type\":\"SearchAction\",\"target\":{\"@type\":\"EntryPoint\",\"urlTemplate\":\"http:\/\/blowflyofficial.com\/da\/?s={search_term_string}\"},\"query-input\":\"required name=search_term_string\"}],\"inLanguage\":\"hr\"},{\"@type\":\"WebPage\",\"@id\":\"https:\/\/blowflyofficial.com\/hr\/najbolje-aplikacije-za-upoznavanje-za-pronalazenje-neceg-ozbiljnog\/#webpage\",\"url\":\"https:\/\/blowflyofficial.com\/hr\/najbolje-aplikacije-za-upoznavanje-za-pronalazenje-neceg-ozbiljnog\/\",\"name\":\"Najbolje aplikacije za upoznavanje za pronala\\u017eenje ne\\u010deg ozbiljnog - Ljestvica spajanja\",\"isPartOf\":{\"@id\":\"http:\/\/blowflyofficial.com\/da\/#website\"},\"datePublished\":\"2022-08-30T12:59:12+00:00\",\"dateModified\":\"2022-08-30T12:59:12+00:00\",\"breadcrumb\":{\"@id\":\"https:\/\/blowflyofficial.com\/hr\/najbolje-aplikacije-za-upoznavanje-za-pronalazenje-neceg-ozbiljnog\/#breadcrumb\"},\"inLanguage\":\"hr\",\"potentialAction\":[{\"@type\":\"ReadAction\",\"target\":[\"https:\/\/blowflyofficial.com\/hr\/najbolje-aplikacije-za-upoznavanje-za-pronalazenje-neceg-ozbiljnog\/\"]}]},{\"@type\":\"BreadcrumbList\",\"@id\":\"https:\/\/blowflyofficial.com\/hr\/najbolje-aplikacije-za-upoznavanje-za-pronalazenje-neceg-ozbiljnog\/#breadcrumb\",\"itemListElement\":[{\"@type\":\"ListItem\",\"position\":1,\"name\":\"Home\",\"item\":\"http:\/\/blowflyofficial.com\/hr\/\"},{\"@type\":\"ListItem\",\"position\":2,\"name\":\"Najbolje aplikacije za upoznavanje za pronala\\u017eenje ne\\u010deg ozbiljnog\"}]}]}<\/script>\n<!-- \/ Yoast SEO plugin. -->","yoast_head_json":{"title":"Najbolje aplikacije za upoznavanje za pronala\u017eenje ne\u010deg ozbiljnog - Ljestvica spajanja","robots":{"index":"index","follow":"follow","max-snippet":"max-snippet:-1","max-image-preview":"max-image-preview:large","max-video-preview":"max-video-preview:-1"},"canonical":"https:\/\/blowflyofficial.com\/hr\/najbolje-aplikacije-za-upoznavanje-za-pronalazenje-neceg-ozbiljnog\/","og_locale":"hr_HR","og_type":"article","og_title":"Najbolje aplikacije za upoznavanje za pronala\u017eenje ne\u010deg ozbiljnog - Ljestvica spajanja","og_description":"Internetske web stranice za upoznavanje izvrsne su jer su besplatne, anonimne i prikladne. Omogu\u0107uju vam da upoznate samce koji dijele sli\u010dne interese, vrijednosti i na\u010din \u017eivota. Ali ima i nekih nedostataka. Internetske stranice za upoznavanje nisu savr\u0161ene. Neke su web stranice ispunjene la\u017enim profilima, ne\u017eeljenim porukama i prevarantima. Drugi zahtijevaju od korisnika da plate za ... Op\u0161irnije","og_url":"https:\/\/blowflyofficial.com\/hr\/najbolje-aplikacije-za-upoznavanje-za-pronalazenje-neceg-ozbiljnog\/","og_site_name":"Ljestvica spajanja","twitter_card":"summary_large_image","twitter_misc":{"Procijenjeno vrijeme \u010ditanja":"5 minuta"},"schema":{"@context":"https:\/\/schema.org","@graph":[{"@type":"WebSite","@id":"http:\/\/blowflyofficial.com\/da\/#website","url":"http:\/\/blowflyofficial.com\/da\/","name":"Ljestvica spajanja","description":"Savjeti za povremene spojeve","potentialAction":[{"@type":"SearchAction","target":{"@type":"EntryPoint","urlTemplate":"http:\/\/blowflyofficial.com\/da\/?s={search_term_string}"},"query-input":"required name=search_term_string"}],"inLanguage":"hr"},{"@type":"WebPage","@id":"https:\/\/blowflyofficial.com\/hr\/najbolje-aplikacije-za-upoznavanje-za-pronalazenje-neceg-ozbiljnog\/#webpage","url":"https:\/\/blowflyofficial.com\/hr\/najbolje-aplikacije-za-upoznavanje-za-pronalazenje-neceg-ozbiljnog\/","name":"Najbolje aplikacije za upoznavanje za pronala\u017eenje ne\u010deg ozbiljnog - Ljestvica spajanja","isPartOf":{"@id":"http:\/\/blowflyofficial.com\/da\/#website"},"datePublished":"2022-08-30T12:59:12+00:00","dateModified":"2022-08-30T12:59:12+00:00","breadcrumb":{"@id":"https:\/\/blowflyofficial.com\/hr\/najbolje-aplikacije-za-upoznavanje-za-pronalazenje-neceg-ozbiljnog\/#breadcrumb"},"inLanguage":"hr","potentialAction":[{"@type":"ReadAction","target":["https:\/\/blowflyofficial.com\/hr\/najbolje-aplikacije-za-upoznavanje-za-pronalazenje-neceg-ozbiljnog\/"]}]},{"@type":"BreadcrumbList","@id":"https:\/\/blowflyofficial.com\/hr\/najbolje-aplikacije-za-upoznavanje-za-pronalazenje-neceg-ozbiljnog\/#breadcrumb","itemListElement":[{"@type":"ListItem","position":1,"name":"Home","item":"http:\/\/blowflyofficial.com\/hr\/"},{"@type":"ListItem","position":2,"name":"Najbolje aplikacije za upoznavanje za pronala\u017eenje ne\u010deg ozbiljnog"}]}]}},"_links":{"self":[{"href":"https:\/\/blowflyofficial.com\/hr\/wp-json\/wp\/v2\/pages\/117"}],"collection":[{"href":"https:\/\/blowflyofficial.com\/hr\/wp-json\/wp\/v2\/pages"}],"about":[{"href":"https:\/\/blowflyofficial.com\/hr\/wp-json\/wp\/v2\/types\/page"}],"author":[{"embeddable":true,"href":"https:\/\/blowflyofficial.com\/hr\/wp-json\/wp\/v2\/users\/1"}],"replies":[{"embeddable":true,"href":"https:\/\/blowflyofficial.com\/hr\/wp-json\/wp\/v2\/comments?post=117"}],"version-history":[{"count":0,"href":"https:\/\/blowflyofficial.com\/hr\/wp-json\/wp\/v2\/pages\/117\/revisions"}],"wp:attachment":[{"href":"https:\/\/blowflyofficial.com\/hr\/wp-json\/wp\/v2\/media?parent=117"}],"curies":[{"name":"wp","href":"https:\/\/api.w.org\/{rel}","templated":true}]}}