{"id":212,"date":"2022-08-30T13:54:35","date_gmt":"2022-08-30T12:54:35","guid":{"rendered":"http:\/\/blowflyofficial.com\/swapfinder-contre-easysex\/"},"modified":"2022-08-30T13:54:35","modified_gmt":"2022-08-30T12:54:35","slug":"swapfinder-contre-easysex","status":"publish","type":"page","link":"https:\/\/blowflyofficial.com\/fr\/swapfinder-contre-easysex\/","title":{"rendered":"SwapFinder contre EasySex"},"content":{"rendered":"<p>Les rencontres en ligne sont l\u2019une de ces choses qui semblent assez simples: vous vous inscrivez, remplissez des questions sur vous-m\u00eame et attendez que les matchs arrivent. Mais il y a en fait beaucoup plus impliqu\u00e9 que cela.<\/p>\n<p>Le moyen le plus simple de trouver quelqu\u2019un de compatible consiste simplement \u00e0 se connecter \u00e0 une application ou \u00e0 un site et \u00e0 parcourir les profils. Si vous cherchez quelque chose de s\u00e9rieux, cela peut prendre un certain temps. Et m\u00eame si vous parvenez \u00e0 trouver quelqu\u2019un, vous ne saurez toujours pas s\u2019il veut sortir avec vous \u00e0 moins que vous ne lui envoyiez un message.<\/p>\n<p>Pour des sites comme eHarmony, Match, PlentyOfFish, Zoosk, OkCupid et Tinder, vous pouvez techniquement utiliser leurs versions gratuites pour regarder autour de vous et voir ce qui est disponible. Mais il existe \u00e9galement de nombreuses options payantes &#8211; celles qui vous permettent d\u2019envoyer des messages \u00e0 des dates potentielles et de voir qui vous aime.<\/p>\n<h2>Swap Finder<\/h2>\n<p>Si vous cherchez un endroit pour <a href=\"http:\/\/blowflyofficial.com\/fr\/trouver-une-connexion-occasionnelle-locale\/\">rencontrer des gens en ligne<\/a>, alors SwapFinder.com pourrait \u00eatre exactement ce que vous recherchiez. Vous voyez, ce n\u2019est pas exactement un site de rencontre. Au lieu de cela, il s\u2019agit d\u2019un site de r\u00e9seautage social gratuit o\u00f9 des personnes partageant les m\u00eames id\u00e9es se r\u00e9unissent pour \u00e9changer des partenaires pour une nuit de plaisir. Et bien qu\u2019il existe de nombreux sites qui s\u2019adressent sp\u00e9cifiquement aux couples \u00e9changistes, celui-ci se tient la t\u00eate et les \u00e9paules au-dessus des autres.<\/p>\n<p>La raison en est que SwapFinder.com appartient \u00e0 la m\u00eame soci\u00e9t\u00e9 que Adult Friend Finder, l\u2019un des sites de rencontres pour adultes les plus populaires au monde. Donc, si vous voulez trouver quelqu\u2019un avec qui vous connecter ce soir, vous aurez probablement beaucoup plus de succ\u00e8s \u00e0 trouver quelqu\u2019un ici que n\u2019importe o\u00f9 ailleurs.<\/p>\n<h2>Sexe facile<\/h2>\n<p>Je ne sais pas pour vous, mais j\u2019aime le sexe. Eh bien, j\u2019aime le sexe. En fait, je pense que c\u2019est \u00e0 peu pr\u00e8s la partie la plus amusante de la vie. Et bien qu\u2019il existe de nombreux sites o\u00f9 vous pouvez trouver des connexions, je voulais quelque chose de diff\u00e9rent. Quelque chose de mieux. Je me suis donc inscrit \u00e0 EasySex.com.<\/p>\n<p>L\u2019id\u00e9e derri\u00e8re EasySex est simple. Vous vous inscrivez gratuitement, t\u00e9l\u00e9chargez une photo de profil, remplissez quelques questions et boom &#8211; vous \u00eates pr\u00eat \u00e0 commencer \u00e0 rencontrer des gens. Il n\u2019y a pas de frais, pas de gadgets et pas de conneries. Juste de vraies personnes qui cherchent \u00e0 avoir de vraies conversations.<\/p>\n<p>Pour l\u2019instant \u00e7a va. Mais ce qui distingue vraiment EasySex, c\u2019est \u00e0 quel point il est facile de rencontrer des gens. Contrairement \u00e0 d\u2019autres sites, EasySex ne vous oblige pas \u00e0 payer un suppl\u00e9ment pour voir qui d\u2019autre est en ligne. Au lieu de cela, vous pouvez parcourir les profils de mani\u00e8re totalement anonyme. Si vous voulez discuter avec quelqu\u2019un, il vous suffit de taper \u00ab&nbsp;Hey!&nbsp;\u00bb dans la zone de texte \u00e0 c\u00f4t\u00e9 de sa photo, appuyez sur Envoyer, et le tour est jou\u00e9! La messagerie instantan\u00e9e commence.<\/p>\n<p>Et la meilleure partie est, une fois que vous d\u00e9cidez d\u2019aller \u00e0 un rendez-vous, il n\u2019y a pas de co\u00fbts cach\u00e9s. Tout ce que vous avez \u00e0 faire est de vous pr\u00e9senter. La plupart des gens semblent aimer faire cela.<\/p>\n<h1>Alternative &#8211; Zoosk<\/h1>\n<p>Zoosk existe depuis 2004 et revendique plus de 25 millions de membres dans le monde. Il a r\u00e9cemment lanc\u00e9 une application repens\u00e9e qui permet aux utilisateurs de visualiser les correspondances potentielles en fonction de points communs tels que l\u2019emplacement, l\u2019\u00e2ge, le niveau d\u2019\u00e9ducation, le type d\u2019emploi, etc.<\/p>\n<p>L\u2019application exige toujours que les utilisateurs remplissent un questionnaire sur eux-m\u00eames avant de pouvoir voir les informations des autres. Ce questionnaire comprend huit questions qui aident Zoosk \u00e0 d\u00e9terminer quel genre de personne vous \u00eates. Ces questions incluent \u00ab&nbsp;Qu\u2019aimez-vous faire?&nbsp;\u00bb et \u00ab&nbsp;Pr\u00e9f\u00e9rez-vous passer du temps seul ou avec des amis?&nbsp;\u00bb.<\/p>\n<p>Vous pouvez sauter certaines des questions, mais vous ne pouvez pas sauter la question de la personnalit\u00e9. Vous devez r\u00e9pondre \u00e0 chaque question dans son int\u00e9gralit\u00e9 avant de pouvoir passer \u00e0 l\u2019\u00e9tape suivante.<\/p>\n","protected":false},"excerpt":{"rendered":"<p>Les rencontres en ligne sont l\u2019une de ces choses qui semblent assez simples: vous vous inscrivez, remplissez des questions sur vous-m\u00eame et attendez que les matchs arrivent. Mais il y a en fait beaucoup plus impliqu\u00e9 que cela. Le moyen le plus simple de trouver quelqu\u2019un de compatible consiste simplement \u00e0 se connecter \u00e0 une &#8230; <a title=\"SwapFinder contre EasySex\" class=\"read-more\" href=\"https:\/\/blowflyofficial.com\/fr\/swapfinder-contre-easysex\/\" aria-label=\"En savoir plus sur SwapFinder contre EasySex\">Lire la suite<\/a><\/p>\n","protected":false},"author":1,"featured_media":0,"parent":0,"menu_order":0,"comment_status":"closed","ping_status":"closed","template":"","meta":[],"yoast_head":"<!-- This site is optimized with the Yoast SEO plugin v17.7.1 - https:\/\/yoast.com\/wordpress\/plugins\/seo\/ -->\n<title>SwapFinder contre EasySex - Classements des connexions<\/title>\n<meta name=\"robots\" content=\"index, follow, max-snippet:-1, max-image-preview:large, max-video-preview:-1\" \/>\n<link rel=\"canonical\" href=\"https:\/\/blowflyofficial.com\/fr\/swapfinder-contre-easysex\/\" \/>\n<meta property=\"og:locale\" content=\"fr_FR\" \/>\n<meta property=\"og:type\" content=\"article\" \/>\n<meta property=\"og:title\" content=\"SwapFinder contre EasySex - Classements des connexions\" \/>\n<meta property=\"og:description\" content=\"Les rencontres en ligne sont l\u2019une de ces choses qui semblent assez simples: vous vous inscrivez, remplissez des questions sur vous-m\u00eame et attendez que les matchs arrivent. Mais il y a en fait beaucoup plus impliqu\u00e9 que cela. Le moyen le plus simple de trouver quelqu\u2019un de compatible consiste simplement \u00e0 se connecter \u00e0 une ... Lire la suite\" \/>\n<meta property=\"og:url\" content=\"https:\/\/blowflyofficial.com\/fr\/swapfinder-contre-easysex\/\" \/>\n<meta property=\"og:site_name\" content=\"Classements des connexions\" \/>\n<meta name=\"twitter:card\" content=\"summary_large_image\" \/>\n<meta name=\"twitter:label1\" content=\"Dur\u00e9e de lecture estim\u00e9e\" \/>\n\t<meta name=\"twitter:data1\" content=\"4 minutes\" \/>\n<script type=\"application\/ld+json\" class=\"yoast-schema-graph\">{\"@context\":\"https:\/\/schema.org\",\"@graph\":[{\"@type\":\"WebSite\",\"@id\":\"http:\/\/blowflyofficial.com\/da\/#website\",\"url\":\"http:\/\/blowflyofficial.com\/da\/\",\"name\":\"Classements des connexions\",\"description\":\"Conseils de rencontres occasionnelles\",\"potentialAction\":[{\"@type\":\"SearchAction\",\"target\":{\"@type\":\"EntryPoint\",\"urlTemplate\":\"http:\/\/blowflyofficial.com\/da\/?s={search_term_string}\"},\"query-input\":\"required name=search_term_string\"}],\"inLanguage\":\"fr-FR\"},{\"@type\":\"WebPage\",\"@id\":\"https:\/\/blowflyofficial.com\/fr\/swapfinder-contre-easysex\/#webpage\",\"url\":\"https:\/\/blowflyofficial.com\/fr\/swapfinder-contre-easysex\/\",\"name\":\"SwapFinder contre EasySex - Classements des connexions\",\"isPartOf\":{\"@id\":\"http:\/\/blowflyofficial.com\/da\/#website\"},\"datePublished\":\"2022-08-30T12:54:35+00:00\",\"dateModified\":\"2022-08-30T12:54:35+00:00\",\"breadcrumb\":{\"@id\":\"https:\/\/blowflyofficial.com\/fr\/swapfinder-contre-easysex\/#breadcrumb\"},\"inLanguage\":\"fr-FR\",\"potentialAction\":[{\"@type\":\"ReadAction\",\"target\":[\"https:\/\/blowflyofficial.com\/fr\/swapfinder-contre-easysex\/\"]}]},{\"@type\":\"BreadcrumbList\",\"@id\":\"https:\/\/blowflyofficial.com\/fr\/swapfinder-contre-easysex\/#breadcrumb\",\"itemListElement\":[{\"@type\":\"ListItem\",\"position\":1,\"name\":\"Home\",\"item\":\"https:\/\/blowflyofficial.com\/fr\/\"},{\"@type\":\"ListItem\",\"position\":2,\"name\":\"SwapFinder contre EasySex\"}]}]}<\/script>\n<!-- \/ Yoast SEO plugin. -->","yoast_head_json":{"title":"SwapFinder contre EasySex - Classements des connexions","robots":{"index":"index","follow":"follow","max-snippet":"max-snippet:-1","max-image-preview":"max-image-preview:large","max-video-preview":"max-video-preview:-1"},"canonical":"https:\/\/blowflyofficial.com\/fr\/swapfinder-contre-easysex\/","og_locale":"fr_FR","og_type":"article","og_title":"SwapFinder contre EasySex - Classements des connexions","og_description":"Les rencontres en ligne sont l\u2019une de ces choses qui semblent assez simples: vous vous inscrivez, remplissez des questions sur vous-m\u00eame et attendez que les matchs arrivent. Mais il y a en fait beaucoup plus impliqu\u00e9 que cela. Le moyen le plus simple de trouver quelqu\u2019un de compatible consiste simplement \u00e0 se connecter \u00e0 une ... Lire la suite","og_url":"https:\/\/blowflyofficial.com\/fr\/swapfinder-contre-easysex\/","og_site_name":"Classements des connexions","twitter_card":"summary_large_image","twitter_misc":{"Dur\u00e9e de lecture estim\u00e9e":"4 minutes"},"schema":{"@context":"https:\/\/schema.org","@graph":[{"@type":"WebSite","@id":"http:\/\/blowflyofficial.com\/da\/#website","url":"http:\/\/blowflyofficial.com\/da\/","name":"Classements des connexions","description":"Conseils de rencontres occasionnelles","potentialAction":[{"@type":"SearchAction","target":{"@type":"EntryPoint","urlTemplate":"http:\/\/blowflyofficial.com\/da\/?s={search_term_string}"},"query-input":"required name=search_term_string"}],"inLanguage":"fr-FR"},{"@type":"WebPage","@id":"https:\/\/blowflyofficial.com\/fr\/swapfinder-contre-easysex\/#webpage","url":"https:\/\/blowflyofficial.com\/fr\/swapfinder-contre-easysex\/","name":"SwapFinder contre EasySex - Classements des connexions","isPartOf":{"@id":"http:\/\/blowflyofficial.com\/da\/#website"},"datePublished":"2022-08-30T12:54:35+00:00","dateModified":"2022-08-30T12:54:35+00:00","breadcrumb":{"@id":"https:\/\/blowflyofficial.com\/fr\/swapfinder-contre-easysex\/#breadcrumb"},"inLanguage":"fr-FR","potentialAction":[{"@type":"ReadAction","target":["https:\/\/blowflyofficial.com\/fr\/swapfinder-contre-easysex\/"]}]},{"@type":"BreadcrumbList","@id":"https:\/\/blowflyofficial.com\/fr\/swapfinder-contre-easysex\/#breadcrumb","itemListElement":[{"@type":"ListItem","position":1,"name":"Home","item":"https:\/\/blowflyofficial.com\/fr\/"},{"@type":"ListItem","position":2,"name":"SwapFinder contre EasySex"}]}]}},"_links":{"self":[{"href":"https:\/\/blowflyofficial.com\/fr\/wp-json\/wp\/v2\/pages\/212"}],"collection":[{"href":"https:\/\/blowflyofficial.com\/fr\/wp-json\/wp\/v2\/pages"}],"about":[{"href":"https:\/\/blowflyofficial.com\/fr\/wp-json\/wp\/v2\/types\/page"}],"author":[{"embeddable":true,"href":"https:\/\/blowflyofficial.com\/fr\/wp-json\/wp\/v2\/users\/1"}],"replies":[{"embeddable":true,"href":"https:\/\/blowflyofficial.com\/fr\/wp-json\/wp\/v2\/comments?post=212"}],"version-history":[{"count":0,"href":"https:\/\/blowflyofficial.com\/fr\/wp-json\/wp\/v2\/pages\/212\/revisions"}],"wp:attachment":[{"href":"https:\/\/blowflyofficial.com\/fr\/wp-json\/wp\/v2\/media?parent=212"}],"curies":[{"name":"wp","href":"https:\/\/api.w.org\/{rel}","templated":true}]}}