{"id":207,"date":"2022-08-30T13:02:05","date_gmt":"2022-08-30T12:02:05","guid":{"rendered":"http:\/\/blowflyofficial.com\/nos-meilleurs-sites-de-connexion-examines\/"},"modified":"2022-08-30T13:02:05","modified_gmt":"2022-08-30T12:02:05","slug":"nos-meilleurs-sites-de-connexion-examines","status":"publish","type":"page","link":"https:\/\/blowflyofficial.com\/fr\/","title":{"rendered":"Nos meilleurs sites de connexion examin\u00e9s"},"content":{"rendered":"<p>Il existe de nombreuses applications de rencontres en ligne &#8211; comme Tinder, Bumble, OkCupid, PlentyOfFish, Match, etc. Mais certaines personnes pr\u00e9f\u00e8rent trouver l\u2019amour sans s\u2019inscrire sur un site. Si vous \u00eates l\u2019une de ces personnes, nous vous recommandons de consulter gratuitement notre liste des meilleurs sites de connexion. Ces sites n\u2019offrent aucune inscription requise par carte de cr\u00e9dit, ce qui signifie que vous n\u2019avez m\u00eame pas besoin de donner des informations personnelles. Vous ne paierez jamais rien non plus pour utiliser ces sites. Il vous suffit de vous inscrire, de parcourir les profils, d\u2019envoyer des messages et de commencer \u00e0 rencontrer des personnes d\u00e8s aujourd\u2019hui.<\/p>\n<h2>Ashley Madison<\/h2>\n<p>AshleyMadison.com est une bouff\u00e9e d\u2019air frais pour ceux qui recherchent l\u2019amour en ligne. Que vous recherchiez une aventure rapide, quelqu\u2019un de sp\u00e9cial avec qui vous installer ou simplement une compagnie amusante, Ashley Madison offre quelque chose pour tout le monde. Avec plus de 54 millions de membres dans le monde, nous sommes convaincus qu\u2019il y a quelqu\u2019un qui vous attend.<\/p>\n<p>Si vous avez l\u2019impression d\u2019avoir besoin d\u2019une pause dans votre relation, ou si vous voulez simplement essayer quelque chose de diff\u00e9rent, pourquoi ne pas nous consulter? Nous promettons discr\u00e9tion et confidentialit\u00e9, et nos membres b\u00e9n\u00e9ficient de nombreux avantages, notamment l\u2019acc\u00e8s \u00e0 des \u00e9v\u00e9nements exclusifs, des rabais sur les voyages et m\u00eame des prix en argent. Vous trouverez tout ce dont vous avez besoin ici &#8211; sans aucune condition.<\/p>\n<h2>Aff<\/h2>\n<p>Adult Friend Finder (AFF), l\u2019un des sites pour adultes les plus populaires sur le Web, compte 3 millions de visiteurs actifs par mois et plus de 10 millions de membres enregistr\u00e9s. En plus d\u2019\u00eatre un endroit id\u00e9al pour les rencontres occasionnelles, il abrite \u00e9galement certaines des personnes les plus chaudes et les plus excit\u00e9es sur Internet. Si vous voulez savoir ce qui fait fonctionner AFF, nous avons ce qu\u2019il vous faut.<\/p>\n<h2>Amadou<\/h2>\n<p>Tinder est l\u2019une des applications les plus populaires pour trouver l\u2019amour en ligne. Avec plus de 50 millions de personnes l\u2019ayant t\u00e9l\u00e9charg\u00e9e depuis 2012, l\u2019application de rencontres vous permet de glisser vers la gauche ou la droite pour voir si quelqu\u2019un vous aime en fonction de votre photo de profil et de votre biographie. S\u2019ils vous aiment, vous pouvez vous envoyer des messages et organiser des rendez-vous en personne. Il n\u2019y a pas de longs questionnaires ou de quiz invasifs; juste des questions rapides sur l\u2019endroit o\u00f9 vous cherchez \u00e0 vous rencontrer ensuite.<\/p>\n<p>L\u2019application est gratuite \u00e0 t\u00e9l\u00e9charger et \u00e0 utiliser, mais son utilisation entra\u00eene certains co\u00fbts. Vous payez 9,99 $ par mois pour acc\u00e9der \u00e0 des fonctionnalit\u00e9s premium telles que des correspondances illimit\u00e9es et le partage de localisation.<\/p>\n<p><img loading=\"lazy\" class=\"aligncenter size-large wp-image-35\" src=\"http:\/\/blowflyofficial.com\/wp-content\/uploads\/2022\/08\/guide-for-love-1024x681.jpeg\" alt=\"\" width=\"640\" height=\"426\" srcset=\"https:\/\/blowflyofficial.com\/wp-content\/uploads\/2022\/08\/guide-for-love-1024x681.jpeg 1024w, https:\/\/blowflyofficial.com\/wp-content\/uploads\/2022\/08\/guide-for-love-300x199.jpeg 300w, https:\/\/blowflyofficial.com\/wp-content\/uploads\/2022\/08\/guide-for-love-768x510.jpeg 768w, https:\/\/blowflyofficial.com\/wp-content\/uploads\/2022\/08\/guide-for-love-1536x1021.jpeg 1536w, https:\/\/blowflyofficial.com\/wp-content\/uploads\/2022\/08\/guide-for-love-2048x1361.jpeg 2048w\" sizes=\"(max-width: 640px) 100vw, 640px\" \/><\/p>\n<h1>Trouver une connexion locale dans votre r\u00e9gion<\/h1>\n<p>Les rencontres locales sont l\u2019un des types de rencontres en ligne les plus populaires. Il existe de nombreuses raisons pour lesquelles les gens utilisent ces applications pour trouver leur \u00e2me s\u0153ur, comme s\u2019ennuyer, se sentir seul ou \u00e0 la recherche de relations sexuelles occasionnelles. En plus de cela, il y a quelques avantages dont vous pouvez profiter tout en utilisant ces plates-formes. Par exemple, vous n\u2019avez pas \u00e0 d\u00e9penser de l\u2019argent pour des boissons, de la nourriture ou des rendez-vous co\u00fbteux. Vous n\u2019aurez m\u00eame pas \u00e0 voyager loin parce que vous \u00eates d\u00e9j\u00e0 pr\u00e8s de l\u2019endroit o\u00f9 vous vivez. Et le meilleur de tous, c\u2019est compl\u00e8tement anonyme. Alors, qu\u2019attendez-vous? Consultez notre liste des huit meilleures applications de connexion locales.<\/p>\n<h2>OneNightFriend<\/h2>\n<p>One Night Friend est une application gratuite qui vous permet de rencontrer quelqu\u2019un dans votre ville. Si vous voulez commencer une relation avec quelqu\u2019un, c\u2019est un excellent moyen de le faire sans d\u00e9penser trop d\u2019argent. De plus, il est facile \u00e0 utiliser. Tout ce que vous avez \u00e0 faire est d\u2019entrer votre emplacement, de d\u00e9finir le rayon autour de vous et de choisir si vous voulez voir des hommes ou des femmes. Apr\u00e8s cela, vous recevrez des correspondances en fonction de vos pr\u00e9f\u00e9rences. Une fois que vous avez trouv\u00e9 quelqu\u2019un d\u2019int\u00e9ressant, vous pouvez discuter avec lui ou lui demander directement. Cette application fonctionne comme Tinder, sauf que vous n\u2019avez rien \u00e0 payer.<\/p>\n<h2>Soyez m\u00e9chant<\/h2>\n<p>Benaughty est une autre bonne option pour ceux qui recherchent des rencontres occasionnelles. Vous pouvez parcourir les profils de mani\u00e8re anonyme, envoyer des messages et organiser des r\u00e9unions. Cependant, contrairement \u00e0 One Night Friend, vous devez payer pour utiliser cette application. Mais si vous \u00eates pr\u00eat \u00e0 vous s\u00e9parer d\u2019un peu d\u2019argent, c\u2019est un tr\u00e8s bon choix. Non seulement Benaughty offre de nombreuses fonctionnalit\u00e9s, mais il offre \u00e9galement un abonnement VIP. Avec ce package, vous pouvez acc\u00e9der \u00e0 des abonnements suppl\u00e9mentaires, tels que la messagerie premium et les appels vid\u00e9o.<\/p>\n<h2>Branchement69<\/h2>\n<p>Hookup69 est une application mobile qui vous aide \u00e0 vous connecter avec les personnes \u00e0 proximit\u00e9. Contrairement aux applications pr\u00e9c\u00e9dentes, celle-ci ne vous oblige pas \u00e0 payer quoi que ce soit. Pour commencer, il vous suffit de vous inscrire, d\u2019ajouter votre photo de profil et d\u2019\u00e9crire sur vous-m\u00eame. De l\u00e0, vous pouvez voir des photos d\u2019autres personnes int\u00e9ress\u00e9es \u00e0 vous rencontrer. Vous pouvez \u00e9galement consulter leurs activit\u00e9s et int\u00e9r\u00eats pr\u00e9f\u00e9r\u00e9s. Lorsque vous pensez que vous \u00eates peut-\u00eatre pr\u00eat \u00e0 sortir avec quelqu\u2019un, vous pouvez les contacter. Ils vous r\u00e9pondront une fois qu\u2019ils seront libres.<\/p>\n<p><img loading=\"lazy\" class=\"aligncenter size-large wp-image-36\" src=\"http:\/\/blowflyofficial.com\/wp-content\/uploads\/2022\/08\/love-match-making-1024x683.jpeg\" alt=\"\" width=\"640\" height=\"427\" srcset=\"https:\/\/blowflyofficial.com\/wp-content\/uploads\/2022\/08\/love-match-making-1024x683.jpeg 1024w, https:\/\/blowflyofficial.com\/wp-content\/uploads\/2022\/08\/love-match-making-300x200.jpeg 300w, https:\/\/blowflyofficial.com\/wp-content\/uploads\/2022\/08\/love-match-making-768x512.jpeg 768w, https:\/\/blowflyofficial.com\/wp-content\/uploads\/2022\/08\/love-match-making-1536x1024.jpeg 1536w, https:\/\/blowflyofficial.com\/wp-content\/uploads\/2022\/08\/love-match-making-2048x1365.jpeg 2048w\" sizes=\"(max-width: 640px) 100vw, 640px\" \/><\/p>\n<h1>Nos conseils<\/h1>\n<p>Les sites de connexion sont tr\u00e8s courants de nos jours. Ils offrent souvent de nombreuses fonctionnalit\u00e9s int\u00e9ressantes comme le chat vid\u00e9o, la webcam, le chat en direct, etc., ce qui en fait l\u2019une des applications les plus utilis\u00e9es par les gens. Cependant, il y a aussi quelques inconv\u00e9nients. Par exemple, vous ne pouvez pas trouver une application de connexion fiable sans d\u00e9penser de l\u2019argent. Mais maintenant, nous avons quelque chose de mieux \u2013 benaughty.com. Il s\u2019agit d\u2019un site de connexion en ligne gratuit o\u00f9 vous pouvez rencontrer et sortir avec des filles du monde entier. Vous n\u2019avez m\u00eame pas besoin de d\u00e9penser quoi que ce soit pour utiliser cette fonctionnalit\u00e9 \u00e9tonnante. Tout ce que vous avez \u00e0 faire est de vous inscrire et de commencer \u00e0 chercher des femmes chaudes. La meilleure chose \u00e0 propos de Be Naughty est que vous pouvez facilement trouver quelqu\u2019un \u00e0 proximit\u00e9. Alors, qu\u2019attendez-vous? Allez-y et essayez ce site de connexion g\u00e9nial.<\/p>\n<p>Le march\u00e9 des rencontres en ligne est inond\u00e9 de diff\u00e9rentes plateformes, chacune pr\u00e9tendant \u00eatre meilleure que les autres. Cependant, il y a encore des entreprises qui n\u2019ont pas \u00e9t\u00e9 oubli\u00e9es, m\u00eame si elles n\u2019offrent rien de sp\u00e9cial. Un tel exemple est Hookup69, un site de rencontre local qui offre \u00e0 ses utilisateurs beaucoup d\u2019avantages par rapport aux applications de rencontres traditionnelles.<\/p>\n<p>Vous devez prendre la bonne d\u00e9cision et utiliser une vraie entreprise pour trouver l\u2019application qui vous convient.<\/p>\n","protected":false},"excerpt":{"rendered":"<p>Il existe de nombreuses applications de rencontres en ligne &#8211; comme Tinder, Bumble, OkCupid, PlentyOfFish, Match, etc. Mais certaines personnes pr\u00e9f\u00e8rent trouver l\u2019amour sans s\u2019inscrire sur un site. Si vous \u00eates l\u2019une de ces personnes, nous vous recommandons de consulter gratuitement notre liste des meilleurs sites de connexion. Ces sites n\u2019offrent aucune inscription requise par &#8230; <a title=\"Nos meilleurs sites de connexion examin\u00e9s\" class=\"read-more\" href=\"https:\/\/blowflyofficial.com\/fr\/\" aria-label=\"En savoir plus sur Nos meilleurs sites de connexion examin\u00e9s\">Lire la suite<\/a><\/p>\n","protected":false},"author":1,"featured_media":0,"parent":0,"menu_order":0,"comment_status":"closed","ping_status":"closed","template":"","meta":[],"yoast_head":"<!-- This site is optimized with the Yoast SEO plugin v17.7.1 - https:\/\/yoast.com\/wordpress\/plugins\/seo\/ -->\n<title>Nos meilleurs sites de connexion examin\u00e9s - Classements des connexions<\/title>\n<meta name=\"robots\" content=\"index, follow, max-snippet:-1, max-image-preview:large, max-video-preview:-1\" \/>\n<link rel=\"canonical\" href=\"https:\/\/blowflyofficial.com\/fr\/\" \/>\n<meta property=\"og:locale\" content=\"fr_FR\" \/>\n<meta property=\"og:type\" content=\"article\" \/>\n<meta property=\"og:title\" content=\"Nos meilleurs sites de connexion examin\u00e9s - Classements des connexions\" \/>\n<meta property=\"og:description\" content=\"Il existe de nombreuses applications de rencontres en ligne &#8211; comme Tinder, Bumble, OkCupid, PlentyOfFish, Match, etc. Mais certaines personnes pr\u00e9f\u00e8rent trouver l\u2019amour sans s\u2019inscrire sur un site. Si vous \u00eates l\u2019une de ces personnes, nous vous recommandons de consulter gratuitement notre liste des meilleurs sites de connexion. Ces sites n\u2019offrent aucune inscription requise par ... Lire la suite\" \/>\n<meta property=\"og:url\" content=\"https:\/\/blowflyofficial.com\/fr\/\" \/>\n<meta property=\"og:site_name\" content=\"Classements des connexions\" \/>\n<meta property=\"og:image\" content=\"http:\/\/blowflyofficial.com\/wp-content\/uploads\/2022\/08\/guide-for-love-1024x681.jpeg\" \/>\n<meta name=\"twitter:card\" content=\"summary_large_image\" \/>\n<meta name=\"twitter:label1\" content=\"Dur\u00e9e de lecture estim\u00e9e\" \/>\n\t<meta name=\"twitter:data1\" content=\"6 minutes\" \/>\n<script type=\"application\/ld+json\" class=\"yoast-schema-graph\">{\"@context\":\"https:\/\/schema.org\",\"@graph\":[{\"@type\":\"WebSite\",\"@id\":\"http:\/\/blowflyofficial.com\/da\/#website\",\"url\":\"http:\/\/blowflyofficial.com\/da\/\",\"name\":\"Classements des connexions\",\"description\":\"Conseils de rencontres occasionnelles\",\"potentialAction\":[{\"@type\":\"SearchAction\",\"target\":{\"@type\":\"EntryPoint\",\"urlTemplate\":\"http:\/\/blowflyofficial.com\/da\/?s={search_term_string}\"},\"query-input\":\"required name=search_term_string\"}],\"inLanguage\":\"fr-FR\"},{\"@type\":\"ImageObject\",\"@id\":\"https:\/\/blowflyofficial.com\/fr\/#primaryimage\",\"inLanguage\":\"fr-FR\",\"url\":\"http:\/\/blowflyofficial.com\/wp-content\/uploads\/2022\/08\/guide-for-love-1024x681.jpeg\",\"contentUrl\":\"http:\/\/blowflyofficial.com\/wp-content\/uploads\/2022\/08\/guide-for-love-1024x681.jpeg\"},{\"@type\":\"WebPage\",\"@id\":\"https:\/\/blowflyofficial.com\/fr\/#webpage\",\"url\":\"https:\/\/blowflyofficial.com\/fr\/\",\"name\":\"Nos meilleurs sites de connexion examin\\u00e9s - Classements des connexions\",\"isPartOf\":{\"@id\":\"http:\/\/blowflyofficial.com\/da\/#website\"},\"primaryImageOfPage\":{\"@id\":\"https:\/\/blowflyofficial.com\/fr\/#primaryimage\"},\"datePublished\":\"2022-08-30T12:02:05+00:00\",\"dateModified\":\"2022-08-30T12:02:05+00:00\",\"breadcrumb\":{\"@id\":\"https:\/\/blowflyofficial.com\/fr\/#breadcrumb\"},\"inLanguage\":\"fr-FR\",\"potentialAction\":[{\"@type\":\"ReadAction\",\"target\":[\"https:\/\/blowflyofficial.com\/fr\/\"]}]},{\"@type\":\"BreadcrumbList\",\"@id\":\"https:\/\/blowflyofficial.com\/fr\/#breadcrumb\",\"itemListElement\":[{\"@type\":\"ListItem\",\"position\":1,\"name\":\"Home\",\"item\":\"https:\/\/blowflyofficial.com\/fr\/\"},{\"@type\":\"ListItem\",\"position\":2,\"name\":\"Nos meilleurs sites de connexion examin\\u00e9s\"}]}]}<\/script>\n<!-- \/ Yoast SEO plugin. -->","yoast_head_json":{"title":"Nos meilleurs sites de connexion examin\u00e9s - Classements des connexions","robots":{"index":"index","follow":"follow","max-snippet":"max-snippet:-1","max-image-preview":"max-image-preview:large","max-video-preview":"max-video-preview:-1"},"canonical":"https:\/\/blowflyofficial.com\/fr\/","og_locale":"fr_FR","og_type":"article","og_title":"Nos meilleurs sites de connexion examin\u00e9s - Classements des connexions","og_description":"Il existe de nombreuses applications de rencontres en ligne &#8211; comme Tinder, Bumble, OkCupid, PlentyOfFish, Match, etc. Mais certaines personnes pr\u00e9f\u00e8rent trouver l\u2019amour sans s\u2019inscrire sur un site. Si vous \u00eates l\u2019une de ces personnes, nous vous recommandons de consulter gratuitement notre liste des meilleurs sites de connexion. Ces sites n\u2019offrent aucune inscription requise par ... Lire la suite","og_url":"https:\/\/blowflyofficial.com\/fr\/","og_site_name":"Classements des connexions","og_image":[{"url":"http:\/\/blowflyofficial.com\/wp-content\/uploads\/2022\/08\/guide-for-love-1024x681.jpeg"}],"twitter_card":"summary_large_image","twitter_misc":{"Dur\u00e9e de lecture estim\u00e9e":"6 minutes"},"schema":{"@context":"https:\/\/schema.org","@graph":[{"@type":"WebSite","@id":"http:\/\/blowflyofficial.com\/da\/#website","url":"http:\/\/blowflyofficial.com\/da\/","name":"Classements des connexions","description":"Conseils de rencontres occasionnelles","potentialAction":[{"@type":"SearchAction","target":{"@type":"EntryPoint","urlTemplate":"http:\/\/blowflyofficial.com\/da\/?s={search_term_string}"},"query-input":"required name=search_term_string"}],"inLanguage":"fr-FR"},{"@type":"ImageObject","@id":"https:\/\/blowflyofficial.com\/fr\/#primaryimage","inLanguage":"fr-FR","url":"http:\/\/blowflyofficial.com\/wp-content\/uploads\/2022\/08\/guide-for-love-1024x681.jpeg","contentUrl":"http:\/\/blowflyofficial.com\/wp-content\/uploads\/2022\/08\/guide-for-love-1024x681.jpeg"},{"@type":"WebPage","@id":"https:\/\/blowflyofficial.com\/fr\/#webpage","url":"https:\/\/blowflyofficial.com\/fr\/","name":"Nos meilleurs sites de connexion examin\u00e9s - Classements des connexions","isPartOf":{"@id":"http:\/\/blowflyofficial.com\/da\/#website"},"primaryImageOfPage":{"@id":"https:\/\/blowflyofficial.com\/fr\/#primaryimage"},"datePublished":"2022-08-30T12:02:05+00:00","dateModified":"2022-08-30T12:02:05+00:00","breadcrumb":{"@id":"https:\/\/blowflyofficial.com\/fr\/#breadcrumb"},"inLanguage":"fr-FR","potentialAction":[{"@type":"ReadAction","target":["https:\/\/blowflyofficial.com\/fr\/"]}]},{"@type":"BreadcrumbList","@id":"https:\/\/blowflyofficial.com\/fr\/#breadcrumb","itemListElement":[{"@type":"ListItem","position":1,"name":"Home","item":"https:\/\/blowflyofficial.com\/fr\/"},{"@type":"ListItem","position":2,"name":"Nos meilleurs sites de connexion examin\u00e9s"}]}]}},"_links":{"self":[{"href":"https:\/\/blowflyofficial.com\/fr\/wp-json\/wp\/v2\/pages\/207"}],"collection":[{"href":"https:\/\/blowflyofficial.com\/fr\/wp-json\/wp\/v2\/pages"}],"about":[{"href":"https:\/\/blowflyofficial.com\/fr\/wp-json\/wp\/v2\/types\/page"}],"author":[{"embeddable":true,"href":"https:\/\/blowflyofficial.com\/fr\/wp-json\/wp\/v2\/users\/1"}],"replies":[{"embeddable":true,"href":"https:\/\/blowflyofficial.com\/fr\/wp-json\/wp\/v2\/comments?post=207"}],"version-history":[{"count":0,"href":"https:\/\/blowflyofficial.com\/fr\/wp-json\/wp\/v2\/pages\/207\/revisions"}],"wp:attachment":[{"href":"https:\/\/blowflyofficial.com\/fr\/wp-json\/wp\/v2\/media?parent=207"}],"curies":[{"name":"wp","href":"https:\/\/api.w.org\/{rel}","templated":true}]}}