{"id":198,"date":"2022-08-30T13:45:52","date_gmt":"2022-08-30T12:45:52","guid":{"rendered":"http:\/\/blowflyofficial.com\/trouver-une-connexion-occasionnelle-locale\/"},"modified":"2022-08-30T13:45:52","modified_gmt":"2022-08-30T12:45:52","slug":"trouver-une-connexion-occasionnelle-locale","status":"publish","type":"page","link":"https:\/\/blowflyofficial.com\/fr\/trouver-une-connexion-occasionnelle-locale\/","title":{"rendered":"Trouver une connexion occasionnelle locale"},"content":{"rendered":"<p>Nous savons \u00e0 quel point il est difficile de trouver quelqu\u2019un que vous aimez, surtout lorsque vous vivez dans diff\u00e9rentes villes. Nous comprenons que parfois vous vous sentez seul et ennuy\u00e9, et nous ne vous bl\u00e2mons pas parce qu\u2019il y a beaucoup de choses qui nous rendent tristes aussi. Mais pourquoi devriez-vous attendre que quelqu\u2019un d\u2019autre vienne vous donner ce que vous voulez vraiment? Pourquoi devriez-vous passer des heures \u00e0 chercher quelque chose qui pourrait prendre quelques minutes?<\/p>\n<h2>Vous voulez trouver une connexion?<\/h2>\n<p>Vous n\u2019avez m\u00eame pas \u00e0 vous soucier <a href=\"http:\/\/blowflyofficial.com\/fr\/trouvez-des-relations-sexuelles-avec-des-femmes-pres-de-chez-vous\/\">de vous faire arnaquer<\/a>, car tout ici est enti\u00e8rement gratuit. Si vous d\u00e9cidez d\u2019aller de l\u2019avant et de payer pour l\u2019adh\u00e9sion, vous avez acc\u00e8s \u00e0 l\u2019ensemble du r\u00e9seau, y compris toutes les fonctionnalit\u00e9s pour les abonnements premium. Cependant, si vous recherchez une connexion rapide, vous pouvez toujours essayer la version d\u2019essai et voir si elle vous convient.<\/p>\n<p>Les gens sont toujours \u00e0 la recherche de moyens de rencontrer d\u2019autres personnes en ligne, en particulier ceux qui veulent des rencontres occasionnelles. Mais vers qui vous tournez-vous quand il n\u2019y a pas beaucoup d\u2019options ? Eh bien, nous avons ce qu\u2019il vous faut! Vous trouverez ci-dessous cinq sites de connexion locaux gratuits qui fonctionnent r\u00e9ellement. Vous ne regretterez pas de les avoir essay\u00e9s.<\/p>\n<p>La premi\u00e8re application de connexion gratuite que je vais vous sugg\u00e9rer d\u2019essayer s\u2019appelle Fling, et c\u2019est peut-\u00eatre la meilleure application de rencontres que j\u2019ai utilis\u00e9e au fil des ans. Bien qu\u2019il existe de nombreuses applications payantes qui offrent des fonctionnalit\u00e9s similaires, Fling est gratuit \u00e0 s\u2019inscrire et \u00e0 utiliser.<\/p>\n<p>Bien s\u00fbr, ils ont des options de mise \u00e0 niveau &#8211; comme la possibilit\u00e9 de trouver des partenaires locaux en fonction de l\u2019endroit o\u00f9 vous vivez &#8211; qui facilitent grandement la connexion des gens, mais n\u00e9anmoins, la version gratuite fonctionne tr\u00e8s bien. En fait, lorsque je me suis inscrit \u00e0 l\u2019origine, j\u2019ai fini par l\u2019utiliser pendant une semaine compl\u00e8te avant de mettre \u00e0 niveau parce que je voulais augmenter mes chances de me connecter. Peu de temps apr\u00e8s, je me suis retrouv\u00e9 \u00e0 d\u00e9penser de l\u2019argent pour des mises \u00e0 niveau premium.<\/p>\n<h2>Sites d\u2019appel de butin<\/h2>\n<p>Je suis un grand fan du ph\u00e9nom\u00e8ne de l\u2019appel de butin. J\u2019ai \u00e9t\u00e9 des deux c\u00f4t\u00e9s de la m\u00e9daille. J\u2019ai eu des rencontres occasionnelles o\u00f9 nous nous retrouvons pour prendre un verre ou d\u00eener et finissons par nous connecter plus tard. Et j\u2019ai aussi eu des rendez-vous o\u00f9 il n\u2019y avait pas beaucoup d\u2019alchimie et o\u00f9 nous n\u2019avons pas fini par avoir des relations sexuelles. Donc, quand j\u2019ai entendu parler de cette application appel\u00e9e OnlineBootyCall.com, j\u2019ai pens\u00e9 que cela ressemblait \u00e0 quelque chose d\u2019amusant \u00e0 essayer.<\/p>\n<p>L\u2019id\u00e9e derri\u00e8re cette application est assez simple. Vous vous inscrivez gratuitement et commencez \u00e0 discuter avec des personnes qui vivent \u00e0 proximit\u00e9. Si vous trouvez quelqu\u2019un d\u2019int\u00e9ressant, vous pouvez l\u2019inviter \u00e0 sortir. Lorsqu\u2019ils se pr\u00e9sentent, vous pouvez soit les renvoyer directement \u00e0 la maison, soit les emmener dans une chambre d\u2019h\u00f4tel. Il n\u2019y a pas de r\u00e8gles ou d\u2019attentes. Vous vous rencontrez juste pour le sexe.<\/p>\n","protected":false},"excerpt":{"rendered":"<p>Nous savons \u00e0 quel point il est difficile de trouver quelqu\u2019un que vous aimez, surtout lorsque vous vivez dans diff\u00e9rentes villes. Nous comprenons que parfois vous vous sentez seul et ennuy\u00e9, et nous ne vous bl\u00e2mons pas parce qu\u2019il y a beaucoup de choses qui nous rendent tristes aussi. Mais pourquoi devriez-vous attendre que quelqu\u2019un &#8230; <a title=\"Trouver une connexion occasionnelle locale\" class=\"read-more\" href=\"https:\/\/blowflyofficial.com\/fr\/trouver-une-connexion-occasionnelle-locale\/\" aria-label=\"En savoir plus sur Trouver une connexion occasionnelle locale\">Lire la suite<\/a><\/p>\n","protected":false},"author":1,"featured_media":0,"parent":0,"menu_order":0,"comment_status":"closed","ping_status":"closed","template":"","meta":[],"yoast_head":"<!-- This site is optimized with the Yoast SEO plugin v17.7.1 - https:\/\/yoast.com\/wordpress\/plugins\/seo\/ -->\n<title>Trouver une connexion occasionnelle locale - Classements des connexions<\/title>\n<meta name=\"robots\" content=\"index, follow, max-snippet:-1, max-image-preview:large, max-video-preview:-1\" \/>\n<link rel=\"canonical\" href=\"https:\/\/blowflyofficial.com\/fr\/trouver-une-connexion-occasionnelle-locale\/\" \/>\n<meta property=\"og:locale\" content=\"fr_FR\" \/>\n<meta property=\"og:type\" content=\"article\" \/>\n<meta property=\"og:title\" content=\"Trouver une connexion occasionnelle locale - Classements des connexions\" \/>\n<meta property=\"og:description\" content=\"Nous savons \u00e0 quel point il est difficile de trouver quelqu\u2019un que vous aimez, surtout lorsque vous vivez dans diff\u00e9rentes villes. Nous comprenons que parfois vous vous sentez seul et ennuy\u00e9, et nous ne vous bl\u00e2mons pas parce qu\u2019il y a beaucoup de choses qui nous rendent tristes aussi. Mais pourquoi devriez-vous attendre que quelqu\u2019un ... Lire la suite\" \/>\n<meta property=\"og:url\" content=\"https:\/\/blowflyofficial.com\/fr\/trouver-une-connexion-occasionnelle-locale\/\" \/>\n<meta property=\"og:site_name\" content=\"Classements des connexions\" \/>\n<meta name=\"twitter:card\" content=\"summary_large_image\" \/>\n<meta name=\"twitter:label1\" content=\"Dur\u00e9e de lecture estim\u00e9e\" \/>\n\t<meta name=\"twitter:data1\" content=\"3 minutes\" \/>\n<script type=\"application\/ld+json\" class=\"yoast-schema-graph\">{\"@context\":\"https:\/\/schema.org\",\"@graph\":[{\"@type\":\"WebSite\",\"@id\":\"http:\/\/blowflyofficial.com\/da\/#website\",\"url\":\"http:\/\/blowflyofficial.com\/da\/\",\"name\":\"Classements des connexions\",\"description\":\"Conseils de rencontres occasionnelles\",\"potentialAction\":[{\"@type\":\"SearchAction\",\"target\":{\"@type\":\"EntryPoint\",\"urlTemplate\":\"http:\/\/blowflyofficial.com\/da\/?s={search_term_string}\"},\"query-input\":\"required name=search_term_string\"}],\"inLanguage\":\"fr-FR\"},{\"@type\":\"WebPage\",\"@id\":\"https:\/\/blowflyofficial.com\/fr\/trouver-une-connexion-occasionnelle-locale\/#webpage\",\"url\":\"https:\/\/blowflyofficial.com\/fr\/trouver-une-connexion-occasionnelle-locale\/\",\"name\":\"Trouver une connexion occasionnelle locale - Classements des connexions\",\"isPartOf\":{\"@id\":\"http:\/\/blowflyofficial.com\/da\/#website\"},\"datePublished\":\"2022-08-30T12:45:52+00:00\",\"dateModified\":\"2022-08-30T12:45:52+00:00\",\"breadcrumb\":{\"@id\":\"https:\/\/blowflyofficial.com\/fr\/trouver-une-connexion-occasionnelle-locale\/#breadcrumb\"},\"inLanguage\":\"fr-FR\",\"potentialAction\":[{\"@type\":\"ReadAction\",\"target\":[\"https:\/\/blowflyofficial.com\/fr\/trouver-une-connexion-occasionnelle-locale\/\"]}]},{\"@type\":\"BreadcrumbList\",\"@id\":\"https:\/\/blowflyofficial.com\/fr\/trouver-une-connexion-occasionnelle-locale\/#breadcrumb\",\"itemListElement\":[{\"@type\":\"ListItem\",\"position\":1,\"name\":\"Home\",\"item\":\"https:\/\/blowflyofficial.com\/fr\/\"},{\"@type\":\"ListItem\",\"position\":2,\"name\":\"Trouver une connexion occasionnelle locale\"}]}]}<\/script>\n<!-- \/ Yoast SEO plugin. -->","yoast_head_json":{"title":"Trouver une connexion occasionnelle locale - Classements des connexions","robots":{"index":"index","follow":"follow","max-snippet":"max-snippet:-1","max-image-preview":"max-image-preview:large","max-video-preview":"max-video-preview:-1"},"canonical":"https:\/\/blowflyofficial.com\/fr\/trouver-une-connexion-occasionnelle-locale\/","og_locale":"fr_FR","og_type":"article","og_title":"Trouver une connexion occasionnelle locale - Classements des connexions","og_description":"Nous savons \u00e0 quel point il est difficile de trouver quelqu\u2019un que vous aimez, surtout lorsque vous vivez dans diff\u00e9rentes villes. Nous comprenons que parfois vous vous sentez seul et ennuy\u00e9, et nous ne vous bl\u00e2mons pas parce qu\u2019il y a beaucoup de choses qui nous rendent tristes aussi. Mais pourquoi devriez-vous attendre que quelqu\u2019un ... Lire la suite","og_url":"https:\/\/blowflyofficial.com\/fr\/trouver-une-connexion-occasionnelle-locale\/","og_site_name":"Classements des connexions","twitter_card":"summary_large_image","twitter_misc":{"Dur\u00e9e de lecture estim\u00e9e":"3 minutes"},"schema":{"@context":"https:\/\/schema.org","@graph":[{"@type":"WebSite","@id":"http:\/\/blowflyofficial.com\/da\/#website","url":"http:\/\/blowflyofficial.com\/da\/","name":"Classements des connexions","description":"Conseils de rencontres occasionnelles","potentialAction":[{"@type":"SearchAction","target":{"@type":"EntryPoint","urlTemplate":"http:\/\/blowflyofficial.com\/da\/?s={search_term_string}"},"query-input":"required name=search_term_string"}],"inLanguage":"fr-FR"},{"@type":"WebPage","@id":"https:\/\/blowflyofficial.com\/fr\/trouver-une-connexion-occasionnelle-locale\/#webpage","url":"https:\/\/blowflyofficial.com\/fr\/trouver-une-connexion-occasionnelle-locale\/","name":"Trouver une connexion occasionnelle locale - Classements des connexions","isPartOf":{"@id":"http:\/\/blowflyofficial.com\/da\/#website"},"datePublished":"2022-08-30T12:45:52+00:00","dateModified":"2022-08-30T12:45:52+00:00","breadcrumb":{"@id":"https:\/\/blowflyofficial.com\/fr\/trouver-une-connexion-occasionnelle-locale\/#breadcrumb"},"inLanguage":"fr-FR","potentialAction":[{"@type":"ReadAction","target":["https:\/\/blowflyofficial.com\/fr\/trouver-une-connexion-occasionnelle-locale\/"]}]},{"@type":"BreadcrumbList","@id":"https:\/\/blowflyofficial.com\/fr\/trouver-une-connexion-occasionnelle-locale\/#breadcrumb","itemListElement":[{"@type":"ListItem","position":1,"name":"Home","item":"https:\/\/blowflyofficial.com\/fr\/"},{"@type":"ListItem","position":2,"name":"Trouver une connexion occasionnelle locale"}]}]}},"_links":{"self":[{"href":"https:\/\/blowflyofficial.com\/fr\/wp-json\/wp\/v2\/pages\/198"}],"collection":[{"href":"https:\/\/blowflyofficial.com\/fr\/wp-json\/wp\/v2\/pages"}],"about":[{"href":"https:\/\/blowflyofficial.com\/fr\/wp-json\/wp\/v2\/types\/page"}],"author":[{"embeddable":true,"href":"https:\/\/blowflyofficial.com\/fr\/wp-json\/wp\/v2\/users\/1"}],"replies":[{"embeddable":true,"href":"https:\/\/blowflyofficial.com\/fr\/wp-json\/wp\/v2\/comments?post=198"}],"version-history":[{"count":0,"href":"https:\/\/blowflyofficial.com\/fr\/wp-json\/wp\/v2\/pages\/198\/revisions"}],"wp:attachment":[{"href":"https:\/\/blowflyofficial.com\/fr\/wp-json\/wp\/v2\/media?parent=198"}],"curies":[{"name":"wp","href":"https:\/\/api.w.org\/{rel}","templated":true}]}}