{"id":196,"date":"2022-08-30T13:50:50","date_gmt":"2022-08-30T12:50:50","guid":{"rendered":"http:\/\/blowflyofficial.com\/a-la-recherche-de-sexe\/"},"modified":"2022-08-30T13:50:50","modified_gmt":"2022-08-30T12:50:50","slug":"a-la-recherche-de-sexe","status":"publish","type":"page","link":"https:\/\/blowflyofficial.com\/fr\/a-la-recherche-de-sexe\/","title":{"rendered":"\u00c0 la recherche de sexe"},"content":{"rendered":"<p>Vous cherchez du plaisir ce soir? Alors vous \u00eates au bon endroit. Nous sommes l\u00e0 pour vous aider \u00e0 trouver votre rendez-vous d\u00e9contract\u00e9 parfait pour les quickies et le plaisir het-up. Qu\u2019il s\u2019agisse simplement d\u2019un d\u00eener et de boissons, ou de quelque chose de plus s\u00e9rieux, nous sommes s\u00fbrs d\u2019avoir un match pour vous. Notre site est enti\u00e8rement gratuit et nos membres sont toujours \u00e0 la recherche d\u2019un bon moment. Pour commencer \u00e0 trouver quelqu\u2019un de sp\u00e9cial maintenant, parcourez simplement nos profils et inscrivez-vous d\u00e8s aujourd\u2019hui.<\/p>\n<p>\u00c0 notre avis, il n\u2019y a aucune raison pour que vous n\u2019essayiez pas de trouver un partenaire localement. Apr\u00e8s tout, vous <a href=\"http:\/\/blowflyofficial.com\/fr\/meilleures-applications-de-rencontres-pour-trouver-quelque-chose-de-serieux\/\">vivez \u00e0 proximit\u00e9<\/a>, vous vous connaissez bien et vous vous voyez probablement d\u00e9j\u00e0 tous les jours. Vous pourriez m\u00eame vous retrouver pour prendre un caf\u00e9 de temps en temps. Pourquoi ne pas essayer?<\/p>\n<h2>Comment utiliser les applications de rencontres pour le sexe<\/h2>\n<p>La chose la plus importante \u00e0 savoir sur les applications de rencontres est qu\u2019il existe diff\u00e9rents types de personnes dans le monde. Vous pensez peut-\u00eatre que vous cherchez quelqu\u2019un comme vous, mais il s\u2019av\u00e8re que vous cherchez en fait quelqu\u2019un de compl\u00e8tement diff\u00e9rent. Il existe trois cat\u00e9gories principales de personnes en ligne: celles qui veulent du sexe occasionnel, celles qui veulent des relations \u00e0 long terme et celles qui veulent juste rencontrer de nouveaux amis. Voici comment choisir des femmes en fonction du type de personne que vous \u00eates.<\/p>\n<h2>Personnes sexuelles occasionnelles<\/h2>\n<p>Les gens du sexe occasionnel ne se soucient pas trop de l\u2019apparence, mais ils se soucient de la personnalit\u00e9. Ils sont g\u00e9n\u00e9ralement faciles \u00e0 vivre, ouverts d\u2019esprit et aiment g\u00e9n\u00e9ralement rencontrer de nouvelles personnes. Si vous \u00eates \u00e0 la recherche d\u2019une soir\u00e9e amusante sans aucune condition, les personnes sexuelles occasionnelles sont probablement le meilleur choix pour vous. Ces gars-l\u00e0 ne sont pas vraiment engag\u00e9s, mais ils vont certainement essayer n\u2019importe quoi une fois.<\/p>\n<h2>Relations \u00e0 long terme Personnes<\/h2>\n<p>Les personnes ayant des relations \u00e0 long terme sont \u00e0 l\u2019oppos\u00e9 des personnes ayant un sexe occasionnel. Ils recherchent quelque chose de s\u00e9rieux et ils veulent un partenaire sur lequel ils peuvent compter. C\u2019est pourquoi beaucoup d\u2019entre eux sont pr\u00eats \u00e0 supporter certains traits assez peu attrayants chez les hommes. En fait, ils font souvent tout leur possible pour trouver des partenaires qui sont beaux.<\/p>\n<h2>Rencontrer de nouveaux amis<\/h2>\n<p>Rencontrer de nouveaux amis est le groupe le moins courant, mais ils sont toujours l\u00e0. Ils sont g\u00e9n\u00e9ralement heureux de parler \u00e0 n\u2019importe qui, m\u00eame \u00e0 de parfaits inconnus, parce qu\u2019ils aiment rencontrer de nouvelles personnes. Ils sont g\u00e9n\u00e9ralement amicaux et extravertis, et ils sont toujours int\u00e9ress\u00e9s \u00e0 entendre les histoires des autres. Ils sont \u00e9galement de grands auditeurs, donc si jamais vous vous sentez seul ou ennuy\u00e9, vous pouvez compter sur eux pour garder les choses int\u00e9ressantes.<\/p>\n<h2>Nos conseils<\/h2>\n<p>Les c\u00e9libataires d\u2019aujourd\u2019hui sont connus pour \u00eatre ouverts d\u2019esprit et flexibles quand il s\u2019agit de questions telles que le sexe. Cela s\u2019applique aussi bien aux femmes qu\u2019aux hommes. En fait, beaucoup de gens pr\u00e9f\u00e8rent sortir avec quelqu\u2019un qui est pr\u00eat \u00e0 essayer quelque chose de nouveau.<\/p>\n<p>Cela s\u2019applique encore plus fortement aux personnes \u00e2g\u00e9es. Beaucoup d\u2019entre eux veulent encore s\u2019amuser pendant leur retraite. Et bien qu\u2019il existe de nombreux sites de rencontres matures destin\u00e9s aux personnes \u00e2g\u00e9es, nous pensons que les rencontres locales sont \u00e9galement une excellente id\u00e9e.<\/p>\n","protected":false},"excerpt":{"rendered":"<p>Vous cherchez du plaisir ce soir? Alors vous \u00eates au bon endroit. Nous sommes l\u00e0 pour vous aider \u00e0 trouver votre rendez-vous d\u00e9contract\u00e9 parfait pour les quickies et le plaisir het-up. Qu\u2019il s\u2019agisse simplement d\u2019un d\u00eener et de boissons, ou de quelque chose de plus s\u00e9rieux, nous sommes s\u00fbrs d\u2019avoir un match pour vous. Notre &#8230; <a title=\"\u00c0 la recherche de sexe\" class=\"read-more\" href=\"https:\/\/blowflyofficial.com\/fr\/a-la-recherche-de-sexe\/\" aria-label=\"En savoir plus sur \u00c0 la recherche de sexe\">Lire la suite<\/a><\/p>\n","protected":false},"author":1,"featured_media":0,"parent":0,"menu_order":0,"comment_status":"closed","ping_status":"closed","template":"","meta":[],"yoast_head":"<!-- This site is optimized with the Yoast SEO plugin v17.7.1 - https:\/\/yoast.com\/wordpress\/plugins\/seo\/ -->\n<title>\u00c0 la recherche de sexe - Classements des connexions<\/title>\n<meta name=\"robots\" content=\"index, follow, max-snippet:-1, max-image-preview:large, max-video-preview:-1\" \/>\n<link rel=\"canonical\" href=\"https:\/\/blowflyofficial.com\/fr\/a-la-recherche-de-sexe\/\" \/>\n<meta property=\"og:locale\" content=\"fr_FR\" \/>\n<meta property=\"og:type\" content=\"article\" \/>\n<meta property=\"og:title\" content=\"\u00c0 la recherche de sexe - Classements des connexions\" \/>\n<meta property=\"og:description\" content=\"Vous cherchez du plaisir ce soir? Alors vous \u00eates au bon endroit. Nous sommes l\u00e0 pour vous aider \u00e0 trouver votre rendez-vous d\u00e9contract\u00e9 parfait pour les quickies et le plaisir het-up. Qu\u2019il s\u2019agisse simplement d\u2019un d\u00eener et de boissons, ou de quelque chose de plus s\u00e9rieux, nous sommes s\u00fbrs d\u2019avoir un match pour vous. Notre ... Lire la suite\" \/>\n<meta property=\"og:url\" content=\"https:\/\/blowflyofficial.com\/fr\/a-la-recherche-de-sexe\/\" \/>\n<meta property=\"og:site_name\" content=\"Classements des connexions\" \/>\n<meta name=\"twitter:card\" content=\"summary_large_image\" \/>\n<meta name=\"twitter:label1\" content=\"Dur\u00e9e de lecture estim\u00e9e\" \/>\n\t<meta name=\"twitter:data1\" content=\"3 minutes\" \/>\n<script type=\"application\/ld+json\" class=\"yoast-schema-graph\">{\"@context\":\"https:\/\/schema.org\",\"@graph\":[{\"@type\":\"WebSite\",\"@id\":\"http:\/\/blowflyofficial.com\/da\/#website\",\"url\":\"http:\/\/blowflyofficial.com\/da\/\",\"name\":\"Classements des connexions\",\"description\":\"Conseils de rencontres occasionnelles\",\"potentialAction\":[{\"@type\":\"SearchAction\",\"target\":{\"@type\":\"EntryPoint\",\"urlTemplate\":\"http:\/\/blowflyofficial.com\/da\/?s={search_term_string}\"},\"query-input\":\"required name=search_term_string\"}],\"inLanguage\":\"fr-FR\"},{\"@type\":\"WebPage\",\"@id\":\"https:\/\/blowflyofficial.com\/fr\/a-la-recherche-de-sexe\/#webpage\",\"url\":\"https:\/\/blowflyofficial.com\/fr\/a-la-recherche-de-sexe\/\",\"name\":\"\\u00c0 la recherche de sexe - Classements des connexions\",\"isPartOf\":{\"@id\":\"http:\/\/blowflyofficial.com\/da\/#website\"},\"datePublished\":\"2022-08-30T12:50:50+00:00\",\"dateModified\":\"2022-08-30T12:50:50+00:00\",\"breadcrumb\":{\"@id\":\"https:\/\/blowflyofficial.com\/fr\/a-la-recherche-de-sexe\/#breadcrumb\"},\"inLanguage\":\"fr-FR\",\"potentialAction\":[{\"@type\":\"ReadAction\",\"target\":[\"https:\/\/blowflyofficial.com\/fr\/a-la-recherche-de-sexe\/\"]}]},{\"@type\":\"BreadcrumbList\",\"@id\":\"https:\/\/blowflyofficial.com\/fr\/a-la-recherche-de-sexe\/#breadcrumb\",\"itemListElement\":[{\"@type\":\"ListItem\",\"position\":1,\"name\":\"Home\",\"item\":\"https:\/\/blowflyofficial.com\/fr\/\"},{\"@type\":\"ListItem\",\"position\":2,\"name\":\"\\u00c0 la recherche de sexe\"}]}]}<\/script>\n<!-- \/ Yoast SEO plugin. -->","yoast_head_json":{"title":"\u00c0 la recherche de sexe - Classements des connexions","robots":{"index":"index","follow":"follow","max-snippet":"max-snippet:-1","max-image-preview":"max-image-preview:large","max-video-preview":"max-video-preview:-1"},"canonical":"https:\/\/blowflyofficial.com\/fr\/a-la-recherche-de-sexe\/","og_locale":"fr_FR","og_type":"article","og_title":"\u00c0 la recherche de sexe - Classements des connexions","og_description":"Vous cherchez du plaisir ce soir? Alors vous \u00eates au bon endroit. Nous sommes l\u00e0 pour vous aider \u00e0 trouver votre rendez-vous d\u00e9contract\u00e9 parfait pour les quickies et le plaisir het-up. Qu\u2019il s\u2019agisse simplement d\u2019un d\u00eener et de boissons, ou de quelque chose de plus s\u00e9rieux, nous sommes s\u00fbrs d\u2019avoir un match pour vous. Notre ... Lire la suite","og_url":"https:\/\/blowflyofficial.com\/fr\/a-la-recherche-de-sexe\/","og_site_name":"Classements des connexions","twitter_card":"summary_large_image","twitter_misc":{"Dur\u00e9e de lecture estim\u00e9e":"3 minutes"},"schema":{"@context":"https:\/\/schema.org","@graph":[{"@type":"WebSite","@id":"http:\/\/blowflyofficial.com\/da\/#website","url":"http:\/\/blowflyofficial.com\/da\/","name":"Classements des connexions","description":"Conseils de rencontres occasionnelles","potentialAction":[{"@type":"SearchAction","target":{"@type":"EntryPoint","urlTemplate":"http:\/\/blowflyofficial.com\/da\/?s={search_term_string}"},"query-input":"required name=search_term_string"}],"inLanguage":"fr-FR"},{"@type":"WebPage","@id":"https:\/\/blowflyofficial.com\/fr\/a-la-recherche-de-sexe\/#webpage","url":"https:\/\/blowflyofficial.com\/fr\/a-la-recherche-de-sexe\/","name":"\u00c0 la recherche de sexe - Classements des connexions","isPartOf":{"@id":"http:\/\/blowflyofficial.com\/da\/#website"},"datePublished":"2022-08-30T12:50:50+00:00","dateModified":"2022-08-30T12:50:50+00:00","breadcrumb":{"@id":"https:\/\/blowflyofficial.com\/fr\/a-la-recherche-de-sexe\/#breadcrumb"},"inLanguage":"fr-FR","potentialAction":[{"@type":"ReadAction","target":["https:\/\/blowflyofficial.com\/fr\/a-la-recherche-de-sexe\/"]}]},{"@type":"BreadcrumbList","@id":"https:\/\/blowflyofficial.com\/fr\/a-la-recherche-de-sexe\/#breadcrumb","itemListElement":[{"@type":"ListItem","position":1,"name":"Home","item":"https:\/\/blowflyofficial.com\/fr\/"},{"@type":"ListItem","position":2,"name":"\u00c0 la recherche de sexe"}]}]}},"_links":{"self":[{"href":"https:\/\/blowflyofficial.com\/fr\/wp-json\/wp\/v2\/pages\/196"}],"collection":[{"href":"https:\/\/blowflyofficial.com\/fr\/wp-json\/wp\/v2\/pages"}],"about":[{"href":"https:\/\/blowflyofficial.com\/fr\/wp-json\/wp\/v2\/types\/page"}],"author":[{"embeddable":true,"href":"https:\/\/blowflyofficial.com\/fr\/wp-json\/wp\/v2\/users\/1"}],"replies":[{"embeddable":true,"href":"https:\/\/blowflyofficial.com\/fr\/wp-json\/wp\/v2\/comments?post=196"}],"version-history":[{"count":0,"href":"https:\/\/blowflyofficial.com\/fr\/wp-json\/wp\/v2\/pages\/196\/revisions"}],"wp:attachment":[{"href":"https:\/\/blowflyofficial.com\/fr\/wp-json\/wp\/v2\/media?parent=196"}],"curies":[{"name":"wp","href":"https:\/\/api.w.org\/{rel}","templated":true}]}}