{"id":153,"date":"2022-08-30T14:15:19","date_gmt":"2022-08-30T13:15:19","guid":{"rendered":"http:\/\/blowflyofficial.com\/sites-de-rencontres-echangistes-occasionnels\/"},"modified":"2022-08-30T14:15:19","modified_gmt":"2022-08-30T13:15:19","slug":"sites-de-rencontres-echangistes-occasionnels","status":"publish","type":"page","link":"https:\/\/blowflyofficial.com\/fr\/sites-de-rencontres-echangistes-occasionnels\/","title":{"rendered":"Sites de rencontres \u00e9changistes occasionnels"},"content":{"rendered":"<p>La meilleure fa\u00e7on de rencontrer des gens qui sont int\u00e9ress\u00e9s par l\u2019\u00e9changisme est de rejoindre un site de rencontre \u00e9changiste. Il existe de nombreuses options, y compris certaines payantes, mais nous avons constat\u00e9 que la majorit\u00e9 des meilleurs sites sont gratuits. Ces sites s\u2019adressent sp\u00e9cifiquement \u00e0 ceux qui recherchent des couples, des trios et des quatuors. Ils ont \u00e9galement tendance \u00e0 \u00eatre tr\u00e8s discrets sur ce qu\u2019ils font, permettant aux membres de communiquer sans craindre de se faire prendre.<\/p>\n<p>Nous avons test\u00e9 diff\u00e9rents sites en fonction de leur <a href=\"http:\/\/blowflyofficial.com\/fr\/trouvez-un-milf-dans-votre-region\/\">degr\u00e9 de correspondance avec<\/a> nos crit\u00e8res de recherche d\u2019\u00e9changistes locaux. Nous avons examin\u00e9 des \u00e9l\u00e9ments tels que le nombre de villes couvertes, la quantit\u00e9 d\u2019informations disponibles et s\u2019il \u00e9tait possible de trier les profils par emplacement. Nous avons \u00e9galement pris en compte si le site avait une application mobile, ainsi que s\u2019il \u00e9tait facile \u00e0 naviguer et \u00e0 comprendre.<\/p>\n<p>Le monde de l\u2019\u00e9changisme n\u2019est pas facile. Il y a des r\u00e8gles, des r\u00e8glements et des attentes \u00e0 suivre. Mais ne vous inqui\u00e9tez pas, vous n\u2019aurez pas \u00e0 faire cavalier seul. Nous avons dress\u00e9 une liste des meilleurs sites \u00e9changistes, y compris des critiques et des \u00e9valuations. De plus, nous vous montrerons comment utiliser le site pour trouver des \u00e9changistes locaux pr\u00e8s de chez vous.<\/p>\n<p>Nous voulions trouver les meilleurs sites de rencontres \u00e9changistes parce qu\u2019il y a tellement d\u2019options l\u00e0-bas. Notre objectif \u00e9tait de permettre \u00e0 tous ceux qui cherchent \u00e0 rejoindre un site \u00e9changiste d\u2019en choisir un en fonction des crit\u00e8res ci-dessus. Nous sommes donc all\u00e9s directement \u00e0 la source et avons demand\u00e9 \u00e0 de vraies personnes: \u00ab&nbsp;Quel site \u00e9changiste utilisez-vous le plus souvent? Pourquoi? Lequel vous convient le mieux?&nbsp;\u00bb<\/p>\n<h2>Par o\u00f9 commencer?<\/h2>\n<p>L\u2019enqu\u00eate s\u2019est d\u00e9roul\u00e9e sur un mois et demi. Nous avons envoy\u00e9 des courriels \u00e0 des milliers d\u2019\u00e9changistes actifs, leur demandant de participer \u00e0 notre \u00e9tude. Apr\u00e8s avoir re\u00e7u des centaines de r\u00e9ponses, nous avons r\u00e9duit la liste aux 10 meilleurs sites et choisi les gagnants en fonction des donn\u00e9es collect\u00e9es.<\/p>\n<h3>Aff<\/h3>\n<p>Adult Friend Finder est toujours le plus grand site \u00e9changiste autour. Le site compte plus de 10 millions de membres enregistr\u00e9s et il est facile de comprendre pourquoi. Avec un si grand nombre de membres, il y a beaucoup d\u2019occasions de se connecter avec d\u2019autres personnes \u00e0 la recherche d\u2019exp\u00e9riences \u00e9changistes.<\/p>\n<p>La meilleure partie de AFFCommunity.com est qu\u2019il est tr\u00e8s actif. Il existe de nombreuses fa\u00e7ons d\u2019interagir avec les autres membres. Vous pouvez rejoindre des groupes bas\u00e9s sur des int\u00e9r\u00eats sp\u00e9cifiques comme le BDSM, le polyamour et m\u00eame les f\u00e9tiches. Ces groupes vous permettent de parler de ce que vous voulez faire et de ce que vous voulez faire. Vous pouvez \u00e9galement utiliser les forums pour poser des questions et obtenir des conseils d\u2019autres membres.<\/p>\n<h3>Swaps<\/h3>\n<p>Les swaps sont une autre excellente option pour trouver un partenaire. Ce site vous permet de parcourir les profils des personnes qui cherchent \u00e0 \u00e9changer. Vous pouvez filtrer vos recherches par \u00e2ge, sexe, emplacement et orientation sexuelle. Une fois que vous avez trouv\u00e9 quelqu\u2019un que vous souhaitez rencontrer, vous pouvez envoyer des messages directement \u00e0 partir du profil. Si vous n\u2019avez pas de r\u00e9ponse dans les 24 heures, vous pouvez renvoyer votre message.<\/p>\n<h3>Kasidie<\/h3>\n<p>Kasidie.com est l\u2019une des options les plus populaires pour ceux qui veulent explorer l\u2019\u00e9changisme. Ils offrent beaucoup d\u2019activit\u00e9s diff\u00e9rentes, y compris des f\u00eates, des relations sexuelles en groupe et des jeux de r\u00f4le. Ce site propose \u00e9galement des sessions de webcam en direct o\u00f9 vous pouvez regarder des gens jouer des actes ensemble.<\/p>\n<h3>Alt<\/h3>\n<p>Si vous recherchez un peu plus d\u2019excitation, consultez Alt.com. Ce site pr\u00e9sente des photos sexy de mod\u00e8les qui sont pr\u00eats \u00e0 effectuer certains actes. Les filles se d\u00e9shabillent compl\u00e8tement nues et montrent leur corps. Certaines des photos pr\u00e9sentent la masturbation tandis que d\u2019autres ont des relations sexuelles hardcore explicites.<\/p>\n<p>Il y a beaucoup d\u2019avantages \u00e0 rejoindre un site \u00e9changiste. Tout d\u2019abord, il vous donne acc\u00e8s \u00e0 un \u00e9norme bassin de partenaires potentiels. Deuxi\u00e8mement, cela vous donne une chance d\u2019essayer quelque chose que vous ne feriez peut-\u00eatre jamais l\u2019exp\u00e9rience autrement. Troisi\u00e8mement, il fournit un environnement s\u00fbr pour explorer vos fantasmes. Enfin, cela vous aide \u00e0 \u00e9viter de vous faire prendre \u00e0 parler sale en ligne.<\/p>\n","protected":false},"excerpt":{"rendered":"<p>La meilleure fa\u00e7on de rencontrer des gens qui sont int\u00e9ress\u00e9s par l\u2019\u00e9changisme est de rejoindre un site de rencontre \u00e9changiste. Il existe de nombreuses options, y compris certaines payantes, mais nous avons constat\u00e9 que la majorit\u00e9 des meilleurs sites sont gratuits. Ces sites s\u2019adressent sp\u00e9cifiquement \u00e0 ceux qui recherchent des couples, des trios et des &#8230; <a title=\"Sites de rencontres \u00e9changistes occasionnels\" class=\"read-more\" href=\"https:\/\/blowflyofficial.com\/fr\/sites-de-rencontres-echangistes-occasionnels\/\" aria-label=\"En savoir plus sur Sites de rencontres \u00e9changistes occasionnels\">Lire la suite<\/a><\/p>\n","protected":false},"author":1,"featured_media":0,"parent":0,"menu_order":0,"comment_status":"closed","ping_status":"closed","template":"","meta":[],"yoast_head":"<!-- This site is optimized with the Yoast SEO plugin v17.7.1 - https:\/\/yoast.com\/wordpress\/plugins\/seo\/ -->\n<title>Sites de rencontres \u00e9changistes occasionnels - Classements des connexions<\/title>\n<meta name=\"robots\" content=\"index, follow, max-snippet:-1, max-image-preview:large, max-video-preview:-1\" \/>\n<link rel=\"canonical\" href=\"https:\/\/blowflyofficial.com\/fr\/sites-de-rencontres-echangistes-occasionnels\/\" \/>\n<meta property=\"og:locale\" content=\"fr_FR\" \/>\n<meta property=\"og:type\" content=\"article\" \/>\n<meta property=\"og:title\" content=\"Sites de rencontres \u00e9changistes occasionnels - Classements des connexions\" \/>\n<meta property=\"og:description\" content=\"La meilleure fa\u00e7on de rencontrer des gens qui sont int\u00e9ress\u00e9s par l\u2019\u00e9changisme est de rejoindre un site de rencontre \u00e9changiste. Il existe de nombreuses options, y compris certaines payantes, mais nous avons constat\u00e9 que la majorit\u00e9 des meilleurs sites sont gratuits. Ces sites s\u2019adressent sp\u00e9cifiquement \u00e0 ceux qui recherchent des couples, des trios et des ... Lire la suite\" \/>\n<meta property=\"og:url\" content=\"https:\/\/blowflyofficial.com\/fr\/sites-de-rencontres-echangistes-occasionnels\/\" \/>\n<meta property=\"og:site_name\" content=\"Classements des connexions\" \/>\n<meta name=\"twitter:card\" content=\"summary_large_image\" \/>\n<meta name=\"twitter:label1\" content=\"Dur\u00e9e de lecture estim\u00e9e\" \/>\n\t<meta name=\"twitter:data1\" content=\"4 minutes\" \/>\n<script type=\"application\/ld+json\" class=\"yoast-schema-graph\">{\"@context\":\"https:\/\/schema.org\",\"@graph\":[{\"@type\":\"WebSite\",\"@id\":\"http:\/\/blowflyofficial.com\/da\/#website\",\"url\":\"http:\/\/blowflyofficial.com\/da\/\",\"name\":\"Classements des connexions\",\"description\":\"Conseils de rencontres occasionnelles\",\"potentialAction\":[{\"@type\":\"SearchAction\",\"target\":{\"@type\":\"EntryPoint\",\"urlTemplate\":\"http:\/\/blowflyofficial.com\/da\/?s={search_term_string}\"},\"query-input\":\"required name=search_term_string\"}],\"inLanguage\":\"fr-FR\"},{\"@type\":\"WebPage\",\"@id\":\"https:\/\/blowflyofficial.com\/fr\/sites-de-rencontres-echangistes-occasionnels\/#webpage\",\"url\":\"https:\/\/blowflyofficial.com\/fr\/sites-de-rencontres-echangistes-occasionnels\/\",\"name\":\"Sites de rencontres \\u00e9changistes occasionnels - Classements des connexions\",\"isPartOf\":{\"@id\":\"http:\/\/blowflyofficial.com\/da\/#website\"},\"datePublished\":\"2022-08-30T13:15:19+00:00\",\"dateModified\":\"2022-08-30T13:15:19+00:00\",\"breadcrumb\":{\"@id\":\"https:\/\/blowflyofficial.com\/fr\/sites-de-rencontres-echangistes-occasionnels\/#breadcrumb\"},\"inLanguage\":\"fr-FR\",\"potentialAction\":[{\"@type\":\"ReadAction\",\"target\":[\"https:\/\/blowflyofficial.com\/fr\/sites-de-rencontres-echangistes-occasionnels\/\"]}]},{\"@type\":\"BreadcrumbList\",\"@id\":\"https:\/\/blowflyofficial.com\/fr\/sites-de-rencontres-echangistes-occasionnels\/#breadcrumb\",\"itemListElement\":[{\"@type\":\"ListItem\",\"position\":1,\"name\":\"Home\",\"item\":\"https:\/\/blowflyofficial.com\/fr\/\"},{\"@type\":\"ListItem\",\"position\":2,\"name\":\"Sites de rencontres \\u00e9changistes occasionnels\"}]}]}<\/script>\n<!-- \/ Yoast SEO plugin. -->","yoast_head_json":{"title":"Sites de rencontres \u00e9changistes occasionnels - Classements des connexions","robots":{"index":"index","follow":"follow","max-snippet":"max-snippet:-1","max-image-preview":"max-image-preview:large","max-video-preview":"max-video-preview:-1"},"canonical":"https:\/\/blowflyofficial.com\/fr\/sites-de-rencontres-echangistes-occasionnels\/","og_locale":"fr_FR","og_type":"article","og_title":"Sites de rencontres \u00e9changistes occasionnels - Classements des connexions","og_description":"La meilleure fa\u00e7on de rencontrer des gens qui sont int\u00e9ress\u00e9s par l\u2019\u00e9changisme est de rejoindre un site de rencontre \u00e9changiste. Il existe de nombreuses options, y compris certaines payantes, mais nous avons constat\u00e9 que la majorit\u00e9 des meilleurs sites sont gratuits. Ces sites s\u2019adressent sp\u00e9cifiquement \u00e0 ceux qui recherchent des couples, des trios et des ... Lire la suite","og_url":"https:\/\/blowflyofficial.com\/fr\/sites-de-rencontres-echangistes-occasionnels\/","og_site_name":"Classements des connexions","twitter_card":"summary_large_image","twitter_misc":{"Dur\u00e9e de lecture estim\u00e9e":"4 minutes"},"schema":{"@context":"https:\/\/schema.org","@graph":[{"@type":"WebSite","@id":"http:\/\/blowflyofficial.com\/da\/#website","url":"http:\/\/blowflyofficial.com\/da\/","name":"Classements des connexions","description":"Conseils de rencontres occasionnelles","potentialAction":[{"@type":"SearchAction","target":{"@type":"EntryPoint","urlTemplate":"http:\/\/blowflyofficial.com\/da\/?s={search_term_string}"},"query-input":"required name=search_term_string"}],"inLanguage":"fr-FR"},{"@type":"WebPage","@id":"https:\/\/blowflyofficial.com\/fr\/sites-de-rencontres-echangistes-occasionnels\/#webpage","url":"https:\/\/blowflyofficial.com\/fr\/sites-de-rencontres-echangistes-occasionnels\/","name":"Sites de rencontres \u00e9changistes occasionnels - Classements des connexions","isPartOf":{"@id":"http:\/\/blowflyofficial.com\/da\/#website"},"datePublished":"2022-08-30T13:15:19+00:00","dateModified":"2022-08-30T13:15:19+00:00","breadcrumb":{"@id":"https:\/\/blowflyofficial.com\/fr\/sites-de-rencontres-echangistes-occasionnels\/#breadcrumb"},"inLanguage":"fr-FR","potentialAction":[{"@type":"ReadAction","target":["https:\/\/blowflyofficial.com\/fr\/sites-de-rencontres-echangistes-occasionnels\/"]}]},{"@type":"BreadcrumbList","@id":"https:\/\/blowflyofficial.com\/fr\/sites-de-rencontres-echangistes-occasionnels\/#breadcrumb","itemListElement":[{"@type":"ListItem","position":1,"name":"Home","item":"https:\/\/blowflyofficial.com\/fr\/"},{"@type":"ListItem","position":2,"name":"Sites de rencontres \u00e9changistes occasionnels"}]}]}},"_links":{"self":[{"href":"https:\/\/blowflyofficial.com\/fr\/wp-json\/wp\/v2\/pages\/153"}],"collection":[{"href":"https:\/\/blowflyofficial.com\/fr\/wp-json\/wp\/v2\/pages"}],"about":[{"href":"https:\/\/blowflyofficial.com\/fr\/wp-json\/wp\/v2\/types\/page"}],"author":[{"embeddable":true,"href":"https:\/\/blowflyofficial.com\/fr\/wp-json\/wp\/v2\/users\/1"}],"replies":[{"embeddable":true,"href":"https:\/\/blowflyofficial.com\/fr\/wp-json\/wp\/v2\/comments?post=153"}],"version-history":[{"count":0,"href":"https:\/\/blowflyofficial.com\/fr\/wp-json\/wp\/v2\/pages\/153\/revisions"}],"wp:attachment":[{"href":"https:\/\/blowflyofficial.com\/fr\/wp-json\/wp\/v2\/media?parent=153"}],"curies":[{"name":"wp","href":"https:\/\/api.w.org\/{rel}","templated":true}]}}