{"id":143,"date":"2022-08-30T13:59:12","date_gmt":"2022-08-30T12:59:12","guid":{"rendered":"http:\/\/blowflyofficial.com\/meilleures-applications-de-rencontres-pour-trouver-quelque-chose-de-serieux\/"},"modified":"2022-08-30T13:59:12","modified_gmt":"2022-08-30T12:59:12","slug":"meilleures-applications-de-rencontres-pour-trouver-quelque-chose-de-serieux","status":"publish","type":"page","link":"https:\/\/blowflyofficial.com\/fr\/meilleures-applications-de-rencontres-pour-trouver-quelque-chose-de-serieux\/","title":{"rendered":"Meilleures applications de rencontres pour trouver quelque chose de s\u00e9rieux"},"content":{"rendered":"<p>Les sites de rencontres en ligne sont g\u00e9niaux car ils sont gratuits, anonymes et pratiques. Ils vous permettent de rencontrer des c\u00e9libataires qui partagent des int\u00e9r\u00eats, des valeurs et des modes de vie similaires. Mais il y a aussi quelques inconv\u00e9nients. Les sites de rencontres en ligne ne sont pas parfaits. Certains sites sont remplis de faux profils, de messages de spam et d\u2019escrocs. D\u2019autres exigent que les utilisateurs paient pour mettre \u00e0 niveau l\u2019abonnement ou utiliser des services premium.<\/p>\n<p>Cela dit, les sites de rencontres en ligne valent toujours la peine d\u2019\u00eatre consult\u00e9s. Il existe de nombreux types de sites de rencontres en ligne, y compris les sites de jumelage, les sites de r\u00e9seautage social et les sites de rencontres sp\u00e9cialis\u00e9s. Chaque type offre son propre ensemble unique d\u2019avantages.<\/p>\n<h2>Match.com<\/h2>\n<p>Match.com est l\u2019un des sites de rencontres en ligne les plus populaires, et il n\u2019est pas \u00e9tonnant que ce soit pourquoi. Avec <a href=\"http:\/\/blowflyofficial.com\/fr\/swapfinder-contre-easysex\/\">des millions de personnes \u00e0 la recherche de l\u2019amour chaque jour<\/a>, il est logique qu\u2019il existe de nombreuses options pour ceux qui cherchent \u00e0 trouver l\u2019amour. Mais m\u00eame s\u2019il existe depuis plus de 20 ans maintenant, Match.com n\u2019est pas exactement gratuit. Certaines fonctionnalit\u00e9s payantes accompagnent l\u2019inscription, telles que l\u2019envoi d\u2019e-mails et la navigation dans des photos, mais l\u2019argent r\u00e9el entre lorsque vous d\u00e9cidez de commencer \u00e0 envoyer des messages aux membres.<\/p>\n<p>Le plan d\u2019abonnement de base co\u00fbte 29 $ par mois, tandis que le forfait Premium commence \u00e0 49 $ \/ mois. Ces deux plans incluent l\u2019acc\u00e8s \u00e0 l\u2019ensemble du site, y compris la possibilit\u00e9 de parcourir les profils des membres, d\u2019envoyer des messages, d\u2019afficher des photos et bien plus encore. Cependant, si vous souhaitez r\u00e9ellement communiquer avec des correspondances potentielles, vous devrez passer au package Gold (79 $ \/ mois) ou au package Platinum (199 $ \/ mois). Ces forfaits offrent des fonctionnalit\u00e9s suppl\u00e9mentaires, telles que des lignes de chat illimit\u00e9es, des chats vid\u00e9o et des chats de groupe. Si vous voulez vraiment tout donner, vous pouvez d\u00e9penser aussi peu que 99 $ \/ mois sur le forfait Diamond, qui comprend tout ce qui est inclus dans le forfait Platinum ainsi que la possibilit\u00e9 de voir qui a consult\u00e9 votre profil.<\/p>\n<h2>OKCupid<\/h2>\n<p>Le monde des rencontres en ligne \u00e9volue rapidement. Et OkCupid veut aider \u00e0 suivre le rythme. Jeudi, le populaire site de rencontre a annonc\u00e9 qu\u2019il avait relanc\u00e9 toute sa gamme de produits sous un parapluie appel\u00e9 OKCupid.<\/p>\n<p>Maintenant, le site propose trois options d\u2019abonnement diff\u00e9rentes: Basic (19 $ par mois), Plus (39 $ par mois) et Premium (59 $ par mois). Pour 19 $ par mois, vous pouvez acc\u00e9der aux fonctionnalit\u00e9s de base du site, y compris la navigation dans les photos des membres, l\u2019envoi de messages et la lecture des r\u00e9ponses. De plus, vous recevrez des notifications lorsque quelqu\u2019un vous r\u00e9pondra, vous enverra un message ou vous ajoutera \u00e0 son r\u00e9seau. Si vous choisissez de passer au plan Plus, vous aurez acc\u00e8s \u00e0 des fonctionnalit\u00e9s suppl\u00e9mentaires, telles que la possibilit\u00e9 d\u2019envoyer plusieurs messages \u00e0 la fois, d\u2019afficher les profils complets des membres et de lire les messages sans avoir \u00e0 faire d\u00e9filer vers le bas. Enfin, le forfait Premium vous permet de r\u00e9pondre directement aux messages qui vous sont envoy\u00e9s, ainsi que d\u2019\u00e9crire des notes personnalis\u00e9es \u00e0 vos matchs.<\/p>\n<h2>Notre Temps<\/h2>\n<p>L\u2019id\u00e9e derri\u00e8re OurTime est simple. Nous voulons aider les gens \u00e0 trouver l\u2019amour, l\u2019amiti\u00e9, la compagnie et peut-\u00eatre m\u00eame le mariage. Et nous voulons le faire sans avoir \u00e0 perdre des heures et des heures \u00e0 remplir des formulaires en ligne ennuyeux. Nous avons donc cr\u00e9\u00e9 un site o\u00f9 toute personne de plus de 50 ans peut publier un profil, t\u00e9l\u00e9charger des photos, ajouter des vid\u00e9os, \u00e9crire sur elle-m\u00eame, r\u00e9pondre \u00e0 des questions et se connecter avec les autres.<\/p>\n<p>Nous savons que trouver quelqu\u2019un de sp\u00e9cial demande du travail, que ce soit par le biais d\u2019amis, de la famille ou de sites de rencontres en ligne. Mais nous pensons que tout le monde m\u00e9rite la chance de rencontrer quelqu\u2019un de grand \u2013 peu importe \u00e0 quel point la vie est occup\u00e9e. Et nous savons que parfois vieillir ne signifie pas perdre votre capacit\u00e9 \u00e0 trouver le vrai bonheur. En fait, certaines \u00e9tudes montrent que les personnes \u00e2g\u00e9es de 40 \u00e0 50 ans sont en fait plus heureuses que celles \u00e2g\u00e9es de 20 \u00e0 30 ans.<\/p>\n<p>Mais alors que des millions d\u2019Am\u00e9ricains profitent d\u00e9j\u00e0 des avantages de faire partie de la \u00ab&nbsp;g\u00e9n\u00e9ration argent&nbsp;\u00bb, pas assez de gens r\u00e9alisent \u00e0 quel point ils pourraient \u00eatre mieux lotis. Selon le Pew Research Center, pr\u00e8s de la moiti\u00e9 des adultes am\u00e9ricains n\u2019ont jamais \u00e9t\u00e9 mari\u00e9s, et parmi ceux qui sont mari\u00e9s, moins de la moiti\u00e9 des couples disent avoir d\u00e9j\u00e0 discut\u00e9 de ce qui se passe apr\u00e8s la mort.<\/p>\n<p>Alors pourquoi plus de gens n\u2019utilisent-ils pas OurTime pour trouver des relations durables? Eh bien, il s\u2019av\u00e8re que beaucoup de gens ne sont pas int\u00e9ress\u00e9s \u00e0 rencontrer quelqu\u2019un d\u2019autre parce qu\u2019ils supposent qu\u2019ils finiront seuls. Ils craignent de ne pas pouvoir attirer un partenaire ou de finir par s\u2019installer avec quelqu\u2019un de moins attrayant qu\u2019eux.<\/p>\n<h1>Nos conseils pour vous<\/h1>\n<p>Les sites de jumelage sont con\u00e7us pour vous aider \u00e0 trouver des partenaires compatibles en fonction d\u2019int\u00e9r\u00eats et de traits de personnalit\u00e9 partag\u00e9s. Les sites de r\u00e9seautage social sont id\u00e9aux pour rencontrer des amis et \u00e9tablir des liens. Les sites de rencontres sp\u00e9cialis\u00e9s s\u2019adressent \u00e0 des groupes sp\u00e9cifiques, tels que ceux qui souhaitent trouver l\u2019amour chez des parents divorc\u00e9s, des hommes homosexuels ou des m\u00e8res c\u00e9libataires.<\/p>\n<p>Il y a des avantages et des inconv\u00e9nients \u00e0 chaque type de site. Les sites de jumelage ont tendance \u00e0 \u00eatre co\u00fbteux, mais ils offrent une meilleure confidentialit\u00e9 que la plupart des autres options. Les sites de r\u00e9seaux sociaux sont gratuits, mais ils n\u2019ont pas la touche personnelle des sites de matchmaking. Et les sites de rencontres sp\u00e9cialis\u00e9s sont g\u00e9n\u00e9ralement moins chers que les sites de matchmaking, mais ils peuvent ne pas inclure de fonctionnalit\u00e9s trouv\u00e9es sur d\u2019autres sites.<\/p>\n<p>Quelle que soit l\u2019option qui vous convient le mieux, rappelez-vous que les sites de rencontres en ligne ne sont pas parfaits. Alors profitez-en, mais gardez l\u2019esprit ouvert lorsque vous cherchez l\u2019amour.<\/p>\n","protected":false},"excerpt":{"rendered":"<p>Les sites de rencontres en ligne sont g\u00e9niaux car ils sont gratuits, anonymes et pratiques. Ils vous permettent de rencontrer des c\u00e9libataires qui partagent des int\u00e9r\u00eats, des valeurs et des modes de vie similaires. Mais il y a aussi quelques inconv\u00e9nients. Les sites de rencontres en ligne ne sont pas parfaits. Certains sites sont remplis &#8230; <a title=\"Meilleures applications de rencontres pour trouver quelque chose de s\u00e9rieux\" class=\"read-more\" href=\"https:\/\/blowflyofficial.com\/fr\/meilleures-applications-de-rencontres-pour-trouver-quelque-chose-de-serieux\/\" aria-label=\"En savoir plus sur Meilleures applications de rencontres pour trouver quelque chose de s\u00e9rieux\">Lire la suite<\/a><\/p>\n","protected":false},"author":1,"featured_media":0,"parent":0,"menu_order":0,"comment_status":"closed","ping_status":"closed","template":"","meta":[],"yoast_head":"<!-- This site is optimized with the Yoast SEO plugin v17.7.1 - https:\/\/yoast.com\/wordpress\/plugins\/seo\/ -->\n<title>Meilleures applications de rencontres pour trouver quelque chose de s\u00e9rieux - Classements des connexions<\/title>\n<meta name=\"robots\" content=\"index, follow, max-snippet:-1, max-image-preview:large, max-video-preview:-1\" \/>\n<link rel=\"canonical\" href=\"https:\/\/blowflyofficial.com\/fr\/meilleures-applications-de-rencontres-pour-trouver-quelque-chose-de-serieux\/\" \/>\n<meta property=\"og:locale\" content=\"fr_FR\" \/>\n<meta property=\"og:type\" content=\"article\" \/>\n<meta property=\"og:title\" content=\"Meilleures applications de rencontres pour trouver quelque chose de s\u00e9rieux - Classements des connexions\" \/>\n<meta property=\"og:description\" content=\"Les sites de rencontres en ligne sont g\u00e9niaux car ils sont gratuits, anonymes et pratiques. Ils vous permettent de rencontrer des c\u00e9libataires qui partagent des int\u00e9r\u00eats, des valeurs et des modes de vie similaires. Mais il y a aussi quelques inconv\u00e9nients. Les sites de rencontres en ligne ne sont pas parfaits. Certains sites sont remplis ... Lire la suite\" \/>\n<meta property=\"og:url\" content=\"https:\/\/blowflyofficial.com\/fr\/meilleures-applications-de-rencontres-pour-trouver-quelque-chose-de-serieux\/\" \/>\n<meta property=\"og:site_name\" content=\"Classements des connexions\" \/>\n<meta name=\"twitter:card\" content=\"summary_large_image\" \/>\n<meta name=\"twitter:label1\" content=\"Dur\u00e9e de lecture estim\u00e9e\" \/>\n\t<meta name=\"twitter:data1\" content=\"6 minutes\" \/>\n<script type=\"application\/ld+json\" class=\"yoast-schema-graph\">{\"@context\":\"https:\/\/schema.org\",\"@graph\":[{\"@type\":\"WebSite\",\"@id\":\"http:\/\/blowflyofficial.com\/da\/#website\",\"url\":\"http:\/\/blowflyofficial.com\/da\/\",\"name\":\"Classements des connexions\",\"description\":\"Conseils de rencontres occasionnelles\",\"potentialAction\":[{\"@type\":\"SearchAction\",\"target\":{\"@type\":\"EntryPoint\",\"urlTemplate\":\"http:\/\/blowflyofficial.com\/da\/?s={search_term_string}\"},\"query-input\":\"required name=search_term_string\"}],\"inLanguage\":\"fr-FR\"},{\"@type\":\"WebPage\",\"@id\":\"https:\/\/blowflyofficial.com\/fr\/meilleures-applications-de-rencontres-pour-trouver-quelque-chose-de-serieux\/#webpage\",\"url\":\"https:\/\/blowflyofficial.com\/fr\/meilleures-applications-de-rencontres-pour-trouver-quelque-chose-de-serieux\/\",\"name\":\"Meilleures applications de rencontres pour trouver quelque chose de s\\u00e9rieux - Classements des connexions\",\"isPartOf\":{\"@id\":\"http:\/\/blowflyofficial.com\/da\/#website\"},\"datePublished\":\"2022-08-30T12:59:12+00:00\",\"dateModified\":\"2022-08-30T12:59:12+00:00\",\"breadcrumb\":{\"@id\":\"https:\/\/blowflyofficial.com\/fr\/meilleures-applications-de-rencontres-pour-trouver-quelque-chose-de-serieux\/#breadcrumb\"},\"inLanguage\":\"fr-FR\",\"potentialAction\":[{\"@type\":\"ReadAction\",\"target\":[\"https:\/\/blowflyofficial.com\/fr\/meilleures-applications-de-rencontres-pour-trouver-quelque-chose-de-serieux\/\"]}]},{\"@type\":\"BreadcrumbList\",\"@id\":\"https:\/\/blowflyofficial.com\/fr\/meilleures-applications-de-rencontres-pour-trouver-quelque-chose-de-serieux\/#breadcrumb\",\"itemListElement\":[{\"@type\":\"ListItem\",\"position\":1,\"name\":\"Home\",\"item\":\"https:\/\/blowflyofficial.com\/fr\/\"},{\"@type\":\"ListItem\",\"position\":2,\"name\":\"Meilleures applications de rencontres pour trouver quelque chose de s\\u00e9rieux\"}]}]}<\/script>\n<!-- \/ Yoast SEO plugin. -->","yoast_head_json":{"title":"Meilleures applications de rencontres pour trouver quelque chose de s\u00e9rieux - Classements des connexions","robots":{"index":"index","follow":"follow","max-snippet":"max-snippet:-1","max-image-preview":"max-image-preview:large","max-video-preview":"max-video-preview:-1"},"canonical":"https:\/\/blowflyofficial.com\/fr\/meilleures-applications-de-rencontres-pour-trouver-quelque-chose-de-serieux\/","og_locale":"fr_FR","og_type":"article","og_title":"Meilleures applications de rencontres pour trouver quelque chose de s\u00e9rieux - Classements des connexions","og_description":"Les sites de rencontres en ligne sont g\u00e9niaux car ils sont gratuits, anonymes et pratiques. Ils vous permettent de rencontrer des c\u00e9libataires qui partagent des int\u00e9r\u00eats, des valeurs et des modes de vie similaires. Mais il y a aussi quelques inconv\u00e9nients. Les sites de rencontres en ligne ne sont pas parfaits. Certains sites sont remplis ... Lire la suite","og_url":"https:\/\/blowflyofficial.com\/fr\/meilleures-applications-de-rencontres-pour-trouver-quelque-chose-de-serieux\/","og_site_name":"Classements des connexions","twitter_card":"summary_large_image","twitter_misc":{"Dur\u00e9e de lecture estim\u00e9e":"6 minutes"},"schema":{"@context":"https:\/\/schema.org","@graph":[{"@type":"WebSite","@id":"http:\/\/blowflyofficial.com\/da\/#website","url":"http:\/\/blowflyofficial.com\/da\/","name":"Classements des connexions","description":"Conseils de rencontres occasionnelles","potentialAction":[{"@type":"SearchAction","target":{"@type":"EntryPoint","urlTemplate":"http:\/\/blowflyofficial.com\/da\/?s={search_term_string}"},"query-input":"required name=search_term_string"}],"inLanguage":"fr-FR"},{"@type":"WebPage","@id":"https:\/\/blowflyofficial.com\/fr\/meilleures-applications-de-rencontres-pour-trouver-quelque-chose-de-serieux\/#webpage","url":"https:\/\/blowflyofficial.com\/fr\/meilleures-applications-de-rencontres-pour-trouver-quelque-chose-de-serieux\/","name":"Meilleures applications de rencontres pour trouver quelque chose de s\u00e9rieux - Classements des connexions","isPartOf":{"@id":"http:\/\/blowflyofficial.com\/da\/#website"},"datePublished":"2022-08-30T12:59:12+00:00","dateModified":"2022-08-30T12:59:12+00:00","breadcrumb":{"@id":"https:\/\/blowflyofficial.com\/fr\/meilleures-applications-de-rencontres-pour-trouver-quelque-chose-de-serieux\/#breadcrumb"},"inLanguage":"fr-FR","potentialAction":[{"@type":"ReadAction","target":["https:\/\/blowflyofficial.com\/fr\/meilleures-applications-de-rencontres-pour-trouver-quelque-chose-de-serieux\/"]}]},{"@type":"BreadcrumbList","@id":"https:\/\/blowflyofficial.com\/fr\/meilleures-applications-de-rencontres-pour-trouver-quelque-chose-de-serieux\/#breadcrumb","itemListElement":[{"@type":"ListItem","position":1,"name":"Home","item":"https:\/\/blowflyofficial.com\/fr\/"},{"@type":"ListItem","position":2,"name":"Meilleures applications de rencontres pour trouver quelque chose de s\u00e9rieux"}]}]}},"_links":{"self":[{"href":"https:\/\/blowflyofficial.com\/fr\/wp-json\/wp\/v2\/pages\/143"}],"collection":[{"href":"https:\/\/blowflyofficial.com\/fr\/wp-json\/wp\/v2\/pages"}],"about":[{"href":"https:\/\/blowflyofficial.com\/fr\/wp-json\/wp\/v2\/types\/page"}],"author":[{"embeddable":true,"href":"https:\/\/blowflyofficial.com\/fr\/wp-json\/wp\/v2\/users\/1"}],"replies":[{"embeddable":true,"href":"https:\/\/blowflyofficial.com\/fr\/wp-json\/wp\/v2\/comments?post=143"}],"version-history":[{"count":0,"href":"https:\/\/blowflyofficial.com\/fr\/wp-json\/wp\/v2\/pages\/143\/revisions"}],"wp:attachment":[{"href":"https:\/\/blowflyofficial.com\/fr\/wp-json\/wp\/v2\/media?parent=143"}],"curies":[{"name":"wp","href":"https:\/\/api.w.org\/{rel}","templated":true}]}}