{"id":132,"date":"2022-08-30T14:17:26","date_gmt":"2022-08-30T13:17:26","guid":{"rendered":"http:\/\/blowflyofficial.com\/recherche-one-night-stand\/"},"modified":"2022-08-30T14:17:26","modified_gmt":"2022-08-30T13:17:26","slug":"recherche-one-night-stand","status":"publish","type":"page","link":"https:\/\/blowflyofficial.com\/fr\/recherche-one-night-stand\/","title":{"rendered":"Recherche one night stand"},"content":{"rendered":"<p>Si vous voulez tirer une aventure d\u2019un soir avec des femmes, il faut un peu de pr\u00e9paration et de strat\u00e9gie. Vous ne vous contentez pas de vous approcher d\u2019une femme et de lui demander ce qu\u2019elle veut. Si vous le faites, vous finirez probablement par \u00eatre rejet\u00e9. Il y a certaines choses que vous devez savoir sur les femmes avant de les approcher. Voici les \u00e9tapes \u00e0 suivre pour tirer une aventure d\u2019un soir avec des femmes.<\/p>\n<h2>Nos conseils pour trouver quelque chose de d\u00e9contract\u00e9<\/h2>\n<p>Beaucoup de gens pensent que le sexe occasionnel consiste simplement \u00e0 se faire pondre sans se soucier de quoi que ce soit d\u2019autre. Mais il y a beaucoup de choses \u00e0 consid\u00e9rer au-del\u00e0 de l\u2019acte physique lui-m\u00eame. Il y a des risques qui pourraient affecter les deux parties. Et m\u00eame si aucune des deux personnes n\u2019a l\u2019impression d\u2019\u00eatre pouss\u00e9e \u00e0 faire quelque chose qu\u2019elle ne veut pas, il existe encore des moyens de s\u2019assurer que tout le monde est \u00e0 l\u2019aise.<\/p>\n<h3>Connaissez-vous d\u2019abord<\/h3>\n<p>La chose la plus importante que vous devez faire avant de tirer une aventure d\u2019un soir avec une femme est de vous comprendre. Qu\u2019est-ce qui vous fait vibrer? Pourquoi r\u00e9agissez-vous comme vous le faites? Comment fonctionne votre cerveau? Ces questions vous aident \u00e0 comprendre pourquoi vous agissez comme vous le faites. Une fois que vous avez r\u00e9pondu \u00e0 ces questions, vous \u00eates pr\u00eat \u00e0 aller de l\u2019avant.<\/p>\n<h3>Soyez honn\u00eate au sujet de vos intentions<\/h3>\n<p>Ensuite, vous devez vous assurer que vous dites la v\u00e9rit\u00e9 sur vos intentions. Ne vous mentez pas \u00e0 vous-m\u00eame ou aux autres. Dites la v\u00e9rit\u00e9 sur ce que vous ressentez et ce que vous voulez. Si vous dites quelque chose comme \u00ab Je cherche quelqu\u2019un de sp\u00e9cial \u00bb, vous pourriez vous retrouver seul le lendemain matin. Si vous \u00eates honn\u00eate, vous n\u2019aurez pas \u00e0 vous soucier d\u2019\u00eatre rejet\u00e9.<\/p>\n<h3>Poser des questions<\/h3>\n<p>Lorsque vous rencontrez des gens, vous leur parlez g\u00e9n\u00e9ralement. Lorsque vous rencontrez des femmes, vous commencez g\u00e9n\u00e9ralement \u00e0 leur parler. Mais il n\u2019y a aucune raison d\u2019entrer directement dans la conversation. Au lieu de cela, utilisez de petites conversations pour en apprendre davantage sur la personne. Posez des questions ouvertes. Par exemple, \u00ab Que faites-vous ? \u00bb \u00ab&nbsp;O\u00f9 as-tu grandi?&nbsp;\u00bb \u00ab&nbsp;Vivez-vous ici?&nbsp;\u00bb<\/p>\n<h3>Connaissez votre jeu<\/h3>\n<p>La premi\u00e8re \u00e9tape pour prendre une fille est de se conna\u00eetre soi-m\u00eame. Vous devez comprendre ce qui vous rend attrayant pour les femmes. Aimez-vous parler aux gens? \u00cates-vous extraverti? \u00cates-vous dr\u00f4le? Ces choses sont importantes. Si vous \u00eates timide, ne vous inqui\u00e9tez pas; vous trouverez quelqu\u2019un d\u2019autre. Mais si vous \u00eates juste maladroit, vous pourriez avoir du mal \u00e0 vous faire poser.<\/p>\n<p>Ne sous-estimez pas l\u2019humour. Les femmes aiment les gars qui font des blagues. Ils pensent que cela montre la confiance. Et bien que vous ne devriez pas vous moquer des gens, vous devez vous laisser aller de temps en temps. Lorsque vous le faites, cela l\u2019aide \u00e0 se d\u00e9tendre.<\/p>\n<h2>L\u2019avenir de la connexion?<\/h2>\n<p>Tinder est souvent critiqu\u00e9 pour \u00eatre une application glorifi\u00e9e pour le sexe, mais il fait en fait quelque chose de tr\u00e8s diff\u00e9rent. En fait, cela aide les gens \u00e0 naviguer dans le monde des rencontres d\u2019une toute nouvelle mani\u00e8re.<\/p>\n<p>Autrefois, rencontrer quelqu\u2019un signifiait devoir s\u2019asseoir autour d\u2019un verre et d\u2019un d\u00eener, \u00e9couter des histoires ennuyeuses sur vous-m\u00eame et esp\u00e9rer que vous vous en sortiez. Puis vinrent les rencontres en ligne, o\u00f9 nous pouvions sauter tout cela et rencontrer des partenaires potentiels dans des salles de discussion virtuelles. Mais que se passe-t-il lorsque vous voulez vous rencontrer sans passer des heures \u00e0 parler sur l\u2019ordinateur? Eh bien, vous allez dans un bar ou un club et esp\u00e9rez rencontrer quelqu\u2019un de cool. Ou vous appelez une amie et lui demandez de vous installer. L\u2019une ou l\u2019autre option n\u00e9cessite cependant un certain effort et peut prendre des semaines.<\/p>\n","protected":false},"excerpt":{"rendered":"<p>Si vous voulez tirer une aventure d\u2019un soir avec des femmes, il faut un peu de pr\u00e9paration et de strat\u00e9gie. Vous ne vous contentez pas de vous approcher d\u2019une femme et de lui demander ce qu\u2019elle veut. Si vous le faites, vous finirez probablement par \u00eatre rejet\u00e9. Il y a certaines choses que vous devez &#8230; <a title=\"Recherche one night stand\" class=\"read-more\" href=\"https:\/\/blowflyofficial.com\/fr\/recherche-one-night-stand\/\" aria-label=\"En savoir plus sur Recherche one night stand\">Lire la suite<\/a><\/p>\n","protected":false},"author":1,"featured_media":0,"parent":0,"menu_order":0,"comment_status":"closed","ping_status":"closed","template":"","meta":[],"yoast_head":"<!-- This site is optimized with the Yoast SEO plugin v17.7.1 - https:\/\/yoast.com\/wordpress\/plugins\/seo\/ -->\n<title>Recherche one night stand - Classements des connexions<\/title>\n<meta name=\"robots\" content=\"index, follow, max-snippet:-1, max-image-preview:large, max-video-preview:-1\" \/>\n<link rel=\"canonical\" href=\"https:\/\/blowflyofficial.com\/fr\/recherche-one-night-stand\/\" \/>\n<meta property=\"og:locale\" content=\"fr_FR\" \/>\n<meta property=\"og:type\" content=\"article\" \/>\n<meta property=\"og:title\" content=\"Recherche one night stand - Classements des connexions\" \/>\n<meta property=\"og:description\" content=\"Si vous voulez tirer une aventure d\u2019un soir avec des femmes, il faut un peu de pr\u00e9paration et de strat\u00e9gie. Vous ne vous contentez pas de vous approcher d\u2019une femme et de lui demander ce qu\u2019elle veut. Si vous le faites, vous finirez probablement par \u00eatre rejet\u00e9. Il y a certaines choses que vous devez ... Lire la suite\" \/>\n<meta property=\"og:url\" content=\"https:\/\/blowflyofficial.com\/fr\/recherche-one-night-stand\/\" \/>\n<meta property=\"og:site_name\" content=\"Classements des connexions\" \/>\n<meta name=\"twitter:card\" content=\"summary_large_image\" \/>\n<meta name=\"twitter:label1\" content=\"Dur\u00e9e de lecture estim\u00e9e\" \/>\n\t<meta name=\"twitter:data1\" content=\"3 minutes\" \/>\n<script type=\"application\/ld+json\" class=\"yoast-schema-graph\">{\"@context\":\"https:\/\/schema.org\",\"@graph\":[{\"@type\":\"WebSite\",\"@id\":\"http:\/\/blowflyofficial.com\/da\/#website\",\"url\":\"http:\/\/blowflyofficial.com\/da\/\",\"name\":\"Classements des connexions\",\"description\":\"Conseils de rencontres occasionnelles\",\"potentialAction\":[{\"@type\":\"SearchAction\",\"target\":{\"@type\":\"EntryPoint\",\"urlTemplate\":\"http:\/\/blowflyofficial.com\/da\/?s={search_term_string}\"},\"query-input\":\"required name=search_term_string\"}],\"inLanguage\":\"fr-FR\"},{\"@type\":\"WebPage\",\"@id\":\"https:\/\/blowflyofficial.com\/fr\/recherche-one-night-stand\/#webpage\",\"url\":\"https:\/\/blowflyofficial.com\/fr\/recherche-one-night-stand\/\",\"name\":\"Recherche one night stand - Classements des connexions\",\"isPartOf\":{\"@id\":\"http:\/\/blowflyofficial.com\/da\/#website\"},\"datePublished\":\"2022-08-30T13:17:26+00:00\",\"dateModified\":\"2022-08-30T13:17:26+00:00\",\"breadcrumb\":{\"@id\":\"https:\/\/blowflyofficial.com\/fr\/recherche-one-night-stand\/#breadcrumb\"},\"inLanguage\":\"fr-FR\",\"potentialAction\":[{\"@type\":\"ReadAction\",\"target\":[\"https:\/\/blowflyofficial.com\/fr\/recherche-one-night-stand\/\"]}]},{\"@type\":\"BreadcrumbList\",\"@id\":\"https:\/\/blowflyofficial.com\/fr\/recherche-one-night-stand\/#breadcrumb\",\"itemListElement\":[{\"@type\":\"ListItem\",\"position\":1,\"name\":\"Home\",\"item\":\"https:\/\/blowflyofficial.com\/fr\/\"},{\"@type\":\"ListItem\",\"position\":2,\"name\":\"Recherche one night stand\"}]}]}<\/script>\n<!-- \/ Yoast SEO plugin. -->","yoast_head_json":{"title":"Recherche one night stand - Classements des connexions","robots":{"index":"index","follow":"follow","max-snippet":"max-snippet:-1","max-image-preview":"max-image-preview:large","max-video-preview":"max-video-preview:-1"},"canonical":"https:\/\/blowflyofficial.com\/fr\/recherche-one-night-stand\/","og_locale":"fr_FR","og_type":"article","og_title":"Recherche one night stand - Classements des connexions","og_description":"Si vous voulez tirer une aventure d\u2019un soir avec des femmes, il faut un peu de pr\u00e9paration et de strat\u00e9gie. Vous ne vous contentez pas de vous approcher d\u2019une femme et de lui demander ce qu\u2019elle veut. Si vous le faites, vous finirez probablement par \u00eatre rejet\u00e9. Il y a certaines choses que vous devez ... Lire la suite","og_url":"https:\/\/blowflyofficial.com\/fr\/recherche-one-night-stand\/","og_site_name":"Classements des connexions","twitter_card":"summary_large_image","twitter_misc":{"Dur\u00e9e de lecture estim\u00e9e":"3 minutes"},"schema":{"@context":"https:\/\/schema.org","@graph":[{"@type":"WebSite","@id":"http:\/\/blowflyofficial.com\/da\/#website","url":"http:\/\/blowflyofficial.com\/da\/","name":"Classements des connexions","description":"Conseils de rencontres occasionnelles","potentialAction":[{"@type":"SearchAction","target":{"@type":"EntryPoint","urlTemplate":"http:\/\/blowflyofficial.com\/da\/?s={search_term_string}"},"query-input":"required name=search_term_string"}],"inLanguage":"fr-FR"},{"@type":"WebPage","@id":"https:\/\/blowflyofficial.com\/fr\/recherche-one-night-stand\/#webpage","url":"https:\/\/blowflyofficial.com\/fr\/recherche-one-night-stand\/","name":"Recherche one night stand - Classements des connexions","isPartOf":{"@id":"http:\/\/blowflyofficial.com\/da\/#website"},"datePublished":"2022-08-30T13:17:26+00:00","dateModified":"2022-08-30T13:17:26+00:00","breadcrumb":{"@id":"https:\/\/blowflyofficial.com\/fr\/recherche-one-night-stand\/#breadcrumb"},"inLanguage":"fr-FR","potentialAction":[{"@type":"ReadAction","target":["https:\/\/blowflyofficial.com\/fr\/recherche-one-night-stand\/"]}]},{"@type":"BreadcrumbList","@id":"https:\/\/blowflyofficial.com\/fr\/recherche-one-night-stand\/#breadcrumb","itemListElement":[{"@type":"ListItem","position":1,"name":"Home","item":"https:\/\/blowflyofficial.com\/fr\/"},{"@type":"ListItem","position":2,"name":"Recherche one night stand"}]}]}},"_links":{"self":[{"href":"https:\/\/blowflyofficial.com\/fr\/wp-json\/wp\/v2\/pages\/132"}],"collection":[{"href":"https:\/\/blowflyofficial.com\/fr\/wp-json\/wp\/v2\/pages"}],"about":[{"href":"https:\/\/blowflyofficial.com\/fr\/wp-json\/wp\/v2\/types\/page"}],"author":[{"embeddable":true,"href":"https:\/\/blowflyofficial.com\/fr\/wp-json\/wp\/v2\/users\/1"}],"replies":[{"embeddable":true,"href":"https:\/\/blowflyofficial.com\/fr\/wp-json\/wp\/v2\/comments?post=132"}],"version-history":[{"count":0,"href":"https:\/\/blowflyofficial.com\/fr\/wp-json\/wp\/v2\/pages\/132\/revisions"}],"wp:attachment":[{"href":"https:\/\/blowflyofficial.com\/fr\/wp-json\/wp\/v2\/media?parent=132"}],"curies":[{"name":"wp","href":"https:\/\/api.w.org\/{rel}","templated":true}]}}