{"id":102,"date":"2022-08-30T14:12:58","date_gmt":"2022-08-30T13:12:58","guid":{"rendered":"http:\/\/blowflyofficial.com\/trouvez-un-milf-dans-votre-region\/"},"modified":"2022-08-30T14:12:58","modified_gmt":"2022-08-30T13:12:58","slug":"trouvez-un-milf-dans-votre-region","status":"publish","type":"page","link":"https:\/\/blowflyofficial.com\/fr\/trouvez-un-milf-dans-votre-region\/","title":{"rendered":"Trouvez un MILF dans votre r\u00e9gion"},"content":{"rendered":"<p>Les MILF sont chauds. Ils sont excit\u00e9s, exp\u00e9riment\u00e9s et savent ce qu\u2019ils veulent. Vous n\u2019avez pas \u00e0 vous soucier de vous blesser, car vous serez en mesure de satisfaire ses besoins. Si vous voulez vous connecter avec une milf, il y a beaucoup de sites o\u00f9 vous pouvez en trouver un \u00e0 proximit\u00e9. Ce site permet de rencontrer facilement des milfs locaux et de s\u2019amuser sexuellement. Que vous recherchiez une rencontre occasionnelle ou quelque chose de plus s\u00e9rieux, vous aurez acc\u00e8s \u00e0 des milliers de personnes r\u00e9elles qui vous ressemblent.<\/p>\n<h2>Liste des MILF locaux en ligne<\/h2>\n<p>Vous savez comment \u00e7a se passe&#8230; vous voyez une fille chaude en ligne, vous pensez \u00e0 lui envoyer un message, puis vous finissez par passer des heures \u00e0 parcourir les profils \u00e0 la recherche de quelqu\u2019un comme elle. Ensuite, vous d\u00e9cidez finalement de tenter votre chance et de lui envoyer un message, en esp\u00e9rant qu\u2019il y ait peut-\u00eatre quelque chose de sp\u00e9cial dans son profil qui la distingue de tous les autres. Mais la v\u00e9rit\u00e9 est que, la plupart du temps, vous ne savez m\u00eame pas vraiment pourquoi vous continuez \u00e0 \u00eatre rejet\u00e9 encore et encore. Et bien que je ne dise pas que chaque personne sur notre site sera parfaite pour vous, je dis que nous allons nous assurer que vous trouvez exactement le type de milf que vous recherchez. Nous allons vous aider \u00e0 trouver une femme plus \u00e2g\u00e9e qui comprend ce que vous voulez et ce dont vous avez besoin et sait quoi faire pour vous satisfaire. Alors arr\u00eatez de chercher ces jeunes filles sexy et commencez \u00e0 trouver la vraie affaire aujourd\u2019hui!<\/p>\n<h2>Comment trouver du sexe avec des mamans excit\u00e9es pr\u00e8s de chez vous<\/h2>\n<p>Les MILF sont parmi les femmes les plus chaudes du monde. Ils savent comment traiter un homme et ils aiment le sexe. Il n\u2019y a aucun doute \u00e0 ce sujet, ils sont l\u2019un des meilleurs types de rencontres l\u00e0-bas. Mais la plupart des gars ne savent pas par o\u00f9 commencer lorsqu\u2019ils essaient de sortir avec un MILF. Nous avons donc rassembl\u00e9 quelques conseils pour vous aider \u00e0 r\u00e9ussir avec les rencontres milf. Internet regorge de sites de rencontres DU MILF o\u00f9 des femmes plus \u00e2g\u00e9es rencontrent des hommes plus jeunes. Ces sites offrent un abonnement gratuit \u00e0 toute personne pr\u00eate \u00e0 payer de l\u2019argent. Il vous suffit de vous inscrire et de commencer \u00e0 parcourir les profils. Il y a des milliers de membres qui attendent de trouver quelqu\u2019un comme vous. Vous n\u2019avez m\u00eame pas besoin de vous envoyer des messages. Il suffit de parcourir les profils et d\u2019en choisir un qui semble int\u00e9ressant. Apr\u00e8s cela, il est facile d\u2019\u00e9changer des informations de contact. Une fois que vous avez trouv\u00e9 quelqu\u2019un \u00e0 qui vous voulez parler, vous pouvez lui demander de prendre un caf\u00e9 ou un d\u00eener. S\u2019il accepte, vous saurez quoi faire ensuite.<\/p>\n<h3>Zoosk<\/h3>\n<p>Zoosk est un endroit id\u00e9al pour rencontrer des milfs \u00e0 la recherche de plaisir. Ce site vous permet de t\u00e9l\u00e9charger des photos et des vid\u00e9os de vous-m\u00eame, et vous pouvez m\u00eame utiliser l\u2019application pour discuter avec des correspondances potentielles. Vous pouvez parcourir les profils en fonction de l\u2019emplacement, de la tranche d\u2019\u00e2ge, du sexe, des centres d\u2019int\u00e9r\u00eat, etc. Une fois que vous avez trouv\u00e9 quelqu\u2019un que vous aimez, vous pouvez envoyer des messages, poser des questions et organiser des dates.<\/p>\n<h3>AdultFriendFinder<\/h3>\n<p>Adult Friend Finder est l\u2019un des plus anciens et des plus grands sites de rencontres pour adultes en ligne. Avec plus de 20 millions de membres, AF trouve des gens int\u00e9ress\u00e9s par tout, des f\u00e9tiches pervers aux couples \u00e9changistes. Il offre un r\u00e9seau social tr\u00e8s actif o\u00f9 les membres peuvent se connecter les uns aux autres. Vous pouvez afficher les photos des membres, le chat, les e-mails et bien plus encore.<\/p>\n<h3>MommyFinders<\/h3>\n<p>Mommyfinders est un autre bon choix pour les milfs \u00e0 la recherche de plaisir en ligne. Ce site fonctionne comme Tinder, sauf que vous ne glissez pas vers la gauche ou la droite. Au lieu de cela, vous faites correspondre avec des personnes en fonction de vos pr\u00e9f\u00e9rences. Par exemple, vous pouvez filtrer les membres par origine ethnique, \u00e2ge, type de corps, mode de vie, etc. Apr\u00e8s avoir jumel\u00e9 avec quelques personnes, vous pouvez commencer \u00e0 discuter avec elles par SMS ou par appel vid\u00e9o.<\/p>\n","protected":false},"excerpt":{"rendered":"<p>Les MILF sont chauds. Ils sont excit\u00e9s, exp\u00e9riment\u00e9s et savent ce qu\u2019ils veulent. Vous n\u2019avez pas \u00e0 vous soucier de vous blesser, car vous serez en mesure de satisfaire ses besoins. Si vous voulez vous connecter avec une milf, il y a beaucoup de sites o\u00f9 vous pouvez en trouver un \u00e0 proximit\u00e9. Ce site &#8230; <a title=\"Trouvez un MILF dans votre r\u00e9gion\" class=\"read-more\" href=\"https:\/\/blowflyofficial.com\/fr\/trouvez-un-milf-dans-votre-region\/\" aria-label=\"En savoir plus sur Trouvez un MILF dans votre r\u00e9gion\">Lire la suite<\/a><\/p>\n","protected":false},"author":1,"featured_media":0,"parent":0,"menu_order":0,"comment_status":"closed","ping_status":"closed","template":"","meta":[],"yoast_head":"<!-- This site is optimized with the Yoast SEO plugin v17.7.1 - https:\/\/yoast.com\/wordpress\/plugins\/seo\/ -->\n<title>Trouvez un MILF dans votre r\u00e9gion - Classements des connexions<\/title>\n<meta name=\"robots\" content=\"index, follow, max-snippet:-1, max-image-preview:large, max-video-preview:-1\" \/>\n<link rel=\"canonical\" href=\"https:\/\/blowflyofficial.com\/fr\/trouvez-un-milf-dans-votre-region\/\" \/>\n<meta property=\"og:locale\" content=\"fr_FR\" \/>\n<meta property=\"og:type\" content=\"article\" \/>\n<meta property=\"og:title\" content=\"Trouvez un MILF dans votre r\u00e9gion - Classements des connexions\" \/>\n<meta property=\"og:description\" content=\"Les MILF sont chauds. Ils sont excit\u00e9s, exp\u00e9riment\u00e9s et savent ce qu\u2019ils veulent. Vous n\u2019avez pas \u00e0 vous soucier de vous blesser, car vous serez en mesure de satisfaire ses besoins. Si vous voulez vous connecter avec une milf, il y a beaucoup de sites o\u00f9 vous pouvez en trouver un \u00e0 proximit\u00e9. Ce site ... Lire la suite\" \/>\n<meta property=\"og:url\" content=\"https:\/\/blowflyofficial.com\/fr\/trouvez-un-milf-dans-votre-region\/\" \/>\n<meta property=\"og:site_name\" content=\"Classements des connexions\" \/>\n<meta name=\"twitter:card\" content=\"summary_large_image\" \/>\n<meta name=\"twitter:label1\" content=\"Dur\u00e9e de lecture estim\u00e9e\" \/>\n\t<meta name=\"twitter:data1\" content=\"4 minutes\" \/>\n<script type=\"application\/ld+json\" class=\"yoast-schema-graph\">{\"@context\":\"https:\/\/schema.org\",\"@graph\":[{\"@type\":\"WebSite\",\"@id\":\"http:\/\/blowflyofficial.com\/da\/#website\",\"url\":\"http:\/\/blowflyofficial.com\/da\/\",\"name\":\"Classements des connexions\",\"description\":\"Conseils de rencontres occasionnelles\",\"potentialAction\":[{\"@type\":\"SearchAction\",\"target\":{\"@type\":\"EntryPoint\",\"urlTemplate\":\"http:\/\/blowflyofficial.com\/da\/?s={search_term_string}\"},\"query-input\":\"required name=search_term_string\"}],\"inLanguage\":\"fr-FR\"},{\"@type\":\"WebPage\",\"@id\":\"https:\/\/blowflyofficial.com\/fr\/trouvez-un-milf-dans-votre-region\/#webpage\",\"url\":\"https:\/\/blowflyofficial.com\/fr\/trouvez-un-milf-dans-votre-region\/\",\"name\":\"Trouvez un MILF dans votre r\\u00e9gion - Classements des connexions\",\"isPartOf\":{\"@id\":\"http:\/\/blowflyofficial.com\/da\/#website\"},\"datePublished\":\"2022-08-30T13:12:58+00:00\",\"dateModified\":\"2022-08-30T13:12:58+00:00\",\"breadcrumb\":{\"@id\":\"https:\/\/blowflyofficial.com\/fr\/trouvez-un-milf-dans-votre-region\/#breadcrumb\"},\"inLanguage\":\"fr-FR\",\"potentialAction\":[{\"@type\":\"ReadAction\",\"target\":[\"https:\/\/blowflyofficial.com\/fr\/trouvez-un-milf-dans-votre-region\/\"]}]},{\"@type\":\"BreadcrumbList\",\"@id\":\"https:\/\/blowflyofficial.com\/fr\/trouvez-un-milf-dans-votre-region\/#breadcrumb\",\"itemListElement\":[{\"@type\":\"ListItem\",\"position\":1,\"name\":\"Home\",\"item\":\"https:\/\/blowflyofficial.com\/fr\/\"},{\"@type\":\"ListItem\",\"position\":2,\"name\":\"Trouvez un MILF dans votre r\\u00e9gion\"}]}]}<\/script>\n<!-- \/ Yoast SEO plugin. -->","yoast_head_json":{"title":"Trouvez un MILF dans votre r\u00e9gion - Classements des connexions","robots":{"index":"index","follow":"follow","max-snippet":"max-snippet:-1","max-image-preview":"max-image-preview:large","max-video-preview":"max-video-preview:-1"},"canonical":"https:\/\/blowflyofficial.com\/fr\/trouvez-un-milf-dans-votre-region\/","og_locale":"fr_FR","og_type":"article","og_title":"Trouvez un MILF dans votre r\u00e9gion - Classements des connexions","og_description":"Les MILF sont chauds. Ils sont excit\u00e9s, exp\u00e9riment\u00e9s et savent ce qu\u2019ils veulent. Vous n\u2019avez pas \u00e0 vous soucier de vous blesser, car vous serez en mesure de satisfaire ses besoins. Si vous voulez vous connecter avec une milf, il y a beaucoup de sites o\u00f9 vous pouvez en trouver un \u00e0 proximit\u00e9. Ce site ... Lire la suite","og_url":"https:\/\/blowflyofficial.com\/fr\/trouvez-un-milf-dans-votre-region\/","og_site_name":"Classements des connexions","twitter_card":"summary_large_image","twitter_misc":{"Dur\u00e9e de lecture estim\u00e9e":"4 minutes"},"schema":{"@context":"https:\/\/schema.org","@graph":[{"@type":"WebSite","@id":"http:\/\/blowflyofficial.com\/da\/#website","url":"http:\/\/blowflyofficial.com\/da\/","name":"Classements des connexions","description":"Conseils de rencontres occasionnelles","potentialAction":[{"@type":"SearchAction","target":{"@type":"EntryPoint","urlTemplate":"http:\/\/blowflyofficial.com\/da\/?s={search_term_string}"},"query-input":"required name=search_term_string"}],"inLanguage":"fr-FR"},{"@type":"WebPage","@id":"https:\/\/blowflyofficial.com\/fr\/trouvez-un-milf-dans-votre-region\/#webpage","url":"https:\/\/blowflyofficial.com\/fr\/trouvez-un-milf-dans-votre-region\/","name":"Trouvez un MILF dans votre r\u00e9gion - Classements des connexions","isPartOf":{"@id":"http:\/\/blowflyofficial.com\/da\/#website"},"datePublished":"2022-08-30T13:12:58+00:00","dateModified":"2022-08-30T13:12:58+00:00","breadcrumb":{"@id":"https:\/\/blowflyofficial.com\/fr\/trouvez-un-milf-dans-votre-region\/#breadcrumb"},"inLanguage":"fr-FR","potentialAction":[{"@type":"ReadAction","target":["https:\/\/blowflyofficial.com\/fr\/trouvez-un-milf-dans-votre-region\/"]}]},{"@type":"BreadcrumbList","@id":"https:\/\/blowflyofficial.com\/fr\/trouvez-un-milf-dans-votre-region\/#breadcrumb","itemListElement":[{"@type":"ListItem","position":1,"name":"Home","item":"https:\/\/blowflyofficial.com\/fr\/"},{"@type":"ListItem","position":2,"name":"Trouvez un MILF dans votre r\u00e9gion"}]}]}},"_links":{"self":[{"href":"https:\/\/blowflyofficial.com\/fr\/wp-json\/wp\/v2\/pages\/102"}],"collection":[{"href":"https:\/\/blowflyofficial.com\/fr\/wp-json\/wp\/v2\/pages"}],"about":[{"href":"https:\/\/blowflyofficial.com\/fr\/wp-json\/wp\/v2\/types\/page"}],"author":[{"embeddable":true,"href":"https:\/\/blowflyofficial.com\/fr\/wp-json\/wp\/v2\/users\/1"}],"replies":[{"embeddable":true,"href":"https:\/\/blowflyofficial.com\/fr\/wp-json\/wp\/v2\/comments?post=102"}],"version-history":[{"count":0,"href":"https:\/\/blowflyofficial.com\/fr\/wp-json\/wp\/v2\/pages\/102\/revisions"}],"wp:attachment":[{"href":"https:\/\/blowflyofficial.com\/fr\/wp-json\/wp\/v2\/media?parent=102"}],"curies":[{"name":"wp","href":"https:\/\/api.w.org\/{rel}","templated":true}]}}