{"id":208,"date":"2022-08-30T13:02:05","date_gmt":"2022-08-30T12:02:05","guid":{"rendered":"http:\/\/blowflyofficial.com\/suosituimmat-kytkentasivustomme-tarkistettu\/"},"modified":"2022-08-30T13:02:05","modified_gmt":"2022-08-30T12:02:05","slug":"suosituimmat-kytkentasivustomme-tarkistettu","status":"publish","type":"page","link":"https:\/\/blowflyofficial.com\/fi\/","title":{"rendered":"Suosituimmat kytkent\u00e4sivustomme tarkistettu"},"content":{"rendered":"<p>Siell\u00e4 on paljon online-treffisovelluksia &#8211; kuten Tinder, Bumble, OkCupid, PlentyOfFish, Match jne. Mutta jotkut ihmiset haluavat l\u00f6yt\u00e4\u00e4 rakkauden rekister\u00f6itym\u00e4tt\u00e4 sivustolle. Jos olet yksi n\u00e4ist\u00e4 ihmisist\u00e4, suosittelemme tutustumaan luetteloomme parhaista kytkent\u00e4sivustoista ilmaiseksi. N\u00e4m\u00e4 sivustot eiv\u00e4t tarjoa luottokorttia vaadittua rekister\u00f6inti\u00e4, mik\u00e4 tarkoittaa, ett\u00e4 sinun ei tarvitse edes antaa henkil\u00f6kohtaisia tietoja. Et my\u00f6sk\u00e4\u00e4n koskaan maksa mit\u00e4\u00e4n n\u00e4iden sivustojen k\u00e4yt\u00f6st\u00e4. Rekister\u00f6idy vain, selaa profiileja, l\u00e4het\u00e4 viestej\u00e4 ja aloita ihmisten tapaaminen jo t\u00e4n\u00e4\u00e4n.<\/p>\n<h2>Ashley Madison<\/h2>\n<p>AshleyMadison.com on raitista ilmaa niille, jotka etsiv\u00e4t rakkautta verkosta. Etsitp\u00e4 sitten nopeaa heittoa, jotakuta erityist\u00e4, jonka kanssa asettua, tai yksinkertaisesti hauskaa kumppanuutta, Ashley Madison tarjoaa jotain kaikille. Meill\u00e4 on yli 54 miljoonaa j\u00e4sent\u00e4 ymp\u00e4ri maailmaa, joten olemme varmoja, ett\u00e4 joku odottaa sinua.<\/p>\n<p>Jos sinusta on tuntunut silt\u00e4, ett\u00e4 tarvitset tauon suhteestasi tai ehk\u00e4 haluat vain kokeilla jotain erilaista, miksi et tutustuisi meihin? Lupaamme harkintaa ja luottamuksellisuutta, ja j\u00e4senemme nauttivat monista eduista, mukaan lukien p\u00e4\u00e4sy eksklusiivisiin tapahtumiin, matka-alennuksiin ja jopa rahapalkintoihin. T\u00e4\u00e4lt\u00e4 l\u00f6yd\u00e4t kaiken tarvitsemasi &#8211; ei ehtoja.<\/p>\n<h2>Aff<\/h2>\n<p>Adult Friend Finder (AFF), yksi suosituimmista aikuisille tarkoitetuista sivustoista verkossa, tarjoaa 3 miljoonaa aktiivista kuukausittaista k\u00e4vij\u00e4\u00e4 ja yli 10 miljoonaa rekister\u00f6itynytt\u00e4 j\u00e4sent\u00e4. Sen lis\u00e4ksi, ett\u00e4 se on loistava paikka satunnaisille kohtaamisille, siell\u00e4 asuu my\u00f6s joitain Internetin kuumimmista ja kiimaisimmista ihmisist\u00e4. Jos haluat selvitt\u00e4\u00e4, mik\u00e4 saa AFF: n tikitt\u00e4m\u00e4\u00e4n, olemme saaneet sinut kattamaan.<\/p>\n<h2>Taula<\/h2>\n<p>Tinder on yksi suosituimmista sovelluksista rakkauden l\u00f6yt\u00e4miseen verkossa. Koska yli 50 miljoonaa ihmist\u00e4 on ladannut sen vuodesta 2012 l\u00e4htien, treffisovelluksen avulla voit pyyhk\u00e4ist\u00e4 vasemmalle tai oikealle n\u00e4hd\u00e4ksesi, pit\u00e4\u00e4k\u00f6 joku sinusta profiilikuvasi ja el\u00e4m\u00e4si perusteella. Jos he pit\u00e4v\u00e4t sinusta, voit l\u00e4hett\u00e4\u00e4 toisillesi viestej\u00e4 ja j\u00e4rjest\u00e4\u00e4 henkil\u00f6kohtaisia p\u00e4iv\u00e4m\u00e4\u00e4ri\u00e4. Ei ole pitki\u00e4 kyselylomakkeita tai invasiivisia tietokilpailuja; vain nopeita kysymyksi\u00e4 siit\u00e4, miss\u00e4 haluat tavata seuraavaksi.<\/p>\n<p>Sovellus on ladattavissa ja k\u00e4ytett\u00e4viss\u00e4 ilmaiseksi, mutta sen k\u00e4ytt\u00f6\u00f6n liittyy joitain kustannuksia. Maksat 9.99 dollaria kuukaudessa p\u00e4\u00e4st\u00e4ksesi premium-ominaisuuksiin, kuten rajoittamattomiin otteluihin ja sijainnin jakamiseen.<\/p>\n<p><img loading=\"lazy\" class=\"aligncenter size-large wp-image-35\" src=\"http:\/\/blowflyofficial.com\/wp-content\/uploads\/2022\/08\/guide-for-love-1024x681.jpeg\" alt=\"\" width=\"640\" height=\"426\" srcset=\"https:\/\/blowflyofficial.com\/wp-content\/uploads\/2022\/08\/guide-for-love-1024x681.jpeg 1024w, https:\/\/blowflyofficial.com\/wp-content\/uploads\/2022\/08\/guide-for-love-300x199.jpeg 300w, https:\/\/blowflyofficial.com\/wp-content\/uploads\/2022\/08\/guide-for-love-768x510.jpeg 768w, https:\/\/blowflyofficial.com\/wp-content\/uploads\/2022\/08\/guide-for-love-1536x1021.jpeg 1536w, https:\/\/blowflyofficial.com\/wp-content\/uploads\/2022\/08\/guide-for-love-2048x1361.jpeg 2048w\" sizes=\"(max-width: 640px) 100vw, 640px\" \/><\/p>\n<h1>Paikallisen yhteyden l\u00f6yt\u00e4minen alueeltasi<\/h1>\n<p>Paikalliset kytkenn\u00e4t ovat yksi suosituimmista online-treffityypeist\u00e4. On monia syit\u00e4, miksi ihmiset k\u00e4ytt\u00e4v\u00e4t n\u00e4it\u00e4 sovelluksia l\u00f6yt\u00e4\u00e4kseen sielunkumppaninsa, kuten kyll\u00e4styminen, yksin\u00e4isyys tai rennon seksin etsiminen. Sen lis\u00e4ksi on joitain etuja, joista voit nauttia k\u00e4ytt\u00e4ess\u00e4si n\u00e4it\u00e4 alustoja. Sinun ei esimerkiksi tarvitse k\u00e4ytt\u00e4\u00e4 rahaa juomiin, ruokaan tai kalliisiin p\u00e4iv\u00e4m\u00e4\u00e4riin. Sinun ei tarvitse edes matkustaa kauas, koska olet jo l\u00e4hell\u00e4 asuinpaikkaasi. Ja mik\u00e4 parasta, se on t\u00e4ysin anonyymi. Joten mit\u00e4 sin\u00e4 odotat? Katso luettelomme kahdeksasta parhaasta paikallisesta kytkent\u00e4sovelluksesta.<\/p>\n<h2>OneNightFriend<\/h2>\n<p>One Night Friend on ilmainen sovellus, jonka avulla voit tavata jonkun kaupunkisi sis\u00e4ll\u00e4. Jos haluat aloittaa suhteen jonkun kanssa, t\u00e4m\u00e4 on loistava tapa tehd\u00e4 se kuluttamatta liikaa rahaa. Lis\u00e4ksi sit\u00e4 on helppo k\u00e4ytt\u00e4\u00e4. Sinun tarvitsee vain sy\u00f6tt\u00e4\u00e4 sijaintisi, asettaa s\u00e4de ymp\u00e4rill\u00e4si ja valita, haluatko n\u00e4hd\u00e4 miehi\u00e4 vai naisia. Sen j\u00e4lkeen saat osumia mieltymystesi mukaan. Kun olet l\u00f6yt\u00e4nyt jonkun mielenkiintoisen, voit keskustella h\u00e4nen kanssaan tai pyyt\u00e4\u00e4 h\u00e4nt\u00e4 suoraan ulos. T\u00e4m\u00e4 sovellus toimii kuten Tinder, paitsi ett\u00e4 sinun ei tarvitse maksaa mit\u00e4\u00e4n.<\/p>\n<h2>Ole tuhma<\/h2>\n<p>Benaughty on toinen hyv\u00e4 vaihtoehto niille, jotka etsiv\u00e4t satunnaisia kohtaamisia. Voit selata profiileja nimett\u00f6m\u00e4sti, l\u00e4hett\u00e4\u00e4 viestej\u00e4 ja j\u00e4rjest\u00e4\u00e4 kokouksia. Toisin kuin One Night Friend, sinun on kuitenkin maksettava t\u00e4m\u00e4n sovelluksen k\u00e4yt\u00f6st\u00e4. Mutta jos olet valmis jakamaan k\u00e4teist\u00e4, t\u00e4m\u00e4 on todella hyv\u00e4 valinta. Benaughty ei tarjoa vain paljon ominaisuuksia, vaan se tarjoaa my\u00f6s VIP-j\u00e4senyyden. T\u00e4m\u00e4n paketin avulla voit k\u00e4ytt\u00e4\u00e4 lis\u00e4j\u00e4senyyksi\u00e4, kuten premium-viestej\u00e4 ja videopuheluita.<\/p>\n<h2>Kytkent\u00e469<\/h2>\n<p>Hookup69 on mobiilisovellus, jonka avulla voit olla yhteydess\u00e4 l\u00e4hell\u00e4 oleviin ihmisiin. Toisin kuin edelliset sovellukset, t\u00e4m\u00e4 ei vaadi sinua maksamaan mit\u00e4\u00e4n. Aluksi sinun tarvitsee vain rekister\u00f6ity\u00e4, lis\u00e4t\u00e4 profiilikuvasi ja kirjoittaa itsest\u00e4si. Sielt\u00e4 voit katsella valokuvia muista, jotka ovat kiinnostuneita tapaamaan sinua. Voit my\u00f6s tutustua heid\u00e4n suosikkiaktiviteetteihinsa ja kiinnostuksen kohteisiinsa. Kun luulet olevasi valmis treffeille, voit ottaa heihin yhteytt\u00e4. He vastaavat sinulle, kun he ovat vapaita.<\/p>\n<p><img loading=\"lazy\" class=\"aligncenter size-large wp-image-36\" src=\"http:\/\/blowflyofficial.com\/wp-content\/uploads\/2022\/08\/love-match-making-1024x683.jpeg\" alt=\"\" width=\"640\" height=\"427\" srcset=\"https:\/\/blowflyofficial.com\/wp-content\/uploads\/2022\/08\/love-match-making-1024x683.jpeg 1024w, https:\/\/blowflyofficial.com\/wp-content\/uploads\/2022\/08\/love-match-making-300x200.jpeg 300w, https:\/\/blowflyofficial.com\/wp-content\/uploads\/2022\/08\/love-match-making-768x512.jpeg 768w, https:\/\/blowflyofficial.com\/wp-content\/uploads\/2022\/08\/love-match-making-1536x1024.jpeg 1536w, https:\/\/blowflyofficial.com\/wp-content\/uploads\/2022\/08\/love-match-making-2048x1365.jpeg 2048w\" sizes=\"(max-width: 640px) 100vw, 640px\" \/><\/p>\n<h1>Meid\u00e4n neuvomme<\/h1>\n<p>Kytkent\u00e4sivustot ovat nyky\u00e4\u00e4n hyvin yleisi\u00e4. Ne tarjoavat usein monia mielenkiintoisia ominaisuuksia, kuten videokeskustelun, verkkokameran, live-chatin jne., Mik\u00e4 tekee niist\u00e4 yhden k\u00e4ytetyimmist\u00e4 sovelluksista ihmisten keskuudessa. On kuitenkin my\u00f6s joitain haittoja. Et esimerkiksi l\u00f6yd\u00e4 luotettavaa kytkent\u00e4sovellusta k\u00e4ytt\u00e4m\u00e4tt\u00e4 rahaa. Mutta nyt meill\u00e4 on jotain parempaa \u2013 benaughty.com. T\u00e4m\u00e4 on ilmainen online-kytkent\u00e4sivusto, jossa voit tavata ja seurustella tytt\u00f6jen kanssa ymp\u00e4ri maailmaa. Sinun ei tarvitse edes kuluttaa mit\u00e4\u00e4n k\u00e4ytt\u00e4\u00e4ksesi t\u00e4t\u00e4 h\u00e4mm\u00e4stytt\u00e4v\u00e4\u00e4 ominaisuutta. Sinun tarvitsee vain rekister\u00f6ity\u00e4 ja aloittaa kuumien naisten etsiminen. Parasta Be Naughtyssa on, ett\u00e4 l\u00f6yd\u00e4t helposti jonkun l\u00e4helt\u00e4. Joten mit\u00e4 odotat? Mene vain eteenp\u00e4in ja kokeile t\u00e4t\u00e4 mahtavaa kytkent\u00e4sivustoa.<\/p>\n<p>Online-treffimarkkinat ovat t\u00e4ynn\u00e4 erilaisia alustoja, joista jokainen v\u00e4itt\u00e4\u00e4 olevansa parempi kuin muut. On kuitenkin edelleen joitain yrityksi\u00e4, joita ei ole unohdettu, vaikka ne eiv\u00e4t tarjoa mit\u00e4\u00e4n erityist\u00e4. Yksi t\u00e4llainen esimerkki on Hookup69, paikallinen treffisivusto, joka tarjoaa k\u00e4ytt\u00e4jilleen paljon etuja perinteisiin treffisovelluksiin verrattuna.<\/p>\n<p>Sinun on teht\u00e4v\u00e4 oikea p\u00e4\u00e4t\u00f6s ja k\u00e4ytett\u00e4v\u00e4 oikeaa yrityst\u00e4 l\u00f6yt\u00e4\u00e4ksesi sinulle sopivan sovelluksen.<\/p>\n","protected":false},"excerpt":{"rendered":"<p>Siell\u00e4 on paljon online-treffisovelluksia &#8211; kuten Tinder, Bumble, OkCupid, PlentyOfFish, Match jne. Mutta jotkut ihmiset haluavat l\u00f6yt\u00e4\u00e4 rakkauden rekister\u00f6itym\u00e4tt\u00e4 sivustolle. Jos olet yksi n\u00e4ist\u00e4 ihmisist\u00e4, suosittelemme tutustumaan luetteloomme parhaista kytkent\u00e4sivustoista ilmaiseksi. N\u00e4m\u00e4 sivustot eiv\u00e4t tarjoa luottokorttia vaadittua rekister\u00f6inti\u00e4, mik\u00e4 tarkoittaa, ett\u00e4 sinun ei tarvitse edes antaa henkil\u00f6kohtaisia tietoja. Et my\u00f6sk\u00e4\u00e4n koskaan maksa mit\u00e4\u00e4n n\u00e4iden sivustojen &#8230; <a title=\"Suosituimmat kytkent\u00e4sivustomme tarkistettu\" class=\"read-more\" href=\"https:\/\/blowflyofficial.com\/fi\/\" aria-label=\"Lis\u00e4\u00e4 Suosituimmat kytkent\u00e4sivustomme tarkistettu\">Lue lis\u00e4\u00e4<\/a><\/p>\n","protected":false},"author":1,"featured_media":0,"parent":0,"menu_order":0,"comment_status":"closed","ping_status":"closed","template":"","meta":[],"yoast_head":"<!-- This site is optimized with the Yoast SEO plugin v17.7.1 - https:\/\/yoast.com\/wordpress\/plugins\/seo\/ -->\n<title>Suosituimmat kytkent\u00e4sivustomme tarkistettu - Hookup-sijoitukset<\/title>\n<meta name=\"robots\" content=\"index, follow, max-snippet:-1, max-image-preview:large, max-video-preview:-1\" \/>\n<link rel=\"canonical\" href=\"https:\/\/blowflyofficial.com\/fi\/\" \/>\n<meta property=\"og:locale\" content=\"fi_FI\" \/>\n<meta property=\"og:type\" content=\"article\" \/>\n<meta property=\"og:title\" content=\"Suosituimmat kytkent\u00e4sivustomme tarkistettu - Hookup-sijoitukset\" \/>\n<meta property=\"og:description\" content=\"Siell\u00e4 on paljon online-treffisovelluksia &#8211; kuten Tinder, Bumble, OkCupid, PlentyOfFish, Match jne. Mutta jotkut ihmiset haluavat l\u00f6yt\u00e4\u00e4 rakkauden rekister\u00f6itym\u00e4tt\u00e4 sivustolle. Jos olet yksi n\u00e4ist\u00e4 ihmisist\u00e4, suosittelemme tutustumaan luetteloomme parhaista kytkent\u00e4sivustoista ilmaiseksi. N\u00e4m\u00e4 sivustot eiv\u00e4t tarjoa luottokorttia vaadittua rekister\u00f6inti\u00e4, mik\u00e4 tarkoittaa, ett\u00e4 sinun ei tarvitse edes antaa henkil\u00f6kohtaisia tietoja. Et my\u00f6sk\u00e4\u00e4n koskaan maksa mit\u00e4\u00e4n n\u00e4iden sivustojen ... Lue lis\u00e4\u00e4\" \/>\n<meta property=\"og:url\" content=\"https:\/\/blowflyofficial.com\/fi\/\" \/>\n<meta property=\"og:site_name\" content=\"Hookup-sijoitukset\" \/>\n<meta property=\"og:image\" content=\"http:\/\/blowflyofficial.com\/wp-content\/uploads\/2022\/08\/guide-for-love-1024x681.jpeg\" \/>\n<meta name=\"twitter:card\" content=\"summary_large_image\" \/>\n<meta name=\"twitter:label1\" content=\"Arvioitu lukuaika\" \/>\n\t<meta name=\"twitter:data1\" content=\"4 minuuttia\" \/>\n<script type=\"application\/ld+json\" class=\"yoast-schema-graph\">{\"@context\":\"https:\/\/schema.org\",\"@graph\":[{\"@type\":\"WebSite\",\"@id\":\"http:\/\/blowflyofficial.com\/da\/#website\",\"url\":\"http:\/\/blowflyofficial.com\/da\/\",\"name\":\"Hookup-sijoitukset\",\"description\":\"Rento treffineuvonta\",\"potentialAction\":[{\"@type\":\"SearchAction\",\"target\":{\"@type\":\"EntryPoint\",\"urlTemplate\":\"http:\/\/blowflyofficial.com\/da\/?s={search_term_string}\"},\"query-input\":\"required name=search_term_string\"}],\"inLanguage\":\"fi\"},{\"@type\":\"ImageObject\",\"@id\":\"https:\/\/blowflyofficial.com\/fi\/#primaryimage\",\"inLanguage\":\"fi\",\"url\":\"http:\/\/blowflyofficial.com\/wp-content\/uploads\/2022\/08\/guide-for-love-1024x681.jpeg\",\"contentUrl\":\"http:\/\/blowflyofficial.com\/wp-content\/uploads\/2022\/08\/guide-for-love-1024x681.jpeg\"},{\"@type\":\"WebPage\",\"@id\":\"https:\/\/blowflyofficial.com\/fi\/#webpage\",\"url\":\"https:\/\/blowflyofficial.com\/fi\/\",\"name\":\"Suosituimmat kytkent\\u00e4sivustomme tarkistettu - Hookup-sijoitukset\",\"isPartOf\":{\"@id\":\"http:\/\/blowflyofficial.com\/da\/#website\"},\"primaryImageOfPage\":{\"@id\":\"https:\/\/blowflyofficial.com\/fi\/#primaryimage\"},\"datePublished\":\"2022-08-30T12:02:05+00:00\",\"dateModified\":\"2022-08-30T12:02:05+00:00\",\"breadcrumb\":{\"@id\":\"https:\/\/blowflyofficial.com\/fi\/#breadcrumb\"},\"inLanguage\":\"fi\",\"potentialAction\":[{\"@type\":\"ReadAction\",\"target\":[\"https:\/\/blowflyofficial.com\/fi\/\"]}]},{\"@type\":\"BreadcrumbList\",\"@id\":\"https:\/\/blowflyofficial.com\/fi\/#breadcrumb\",\"itemListElement\":[{\"@type\":\"ListItem\",\"position\":1,\"name\":\"Home\",\"item\":\"https:\/\/blowflyofficial.com\/fi\/\"},{\"@type\":\"ListItem\",\"position\":2,\"name\":\"Suosituimmat kytkent\\u00e4sivustomme tarkistettu\"}]}]}<\/script>\n<!-- \/ Yoast SEO plugin. -->","yoast_head_json":{"title":"Suosituimmat kytkent\u00e4sivustomme tarkistettu - Hookup-sijoitukset","robots":{"index":"index","follow":"follow","max-snippet":"max-snippet:-1","max-image-preview":"max-image-preview:large","max-video-preview":"max-video-preview:-1"},"canonical":"https:\/\/blowflyofficial.com\/fi\/","og_locale":"fi_FI","og_type":"article","og_title":"Suosituimmat kytkent\u00e4sivustomme tarkistettu - Hookup-sijoitukset","og_description":"Siell\u00e4 on paljon online-treffisovelluksia &#8211; kuten Tinder, Bumble, OkCupid, PlentyOfFish, Match jne. Mutta jotkut ihmiset haluavat l\u00f6yt\u00e4\u00e4 rakkauden rekister\u00f6itym\u00e4tt\u00e4 sivustolle. Jos olet yksi n\u00e4ist\u00e4 ihmisist\u00e4, suosittelemme tutustumaan luetteloomme parhaista kytkent\u00e4sivustoista ilmaiseksi. N\u00e4m\u00e4 sivustot eiv\u00e4t tarjoa luottokorttia vaadittua rekister\u00f6inti\u00e4, mik\u00e4 tarkoittaa, ett\u00e4 sinun ei tarvitse edes antaa henkil\u00f6kohtaisia tietoja. Et my\u00f6sk\u00e4\u00e4n koskaan maksa mit\u00e4\u00e4n n\u00e4iden sivustojen ... Lue lis\u00e4\u00e4","og_url":"https:\/\/blowflyofficial.com\/fi\/","og_site_name":"Hookup-sijoitukset","og_image":[{"url":"http:\/\/blowflyofficial.com\/wp-content\/uploads\/2022\/08\/guide-for-love-1024x681.jpeg"}],"twitter_card":"summary_large_image","twitter_misc":{"Arvioitu lukuaika":"4 minuuttia"},"schema":{"@context":"https:\/\/schema.org","@graph":[{"@type":"WebSite","@id":"http:\/\/blowflyofficial.com\/da\/#website","url":"http:\/\/blowflyofficial.com\/da\/","name":"Hookup-sijoitukset","description":"Rento treffineuvonta","potentialAction":[{"@type":"SearchAction","target":{"@type":"EntryPoint","urlTemplate":"http:\/\/blowflyofficial.com\/da\/?s={search_term_string}"},"query-input":"required name=search_term_string"}],"inLanguage":"fi"},{"@type":"ImageObject","@id":"https:\/\/blowflyofficial.com\/fi\/#primaryimage","inLanguage":"fi","url":"http:\/\/blowflyofficial.com\/wp-content\/uploads\/2022\/08\/guide-for-love-1024x681.jpeg","contentUrl":"http:\/\/blowflyofficial.com\/wp-content\/uploads\/2022\/08\/guide-for-love-1024x681.jpeg"},{"@type":"WebPage","@id":"https:\/\/blowflyofficial.com\/fi\/#webpage","url":"https:\/\/blowflyofficial.com\/fi\/","name":"Suosituimmat kytkent\u00e4sivustomme tarkistettu - Hookup-sijoitukset","isPartOf":{"@id":"http:\/\/blowflyofficial.com\/da\/#website"},"primaryImageOfPage":{"@id":"https:\/\/blowflyofficial.com\/fi\/#primaryimage"},"datePublished":"2022-08-30T12:02:05+00:00","dateModified":"2022-08-30T12:02:05+00:00","breadcrumb":{"@id":"https:\/\/blowflyofficial.com\/fi\/#breadcrumb"},"inLanguage":"fi","potentialAction":[{"@type":"ReadAction","target":["https:\/\/blowflyofficial.com\/fi\/"]}]},{"@type":"BreadcrumbList","@id":"https:\/\/blowflyofficial.com\/fi\/#breadcrumb","itemListElement":[{"@type":"ListItem","position":1,"name":"Home","item":"https:\/\/blowflyofficial.com\/fi\/"},{"@type":"ListItem","position":2,"name":"Suosituimmat kytkent\u00e4sivustomme tarkistettu"}]}]}},"_links":{"self":[{"href":"https:\/\/blowflyofficial.com\/fi\/wp-json\/wp\/v2\/pages\/208"}],"collection":[{"href":"https:\/\/blowflyofficial.com\/fi\/wp-json\/wp\/v2\/pages"}],"about":[{"href":"https:\/\/blowflyofficial.com\/fi\/wp-json\/wp\/v2\/types\/page"}],"author":[{"embeddable":true,"href":"https:\/\/blowflyofficial.com\/fi\/wp-json\/wp\/v2\/users\/1"}],"replies":[{"embeddable":true,"href":"https:\/\/blowflyofficial.com\/fi\/wp-json\/wp\/v2\/comments?post=208"}],"version-history":[{"count":0,"href":"https:\/\/blowflyofficial.com\/fi\/wp-json\/wp\/v2\/pages\/208\/revisions"}],"wp:attachment":[{"href":"https:\/\/blowflyofficial.com\/fi\/wp-json\/wp\/v2\/media?parent=208"}],"curies":[{"name":"wp","href":"https:\/\/api.w.org\/{rel}","templated":true}]}}