{"id":199,"date":"2022-08-30T13:45:52","date_gmt":"2022-08-30T12:45:52","guid":{"rendered":"http:\/\/blowflyofficial.com\/etsi-paikallinen-rento-yhteys\/"},"modified":"2022-08-30T13:45:52","modified_gmt":"2022-08-30T12:45:52","slug":"etsi-paikallinen-rento-yhteys","status":"publish","type":"page","link":"https:\/\/blowflyofficial.com\/fi\/etsi-paikallinen-rento-yhteys\/","title":{"rendered":"Etsi paikallinen rento yhteys"},"content":{"rendered":"<p>Tied\u00e4mme, kuinka vaikeaa on l\u00f6yt\u00e4\u00e4 joku, josta pid\u00e4t, varsinkin kun asut eri kaupungeissa. Ymm\u00e4rr\u00e4mme, ett\u00e4 joskus tunnet olosi vain yksin\u00e4iseksi ja tyls\u00e4ksi, emmek\u00e4 syyt\u00e4 sinua, koska on monia asioita, jotka tekev\u00e4t meist\u00e4 my\u00f6s surullisia. Mutta miksi sinun pit\u00e4isi odottaa, ett\u00e4 joku muu tulee mukaan ja antaa sinulle sen, mit\u00e4 todella haluat? Miksi sinun pit\u00e4isi viett\u00e4\u00e4 tuntikausia etsim\u00e4ll\u00e4 jotain, joka voi kest\u00e4\u00e4 minuutteja?<\/p>\n<h2>Haluatko l\u00f6yt\u00e4\u00e4 yhteyden?<\/h2>\n<p>Sinun ei tarvitse edes huolehtia <a href=\"http:\/\/blowflyofficial.com\/fi\/loyda-seksia-lahellasi-olevien-naisten-kanssa\/\">huijauksesta<\/a>, koska kaikki t\u00e4\u00e4ll\u00e4 on t\u00e4ysin ilmaista. Jos p\u00e4\u00e4t\u00e4t menn\u00e4 eteenp\u00e4in ja maksaa j\u00e4senyydest\u00e4, sinulla on p\u00e4\u00e4sy koko verkostoon, mukaan lukien kaikki premium-j\u00e4senyyksien ominaisuudet. Jos kuitenkin etsit nopeaa kytkemist\u00e4, voit aina kokeilla kokeiluversiota ja n\u00e4hd\u00e4, sopiiko se sinulle.<\/p>\n<p>Ihmiset etsiv\u00e4t aina tapoja tavata muita verkossa, etenkin niit\u00e4, jotka haluavat satunnaisia kohtaamisia. Mutta mihin k\u00e4\u00e4nnyt, kun siell\u00e4 ei ole paljon vaihtoehtoja? No, me autamme sinua! Alla on viisi ilmaista paikallista kytkent\u00e4sivustoa, jotka todella toimivat. Et tule katumaan niiden kokeilemista.<\/p>\n<p>Ensimm\u00e4inen ilmainen kytkent\u00e4sovellus, jota aion ehdottaa kokeilemaan, on nimelt\u00e4\u00e4n Fling, ja se on ehk\u00e4 paras treffisovellus, jota olen k\u00e4ytt\u00e4nyt vuosien varrella. Vaikka on olemassa paljon maksullisia sovelluksia, jotka tarjoavat samanlaisia ominaisuuksia, Fling voi rekister\u00f6ity\u00e4 ilmaiseksi ja k\u00e4ytt\u00e4\u00e4 sit\u00e4.<\/p>\n<p>Toki heill\u00e4 on p\u00e4ivitysvaihtoehtoja \u2013 kuten mahdollisuus l\u00f6yt\u00e4\u00e4 paikallisia kumppaneita asuinpaikkasi perusteella \u2013 jotka helpottavat ihmisten yhteydenpitoa, mutta siit\u00e4 huolimatta ilmainen versio toimii hienosti. Itse asiassa, kun alun perin ilmoittauduin, p\u00e4\u00e4dyin k\u00e4ytt\u00e4m\u00e4\u00e4n sit\u00e4 koko viikon ajan ennen p\u00e4ivityst\u00e4, koska halusin lis\u00e4t\u00e4 todenn\u00e4k\u00f6isyytt\u00e4ni liitty\u00e4. Pian sen j\u00e4lkeen huomasin k\u00e4ytt\u00e4v\u00e4ni rahaa premium-p\u00e4ivityksiin.<\/p>\n<h2>Booty-puhelusivustot<\/h2>\n<p>Olen suuri saalispuheluilmi\u00f6n fani. Olen ollut kolikon molemmilla puolilla. Minulla on ollut satunnaisia kohtaamisia, joissa tapaamme juomia tai illallista ja p\u00e4\u00e4dymme my\u00f6hemmin yhteyteen. Ja olen my\u00f6s ollut treffeill\u00e4, joissa ei ollut paljon kemiaa, emmek\u00e4 p\u00e4\u00e4tyneet seksiin. Joten kun kuulin t\u00e4st\u00e4 sovelluksesta nimelt\u00e4 OnlineBootyCall.com, ajattelin, ett\u00e4 se kuulosti hauskalta kokeilla.<\/p>\n<p>T\u00e4m\u00e4n sovelluksen idea on melko yksinkertainen. Rekister\u00f6idyt ilmaiseksi ja alat keskustella l\u00e4hell\u00e4 asuvien ihmisten kanssa. Jos l\u00f6yd\u00e4t jonkun mielenkiintoisen, voit kutsua h\u00e4net hengailemaan. Kun he ilmestyv\u00e4t paikalle, voit joko l\u00e4hett\u00e4\u00e4 heid\u00e4t suoraan kotiin tai vied\u00e4 heid\u00e4t hotellihuoneeseen. S\u00e4\u00e4nt\u00f6j\u00e4 tai odotuksia ei ole. Tapaat vain seksi\u00e4 varten.<\/p>\n","protected":false},"excerpt":{"rendered":"<p>Tied\u00e4mme, kuinka vaikeaa on l\u00f6yt\u00e4\u00e4 joku, josta pid\u00e4t, varsinkin kun asut eri kaupungeissa. Ymm\u00e4rr\u00e4mme, ett\u00e4 joskus tunnet olosi vain yksin\u00e4iseksi ja tyls\u00e4ksi, emmek\u00e4 syyt\u00e4 sinua, koska on monia asioita, jotka tekev\u00e4t meist\u00e4 my\u00f6s surullisia. Mutta miksi sinun pit\u00e4isi odottaa, ett\u00e4 joku muu tulee mukaan ja antaa sinulle sen, mit\u00e4 todella haluat? Miksi sinun pit\u00e4isi viett\u00e4\u00e4 &#8230; <a title=\"Etsi paikallinen rento yhteys\" class=\"read-more\" href=\"https:\/\/blowflyofficial.com\/fi\/etsi-paikallinen-rento-yhteys\/\" aria-label=\"Lis\u00e4\u00e4 Etsi paikallinen rento yhteys\">Lue lis\u00e4\u00e4<\/a><\/p>\n","protected":false},"author":1,"featured_media":0,"parent":0,"menu_order":0,"comment_status":"closed","ping_status":"closed","template":"","meta":[],"yoast_head":"<!-- This site is optimized with the Yoast SEO plugin v17.7.1 - https:\/\/yoast.com\/wordpress\/plugins\/seo\/ -->\n<title>Etsi paikallinen rento yhteys - Hookup-sijoitukset<\/title>\n<meta name=\"robots\" content=\"index, follow, max-snippet:-1, max-image-preview:large, max-video-preview:-1\" \/>\n<link rel=\"canonical\" href=\"https:\/\/blowflyofficial.com\/fi\/etsi-paikallinen-rento-yhteys\/\" \/>\n<meta property=\"og:locale\" content=\"fi_FI\" \/>\n<meta property=\"og:type\" content=\"article\" \/>\n<meta property=\"og:title\" content=\"Etsi paikallinen rento yhteys - Hookup-sijoitukset\" \/>\n<meta property=\"og:description\" content=\"Tied\u00e4mme, kuinka vaikeaa on l\u00f6yt\u00e4\u00e4 joku, josta pid\u00e4t, varsinkin kun asut eri kaupungeissa. Ymm\u00e4rr\u00e4mme, ett\u00e4 joskus tunnet olosi vain yksin\u00e4iseksi ja tyls\u00e4ksi, emmek\u00e4 syyt\u00e4 sinua, koska on monia asioita, jotka tekev\u00e4t meist\u00e4 my\u00f6s surullisia. Mutta miksi sinun pit\u00e4isi odottaa, ett\u00e4 joku muu tulee mukaan ja antaa sinulle sen, mit\u00e4 todella haluat? Miksi sinun pit\u00e4isi viett\u00e4\u00e4 ... Lue lis\u00e4\u00e4\" \/>\n<meta property=\"og:url\" content=\"https:\/\/blowflyofficial.com\/fi\/etsi-paikallinen-rento-yhteys\/\" \/>\n<meta property=\"og:site_name\" content=\"Hookup-sijoitukset\" \/>\n<meta name=\"twitter:card\" content=\"summary_large_image\" \/>\n<meta name=\"twitter:label1\" content=\"Arvioitu lukuaika\" \/>\n\t<meta name=\"twitter:data1\" content=\"2 minuuttia\" \/>\n<script type=\"application\/ld+json\" class=\"yoast-schema-graph\">{\"@context\":\"https:\/\/schema.org\",\"@graph\":[{\"@type\":\"WebSite\",\"@id\":\"http:\/\/blowflyofficial.com\/da\/#website\",\"url\":\"http:\/\/blowflyofficial.com\/da\/\",\"name\":\"Hookup-sijoitukset\",\"description\":\"Rento treffineuvonta\",\"potentialAction\":[{\"@type\":\"SearchAction\",\"target\":{\"@type\":\"EntryPoint\",\"urlTemplate\":\"http:\/\/blowflyofficial.com\/da\/?s={search_term_string}\"},\"query-input\":\"required name=search_term_string\"}],\"inLanguage\":\"fi\"},{\"@type\":\"WebPage\",\"@id\":\"https:\/\/blowflyofficial.com\/fi\/etsi-paikallinen-rento-yhteys\/#webpage\",\"url\":\"https:\/\/blowflyofficial.com\/fi\/etsi-paikallinen-rento-yhteys\/\",\"name\":\"Etsi paikallinen rento yhteys - Hookup-sijoitukset\",\"isPartOf\":{\"@id\":\"http:\/\/blowflyofficial.com\/da\/#website\"},\"datePublished\":\"2022-08-30T12:45:52+00:00\",\"dateModified\":\"2022-08-30T12:45:52+00:00\",\"breadcrumb\":{\"@id\":\"https:\/\/blowflyofficial.com\/fi\/etsi-paikallinen-rento-yhteys\/#breadcrumb\"},\"inLanguage\":\"fi\",\"potentialAction\":[{\"@type\":\"ReadAction\",\"target\":[\"https:\/\/blowflyofficial.com\/fi\/etsi-paikallinen-rento-yhteys\/\"]}]},{\"@type\":\"BreadcrumbList\",\"@id\":\"https:\/\/blowflyofficial.com\/fi\/etsi-paikallinen-rento-yhteys\/#breadcrumb\",\"itemListElement\":[{\"@type\":\"ListItem\",\"position\":1,\"name\":\"Home\",\"item\":\"https:\/\/blowflyofficial.com\/fi\/\"},{\"@type\":\"ListItem\",\"position\":2,\"name\":\"Etsi paikallinen rento yhteys\"}]}]}<\/script>\n<!-- \/ Yoast SEO plugin. -->","yoast_head_json":{"title":"Etsi paikallinen rento yhteys - Hookup-sijoitukset","robots":{"index":"index","follow":"follow","max-snippet":"max-snippet:-1","max-image-preview":"max-image-preview:large","max-video-preview":"max-video-preview:-1"},"canonical":"https:\/\/blowflyofficial.com\/fi\/etsi-paikallinen-rento-yhteys\/","og_locale":"fi_FI","og_type":"article","og_title":"Etsi paikallinen rento yhteys - Hookup-sijoitukset","og_description":"Tied\u00e4mme, kuinka vaikeaa on l\u00f6yt\u00e4\u00e4 joku, josta pid\u00e4t, varsinkin kun asut eri kaupungeissa. Ymm\u00e4rr\u00e4mme, ett\u00e4 joskus tunnet olosi vain yksin\u00e4iseksi ja tyls\u00e4ksi, emmek\u00e4 syyt\u00e4 sinua, koska on monia asioita, jotka tekev\u00e4t meist\u00e4 my\u00f6s surullisia. Mutta miksi sinun pit\u00e4isi odottaa, ett\u00e4 joku muu tulee mukaan ja antaa sinulle sen, mit\u00e4 todella haluat? Miksi sinun pit\u00e4isi viett\u00e4\u00e4 ... Lue lis\u00e4\u00e4","og_url":"https:\/\/blowflyofficial.com\/fi\/etsi-paikallinen-rento-yhteys\/","og_site_name":"Hookup-sijoitukset","twitter_card":"summary_large_image","twitter_misc":{"Arvioitu lukuaika":"2 minuuttia"},"schema":{"@context":"https:\/\/schema.org","@graph":[{"@type":"WebSite","@id":"http:\/\/blowflyofficial.com\/da\/#website","url":"http:\/\/blowflyofficial.com\/da\/","name":"Hookup-sijoitukset","description":"Rento treffineuvonta","potentialAction":[{"@type":"SearchAction","target":{"@type":"EntryPoint","urlTemplate":"http:\/\/blowflyofficial.com\/da\/?s={search_term_string}"},"query-input":"required name=search_term_string"}],"inLanguage":"fi"},{"@type":"WebPage","@id":"https:\/\/blowflyofficial.com\/fi\/etsi-paikallinen-rento-yhteys\/#webpage","url":"https:\/\/blowflyofficial.com\/fi\/etsi-paikallinen-rento-yhteys\/","name":"Etsi paikallinen rento yhteys - Hookup-sijoitukset","isPartOf":{"@id":"http:\/\/blowflyofficial.com\/da\/#website"},"datePublished":"2022-08-30T12:45:52+00:00","dateModified":"2022-08-30T12:45:52+00:00","breadcrumb":{"@id":"https:\/\/blowflyofficial.com\/fi\/etsi-paikallinen-rento-yhteys\/#breadcrumb"},"inLanguage":"fi","potentialAction":[{"@type":"ReadAction","target":["https:\/\/blowflyofficial.com\/fi\/etsi-paikallinen-rento-yhteys\/"]}]},{"@type":"BreadcrumbList","@id":"https:\/\/blowflyofficial.com\/fi\/etsi-paikallinen-rento-yhteys\/#breadcrumb","itemListElement":[{"@type":"ListItem","position":1,"name":"Home","item":"https:\/\/blowflyofficial.com\/fi\/"},{"@type":"ListItem","position":2,"name":"Etsi paikallinen rento yhteys"}]}]}},"_links":{"self":[{"href":"https:\/\/blowflyofficial.com\/fi\/wp-json\/wp\/v2\/pages\/199"}],"collection":[{"href":"https:\/\/blowflyofficial.com\/fi\/wp-json\/wp\/v2\/pages"}],"about":[{"href":"https:\/\/blowflyofficial.com\/fi\/wp-json\/wp\/v2\/types\/page"}],"author":[{"embeddable":true,"href":"https:\/\/blowflyofficial.com\/fi\/wp-json\/wp\/v2\/users\/1"}],"replies":[{"embeddable":true,"href":"https:\/\/blowflyofficial.com\/fi\/wp-json\/wp\/v2\/comments?post=199"}],"version-history":[{"count":0,"href":"https:\/\/blowflyofficial.com\/fi\/wp-json\/wp\/v2\/pages\/199\/revisions"}],"wp:attachment":[{"href":"https:\/\/blowflyofficial.com\/fi\/wp-json\/wp\/v2\/media?parent=199"}],"curies":[{"name":"wp","href":"https:\/\/api.w.org\/{rel}","templated":true}]}}