{"id":181,"date":"2022-08-30T13:50:50","date_gmt":"2022-08-30T12:50:50","guid":{"rendered":"http:\/\/blowflyofficial.com\/etsitko-seksia\/"},"modified":"2022-08-30T13:50:50","modified_gmt":"2022-08-30T12:50:50","slug":"etsitko-seksia","status":"publish","type":"page","link":"https:\/\/blowflyofficial.com\/fi\/etsitko-seksia\/","title":{"rendered":"Etsitk\u00f6 seksi\u00e4"},"content":{"rendered":"<p>Etsitk\u00f6 hauskaa t\u00e4n\u00e4 iltana? Sitten olet tullut oikeaan paikkaan. Olemme t\u00e4\u00e4ll\u00e4 auttaaksemme sinua l\u00f6yt\u00e4m\u00e4\u00e4n t\u00e4ydellisen rennon p\u00e4iv\u00e4m\u00e4\u00e4r\u00e4si pikaruokailuun ja het-up-hauskanpitoon. Olipa kyseess\u00e4 vain illallinen ja juomat tai jotain vakavampaa, meill\u00e4 on varmasti ottelu sinulle. Sivustomme on t\u00e4ysin ilmainen k\u00e4ytt\u00e4\u00e4, ja j\u00e4senemme etsiv\u00e4t aina hauskaa. Jos haluat aloittaa jonkun erityisen l\u00f6yt\u00e4misen nyt, selaa profiilejamme ja rekister\u00f6idy jo t\u00e4n\u00e4\u00e4n.<\/p>\n<p>Mielest\u00e4mme ei ole mit\u00e4\u00e4n syyt\u00e4, miksi sinun ei pit\u00e4isi yritt\u00e4\u00e4 l\u00f6yt\u00e4\u00e4 kumppania paikallisesti. Loppujen lopuksi <a href=\"http:\/\/blowflyofficial.com\/fi\/parhaat-treffisovellukset-vakavan-loytamiseen\/\">asut l\u00e4hell\u00e4<\/a>, tunnet toisesi hyvin, ja luultavasti n\u00e4et toisesi jo joka p\u00e4iv\u00e4. Saatat jopa tavata kahville silloin t\u00e4ll\u00f6in. Miksi et kokeilisi sit\u00e4?<\/p>\n<h2>Kuinka k\u00e4ytt\u00e4\u00e4 treffisovelluksia vain seksiin<\/h2>\n<p>T\u00e4rkeint\u00e4 on tiet\u00e4\u00e4 treffisovelluksista, ett\u00e4 maailmassa on erilaisia ihmisi\u00e4. Saatat ajatella, ett\u00e4 etsit kaltaistasi, mutta k\u00e4y ilmi, ett\u00e4 etsit itse asiassa jotakuta t\u00e4ysin erilaista. Verkossa on kolme p\u00e4\u00e4ryhm\u00e4\u00e4 ihmisi\u00e4: ne, jotka haluavat rentoa seksi\u00e4, ne, jotka haluavat pitk\u00e4aikaisia suhteita, ja ne, jotka haluavat vain tavata uusia yst\u00e4vi\u00e4. N\u00e4in voit poimia naisia sen perusteella, mink\u00e4 tyyppinen henkil\u00f6 olet.<\/p>\n<h2>Rento seksi ihmiset<\/h2>\n<p>Satunnaiset seksit ihmiset eiv\u00e4t v\u00e4lit\u00e4 liikaa ulkon\u00e4\u00f6st\u00e4, mutta he v\u00e4litt\u00e4v\u00e4t persoonallisuudesta. He ovat yleens\u00e4 rentoja, ennakkoluulottomia ja nauttivat yleens\u00e4 uusien ihmisten tapaamisesta. Jos etsit hauskaa iltaa ilman ehtoja, satunnaiset seksiihmiset ovat luultavasti paras valinta sinulle. N\u00e4m\u00e4 kaverit eiv\u00e4t todellakaan ole sitoutuneita, mutta he varmasti yritt\u00e4v\u00e4t mit\u00e4 tahansa kerran.<\/p>\n<h2>Pitk\u00e4aikaiset suhteet ihmiset<\/h2>\n<p>Pitk\u00e4aikaiset ihmissuhteet ovat satunnaisten seksi-ihmisten vastakohta. He etsiv\u00e4t jotain vakavaa ja haluavat kumppanin, johon he voivat luottaa. Siksi monet heist\u00e4 ovat valmiita siet\u00e4m\u00e4\u00e4n joitain melko houkuttelevia piirteit\u00e4 miehill\u00e4. Itse asiassa he tekev\u00e4t usein kaikkensa l\u00f6yt\u00e4\u00e4kseen hyv\u00e4nn\u00e4k\u00f6isi\u00e4 kumppaneita.<\/p>\n<h2>Uusien yst\u00e4vien tapaaminen<\/h2>\n<p>Uusien yst\u00e4vien tapaaminen on v\u00e4hiten yleinen ryhm\u00e4, mutta he ovat silti siell\u00e4. He puhuvat tyypillisesti mielell\u00e4\u00e4n kenen tahansa kanssa, jopa t\u00e4ysin tuntemattomille, koska he rakastavat tavata uusia ihmisi\u00e4. He ovat yleens\u00e4 yst\u00e4v\u00e4llisi\u00e4 ja l\u00e4htevi\u00e4, ja he ovat aina kiinnostuneita kuulemaan muiden tarinoita. He ovat my\u00f6s loistavia kuuntelijoita, joten jos tunnet olosi yksin\u00e4iseksi tai tyls\u00e4ksi, voit luottaa siihen, ett\u00e4 he pit\u00e4v\u00e4t asiat mielenkiintoisina.<\/p>\n<h2>Meid\u00e4n neuvomme<\/h2>\n<p>T\u00e4m\u00e4n p\u00e4iv\u00e4n sinkut tunnetaan ennakkoluulottomista ja joustavista seksin kaltaisissa asioissa. T\u00e4m\u00e4 koskee sek\u00e4 naisia ett\u00e4 miehi\u00e4. Itse asiassa monet ihmiset haluavat seurustella jonkun kanssa, joka on valmis kokeilemaan jotain uutta.<\/p>\n<p>T\u00e4m\u00e4 koskee viel\u00e4 voimakkaammin vanhempia aikuisia. Monet heist\u00e4 haluavat edelleen kokea hauskaa el\u00e4kkeell\u00e4 ollessaan. Ja vaikka on olemassa paljon kypsi\u00e4 treffisivustoja, jotka on suunnattu el\u00e4kel\u00e4isille, mielest\u00e4mme my\u00f6s paikalliset kytkenn\u00e4t ovat loistava idea.<\/p>\n","protected":false},"excerpt":{"rendered":"<p>Etsitk\u00f6 hauskaa t\u00e4n\u00e4 iltana? Sitten olet tullut oikeaan paikkaan. Olemme t\u00e4\u00e4ll\u00e4 auttaaksemme sinua l\u00f6yt\u00e4m\u00e4\u00e4n t\u00e4ydellisen rennon p\u00e4iv\u00e4m\u00e4\u00e4r\u00e4si pikaruokailuun ja het-up-hauskanpitoon. Olipa kyseess\u00e4 vain illallinen ja juomat tai jotain vakavampaa, meill\u00e4 on varmasti ottelu sinulle. Sivustomme on t\u00e4ysin ilmainen k\u00e4ytt\u00e4\u00e4, ja j\u00e4senemme etsiv\u00e4t aina hauskaa. Jos haluat aloittaa jonkun erityisen l\u00f6yt\u00e4misen nyt, selaa profiilejamme ja rekister\u00f6idy &#8230; <a title=\"Etsitk\u00f6 seksi\u00e4\" class=\"read-more\" href=\"https:\/\/blowflyofficial.com\/fi\/etsitko-seksia\/\" aria-label=\"Lis\u00e4\u00e4 Etsitk\u00f6 seksi\u00e4\">Lue lis\u00e4\u00e4<\/a><\/p>\n","protected":false},"author":1,"featured_media":0,"parent":0,"menu_order":0,"comment_status":"closed","ping_status":"closed","template":"","meta":[],"yoast_head":"<!-- This site is optimized with the Yoast SEO plugin v17.7.1 - https:\/\/yoast.com\/wordpress\/plugins\/seo\/ -->\n<title>Etsitk\u00f6 seksi\u00e4 - Hookup-sijoitukset<\/title>\n<meta name=\"robots\" content=\"index, follow, max-snippet:-1, max-image-preview:large, max-video-preview:-1\" \/>\n<link rel=\"canonical\" href=\"https:\/\/blowflyofficial.com\/fi\/etsitko-seksia\/\" \/>\n<meta property=\"og:locale\" content=\"fi_FI\" \/>\n<meta property=\"og:type\" content=\"article\" \/>\n<meta property=\"og:title\" content=\"Etsitk\u00f6 seksi\u00e4 - Hookup-sijoitukset\" \/>\n<meta property=\"og:description\" content=\"Etsitk\u00f6 hauskaa t\u00e4n\u00e4 iltana? Sitten olet tullut oikeaan paikkaan. Olemme t\u00e4\u00e4ll\u00e4 auttaaksemme sinua l\u00f6yt\u00e4m\u00e4\u00e4n t\u00e4ydellisen rennon p\u00e4iv\u00e4m\u00e4\u00e4r\u00e4si pikaruokailuun ja het-up-hauskanpitoon. Olipa kyseess\u00e4 vain illallinen ja juomat tai jotain vakavampaa, meill\u00e4 on varmasti ottelu sinulle. Sivustomme on t\u00e4ysin ilmainen k\u00e4ytt\u00e4\u00e4, ja j\u00e4senemme etsiv\u00e4t aina hauskaa. Jos haluat aloittaa jonkun erityisen l\u00f6yt\u00e4misen nyt, selaa profiilejamme ja rekister\u00f6idy ... Lue lis\u00e4\u00e4\" \/>\n<meta property=\"og:url\" content=\"https:\/\/blowflyofficial.com\/fi\/etsitko-seksia\/\" \/>\n<meta property=\"og:site_name\" content=\"Hookup-sijoitukset\" \/>\n<meta name=\"twitter:card\" content=\"summary_large_image\" \/>\n<meta name=\"twitter:label1\" content=\"Arvioitu lukuaika\" \/>\n\t<meta name=\"twitter:data1\" content=\"2 minuuttia\" \/>\n<script type=\"application\/ld+json\" class=\"yoast-schema-graph\">{\"@context\":\"https:\/\/schema.org\",\"@graph\":[{\"@type\":\"WebSite\",\"@id\":\"http:\/\/blowflyofficial.com\/da\/#website\",\"url\":\"http:\/\/blowflyofficial.com\/da\/\",\"name\":\"Hookup-sijoitukset\",\"description\":\"Rento treffineuvonta\",\"potentialAction\":[{\"@type\":\"SearchAction\",\"target\":{\"@type\":\"EntryPoint\",\"urlTemplate\":\"http:\/\/blowflyofficial.com\/da\/?s={search_term_string}\"},\"query-input\":\"required name=search_term_string\"}],\"inLanguage\":\"fi\"},{\"@type\":\"WebPage\",\"@id\":\"https:\/\/blowflyofficial.com\/fi\/etsitko-seksia\/#webpage\",\"url\":\"https:\/\/blowflyofficial.com\/fi\/etsitko-seksia\/\",\"name\":\"Etsitk\\u00f6 seksi\\u00e4 - Hookup-sijoitukset\",\"isPartOf\":{\"@id\":\"http:\/\/blowflyofficial.com\/da\/#website\"},\"datePublished\":\"2022-08-30T12:50:50+00:00\",\"dateModified\":\"2022-08-30T12:50:50+00:00\",\"breadcrumb\":{\"@id\":\"https:\/\/blowflyofficial.com\/fi\/etsitko-seksia\/#breadcrumb\"},\"inLanguage\":\"fi\",\"potentialAction\":[{\"@type\":\"ReadAction\",\"target\":[\"https:\/\/blowflyofficial.com\/fi\/etsitko-seksia\/\"]}]},{\"@type\":\"BreadcrumbList\",\"@id\":\"https:\/\/blowflyofficial.com\/fi\/etsitko-seksia\/#breadcrumb\",\"itemListElement\":[{\"@type\":\"ListItem\",\"position\":1,\"name\":\"Home\",\"item\":\"https:\/\/blowflyofficial.com\/fi\/\"},{\"@type\":\"ListItem\",\"position\":2,\"name\":\"Etsitk\\u00f6 seksi\\u00e4\"}]}]}<\/script>\n<!-- \/ Yoast SEO plugin. -->","yoast_head_json":{"title":"Etsitk\u00f6 seksi\u00e4 - Hookup-sijoitukset","robots":{"index":"index","follow":"follow","max-snippet":"max-snippet:-1","max-image-preview":"max-image-preview:large","max-video-preview":"max-video-preview:-1"},"canonical":"https:\/\/blowflyofficial.com\/fi\/etsitko-seksia\/","og_locale":"fi_FI","og_type":"article","og_title":"Etsitk\u00f6 seksi\u00e4 - Hookup-sijoitukset","og_description":"Etsitk\u00f6 hauskaa t\u00e4n\u00e4 iltana? Sitten olet tullut oikeaan paikkaan. Olemme t\u00e4\u00e4ll\u00e4 auttaaksemme sinua l\u00f6yt\u00e4m\u00e4\u00e4n t\u00e4ydellisen rennon p\u00e4iv\u00e4m\u00e4\u00e4r\u00e4si pikaruokailuun ja het-up-hauskanpitoon. Olipa kyseess\u00e4 vain illallinen ja juomat tai jotain vakavampaa, meill\u00e4 on varmasti ottelu sinulle. Sivustomme on t\u00e4ysin ilmainen k\u00e4ytt\u00e4\u00e4, ja j\u00e4senemme etsiv\u00e4t aina hauskaa. Jos haluat aloittaa jonkun erityisen l\u00f6yt\u00e4misen nyt, selaa profiilejamme ja rekister\u00f6idy ... Lue lis\u00e4\u00e4","og_url":"https:\/\/blowflyofficial.com\/fi\/etsitko-seksia\/","og_site_name":"Hookup-sijoitukset","twitter_card":"summary_large_image","twitter_misc":{"Arvioitu lukuaika":"2 minuuttia"},"schema":{"@context":"https:\/\/schema.org","@graph":[{"@type":"WebSite","@id":"http:\/\/blowflyofficial.com\/da\/#website","url":"http:\/\/blowflyofficial.com\/da\/","name":"Hookup-sijoitukset","description":"Rento treffineuvonta","potentialAction":[{"@type":"SearchAction","target":{"@type":"EntryPoint","urlTemplate":"http:\/\/blowflyofficial.com\/da\/?s={search_term_string}"},"query-input":"required name=search_term_string"}],"inLanguage":"fi"},{"@type":"WebPage","@id":"https:\/\/blowflyofficial.com\/fi\/etsitko-seksia\/#webpage","url":"https:\/\/blowflyofficial.com\/fi\/etsitko-seksia\/","name":"Etsitk\u00f6 seksi\u00e4 - Hookup-sijoitukset","isPartOf":{"@id":"http:\/\/blowflyofficial.com\/da\/#website"},"datePublished":"2022-08-30T12:50:50+00:00","dateModified":"2022-08-30T12:50:50+00:00","breadcrumb":{"@id":"https:\/\/blowflyofficial.com\/fi\/etsitko-seksia\/#breadcrumb"},"inLanguage":"fi","potentialAction":[{"@type":"ReadAction","target":["https:\/\/blowflyofficial.com\/fi\/etsitko-seksia\/"]}]},{"@type":"BreadcrumbList","@id":"https:\/\/blowflyofficial.com\/fi\/etsitko-seksia\/#breadcrumb","itemListElement":[{"@type":"ListItem","position":1,"name":"Home","item":"https:\/\/blowflyofficial.com\/fi\/"},{"@type":"ListItem","position":2,"name":"Etsitk\u00f6 seksi\u00e4"}]}]}},"_links":{"self":[{"href":"https:\/\/blowflyofficial.com\/fi\/wp-json\/wp\/v2\/pages\/181"}],"collection":[{"href":"https:\/\/blowflyofficial.com\/fi\/wp-json\/wp\/v2\/pages"}],"about":[{"href":"https:\/\/blowflyofficial.com\/fi\/wp-json\/wp\/v2\/types\/page"}],"author":[{"embeddable":true,"href":"https:\/\/blowflyofficial.com\/fi\/wp-json\/wp\/v2\/users\/1"}],"replies":[{"embeddable":true,"href":"https:\/\/blowflyofficial.com\/fi\/wp-json\/wp\/v2\/comments?post=181"}],"version-history":[{"count":0,"href":"https:\/\/blowflyofficial.com\/fi\/wp-json\/wp\/v2\/pages\/181\/revisions"}],"wp:attachment":[{"href":"https:\/\/blowflyofficial.com\/fi\/wp-json\/wp\/v2\/media?parent=181"}],"curies":[{"name":"wp","href":"https:\/\/api.w.org\/{rel}","templated":true}]}}